{"id":5988,"date":"2025-04-24T02:05:34","date_gmt":"2025-04-24T02:05:34","guid":{"rendered":"https:\/\/www.kblmachinery.com\/?page_id=5988"},"modified":"2025-11-17T07:08:15","modified_gmt":"2025-11-17T07:08:15","slug":"faq","status":"publish","type":"page","link":"https:\/\/www.kblmachinery.com\/de\/faq\/","title":{"rendered":"FAQ"},"content":{"rendered":"<div class=\"path_bar\">\n        <div class=\"layout\">\n            <ul>\n                <li><a href=\"\/\">Startseite<\/a><\/li>\n                <!--\u9762\u5305\u5c51-->\n                    <li>\n                     <a href=\"\">FAQ<\/a><\/li>\n                <\/ul>\n        <\/div>\n    <\/div><h1 class=\"wp-block-heading has-text-align-center layout mt3 h20\" style=\"font-size:30px\">FAQ \u00fcber Blockmaschinen<\/h1><p class=\"has-text-align-center layout mb2 pa\">Hier finden Sie klare und zuverl\u00e4ssige Antworten auf die h\u00e4ufigsten Fragen zu unseren Betonsteinmaschinen, Betonproduktionslinien und unserem Kundendienst.\u00a0<a href=\"https:\/\/www.kblmachinery.com\/contact-us\/\">Kontakt<\/a>\u00a0um weitere Informationen zu erhalten.<\/p><div class=\"layout mb3\">\n     \n        <div class=\"accordion\">\n            <div class=\"accordion-item\">\n                <div class=\"accordion-header\">\n                    <h2>F1: Was sind unsere Vorteile?<\/h2>\n                    <span class=\"accordion-icon\">&#8211;<\/span>\n                <\/div>\n                <div class=\"accordion-content open\">\n                    <p class=\"pa\">A: Professionell\u00a0<a href=\"https:\/\/www.kblmachinery.com\/about-us\/\"><strong>Anbieter von Steinmaschinen<\/strong><\/a>\u00a0mit fast 30 Jahren Erfahrung in der Herstellung und 15 Jahren Erfahrung im Handel, haben unsere Produkte in \u00fcber 50 L\u00e4nder exportiert. Wir k\u00f6nnen moreprofessional Vorschlag von bieten\u00a0<a href=\"https:\/\/www.kblmachinery.com\/concrete-block-making-machine\/\"><strong>Betonsteinmaschine<\/strong><\/a>\u00a0und Installation, Schulung und Service f\u00fcr Sie.<\/p>\n                <\/div>\n            <\/div>\n            \n            <div class=\"accordion-item\">\n                <div class=\"accordion-header\">\n                    <h2>Q2: Welche Art von Produkten k\u00f6nnen wir liefern?<\/h2>\n                    <span class=\"accordion-icon\">+<\/span>\n                <\/div>\n                <div class=\"accordion-content\">\n                    <p class=\"pa\">A: Alle Ausr\u00fcstungen, die zu einer vollautomatischen oder halbautomatischen Produktionslinie f\u00fcr Betonsteine geh\u00f6ren, k\u00f6nnen geliefert werden, wie\u00a0<a href=\"https:\/\/www.kblmachinery.com\/concrete-block-making-machine\/\">Ziegelsteinmaschine<\/a>,\u00a0<a href=\"https:\/\/www.kblmachinery.com\/concrete-mixing-plant\/\">Betonmischer<\/a>,\u00a0<a href=\"https:\/\/www.kblmachinery.com\/concrete-batching-machine\/\">Dosiermaschine<\/a>,\u00a0<a href=\"https:\/\/www.kblmachinery.com\/block-palletizing-cuber\/\">Blockpalettierroboter<\/a>,\u00a0<a href=\"https:\/\/www.kblmachinery.com\/block-soaking-machine\/\">Blockeinweichmaschine<\/a>,\u00a0<a href=\"https:\/\/www.kblmachinery.com\/brick-packing-machine\/\">Ziegel-Verpackungsmaschine<\/a>Automatische Palettenzuf\u00fchrungsmaschine,\u00a0<a href=\"https:\/\/www.kblmachinery.com\/gmt-fiber-pallets\/\">GMT-Faserpaletten<\/a>\u00a0und\u00a0<a href=\"https:\/\/www.kblmachinery.com\/pvc-pallets\/\">PVC-Paletten<\/a>\u00a0usw.<\/p>\n                <\/div>\n            <\/div>\n            \n            <div class=\"accordion-item\">\n                <div class=\"accordion-header\">\n                    <h2>Q3: Wie kann man verschiedene Gr\u00f6\u00dfen und Formen von Ziegeln mit einer Maschine herstellen?<\/h2>\n                    <span class=\"accordion-icon\">+<\/span>\n                <\/div>\n                <div class=\"accordion-content\">\n                    <p class=\"pa\">A: Durch den Wechsel der Blockformen k\u00f6nnen Vollziegel, Pflastersteine, Bordsteine, Holow-Bl\u00f6cke, dekorative Bl\u00f6cke, Isolierbl\u00f6cke und andere nicht standardisierte Spezialprodukte hergestellt werden. Alle Blockformen k\u00f6nnen als Ziegeltypen und -gr\u00f6\u00dfen des lokalen Marktes des K\u00e4ufers angepasst werden.<\/p>\n                <\/div>\n            <\/div>\n            \n            <div class=\"accordion-item\">\n                <div class=\"accordion-header\">\n                    <h2>Q4: Wie sieht es mit dem Installationsservice aus?<\/h2>\n                    <span class=\"accordion-icon\">+<\/span>\n                <\/div>\n                <div class=\"accordion-content\">\n                    <p>A: Nach der Lieferung werden die Anlagen von unseren eigenen qualifizierten und erfahrenen Ingenieuren installiert und in Betrieb genommen.<\/p>\n                <\/div>\n            <\/div>\n            \n            <div class=\"accordion-item\">\n                <div class=\"accordion-header\">\n                    <h2>Q5: Wie sieht es mit dem Kundendienst aus?<\/h2>\n                    <span class=\"accordion-icon\">+<\/span>\n                <\/div>\n                <div class=\"accordion-content\">\n                    <p>A: W\u00e4hrend der ersten 1,5 Jahre liefern wir folgende Produkte kostenlos:<br>\n1. Ersatzteile f\u00fcr Maschinen und Ger\u00e4te (au\u00dfer Schnellverschlei\u00dfteile)<br>\n2. Reparatur von defekten Ger\u00e4ten (Konstruktion, Arbeitsablauf und Produktion)<\/p>\n                <\/div>\n            <\/div>\n        <\/div>\n    <\/div><style>\n  \n        .accordion {\n            width: 100%;\n        }\n\n        .accordion-item {\n            border-bottom: 1px solid #eaeaea;\n        }\n        \n        .accordion-header {\n            padding: 18px 20px;\n            background-color: #f8f9fa;\n            cursor: pointer;\n            display: flex;\n            justify-content: space-between;\n            align-items: center;\n            transition: background-color 0.3s ease;\n        }\n        \n        .accordion-header:hover {\n            background-color: #e9ecef;\n        }\n        \n        .accordion-header h2 {\n            font-size: 18px;\n            font-weight: 600;\n            color: #012f81;\n        }\n        \n        .accordion-icon {\n            font-size: 18px;\n            font-weight: bold;\n            color: #012f81;\n            width: 24px;\n            height: 24px;\n            display: flex;\n            justify-content: center;\n            align-items: center;\n            transition: transform 0.3s ease;\n        }\n        \n        .accordion-content {\n            max-height: 0;\n            overflow: hidden;\n            transition: max-height 0.4s ease;\n            background-color: white;\n        }\n           .accordion-content.open {\n            max-height: none; \/* \u79fb\u9664\u9ad8\u5ea6\u9650\u5236 *\/\n        }\n        .accordion-content p {\n            padding: 20px;\n            line-height: 1.6;\n            color: #555;\n        }\n        \n        \/* \u54cd\u5e94\u5f0f\u8bbe\u8ba1 *\/\n        @media (max-width: 600px) {\n           \n            .accordion-header {\n                padding: 15px;\n            }\n            \n            .accordion-header h3 {\n                font-size: 1rem;\n            }\n        }\n    <\/style><script>\n        document.addEventListener('DOMContentLoaded', function() {\n            const accordionHeaders = document.querySelectorAll('.accordion-header');\n            \n            accordionHeaders.forEach(header => {\n                header.addEventListener('click', function() {\n                    const accordionItem = this.parentElement;\n                    const accordionContent = this.nextElementSibling;\n                    const accordionIcon = this.querySelector('.accordion-icon');\n                    \n                    \/\/ \u68c0\u67e5\u5f53\u524d\u9879\u76ee\u662f\u5426\u5df2\u7ecf\u5c55\u5f00\n                    const isCurrentlyOpen = accordionContent.classList.contains('open');\n                    \n                    \/\/ \u5173\u95ed\u6240\u6709\u9879\u76ee\n                    document.querySelectorAll('.accordion-item').forEach(item => {\n                        const content = item.querySelector('.accordion-content');\n                        const icon = item.querySelector('.accordion-icon');\n                        content.classList.remove('open');\n                        content.style.maxHeight = null;\n                        icon.textContent = '+';\n                    });\n                    \n                    \/\/ \u5982\u679c\u70b9\u51fb\u7684\u9879\u76ee\u539f\u672c\u662f\u5173\u95ed\u7684\uff0c\u5c31\u5c55\u5f00\u5b83\n                    if (!isCurrentlyOpen) {\n                        accordionContent.classList.add('open');\n                        accordionContent.style.maxHeight = 'none';\n                        accordionIcon.textContent = '-';\n                    }\n                });\n            });\n        });\n    <\/script><style>\n.mt3{\nmargin-top:3%\n\n}\n.mb2{\nmargin-bottom:2%\n\n}\n.mb3{\nmargin-bottom:3%\n\n}\n\n<\/style><style>\n@media screen and (max-width:768px){\n .h20{\nfont-size:20px!important\n\n}\n\n\n\n}\n\n<\/style>","protected":false},"excerpt":{"rendered":"<p>Home FAQ FAQ about Block Machines Find clear, reliable answers to the most common questions about our block machines, concrete production lines, and after-sales support.\u00a0Contact us\u00a0to get more information. Q1: What are our advantages? &#8211; A: Professional\u00a0block machine supplier\u00a0with almost 30 vears manufacture experience, 15 vears trading experience, our products have been exporing to over [&hellip;]<\/p>","protected":false},"author":1,"featured_media":0,"parent":0,"menu_order":0,"comment_status":"closed","ping_status":"closed","template":"","meta":{"footnotes":""},"class_list":["post-5988","page","type-page","status-publish","hentry"],"yoast_head":"<!-- This site is optimized with the Yoast SEO plugin v24.4 - https:\/\/yoast.com\/wordpress\/plugins\/seo\/ -->\n<title>Kimberly Machinery FAQ \u2013 Block &amp; Brick Machine Answers<\/title>\n<meta name=\"description\" content=\"Get expert answers to common questions about Kimberly Machinery\u2019s block making machines, concrete brick production lines, and after\u2011sales support.\" \/>\n<meta name=\"robots\" content=\"index, follow, max-snippet:-1, max-image-preview:large, max-video-preview:-1\" \/>\n<link rel=\"canonical\" href=\"https:\/\/www.kblmachinery.com\/de\/faq\/\" \/>\n<meta property=\"og:locale\" content=\"de_DE\" \/>\n<meta property=\"og:type\" content=\"article\" \/>\n<meta property=\"og:title\" content=\"Kimberly Machinery FAQ \u2013 Block &amp; Brick Machine Answers\" \/>\n<meta property=\"og:description\" content=\"Get expert answers to common questions about Kimberly Machinery\u2019s block making machines, concrete brick production lines, and after\u2011sales support.\" \/>\n<meta property=\"og:url\" content=\"https:\/\/www.kblmachinery.com\/de\/faq\/\" \/>\n<meta property=\"og:site_name\" content=\"Kimberly Machinery\" \/>\n<meta property=\"article:publisher\" content=\"https:\/\/www.facebook.com\/KimberlyMachinery\" \/>\n<meta property=\"article:modified_time\" content=\"2025-11-17T07:08:15+00:00\" \/>\n<meta name=\"twitter:card\" content=\"summary_large_image\" \/>\n<meta name=\"twitter:label1\" content=\"Gesch\u00e4tzte Lesezeit\" \/>\n\t<meta name=\"twitter:data1\" content=\"2\u00a0Minuten\" \/>\n<script type=\"application\/ld+json\" class=\"yoast-schema-graph\">{\"@context\":\"https:\/\/schema.org\",\"@graph\":[{\"@type\":\"WebPage\",\"@id\":\"https:\/\/www.kblmachinery.com\/faq\/\",\"url\":\"https:\/\/www.kblmachinery.com\/faq\/\",\"name\":\"Kimberly Machinery FAQ \u2013 Block & Brick Machine Answers\",\"isPartOf\":{\"@id\":\"https:\/\/www.kblmachinery.com\/#website\"},\"datePublished\":\"2025-04-24T02:05:34+00:00\",\"dateModified\":\"2025-11-17T07:08:15+00:00\",\"description\":\"Get expert answers to common questions about Kimberly Machinery\u2019s block making machines, concrete brick production lines, and after\u2011sales support.\",\"breadcrumb\":{\"@id\":\"https:\/\/www.kblmachinery.com\/faq\/#breadcrumb\"},\"inLanguage\":\"de\",\"potentialAction\":[{\"@type\":\"ReadAction\",\"target\":[\"https:\/\/www.kblmachinery.com\/faq\/\"]}]},{\"@type\":\"BreadcrumbList\",\"@id\":\"https:\/\/www.kblmachinery.com\/faq\/#breadcrumb\",\"itemListElement\":[{\"@type\":\"ListItem\",\"position\":1,\"name\":\"Home\",\"item\":\"https:\/\/www.kblmachinery.com\/\"},{\"@type\":\"ListItem\",\"position\":2,\"name\":\"FAQ\"}]},{\"@type\":\"WebSite\",\"@id\":\"https:\/\/www.kblmachinery.com\/#website\",\"url\":\"https:\/\/www.kblmachinery.com\/\",\"name\":\"Professional Brick\/Block Making Machine in China\",\"description\":\"Block Machine Manufacturer - Kimberly Machinery\",\"publisher\":{\"@id\":\"https:\/\/www.kblmachinery.com\/#organization\"},\"potentialAction\":[{\"@type\":\"SearchAction\",\"target\":{\"@type\":\"EntryPoint\",\"urlTemplate\":\"https:\/\/www.kblmachinery.com\/?s={search_term_string}\"},\"query-input\":{\"@type\":\"PropertyValueSpecification\",\"valueRequired\":true,\"valueName\":\"search_term_string\"}}],\"inLanguage\":\"de\"},{\"@type\":\"Organization\",\"@id\":\"https:\/\/www.kblmachinery.com\/#organization\",\"name\":\"Quanzhou Kimberly Machinery Manufacturing Co. Ltd\",\"url\":\"https:\/\/www.kblmachinery.com\/\",\"logo\":{\"@type\":\"ImageObject\",\"inLanguage\":\"de\",\"@id\":\"https:\/\/www.kblmachinery.com\/#\/schema\/logo\/image\/\",\"url\":\"https:\/\/www.kblmachinery.com\/wp-content\/uploads\/2025\/11\/cropped-logo-1-1.png\",\"contentUrl\":\"https:\/\/www.kblmachinery.com\/wp-content\/uploads\/2025\/11\/cropped-logo-1-1.png\",\"width\":123,\"height\":136,\"caption\":\"Quanzhou Kimberly Machinery Manufacturing Co. Ltd\"},\"image\":{\"@id\":\"https:\/\/www.kblmachinery.com\/#\/schema\/logo\/image\/\"},\"sameAs\":[\"https:\/\/www.facebook.com\/KimberlyMachinery\"]}]}<\/script>\n<!-- \/ Yoast SEO plugin. -->","yoast_head_json":{"title":"Kimberly Machinery FAQ \u2013 Block & Brick Machine Answers","description":"Get expert answers to common questions about Kimberly Machinery\u2019s block making machines, concrete brick production lines, and after\u2011sales support.","robots":{"index":"index","follow":"follow","max-snippet":"max-snippet:-1","max-image-preview":"max-image-preview:large","max-video-preview":"max-video-preview:-1"},"canonical":"https:\/\/www.kblmachinery.com\/de\/faq\/","og_locale":"de_DE","og_type":"article","og_title":"Kimberly Machinery FAQ \u2013 Block & Brick Machine Answers","og_description":"Get expert answers to common questions about Kimberly Machinery\u2019s block making machines, concrete brick production lines, and after\u2011sales support.","og_url":"https:\/\/www.kblmachinery.com\/de\/faq\/","og_site_name":"Kimberly Machinery","article_publisher":"https:\/\/www.facebook.com\/KimberlyMachinery","article_modified_time":"2025-11-17T07:08:15+00:00","twitter_card":"summary_large_image","twitter_misc":{"Gesch\u00e4tzte Lesezeit":"2\u00a0Minuten"},"schema":{"@context":"https:\/\/schema.org","@graph":[{"@type":"WebPage","@id":"https:\/\/www.kblmachinery.com\/faq\/","url":"https:\/\/www.kblmachinery.com\/faq\/","name":"Kimberly Machinery FAQ \u2013 Block & Brick Machine Answers","isPartOf":{"@id":"https:\/\/www.kblmachinery.com\/#website"},"datePublished":"2025-04-24T02:05:34+00:00","dateModified":"2025-11-17T07:08:15+00:00","description":"Get expert answers to common questions about Kimberly Machinery\u2019s block making machines, concrete brick production lines, and after\u2011sales support.","breadcrumb":{"@id":"https:\/\/www.kblmachinery.com\/faq\/#breadcrumb"},"inLanguage":"de","potentialAction":[{"@type":"ReadAction","target":["https:\/\/www.kblmachinery.com\/faq\/"]}]},{"@type":"BreadcrumbList","@id":"https:\/\/www.kblmachinery.com\/faq\/#breadcrumb","itemListElement":[{"@type":"ListItem","position":1,"name":"Home","item":"https:\/\/www.kblmachinery.com\/"},{"@type":"ListItem","position":2,"name":"FAQ"}]},{"@type":"WebSite","@id":"https:\/\/www.kblmachinery.com\/#website","url":"https:\/\/www.kblmachinery.com\/","name":"Professional Brick\/Block Making Machine in China","description":"Block Machine Manufacturer - Kimberly Machinery","publisher":{"@id":"https:\/\/www.kblmachinery.com\/#organization"},"potentialAction":[{"@type":"SearchAction","target":{"@type":"EntryPoint","urlTemplate":"https:\/\/www.kblmachinery.com\/?s={search_term_string}"},"query-input":{"@type":"PropertyValueSpecification","valueRequired":true,"valueName":"search_term_string"}}],"inLanguage":"de"},{"@type":"Organization","@id":"https:\/\/www.kblmachinery.com\/#organization","name":"Quanzhou Kimberly Machinery Manufacturing Co. Ltd","url":"https:\/\/www.kblmachinery.com\/","logo":{"@type":"ImageObject","inLanguage":"de","@id":"https:\/\/www.kblmachinery.com\/#\/schema\/logo\/image\/","url":"https:\/\/www.kblmachinery.com\/wp-content\/uploads\/2025\/11\/cropped-logo-1-1.png","contentUrl":"https:\/\/www.kblmachinery.com\/wp-content\/uploads\/2025\/11\/cropped-logo-1-1.png","width":123,"height":136,"caption":"Quanzhou Kimberly Machinery Manufacturing Co. Ltd"},"image":{"@id":"https:\/\/www.kblmachinery.com\/#\/schema\/logo\/image\/"},"sameAs":["https:\/\/www.facebook.com\/KimberlyMachinery"]}]}},"_links":{"self":[{"href":"https:\/\/www.kblmachinery.com\/de\/wp-json\/wp\/v2\/pages\/5988","targetHints":{"allow":["GET"]}}],"collection":[{"href":"https:\/\/www.kblmachinery.com\/de\/wp-json\/wp\/v2\/pages"}],"about":[{"href":"https:\/\/www.kblmachinery.com\/de\/wp-json\/wp\/v2\/types\/page"}],"author":[{"embeddable":true,"href":"https:\/\/www.kblmachinery.com\/de\/wp-json\/wp\/v2\/users\/1"}],"replies":[{"embeddable":true,"href":"https:\/\/www.kblmachinery.com\/de\/wp-json\/wp\/v2\/comments?post=5988"}],"version-history":[{"count":21,"href":"https:\/\/www.kblmachinery.com\/de\/wp-json\/wp\/v2\/pages\/5988\/revisions"}],"predecessor-version":[{"id":11314,"href":"https:\/\/www.kblmachinery.com\/de\/wp-json\/wp\/v2\/pages\/5988\/revisions\/11314"}],"wp:attachment":[{"href":"https:\/\/www.kblmachinery.com\/de\/wp-json\/wp\/v2\/media?parent=5988"}],"curies":[{"name":"wp","href":"https:\/\/api.w.org\/{rel}","templated":true}]}}