{"id":8115,"date":"2024-08-17T05:04:00","date_gmt":"2024-08-17T05:04:00","guid":{"rendered":"https:\/\/www.kblmachinery.com\/?post_type=product&#038;p=8115"},"modified":"2025-11-28T07:53:43","modified_gmt":"2025-11-28T07:53:43","slug":"hourdi-moule-grass-stone-mold-eared-ceiling-block-for-concrete-brick-machine","status":"publish","type":"product","link":"https:\/\/www.kblmachinery.com\/de\/hourdi-moule-grass-stone-mold-eared-ceiling-block-for-concrete-brick-machine\/","title":{"rendered":"Hourdi Moule Gras Stein Form Eared Decke Block f\u00fcr konkrete Ziegel Maschine"},"content":{"rendered":"<div class=\"flex max-w-full flex-col flex-grow\">\n<div class=\"min-h-8 text-message relative flex w-full flex-col items-end gap-2 whitespace-normal break-words text-start [.text-message+&amp;]:mt-5\" dir=\"auto\" data-message-author-role=\"assistant\" data-message-id=\"4e93b2a2-1e28-452a-9647-86f8aed4227d\" data-message-model-slug=\"gpt-4o\">\n<div class=\"flex w-full flex-col gap-1 empty:hidden first:pt-[3px]\">\n<div class=\"markdown prose w-full break-words dark:prose-invert light\">\n<h2 data-start=\"0\" data-end=\"50\">Hourdi Gras Steinform f\u00fcr Betonziegel Maschine<\/h2>\n<\/div>\n<\/div>\n<\/div>\n<\/div>\n<h3>1. Block Typ:<\/h3>\n<p>We design and manufacture high-quality steel molds for producing interlocking paving stones, slabs, permeable paving stones, curbstones, retaining walls, hollow blocks, and other unique block types. We always adhere to our customers&#8217; specifications and offer new, innovative ideas to meet their needs.<\/p>\n<h3>2. Rohmaterial:<\/h3>\n<p>F\u00fcr die Herstellung unserer Betonsteinformen verwenden wir hochwertigen, verg\u00fcteten Stahl, der aus Italien importiert wird. Dieser Stahl wird zus\u00e4tzlich behandelt, um seine Abriebfestigkeit zu erh\u00f6hen und eine lange Lebensdauer zu gew\u00e4hrleisten.<\/p>\n<h3>3. Erfahrung in der Herstellung:<\/h3>\n<p>Mit fast 30 Jahren Erfahrung in der Herstellung beliefern wir Kunden auf der ganzen Welt. Durch die Kombination unseres Fachwissens mit hochwertigem Stahl gew\u00e4hrleisten wir die Lieferung erstklassiger Produkte an Kunden wie Masa, Hess, Zenith, Tiger, Bessel, Ritu und viele andere.<\/p>\n<h3>4. Anwendung:<\/h3>\n<p>Unsere Formen sind mit den meisten Steinfertigungsmaschinen weltweit kompatibel, darunter Marken wie Masa, Hess, Zenith, Tiger, Bessel, Ritu und andere.<\/p>\n<h2>Technische Form Tata<\/h2>\n<table class=\"tg\" style=\"border-collapse: collapse; border-spacing: 0px; height: 202px;\" width=\"100%\">\n<tbody>\n<tr>\n<td style=\"font-family: Arial, sans-serif; font-size: 14px; overflow: hidden; padding: 10px 5px; text-align: left; vertical-align: top; word-break: normal; border: 1px solid black;\">Name<\/td>\n<td style=\"font-family: Arial, sans-serif; font-size: 14px; overflow: hidden; padding: 10px 5px; text-align: left; vertical-align: top; word-break: normal; border: 1px solid black;\">Pflastersteinform<\/td>\n<td style=\"font-family: Arial, sans-serif; font-size: 14px; overflow: hidden; padding: 10px 5px; text-align: left; vertical-align: top; word-break: normal; border: 1px solid black;\">W\u00e4rmebehandlung<\/td>\n<td style=\"font-family: Arial, sans-serif; font-size: 14px; overflow: hidden; padding: 10px 5px; text-align: left; vertical-align: top; word-break: normal; border: 1px solid black;\">Karbonitrierung 900-950<span style=\"color: #555;\">\u00b0<\/span>C<\/td>\n<\/tr>\n<tr>\n<td style=\"font-family: Arial, sans-serif; font-size: 14px; overflow: hidden; padding: 10px 5px; text-align: left; vertical-align: top; word-break: normal; border: 1px solid black;\">Rohmaterial<\/td>\n<td style=\"font-family: Arial, sans-serif; font-size: 14px; overflow: hidden; padding: 10px 5px; text-align: left; vertical-align: top; word-break: normal; border: 1px solid black;\">besonders verschlei\u00dffester Stahl<\/td>\n<td style=\"font-family: Arial, sans-serif; font-size: 14px; overflow: hidden; padding: 10px 5px; text-align: left; vertical-align: top; word-break: normal; border: 1px solid black;\">H\u00e4rte<\/td>\n<td style=\"font-family: Arial, sans-serif; font-size: 14px; overflow: hidden; padding: 10px 5px; text-align: left; vertical-align: top; word-break: normal; border: 1px solid black;\">60-65HRC<\/td>\n<\/tr>\n<tr>\n<td style=\"font-family: Arial, sans-serif; font-size: 14px; overflow: hidden; padding: 10px 5px; text-align: left; vertical-align: top; word-break: normal; border: 1px solid black;\">Blocktyp<\/td>\n<td style=\"font-family: Arial, sans-serif; font-size: 14px; overflow: hidden; padding: 10px 5px; text-align: left; vertical-align: top; word-break: normal; border: 1px solid black;\">Hohlblocksteine, Verbundsteine, Pflastersteine und Bordsteinkanten k\u00f6nnen individuell angepasst werden.<\/td>\n<td style=\"font-family: Arial, sans-serif; font-size: 14px; overflow: hidden; padding: 10px 5px; text-align: left; vertical-align: top; word-break: normal; border: 1px solid black;\">HS-Code<\/td>\n<td style=\"font-family: Arial, sans-serif; font-size: 14px; overflow: hidden; padding: 10px 5px; text-align: left; vertical-align: top; word-break: normal; border: 1px solid black;\">848060<\/td>\n<\/tr>\n<tr>\n<td style=\"font-family: Arial, sans-serif; font-size: 14px; overflow: hidden; padding: 10px 5px; text-align: left; vertical-align: top; word-break: normal; border: 1px solid black;\">Lebenserwartung<\/td>\n<td style=\"font-family: Arial, sans-serif; font-size: 14px; overflow: hidden; padding: 10px 5px; text-align: left; vertical-align: top; word-break: normal; border: 1px solid black;\">100000-120000 Mal<\/td>\n<td style=\"font-family: Arial, sans-serif; font-size: 14px; overflow: hidden; padding: 10px 5px; text-align: left; vertical-align: top; word-break: normal; border: 1px solid black;\">Verpacken<\/td>\n<td style=\"font-family: Arial, sans-serif; font-size: 14px; overflow: hidden; padding: 10px 5px; text-align: left; vertical-align: top; word-break: normal; border: 1px solid black;\">Holz +Folie<\/td>\n<\/tr>\n<\/tbody>\n<\/table>\n<h2>FAQ<\/h2>\n<h3>1. Wie kann ich die Kostenvoranschl\u00e4ge erhalten?<\/h3>\n<p>A. Send us your detailed block drawings, and we&#8217;ll check and quote accordingly. B. Need specific block types? Share pictures and dimensions in mm: length, width, thickness. C. What are your pallet&#8217;s dimensions? D. Tell us about your tamper head size and mold height. E. How does your mold connect to the machine? Provide connection drawings if you have them. We&#8217;ll prepare your quote after receiving this info.<\/p>\n<h3>2. What&#8217;s the delivery time?<\/h3>\n<p>F\u00fcr gew\u00f6hnliche Formen sind 20-25 Arbeitstage nach Erhalt der Anzahlung zu veranschlagen; f\u00fcr hochwertige Formen werden 30-40 Arbeitstage ben\u00f6tigt.<\/p>\n<h3>3. Wie wird die Transportverpackung gehandhabt?<\/h3>\n<p>Die Verpackung erfolgt in Holzkisten mit Plastikfolie oder nach Ihren Vorgaben!<\/p>\n<h3>4. Wie lauten die Zahlungsbedingungen?<\/h3>\n<p>Um fortzufahren, ist eine Vorauszahlung von 50% per T\/T erforderlich, und der Restbetrag muss vor dem Versand beglichen werden.<\/p>\n<h3>5. Wie kann ich Sie kontaktieren?<\/h3>\n<p>Erreichen Sie uns \u00fcber WeChat\/WhatsApp: +86-1330506196 oder +86-18960287187. Vielen Dank!<\/p>\n<p><iframe loading=\"lazy\" title=\"ICF-Block Arbeitsvideo\" src=\"https:\/\/www.youtube.com\/embed\/czhs2wYoLZg\" width=\"556\" height=\"310\" frameborder=\"0\" allowfullscreen=\"allowfullscreen\"><\/iframe><\/p>","protected":false},"excerpt":{"rendered":"<ul>\n<li>Hohlblocksteine sind wichtige Baustoffe, die im Bauwesen verwendet werden.<\/li>\n<li>Ihre Gr\u00f6\u00dfen und Typen variieren je nach Wandspezifikationen und Einsatzort.<\/li>\n<li>Wir passen alle Formen an die spezifischen Anforderungen des lokalen Marktes des K\u00e4ufers an.<\/li>\n<\/ul>\n<table class=\"tg\" style=\"border-collapse: collapse; border-spacing: 0px; height: 267px;\" width=\"100%\">\n<tbody>\n<tr>\n<td style=\"font-family: Arial, sans-serif; font-size: 14px; overflow: hidden; padding: 10px 5px; text-align: left; vertical-align: top; word-break: normal; border: 1px solid black;\">Bestellung (MOQ) :<\/td>\n<td style=\"font-family: Arial, sans-serif; font-size: 14px; overflow: hidden; padding: 10px 5px; text-align: left; vertical-align: top; word-break: normal; border: 1px solid black;\">1 Satz<\/td>\n<\/tr>\n<tr>\n<td style=\"font-family: Arial, sans-serif; font-size: 14px; overflow: hidden; padding: 10px 5px; text-align: left; vertical-align: top; word-break: normal; border: 1px solid black;\">Bezahlung :<\/td>\n<td style=\"font-family: Arial, sans-serif; font-size: 14px; overflow: hidden; padding: 10px 5px; text-align: left; vertical-align: top; word-break: normal; border: 1px solid black;\">T\/T 100% Zahlung vor Versand oder 100% durch best\u00e4tigtes, unwiderrufliches Akkreditiv bei Sicht.<\/td>\n<\/tr>\n<tr>\n<td style=\"font-family: Arial, sans-serif; font-size: 14px; overflow: hidden; padding: 10px 5px; text-align: left; vertical-align: top; word-break: normal; border: 1px solid black;\">Produkt Herkunft :<\/td>\n<td style=\"font-family: Arial, sans-serif; font-size: 14px; overflow: hidden; padding: 10px 5px; text-align: left; vertical-align: top; word-break: normal; border: 1px solid black;\">Quanzhou Fujian<\/td>\n<\/tr>\n<tr>\n<td style=\"font-family: Arial, sans-serif; font-size: 14px; overflow: hidden; padding: 10px 5px; text-align: left; vertical-align: top; word-break: normal; border: 1px solid black;\">Farbe :<\/td>\n<td style=\"font-family: Arial, sans-serif; font-size: 14px; overflow: hidden; padding: 10px 5px; text-align: left; vertical-align: top; word-break: normal; border: 1px solid black;\">an den Bedarf anpassen<\/td>\n<\/tr>\n<tr>\n<td style=\"font-family: Arial, sans-serif; font-size: 14px; overflow: hidden; padding: 10px 5px; text-align: left; vertical-align: top; word-break: normal; border: 1px solid black;\">Verschiffungshafen:<\/td>\n<td style=\"font-family: Arial, sans-serif; font-size: 14px; overflow: hidden; padding: 10px 5px; text-align: left; vertical-align: top; word-break: normal; border: 1px solid black;\">Xiamen<\/td>\n<\/tr>\n<tr>\n<td style=\"font-family: Arial, sans-serif; font-size: 14px; overflow: hidden; padding: 10px 5px; text-align: left; vertical-align: top; word-break: normal; border: 1px solid black;\">Vorlaufzeit :<\/td>\n<td style=\"font-family: Arial, sans-serif; font-size: 14px; overflow: hidden; padding: 10px 5px; text-align: left; vertical-align: top; word-break: normal; border: 1px solid black;\">20-25 Tage<\/td>\n<\/tr>\n<\/tbody>\n<\/table>\n<p>&nbsp;<\/p>","protected":false},"featured_media":8116,"template":"","meta":[],"product_brand":[],"product_cat":[758,759],"product_tag":[],"class_list":{"0":"post-8115","1":"product","2":"type-product","3":"status-publish","4":"has-post-thumbnail","6":"product_cat-block-moulds","7":"product_cat-hollow-block-mould","9":"first","10":"instock","11":"shipping-taxable","12":"product-type-simple"},"yoast_head":"<!-- This site is optimized with the Yoast SEO plugin v24.4 - https:\/\/yoast.com\/wordpress\/plugins\/seo\/ -->\n<title>Hourdi Grass\u2011Stone &amp; Ceiling Block Moulds | Kimberly Machinery<\/title>\n<meta name=\"description\" content=\"Premium moulds for grass stones, hollow blocks and ceiling blocks. Durable, wear\u2011resistant and compatible with MASA, HESS, Zenith block machines.\" \/>\n<meta name=\"robots\" content=\"index, follow, max-snippet:-1, max-image-preview:large, max-video-preview:-1\" \/>\n<link rel=\"canonical\" href=\"https:\/\/www.kblmachinery.com\/de\/hourdi-moule-grass-stone-mold-eared-ceiling-block-for-concrete-brick-machine\/\" \/>\n<meta property=\"og:locale\" content=\"de_DE\" \/>\n<meta property=\"og:type\" content=\"article\" \/>\n<meta property=\"og:title\" content=\"Hourdi Grass\u2011Stone &amp; Ceiling Block Moulds | Kimberly Machinery\" \/>\n<meta property=\"og:description\" content=\"Premium moulds for grass stones, hollow blocks and ceiling blocks. Durable, wear\u2011resistant and compatible with MASA, HESS, Zenith block machines.\" \/>\n<meta property=\"og:url\" content=\"https:\/\/www.kblmachinery.com\/de\/hourdi-moule-grass-stone-mold-eared-ceiling-block-for-concrete-brick-machine\/\" \/>\n<meta property=\"og:site_name\" content=\"Kimberly Machinery\" \/>\n<meta property=\"article:publisher\" content=\"https:\/\/www.facebook.com\/KimberlyMachinery\" \/>\n<meta property=\"article:modified_time\" content=\"2025-11-28T07:53:43+00:00\" \/>\n<meta property=\"og:image\" content=\"https:\/\/www.kblmachinery.com\/wp-content\/uploads\/2025\/11\/Hourdi-Moule-Grass-Stone-Mold-Eared-Ceiling-Block-For-Concrete-Brick-Machine.webp\" \/>\n\t<meta property=\"og:image:width\" content=\"805\" \/>\n\t<meta property=\"og:image:height\" content=\"805\" \/>\n\t<meta property=\"og:image:type\" content=\"image\/webp\" \/>\n<meta name=\"twitter:card\" content=\"summary_large_image\" \/>\n<meta name=\"twitter:label1\" content=\"Gesch\u00e4tzte Lesezeit\" \/>\n\t<meta name=\"twitter:data1\" content=\"2\u00a0Minuten\" \/>\n<script type=\"application\/ld+json\" class=\"yoast-schema-graph\">{\"@context\":\"https:\/\/schema.org\",\"@graph\":[{\"@type\":\"WebPage\",\"@id\":\"https:\/\/www.kblmachinery.com\/hourdi-moule-grass-stone-mold-eared-ceiling-block-for-concrete-brick-machine\/\",\"url\":\"https:\/\/www.kblmachinery.com\/hourdi-moule-grass-stone-mold-eared-ceiling-block-for-concrete-brick-machine\/\",\"name\":\"Hourdi Grass\u2011Stone & Ceiling Block Moulds | Kimberly Machinery\",\"isPartOf\":{\"@id\":\"https:\/\/www.kblmachinery.com\/#website\"},\"primaryImageOfPage\":{\"@id\":\"https:\/\/www.kblmachinery.com\/hourdi-moule-grass-stone-mold-eared-ceiling-block-for-concrete-brick-machine\/#primaryimage\"},\"image\":{\"@id\":\"https:\/\/www.kblmachinery.com\/hourdi-moule-grass-stone-mold-eared-ceiling-block-for-concrete-brick-machine\/#primaryimage\"},\"thumbnailUrl\":\"https:\/\/www.kblmachinery.com\/wp-content\/uploads\/2025\/11\/Hourdi-Moule-Grass-Stone-Mold-Eared-Ceiling-Block-For-Concrete-Brick-Machine.webp\",\"datePublished\":\"2024-08-17T05:04:00+00:00\",\"dateModified\":\"2025-11-28T07:53:43+00:00\",\"description\":\"Premium moulds for grass stones, hollow blocks and ceiling blocks. Durable, wear\u2011resistant and compatible with MASA, HESS, Zenith block machines.\",\"breadcrumb\":{\"@id\":\"https:\/\/www.kblmachinery.com\/hourdi-moule-grass-stone-mold-eared-ceiling-block-for-concrete-brick-machine\/#breadcrumb\"},\"inLanguage\":\"de\",\"potentialAction\":[{\"@type\":\"ReadAction\",\"target\":[\"https:\/\/www.kblmachinery.com\/hourdi-moule-grass-stone-mold-eared-ceiling-block-for-concrete-brick-machine\/\"]}]},{\"@type\":\"ImageObject\",\"inLanguage\":\"de\",\"@id\":\"https:\/\/www.kblmachinery.com\/hourdi-moule-grass-stone-mold-eared-ceiling-block-for-concrete-brick-machine\/#primaryimage\",\"url\":\"https:\/\/www.kblmachinery.com\/wp-content\/uploads\/2025\/11\/Hourdi-Moule-Grass-Stone-Mold-Eared-Ceiling-Block-For-Concrete-Brick-Machine.webp\",\"contentUrl\":\"https:\/\/www.kblmachinery.com\/wp-content\/uploads\/2025\/11\/Hourdi-Moule-Grass-Stone-Mold-Eared-Ceiling-Block-For-Concrete-Brick-Machine.webp\",\"width\":805,\"height\":805,\"caption\":\"Grass Stone Mold\"},{\"@type\":\"BreadcrumbList\",\"@id\":\"https:\/\/www.kblmachinery.com\/hourdi-moule-grass-stone-mold-eared-ceiling-block-for-concrete-brick-machine\/#breadcrumb\",\"itemListElement\":[{\"@type\":\"ListItem\",\"position\":1,\"name\":\"Home\",\"item\":\"https:\/\/www.kblmachinery.com\/\"},{\"@type\":\"ListItem\",\"position\":2,\"name\":\"Hourdi Moule Grass Stone Mold Eared Ceiling Block For Concrete Brick Machine\"}]},{\"@type\":\"WebSite\",\"@id\":\"https:\/\/www.kblmachinery.com\/#website\",\"url\":\"https:\/\/www.kblmachinery.com\/\",\"name\":\"Professional Brick\/Block Making Machine in China\",\"description\":\"Block Machine Manufacturer - Kimberly Machinery\",\"publisher\":{\"@id\":\"https:\/\/www.kblmachinery.com\/#organization\"},\"potentialAction\":[{\"@type\":\"SearchAction\",\"target\":{\"@type\":\"EntryPoint\",\"urlTemplate\":\"https:\/\/www.kblmachinery.com\/?s={search_term_string}\"},\"query-input\":{\"@type\":\"PropertyValueSpecification\",\"valueRequired\":true,\"valueName\":\"search_term_string\"}}],\"inLanguage\":\"de\"},{\"@type\":\"Organization\",\"@id\":\"https:\/\/www.kblmachinery.com\/#organization\",\"name\":\"Quanzhou Kimberly Machinery Manufacturing Co. Ltd\",\"url\":\"https:\/\/www.kblmachinery.com\/\",\"logo\":{\"@type\":\"ImageObject\",\"inLanguage\":\"de\",\"@id\":\"https:\/\/www.kblmachinery.com\/#\/schema\/logo\/image\/\",\"url\":\"https:\/\/www.kblmachinery.com\/wp-content\/uploads\/2025\/11\/cropped-logo-1-1.png\",\"contentUrl\":\"https:\/\/www.kblmachinery.com\/wp-content\/uploads\/2025\/11\/cropped-logo-1-1.png\",\"width\":123,\"height\":136,\"caption\":\"Quanzhou Kimberly Machinery Manufacturing Co. Ltd\"},\"image\":{\"@id\":\"https:\/\/www.kblmachinery.com\/#\/schema\/logo\/image\/\"},\"sameAs\":[\"https:\/\/www.facebook.com\/KimberlyMachinery\"]}]}<\/script>\n<!-- \/ Yoast SEO plugin. -->","yoast_head_json":{"title":"Hourdi Grass\u2011Stone & Ceiling Block Moulds | Kimberly Machinery","description":"Premium moulds for grass stones, hollow blocks and ceiling blocks. Durable, wear\u2011resistant and compatible with MASA, HESS, Zenith block machines.","robots":{"index":"index","follow":"follow","max-snippet":"max-snippet:-1","max-image-preview":"max-image-preview:large","max-video-preview":"max-video-preview:-1"},"canonical":"https:\/\/www.kblmachinery.com\/de\/hourdi-moule-grass-stone-mold-eared-ceiling-block-for-concrete-brick-machine\/","og_locale":"de_DE","og_type":"article","og_title":"Hourdi Grass\u2011Stone & Ceiling Block Moulds | Kimberly Machinery","og_description":"Premium moulds for grass stones, hollow blocks and ceiling blocks. Durable, wear\u2011resistant and compatible with MASA, HESS, Zenith block machines.","og_url":"https:\/\/www.kblmachinery.com\/de\/hourdi-moule-grass-stone-mold-eared-ceiling-block-for-concrete-brick-machine\/","og_site_name":"Kimberly Machinery","article_publisher":"https:\/\/www.facebook.com\/KimberlyMachinery","article_modified_time":"2025-11-28T07:53:43+00:00","og_image":[{"width":805,"height":805,"url":"https:\/\/www.kblmachinery.com\/wp-content\/uploads\/2025\/11\/Hourdi-Moule-Grass-Stone-Mold-Eared-Ceiling-Block-For-Concrete-Brick-Machine.webp","type":"image\/webp"}],"twitter_card":"summary_large_image","twitter_misc":{"Gesch\u00e4tzte Lesezeit":"2\u00a0Minuten"},"schema":{"@context":"https:\/\/schema.org","@graph":[{"@type":"WebPage","@id":"https:\/\/www.kblmachinery.com\/hourdi-moule-grass-stone-mold-eared-ceiling-block-for-concrete-brick-machine\/","url":"https:\/\/www.kblmachinery.com\/hourdi-moule-grass-stone-mold-eared-ceiling-block-for-concrete-brick-machine\/","name":"Hourdi Grass\u2011Stone & Ceiling Block Moulds | Kimberly Machinery","isPartOf":{"@id":"https:\/\/www.kblmachinery.com\/#website"},"primaryImageOfPage":{"@id":"https:\/\/www.kblmachinery.com\/hourdi-moule-grass-stone-mold-eared-ceiling-block-for-concrete-brick-machine\/#primaryimage"},"image":{"@id":"https:\/\/www.kblmachinery.com\/hourdi-moule-grass-stone-mold-eared-ceiling-block-for-concrete-brick-machine\/#primaryimage"},"thumbnailUrl":"https:\/\/www.kblmachinery.com\/wp-content\/uploads\/2025\/11\/Hourdi-Moule-Grass-Stone-Mold-Eared-Ceiling-Block-For-Concrete-Brick-Machine.webp","datePublished":"2024-08-17T05:04:00+00:00","dateModified":"2025-11-28T07:53:43+00:00","description":"Premium moulds for grass stones, hollow blocks and ceiling blocks. Durable, wear\u2011resistant and compatible with MASA, HESS, Zenith block machines.","breadcrumb":{"@id":"https:\/\/www.kblmachinery.com\/hourdi-moule-grass-stone-mold-eared-ceiling-block-for-concrete-brick-machine\/#breadcrumb"},"inLanguage":"de","potentialAction":[{"@type":"ReadAction","target":["https:\/\/www.kblmachinery.com\/hourdi-moule-grass-stone-mold-eared-ceiling-block-for-concrete-brick-machine\/"]}]},{"@type":"ImageObject","inLanguage":"de","@id":"https:\/\/www.kblmachinery.com\/hourdi-moule-grass-stone-mold-eared-ceiling-block-for-concrete-brick-machine\/#primaryimage","url":"https:\/\/www.kblmachinery.com\/wp-content\/uploads\/2025\/11\/Hourdi-Moule-Grass-Stone-Mold-Eared-Ceiling-Block-For-Concrete-Brick-Machine.webp","contentUrl":"https:\/\/www.kblmachinery.com\/wp-content\/uploads\/2025\/11\/Hourdi-Moule-Grass-Stone-Mold-Eared-Ceiling-Block-For-Concrete-Brick-Machine.webp","width":805,"height":805,"caption":"Grass Stone Mold"},{"@type":"BreadcrumbList","@id":"https:\/\/www.kblmachinery.com\/hourdi-moule-grass-stone-mold-eared-ceiling-block-for-concrete-brick-machine\/#breadcrumb","itemListElement":[{"@type":"ListItem","position":1,"name":"Home","item":"https:\/\/www.kblmachinery.com\/"},{"@type":"ListItem","position":2,"name":"Hourdi Moule Grass Stone Mold Eared Ceiling Block For Concrete Brick Machine"}]},{"@type":"WebSite","@id":"https:\/\/www.kblmachinery.com\/#website","url":"https:\/\/www.kblmachinery.com\/","name":"Professional Brick\/Block Making Machine in China","description":"Block Machine Manufacturer - Kimberly Machinery","publisher":{"@id":"https:\/\/www.kblmachinery.com\/#organization"},"potentialAction":[{"@type":"SearchAction","target":{"@type":"EntryPoint","urlTemplate":"https:\/\/www.kblmachinery.com\/?s={search_term_string}"},"query-input":{"@type":"PropertyValueSpecification","valueRequired":true,"valueName":"search_term_string"}}],"inLanguage":"de"},{"@type":"Organization","@id":"https:\/\/www.kblmachinery.com\/#organization","name":"Quanzhou Kimberly Machinery Manufacturing Co. Ltd","url":"https:\/\/www.kblmachinery.com\/","logo":{"@type":"ImageObject","inLanguage":"de","@id":"https:\/\/www.kblmachinery.com\/#\/schema\/logo\/image\/","url":"https:\/\/www.kblmachinery.com\/wp-content\/uploads\/2025\/11\/cropped-logo-1-1.png","contentUrl":"https:\/\/www.kblmachinery.com\/wp-content\/uploads\/2025\/11\/cropped-logo-1-1.png","width":123,"height":136,"caption":"Quanzhou Kimberly Machinery Manufacturing Co. Ltd"},"image":{"@id":"https:\/\/www.kblmachinery.com\/#\/schema\/logo\/image\/"},"sameAs":["https:\/\/www.facebook.com\/KimberlyMachinery"]}]}},"_links":{"self":[{"href":"https:\/\/www.kblmachinery.com\/de\/wp-json\/wp\/v2\/product\/8115","targetHints":{"allow":["GET"]}}],"collection":[{"href":"https:\/\/www.kblmachinery.com\/de\/wp-json\/wp\/v2\/product"}],"about":[{"href":"https:\/\/www.kblmachinery.com\/de\/wp-json\/wp\/v2\/types\/product"}],"wp:featuredmedia":[{"embeddable":true,"href":"https:\/\/www.kblmachinery.com\/de\/wp-json\/wp\/v2\/media\/8116"}],"wp:attachment":[{"href":"https:\/\/www.kblmachinery.com\/de\/wp-json\/wp\/v2\/media?parent=8115"}],"wp:term":[{"taxonomy":"product_brand","embeddable":true,"href":"https:\/\/www.kblmachinery.com\/de\/wp-json\/wp\/v2\/product_brand?post=8115"},{"taxonomy":"product_cat","embeddable":true,"href":"https:\/\/www.kblmachinery.com\/de\/wp-json\/wp\/v2\/product_cat?post=8115"},{"taxonomy":"product_tag","embeddable":true,"href":"https:\/\/www.kblmachinery.com\/de\/wp-json\/wp\/v2\/product_tag?post=8115"}],"curies":[{"name":"wp","href":"https:\/\/api.w.org\/{rel}","templated":true}]}}