{"id":8150,"date":"2024-08-17T05:50:00","date_gmt":"2024-08-17T05:50:00","guid":{"rendered":"https:\/\/www.kblmachinery.com\/?post_type=product&#038;p=8150"},"modified":"2025-11-28T07:40:11","modified_gmt":"2025-11-28T07:40:11","slug":"china-block-mold-manufacturer-paver-interlock-curbstone-mould-insulated-hollow-block-mould","status":"publish","type":"product","link":"https:\/\/www.kblmachinery.com\/de\/china-block-mold-manufacturer-paver-interlock-curbstone-mould-insulated-hollow-block-mould\/","title":{"rendered":"China Block Form Hersteller Pflasterstein Interlock Bordstein Form isoliert hohlen Block Form"},"content":{"rendered":"<h2>China Hersteller von Pflasterstein-, Interlock-, Bordstein- und isolierten Hohlblockformen<\/h2>\n<h3>1.Block Typ:<\/h3>\n<p>Wir entwerfen und fertigen hochwertige Stahlformen zur Herstellung von Verbundpflaster, Platten, durchl\u00e4ssigen Pflastersteinen, Bordsteinen, St\u00fctzmauern, Hohlblocksteinen und Spezialsteinen. Wir erf\u00fcllen stets die Anforderungen unserer Kunden und bieten frische und innovative Ideen.<\/p>\n<h3>2. rohstoff:<\/h3>\n<p>Wir stellen Betonsteinformen aus hochwertigem, verg\u00fctetem Stahl her, der aus Italien importiert wird. Durch die W\u00e4rmebehandlung wird der Stahl weiter verbessert, so dass er noch abriebfester wird.<\/p>\n<h3>3. Erfahrung in der Fertigung:<\/h3>\n<p>Mit fast 30 Jahren Erfahrung in der Herstellung bedienen wir Kunden aus vielen L\u00e4ndern. Wir kombinieren unser Fachwissen mit Qualit\u00e4tsstahl, um sicherzustellen, dass jeder K\u00e4ufer hochwertige Produkte erh\u00e4lt.<\/p>\n<h2>Technische Spezifikationen unserer Formen<\/h2>\n<table class=\"tg\" style=\"border-collapse: collapse; border-spacing: 0px; height: 188px;\" width=\"100%\">\n<tbody>\n<tr>\n<td style=\"font-family: Arial, sans-serif; font-size: 14px; overflow: hidden; padding: 10px 5px; text-align: left; vertical-align: top; word-break: normal; border: 1px solid black;\">Name<\/td>\n<td style=\"font-family: Arial, sans-serif; font-size: 14px; overflow: hidden; padding: 10px 5px; text-align: left; vertical-align: top; word-break: normal; border: 1px solid black;\">Hohlblocksteinform<\/td>\n<td style=\"font-family: Arial, sans-serif; font-size: 14px; overflow: hidden; padding: 10px 5px; text-align: left; vertical-align: top; word-break: normal; border: 1px solid black;\">W\u00e4rmebehandlung<\/td>\n<td style=\"font-family: Arial, sans-serif; font-size: 14px; overflow: hidden; padding: 10px 5px; text-align: left; vertical-align: top; word-break: normal; border: 1px solid black;\">Karbonitrierung 900-950<span style=\"color: #555;\">\u00b0<\/span>C<\/td>\n<\/tr>\n<tr>\n<td style=\"font-family: Arial, sans-serif; font-size: 14px; overflow: hidden; padding: 10px 5px; text-align: left; vertical-align: top; word-break: normal; border: 1px solid black;\">Rohmaterial<\/td>\n<td style=\"font-family: Arial, sans-serif; font-size: 14px; overflow: hidden; padding: 10px 5px; text-align: left; vertical-align: top; word-break: normal; border: 1px solid black;\">besonders verschlei\u00dffester Stahl<\/td>\n<td style=\"font-family: Arial, sans-serif; font-size: 14px; overflow: hidden; padding: 10px 5px; text-align: left; vertical-align: top; word-break: normal; border: 1px solid black;\">H\u00e4rte<\/td>\n<td style=\"font-family: Arial, sans-serif; font-size: 14px; overflow: hidden; padding: 10px 5px; text-align: left; vertical-align: top; word-break: normal; border: 1px solid black;\">60-65HRC<\/td>\n<\/tr>\n<tr>\n<td style=\"font-family: Arial, sans-serif; font-size: 14px; overflow: hidden; padding: 10px 5px; text-align: left; vertical-align: top; word-break: normal; border: 1px solid black;\">Blocktyp<\/td>\n<td style=\"font-family: Arial, sans-serif; font-size: 14px; overflow: hidden; padding: 10px 5px; text-align: left; vertical-align: top; word-break: normal; border: 1px solid black;\">Hohlblocksteine, Verbundsteine, Pflastersteine und Bordsteinkanten k\u00f6nnen individuell angepasst werden.<\/td>\n<td style=\"font-family: Arial, sans-serif; font-size: 14px; overflow: hidden; padding: 10px 5px; text-align: left; vertical-align: top; word-break: normal; border: 1px solid black;\">HS-Code<\/td>\n<td style=\"font-family: Arial, sans-serif; font-size: 14px; overflow: hidden; padding: 10px 5px; text-align: left; vertical-align: top; word-break: normal; border: 1px solid black;\">848060<\/td>\n<\/tr>\n<tr>\n<td style=\"font-family: Arial, sans-serif; font-size: 14px; overflow: hidden; padding: 10px 5px; text-align: left; vertical-align: top; word-break: normal; border: 1px solid black;\">Lebenserwartung<\/td>\n<td style=\"font-family: Arial, sans-serif; font-size: 14px; overflow: hidden; padding: 10px 5px; text-align: left; vertical-align: top; word-break: normal; border: 1px solid black;\">100000-120000 Mal<\/td>\n<td style=\"font-family: Arial, sans-serif; font-size: 14px; overflow: hidden; padding: 10px 5px; text-align: left; vertical-align: top; word-break: normal; border: 1px solid black;\">Verpacken<\/td>\n<td style=\"font-family: Arial, sans-serif; font-size: 14px; overflow: hidden; padding: 10px 5px; text-align: left; vertical-align: top; word-break: normal; border: 1px solid black;\">Holz +Folie<\/td>\n<\/tr>\n<\/tbody>\n<\/table>\n<h2>FAQ<\/h2>\n<h3>Wie kann ich die Angebote erhalten?<\/h3>\n<ul>\n<li>Wenn Sie detaillierte Zeichnungen des von Ihnen ben\u00f6tigten Blocks haben, k\u00f6nnen Sie uns diese zur Pr\u00fcfung zusenden, und wir werden Ihnen auf dieser Grundlage ein Angebot unterbreiten.<\/li>\n<li>Wenn Sie keine detaillierten Zeichnungen haben, teilen Sie uns mit, welche Art von Block Sie ben\u00f6tigen, z. B. Hohlblocksteine oder Vollblocksteine, und senden Sie uns ein Bild des Blocks zusammen mit seinen Abmessungen in mm (L\u00e4nge, Breite, Dicke).<\/li>\n<li>Geben Sie die Gr\u00f6\u00dfe Ihrer Palette an.<\/li>\n<li>Geben Sie die Gr\u00f6\u00dfe Ihres Stempelkopfes und die H\u00f6he Ihrer Gie\u00dfform an.<\/li>\n<li>Erl\u00e4utern Sie, wie Ihre Form mit Ihrer Maschine verbunden ist. Wenn Sie eine Zeichnung der Verbindung haben, schicken Sie diese bitte mit.<\/li>\n<\/ul>\n<p>Sobald wir Ihre Informationen erhalten haben, werden wir Ihnen so schnell wie m\u00f6glich ein Angebot unterbreiten.<\/p>\n<h3>Wie lange ist die Lieferzeit?<\/h3>\n<p>Nach Erhalt der Anzahlung ben\u00f6tigen gew\u00f6hnliche Blockformen 20-25 Arbeitstage, w\u00e4hrend High-End-Blockformen 30-40 Arbeitstage in Anspruch nehmen.<\/p>\n<h3>Wird die neue Form mit meiner Maschine kompatibel sein?<\/h3>\n<p>We manufacture molds for various block machine brands and keep related records, so some molds may already suit your machine.<\/p>\n<p>Bei Bedarf k\u00f6nnen Sie einen Ingenieur einladen, um Messungen vorzunehmen, oder wir k\u00f6nnen Sie anleiten, Fotos und Messungen digital zu \u00fcbermitteln, wie es viele Kunden tun.<\/p>\n<p>Nach der Best\u00e4tigung der Gr\u00f6\u00dfe, wird die Form, die wir senden, perfekt auf Ihre Maschine passen, also keine Sorge!<\/p>\n<h3>Wie lauten die Zahlungsbedingungen?<\/h3>\n<p>Um Ihre Bestellung abzuschlie\u00dfen, zahlen Sie 50% im Voraus per T\/T, und der Restbetrag muss vor dem Verladen bezahlt werden.<\/p>\n<h3>Wie kann ich Sie kontaktieren?<\/h3>\n<p>Sie erreichen uns \u00fcber WeChat\/WhatsApp unter +86-1330506196 oder +86-18960287187. Wir danken Ihnen!<\/p>\n<p><iframe loading=\"lazy\" title=\"ICF-Block Arbeitsvideo\" src=\"https:\/\/www.youtube.com\/embed\/czhs2wYoLZg\" width=\"556\" height=\"310\" frameborder=\"0\" allowfullscreen=\"allowfullscreen\"><\/iframe><\/p>","protected":false},"excerpt":{"rendered":"<p>Fast 30 Jahre Erfahrung in der Herstellung von Betonsteinformen; Optionen f\u00fcr 80.000 oder 120.000 Zyklen; H\u00e4rte bis zu 62\u00b0 nach der W\u00e4rmebehandlung<\/p>\n<table class=\"tg\" style=\"border-collapse: collapse; border-spacing: 0px; height: 257px;\" width=\"100%\">\n<tbody>\n<tr>\n<td style=\"font-family: Arial, sans-serif; font-size: 14px; overflow: hidden; padding: 10px 5px; text-align: left; vertical-align: top; word-break: normal; border: 1px solid black;\">Bestellung (MOQ) :<\/td>\n<td style=\"font-family: Arial, sans-serif; font-size: 14px; overflow: hidden; padding: 10px 5px; text-align: left; vertical-align: top; word-break: normal; border: 1px solid black;\">1 Satz<\/td>\n<\/tr>\n<tr>\n<td style=\"font-family: Arial, sans-serif; font-size: 14px; overflow: hidden; padding: 10px 5px; text-align: left; vertical-align: top; word-break: normal; border: 1px solid black;\">Bezahlung :<\/td>\n<td style=\"font-family: Arial, sans-serif; font-size: 14px; overflow: hidden; padding: 10px 5px; text-align: left; vertical-align: top; word-break: normal; border: 1px solid black;\">T\/T 100% Zahlung vor Versand oder 100% durch best\u00e4tigtes, unwiderrufliches Akkreditiv bei Sicht.<\/td>\n<\/tr>\n<tr>\n<td style=\"font-family: Arial, sans-serif; font-size: 14px; overflow: hidden; padding: 10px 5px; text-align: left; vertical-align: top; word-break: normal; border: 1px solid black;\">Produkt Herkunft :<\/td>\n<td style=\"font-family: Arial, sans-serif; font-size: 14px; overflow: hidden; padding: 10px 5px; text-align: left; vertical-align: top; word-break: normal; border: 1px solid black;\">Quanzhou Fujian<\/td>\n<\/tr>\n<tr>\n<td style=\"font-family: Arial, sans-serif; font-size: 14px; overflow: hidden; padding: 10px 5px; text-align: left; vertical-align: top; word-break: normal; border: 1px solid black;\">Farbe :<\/td>\n<td style=\"font-family: Arial, sans-serif; font-size: 14px; overflow: hidden; padding: 10px 5px; text-align: left; vertical-align: top; word-break: normal; border: 1px solid black;\">an den Bedarf anpassen<\/td>\n<\/tr>\n<tr>\n<td style=\"font-family: Arial, sans-serif; font-size: 14px; overflow: hidden; padding: 10px 5px; text-align: left; vertical-align: top; word-break: normal; border: 1px solid black;\">Verschiffungshafen:<\/td>\n<td style=\"font-family: Arial, sans-serif; font-size: 14px; overflow: hidden; padding: 10px 5px; text-align: left; vertical-align: top; word-break: normal; border: 1px solid black;\">Xiamen<\/td>\n<\/tr>\n<tr>\n<td style=\"font-family: Arial, sans-serif; font-size: 14px; overflow: hidden; padding: 10px 5px; text-align: left; vertical-align: top; word-break: normal; border: 1px solid black;\">Vorlaufzeit :<\/td>\n<td style=\"font-family: Arial, sans-serif; font-size: 14px; overflow: hidden; padding: 10px 5px; text-align: left; vertical-align: top; word-break: normal; border: 1px solid black;\">20-25 Tage<\/td>\n<\/tr>\n<\/tbody>\n<\/table>\n<p>&nbsp;<\/p>","protected":false},"featured_media":8151,"template":"","meta":[],"product_brand":[],"product_cat":[758,762],"product_tag":[],"class_list":{"0":"post-8150","1":"product","2":"type-product","3":"status-publish","4":"has-post-thumbnail","6":"product_cat-block-moulds","7":"product_cat-interlocking-brick-mold","9":"first","10":"instock","11":"shipping-taxable","12":"product-type-simple"},"yoast_head":"<!-- This site is optimized with the Yoast SEO plugin v24.4 - https:\/\/yoast.com\/wordpress\/plugins\/seo\/ -->\n<title>Block Mold &amp; Paver Curbstone Mould Manufacturer \u2013 Kimberly Machinery<\/title>\n<meta name=\"description\" content=\"Kimberly Machinery is a leading block mold manufacturer offering high-quality insulated hollow block moulds for pavers, curbstones, and concrete blocks. Learn about our durable, precision-engineered mould solutions \u2014 ideal for construction suppliers and builders.\" \/>\n<meta name=\"robots\" content=\"index, follow, max-snippet:-1, max-image-preview:large, max-video-preview:-1\" \/>\n<link rel=\"canonical\" href=\"https:\/\/www.kblmachinery.com\/de\/china-block-mold-manufacturer-paver-interlock-curbstone-mould-insulated-hollow-block-mould\/\" \/>\n<meta property=\"og:locale\" content=\"de_DE\" \/>\n<meta property=\"og:type\" content=\"article\" \/>\n<meta property=\"og:title\" content=\"Block Mold &amp; Paver Curbstone Mould Manufacturer \u2013 Kimberly Machinery\" \/>\n<meta property=\"og:description\" content=\"Kimberly Machinery is a leading block mold manufacturer offering high-quality insulated hollow block moulds for pavers, curbstones, and concrete blocks. Learn about our durable, precision-engineered mould solutions \u2014 ideal for construction suppliers and builders.\" \/>\n<meta property=\"og:url\" content=\"https:\/\/www.kblmachinery.com\/de\/china-block-mold-manufacturer-paver-interlock-curbstone-mould-insulated-hollow-block-mould\/\" \/>\n<meta property=\"og:site_name\" content=\"Kimberly Machinery\" \/>\n<meta property=\"article:publisher\" content=\"https:\/\/www.facebook.com\/KimberlyMachinery\" \/>\n<meta property=\"article:modified_time\" content=\"2025-11-28T07:40:11+00:00\" \/>\n<meta property=\"og:image\" content=\"https:\/\/www.kblmachinery.com\/wp-content\/uploads\/2025\/11\/China-Block-Mold-Manufacturer-Paver-Interlock-Curbstone-Mould-Insulated-Hollow-Block-Mould.webp\" \/>\n\t<meta property=\"og:image:width\" content=\"800\" \/>\n\t<meta property=\"og:image:height\" content=\"800\" \/>\n\t<meta property=\"og:image:type\" content=\"image\/webp\" \/>\n<meta name=\"twitter:card\" content=\"summary_large_image\" \/>\n<meta name=\"twitter:label1\" content=\"Gesch\u00e4tzte Lesezeit\" \/>\n\t<meta name=\"twitter:data1\" content=\"2\u00a0Minuten\" \/>\n<script type=\"application\/ld+json\" class=\"yoast-schema-graph\">{\"@context\":\"https:\/\/schema.org\",\"@graph\":[{\"@type\":\"WebPage\",\"@id\":\"https:\/\/www.kblmachinery.com\/china-block-mold-manufacturer-paver-interlock-curbstone-mould-insulated-hollow-block-mould\/\",\"url\":\"https:\/\/www.kblmachinery.com\/china-block-mold-manufacturer-paver-interlock-curbstone-mould-insulated-hollow-block-mould\/\",\"name\":\"Block Mold & Paver Curbstone Mould Manufacturer \u2013 Kimberly Machinery\",\"isPartOf\":{\"@id\":\"https:\/\/www.kblmachinery.com\/#website\"},\"primaryImageOfPage\":{\"@id\":\"https:\/\/www.kblmachinery.com\/china-block-mold-manufacturer-paver-interlock-curbstone-mould-insulated-hollow-block-mould\/#primaryimage\"},\"image\":{\"@id\":\"https:\/\/www.kblmachinery.com\/china-block-mold-manufacturer-paver-interlock-curbstone-mould-insulated-hollow-block-mould\/#primaryimage\"},\"thumbnailUrl\":\"https:\/\/www.kblmachinery.com\/wp-content\/uploads\/2025\/11\/China-Block-Mold-Manufacturer-Paver-Interlock-Curbstone-Mould-Insulated-Hollow-Block-Mould.webp\",\"datePublished\":\"2024-08-17T05:50:00+00:00\",\"dateModified\":\"2025-11-28T07:40:11+00:00\",\"description\":\"Kimberly Machinery is a leading block mold manufacturer offering high-quality insulated hollow block moulds for pavers, curbstones, and concrete blocks. Learn about our durable, precision-engineered mould solutions \u2014 ideal for construction suppliers and builders.\",\"breadcrumb\":{\"@id\":\"https:\/\/www.kblmachinery.com\/china-block-mold-manufacturer-paver-interlock-curbstone-mould-insulated-hollow-block-mould\/#breadcrumb\"},\"inLanguage\":\"de\",\"potentialAction\":[{\"@type\":\"ReadAction\",\"target\":[\"https:\/\/www.kblmachinery.com\/china-block-mold-manufacturer-paver-interlock-curbstone-mould-insulated-hollow-block-mould\/\"]}]},{\"@type\":\"ImageObject\",\"inLanguage\":\"de\",\"@id\":\"https:\/\/www.kblmachinery.com\/china-block-mold-manufacturer-paver-interlock-curbstone-mould-insulated-hollow-block-mould\/#primaryimage\",\"url\":\"https:\/\/www.kblmachinery.com\/wp-content\/uploads\/2025\/11\/China-Block-Mold-Manufacturer-Paver-Interlock-Curbstone-Mould-Insulated-Hollow-Block-Mould.webp\",\"contentUrl\":\"https:\/\/www.kblmachinery.com\/wp-content\/uploads\/2025\/11\/China-Block-Mold-Manufacturer-Paver-Interlock-Curbstone-Mould-Insulated-Hollow-Block-Mould.webp\",\"width\":800,\"height\":800,\"caption\":\"China Block Mold Manufacturer Paver Interlock Curbstone Mould Insulated Hollow Block Mould\"},{\"@type\":\"BreadcrumbList\",\"@id\":\"https:\/\/www.kblmachinery.com\/china-block-mold-manufacturer-paver-interlock-curbstone-mould-insulated-hollow-block-mould\/#breadcrumb\",\"itemListElement\":[{\"@type\":\"ListItem\",\"position\":1,\"name\":\"Home\",\"item\":\"https:\/\/www.kblmachinery.com\/\"},{\"@type\":\"ListItem\",\"position\":2,\"name\":\"China Block Mold Manufacturer Paver Interlock Curbstone Mould Insulated Hollow Block Mould\"}]},{\"@type\":\"WebSite\",\"@id\":\"https:\/\/www.kblmachinery.com\/#website\",\"url\":\"https:\/\/www.kblmachinery.com\/\",\"name\":\"Professional Brick\/Block Making Machine in China\",\"description\":\"Block Machine Manufacturer - Kimberly Machinery\",\"publisher\":{\"@id\":\"https:\/\/www.kblmachinery.com\/#organization\"},\"potentialAction\":[{\"@type\":\"SearchAction\",\"target\":{\"@type\":\"EntryPoint\",\"urlTemplate\":\"https:\/\/www.kblmachinery.com\/?s={search_term_string}\"},\"query-input\":{\"@type\":\"PropertyValueSpecification\",\"valueRequired\":true,\"valueName\":\"search_term_string\"}}],\"inLanguage\":\"de\"},{\"@type\":\"Organization\",\"@id\":\"https:\/\/www.kblmachinery.com\/#organization\",\"name\":\"Quanzhou Kimberly Machinery Manufacturing Co. Ltd\",\"url\":\"https:\/\/www.kblmachinery.com\/\",\"logo\":{\"@type\":\"ImageObject\",\"inLanguage\":\"de\",\"@id\":\"https:\/\/www.kblmachinery.com\/#\/schema\/logo\/image\/\",\"url\":\"https:\/\/www.kblmachinery.com\/wp-content\/uploads\/2025\/11\/cropped-logo-1-1.png\",\"contentUrl\":\"https:\/\/www.kblmachinery.com\/wp-content\/uploads\/2025\/11\/cropped-logo-1-1.png\",\"width\":123,\"height\":136,\"caption\":\"Quanzhou Kimberly Machinery Manufacturing Co. Ltd\"},\"image\":{\"@id\":\"https:\/\/www.kblmachinery.com\/#\/schema\/logo\/image\/\"},\"sameAs\":[\"https:\/\/www.facebook.com\/KimberlyMachinery\"]}]}<\/script>\n<!-- \/ Yoast SEO plugin. -->","yoast_head_json":{"title":"Block Mold & Paver Curbstone Mould Manufacturer \u2013 Kimberly Machinery","description":"Kimberly Machinery is a leading block mold manufacturer offering high-quality insulated hollow block moulds for pavers, curbstones, and concrete blocks. Learn about our durable, precision-engineered mould solutions \u2014 ideal for construction suppliers and builders.","robots":{"index":"index","follow":"follow","max-snippet":"max-snippet:-1","max-image-preview":"max-image-preview:large","max-video-preview":"max-video-preview:-1"},"canonical":"https:\/\/www.kblmachinery.com\/de\/china-block-mold-manufacturer-paver-interlock-curbstone-mould-insulated-hollow-block-mould\/","og_locale":"de_DE","og_type":"article","og_title":"Block Mold & Paver Curbstone Mould Manufacturer \u2013 Kimberly Machinery","og_description":"Kimberly Machinery is a leading block mold manufacturer offering high-quality insulated hollow block moulds for pavers, curbstones, and concrete blocks. Learn about our durable, precision-engineered mould solutions \u2014 ideal for construction suppliers and builders.","og_url":"https:\/\/www.kblmachinery.com\/de\/china-block-mold-manufacturer-paver-interlock-curbstone-mould-insulated-hollow-block-mould\/","og_site_name":"Kimberly Machinery","article_publisher":"https:\/\/www.facebook.com\/KimberlyMachinery","article_modified_time":"2025-11-28T07:40:11+00:00","og_image":[{"width":800,"height":800,"url":"https:\/\/www.kblmachinery.com\/wp-content\/uploads\/2025\/11\/China-Block-Mold-Manufacturer-Paver-Interlock-Curbstone-Mould-Insulated-Hollow-Block-Mould.webp","type":"image\/webp"}],"twitter_card":"summary_large_image","twitter_misc":{"Gesch\u00e4tzte Lesezeit":"2\u00a0Minuten"},"schema":{"@context":"https:\/\/schema.org","@graph":[{"@type":"WebPage","@id":"https:\/\/www.kblmachinery.com\/china-block-mold-manufacturer-paver-interlock-curbstone-mould-insulated-hollow-block-mould\/","url":"https:\/\/www.kblmachinery.com\/china-block-mold-manufacturer-paver-interlock-curbstone-mould-insulated-hollow-block-mould\/","name":"Block Mold & Paver Curbstone Mould Manufacturer \u2013 Kimberly Machinery","isPartOf":{"@id":"https:\/\/www.kblmachinery.com\/#website"},"primaryImageOfPage":{"@id":"https:\/\/www.kblmachinery.com\/china-block-mold-manufacturer-paver-interlock-curbstone-mould-insulated-hollow-block-mould\/#primaryimage"},"image":{"@id":"https:\/\/www.kblmachinery.com\/china-block-mold-manufacturer-paver-interlock-curbstone-mould-insulated-hollow-block-mould\/#primaryimage"},"thumbnailUrl":"https:\/\/www.kblmachinery.com\/wp-content\/uploads\/2025\/11\/China-Block-Mold-Manufacturer-Paver-Interlock-Curbstone-Mould-Insulated-Hollow-Block-Mould.webp","datePublished":"2024-08-17T05:50:00+00:00","dateModified":"2025-11-28T07:40:11+00:00","description":"Kimberly Machinery is a leading block mold manufacturer offering high-quality insulated hollow block moulds for pavers, curbstones, and concrete blocks. Learn about our durable, precision-engineered mould solutions \u2014 ideal for construction suppliers and builders.","breadcrumb":{"@id":"https:\/\/www.kblmachinery.com\/china-block-mold-manufacturer-paver-interlock-curbstone-mould-insulated-hollow-block-mould\/#breadcrumb"},"inLanguage":"de","potentialAction":[{"@type":"ReadAction","target":["https:\/\/www.kblmachinery.com\/china-block-mold-manufacturer-paver-interlock-curbstone-mould-insulated-hollow-block-mould\/"]}]},{"@type":"ImageObject","inLanguage":"de","@id":"https:\/\/www.kblmachinery.com\/china-block-mold-manufacturer-paver-interlock-curbstone-mould-insulated-hollow-block-mould\/#primaryimage","url":"https:\/\/www.kblmachinery.com\/wp-content\/uploads\/2025\/11\/China-Block-Mold-Manufacturer-Paver-Interlock-Curbstone-Mould-Insulated-Hollow-Block-Mould.webp","contentUrl":"https:\/\/www.kblmachinery.com\/wp-content\/uploads\/2025\/11\/China-Block-Mold-Manufacturer-Paver-Interlock-Curbstone-Mould-Insulated-Hollow-Block-Mould.webp","width":800,"height":800,"caption":"China Block Mold Manufacturer Paver Interlock Curbstone Mould Insulated Hollow Block Mould"},{"@type":"BreadcrumbList","@id":"https:\/\/www.kblmachinery.com\/china-block-mold-manufacturer-paver-interlock-curbstone-mould-insulated-hollow-block-mould\/#breadcrumb","itemListElement":[{"@type":"ListItem","position":1,"name":"Home","item":"https:\/\/www.kblmachinery.com\/"},{"@type":"ListItem","position":2,"name":"China Block Mold Manufacturer Paver Interlock Curbstone Mould Insulated Hollow Block Mould"}]},{"@type":"WebSite","@id":"https:\/\/www.kblmachinery.com\/#website","url":"https:\/\/www.kblmachinery.com\/","name":"Professional Brick\/Block Making Machine in China","description":"Block Machine Manufacturer - Kimberly Machinery","publisher":{"@id":"https:\/\/www.kblmachinery.com\/#organization"},"potentialAction":[{"@type":"SearchAction","target":{"@type":"EntryPoint","urlTemplate":"https:\/\/www.kblmachinery.com\/?s={search_term_string}"},"query-input":{"@type":"PropertyValueSpecification","valueRequired":true,"valueName":"search_term_string"}}],"inLanguage":"de"},{"@type":"Organization","@id":"https:\/\/www.kblmachinery.com\/#organization","name":"Quanzhou Kimberly Machinery Manufacturing Co. Ltd","url":"https:\/\/www.kblmachinery.com\/","logo":{"@type":"ImageObject","inLanguage":"de","@id":"https:\/\/www.kblmachinery.com\/#\/schema\/logo\/image\/","url":"https:\/\/www.kblmachinery.com\/wp-content\/uploads\/2025\/11\/cropped-logo-1-1.png","contentUrl":"https:\/\/www.kblmachinery.com\/wp-content\/uploads\/2025\/11\/cropped-logo-1-1.png","width":123,"height":136,"caption":"Quanzhou Kimberly Machinery Manufacturing Co. Ltd"},"image":{"@id":"https:\/\/www.kblmachinery.com\/#\/schema\/logo\/image\/"},"sameAs":["https:\/\/www.facebook.com\/KimberlyMachinery"]}]}},"_links":{"self":[{"href":"https:\/\/www.kblmachinery.com\/de\/wp-json\/wp\/v2\/product\/8150","targetHints":{"allow":["GET"]}}],"collection":[{"href":"https:\/\/www.kblmachinery.com\/de\/wp-json\/wp\/v2\/product"}],"about":[{"href":"https:\/\/www.kblmachinery.com\/de\/wp-json\/wp\/v2\/types\/product"}],"wp:featuredmedia":[{"embeddable":true,"href":"https:\/\/www.kblmachinery.com\/de\/wp-json\/wp\/v2\/media\/8151"}],"wp:attachment":[{"href":"https:\/\/www.kblmachinery.com\/de\/wp-json\/wp\/v2\/media?parent=8150"}],"wp:term":[{"taxonomy":"product_brand","embeddable":true,"href":"https:\/\/www.kblmachinery.com\/de\/wp-json\/wp\/v2\/product_brand?post=8150"},{"taxonomy":"product_cat","embeddable":true,"href":"https:\/\/www.kblmachinery.com\/de\/wp-json\/wp\/v2\/product_cat?post=8150"},{"taxonomy":"product_tag","embeddable":true,"href":"https:\/\/www.kblmachinery.com\/de\/wp-json\/wp\/v2\/product_tag?post=8150"}],"curies":[{"name":"wp","href":"https:\/\/api.w.org\/{rel}","templated":true}]}}