{"id":8155,"date":"2024-08-17T05:01:00","date_gmt":"2024-08-17T05:01:00","guid":{"rendered":"https:\/\/www.kblmachinery.com\/?post_type=product&#038;p=8155"},"modified":"2025-11-28T07:56:24","modified_gmt":"2025-11-28T07:56:24","slug":"hollow-block-molder-hourdi-parpa-moule-concrete-block-mould-for-building","status":"publish","type":"product","link":"https:\/\/www.kblmachinery.com\/de\/hollow-block-molder-hourdi-parpa-moule-concrete-block-mould-for-building\/","title":{"rendered":"Interlocking hohlen Betonblock Form Form Design Molding Lieferant aus China"},"content":{"rendered":"<h2>Interlocking Hollow Concrete Block Mold Lieferant aus China<\/h2>\n<h3>1.Block Typ:<\/h3>\n<p>Wir entwerfen und fertigen hochwertige Stahlformen f\u00fcr Verbundpflaster, Platten, durchl\u00e4ssige Pflastersteine, Bordsteine, St\u00fctzmauern, Hohlblocksteine und Spezialsteine. Wir erf\u00fcllen stets die Anforderungen unserer Kunden und schlagen auch innovative Ideen vor, um Ihre Projekte zu verbessern.<\/p>\n<h3>2. rohstoff:<\/h3>\n<p>F\u00fcr die Herstellung unserer Betonsteinformen verwenden wir hochwertigen, verg\u00fcteten Stahl, der aus Italien importiert wird. Die Abriebfestigkeit des Stahls wird durch fortschrittliche W\u00e4rmebehandlungsverfahren weiter verbessert.<\/p>\n<h3>3. Erfahrung in der Fertigung:<\/h3>\n<p>Mit fast 30 Jahren Erfahrung in der Herstellung bedienen wir Kunden aus vielen L\u00e4ndern. Wir kombinieren unser Fachwissen mit hochwertigem Stahl, um sicherzustellen, dass wir allen unseren Kunden erstklassige Produkte liefern.<\/p>\n<h2>Technische Daten der Form<\/h2>\n<table class=\"tg\" style=\"border-collapse: collapse; border-spacing: 0px; height: 180px;\" width=\"100%\">\n<tbody>\n<tr>\n<td style=\"font-family: Arial, sans-serif; font-size: 14px; overflow: hidden; padding: 10px 5px; text-align: left; vertical-align: top; word-break: normal; border: 1px solid black;\">Name<\/td>\n<td style=\"font-family: Arial, sans-serif; font-size: 14px; overflow: hidden; padding: 10px 5px; text-align: left; vertical-align: top; word-break: normal; border: 1px solid black;\">Hohlblocksteinform<\/td>\n<td style=\"font-family: Arial, sans-serif; font-size: 14px; overflow: hidden; padding: 10px 5px; text-align: left; vertical-align: top; word-break: normal; border: 1px solid black;\">W\u00e4rmebehandlung<\/td>\n<td style=\"font-family: Arial, sans-serif; font-size: 14px; overflow: hidden; padding: 10px 5px; text-align: left; vertical-align: top; word-break: normal; border: 1px solid black;\">Karbonitrieren 900-950\u00b0C<\/td>\n<\/tr>\n<tr>\n<td style=\"font-family: Arial, sans-serif; font-size: 14px; overflow: hidden; padding: 10px 5px; text-align: left; vertical-align: top; word-break: normal; border: 1px solid black;\">Rohmaterial<\/td>\n<td style=\"font-family: Arial, sans-serif; font-size: 14px; overflow: hidden; padding: 10px 5px; text-align: left; vertical-align: top; word-break: normal; border: 1px solid black;\">besonders verschlei\u00dffester Stahl<\/td>\n<td style=\"font-family: Arial, sans-serif; font-size: 14px; overflow: hidden; padding: 10px 5px; text-align: left; vertical-align: top; word-break: normal; border: 1px solid black;\">H\u00e4rte<\/td>\n<td style=\"font-family: Arial, sans-serif; font-size: 14px; overflow: hidden; padding: 10px 5px; text-align: left; vertical-align: top; word-break: normal; border: 1px solid black;\">60-65HRC<\/td>\n<\/tr>\n<tr>\n<td style=\"font-family: Arial, sans-serif; font-size: 14px; overflow: hidden; padding: 10px 5px; text-align: left; vertical-align: top; word-break: normal; border: 1px solid black;\">Blocktyp<\/td>\n<td style=\"font-family: Arial, sans-serif; font-size: 14px; overflow: hidden; padding: 10px 5px; text-align: left; vertical-align: top; word-break: normal; border: 1px solid black;\">Hohlblocksteine, Verbundsteine, Pflastersteine und Bordsteinkanten k\u00f6nnen individuell angepasst werden.<\/td>\n<td style=\"font-family: Arial, sans-serif; font-size: 14px; overflow: hidden; padding: 10px 5px; text-align: left; vertical-align: top; word-break: normal; border: 1px solid black;\">HS-Code<\/td>\n<td style=\"font-family: Arial, sans-serif; font-size: 14px; overflow: hidden; padding: 10px 5px; text-align: left; vertical-align: top; word-break: normal; border: 1px solid black;\">848060<\/td>\n<\/tr>\n<tr>\n<td style=\"font-family: Arial, sans-serif; font-size: 14px; overflow: hidden; padding: 10px 5px; text-align: left; vertical-align: top; word-break: normal; border: 1px solid black;\">Lebenserwartung<\/td>\n<td style=\"font-family: Arial, sans-serif; font-size: 14px; overflow: hidden; padding: 10px 5px; text-align: left; vertical-align: top; word-break: normal; border: 1px solid black;\">100000-120000 Mal<\/td>\n<td style=\"font-family: Arial, sans-serif; font-size: 14px; overflow: hidden; padding: 10px 5px; text-align: left; vertical-align: top; word-break: normal; border: 1px solid black;\">Verpacken<\/td>\n<td style=\"font-family: Arial, sans-serif; font-size: 14px; overflow: hidden; padding: 10px 5px; text-align: left; vertical-align: top; word-break: normal; border: 1px solid black;\">Holz +Folie<\/td>\n<\/tr>\n<\/tbody>\n<\/table>\n<h2>\u00dcberblick \u00fcber den Herstellungsprozess<\/h2>\n<p><iframe loading=\"lazy\" title=\"ICF-Block Arbeitsvideo\" src=\"https:\/\/www.youtube.com\/embed\/czhs2wYoLZg\" width=\"556\" height=\"310\" frameborder=\"0\" allowfullscreen=\"allowfullscreen\"><\/iframe><\/p>","protected":false},"excerpt":{"rendered":"<p>Mit fast 30 Jahren Erfahrung in der Herstellung aller Arten von Betonsteinformen bieten wir 80.000 oder 120.000 Zykluszeiten. Nach der W\u00e4rmebehandlung erreicht die H\u00e4rte 62 Grad.<\/p>\n<table class=\"tg\" style=\"border-collapse: collapse; border-spacing: 0px; height: 264px;\" width=\"100%\">\n<tbody>\n<tr>\n<td style=\"font-family: Arial, sans-serif; font-size: 14px; overflow: hidden; padding: 10px 5px; text-align: left; vertical-align: top; word-break: normal; border: 1px solid black;\">Bestellung (MOQ) :<\/td>\n<td style=\"font-family: Arial, sans-serif; font-size: 14px; overflow: hidden; padding: 10px 5px; text-align: left; vertical-align: top; word-break: normal; border: 1px solid black;\">1 Satz<\/td>\n<\/tr>\n<tr>\n<td style=\"font-family: Arial, sans-serif; font-size: 14px; overflow: hidden; padding: 10px 5px; text-align: left; vertical-align: top; word-break: normal; border: 1px solid black;\">Bezahlung :<\/td>\n<td style=\"font-family: Arial, sans-serif; font-size: 14px; overflow: hidden; padding: 10px 5px; text-align: left; vertical-align: top; word-break: normal; border: 1px solid black;\">T\/T 100% Zahlung vor Versand oder 100% durch best\u00e4tigtes, unwiderrufliches Akkreditiv bei Sicht.<\/td>\n<\/tr>\n<tr>\n<td style=\"font-family: Arial, sans-serif; font-size: 14px; overflow: hidden; padding: 10px 5px; text-align: left; vertical-align: top; word-break: normal; border: 1px solid black;\">Produkt Herkunft :<\/td>\n<td style=\"font-family: Arial, sans-serif; font-size: 14px; overflow: hidden; padding: 10px 5px; text-align: left; vertical-align: top; word-break: normal; border: 1px solid black;\">Quanzhou Fujian<\/td>\n<\/tr>\n<tr>\n<td style=\"font-family: Arial, sans-serif; font-size: 14px; overflow: hidden; padding: 10px 5px; text-align: left; vertical-align: top; word-break: normal; border: 1px solid black;\">Farbe :<\/td>\n<td style=\"font-family: Arial, sans-serif; font-size: 14px; overflow: hidden; padding: 10px 5px; text-align: left; vertical-align: top; word-break: normal; border: 1px solid black;\">an den Bedarf anpassen<\/td>\n<\/tr>\n<tr>\n<td style=\"font-family: Arial, sans-serif; font-size: 14px; overflow: hidden; padding: 10px 5px; text-align: left; vertical-align: top; word-break: normal; border: 1px solid black;\">Verschiffungshafen:<\/td>\n<td style=\"font-family: Arial, sans-serif; font-size: 14px; overflow: hidden; padding: 10px 5px; text-align: left; vertical-align: top; word-break: normal; border: 1px solid black;\">Xiamen<\/td>\n<\/tr>\n<tr>\n<td style=\"font-family: Arial, sans-serif; font-size: 14px; overflow: hidden; padding: 10px 5px; text-align: left; vertical-align: top; word-break: normal; border: 1px solid black;\">Vorlaufzeit :<\/td>\n<td style=\"font-family: Arial, sans-serif; font-size: 14px; overflow: hidden; padding: 10px 5px; text-align: left; vertical-align: top; word-break: normal; border: 1px solid black;\">20-25 Tage<\/td>\n<\/tr>\n<\/tbody>\n<\/table>\n<p>&nbsp;<\/p>","protected":false},"featured_media":8156,"template":"","meta":[],"product_brand":[],"product_cat":[758,759],"product_tag":[],"class_list":{"0":"post-8155","1":"product","2":"type-product","3":"status-publish","4":"has-post-thumbnail","6":"product_cat-block-moulds","7":"product_cat-hollow-block-mould","9":"first","10":"instock","11":"shipping-taxable","12":"product-type-simple"},"yoast_head":"<!-- This site is optimized with the Yoast SEO plugin v24.4 - https:\/\/yoast.com\/wordpress\/plugins\/seo\/ -->\n<title>Hollow Block Moulds Supplier | Kimberly Machinery<\/title>\n<meta name=\"description\" content=\"High\u2011quality hollow block moulds for building blocks production. Durable, heat\u2011treated steel molds ideal for concrete block machines worldwide.\" \/>\n<meta name=\"robots\" content=\"index, follow, max-snippet:-1, max-image-preview:large, max-video-preview:-1\" \/>\n<link rel=\"canonical\" href=\"https:\/\/www.kblmachinery.com\/de\/hollow-block-molder-hourdi-parpa-moule-concrete-block-mould-for-building\/\" \/>\n<meta property=\"og:locale\" content=\"de_DE\" \/>\n<meta property=\"og:type\" content=\"article\" \/>\n<meta property=\"og:title\" content=\"Hollow Block Moulds Supplier | Kimberly Machinery\" \/>\n<meta property=\"og:description\" content=\"High\u2011quality hollow block moulds for building blocks production. Durable, heat\u2011treated steel molds ideal for concrete block machines worldwide.\" \/>\n<meta property=\"og:url\" content=\"https:\/\/www.kblmachinery.com\/de\/hollow-block-molder-hourdi-parpa-moule-concrete-block-mould-for-building\/\" \/>\n<meta property=\"og:site_name\" content=\"Kimberly Machinery\" \/>\n<meta property=\"article:publisher\" content=\"https:\/\/www.facebook.com\/KimberlyMachinery\" \/>\n<meta property=\"article:modified_time\" content=\"2025-11-28T07:56:24+00:00\" \/>\n<meta property=\"og:image\" content=\"https:\/\/www.kblmachinery.com\/wp-content\/uploads\/2025\/11\/Interlocking-Hollow-Concrete-Block-Mold-Mould-Design-Molding-Supplier-from-China.webp\" \/>\n\t<meta property=\"og:image:width\" content=\"805\" \/>\n\t<meta property=\"og:image:height\" content=\"805\" \/>\n\t<meta property=\"og:image:type\" content=\"image\/webp\" \/>\n<meta name=\"twitter:card\" content=\"summary_large_image\" \/>\n<meta name=\"twitter:label1\" content=\"Gesch\u00e4tzte Lesezeit\" \/>\n\t<meta name=\"twitter:data1\" content=\"1\u00a0Minute\" \/>\n<script type=\"application\/ld+json\" class=\"yoast-schema-graph\">{\"@context\":\"https:\/\/schema.org\",\"@graph\":[{\"@type\":\"WebPage\",\"@id\":\"https:\/\/www.kblmachinery.com\/hollow-block-molder-hourdi-parpa-moule-concrete-block-mould-for-building\/\",\"url\":\"https:\/\/www.kblmachinery.com\/hollow-block-molder-hourdi-parpa-moule-concrete-block-mould-for-building\/\",\"name\":\"Hollow Block Moulds Supplier | Kimberly Machinery\",\"isPartOf\":{\"@id\":\"https:\/\/www.kblmachinery.com\/#website\"},\"primaryImageOfPage\":{\"@id\":\"https:\/\/www.kblmachinery.com\/hollow-block-molder-hourdi-parpa-moule-concrete-block-mould-for-building\/#primaryimage\"},\"image\":{\"@id\":\"https:\/\/www.kblmachinery.com\/hollow-block-molder-hourdi-parpa-moule-concrete-block-mould-for-building\/#primaryimage\"},\"thumbnailUrl\":\"https:\/\/www.kblmachinery.com\/wp-content\/uploads\/2025\/11\/Interlocking-Hollow-Concrete-Block-Mold-Mould-Design-Molding-Supplier-from-China.webp\",\"datePublished\":\"2024-08-17T05:01:00+00:00\",\"dateModified\":\"2025-11-28T07:56:24+00:00\",\"description\":\"High\u2011quality hollow block moulds for building blocks production. Durable, heat\u2011treated steel molds ideal for concrete block machines worldwide.\",\"breadcrumb\":{\"@id\":\"https:\/\/www.kblmachinery.com\/hollow-block-molder-hourdi-parpa-moule-concrete-block-mould-for-building\/#breadcrumb\"},\"inLanguage\":\"de\",\"potentialAction\":[{\"@type\":\"ReadAction\",\"target\":[\"https:\/\/www.kblmachinery.com\/hollow-block-molder-hourdi-parpa-moule-concrete-block-mould-for-building\/\"]}]},{\"@type\":\"ImageObject\",\"inLanguage\":\"de\",\"@id\":\"https:\/\/www.kblmachinery.com\/hollow-block-molder-hourdi-parpa-moule-concrete-block-mould-for-building\/#primaryimage\",\"url\":\"https:\/\/www.kblmachinery.com\/wp-content\/uploads\/2025\/11\/Interlocking-Hollow-Concrete-Block-Mold-Mould-Design-Molding-Supplier-from-China.webp\",\"contentUrl\":\"https:\/\/www.kblmachinery.com\/wp-content\/uploads\/2025\/11\/Interlocking-Hollow-Concrete-Block-Mold-Mould-Design-Molding-Supplier-from-China.webp\",\"width\":805,\"height\":805,\"caption\":\"MASA HESS Interlocking Unipaver Zigzag Paver Mould for Block Machines\"},{\"@type\":\"BreadcrumbList\",\"@id\":\"https:\/\/www.kblmachinery.com\/hollow-block-molder-hourdi-parpa-moule-concrete-block-mould-for-building\/#breadcrumb\",\"itemListElement\":[{\"@type\":\"ListItem\",\"position\":1,\"name\":\"Home\",\"item\":\"https:\/\/www.kblmachinery.com\/\"},{\"@type\":\"ListItem\",\"position\":2,\"name\":\"Interlocking Hollow Concrete Block Mold Mould Design Molding Supplier from China\"}]},{\"@type\":\"WebSite\",\"@id\":\"https:\/\/www.kblmachinery.com\/#website\",\"url\":\"https:\/\/www.kblmachinery.com\/\",\"name\":\"Professional Brick\/Block Making Machine in China\",\"description\":\"Block Machine Manufacturer - Kimberly Machinery\",\"publisher\":{\"@id\":\"https:\/\/www.kblmachinery.com\/#organization\"},\"potentialAction\":[{\"@type\":\"SearchAction\",\"target\":{\"@type\":\"EntryPoint\",\"urlTemplate\":\"https:\/\/www.kblmachinery.com\/?s={search_term_string}\"},\"query-input\":{\"@type\":\"PropertyValueSpecification\",\"valueRequired\":true,\"valueName\":\"search_term_string\"}}],\"inLanguage\":\"de\"},{\"@type\":\"Organization\",\"@id\":\"https:\/\/www.kblmachinery.com\/#organization\",\"name\":\"Quanzhou Kimberly Machinery Manufacturing Co. Ltd\",\"url\":\"https:\/\/www.kblmachinery.com\/\",\"logo\":{\"@type\":\"ImageObject\",\"inLanguage\":\"de\",\"@id\":\"https:\/\/www.kblmachinery.com\/#\/schema\/logo\/image\/\",\"url\":\"https:\/\/www.kblmachinery.com\/wp-content\/uploads\/2025\/11\/cropped-logo-1-1.png\",\"contentUrl\":\"https:\/\/www.kblmachinery.com\/wp-content\/uploads\/2025\/11\/cropped-logo-1-1.png\",\"width\":123,\"height\":136,\"caption\":\"Quanzhou Kimberly Machinery Manufacturing Co. Ltd\"},\"image\":{\"@id\":\"https:\/\/www.kblmachinery.com\/#\/schema\/logo\/image\/\"},\"sameAs\":[\"https:\/\/www.facebook.com\/KimberlyMachinery\"]}]}<\/script>\n<!-- \/ Yoast SEO plugin. -->","yoast_head_json":{"title":"Hollow Block Moulds Supplier | Kimberly Machinery","description":"High\u2011quality hollow block moulds for building blocks production. Durable, heat\u2011treated steel molds ideal for concrete block machines worldwide.","robots":{"index":"index","follow":"follow","max-snippet":"max-snippet:-1","max-image-preview":"max-image-preview:large","max-video-preview":"max-video-preview:-1"},"canonical":"https:\/\/www.kblmachinery.com\/de\/hollow-block-molder-hourdi-parpa-moule-concrete-block-mould-for-building\/","og_locale":"de_DE","og_type":"article","og_title":"Hollow Block Moulds Supplier | Kimberly Machinery","og_description":"High\u2011quality hollow block moulds for building blocks production. Durable, heat\u2011treated steel molds ideal for concrete block machines worldwide.","og_url":"https:\/\/www.kblmachinery.com\/de\/hollow-block-molder-hourdi-parpa-moule-concrete-block-mould-for-building\/","og_site_name":"Kimberly Machinery","article_publisher":"https:\/\/www.facebook.com\/KimberlyMachinery","article_modified_time":"2025-11-28T07:56:24+00:00","og_image":[{"width":805,"height":805,"url":"https:\/\/www.kblmachinery.com\/wp-content\/uploads\/2025\/11\/Interlocking-Hollow-Concrete-Block-Mold-Mould-Design-Molding-Supplier-from-China.webp","type":"image\/webp"}],"twitter_card":"summary_large_image","twitter_misc":{"Gesch\u00e4tzte Lesezeit":"1\u00a0Minute"},"schema":{"@context":"https:\/\/schema.org","@graph":[{"@type":"WebPage","@id":"https:\/\/www.kblmachinery.com\/hollow-block-molder-hourdi-parpa-moule-concrete-block-mould-for-building\/","url":"https:\/\/www.kblmachinery.com\/hollow-block-molder-hourdi-parpa-moule-concrete-block-mould-for-building\/","name":"Hollow Block Moulds Supplier | Kimberly Machinery","isPartOf":{"@id":"https:\/\/www.kblmachinery.com\/#website"},"primaryImageOfPage":{"@id":"https:\/\/www.kblmachinery.com\/hollow-block-molder-hourdi-parpa-moule-concrete-block-mould-for-building\/#primaryimage"},"image":{"@id":"https:\/\/www.kblmachinery.com\/hollow-block-molder-hourdi-parpa-moule-concrete-block-mould-for-building\/#primaryimage"},"thumbnailUrl":"https:\/\/www.kblmachinery.com\/wp-content\/uploads\/2025\/11\/Interlocking-Hollow-Concrete-Block-Mold-Mould-Design-Molding-Supplier-from-China.webp","datePublished":"2024-08-17T05:01:00+00:00","dateModified":"2025-11-28T07:56:24+00:00","description":"High\u2011quality hollow block moulds for building blocks production. Durable, heat\u2011treated steel molds ideal for concrete block machines worldwide.","breadcrumb":{"@id":"https:\/\/www.kblmachinery.com\/hollow-block-molder-hourdi-parpa-moule-concrete-block-mould-for-building\/#breadcrumb"},"inLanguage":"de","potentialAction":[{"@type":"ReadAction","target":["https:\/\/www.kblmachinery.com\/hollow-block-molder-hourdi-parpa-moule-concrete-block-mould-for-building\/"]}]},{"@type":"ImageObject","inLanguage":"de","@id":"https:\/\/www.kblmachinery.com\/hollow-block-molder-hourdi-parpa-moule-concrete-block-mould-for-building\/#primaryimage","url":"https:\/\/www.kblmachinery.com\/wp-content\/uploads\/2025\/11\/Interlocking-Hollow-Concrete-Block-Mold-Mould-Design-Molding-Supplier-from-China.webp","contentUrl":"https:\/\/www.kblmachinery.com\/wp-content\/uploads\/2025\/11\/Interlocking-Hollow-Concrete-Block-Mold-Mould-Design-Molding-Supplier-from-China.webp","width":805,"height":805,"caption":"MASA HESS Interlocking Unipaver Zigzag Paver Mould for Block Machines"},{"@type":"BreadcrumbList","@id":"https:\/\/www.kblmachinery.com\/hollow-block-molder-hourdi-parpa-moule-concrete-block-mould-for-building\/#breadcrumb","itemListElement":[{"@type":"ListItem","position":1,"name":"Home","item":"https:\/\/www.kblmachinery.com\/"},{"@type":"ListItem","position":2,"name":"Interlocking Hollow Concrete Block Mold Mould Design Molding Supplier from China"}]},{"@type":"WebSite","@id":"https:\/\/www.kblmachinery.com\/#website","url":"https:\/\/www.kblmachinery.com\/","name":"Professional Brick\/Block Making Machine in China","description":"Block Machine Manufacturer - Kimberly Machinery","publisher":{"@id":"https:\/\/www.kblmachinery.com\/#organization"},"potentialAction":[{"@type":"SearchAction","target":{"@type":"EntryPoint","urlTemplate":"https:\/\/www.kblmachinery.com\/?s={search_term_string}"},"query-input":{"@type":"PropertyValueSpecification","valueRequired":true,"valueName":"search_term_string"}}],"inLanguage":"de"},{"@type":"Organization","@id":"https:\/\/www.kblmachinery.com\/#organization","name":"Quanzhou Kimberly Machinery Manufacturing Co. Ltd","url":"https:\/\/www.kblmachinery.com\/","logo":{"@type":"ImageObject","inLanguage":"de","@id":"https:\/\/www.kblmachinery.com\/#\/schema\/logo\/image\/","url":"https:\/\/www.kblmachinery.com\/wp-content\/uploads\/2025\/11\/cropped-logo-1-1.png","contentUrl":"https:\/\/www.kblmachinery.com\/wp-content\/uploads\/2025\/11\/cropped-logo-1-1.png","width":123,"height":136,"caption":"Quanzhou Kimberly Machinery Manufacturing Co. Ltd"},"image":{"@id":"https:\/\/www.kblmachinery.com\/#\/schema\/logo\/image\/"},"sameAs":["https:\/\/www.facebook.com\/KimberlyMachinery"]}]}},"_links":{"self":[{"href":"https:\/\/www.kblmachinery.com\/de\/wp-json\/wp\/v2\/product\/8155","targetHints":{"allow":["GET"]}}],"collection":[{"href":"https:\/\/www.kblmachinery.com\/de\/wp-json\/wp\/v2\/product"}],"about":[{"href":"https:\/\/www.kblmachinery.com\/de\/wp-json\/wp\/v2\/types\/product"}],"wp:featuredmedia":[{"embeddable":true,"href":"https:\/\/www.kblmachinery.com\/de\/wp-json\/wp\/v2\/media\/8156"}],"wp:attachment":[{"href":"https:\/\/www.kblmachinery.com\/de\/wp-json\/wp\/v2\/media?parent=8155"}],"wp:term":[{"taxonomy":"product_brand","embeddable":true,"href":"https:\/\/www.kblmachinery.com\/de\/wp-json\/wp\/v2\/product_brand?post=8155"},{"taxonomy":"product_cat","embeddable":true,"href":"https:\/\/www.kblmachinery.com\/de\/wp-json\/wp\/v2\/product_cat?post=8155"},{"taxonomy":"product_tag","embeddable":true,"href":"https:\/\/www.kblmachinery.com\/de\/wp-json\/wp\/v2\/product_tag?post=8155"}],"curies":[{"name":"wp","href":"https:\/\/api.w.org\/{rel}","templated":true}]}}