{"id":8160,"date":"2024-08-17T06:40:00","date_gmt":"2024-08-17T06:40:00","guid":{"rendered":"https:\/\/www.kblmachinery.com\/?post_type=product&#038;p=8160"},"modified":"2025-11-28T07:17:38","modified_gmt":"2025-11-28T07:17:38","slug":"customizable-concrete-pavement-brick-mould","status":"publish","type":"product","link":"https:\/\/www.kblmachinery.com\/de\/customizable-concrete-pavement-brick-mould\/","title":{"rendered":"China F\u00fchrender Hersteller Beton-Hohlblocksteinform Gemischte Gr\u00f6\u00dfe Pflastersteinform f\u00fcr Blockherstellungsmaschine"},"content":{"rendered":"<div class=\"containerWrap--lFLVsVCe\">\n<div class=\"content--BiTVEwIO\">\n<div class=\"stream--brXJQIKe\">\n<div class=\"contentBox--WIsVhFWg\">\n<div class=\"tongyi-markdown\">\n<h2 data-spm-anchor-id=\"5176.28103460.0.i50.297c5d270UmYMJ\">China&#8217;s Leading Manufacturer of Concrete Hollow Brick Molds and Mixed-Size Paver Block Molds for Block Making Machines<\/h2>\n<\/div>\n<\/div>\n<\/div>\n<\/div>\n<\/div>\n<p data-start=\"0\" data-end=\"18\"><strong data-start=\"0\" data-end=\"18\">1. Block Typ:<\/strong><\/p>\n<p data-start=\"20\" data-end=\"278\">Wir entwerfen und fertigen hochwertige Stahlformen f\u00fcr die Herstellung von Verbundpflaster, Platten, wasserdurchl\u00e4ssigen Pflastersteinen, Bordsteinen, St\u00fctzmauern, Hohlblocksteinen und Spezialsteinen. Wir erf\u00fcllen stets die Anforderungen unserer Kunden und bieten neue, innovative Ideen.<\/p>\n<p data-start=\"280\" data-end=\"300\"><strong data-start=\"280\" data-end=\"300\">2. Rohmaterial:<\/strong><\/p>\n<p data-start=\"302\" data-end=\"498\">Wir verwenden hochwertigen, speziell verg\u00fcteten Stahl, der aus Italien importiert wird, f\u00fcr die Herstellung von Betonsteinformen. Diese St\u00e4hle werden durch eine W\u00e4rmebehandlung weiter verbessert, um die Abriebfestigkeit zu erh\u00f6hen.<\/p>\n<p data-start=\"500\" data-end=\"532\"><strong data-start=\"500\" data-end=\"532\">3. Erfahrung in der Herstellung:<\/strong><\/p>\n<p data-start=\"534\" data-end=\"729\" data-is-last-node=\"\" data-is-only-node=\"\">Mit fast 30 Jahren Erfahrung in der Herstellung bedienen wir Kunden aus vielen L\u00e4ndern. Wir kombinieren unser Fachwissen mit Qualit\u00e4tsstahl, um sicherzustellen, dass wir allen unseren Kunden hochwertige Produkte liefern.<\/p>\n<div id=\"message-352065523477\" class=\"ChatMessage_chatMessage__xkgHx\" data-complete=\"true\">\n<div class=\"ChatMessage_messageRow__DHlnq\">\n<div class=\"ChatMessage_messageWrapper__4Ugd6\">\n<div class=\"Message_rowWithFooter__FShU6\">\n<div class=\"Message_row__ug_UU\">\n<div class=\"Message_messageBubbleWrapper__sEq8z\">\n<div class=\"Message_leftSideMessageBubble__VPdk6\">\n<div class=\"Message_messageTextContainer__w64Sc\">\n<div>\n<div class=\"Markdown_markdownContainer__Tz3HQ\">\n<h2>Form-Spezifikationen<\/h2>\n<\/div>\n<\/div>\n<\/div>\n<\/div>\n<\/div>\n<\/div>\n<\/div>\n<\/div>\n<\/div>\n<\/div>\n<table class=\"tg\" style=\"border-collapse: collapse; border-spacing: 0px; height: 167px;\" width=\"100%\">\n<tbody>\n<tr>\n<td style=\"font-family: Arial, sans-serif; font-size: 14px; overflow: hidden; padding: 10px 5px; text-align: left; vertical-align: top; word-break: normal; border: 1px solid black;\"><span style=\"color: #555;\">Name<\/span><\/td>\n<td style=\"font-family: Arial, sans-serif; font-size: 14px; overflow: hidden; padding: 10px 5px; text-align: left; vertical-align: top; word-break: normal; border: 1px solid black;\">Hohlblocksteinform Pflastersteinform Entwurf<\/td>\n<td style=\"font-family: Arial, sans-serif; font-size: 14px; overflow: hidden; padding: 10px 5px; text-align: left; vertical-align: top; word-break: normal; border: 1px solid black;\"><span style=\"color: #555;\">W\u00e4rmebehandlung<\/span><\/td>\n<td style=\"font-family: Arial, sans-serif; font-size: 14px; overflow: hidden; padding: 10px 5px; text-align: left; vertical-align: top; word-break: normal; border: 1px solid black;\"><span style=\"color: #555;\">Karbonitrieren 900-950\u00b0C<\/span><\/td>\n<\/tr>\n<tr>\n<td style=\"font-family: Arial, sans-serif; font-size: 14px; overflow: hidden; padding: 10px 5px; text-align: left; vertical-align: top; word-break: normal; border: 1px solid black;\">Rohmaterial<\/td>\n<td style=\"font-family: Arial, sans-serif; font-size: 14px; overflow: hidden; padding: 10px 5px; text-align: left; vertical-align: top; word-break: normal; border: 1px solid black;\"><span style=\"color: #555;\">besonders verschlei\u00dffester Stahl<\/span><\/td>\n<td style=\"font-family: Arial, sans-serif; font-size: 14px; overflow: hidden; padding: 10px 5px; text-align: left; vertical-align: top; word-break: normal; border: 1px solid black;\"><span style=\"color: #555;\">H\u00e4rte<\/span><\/td>\n<td style=\"font-family: Arial, sans-serif; font-size: 14px; overflow: hidden; padding: 10px 5px; text-align: left; vertical-align: top; word-break: normal; border: 1px solid black;\"><span style=\"color: #555;\">60-65HRC<\/span><\/td>\n<\/tr>\n<tr>\n<td style=\"font-family: Arial, sans-serif; font-size: 14px; overflow: hidden; padding: 10px 5px; text-align: left; vertical-align: top; word-break: normal; border: 1px solid black;\"><span style=\"color: #555;\">Blocktyp<\/span><\/td>\n<td style=\"font-family: Arial, sans-serif; font-size: 14px; overflow: hidden; padding: 10px 5px; text-align: left; vertical-align: top; word-break: normal; border: 1px solid black;\"><span style=\"color: #555;\">Hohlblocksteine, Verbundsteine, Pflastersteine und Bordsteinkanten k\u00f6nnen individuell angepasst werden.<\/span><\/td>\n<td style=\"font-family: Arial, sans-serif; font-size: 14px; overflow: hidden; padding: 10px 5px; text-align: left; vertical-align: top; word-break: normal; border: 1px solid black;\"><span style=\"color: #555;\">HS-Code<\/span><\/td>\n<td style=\"font-family: Arial, sans-serif; font-size: 14px; overflow: hidden; padding: 10px 5px; text-align: left; vertical-align: top; word-break: normal; border: 1px solid black;\"><span style=\"color: #555;\">848060<\/span><\/td>\n<\/tr>\n<tr>\n<td style=\"font-family: Arial, sans-serif; font-size: 14px; overflow: hidden; padding: 10px 5px; text-align: left; vertical-align: top; word-break: normal; border: 1px solid black;\"><span style=\"color: #555;\">Lebenserwartung<\/span><\/td>\n<td style=\"font-family: Arial, sans-serif; font-size: 14px; overflow: hidden; padding: 10px 5px; text-align: left; vertical-align: top; word-break: normal; border: 1px solid black;\"><span style=\"color: #555;\">100000-120000 Mal<\/span><\/td>\n<td style=\"font-family: Arial, sans-serif; font-size: 14px; overflow: hidden; padding: 10px 5px; text-align: left; vertical-align: top; word-break: normal; border: 1px solid black;\"><span style=\"color: #555;\">Verpacken<\/span><\/td>\n<td style=\"font-family: Arial, sans-serif; font-size: 14px; overflow: hidden; padding: 10px 5px; text-align: left; vertical-align: top; word-break: normal; border: 1px solid black;\"><span style=\"color: #555;\">Holz +Folie<\/span><\/td>\n<\/tr>\n<\/tbody>\n<\/table>\n<h2>FAQ<\/h2>\n<p data-start=\"9\" data-end=\"42\"><strong data-start=\"9\" data-end=\"42\">1. Wie kann ich ein Angebot erhalten?<\/strong><\/p>\n<p data-start=\"44\" data-end=\"168\">A. Wenn Sie \u00fcber detaillierte Zeichnungen des Blocks verf\u00fcgen, senden Sie uns diese bitte zur Pr\u00fcfung zu, und wir werden Ihnen auf dieser Grundlage ein Angebot unterbreiten.<\/p>\n<p data-start=\"170\" data-end=\"388\">B. If you don&#8217;t have detailed drawings, let us know the type of block you need, such as hollow block or solid block. You can also send a picture of the block and provide the dimensions (length, width, thickness in mm).<\/p>\n<p data-start=\"390\" data-end=\"418\">C. Welche Gr\u00f6\u00dfe hat Ihre Palette?<\/p>\n<p data-start=\"420\" data-end=\"493\">D. Wie gro\u00df ist der Stampferkopf und wie hoch ist die Gie\u00dfform?<\/p>\n<p data-start=\"495\" data-end=\"602\">E. Wie wird Ihre Form mit Ihrer Maschine verbunden, um zu arbeiten? Wenn Sie eine Anschlusszeichnung haben, teilen Sie diese bitte mit.<\/p>\n<p data-start=\"604\" data-end=\"682\">Sobald wir Ihre Informationen erhalten haben, werden wir Ihnen so schnell wie m\u00f6glich ein Angebot unterbreiten.<\/p>\n<p data-start=\"684\" data-end=\"717\"><strong data-start=\"684\" data-end=\"717\">2. Wie lange ist die Lieferzeit?<\/strong><\/p>\n<p data-start=\"719\" data-end=\"878\">F\u00fcr gew\u00f6hnliche Blockformen betr\u00e4gt die Lieferzeit 20-25 Arbeitstage nach Eingang der Anzahlung. F\u00fcr High-End-Blockformen, ist die Lieferzeit 30-40 Arbeitstage.<\/p>\n<p data-start=\"880\" data-end=\"916\"><strong data-start=\"880\" data-end=\"916\">3. Wie ist die Transportverpackung?<\/strong><\/p>\n<p data-start=\"918\" data-end=\"993\">We use wooden packing with plastic film or as per the buyer&#8217;s requirements.<\/p>\n<p data-start=\"995\" data-end=\"1055\"><strong data-start=\"995\" data-end=\"1055\">4. Wird die neue Form mit meiner Maschine kompatibel sein?<\/strong><\/p>\n<p data-start=\"1057\" data-end=\"1199\">Wir haben Formen f\u00fcr viele Marken von Blockmaschinen hergestellt und f\u00fchren entsprechende Aufzeichnungen. Einige Formen k\u00f6nnen bereits mit Ihrer Maschine kompatibel sein.<\/p>\n<p data-start=\"1201\" data-end=\"1458\">Falls erforderlich, k\u00f6nnen Sie einen Ingenieur in Ihr Unternehmen einladen, um Messungen vorzunehmen. Alternativ k\u00f6nnen wir Ihnen auch ein digitales Bild und die Ma\u00dfe schicken, wie es viele unserer Kunden tun. Nach der Best\u00e4tigung der Gr\u00f6\u00dfenangaben garantieren wir, dass die Form ohne Probleme auf Ihre Maschine passt.<\/p>\n<p data-start=\"1460\" data-end=\"1494\"><strong data-start=\"1460\" data-end=\"1494\">5. Wie lauten die Zahlungsbedingungen?<\/strong><\/p>\n<p data-start=\"1496\" data-end=\"1612\">Um Ihre Bestellung abzuschlie\u00dfen, ist eine Vorauszahlung von 50% per T\/T erforderlich. Der Restbetrag muss vor dem Verladen bezahlt werden.<\/p>\n<p data-start=\"1614\" data-end=\"1643\"><strong data-start=\"1614\" data-end=\"1643\">6. Wie kann ich Sie kontaktieren?<\/strong><\/p>\n<p data-start=\"1645\" data-end=\"1732\" data-is-last-node=\"\" data-is-only-node=\"\">Sie k\u00f6nnen uns \u00fcber WeChat\/WhatsApp unter +86-1330506196 oder +86-18960287187 erreichen. Wir danken Ihnen!<\/p>","protected":false},"excerpt":{"rendered":"<ul>\n<li>Fast 30 Jahre Erfahrung in der Herstellung von Betonsteinformen aller Art;<\/li>\n<li>80000 oder 120000 Zykluszeiten zur Auswahl; die H\u00e4rte erreicht 62 Grad nach der W\u00e4rmebehandlung.<\/li>\n<\/ul>\n<table class=\"tg\" style=\"border-collapse: collapse; border-spacing: 0px; height: 273px;\" width=\"100%\">\n<tbody>\n<tr>\n<td style=\"font-family: Arial, sans-serif; font-size: 14px; overflow: hidden; padding: 10px 5px; text-align: left; vertical-align: top; word-break: normal; border: 1px solid black;\">Bestellung (MOQ) :<\/td>\n<td style=\"font-family: Arial, sans-serif; font-size: 14px; overflow: hidden; padding: 10px 5px; text-align: left; vertical-align: top; word-break: normal; border: 1px solid black;\">1 Satz<\/td>\n<\/tr>\n<tr>\n<td style=\"font-family: Arial, sans-serif; font-size: 14px; overflow: hidden; padding: 10px 5px; text-align: left; vertical-align: top; word-break: normal; border: 1px solid black;\">Bezahlung :<\/td>\n<td style=\"font-family: Arial, sans-serif; font-size: 14px; overflow: hidden; padding: 10px 5px; text-align: left; vertical-align: top; word-break: normal; border: 1px solid black;\">T\/T 100% Zahlung vor Versand oder 100% durch best\u00e4tigtes, unwiderrufliches Akkreditiv bei Sicht.<\/td>\n<\/tr>\n<tr>\n<td style=\"font-family: Arial, sans-serif; font-size: 14px; overflow: hidden; padding: 10px 5px; text-align: left; vertical-align: top; word-break: normal; border: 1px solid black;\">Produkt Herkunft :<\/td>\n<td style=\"font-family: Arial, sans-serif; font-size: 14px; overflow: hidden; padding: 10px 5px; text-align: left; vertical-align: top; word-break: normal; border: 1px solid black;\">Quanzhou Fujian<\/td>\n<\/tr>\n<tr>\n<td style=\"font-family: Arial, sans-serif; font-size: 14px; overflow: hidden; padding: 10px 5px; text-align: left; vertical-align: top; word-break: normal; border: 1px solid black;\">Farbe :<\/td>\n<td style=\"font-family: Arial, sans-serif; font-size: 14px; overflow: hidden; padding: 10px 5px; text-align: left; vertical-align: top; word-break: normal; border: 1px solid black;\">an den Bedarf anpassen<\/td>\n<\/tr>\n<tr>\n<td style=\"font-family: Arial, sans-serif; font-size: 14px; overflow: hidden; padding: 10px 5px; text-align: left; vertical-align: top; word-break: normal; border: 1px solid black;\">Verschiffungshafen:<\/td>\n<td style=\"font-family: Arial, sans-serif; font-size: 14px; overflow: hidden; padding: 10px 5px; text-align: left; vertical-align: top; word-break: normal; border: 1px solid black;\">Xiamen<\/td>\n<\/tr>\n<tr>\n<td style=\"font-family: Arial, sans-serif; font-size: 14px; overflow: hidden; padding: 10px 5px; text-align: left; vertical-align: top; word-break: normal; border: 1px solid black;\">Vorlaufzeit :<\/td>\n<td style=\"font-family: Arial, sans-serif; font-size: 14px; overflow: hidden; padding: 10px 5px; text-align: left; vertical-align: top; word-break: normal; border: 1px solid black;\">20-25 Tage<\/td>\n<\/tr>\n<\/tbody>\n<\/table>\n<p>&nbsp;<\/p>","protected":false},"featured_media":8161,"template":"","meta":[],"product_brand":[],"product_cat":[758,763],"product_tag":[],"class_list":{"0":"post-8160","1":"product","2":"type-product","3":"status-publish","4":"has-post-thumbnail","6":"product_cat-block-moulds","7":"product_cat-paving-stone-mould","9":"first","10":"instock","11":"shipping-taxable","12":"product-type-simple"},"yoast_head":"<!-- This site is optimized with the Yoast SEO plugin v24.4 - https:\/\/yoast.com\/wordpress\/plugins\/seo\/ -->\n<title>Custom Concrete Pavement Brick Moulds Supplier | Kimberly Machinery<\/title>\n<meta name=\"description\" content=\"Durable, customizable concrete pavement brick moulds for pavers, curbstones, and block production lines. High precision, long lifespan.\" \/>\n<meta name=\"robots\" content=\"index, follow, max-snippet:-1, max-image-preview:large, max-video-preview:-1\" \/>\n<link rel=\"canonical\" href=\"https:\/\/www.kblmachinery.com\/de\/customizable-concrete-pavement-brick-mould\/\" \/>\n<meta property=\"og:locale\" content=\"de_DE\" \/>\n<meta property=\"og:type\" content=\"article\" \/>\n<meta property=\"og:title\" content=\"Custom Concrete Pavement Brick Moulds Supplier | Kimberly Machinery\" \/>\n<meta property=\"og:description\" content=\"Durable, customizable concrete pavement brick moulds for pavers, curbstones, and block production lines. High precision, long lifespan.\" \/>\n<meta property=\"og:url\" content=\"https:\/\/www.kblmachinery.com\/de\/customizable-concrete-pavement-brick-mould\/\" \/>\n<meta property=\"og:site_name\" content=\"Kimberly Machinery\" \/>\n<meta property=\"article:publisher\" content=\"https:\/\/www.facebook.com\/KimberlyMachinery\" \/>\n<meta property=\"article:modified_time\" content=\"2025-11-28T07:17:38+00:00\" \/>\n<meta property=\"og:image\" content=\"https:\/\/www.kblmachinery.com\/wp-content\/uploads\/2025\/11\/China-Leading-Manufacturer-Concrete-Hollow-Brick-Mould-Mixed-Size-Paver-Block-Mould-for-Block-Making-Machine.webp\" \/>\n\t<meta property=\"og:image:width\" content=\"805\" \/>\n\t<meta property=\"og:image:height\" content=\"805\" \/>\n\t<meta property=\"og:image:type\" content=\"image\/webp\" \/>\n<meta name=\"twitter:card\" content=\"summary_large_image\" \/>\n<meta name=\"twitter:label1\" content=\"Gesch\u00e4tzte Lesezeit\" \/>\n\t<meta name=\"twitter:data1\" content=\"3\u00a0Minuten\" \/>\n<script type=\"application\/ld+json\" class=\"yoast-schema-graph\">{\"@context\":\"https:\/\/schema.org\",\"@graph\":[{\"@type\":\"WebPage\",\"@id\":\"https:\/\/www.kblmachinery.com\/customizable-concrete-pavement-brick-mould\/\",\"url\":\"https:\/\/www.kblmachinery.com\/customizable-concrete-pavement-brick-mould\/\",\"name\":\"Custom Concrete Pavement Brick Moulds Supplier | Kimberly Machinery\",\"isPartOf\":{\"@id\":\"https:\/\/www.kblmachinery.com\/#website\"},\"primaryImageOfPage\":{\"@id\":\"https:\/\/www.kblmachinery.com\/customizable-concrete-pavement-brick-mould\/#primaryimage\"},\"image\":{\"@id\":\"https:\/\/www.kblmachinery.com\/customizable-concrete-pavement-brick-mould\/#primaryimage\"},\"thumbnailUrl\":\"https:\/\/www.kblmachinery.com\/wp-content\/uploads\/2025\/11\/China-Leading-Manufacturer-Concrete-Hollow-Brick-Mould-Mixed-Size-Paver-Block-Mould-for-Block-Making-Machine.webp\",\"datePublished\":\"2024-08-17T06:40:00+00:00\",\"dateModified\":\"2025-11-28T07:17:38+00:00\",\"description\":\"Durable, customizable concrete pavement brick moulds for pavers, curbstones, and block production lines. High precision, long lifespan.\",\"breadcrumb\":{\"@id\":\"https:\/\/www.kblmachinery.com\/customizable-concrete-pavement-brick-mould\/#breadcrumb\"},\"inLanguage\":\"de\",\"potentialAction\":[{\"@type\":\"ReadAction\",\"target\":[\"https:\/\/www.kblmachinery.com\/customizable-concrete-pavement-brick-mould\/\"]}]},{\"@type\":\"ImageObject\",\"inLanguage\":\"de\",\"@id\":\"https:\/\/www.kblmachinery.com\/customizable-concrete-pavement-brick-mould\/#primaryimage\",\"url\":\"https:\/\/www.kblmachinery.com\/wp-content\/uploads\/2025\/11\/China-Leading-Manufacturer-Concrete-Hollow-Brick-Mould-Mixed-Size-Paver-Block-Mould-for-Block-Making-Machine.webp\",\"contentUrl\":\"https:\/\/www.kblmachinery.com\/wp-content\/uploads\/2025\/11\/China-Leading-Manufacturer-Concrete-Hollow-Brick-Mould-Mixed-Size-Paver-Block-Mould-for-Block-Making-Machine.webp\",\"width\":805,\"height\":805,\"caption\":\"concrete block mold\"},{\"@type\":\"BreadcrumbList\",\"@id\":\"https:\/\/www.kblmachinery.com\/customizable-concrete-pavement-brick-mould\/#breadcrumb\",\"itemListElement\":[{\"@type\":\"ListItem\",\"position\":1,\"name\":\"Home\",\"item\":\"https:\/\/www.kblmachinery.com\/\"},{\"@type\":\"ListItem\",\"position\":2,\"name\":\"China Leading Manufacturer Concrete Hollow Brick Mould Mixed-Size Paver Block Mould for Block Making Machine\"}]},{\"@type\":\"WebSite\",\"@id\":\"https:\/\/www.kblmachinery.com\/#website\",\"url\":\"https:\/\/www.kblmachinery.com\/\",\"name\":\"Professional Brick\/Block Making Machine in China\",\"description\":\"Block Machine Manufacturer - Kimberly Machinery\",\"publisher\":{\"@id\":\"https:\/\/www.kblmachinery.com\/#organization\"},\"potentialAction\":[{\"@type\":\"SearchAction\",\"target\":{\"@type\":\"EntryPoint\",\"urlTemplate\":\"https:\/\/www.kblmachinery.com\/?s={search_term_string}\"},\"query-input\":{\"@type\":\"PropertyValueSpecification\",\"valueRequired\":true,\"valueName\":\"search_term_string\"}}],\"inLanguage\":\"de\"},{\"@type\":\"Organization\",\"@id\":\"https:\/\/www.kblmachinery.com\/#organization\",\"name\":\"Quanzhou Kimberly Machinery Manufacturing Co. Ltd\",\"url\":\"https:\/\/www.kblmachinery.com\/\",\"logo\":{\"@type\":\"ImageObject\",\"inLanguage\":\"de\",\"@id\":\"https:\/\/www.kblmachinery.com\/#\/schema\/logo\/image\/\",\"url\":\"https:\/\/www.kblmachinery.com\/wp-content\/uploads\/2025\/11\/cropped-logo-1-1.png\",\"contentUrl\":\"https:\/\/www.kblmachinery.com\/wp-content\/uploads\/2025\/11\/cropped-logo-1-1.png\",\"width\":123,\"height\":136,\"caption\":\"Quanzhou Kimberly Machinery Manufacturing Co. Ltd\"},\"image\":{\"@id\":\"https:\/\/www.kblmachinery.com\/#\/schema\/logo\/image\/\"},\"sameAs\":[\"https:\/\/www.facebook.com\/KimberlyMachinery\"]}]}<\/script>\n<!-- \/ Yoast SEO plugin. -->","yoast_head_json":{"title":"Custom Concrete Pavement Brick Moulds Supplier | Kimberly Machinery","description":"Durable, customizable concrete pavement brick moulds for pavers, curbstones, and block production lines. High precision, long lifespan.","robots":{"index":"index","follow":"follow","max-snippet":"max-snippet:-1","max-image-preview":"max-image-preview:large","max-video-preview":"max-video-preview:-1"},"canonical":"https:\/\/www.kblmachinery.com\/de\/customizable-concrete-pavement-brick-mould\/","og_locale":"de_DE","og_type":"article","og_title":"Custom Concrete Pavement Brick Moulds Supplier | Kimberly Machinery","og_description":"Durable, customizable concrete pavement brick moulds for pavers, curbstones, and block production lines. High precision, long lifespan.","og_url":"https:\/\/www.kblmachinery.com\/de\/customizable-concrete-pavement-brick-mould\/","og_site_name":"Kimberly Machinery","article_publisher":"https:\/\/www.facebook.com\/KimberlyMachinery","article_modified_time":"2025-11-28T07:17:38+00:00","og_image":[{"width":805,"height":805,"url":"https:\/\/www.kblmachinery.com\/wp-content\/uploads\/2025\/11\/China-Leading-Manufacturer-Concrete-Hollow-Brick-Mould-Mixed-Size-Paver-Block-Mould-for-Block-Making-Machine.webp","type":"image\/webp"}],"twitter_card":"summary_large_image","twitter_misc":{"Gesch\u00e4tzte Lesezeit":"3\u00a0Minuten"},"schema":{"@context":"https:\/\/schema.org","@graph":[{"@type":"WebPage","@id":"https:\/\/www.kblmachinery.com\/customizable-concrete-pavement-brick-mould\/","url":"https:\/\/www.kblmachinery.com\/customizable-concrete-pavement-brick-mould\/","name":"Custom Concrete Pavement Brick Moulds Supplier | Kimberly Machinery","isPartOf":{"@id":"https:\/\/www.kblmachinery.com\/#website"},"primaryImageOfPage":{"@id":"https:\/\/www.kblmachinery.com\/customizable-concrete-pavement-brick-mould\/#primaryimage"},"image":{"@id":"https:\/\/www.kblmachinery.com\/customizable-concrete-pavement-brick-mould\/#primaryimage"},"thumbnailUrl":"https:\/\/www.kblmachinery.com\/wp-content\/uploads\/2025\/11\/China-Leading-Manufacturer-Concrete-Hollow-Brick-Mould-Mixed-Size-Paver-Block-Mould-for-Block-Making-Machine.webp","datePublished":"2024-08-17T06:40:00+00:00","dateModified":"2025-11-28T07:17:38+00:00","description":"Durable, customizable concrete pavement brick moulds for pavers, curbstones, and block production lines. High precision, long lifespan.","breadcrumb":{"@id":"https:\/\/www.kblmachinery.com\/customizable-concrete-pavement-brick-mould\/#breadcrumb"},"inLanguage":"de","potentialAction":[{"@type":"ReadAction","target":["https:\/\/www.kblmachinery.com\/customizable-concrete-pavement-brick-mould\/"]}]},{"@type":"ImageObject","inLanguage":"de","@id":"https:\/\/www.kblmachinery.com\/customizable-concrete-pavement-brick-mould\/#primaryimage","url":"https:\/\/www.kblmachinery.com\/wp-content\/uploads\/2025\/11\/China-Leading-Manufacturer-Concrete-Hollow-Brick-Mould-Mixed-Size-Paver-Block-Mould-for-Block-Making-Machine.webp","contentUrl":"https:\/\/www.kblmachinery.com\/wp-content\/uploads\/2025\/11\/China-Leading-Manufacturer-Concrete-Hollow-Brick-Mould-Mixed-Size-Paver-Block-Mould-for-Block-Making-Machine.webp","width":805,"height":805,"caption":"concrete block mold"},{"@type":"BreadcrumbList","@id":"https:\/\/www.kblmachinery.com\/customizable-concrete-pavement-brick-mould\/#breadcrumb","itemListElement":[{"@type":"ListItem","position":1,"name":"Home","item":"https:\/\/www.kblmachinery.com\/"},{"@type":"ListItem","position":2,"name":"China Leading Manufacturer Concrete Hollow Brick Mould Mixed-Size Paver Block Mould for Block Making Machine"}]},{"@type":"WebSite","@id":"https:\/\/www.kblmachinery.com\/#website","url":"https:\/\/www.kblmachinery.com\/","name":"Professional Brick\/Block Making Machine in China","description":"Block Machine Manufacturer - Kimberly Machinery","publisher":{"@id":"https:\/\/www.kblmachinery.com\/#organization"},"potentialAction":[{"@type":"SearchAction","target":{"@type":"EntryPoint","urlTemplate":"https:\/\/www.kblmachinery.com\/?s={search_term_string}"},"query-input":{"@type":"PropertyValueSpecification","valueRequired":true,"valueName":"search_term_string"}}],"inLanguage":"de"},{"@type":"Organization","@id":"https:\/\/www.kblmachinery.com\/#organization","name":"Quanzhou Kimberly Machinery Manufacturing Co. Ltd","url":"https:\/\/www.kblmachinery.com\/","logo":{"@type":"ImageObject","inLanguage":"de","@id":"https:\/\/www.kblmachinery.com\/#\/schema\/logo\/image\/","url":"https:\/\/www.kblmachinery.com\/wp-content\/uploads\/2025\/11\/cropped-logo-1-1.png","contentUrl":"https:\/\/www.kblmachinery.com\/wp-content\/uploads\/2025\/11\/cropped-logo-1-1.png","width":123,"height":136,"caption":"Quanzhou Kimberly Machinery Manufacturing Co. Ltd"},"image":{"@id":"https:\/\/www.kblmachinery.com\/#\/schema\/logo\/image\/"},"sameAs":["https:\/\/www.facebook.com\/KimberlyMachinery"]}]}},"_links":{"self":[{"href":"https:\/\/www.kblmachinery.com\/de\/wp-json\/wp\/v2\/product\/8160","targetHints":{"allow":["GET"]}}],"collection":[{"href":"https:\/\/www.kblmachinery.com\/de\/wp-json\/wp\/v2\/product"}],"about":[{"href":"https:\/\/www.kblmachinery.com\/de\/wp-json\/wp\/v2\/types\/product"}],"wp:featuredmedia":[{"embeddable":true,"href":"https:\/\/www.kblmachinery.com\/de\/wp-json\/wp\/v2\/media\/8161"}],"wp:attachment":[{"href":"https:\/\/www.kblmachinery.com\/de\/wp-json\/wp\/v2\/media?parent=8160"}],"wp:term":[{"taxonomy":"product_brand","embeddable":true,"href":"https:\/\/www.kblmachinery.com\/de\/wp-json\/wp\/v2\/product_brand?post=8160"},{"taxonomy":"product_cat","embeddable":true,"href":"https:\/\/www.kblmachinery.com\/de\/wp-json\/wp\/v2\/product_cat?post=8160"},{"taxonomy":"product_tag","embeddable":true,"href":"https:\/\/www.kblmachinery.com\/de\/wp-json\/wp\/v2\/product_tag?post=8160"}],"curies":[{"name":"wp","href":"https:\/\/api.w.org\/{rel}","templated":true}]}}