{"id":8165,"date":"2024-08-17T05:37:00","date_gmt":"2024-08-17T05:37:00","guid":{"rendered":"https:\/\/www.kblmachinery.com\/?post_type=product&#038;p=8165"},"modified":"2025-11-28T07:47:41","modified_gmt":"2025-11-28T07:47:41","slug":"high-end-insulating-hollow-block-mold-for-masa-hess-brich-machines","status":"publish","type":"product","link":"https:\/\/www.kblmachinery.com\/de\/high-end-insulating-hollow-block-mold-for-masa-hess-brich-machines\/","title":{"rendered":"High-End-Isolierhohlblockform f\u00fcr MASA HESS Brich Maschinen"},"content":{"rendered":"<h2>High-End-Isolierhohlblockform f\u00fcr MASA HESS-Maschinen<\/h2>\n<h3>1.Block Typ:<\/h3>\n<p data-start=\"20\" data-end=\"281\">Wir entwerfen und fertigen hochwertige Stahlformen f\u00fcr Verbundpflaster, Platten, durchl\u00e4ssige Pflastersteine, Bordsteine, St\u00fctzmauern, Hohlblocksteine und Spezialsteine. Wir erf\u00fcllen die Anforderungen der Kunden und bieten neue, innovative Ideen.<\/p>\n<h3>2. rohstoff:<\/h3>\n<p data-start=\"286\" data-end=\"468\">F\u00fcr die Herstellung von Betonsteinformen verwenden wir hochwertigen, verg\u00fcteten Stahl, der aus Italien importiert wird. Dieser Stahl wird w\u00e4rmebehandelt, um seine Abriebfestigkeit zu erh\u00f6hen.<\/p>\n<h3>3. Erfahrung in der Fertigung:<\/h3>\n<p data-start=\"473\" data-end=\"690\" data-is-last-node=\"\">Mit fast 30 Jahren Erfahrung in der Herstellung bedienen wir Kunden aus vielen L\u00e4ndern. Wir kombinieren unser Fachwissen mit Qualit\u00e4tsstahl, um allen unseren Kunden hochwertige Produkte zu liefern.<\/p>\n<h2>Form-Spezifikationen<\/h2>\n<table class=\"tg\" style=\"border-collapse: collapse; border-spacing: 0px; height: 185px;\" width=\"100%\">\n<tbody>\n<tr>\n<td style=\"font-family: Arial, sans-serif; font-size: 14px; overflow: hidden; padding: 10px 5px; text-align: left; vertical-align: top; word-break: normal; border: 1px solid black;\">Name<\/td>\n<td style=\"font-family: Arial, sans-serif; font-size: 14px; overflow: hidden; padding: 10px 5px; text-align: left; vertical-align: top; word-break: normal; border: 1px solid black;\">Hohlblocksteinform<\/td>\n<td style=\"font-family: Arial, sans-serif; font-size: 14px; overflow: hidden; padding: 10px 5px; text-align: left; vertical-align: top; word-break: normal; border: 1px solid black;\">W\u00e4rmebehandlung<\/td>\n<td style=\"font-family: Arial, sans-serif; font-size: 14px; overflow: hidden; padding: 10px 5px; text-align: left; vertical-align: top; word-break: normal; border: 1px solid black;\">Karbonitrierung 900-950<span style=\"color: #555;\">\u00b0<\/span>C<\/td>\n<\/tr>\n<tr>\n<td style=\"font-family: Arial, sans-serif; font-size: 14px; overflow: hidden; padding: 10px 5px; text-align: left; vertical-align: top; word-break: normal; border: 1px solid black;\">Rohmaterial<\/td>\n<td style=\"font-family: Arial, sans-serif; font-size: 14px; overflow: hidden; padding: 10px 5px; text-align: left; vertical-align: top; word-break: normal; border: 1px solid black;\">besonders verschlei\u00dffester Stahl<\/td>\n<td style=\"font-family: Arial, sans-serif; font-size: 14px; overflow: hidden; padding: 10px 5px; text-align: left; vertical-align: top; word-break: normal; border: 1px solid black;\">H\u00e4rte<\/td>\n<td style=\"font-family: Arial, sans-serif; font-size: 14px; overflow: hidden; padding: 10px 5px; text-align: left; vertical-align: top; word-break: normal; border: 1px solid black;\">60-65HRC<\/td>\n<\/tr>\n<tr>\n<td style=\"font-family: Arial, sans-serif; font-size: 14px; overflow: hidden; padding: 10px 5px; text-align: left; vertical-align: top; word-break: normal; border: 1px solid black;\">Blocktyp<\/td>\n<td style=\"font-family: Arial, sans-serif; font-size: 14px; overflow: hidden; padding: 10px 5px; text-align: left; vertical-align: top; word-break: normal; border: 1px solid black;\">Hohlblocksteine, Verbundsteine, Pflastersteine und Bordsteinkanten k\u00f6nnen individuell angepasst werden.<\/td>\n<td style=\"font-family: Arial, sans-serif; font-size: 14px; overflow: hidden; padding: 10px 5px; text-align: left; vertical-align: top; word-break: normal; border: 1px solid black;\">HS-Code<\/td>\n<td style=\"font-family: Arial, sans-serif; font-size: 14px; overflow: hidden; padding: 10px 5px; text-align: left; vertical-align: top; word-break: normal; border: 1px solid black;\">848060<\/td>\n<\/tr>\n<tr>\n<td style=\"font-family: Arial, sans-serif; font-size: 14px; overflow: hidden; padding: 10px 5px; text-align: left; vertical-align: top; word-break: normal; border: 1px solid black;\">Lebenserwartung<\/td>\n<td style=\"font-family: Arial, sans-serif; font-size: 14px; overflow: hidden; padding: 10px 5px; text-align: left; vertical-align: top; word-break: normal; border: 1px solid black;\">100000-120000 Mal<\/td>\n<td style=\"font-family: Arial, sans-serif; font-size: 14px; overflow: hidden; padding: 10px 5px; text-align: left; vertical-align: top; word-break: normal; border: 1px solid black;\">Verpacken<\/td>\n<td style=\"font-family: Arial, sans-serif; font-size: 14px; overflow: hidden; padding: 10px 5px; text-align: left; vertical-align: top; word-break: normal; border: 1px solid black;\">Holz +Folie<\/td>\n<\/tr>\n<\/tbody>\n<\/table>\n<h2>FAQ<\/h2>\n<div class=\"flex max-w-full flex-col flex-grow\">\n<div class=\"min-h-8 text-message relative flex w-full flex-col items-end gap-2 whitespace-normal break-words text-start [.text-message+&amp;]:mt-5\" dir=\"auto\" data-message-author-role=\"assistant\" data-message-id=\"8c459505-96a0-4364-a3c9-5615d21a0f6f\" data-message-model-slug=\"gpt-4o\">\n<div class=\"flex w-full flex-col gap-1 empty:hidden first:pt-[3px]\">\n<div class=\"markdown prose w-full break-words dark:prose-invert light\">\n<h3 data-start=\"0\" data-end=\"36\">1. Wie kann ich die Kostenvoranschl\u00e4ge erhalten?<\/h3>\n<ul>\n<li data-start=\"38\" data-end=\"620\">Wenn Sie \u00fcber detaillierte Zeichnungen des Blocks verf\u00fcgen, senden Sie uns diese bitte zu, damit wir Ihnen ein Angebot unterbreiten k\u00f6nnen, das auf diesen Zeichnungen basiert.<\/li>\n<li data-start=\"38\" data-end=\"620\">Wenn Sie keine detaillierten Zeichnungen haben, nennen Sie uns den Blocktyp (z. B. hohl, massiv), schicken Sie uns ein Bild des Blocks und geben Sie die Ma\u00dfe an (L\u00e4nge x Breite x Dicke in mm).<\/li>\n<li data-start=\"38\" data-end=\"620\">Wie gro\u00df ist Ihre Palette?<\/li>\n<li data-start=\"38\" data-end=\"620\">Wie gro\u00df ist Ihr Stempelkopf und wie hoch ist Ihre Gie\u00dfform?<\/li>\n<li data-start=\"38\" data-end=\"620\">Wie wird Ihre Form mit Ihrer Maschine verbunden? Wenn Sie eine Anschlusszeichnung haben, teilen Sie sie bitte mit.<\/li>\n<\/ul>\n<p data-start=\"38\" data-end=\"620\">Sobald wir diese Informationen haben, werden wir Ihnen so schnell wie m\u00f6glich ein Angebot zukommen lassen.<\/p>\n<h3 data-start=\"622\" data-end=\"792\">2. Wie sieht es mit den Lieferzeiten aus?<\/h3>\n<p data-start=\"622\" data-end=\"792\">F\u00fcr gew\u00f6hnliche Blockformen betr\u00e4gt die Frist 20-25 Arbeitstage nach Eingang der Anzahlung. F\u00fcr High-End-Blockformen, dauert es 30-40 Arbeitstage.<\/p>\n<h3 data-start=\"794\" data-end=\"913\">3. Was ist mit der Transportverpackung?<\/h3>\n<p data-start=\"794\" data-end=\"913\">Wir verwenden Holzverpackungen mit Plastikfolie oder nach den Anforderungen des K\u00e4ufers.<\/p>\n<h3 data-start=\"915\" data-end=\"1338\">4. Wird die neue Form mit meiner Maschine kompatibel sein?<\/h3>\n<p data-start=\"915\" data-end=\"1338\">Wir haben Formen f\u00fcr viele Blockmaschinenmarken hergestellt und verf\u00fcgen \u00fcber die entsprechenden Unterlagen. Einige k\u00f6nnten mit Ihrer Maschine kompatibel sein.<br data-start=\"1100\" data-end=\"1103\" \/>Bei Bedarf k\u00f6nnen Sie einen Ingenieur einladen, Ihre Maschine zu vermessen, oder wir k\u00f6nnen Fotos schicken und Messungen vornehmen, wie es viele Kunden tun.<br data-start=\"1231\" data-end=\"1234\" \/>Sobald wir die Gr\u00f6\u00dfe best\u00e4tigt haben, wird die von uns gesendete Form ohne Probleme auf Ihre Maschine passen. Sie k\u00f6nnen uns vertrauen!<\/p>\n<h3 data-start=\"1340\" data-end=\"1493\">5. Wie lauten die Zahlungsbedingungen?<\/h3>\n<p data-start=\"1340\" data-end=\"1493\">Um Ihre Bestellung abzuschlie\u00dfen, ist eine Vorauszahlung von 50% per T\/T erforderlich. Der Restbetrag muss vor dem Verladen bezahlt werden.<\/p>\n<h3 data-start=\"1495\" data-end=\"1614\">6. Wie kann ich Sie kontaktieren?<\/h3>\n<p data-start=\"1495\" data-end=\"1614\" data-is-last-node=\"\" data-is-only-node=\"\">Sie k\u00f6nnen uns \u00fcber WeChat\/WhatsApp unter +86-1330506196 oder +86-18960287187 erreichen. Wir danken Ihnen!<\/p>\n<\/div>\n<\/div>\n<\/div>\n<\/div>\n<p><iframe loading=\"lazy\" title=\"ICF-Block Arbeitsvideo\" src=\"https:\/\/www.youtube.com\/embed\/czhs2wYoLZg\" width=\"556\" height=\"310\" frameborder=\"0\" allowfullscreen=\"allowfullscreen\"><\/iframe><\/p>","protected":false},"excerpt":{"rendered":"<p>Mit fast 30 Jahren Erfahrung in der Herstellung aller Arten von Betonsteinformen bieten wir Formen mit Zykluszeiten von 80.000 oder 120.000 zur Auswahl an. Nach der W\u00e4rmebehandlung erreichen unsere Formen eine H\u00e4rte von 62 Grad, was Haltbarkeit und Leistung gew\u00e4hrleistet.<\/p>\n<table class=\"tg\" style=\"border-collapse: collapse; border-spacing: 0px; height: 266px;\" width=\"100%\">\n<tbody>\n<tr>\n<td style=\"font-family: Arial, sans-serif; font-size: 14px; overflow: hidden; padding: 10px 5px; text-align: left; vertical-align: top; word-break: normal; border: 1px solid black;\">Bestellung (MOQ) :<\/td>\n<td style=\"font-family: Arial, sans-serif; font-size: 14px; overflow: hidden; padding: 10px 5px; text-align: left; vertical-align: top; word-break: normal; border: 1px solid black;\">1 Satz<\/td>\n<\/tr>\n<tr>\n<td style=\"font-family: Arial, sans-serif; font-size: 14px; overflow: hidden; padding: 10px 5px; text-align: left; vertical-align: top; word-break: normal; border: 1px solid black;\">Bezahlung :<\/td>\n<td style=\"font-family: Arial, sans-serif; font-size: 14px; overflow: hidden; padding: 10px 5px; text-align: left; vertical-align: top; word-break: normal; border: 1px solid black;\">T\/T 100% Zahlung vor Versand oder 100% durch best\u00e4tigtes, unwiderrufliches Akkreditiv bei Sicht.<\/td>\n<\/tr>\n<tr>\n<td style=\"font-family: Arial, sans-serif; font-size: 14px; overflow: hidden; padding: 10px 5px; text-align: left; vertical-align: top; word-break: normal; border: 1px solid black;\">Produkt Herkunft :<\/td>\n<td style=\"font-family: Arial, sans-serif; font-size: 14px; overflow: hidden; padding: 10px 5px; text-align: left; vertical-align: top; word-break: normal; border: 1px solid black;\">Quanzhou Fujian<\/td>\n<\/tr>\n<tr>\n<td style=\"font-family: Arial, sans-serif; font-size: 14px; overflow: hidden; padding: 10px 5px; text-align: left; vertical-align: top; word-break: normal; border: 1px solid black;\">Farbe :<\/td>\n<td style=\"font-family: Arial, sans-serif; font-size: 14px; overflow: hidden; padding: 10px 5px; text-align: left; vertical-align: top; word-break: normal; border: 1px solid black;\">an den Bedarf anpassen<\/td>\n<\/tr>\n<tr>\n<td style=\"font-family: Arial, sans-serif; font-size: 14px; overflow: hidden; padding: 10px 5px; text-align: left; vertical-align: top; word-break: normal; border: 1px solid black;\">Verschiffungshafen:<\/td>\n<td style=\"font-family: Arial, sans-serif; font-size: 14px; overflow: hidden; padding: 10px 5px; text-align: left; vertical-align: top; word-break: normal; border: 1px solid black;\">Xiamen<\/td>\n<\/tr>\n<tr>\n<td style=\"font-family: Arial, sans-serif; font-size: 14px; overflow: hidden; padding: 10px 5px; text-align: left; vertical-align: top; word-break: normal; border: 1px solid black;\">Vorlaufzeit :<\/td>\n<td style=\"font-family: Arial, sans-serif; font-size: 14px; overflow: hidden; padding: 10px 5px; text-align: left; vertical-align: top; word-break: normal; border: 1px solid black;\">20-25 Tage<\/td>\n<\/tr>\n<\/tbody>\n<\/table>\n<p>&nbsp;<\/p>","protected":false},"featured_media":8166,"template":"","meta":[],"product_brand":[],"product_cat":[758,760],"product_tag":[],"class_list":{"0":"post-8165","1":"product","2":"type-product","3":"status-publish","4":"has-post-thumbnail","6":"product_cat-block-moulds","7":"product_cat-insulated-block-mold","9":"first","10":"instock","11":"shipping-taxable","12":"product-type-simple"},"yoast_head":"<!-- This site is optimized with the Yoast SEO plugin v24.4 - https:\/\/yoast.com\/wordpress\/plugins\/seo\/ -->\n<title>Insulating Hollow Block Moulds Supplier | Kimberly Machinery<\/title>\n<meta name=\"description\" content=\"Premium insulating hollow block molds \u2014 wear\u2011resistant, high\u2011precision, and heat\u2011treated. Compatible with global block machines.\" \/>\n<meta name=\"robots\" content=\"index, follow, max-snippet:-1, max-image-preview:large, max-video-preview:-1\" \/>\n<link rel=\"canonical\" href=\"https:\/\/www.kblmachinery.com\/de\/high-end-insulating-hollow-block-mold-for-masa-hess-brich-machines\/\" \/>\n<meta property=\"og:locale\" content=\"de_DE\" \/>\n<meta property=\"og:type\" content=\"article\" \/>\n<meta property=\"og:title\" content=\"Insulating Hollow Block Moulds Supplier | Kimberly Machinery\" \/>\n<meta property=\"og:description\" content=\"Premium insulating hollow block molds \u2014 wear\u2011resistant, high\u2011precision, and heat\u2011treated. Compatible with global block machines.\" \/>\n<meta property=\"og:url\" content=\"https:\/\/www.kblmachinery.com\/de\/high-end-insulating-hollow-block-mold-for-masa-hess-brich-machines\/\" \/>\n<meta property=\"og:site_name\" content=\"Kimberly Machinery\" \/>\n<meta property=\"article:publisher\" content=\"https:\/\/www.facebook.com\/KimberlyMachinery\" \/>\n<meta property=\"article:modified_time\" content=\"2025-11-28T07:47:41+00:00\" \/>\n<meta property=\"og:image\" content=\"https:\/\/www.kblmachinery.com\/wp-content\/uploads\/2025\/11\/High-End-Insulating-Hollow-Block-Mold-for-MASA-HESS-Brich-Machines.webp\" \/>\n\t<meta property=\"og:image:width\" content=\"805\" \/>\n\t<meta property=\"og:image:height\" content=\"805\" \/>\n\t<meta property=\"og:image:type\" content=\"image\/webp\" \/>\n<meta name=\"twitter:card\" content=\"summary_large_image\" \/>\n<meta name=\"twitter:label1\" content=\"Gesch\u00e4tzte Lesezeit\" \/>\n\t<meta name=\"twitter:data1\" content=\"3\u00a0Minuten\" \/>\n<script type=\"application\/ld+json\" class=\"yoast-schema-graph\">{\"@context\":\"https:\/\/schema.org\",\"@graph\":[{\"@type\":\"WebPage\",\"@id\":\"https:\/\/www.kblmachinery.com\/high-end-insulating-hollow-block-mold-for-masa-hess-brich-machines\/\",\"url\":\"https:\/\/www.kblmachinery.com\/high-end-insulating-hollow-block-mold-for-masa-hess-brich-machines\/\",\"name\":\"Insulating Hollow Block Moulds Supplier | Kimberly Machinery\",\"isPartOf\":{\"@id\":\"https:\/\/www.kblmachinery.com\/#website\"},\"primaryImageOfPage\":{\"@id\":\"https:\/\/www.kblmachinery.com\/high-end-insulating-hollow-block-mold-for-masa-hess-brich-machines\/#primaryimage\"},\"image\":{\"@id\":\"https:\/\/www.kblmachinery.com\/high-end-insulating-hollow-block-mold-for-masa-hess-brich-machines\/#primaryimage\"},\"thumbnailUrl\":\"https:\/\/www.kblmachinery.com\/wp-content\/uploads\/2025\/11\/High-End-Insulating-Hollow-Block-Mold-for-MASA-HESS-Brich-Machines.webp\",\"datePublished\":\"2024-08-17T05:37:00+00:00\",\"dateModified\":\"2025-11-28T07:47:41+00:00\",\"description\":\"Premium insulating hollow block molds \u2014 wear\u2011resistant, high\u2011precision, and heat\u2011treated. Compatible with global block machines.\",\"breadcrumb\":{\"@id\":\"https:\/\/www.kblmachinery.com\/high-end-insulating-hollow-block-mold-for-masa-hess-brich-machines\/#breadcrumb\"},\"inLanguage\":\"de\",\"potentialAction\":[{\"@type\":\"ReadAction\",\"target\":[\"https:\/\/www.kblmachinery.com\/high-end-insulating-hollow-block-mold-for-masa-hess-brich-machines\/\"]}]},{\"@type\":\"ImageObject\",\"inLanguage\":\"de\",\"@id\":\"https:\/\/www.kblmachinery.com\/high-end-insulating-hollow-block-mold-for-masa-hess-brich-machines\/#primaryimage\",\"url\":\"https:\/\/www.kblmachinery.com\/wp-content\/uploads\/2025\/11\/High-End-Insulating-Hollow-Block-Mold-for-MASA-HESS-Brich-Machines.webp\",\"contentUrl\":\"https:\/\/www.kblmachinery.com\/wp-content\/uploads\/2025\/11\/High-End-Insulating-Hollow-Block-Mold-for-MASA-HESS-Brich-Machines.webp\",\"width\":805,\"height\":805,\"caption\":\"hollow block mould design\"},{\"@type\":\"BreadcrumbList\",\"@id\":\"https:\/\/www.kblmachinery.com\/high-end-insulating-hollow-block-mold-for-masa-hess-brich-machines\/#breadcrumb\",\"itemListElement\":[{\"@type\":\"ListItem\",\"position\":1,\"name\":\"Home\",\"item\":\"https:\/\/www.kblmachinery.com\/\"},{\"@type\":\"ListItem\",\"position\":2,\"name\":\"High-End Insulating Hollow Block Mold for MASA HESS Brich Machines\"}]},{\"@type\":\"WebSite\",\"@id\":\"https:\/\/www.kblmachinery.com\/#website\",\"url\":\"https:\/\/www.kblmachinery.com\/\",\"name\":\"Professional Brick\/Block Making Machine in China\",\"description\":\"Block Machine Manufacturer - Kimberly Machinery\",\"publisher\":{\"@id\":\"https:\/\/www.kblmachinery.com\/#organization\"},\"potentialAction\":[{\"@type\":\"SearchAction\",\"target\":{\"@type\":\"EntryPoint\",\"urlTemplate\":\"https:\/\/www.kblmachinery.com\/?s={search_term_string}\"},\"query-input\":{\"@type\":\"PropertyValueSpecification\",\"valueRequired\":true,\"valueName\":\"search_term_string\"}}],\"inLanguage\":\"de\"},{\"@type\":\"Organization\",\"@id\":\"https:\/\/www.kblmachinery.com\/#organization\",\"name\":\"Quanzhou Kimberly Machinery Manufacturing Co. Ltd\",\"url\":\"https:\/\/www.kblmachinery.com\/\",\"logo\":{\"@type\":\"ImageObject\",\"inLanguage\":\"de\",\"@id\":\"https:\/\/www.kblmachinery.com\/#\/schema\/logo\/image\/\",\"url\":\"https:\/\/www.kblmachinery.com\/wp-content\/uploads\/2025\/11\/cropped-logo-1-1.png\",\"contentUrl\":\"https:\/\/www.kblmachinery.com\/wp-content\/uploads\/2025\/11\/cropped-logo-1-1.png\",\"width\":123,\"height\":136,\"caption\":\"Quanzhou Kimberly Machinery Manufacturing Co. Ltd\"},\"image\":{\"@id\":\"https:\/\/www.kblmachinery.com\/#\/schema\/logo\/image\/\"},\"sameAs\":[\"https:\/\/www.facebook.com\/KimberlyMachinery\"]}]}<\/script>\n<!-- \/ Yoast SEO plugin. -->","yoast_head_json":{"title":"Insulating Hollow Block Moulds Supplier | Kimberly Machinery","description":"Premium insulating hollow block molds \u2014 wear\u2011resistant, high\u2011precision, and heat\u2011treated. Compatible with global block machines.","robots":{"index":"index","follow":"follow","max-snippet":"max-snippet:-1","max-image-preview":"max-image-preview:large","max-video-preview":"max-video-preview:-1"},"canonical":"https:\/\/www.kblmachinery.com\/de\/high-end-insulating-hollow-block-mold-for-masa-hess-brich-machines\/","og_locale":"de_DE","og_type":"article","og_title":"Insulating Hollow Block Moulds Supplier | Kimberly Machinery","og_description":"Premium insulating hollow block molds \u2014 wear\u2011resistant, high\u2011precision, and heat\u2011treated. Compatible with global block machines.","og_url":"https:\/\/www.kblmachinery.com\/de\/high-end-insulating-hollow-block-mold-for-masa-hess-brich-machines\/","og_site_name":"Kimberly Machinery","article_publisher":"https:\/\/www.facebook.com\/KimberlyMachinery","article_modified_time":"2025-11-28T07:47:41+00:00","og_image":[{"width":805,"height":805,"url":"https:\/\/www.kblmachinery.com\/wp-content\/uploads\/2025\/11\/High-End-Insulating-Hollow-Block-Mold-for-MASA-HESS-Brich-Machines.webp","type":"image\/webp"}],"twitter_card":"summary_large_image","twitter_misc":{"Gesch\u00e4tzte Lesezeit":"3\u00a0Minuten"},"schema":{"@context":"https:\/\/schema.org","@graph":[{"@type":"WebPage","@id":"https:\/\/www.kblmachinery.com\/high-end-insulating-hollow-block-mold-for-masa-hess-brich-machines\/","url":"https:\/\/www.kblmachinery.com\/high-end-insulating-hollow-block-mold-for-masa-hess-brich-machines\/","name":"Insulating Hollow Block Moulds Supplier | Kimberly Machinery","isPartOf":{"@id":"https:\/\/www.kblmachinery.com\/#website"},"primaryImageOfPage":{"@id":"https:\/\/www.kblmachinery.com\/high-end-insulating-hollow-block-mold-for-masa-hess-brich-machines\/#primaryimage"},"image":{"@id":"https:\/\/www.kblmachinery.com\/high-end-insulating-hollow-block-mold-for-masa-hess-brich-machines\/#primaryimage"},"thumbnailUrl":"https:\/\/www.kblmachinery.com\/wp-content\/uploads\/2025\/11\/High-End-Insulating-Hollow-Block-Mold-for-MASA-HESS-Brich-Machines.webp","datePublished":"2024-08-17T05:37:00+00:00","dateModified":"2025-11-28T07:47:41+00:00","description":"Premium insulating hollow block molds \u2014 wear\u2011resistant, high\u2011precision, and heat\u2011treated. Compatible with global block machines.","breadcrumb":{"@id":"https:\/\/www.kblmachinery.com\/high-end-insulating-hollow-block-mold-for-masa-hess-brich-machines\/#breadcrumb"},"inLanguage":"de","potentialAction":[{"@type":"ReadAction","target":["https:\/\/www.kblmachinery.com\/high-end-insulating-hollow-block-mold-for-masa-hess-brich-machines\/"]}]},{"@type":"ImageObject","inLanguage":"de","@id":"https:\/\/www.kblmachinery.com\/high-end-insulating-hollow-block-mold-for-masa-hess-brich-machines\/#primaryimage","url":"https:\/\/www.kblmachinery.com\/wp-content\/uploads\/2025\/11\/High-End-Insulating-Hollow-Block-Mold-for-MASA-HESS-Brich-Machines.webp","contentUrl":"https:\/\/www.kblmachinery.com\/wp-content\/uploads\/2025\/11\/High-End-Insulating-Hollow-Block-Mold-for-MASA-HESS-Brich-Machines.webp","width":805,"height":805,"caption":"hollow block mould design"},{"@type":"BreadcrumbList","@id":"https:\/\/www.kblmachinery.com\/high-end-insulating-hollow-block-mold-for-masa-hess-brich-machines\/#breadcrumb","itemListElement":[{"@type":"ListItem","position":1,"name":"Home","item":"https:\/\/www.kblmachinery.com\/"},{"@type":"ListItem","position":2,"name":"High-End Insulating Hollow Block Mold for MASA HESS Brich Machines"}]},{"@type":"WebSite","@id":"https:\/\/www.kblmachinery.com\/#website","url":"https:\/\/www.kblmachinery.com\/","name":"Professional Brick\/Block Making Machine in China","description":"Block Machine Manufacturer - Kimberly Machinery","publisher":{"@id":"https:\/\/www.kblmachinery.com\/#organization"},"potentialAction":[{"@type":"SearchAction","target":{"@type":"EntryPoint","urlTemplate":"https:\/\/www.kblmachinery.com\/?s={search_term_string}"},"query-input":{"@type":"PropertyValueSpecification","valueRequired":true,"valueName":"search_term_string"}}],"inLanguage":"de"},{"@type":"Organization","@id":"https:\/\/www.kblmachinery.com\/#organization","name":"Quanzhou Kimberly Machinery Manufacturing Co. Ltd","url":"https:\/\/www.kblmachinery.com\/","logo":{"@type":"ImageObject","inLanguage":"de","@id":"https:\/\/www.kblmachinery.com\/#\/schema\/logo\/image\/","url":"https:\/\/www.kblmachinery.com\/wp-content\/uploads\/2025\/11\/cropped-logo-1-1.png","contentUrl":"https:\/\/www.kblmachinery.com\/wp-content\/uploads\/2025\/11\/cropped-logo-1-1.png","width":123,"height":136,"caption":"Quanzhou Kimberly Machinery Manufacturing Co. Ltd"},"image":{"@id":"https:\/\/www.kblmachinery.com\/#\/schema\/logo\/image\/"},"sameAs":["https:\/\/www.facebook.com\/KimberlyMachinery"]}]}},"_links":{"self":[{"href":"https:\/\/www.kblmachinery.com\/de\/wp-json\/wp\/v2\/product\/8165","targetHints":{"allow":["GET"]}}],"collection":[{"href":"https:\/\/www.kblmachinery.com\/de\/wp-json\/wp\/v2\/product"}],"about":[{"href":"https:\/\/www.kblmachinery.com\/de\/wp-json\/wp\/v2\/types\/product"}],"wp:featuredmedia":[{"embeddable":true,"href":"https:\/\/www.kblmachinery.com\/de\/wp-json\/wp\/v2\/media\/8166"}],"wp:attachment":[{"href":"https:\/\/www.kblmachinery.com\/de\/wp-json\/wp\/v2\/media?parent=8165"}],"wp:term":[{"taxonomy":"product_brand","embeddable":true,"href":"https:\/\/www.kblmachinery.com\/de\/wp-json\/wp\/v2\/product_brand?post=8165"},{"taxonomy":"product_cat","embeddable":true,"href":"https:\/\/www.kblmachinery.com\/de\/wp-json\/wp\/v2\/product_cat?post=8165"},{"taxonomy":"product_tag","embeddable":true,"href":"https:\/\/www.kblmachinery.com\/de\/wp-json\/wp\/v2\/product_tag?post=8165"}],"curies":[{"name":"wp","href":"https:\/\/api.w.org\/{rel}","templated":true}]}}