{"id":8170,"date":"2024-08-17T06:35:00","date_gmt":"2024-08-17T06:35:00","guid":{"rendered":"https:\/\/www.kblmachinery.com\/?post_type=product&#038;p=8170"},"modified":"2025-11-28T07:18:33","modified_gmt":"2025-11-28T07:18:33","slug":"grass-stone-mold-road-paver-mould-for-park","status":"publish","type":"product","link":"https:\/\/www.kblmachinery.com\/de\/grass-stone-mold-road-paver-mould-for-park\/","title":{"rendered":"Gras Stein Form Stra\u00dfe Pflasterstein Form f\u00fcr Park"},"content":{"rendered":"<h2>Rasensteinform f\u00fcr Parkwegpflasterung<\/h2>\n<table class=\"tg\" style=\"border-collapse: collapse; border-spacing: 0px; height: 168px;\" width=\"100%\">\n<tbody>\n<tr>\n<td style=\"font-family: Arial, sans-serif; font-size: 14px; overflow: hidden; padding: 10px 5px; text-align: left; vertical-align: top; word-break: normal; border: 1px solid black;\">Name<\/td>\n<td style=\"font-family: Arial, sans-serif; font-size: 14px; overflow: hidden; padding: 10px 5px; text-align: left; vertical-align: top; word-break: normal; border: 1px solid black;\">Grasklotzform<\/td>\n<td style=\"font-family: Arial, sans-serif; font-size: 14px; overflow: hidden; padding: 10px 5px; text-align: left; vertical-align: top; word-break: normal; border: 1px solid black;\">W\u00e4rmebehandlung<\/td>\n<td style=\"font-family: Arial, sans-serif; font-size: 14px; overflow: hidden; padding: 10px 5px; text-align: left; vertical-align: top; word-break: normal; border: 1px solid black;\">Karbonitrieren 900-950\u00b0C<\/td>\n<\/tr>\n<tr>\n<td style=\"font-family: Arial, sans-serif; font-size: 14px; overflow: hidden; padding: 10px 5px; text-align: left; vertical-align: top; word-break: normal; border: 1px solid black;\">Rohmaterial<\/td>\n<td style=\"font-family: Arial, sans-serif; font-size: 14px; overflow: hidden; padding: 10px 5px; text-align: left; vertical-align: top; word-break: normal; border: 1px solid black;\">besonders verschlei\u00dffester Stahl<\/td>\n<td style=\"font-family: Arial, sans-serif; font-size: 14px; overflow: hidden; padding: 10px 5px; text-align: left; vertical-align: top; word-break: normal; border: 1px solid black;\">H\u00e4rte<\/td>\n<td style=\"font-family: Arial, sans-serif; font-size: 14px; overflow: hidden; padding: 10px 5px; text-align: left; vertical-align: top; word-break: normal; border: 1px solid black;\">60-65HRC<\/td>\n<\/tr>\n<tr>\n<td style=\"font-family: Arial, sans-serif; font-size: 14px; overflow: hidden; padding: 10px 5px; text-align: left; vertical-align: top; word-break: normal; border: 1px solid black;\">Blocktyp<\/td>\n<td style=\"font-family: Arial, sans-serif; font-size: 14px; overflow: hidden; padding: 10px 5px; text-align: left; vertical-align: top; word-break: normal; border: 1px solid black;\">Hohlblocksteine, Verbundsteine, Pflastersteine und Bordsteinkanten k\u00f6nnen individuell angepasst werden.<\/td>\n<td style=\"font-family: Arial, sans-serif; font-size: 14px; overflow: hidden; padding: 10px 5px; text-align: left; vertical-align: top; word-break: normal; border: 1px solid black;\">HS-Code<\/td>\n<td style=\"font-family: Arial, sans-serif; font-size: 14px; overflow: hidden; padding: 10px 5px; text-align: left; vertical-align: top; word-break: normal; border: 1px solid black;\">848060<\/td>\n<\/tr>\n<tr>\n<td style=\"font-family: Arial, sans-serif; font-size: 14px; overflow: hidden; padding: 10px 5px; text-align: left; vertical-align: top; word-break: normal; border: 1px solid black;\">Lebenserwartung<\/td>\n<td style=\"font-family: Arial, sans-serif; font-size: 14px; overflow: hidden; padding: 10px 5px; text-align: left; vertical-align: top; word-break: normal; border: 1px solid black;\">100000-120000 Mal<\/td>\n<td style=\"font-family: Arial, sans-serif; font-size: 14px; overflow: hidden; padding: 10px 5px; text-align: left; vertical-align: top; word-break: normal; border: 1px solid black;\">Verpacken<\/td>\n<td style=\"font-family: Arial, sans-serif; font-size: 14px; overflow: hidden; padding: 10px 5px; text-align: left; vertical-align: top; word-break: normal; border: 1px solid black;\">Holz +Folie<\/td>\n<\/tr>\n<\/tbody>\n<\/table>\n<h2>Merkmale:<\/h2>\n<h3>Der fortschrittlichste Montageprozess<\/h3>\n<ol>\n<li>Wir verwenden fortschrittliche Schwei\u00dftechnik und Entspannungsbehandlung, um Pr\u00e4zision zu gew\u00e4hrleisten. Wenn Spannungen im Formenmaterial verbleiben, k\u00f6nnen sich Kavit\u00e4t und Kern w\u00e4hrend des Gebrauchs verformen, was zu Fehlern bei Abmessungen, Form und Toleranzen f\u00fchrt. Dies kann dazu f\u00fchren, dass qualifizierte Produkte die Fehlergrenzen \u00fcberschreiten, dass gut aufeinander abgestimmte Komponenten sich verklemmen oder dass die Form sogar unbrauchbar wird. Um dies zu verhindern, minimieren wir die Verformung w\u00e4hrend der W\u00e4rmebehandlung und f\u00fchren nach dem Abschrecken ein Anlassen durch, um die durch die Bearbeitung und W\u00e4rmebehandlung entstandenen inneren Spannungen zu beseitigen und die einwandfreie Funktion der Form zu gew\u00e4hrleisten.<\/li>\n<li>F\u00fcr die Kompatibilit\u00e4t mit Ihrer Maschine halten wir einen Pressfu\u00dfabstand von 0,3-0,8 mm ein.<\/li>\n<li>Wir verwenden hochfeste Verbindungsbolzen mit Normteilen und Anti-Locker-Behandlung f\u00fcr eine lange Lebensdauer.<\/li>\n<li>Unser standardisierter Montageprozess gew\u00e4hrleistet einen einfachen Austausch von Teilen.<\/li>\n<li>Wir verwenden hochwertige verschlei\u00dffeste Stahlplatten f\u00fcr eine lange Lebensdauer.<\/li>\n<li>Unsere Formen verf\u00fcgen \u00fcber eine D\u00e4mpfungsfunktion f\u00fcr einen reibungsloseren Betrieb.<\/li>\n<li>Wir bieten digitales, kostenloses Oberfl\u00e4chendesign zur individuellen Gestaltung.<\/li>\n<\/ol>\n<h3>Um die Haltbarkeit der Form zu gew\u00e4hrleisten, f\u00fchren wir eine Karbonitrierew\u00e4rmebehandlung durch (60-65HRC).<\/h3>\n<ol>\n<li>Wir h\u00e4rten den Matrizenrahmen und den Pressfu\u00df auf 60-65HRC.<\/li>\n<li>Wir erreichen eine Mindesth\u00e4rtetiefe von 1,2 mm f\u00fcr eine verbesserte Festigkeit.<\/li>\n<\/ol>\n<p><iframe loading=\"lazy\" title=\"ICF-Block Arbeitsvideo\" src=\"https:\/\/www.youtube.com\/embed\/czhs2wYoLZg\" width=\"556\" height=\"310\" frameborder=\"0\" allowfullscreen=\"allowfullscreen\"><\/iframe><\/p>","protected":false},"excerpt":{"rendered":"<p>Rasengittersteine, auch bekannt als Rasenpflaster, sind eine moderne L\u00f6sung, die das Betreten oder Parken auf dem Rasen verhindern soll. Diese Ziegel gibt es in verschiedenen Formen, darunter Tic-Tac-Toe, Vest, einfache Acht, doppelte Acht und Gitter.<\/p>\n<table class=\"tg\" style=\"border-collapse: collapse; border-spacing: 0px; height: 247px;\" width=\"100%\">\n<tbody>\n<tr>\n<td style=\"font-family: Arial, sans-serif; font-size: 14px; overflow: hidden; padding: 10px 5px; text-align: left; vertical-align: top; word-break: normal; border: 1px solid black;\">Bestellung (MOQ) :<\/td>\n<td style=\"font-family: Arial, sans-serif; font-size: 14px; overflow: hidden; padding: 10px 5px; text-align: left; vertical-align: top; word-break: normal; border: 1px solid black;\">1 Satz<\/td>\n<\/tr>\n<tr>\n<td style=\"font-family: Arial, sans-serif; font-size: 14px; overflow: hidden; padding: 10px 5px; text-align: left; vertical-align: top; word-break: normal; border: 1px solid black;\">Bezahlung :<\/td>\n<td style=\"font-family: Arial, sans-serif; font-size: 14px; overflow: hidden; padding: 10px 5px; text-align: left; vertical-align: top; word-break: normal; border: 1px solid black;\">T\/T 100% Zahlung vor Versand oder 100% durch best\u00e4tigtes, unwiderrufliches Akkreditiv bei Sicht.<\/td>\n<\/tr>\n<tr>\n<td style=\"font-family: Arial, sans-serif; font-size: 14px; overflow: hidden; padding: 10px 5px; text-align: left; vertical-align: top; word-break: normal; border: 1px solid black;\">Produkt Herkunft :<\/td>\n<td style=\"font-family: Arial, sans-serif; font-size: 14px; overflow: hidden; padding: 10px 5px; text-align: left; vertical-align: top; word-break: normal; border: 1px solid black;\">Quanzhou Fujian<\/td>\n<\/tr>\n<tr>\n<td style=\"font-family: Arial, sans-serif; font-size: 14px; overflow: hidden; padding: 10px 5px; text-align: left; vertical-align: top; word-break: normal; border: 1px solid black;\">Farbe :<\/td>\n<td style=\"font-family: Arial, sans-serif; font-size: 14px; overflow: hidden; padding: 10px 5px; text-align: left; vertical-align: top; word-break: normal; border: 1px solid black;\">an den Bedarf anpassen<\/td>\n<\/tr>\n<tr>\n<td style=\"font-family: Arial, sans-serif; font-size: 14px; overflow: hidden; padding: 10px 5px; text-align: left; vertical-align: top; word-break: normal; border: 1px solid black;\">Verschiffungshafen:<\/td>\n<td style=\"font-family: Arial, sans-serif; font-size: 14px; overflow: hidden; padding: 10px 5px; text-align: left; vertical-align: top; word-break: normal; border: 1px solid black;\">Xiamen<\/td>\n<\/tr>\n<tr>\n<td style=\"font-family: Arial, sans-serif; font-size: 14px; overflow: hidden; padding: 10px 5px; text-align: left; vertical-align: top; word-break: normal; border: 1px solid black;\">Vorlaufzeit :<\/td>\n<td style=\"font-family: Arial, sans-serif; font-size: 14px; overflow: hidden; padding: 10px 5px; text-align: left; vertical-align: top; word-break: normal; border: 1px solid black;\">20-25 Tage<\/td>\n<\/tr>\n<\/tbody>\n<\/table>\n<p>&nbsp;<\/p>","protected":false},"featured_media":8171,"template":"","meta":[],"product_brand":[],"product_cat":[758,763],"product_tag":[764],"class_list":{"0":"post-8170","1":"product","2":"type-product","3":"status-publish","4":"has-post-thumbnail","6":"product_cat-block-moulds","7":"product_cat-paving-stone-mould","8":"product_tag-special-grass-mold","10":"first","11":"instock","12":"shipping-taxable","13":"product-type-simple"},"yoast_head":"<!-- This site is optimized with the Yoast SEO plugin v24.4 - https:\/\/yoast.com\/wordpress\/plugins\/seo\/ -->\n<title>Grass Stone &amp; Road Paver Moulds | Kimberly Machinery<\/title>\n<meta name=\"description\" content=\"Durable grass\u2011stone and road\u2011paver moulds for parks, pavements and landscaping \u2014 customizable, high\u2011precision and ideal for permeable &amp; eco\u2011friendly block production.\" \/>\n<meta name=\"robots\" content=\"index, follow, max-snippet:-1, max-image-preview:large, max-video-preview:-1\" \/>\n<link rel=\"canonical\" href=\"https:\/\/www.kblmachinery.com\/de\/grass-stone-mold-road-paver-mould-for-park\/\" \/>\n<meta property=\"og:locale\" content=\"de_DE\" \/>\n<meta property=\"og:type\" content=\"article\" \/>\n<meta property=\"og:title\" content=\"Grass Stone &amp; Road Paver Moulds | Kimberly Machinery\" \/>\n<meta property=\"og:description\" content=\"Durable grass\u2011stone and road\u2011paver moulds for parks, pavements and landscaping \u2014 customizable, high\u2011precision and ideal for permeable &amp; eco\u2011friendly block production.\" \/>\n<meta property=\"og:url\" content=\"https:\/\/www.kblmachinery.com\/de\/grass-stone-mold-road-paver-mould-for-park\/\" \/>\n<meta property=\"og:site_name\" content=\"Kimberly Machinery\" \/>\n<meta property=\"article:publisher\" content=\"https:\/\/www.facebook.com\/KimberlyMachinery\" \/>\n<meta property=\"article:modified_time\" content=\"2025-11-28T07:18:33+00:00\" \/>\n<meta property=\"og:image\" content=\"https:\/\/www.kblmachinery.com\/wp-content\/uploads\/2025\/11\/Grass-Stone-Mold-Road-Paver-Mould-for-Park.webp\" \/>\n\t<meta property=\"og:image:width\" content=\"805\" \/>\n\t<meta property=\"og:image:height\" content=\"805\" \/>\n\t<meta property=\"og:image:type\" content=\"image\/webp\" \/>\n<meta name=\"twitter:card\" content=\"summary_large_image\" \/>\n<meta name=\"twitter:label1\" content=\"Gesch\u00e4tzte Lesezeit\" \/>\n\t<meta name=\"twitter:data1\" content=\"2\u00a0Minuten\" \/>\n<script type=\"application\/ld+json\" class=\"yoast-schema-graph\">{\"@context\":\"https:\/\/schema.org\",\"@graph\":[{\"@type\":\"WebPage\",\"@id\":\"https:\/\/www.kblmachinery.com\/grass-stone-mold-road-paver-mould-for-park\/\",\"url\":\"https:\/\/www.kblmachinery.com\/grass-stone-mold-road-paver-mould-for-park\/\",\"name\":\"Grass Stone & Road Paver Moulds | Kimberly Machinery\",\"isPartOf\":{\"@id\":\"https:\/\/www.kblmachinery.com\/#website\"},\"primaryImageOfPage\":{\"@id\":\"https:\/\/www.kblmachinery.com\/grass-stone-mold-road-paver-mould-for-park\/#primaryimage\"},\"image\":{\"@id\":\"https:\/\/www.kblmachinery.com\/grass-stone-mold-road-paver-mould-for-park\/#primaryimage\"},\"thumbnailUrl\":\"https:\/\/www.kblmachinery.com\/wp-content\/uploads\/2025\/11\/Grass-Stone-Mold-Road-Paver-Mould-for-Park.webp\",\"datePublished\":\"2024-08-17T06:35:00+00:00\",\"dateModified\":\"2025-11-28T07:18:33+00:00\",\"description\":\"Durable grass\u2011stone and road\u2011paver moulds for parks, pavements and landscaping \u2014 customizable, high\u2011precision and ideal for permeable & eco\u2011friendly block production.\",\"breadcrumb\":{\"@id\":\"https:\/\/www.kblmachinery.com\/grass-stone-mold-road-paver-mould-for-park\/#breadcrumb\"},\"inLanguage\":\"de\",\"potentialAction\":[{\"@type\":\"ReadAction\",\"target\":[\"https:\/\/www.kblmachinery.com\/grass-stone-mold-road-paver-mould-for-park\/\"]}]},{\"@type\":\"ImageObject\",\"inLanguage\":\"de\",\"@id\":\"https:\/\/www.kblmachinery.com\/grass-stone-mold-road-paver-mould-for-park\/#primaryimage\",\"url\":\"https:\/\/www.kblmachinery.com\/wp-content\/uploads\/2025\/11\/Grass-Stone-Mold-Road-Paver-Mould-for-Park.webp\",\"contentUrl\":\"https:\/\/www.kblmachinery.com\/wp-content\/uploads\/2025\/11\/Grass-Stone-Mold-Road-Paver-Mould-for-Park.webp\",\"width\":805,\"height\":805,\"caption\":\"Grass Stone Mold Road Paver Mould for Park\"},{\"@type\":\"BreadcrumbList\",\"@id\":\"https:\/\/www.kblmachinery.com\/grass-stone-mold-road-paver-mould-for-park\/#breadcrumb\",\"itemListElement\":[{\"@type\":\"ListItem\",\"position\":1,\"name\":\"Home\",\"item\":\"https:\/\/www.kblmachinery.com\/\"},{\"@type\":\"ListItem\",\"position\":2,\"name\":\"Grass Stone Mold Road Paver Mould for Park\"}]},{\"@type\":\"WebSite\",\"@id\":\"https:\/\/www.kblmachinery.com\/#website\",\"url\":\"https:\/\/www.kblmachinery.com\/\",\"name\":\"Professional Brick\/Block Making Machine in China\",\"description\":\"Block Machine Manufacturer - Kimberly Machinery\",\"publisher\":{\"@id\":\"https:\/\/www.kblmachinery.com\/#organization\"},\"potentialAction\":[{\"@type\":\"SearchAction\",\"target\":{\"@type\":\"EntryPoint\",\"urlTemplate\":\"https:\/\/www.kblmachinery.com\/?s={search_term_string}\"},\"query-input\":{\"@type\":\"PropertyValueSpecification\",\"valueRequired\":true,\"valueName\":\"search_term_string\"}}],\"inLanguage\":\"de\"},{\"@type\":\"Organization\",\"@id\":\"https:\/\/www.kblmachinery.com\/#organization\",\"name\":\"Quanzhou Kimberly Machinery Manufacturing Co. Ltd\",\"url\":\"https:\/\/www.kblmachinery.com\/\",\"logo\":{\"@type\":\"ImageObject\",\"inLanguage\":\"de\",\"@id\":\"https:\/\/www.kblmachinery.com\/#\/schema\/logo\/image\/\",\"url\":\"https:\/\/www.kblmachinery.com\/wp-content\/uploads\/2025\/11\/cropped-logo-1-1.png\",\"contentUrl\":\"https:\/\/www.kblmachinery.com\/wp-content\/uploads\/2025\/11\/cropped-logo-1-1.png\",\"width\":123,\"height\":136,\"caption\":\"Quanzhou Kimberly Machinery Manufacturing Co. Ltd\"},\"image\":{\"@id\":\"https:\/\/www.kblmachinery.com\/#\/schema\/logo\/image\/\"},\"sameAs\":[\"https:\/\/www.facebook.com\/KimberlyMachinery\"]}]}<\/script>\n<!-- \/ Yoast SEO plugin. -->","yoast_head_json":{"title":"Grass Stone & Road Paver Moulds | Kimberly Machinery","description":"Durable grass\u2011stone and road\u2011paver moulds for parks, pavements and landscaping \u2014 customizable, high\u2011precision and ideal for permeable & eco\u2011friendly block production.","robots":{"index":"index","follow":"follow","max-snippet":"max-snippet:-1","max-image-preview":"max-image-preview:large","max-video-preview":"max-video-preview:-1"},"canonical":"https:\/\/www.kblmachinery.com\/de\/grass-stone-mold-road-paver-mould-for-park\/","og_locale":"de_DE","og_type":"article","og_title":"Grass Stone & Road Paver Moulds | Kimberly Machinery","og_description":"Durable grass\u2011stone and road\u2011paver moulds for parks, pavements and landscaping \u2014 customizable, high\u2011precision and ideal for permeable & eco\u2011friendly block production.","og_url":"https:\/\/www.kblmachinery.com\/de\/grass-stone-mold-road-paver-mould-for-park\/","og_site_name":"Kimberly Machinery","article_publisher":"https:\/\/www.facebook.com\/KimberlyMachinery","article_modified_time":"2025-11-28T07:18:33+00:00","og_image":[{"width":805,"height":805,"url":"https:\/\/www.kblmachinery.com\/wp-content\/uploads\/2025\/11\/Grass-Stone-Mold-Road-Paver-Mould-for-Park.webp","type":"image\/webp"}],"twitter_card":"summary_large_image","twitter_misc":{"Gesch\u00e4tzte Lesezeit":"2\u00a0Minuten"},"schema":{"@context":"https:\/\/schema.org","@graph":[{"@type":"WebPage","@id":"https:\/\/www.kblmachinery.com\/grass-stone-mold-road-paver-mould-for-park\/","url":"https:\/\/www.kblmachinery.com\/grass-stone-mold-road-paver-mould-for-park\/","name":"Grass Stone & Road Paver Moulds | Kimberly Machinery","isPartOf":{"@id":"https:\/\/www.kblmachinery.com\/#website"},"primaryImageOfPage":{"@id":"https:\/\/www.kblmachinery.com\/grass-stone-mold-road-paver-mould-for-park\/#primaryimage"},"image":{"@id":"https:\/\/www.kblmachinery.com\/grass-stone-mold-road-paver-mould-for-park\/#primaryimage"},"thumbnailUrl":"https:\/\/www.kblmachinery.com\/wp-content\/uploads\/2025\/11\/Grass-Stone-Mold-Road-Paver-Mould-for-Park.webp","datePublished":"2024-08-17T06:35:00+00:00","dateModified":"2025-11-28T07:18:33+00:00","description":"Durable grass\u2011stone and road\u2011paver moulds for parks, pavements and landscaping \u2014 customizable, high\u2011precision and ideal for permeable & eco\u2011friendly block production.","breadcrumb":{"@id":"https:\/\/www.kblmachinery.com\/grass-stone-mold-road-paver-mould-for-park\/#breadcrumb"},"inLanguage":"de","potentialAction":[{"@type":"ReadAction","target":["https:\/\/www.kblmachinery.com\/grass-stone-mold-road-paver-mould-for-park\/"]}]},{"@type":"ImageObject","inLanguage":"de","@id":"https:\/\/www.kblmachinery.com\/grass-stone-mold-road-paver-mould-for-park\/#primaryimage","url":"https:\/\/www.kblmachinery.com\/wp-content\/uploads\/2025\/11\/Grass-Stone-Mold-Road-Paver-Mould-for-Park.webp","contentUrl":"https:\/\/www.kblmachinery.com\/wp-content\/uploads\/2025\/11\/Grass-Stone-Mold-Road-Paver-Mould-for-Park.webp","width":805,"height":805,"caption":"Grass Stone Mold Road Paver Mould for Park"},{"@type":"BreadcrumbList","@id":"https:\/\/www.kblmachinery.com\/grass-stone-mold-road-paver-mould-for-park\/#breadcrumb","itemListElement":[{"@type":"ListItem","position":1,"name":"Home","item":"https:\/\/www.kblmachinery.com\/"},{"@type":"ListItem","position":2,"name":"Grass Stone Mold Road Paver Mould for Park"}]},{"@type":"WebSite","@id":"https:\/\/www.kblmachinery.com\/#website","url":"https:\/\/www.kblmachinery.com\/","name":"Professional Brick\/Block Making Machine in China","description":"Block Machine Manufacturer - Kimberly Machinery","publisher":{"@id":"https:\/\/www.kblmachinery.com\/#organization"},"potentialAction":[{"@type":"SearchAction","target":{"@type":"EntryPoint","urlTemplate":"https:\/\/www.kblmachinery.com\/?s={search_term_string}"},"query-input":{"@type":"PropertyValueSpecification","valueRequired":true,"valueName":"search_term_string"}}],"inLanguage":"de"},{"@type":"Organization","@id":"https:\/\/www.kblmachinery.com\/#organization","name":"Quanzhou Kimberly Machinery Manufacturing Co. Ltd","url":"https:\/\/www.kblmachinery.com\/","logo":{"@type":"ImageObject","inLanguage":"de","@id":"https:\/\/www.kblmachinery.com\/#\/schema\/logo\/image\/","url":"https:\/\/www.kblmachinery.com\/wp-content\/uploads\/2025\/11\/cropped-logo-1-1.png","contentUrl":"https:\/\/www.kblmachinery.com\/wp-content\/uploads\/2025\/11\/cropped-logo-1-1.png","width":123,"height":136,"caption":"Quanzhou Kimberly Machinery Manufacturing Co. Ltd"},"image":{"@id":"https:\/\/www.kblmachinery.com\/#\/schema\/logo\/image\/"},"sameAs":["https:\/\/www.facebook.com\/KimberlyMachinery"]}]}},"_links":{"self":[{"href":"https:\/\/www.kblmachinery.com\/de\/wp-json\/wp\/v2\/product\/8170","targetHints":{"allow":["GET"]}}],"collection":[{"href":"https:\/\/www.kblmachinery.com\/de\/wp-json\/wp\/v2\/product"}],"about":[{"href":"https:\/\/www.kblmachinery.com\/de\/wp-json\/wp\/v2\/types\/product"}],"wp:featuredmedia":[{"embeddable":true,"href":"https:\/\/www.kblmachinery.com\/de\/wp-json\/wp\/v2\/media\/8171"}],"wp:attachment":[{"href":"https:\/\/www.kblmachinery.com\/de\/wp-json\/wp\/v2\/media?parent=8170"}],"wp:term":[{"taxonomy":"product_brand","embeddable":true,"href":"https:\/\/www.kblmachinery.com\/de\/wp-json\/wp\/v2\/product_brand?post=8170"},{"taxonomy":"product_cat","embeddable":true,"href":"https:\/\/www.kblmachinery.com\/de\/wp-json\/wp\/v2\/product_cat?post=8170"},{"taxonomy":"product_tag","embeddable":true,"href":"https:\/\/www.kblmachinery.com\/de\/wp-json\/wp\/v2\/product_tag?post=8170"}],"curies":[{"name":"wp","href":"https:\/\/api.w.org\/{rel}","templated":true}]}}