{"id":8176,"date":"2024-08-17T06:30:00","date_gmt":"2024-08-17T06:30:00","guid":{"rendered":"https:\/\/www.kblmachinery.com\/?post_type=product&#038;p=8176"},"modified":"2025-11-27T06:02:19","modified_gmt":"2025-11-27T06:02:19","slug":"pavingstone-mold-ceiling-block-mould-many-types-of-blocks-can-be-customized","status":"publish","type":"product","link":"https:\/\/www.kblmachinery.com\/de\/pavingstone-mold-ceiling-block-mould-many-types-of-blocks-can-be-customized\/","title":{"rendered":"Pflastersteinform Deckenblockform Viele Arten von Bl\u00f6cken k\u00f6nnen individuell angepasst werden"},"content":{"rendered":"<h2>Paving Stone Mold, Ceiling Block Molds &#8211; Customizable for Various Block Types<\/h2>\n<p>High-quality, customizable steel molds for paving stones and ceiling blocks, suitable for various concrete block types with precision and durability.<\/p>\n<h2>Technische Spezifikationen unserer Formen<\/h2>\n<table class=\"tg\" style=\"border-collapse: collapse; border-spacing: 0px; height: 184px;\" width=\"100%\">\n<tbody>\n<tr>\n<td style=\"font-family: Arial, sans-serif; font-size: 14px; overflow: hidden; padding: 10px 5px; text-align: left; vertical-align: top; word-break: normal; border: 1px solid black;\">Name<\/td>\n<td style=\"font-family: Arial, sans-serif; font-size: 14px; overflow: hidden; padding: 10px 5px; text-align: left; vertical-align: top; word-break: normal; border: 1px solid black;\">Pflastersteinform<\/td>\n<td style=\"font-family: Arial, sans-serif; font-size: 14px; overflow: hidden; padding: 10px 5px; text-align: left; vertical-align: top; word-break: normal; border: 1px solid black;\">W\u00e4rmebehandlung<\/td>\n<td style=\"font-family: Arial, sans-serif; font-size: 14px; overflow: hidden; padding: 10px 5px; text-align: left; vertical-align: top; word-break: normal; border: 1px solid black;\">Karbonitrierung 900-950<span style=\"color: #555;\">\u00b0<\/span>C<\/td>\n<\/tr>\n<tr>\n<td style=\"font-family: Arial, sans-serif; font-size: 14px; overflow: hidden; padding: 10px 5px; text-align: left; vertical-align: top; word-break: normal; border: 1px solid black;\">Rohmaterial<\/td>\n<td style=\"font-family: Arial, sans-serif; font-size: 14px; overflow: hidden; padding: 10px 5px; text-align: left; vertical-align: top; word-break: normal; border: 1px solid black;\">besonders verschlei\u00dffester Stahl<\/td>\n<td style=\"font-family: Arial, sans-serif; font-size: 14px; overflow: hidden; padding: 10px 5px; text-align: left; vertical-align: top; word-break: normal; border: 1px solid black;\">H\u00e4rte<\/td>\n<td style=\"font-family: Arial, sans-serif; font-size: 14px; overflow: hidden; padding: 10px 5px; text-align: left; vertical-align: top; word-break: normal; border: 1px solid black;\">60-65HRC<\/td>\n<\/tr>\n<tr>\n<td style=\"font-family: Arial, sans-serif; font-size: 14px; overflow: hidden; padding: 10px 5px; text-align: left; vertical-align: top; word-break: normal; border: 1px solid black;\">Blocktyp<\/td>\n<td style=\"font-family: Arial, sans-serif; font-size: 14px; overflow: hidden; padding: 10px 5px; text-align: left; vertical-align: top; word-break: normal; border: 1px solid black;\">Hohlblocksteine, Verbundsteine, Pflastersteine und Bordsteinkanten k\u00f6nnen individuell angepasst werden.<\/td>\n<td style=\"font-family: Arial, sans-serif; font-size: 14px; overflow: hidden; padding: 10px 5px; text-align: left; vertical-align: top; word-break: normal; border: 1px solid black;\">HS-Code<\/td>\n<td style=\"font-family: Arial, sans-serif; font-size: 14px; overflow: hidden; padding: 10px 5px; text-align: left; vertical-align: top; word-break: normal; border: 1px solid black;\">848060<\/td>\n<\/tr>\n<tr>\n<td style=\"font-family: Arial, sans-serif; font-size: 14px; overflow: hidden; padding: 10px 5px; text-align: left; vertical-align: top; word-break: normal; border: 1px solid black;\">Lebenserwartung<\/td>\n<td style=\"font-family: Arial, sans-serif; font-size: 14px; overflow: hidden; padding: 10px 5px; text-align: left; vertical-align: top; word-break: normal; border: 1px solid black;\">100000-120000 Mal<\/td>\n<td style=\"font-family: Arial, sans-serif; font-size: 14px; overflow: hidden; padding: 10px 5px; text-align: left; vertical-align: top; word-break: normal; border: 1px solid black;\">Verpacken<\/td>\n<td style=\"font-family: Arial, sans-serif; font-size: 14px; overflow: hidden; padding: 10px 5px; text-align: left; vertical-align: top; word-break: normal; border: 1px solid black;\">Holz +Folie<\/td>\n<\/tr>\n<\/tbody>\n<\/table>\n<h2><img loading=\"lazy\" decoding=\"async\" class=\"alignnone  wp-image-8235\" src=\"https:\/\/www.kblmachinery.com\/wp-content\/uploads\/2025\/11\/All-kinds-of-concrete-block-molding-paving-mould-block-mold-for-sale-3.webp\" alt=\"All kinds of concrete block molding paving mould block mold for sale (2)\" width=\"528\" height=\"528\" srcset=\"https:\/\/www.kblmachinery.com\/wp-content\/uploads\/2025\/11\/All-kinds-of-concrete-block-molding-paving-mould-block-mold-for-sale-3.webp 800w, https:\/\/www.kblmachinery.com\/wp-content\/uploads\/2025\/11\/All-kinds-of-concrete-block-molding-paving-mould-block-mold-for-sale-3-100x100.webp 100w, https:\/\/www.kblmachinery.com\/wp-content\/uploads\/2025\/11\/All-kinds-of-concrete-block-molding-paving-mould-block-mold-for-sale-3-600x600.webp 600w\" sizes=\"auto, (max-width: 528px) 100vw, 528px\" \/> <img loading=\"lazy\" decoding=\"async\" class=\"alignnone  wp-image-8234\" src=\"https:\/\/www.kblmachinery.com\/wp-content\/uploads\/2025\/11\/All-kinds-of-concrete-block-molding-paving-mould-block-mold-for-sale-2.webp\" alt=\"All kinds of concrete block molding paving mould block mold for sale (2)\" width=\"529\" height=\"529\" srcset=\"https:\/\/www.kblmachinery.com\/wp-content\/uploads\/2025\/11\/All-kinds-of-concrete-block-molding-paving-mould-block-mold-for-sale-2.webp 800w, https:\/\/www.kblmachinery.com\/wp-content\/uploads\/2025\/11\/All-kinds-of-concrete-block-molding-paving-mould-block-mold-for-sale-2-100x100.webp 100w, https:\/\/www.kblmachinery.com\/wp-content\/uploads\/2025\/11\/All-kinds-of-concrete-block-molding-paving-mould-block-mold-for-sale-2-600x600.webp 600w\" sizes=\"auto, (max-width: 529px) 100vw, 529px\" \/><\/h2>\n<h2><\/h2>\n<h2>FAQ:<\/h2>\n<h3 data-start=\"45\" data-end=\"81\">Wie kann ich einen Kostenvoranschlag erhalten?<\/h3>\n<ol data-start=\"82\" data-end=\"512\">\n<li data-start=\"82\" data-end=\"186\">\n<p data-start=\"85\" data-end=\"186\">Mit detaillierten Zeichnungen: Schicken Sie uns Ihre Blockzeichnungen, und wir werden Ihnen ein Angebot auf der Grundlage dieser Zeichnungen erstellen.<\/p>\n<\/li>\n<li data-start=\"187\" data-end=\"326\">\n<p data-start=\"190\" data-end=\"326\">Ohne Zeichnung: Nennen Sie uns den Blocktyp (hohl oder massiv) und f\u00fcgen Sie ein Foto mit den Abmessungen (L\u00e4nge \u00d7 Breite \u00d7 Dicke in mm) bei.<\/p>\n<\/li>\n<li data-start=\"327\" data-end=\"512\">\n<p data-start=\"330\" data-end=\"512\">Additional Information: Share your pallet size, tamper head size, mold height, and explain how your mold connects to your machine. Connection drawings are helpful if available.<\/p>\n<\/li>\n<\/ol>\n<p data-start=\"514\" data-end=\"602\">Sobald wir Ihre Informationen erhalten haben, werden wir so schnell wie m\u00f6glich ein Angebot erstellen.<\/p>\n<h3 data-start=\"609\" data-end=\"645\">Wie lange dauert die Lieferung?<\/h3>\n<ul data-start=\"646\" data-end=\"759\">\n<li data-start=\"646\" data-end=\"702\">\n<p data-start=\"648\" data-end=\"702\">Standardformen: 20-25 Arbeitstage nach Ablieferung<\/p>\n<\/li>\n<li data-start=\"703\" data-end=\"759\">\n<p data-start=\"705\" data-end=\"759\">Hochwertige Gussformen: 30-40 Arbeitstage nach Hinterlegung<\/p>\n<\/li>\n<\/ul>\n<h3 data-start=\"766\" data-end=\"813\">How Is the Transport Packing Handled?<\/h3>\n<p data-start=\"814\" data-end=\"929\">Wir verwenden standardm\u00e4\u00dfig Holzkisten mit Plastikfolie oder k\u00f6nnen die Verpackung nach Ihren W\u00fcnschen anpassen.<\/p>\n<h3 data-start=\"936\" data-end=\"990\">Wird die Form mit meiner Maschine kompatibel sein?<\/h3>\n<p data-start=\"991\" data-end=\"1122\">We manufacture molds for various block machine brands and maintain detailed records, so some molds may already suit your machine.<\/p>\n<ul data-start=\"1124\" data-end=\"1333\">\n<li data-start=\"1124\" data-end=\"1250\">\n<p data-start=\"1126\" data-end=\"1250\">If needed, you can invite an engineer to take measurements, or we can guide you to send photos and measurements digitally.<\/p>\n<\/li>\n<li data-start=\"1251\" data-end=\"1333\">\n<p data-start=\"1253\" data-end=\"1333\">After confirming sizing, the mold we send will fit your machine perfectly.<\/p>\n<\/li>\n<\/ul>\n<h3 data-start=\"1340\" data-end=\"1372\">How Can I Contact You?<\/h3>\n<p data-start=\"1373\" data-end=\"1444\">Erreichen Sie uns \u00fcber WeChat oder WhatsApp: +86-1330506196 | +86-18960287187<\/p>\n<p data-start=\"1446\" data-end=\"1481\">Wir freuen uns darauf, Sie zu unterst\u00fctzen!<\/p>\n<p><iframe loading=\"lazy\" title=\"ICF-Block Arbeitsvideo\" src=\"https:\/\/www.youtube.com\/embed\/czhs2wYoLZg\" width=\"556\" height=\"310\" frameborder=\"0\" allowfullscreen=\"allowfullscreen\"><\/iframe><\/p>\n<h2>\u00dcber Kimberly Machinery<\/h2>\n<p>Unsere Fabrik wurde in den 1990er Jahren gegr\u00fcndet und verf\u00fcgt \u00fcber fast 30 Jahre Produktionserfahrung. Nicht nur f\u00fcr den heimischen Markt, sondern auch f\u00fcr das Ausland, haben wir seit 2008 exportiert.<\/p>\n<p>In den letzten Jahren haben wir eine gro\u00dfe Anzahl von Formen f\u00fcr verschiedene Marken-Steinmaschinen im In- und Ausland geliefert, darunter MASA, HESS, ZENITH usw., High-End-Marken mit einer durchschnittlichen Produktionskapazit\u00e4t von etwa 1.000 Sets pro Jahr. Es k\u00f6nnen Hohlblocksteine, por\u00f6se Ziegelsteine, Vollziegel, Stra\u00dfenfliesen, Ziegelsteine zum Schutz von Flussb\u00f6schungen, quadratische Ziegelsteine, Kai-Ziegelsteine, W\u00e4rmed\u00e4mmungsziegel, Rasenbepflanzungsziegel, etc. hergestellt werden. Ziegelformen f\u00fcr Sonderformen k\u00f6nnen nach den Bed\u00fcrfnissen des K\u00e4ufers angepasst werden.<\/p>\n<p>Unsere Firma ist ein Unternehmen, das Forschung und Entwicklung, Herstellung, Produktion und Vertrieb integriert. Das Formmaterial kann Q345 oder hochwertiges importiertes Material aus Italien sein. Die Zykluszeit kann 80000 Mal oder 120000 Mal betragen, je nach Wahl. Unsere CNC-Schneidtechnologie kann die Genauigkeitsanforderungen der Formen effektiv erf\u00fcllen. Und nach der Vakuumaufkohlung kann die H\u00e4rte 62 Grad erreicht werden, was die Verschlei\u00dffestigkeit der Form erheblich verbessert.<\/p>\n<p>Aufgrund der fortschrittlichen Produktionstechnologie, der hervorragenden handwerklichen F\u00e4higkeiten, der zuverl\u00e4ssigen Qualit\u00e4t und des angemessenen Preises wurde unsere Form in den letzten Jahren von Kunden im In- und Ausland unterst\u00fctzt und bevorzugt.<\/p>","protected":false},"excerpt":{"rendered":"<p>Pflastersteine sind in Format, Oberfl\u00e4chenbeschaffenheit, Verlegemuster und Farbgebung vollst\u00e4ndig anpassbar. Sie erf\u00fcllen auch die h\u00f6chsten Standards f\u00fcr Belastbarkeit, Rutschfestigkeit, L\u00e4rmd\u00e4mmung und Wasserinfiltration.<\/p>\n<table class=\"tg\" style=\"border-collapse: collapse; border-spacing: 0;\">\n<tbody>\n<tr>\n<td style=\"font-family: Arial, sans-serif; font-size: 14px; overflow: hidden; padding: 10px 5px; text-align: left; vertical-align: top; word-break: normal; border: 1px solid black;\">Bestellung (MOQ) :<\/td>\n<td style=\"font-family: Arial, sans-serif; font-size: 14px; overflow: hidden; padding: 10px 5px; text-align: left; vertical-align: top; word-break: normal; border: 1px solid black;\">1 Satz<\/td>\n<\/tr>\n<tr>\n<td style=\"font-family: Arial, sans-serif; font-size: 14px; overflow: hidden; padding: 10px 5px; text-align: left; vertical-align: top; word-break: normal; border: 1px solid black;\">Bezahlung :<\/td>\n<td style=\"font-family: Arial, sans-serif; font-size: 14px; overflow: hidden; padding: 10px 5px; text-align: left; vertical-align: top; word-break: normal; border: 1px solid black;\">T\/T 100% Zahlung vor Versand oder 100% durch best\u00e4tigtes, unwiderrufliches Akkreditiv bei Sicht.<\/td>\n<\/tr>\n<tr>\n<td style=\"font-family: Arial, sans-serif; font-size: 14px; overflow: hidden; padding: 10px 5px; text-align: left; vertical-align: top; word-break: normal; border: 1px solid black;\">Produkt Herkunft :<\/td>\n<td style=\"font-family: Arial, sans-serif; font-size: 14px; overflow: hidden; padding: 10px 5px; text-align: left; vertical-align: top; word-break: normal; border: 1px solid black;\">Quanzhou Fujian<\/td>\n<\/tr>\n<tr>\n<td style=\"font-family: Arial, sans-serif; font-size: 14px; overflow: hidden; padding: 10px 5px; text-align: left; vertical-align: top; word-break: normal; border: 1px solid black;\">Farbe :<\/td>\n<td style=\"font-family: Arial, sans-serif; font-size: 14px; overflow: hidden; padding: 10px 5px; text-align: left; vertical-align: top; word-break: normal; border: 1px solid black;\">an den Bedarf anpassen<\/td>\n<\/tr>\n<tr>\n<td style=\"font-family: Arial, sans-serif; font-size: 14px; overflow: hidden; padding: 10px 5px; text-align: left; vertical-align: top; word-break: normal; border: 1px solid black;\">Verschiffungshafen:<\/td>\n<td style=\"font-family: Arial, sans-serif; font-size: 14px; overflow: hidden; padding: 10px 5px; text-align: left; vertical-align: top; word-break: normal; border: 1px solid black;\">Xiamen<\/td>\n<\/tr>\n<tr>\n<td style=\"font-family: Arial, sans-serif; font-size: 14px; overflow: hidden; padding: 10px 5px; text-align: left; vertical-align: top; word-break: normal; border: 1px solid black;\">Vorlaufzeit :<\/td>\n<td style=\"font-family: Arial, sans-serif; font-size: 14px; overflow: hidden; padding: 10px 5px; text-align: left; vertical-align: top; word-break: normal; border: 1px solid black;\">20-25 Tage<\/td>\n<\/tr>\n<\/tbody>\n<\/table>\n<p>&nbsp;<\/p>","protected":false},"featured_media":8177,"template":"","meta":[],"product_brand":[],"product_cat":[758,763],"product_tag":[],"class_list":{"0":"post-8176","1":"product","2":"type-product","3":"status-publish","4":"has-post-thumbnail","6":"product_cat-block-moulds","7":"product_cat-paving-stone-mould","9":"first","10":"instock","11":"shipping-taxable","12":"product-type-simple"},"yoast_head":"<!-- This site is optimized with the Yoast SEO plugin v24.4 - https:\/\/yoast.com\/wordpress\/plugins\/seo\/ -->\n<title>Paving Stone Mold Ceiling Block Mould Many Types of Blocks can be Customized - Kimberly Machinery<\/title>\n<meta name=\"description\" content=\"china Paving Stone Mold Ceiling Block Mould Many Types of Blocks can be Customized manufacturer provides auto concrete block machines, hydraulic press series block machines, concrete mixer, batching machine with wholesale price.\" \/>\n<meta name=\"robots\" content=\"index, follow, max-snippet:-1, max-image-preview:large, max-video-preview:-1\" \/>\n<link rel=\"canonical\" href=\"https:\/\/www.kblmachinery.com\/de\/pavingstone-mold-ceiling-block-mould-many-types-of-blocks-can-be-customized\/\" \/>\n<meta property=\"og:locale\" content=\"de_DE\" \/>\n<meta property=\"og:type\" content=\"article\" \/>\n<meta property=\"og:title\" content=\"Paving Stone Mold Ceiling Block Mould Many Types of Blocks can be Customized - Kimberly Machinery\" \/>\n<meta property=\"og:description\" content=\"china Paving Stone Mold Ceiling Block Mould Many Types of Blocks can be Customized manufacturer provides auto concrete block machines, hydraulic press series block machines, concrete mixer, batching machine with wholesale price.\" \/>\n<meta property=\"og:url\" content=\"https:\/\/www.kblmachinery.com\/de\/pavingstone-mold-ceiling-block-mould-many-types-of-blocks-can-be-customized\/\" \/>\n<meta property=\"og:site_name\" content=\"Kimberly Machinery\" \/>\n<meta property=\"article:publisher\" content=\"https:\/\/www.facebook.com\/KimberlyMachinery\" \/>\n<meta property=\"article:modified_time\" content=\"2025-11-27T06:02:19+00:00\" \/>\n<meta property=\"og:image\" content=\"https:\/\/www.kblmachinery.com\/wp-content\/uploads\/2025\/11\/Pavingstone-Mold-Ceiling-Block-Mould-Many-Types-of-Blocks-can-be-Customized-1.webp\" \/>\n\t<meta property=\"og:image:width\" content=\"805\" \/>\n\t<meta property=\"og:image:height\" content=\"805\" \/>\n\t<meta property=\"og:image:type\" content=\"image\/webp\" \/>\n<meta name=\"twitter:card\" content=\"summary_large_image\" \/>\n<meta name=\"twitter:label1\" content=\"Gesch\u00e4tzte Lesezeit\" \/>\n\t<meta name=\"twitter:data1\" content=\"3\u00a0Minuten\" \/>\n<script type=\"application\/ld+json\" class=\"yoast-schema-graph\">{\"@context\":\"https:\/\/schema.org\",\"@graph\":[{\"@type\":\"WebPage\",\"@id\":\"https:\/\/www.kblmachinery.com\/pavingstone-mold-ceiling-block-mould-many-types-of-blocks-can-be-customized\/\",\"url\":\"https:\/\/www.kblmachinery.com\/pavingstone-mold-ceiling-block-mould-many-types-of-blocks-can-be-customized\/\",\"name\":\"Paving Stone Mold Ceiling Block Mould Many Types of Blocks can be Customized - Kimberly Machinery\",\"isPartOf\":{\"@id\":\"https:\/\/www.kblmachinery.com\/#website\"},\"primaryImageOfPage\":{\"@id\":\"https:\/\/www.kblmachinery.com\/pavingstone-mold-ceiling-block-mould-many-types-of-blocks-can-be-customized\/#primaryimage\"},\"image\":{\"@id\":\"https:\/\/www.kblmachinery.com\/pavingstone-mold-ceiling-block-mould-many-types-of-blocks-can-be-customized\/#primaryimage\"},\"thumbnailUrl\":\"https:\/\/www.kblmachinery.com\/wp-content\/uploads\/2025\/11\/Pavingstone-Mold-Ceiling-Block-Mould-Many-Types-of-Blocks-can-be-Customized-1.webp\",\"datePublished\":\"2024-08-17T06:30:00+00:00\",\"dateModified\":\"2025-11-27T06:02:19+00:00\",\"description\":\"china Paving Stone Mold Ceiling Block Mould Many Types of Blocks can be Customized manufacturer provides auto concrete block machines, hydraulic press series block machines, concrete mixer, batching machine with wholesale price.\",\"breadcrumb\":{\"@id\":\"https:\/\/www.kblmachinery.com\/pavingstone-mold-ceiling-block-mould-many-types-of-blocks-can-be-customized\/#breadcrumb\"},\"inLanguage\":\"de\",\"potentialAction\":[{\"@type\":\"ReadAction\",\"target\":[\"https:\/\/www.kblmachinery.com\/pavingstone-mold-ceiling-block-mould-many-types-of-blocks-can-be-customized\/\"]}]},{\"@type\":\"ImageObject\",\"inLanguage\":\"de\",\"@id\":\"https:\/\/www.kblmachinery.com\/pavingstone-mold-ceiling-block-mould-many-types-of-blocks-can-be-customized\/#primaryimage\",\"url\":\"https:\/\/www.kblmachinery.com\/wp-content\/uploads\/2025\/11\/Pavingstone-Mold-Ceiling-Block-Mould-Many-Types-of-Blocks-can-be-Customized-1.webp\",\"contentUrl\":\"https:\/\/www.kblmachinery.com\/wp-content\/uploads\/2025\/11\/Pavingstone-Mold-Ceiling-Block-Mould-Many-Types-of-Blocks-can-be-Customized-1.webp\",\"width\":805,\"height\":805,\"caption\":\"Pavingstone Mold Ceiling Block Mould Many Types of Blocks can be Customized\"},{\"@type\":\"BreadcrumbList\",\"@id\":\"https:\/\/www.kblmachinery.com\/pavingstone-mold-ceiling-block-mould-many-types-of-blocks-can-be-customized\/#breadcrumb\",\"itemListElement\":[{\"@type\":\"ListItem\",\"position\":1,\"name\":\"Home\",\"item\":\"https:\/\/www.kblmachinery.com\/\"},{\"@type\":\"ListItem\",\"position\":2,\"name\":\"Paving Stone Mold Ceiling Block Mould Many Types of Blocks can be Customized\"}]},{\"@type\":\"WebSite\",\"@id\":\"https:\/\/www.kblmachinery.com\/#website\",\"url\":\"https:\/\/www.kblmachinery.com\/\",\"name\":\"Professional Brick\/Block Making Machine in China\",\"description\":\"Block Machine Manufacturer - Kimberly Machinery\",\"publisher\":{\"@id\":\"https:\/\/www.kblmachinery.com\/#organization\"},\"potentialAction\":[{\"@type\":\"SearchAction\",\"target\":{\"@type\":\"EntryPoint\",\"urlTemplate\":\"https:\/\/www.kblmachinery.com\/?s={search_term_string}\"},\"query-input\":{\"@type\":\"PropertyValueSpecification\",\"valueRequired\":true,\"valueName\":\"search_term_string\"}}],\"inLanguage\":\"de\"},{\"@type\":\"Organization\",\"@id\":\"https:\/\/www.kblmachinery.com\/#organization\",\"name\":\"Quanzhou Kimberly Machinery Manufacturing Co. Ltd\",\"url\":\"https:\/\/www.kblmachinery.com\/\",\"logo\":{\"@type\":\"ImageObject\",\"inLanguage\":\"de\",\"@id\":\"https:\/\/www.kblmachinery.com\/#\/schema\/logo\/image\/\",\"url\":\"https:\/\/www.kblmachinery.com\/wp-content\/uploads\/2025\/11\/cropped-logo-1-1.png\",\"contentUrl\":\"https:\/\/www.kblmachinery.com\/wp-content\/uploads\/2025\/11\/cropped-logo-1-1.png\",\"width\":123,\"height\":136,\"caption\":\"Quanzhou Kimberly Machinery Manufacturing Co. Ltd\"},\"image\":{\"@id\":\"https:\/\/www.kblmachinery.com\/#\/schema\/logo\/image\/\"},\"sameAs\":[\"https:\/\/www.facebook.com\/KimberlyMachinery\"]}]}<\/script>\n<!-- \/ Yoast SEO plugin. -->","yoast_head_json":{"title":"Paving Stone Mold Ceiling Block Mould Many Types of Blocks can be Customized - Kimberly Machinery","description":"china Paving Stone Mold Ceiling Block Mould Many Types of Blocks can be Customized manufacturer provides auto concrete block machines, hydraulic press series block machines, concrete mixer, batching machine with wholesale price.","robots":{"index":"index","follow":"follow","max-snippet":"max-snippet:-1","max-image-preview":"max-image-preview:large","max-video-preview":"max-video-preview:-1"},"canonical":"https:\/\/www.kblmachinery.com\/de\/pavingstone-mold-ceiling-block-mould-many-types-of-blocks-can-be-customized\/","og_locale":"de_DE","og_type":"article","og_title":"Paving Stone Mold Ceiling Block Mould Many Types of Blocks can be Customized - Kimberly Machinery","og_description":"china Paving Stone Mold Ceiling Block Mould Many Types of Blocks can be Customized manufacturer provides auto concrete block machines, hydraulic press series block machines, concrete mixer, batching machine with wholesale price.","og_url":"https:\/\/www.kblmachinery.com\/de\/pavingstone-mold-ceiling-block-mould-many-types-of-blocks-can-be-customized\/","og_site_name":"Kimberly Machinery","article_publisher":"https:\/\/www.facebook.com\/KimberlyMachinery","article_modified_time":"2025-11-27T06:02:19+00:00","og_image":[{"width":805,"height":805,"url":"https:\/\/www.kblmachinery.com\/wp-content\/uploads\/2025\/11\/Pavingstone-Mold-Ceiling-Block-Mould-Many-Types-of-Blocks-can-be-Customized-1.webp","type":"image\/webp"}],"twitter_card":"summary_large_image","twitter_misc":{"Gesch\u00e4tzte Lesezeit":"3\u00a0Minuten"},"schema":{"@context":"https:\/\/schema.org","@graph":[{"@type":"WebPage","@id":"https:\/\/www.kblmachinery.com\/pavingstone-mold-ceiling-block-mould-many-types-of-blocks-can-be-customized\/","url":"https:\/\/www.kblmachinery.com\/pavingstone-mold-ceiling-block-mould-many-types-of-blocks-can-be-customized\/","name":"Paving Stone Mold Ceiling Block Mould Many Types of Blocks can be Customized - Kimberly Machinery","isPartOf":{"@id":"https:\/\/www.kblmachinery.com\/#website"},"primaryImageOfPage":{"@id":"https:\/\/www.kblmachinery.com\/pavingstone-mold-ceiling-block-mould-many-types-of-blocks-can-be-customized\/#primaryimage"},"image":{"@id":"https:\/\/www.kblmachinery.com\/pavingstone-mold-ceiling-block-mould-many-types-of-blocks-can-be-customized\/#primaryimage"},"thumbnailUrl":"https:\/\/www.kblmachinery.com\/wp-content\/uploads\/2025\/11\/Pavingstone-Mold-Ceiling-Block-Mould-Many-Types-of-Blocks-can-be-Customized-1.webp","datePublished":"2024-08-17T06:30:00+00:00","dateModified":"2025-11-27T06:02:19+00:00","description":"china Paving Stone Mold Ceiling Block Mould Many Types of Blocks can be Customized manufacturer provides auto concrete block machines, hydraulic press series block machines, concrete mixer, batching machine with wholesale price.","breadcrumb":{"@id":"https:\/\/www.kblmachinery.com\/pavingstone-mold-ceiling-block-mould-many-types-of-blocks-can-be-customized\/#breadcrumb"},"inLanguage":"de","potentialAction":[{"@type":"ReadAction","target":["https:\/\/www.kblmachinery.com\/pavingstone-mold-ceiling-block-mould-many-types-of-blocks-can-be-customized\/"]}]},{"@type":"ImageObject","inLanguage":"de","@id":"https:\/\/www.kblmachinery.com\/pavingstone-mold-ceiling-block-mould-many-types-of-blocks-can-be-customized\/#primaryimage","url":"https:\/\/www.kblmachinery.com\/wp-content\/uploads\/2025\/11\/Pavingstone-Mold-Ceiling-Block-Mould-Many-Types-of-Blocks-can-be-Customized-1.webp","contentUrl":"https:\/\/www.kblmachinery.com\/wp-content\/uploads\/2025\/11\/Pavingstone-Mold-Ceiling-Block-Mould-Many-Types-of-Blocks-can-be-Customized-1.webp","width":805,"height":805,"caption":"Pavingstone Mold Ceiling Block Mould Many Types of Blocks can be Customized"},{"@type":"BreadcrumbList","@id":"https:\/\/www.kblmachinery.com\/pavingstone-mold-ceiling-block-mould-many-types-of-blocks-can-be-customized\/#breadcrumb","itemListElement":[{"@type":"ListItem","position":1,"name":"Home","item":"https:\/\/www.kblmachinery.com\/"},{"@type":"ListItem","position":2,"name":"Paving Stone Mold Ceiling Block Mould Many Types of Blocks can be Customized"}]},{"@type":"WebSite","@id":"https:\/\/www.kblmachinery.com\/#website","url":"https:\/\/www.kblmachinery.com\/","name":"Professional Brick\/Block Making Machine in China","description":"Block Machine Manufacturer - Kimberly Machinery","publisher":{"@id":"https:\/\/www.kblmachinery.com\/#organization"},"potentialAction":[{"@type":"SearchAction","target":{"@type":"EntryPoint","urlTemplate":"https:\/\/www.kblmachinery.com\/?s={search_term_string}"},"query-input":{"@type":"PropertyValueSpecification","valueRequired":true,"valueName":"search_term_string"}}],"inLanguage":"de"},{"@type":"Organization","@id":"https:\/\/www.kblmachinery.com\/#organization","name":"Quanzhou Kimberly Machinery Manufacturing Co. Ltd","url":"https:\/\/www.kblmachinery.com\/","logo":{"@type":"ImageObject","inLanguage":"de","@id":"https:\/\/www.kblmachinery.com\/#\/schema\/logo\/image\/","url":"https:\/\/www.kblmachinery.com\/wp-content\/uploads\/2025\/11\/cropped-logo-1-1.png","contentUrl":"https:\/\/www.kblmachinery.com\/wp-content\/uploads\/2025\/11\/cropped-logo-1-1.png","width":123,"height":136,"caption":"Quanzhou Kimberly Machinery Manufacturing Co. Ltd"},"image":{"@id":"https:\/\/www.kblmachinery.com\/#\/schema\/logo\/image\/"},"sameAs":["https:\/\/www.facebook.com\/KimberlyMachinery"]}]}},"_links":{"self":[{"href":"https:\/\/www.kblmachinery.com\/de\/wp-json\/wp\/v2\/product\/8176","targetHints":{"allow":["GET"]}}],"collection":[{"href":"https:\/\/www.kblmachinery.com\/de\/wp-json\/wp\/v2\/product"}],"about":[{"href":"https:\/\/www.kblmachinery.com\/de\/wp-json\/wp\/v2\/types\/product"}],"wp:featuredmedia":[{"embeddable":true,"href":"https:\/\/www.kblmachinery.com\/de\/wp-json\/wp\/v2\/media\/8177"}],"wp:attachment":[{"href":"https:\/\/www.kblmachinery.com\/de\/wp-json\/wp\/v2\/media?parent=8176"}],"wp:term":[{"taxonomy":"product_brand","embeddable":true,"href":"https:\/\/www.kblmachinery.com\/de\/wp-json\/wp\/v2\/product_brand?post=8176"},{"taxonomy":"product_cat","embeddable":true,"href":"https:\/\/www.kblmachinery.com\/de\/wp-json\/wp\/v2\/product_cat?post=8176"},{"taxonomy":"product_tag","embeddable":true,"href":"https:\/\/www.kblmachinery.com\/de\/wp-json\/wp\/v2\/product_tag?post=8176"}],"curies":[{"name":"wp","href":"https:\/\/api.w.org\/{rel}","templated":true}]}}