{"id":8200,"date":"2024-08-17T06:20:00","date_gmt":"2024-08-17T06:20:00","guid":{"rendered":"https:\/\/www.kblmachinery.com\/?post_type=product&#038;p=8200"},"modified":"2025-11-28T07:25:45","modified_gmt":"2025-11-28T07:25:45","slug":"masa-hess-interlock-behaton-paver-moulds-behaton-mold","status":"publish","type":"product","link":"https:\/\/www.kblmachinery.com\/de\/masa-hess-interlock-behaton-paver-moulds-behaton-mold\/","title":{"rendered":"MASA HESS Interlock Behaton Pflastersteinformen Behaton Mold"},"content":{"rendered":"<h2>MASA HESS Behaton Pflasterstein-Formen<\/h2>\n<table class=\"tg\" style=\"border-collapse: collapse; border-spacing: 0px; height: 182px;\" width=\"100%\">\n<tbody>\n<tr>\n<td style=\"font-family: Arial, sans-serif; font-size: 14px; overflow: hidden; padding: 10px 5px; text-align: left; vertical-align: top; word-break: normal; border: 1px solid black;\">Name<\/td>\n<td style=\"font-family: Arial, sans-serif; font-size: 14px; overflow: hidden; padding: 10px 5px; text-align: left; vertical-align: top; word-break: normal; border: 1px solid black;\">Behaton Pflastersteinform<\/td>\n<td style=\"font-family: Arial, sans-serif; font-size: 14px; overflow: hidden; padding: 10px 5px; text-align: left; vertical-align: top; word-break: normal; border: 1px solid black;\">W\u00e4rmebehandlung<\/td>\n<td style=\"font-family: Arial, sans-serif; font-size: 14px; overflow: hidden; padding: 10px 5px; text-align: left; vertical-align: top; word-break: normal; border: 1px solid black;\">Karbonitrierung 900-950<span style=\"color: #555;\">\u00b0<\/span>C<\/td>\n<\/tr>\n<tr>\n<td style=\"font-family: Arial, sans-serif; font-size: 14px; overflow: hidden; padding: 10px 5px; text-align: left; vertical-align: top; word-break: normal; border: 1px solid black;\">Rohmaterial<\/td>\n<td style=\"font-family: Arial, sans-serif; font-size: 14px; overflow: hidden; padding: 10px 5px; text-align: left; vertical-align: top; word-break: normal; border: 1px solid black;\">besonders verschlei\u00dffester Stahl<\/td>\n<td style=\"font-family: Arial, sans-serif; font-size: 14px; overflow: hidden; padding: 10px 5px; text-align: left; vertical-align: top; word-break: normal; border: 1px solid black;\">H\u00e4rte<\/td>\n<td style=\"font-family: Arial, sans-serif; font-size: 14px; overflow: hidden; padding: 10px 5px; text-align: left; vertical-align: top; word-break: normal; border: 1px solid black;\">60-65HRC<\/td>\n<\/tr>\n<tr>\n<td style=\"font-family: Arial, sans-serif; font-size: 14px; overflow: hidden; padding: 10px 5px; text-align: left; vertical-align: top; word-break: normal; border: 1px solid black;\">Blocktyp<\/td>\n<td style=\"font-family: Arial, sans-serif; font-size: 14px; overflow: hidden; padding: 10px 5px; text-align: left; vertical-align: top; word-break: normal; border: 1px solid black;\">Hohlblocksteine, Verbundsteine, Pflastersteine und Bordsteinkanten k\u00f6nnen individuell angepasst werden.<\/td>\n<td style=\"font-family: Arial, sans-serif; font-size: 14px; overflow: hidden; padding: 10px 5px; text-align: left; vertical-align: top; word-break: normal; border: 1px solid black;\">HS-Code<\/td>\n<td style=\"font-family: Arial, sans-serif; font-size: 14px; overflow: hidden; padding: 10px 5px; text-align: left; vertical-align: top; word-break: normal; border: 1px solid black;\">848060<\/td>\n<\/tr>\n<tr>\n<td style=\"font-family: Arial, sans-serif; font-size: 14px; overflow: hidden; padding: 10px 5px; text-align: left; vertical-align: top; word-break: normal; border: 1px solid black;\">Lebenserwartung<\/td>\n<td style=\"font-family: Arial, sans-serif; font-size: 14px; overflow: hidden; padding: 10px 5px; text-align: left; vertical-align: top; word-break: normal; border: 1px solid black;\">100000-120000 Mal<\/td>\n<td style=\"font-family: Arial, sans-serif; font-size: 14px; overflow: hidden; padding: 10px 5px; text-align: left; vertical-align: top; word-break: normal; border: 1px solid black;\">Verpacken<\/td>\n<td style=\"font-family: Arial, sans-serif; font-size: 14px; overflow: hidden; padding: 10px 5px; text-align: left; vertical-align: top; word-break: normal; border: 1px solid black;\">Holz +Folie<\/td>\n<\/tr>\n<\/tbody>\n<\/table>\n<h2 data-start=\"60\" data-end=\"87\">Merkmale der Form<\/h2>\n<h3 data-start=\"89\" data-end=\"123\">Fortschrittlicher Montageprozess<\/h3>\n<ul data-start=\"124\" data-end=\"829\">\n<li data-start=\"124\" data-end=\"318\">\n<p data-start=\"126\" data-end=\"318\">Pr\u00e4zisionsfertigung: Wir setzen fortschrittliche Schwei\u00dftechnik und Entspannungsbehandlung ein, um eine Verformung des Hohlraums oder des Kerns w\u00e4hrend des Gebrauchs zu verhindern und genaue Abmessungen, Formen und Toleranzen zu gew\u00e4hrleisten.<\/p>\n<\/li>\n<li data-start=\"319\" data-end=\"417\">\n<p data-start=\"321\" data-end=\"417\">Spielraum des Pressfu\u00dfes: Beibehaltung von 0,3-0,8 mm f\u00fcr perfekte Kompatibilit\u00e4t mit Ihrer Maschine.<\/p>\n<\/li>\n<li data-start=\"418\" data-end=\"523\">\n<p data-start=\"420\" data-end=\"523\">Langlebige Verbindungen: Hochfeste Schrauben mit Anti-Lockerung Behandlung f\u00fcr langfristige Zuverl\u00e4ssigkeit.<\/p>\n<\/li>\n<li data-start=\"524\" data-end=\"592\">\n<p data-start=\"526\" data-end=\"592\">Standardisierte Montage: Erm\u00f6glicht den einfachen Austausch von Teilen.<\/p>\n<\/li>\n<li data-start=\"593\" data-end=\"676\">\n<p data-start=\"595\" data-end=\"676\">Verschlei\u00dfbest\u00e4ndige Materialien: Hochwertige Stahlplatten erh\u00f6hen die Lebensdauer der Form.<\/p>\n<\/li>\n<li data-start=\"677\" data-end=\"748\">\n<p data-start=\"679\" data-end=\"748\">D\u00e4mpfungsfunktion: Sorgt f\u00fcr einen gleichm\u00e4\u00dfigeren Betrieb w\u00e4hrend der Produktion.<\/p>\n<\/li>\n<li data-start=\"749\" data-end=\"829\">\n<p data-start=\"751\" data-end=\"829\">Kundenspezifisches Design: Digitales freies Oberfl\u00e4chendesign f\u00fcr ma\u00dfgeschneiderte Formen verf\u00fcgbar.<\/p>\n<\/li>\n<\/ul>\n<h3 data-start=\"831\" data-end=\"855\">Dauerhaftigkeit der Form<\/h3>\n<ul data-start=\"856\" data-end=\"1040\">\n<li data-start=\"856\" data-end=\"949\">\n<p data-start=\"858\" data-end=\"949\">W\u00e4rmebehandlung: Karbonitrieren h\u00e4rtet den Matrizenrahmen und den Pressfu\u00df auf 60-65 HRC.<\/p>\n<\/li>\n<li data-start=\"950\" data-end=\"1040\">\n<p data-start=\"952\" data-end=\"1040\">H\u00e4rtungstiefe: Mindestens 1,2 mm f\u00fcr erh\u00f6hte Festigkeit und lang anhaltende Leistung.<\/p>\n<\/li>\n<\/ul>\n<h2 data-start=\"1047\" data-end=\"1057\">FAQ<\/h2>\n<h3 data-start=\"1059\" data-end=\"1098\">1. Wie kann ich einen Kostenvoranschlag erhalten?<\/h3>\n<ul data-start=\"1099\" data-end=\"1409\">\n<li data-start=\"1099\" data-end=\"1162\">\n<p data-start=\"1101\" data-end=\"1162\">Mit Zeichnungen: Senden Sie detaillierte Blockzeichnungen zur \u00dcberpr\u00fcfung.<\/p>\n<\/li>\n<li data-start=\"1163\" data-end=\"1262\">\n<p data-start=\"1165\" data-end=\"1262\">Ohne Skizzen: Geben Sie den Blocktyp (hohl\/voll), ein Foto und die Abmessungen (L\u00d7B\u00d7H in mm) an.<\/p>\n<\/li>\n<li data-start=\"1263\" data-end=\"1409\">\n<p data-start=\"1265\" data-end=\"1409\">Zus\u00e4tzliche Informationen: Geben Sie die Palettengr\u00f6\u00dfe, die Gr\u00f6\u00dfe des Tamperkopfes, die H\u00f6he der Form und die Anschlussdetails an. Falls vorhanden, sind Anschlusszeichnungen hilfreich.<\/p>\n<\/li>\n<\/ul>\n<p data-start=\"1411\" data-end=\"1486\">Wir werden Ihnen nach Erhalt Ihrer Angaben umgehend ein Angebot unterbreiten.<\/p>\n<h3 data-start=\"1493\" data-end=\"1519\">2. Lieferfrist<\/h3>\n<ul data-start=\"1520\" data-end=\"1633\">\n<li data-start=\"1520\" data-end=\"1576\">\n<p data-start=\"1522\" data-end=\"1576\">Standardformen: 20-25 Arbeitstage nach Ablieferung<\/p>\n<\/li>\n<li data-start=\"1577\" data-end=\"1633\">\n<p data-start=\"1579\" data-end=\"1633\">Hochwertige Gussformen: 30-40 Arbeitstage nach Hinterlegung<\/p>\n<\/li>\n<\/ul>\n<h3 data-start=\"1640\" data-end=\"1682\">3. Passt die Form auf meine Maschine?<\/h3>\n<p data-start=\"1683\" data-end=\"1765\">Wir stellen Formen f\u00fcr verschiedene Blockmaschinenmarken her und f\u00fchren detaillierte Aufzeichnungen.<\/p>\n<ul data-start=\"1766\" data-end=\"1896\">\n<li data-start=\"1766\" data-end=\"1843\">\n<p data-start=\"1768\" data-end=\"1843\">Schicken Sie uns bei Bedarf Fotos oder Ma\u00dfe, und wir werden die Kompatibilit\u00e4t best\u00e4tigen.<\/p>\n<\/li>\n<li data-start=\"1844\" data-end=\"1896\">\n<p data-start=\"1846\" data-end=\"1896\">Sobald dies best\u00e4tigt ist, wird die Form perfekt passen.<\/p>\n<\/li>\n<\/ul>\n<h3 data-start=\"1903\" data-end=\"1929\">4. Zahlungsbedingungen<\/h3>\n<p data-start=\"1930\" data-end=\"2007\">50% Vorauszahlung \u00fcber T\/T, um die Produktion zu beginnen; Restbetrag vor Versand.<\/p>\n<h3 data-start=\"2014\" data-end=\"2034\">5. Kontakt<\/h3>\n<p data-start=\"2035\" data-end=\"2092\">WeChat \/ WhatsApp: +86-1330506196 | +86-18960287187<\/p>\n<p><iframe loading=\"lazy\" title=\"ICF-Block Arbeitsvideo\" src=\"https:\/\/www.youtube.com\/embed\/czhs2wYoLZg\" width=\"556\" height=\"310\" frameborder=\"0\" allowfullscreen=\"allowfullscreen\"><\/iframe><\/p>","protected":false},"excerpt":{"rendered":"<p>Wir produzieren Formen f\u00fcr Betonhohlblocksteine, por\u00f6se Ziegel, Vollziegel, Pflastersteine, Uferschutzziegel, quadratische Ziegel, Kai-Ziegel, W\u00e4rmed\u00e4mmziegel, Rasengittersteine und vieles mehr. Ziegelformen f\u00fcr Sonderformen k\u00f6nnen je nach den Bed\u00fcrfnissen des K\u00e4ufers angepasst werden.<\/p>\n<table class=\"tg\" style=\"border-collapse: collapse; border-spacing: 0px; height: 262px;\" width=\"100%\">\n<tbody>\n<tr>\n<td style=\"font-family: Arial, sans-serif; font-size: 14px; overflow: hidden; padding: 10px 5px; text-align: left; vertical-align: top; word-break: normal; border: 1px solid black;\">Bestellung (MOQ) :<\/td>\n<td style=\"font-family: Arial, sans-serif; font-size: 14px; overflow: hidden; padding: 10px 5px; text-align: left; vertical-align: top; word-break: normal; border: 1px solid black;\">1 Satz<\/td>\n<\/tr>\n<tr>\n<td style=\"font-family: Arial, sans-serif; font-size: 14px; overflow: hidden; padding: 10px 5px; text-align: left; vertical-align: top; word-break: normal; border: 1px solid black;\">Bezahlung :<\/td>\n<td style=\"font-family: Arial, sans-serif; font-size: 14px; overflow: hidden; padding: 10px 5px; text-align: left; vertical-align: top; word-break: normal; border: 1px solid black;\">T\/T 100% Zahlung vor Versand oder 100% durch best\u00e4tigtes, unwiderrufliches Akkreditiv bei Sicht.<\/td>\n<\/tr>\n<tr>\n<td style=\"font-family: Arial, sans-serif; font-size: 14px; overflow: hidden; padding: 10px 5px; text-align: left; vertical-align: top; word-break: normal; border: 1px solid black;\">Produkt Herkunft :<\/td>\n<td style=\"font-family: Arial, sans-serif; font-size: 14px; overflow: hidden; padding: 10px 5px; text-align: left; vertical-align: top; word-break: normal; border: 1px solid black;\">Quanzhou Fujian<\/td>\n<\/tr>\n<tr>\n<td style=\"font-family: Arial, sans-serif; font-size: 14px; overflow: hidden; padding: 10px 5px; text-align: left; vertical-align: top; word-break: normal; border: 1px solid black;\">Farbe :<\/td>\n<td style=\"font-family: Arial, sans-serif; font-size: 14px; overflow: hidden; padding: 10px 5px; text-align: left; vertical-align: top; word-break: normal; border: 1px solid black;\">an den Bedarf anpassen<\/td>\n<\/tr>\n<tr>\n<td style=\"font-family: Arial, sans-serif; font-size: 14px; overflow: hidden; padding: 10px 5px; text-align: left; vertical-align: top; word-break: normal; border: 1px solid black;\">Verschiffungshafen:<\/td>\n<td style=\"font-family: Arial, sans-serif; font-size: 14px; overflow: hidden; padding: 10px 5px; text-align: left; vertical-align: top; word-break: normal; border: 1px solid black;\">Xiamen<\/td>\n<\/tr>\n<tr>\n<td style=\"font-family: Arial, sans-serif; font-size: 14px; overflow: hidden; padding: 10px 5px; text-align: left; vertical-align: top; word-break: normal; border: 1px solid black;\">Vorlaufzeit :<\/td>\n<td style=\"font-family: Arial, sans-serif; font-size: 14px; overflow: hidden; padding: 10px 5px; text-align: left; vertical-align: top; word-break: normal; border: 1px solid black;\">20-25 Tage<\/td>\n<\/tr>\n<\/tbody>\n<\/table>\n<p>&nbsp;<\/p>","protected":false},"featured_media":8201,"template":"","meta":[],"product_brand":[],"product_cat":[758,763],"product_tag":[766],"class_list":{"0":"post-8200","1":"product","2":"type-product","3":"status-publish","4":"has-post-thumbnail","6":"product_cat-block-moulds","7":"product_cat-paving-stone-mould","8":"product_tag-grass-stone-mold","10":"first","11":"instock","12":"shipping-taxable","13":"product-type-simple"},"yoast_head":"<!-- This site is optimized with the Yoast SEO plugin v24.4 - https:\/\/yoast.com\/wordpress\/plugins\/seo\/ -->\n<title>MASA HESS Interlock Behaton Paver Moulds | Kimberly Machinery<\/title>\n<meta name=\"description\" content=\"Premium interlocking Behaton paver &amp; block moulds compatible with MASA\/HESS machines. Durable, wear\u2011resistant steel molds for concrete block production lines.\" \/>\n<meta name=\"robots\" content=\"index, follow, max-snippet:-1, max-image-preview:large, max-video-preview:-1\" \/>\n<link rel=\"canonical\" href=\"https:\/\/www.kblmachinery.com\/de\/masa-hess-interlock-behaton-paver-moulds-behaton-mold\/\" \/>\n<meta property=\"og:locale\" content=\"de_DE\" \/>\n<meta property=\"og:type\" content=\"article\" \/>\n<meta property=\"og:title\" content=\"MASA HESS Interlock Behaton Paver Moulds | Kimberly Machinery\" \/>\n<meta property=\"og:description\" content=\"Premium interlocking Behaton paver &amp; block moulds compatible with MASA\/HESS machines. Durable, wear\u2011resistant steel molds for concrete block production lines.\" \/>\n<meta property=\"og:url\" content=\"https:\/\/www.kblmachinery.com\/de\/masa-hess-interlock-behaton-paver-moulds-behaton-mold\/\" \/>\n<meta property=\"og:site_name\" content=\"Kimberly Machinery\" \/>\n<meta property=\"article:publisher\" content=\"https:\/\/www.facebook.com\/KimberlyMachinery\" \/>\n<meta property=\"article:modified_time\" content=\"2025-11-28T07:25:45+00:00\" \/>\n<meta property=\"og:image\" content=\"https:\/\/www.kblmachinery.com\/wp-content\/uploads\/2025\/11\/MASA-HESS-Interlock-Behaton-Paver-Moulds-Behaton-Mold.webp\" \/>\n\t<meta property=\"og:image:width\" content=\"805\" \/>\n\t<meta property=\"og:image:height\" content=\"805\" \/>\n\t<meta property=\"og:image:type\" content=\"image\/webp\" \/>\n<meta name=\"twitter:card\" content=\"summary_large_image\" \/>\n<meta name=\"twitter:label1\" content=\"Gesch\u00e4tzte Lesezeit\" \/>\n\t<meta name=\"twitter:data1\" content=\"2\u00a0Minuten\" \/>\n<script type=\"application\/ld+json\" class=\"yoast-schema-graph\">{\"@context\":\"https:\/\/schema.org\",\"@graph\":[{\"@type\":\"WebPage\",\"@id\":\"https:\/\/www.kblmachinery.com\/masa-hess-interlock-behaton-paver-moulds-behaton-mold\/\",\"url\":\"https:\/\/www.kblmachinery.com\/masa-hess-interlock-behaton-paver-moulds-behaton-mold\/\",\"name\":\"MASA HESS Interlock Behaton Paver Moulds | Kimberly Machinery\",\"isPartOf\":{\"@id\":\"https:\/\/www.kblmachinery.com\/#website\"},\"primaryImageOfPage\":{\"@id\":\"https:\/\/www.kblmachinery.com\/masa-hess-interlock-behaton-paver-moulds-behaton-mold\/#primaryimage\"},\"image\":{\"@id\":\"https:\/\/www.kblmachinery.com\/masa-hess-interlock-behaton-paver-moulds-behaton-mold\/#primaryimage\"},\"thumbnailUrl\":\"https:\/\/www.kblmachinery.com\/wp-content\/uploads\/2025\/11\/MASA-HESS-Interlock-Behaton-Paver-Moulds-Behaton-Mold.webp\",\"datePublished\":\"2024-08-17T06:20:00+00:00\",\"dateModified\":\"2025-11-28T07:25:45+00:00\",\"description\":\"Premium interlocking Behaton paver & block moulds compatible with MASA\/HESS machines. Durable, wear\u2011resistant steel molds for concrete block production lines.\",\"breadcrumb\":{\"@id\":\"https:\/\/www.kblmachinery.com\/masa-hess-interlock-behaton-paver-moulds-behaton-mold\/#breadcrumb\"},\"inLanguage\":\"de\",\"potentialAction\":[{\"@type\":\"ReadAction\",\"target\":[\"https:\/\/www.kblmachinery.com\/masa-hess-interlock-behaton-paver-moulds-behaton-mold\/\"]}]},{\"@type\":\"ImageObject\",\"inLanguage\":\"de\",\"@id\":\"https:\/\/www.kblmachinery.com\/masa-hess-interlock-behaton-paver-moulds-behaton-mold\/#primaryimage\",\"url\":\"https:\/\/www.kblmachinery.com\/wp-content\/uploads\/2025\/11\/MASA-HESS-Interlock-Behaton-Paver-Moulds-Behaton-Mold.webp\",\"contentUrl\":\"https:\/\/www.kblmachinery.com\/wp-content\/uploads\/2025\/11\/MASA-HESS-Interlock-Behaton-Paver-Moulds-Behaton-Mold.webp\",\"width\":805,\"height\":805,\"caption\":\"MASA HESS Interlocking Unipaver Zigzag Paver Mould for Block Machines\"},{\"@type\":\"BreadcrumbList\",\"@id\":\"https:\/\/www.kblmachinery.com\/masa-hess-interlock-behaton-paver-moulds-behaton-mold\/#breadcrumb\",\"itemListElement\":[{\"@type\":\"ListItem\",\"position\":1,\"name\":\"Home\",\"item\":\"https:\/\/www.kblmachinery.com\/\"},{\"@type\":\"ListItem\",\"position\":2,\"name\":\"MASA HESS Interlock Behaton Paver Moulds Behaton Mold\"}]},{\"@type\":\"WebSite\",\"@id\":\"https:\/\/www.kblmachinery.com\/#website\",\"url\":\"https:\/\/www.kblmachinery.com\/\",\"name\":\"Professional Brick\/Block Making Machine in China\",\"description\":\"Block Machine Manufacturer - Kimberly Machinery\",\"publisher\":{\"@id\":\"https:\/\/www.kblmachinery.com\/#organization\"},\"potentialAction\":[{\"@type\":\"SearchAction\",\"target\":{\"@type\":\"EntryPoint\",\"urlTemplate\":\"https:\/\/www.kblmachinery.com\/?s={search_term_string}\"},\"query-input\":{\"@type\":\"PropertyValueSpecification\",\"valueRequired\":true,\"valueName\":\"search_term_string\"}}],\"inLanguage\":\"de\"},{\"@type\":\"Organization\",\"@id\":\"https:\/\/www.kblmachinery.com\/#organization\",\"name\":\"Quanzhou Kimberly Machinery Manufacturing Co. Ltd\",\"url\":\"https:\/\/www.kblmachinery.com\/\",\"logo\":{\"@type\":\"ImageObject\",\"inLanguage\":\"de\",\"@id\":\"https:\/\/www.kblmachinery.com\/#\/schema\/logo\/image\/\",\"url\":\"https:\/\/www.kblmachinery.com\/wp-content\/uploads\/2025\/11\/cropped-logo-1-1.png\",\"contentUrl\":\"https:\/\/www.kblmachinery.com\/wp-content\/uploads\/2025\/11\/cropped-logo-1-1.png\",\"width\":123,\"height\":136,\"caption\":\"Quanzhou Kimberly Machinery Manufacturing Co. Ltd\"},\"image\":{\"@id\":\"https:\/\/www.kblmachinery.com\/#\/schema\/logo\/image\/\"},\"sameAs\":[\"https:\/\/www.facebook.com\/KimberlyMachinery\"]}]}<\/script>\n<!-- \/ Yoast SEO plugin. -->","yoast_head_json":{"title":"MASA HESS Interlock Behaton Paver Moulds | Kimberly Machinery","description":"Premium interlocking Behaton paver & block moulds compatible with MASA\/HESS machines. Durable, wear\u2011resistant steel molds for concrete block production lines.","robots":{"index":"index","follow":"follow","max-snippet":"max-snippet:-1","max-image-preview":"max-image-preview:large","max-video-preview":"max-video-preview:-1"},"canonical":"https:\/\/www.kblmachinery.com\/de\/masa-hess-interlock-behaton-paver-moulds-behaton-mold\/","og_locale":"de_DE","og_type":"article","og_title":"MASA HESS Interlock Behaton Paver Moulds | Kimberly Machinery","og_description":"Premium interlocking Behaton paver & block moulds compatible with MASA\/HESS machines. Durable, wear\u2011resistant steel molds for concrete block production lines.","og_url":"https:\/\/www.kblmachinery.com\/de\/masa-hess-interlock-behaton-paver-moulds-behaton-mold\/","og_site_name":"Kimberly Machinery","article_publisher":"https:\/\/www.facebook.com\/KimberlyMachinery","article_modified_time":"2025-11-28T07:25:45+00:00","og_image":[{"width":805,"height":805,"url":"https:\/\/www.kblmachinery.com\/wp-content\/uploads\/2025\/11\/MASA-HESS-Interlock-Behaton-Paver-Moulds-Behaton-Mold.webp","type":"image\/webp"}],"twitter_card":"summary_large_image","twitter_misc":{"Gesch\u00e4tzte Lesezeit":"2\u00a0Minuten"},"schema":{"@context":"https:\/\/schema.org","@graph":[{"@type":"WebPage","@id":"https:\/\/www.kblmachinery.com\/masa-hess-interlock-behaton-paver-moulds-behaton-mold\/","url":"https:\/\/www.kblmachinery.com\/masa-hess-interlock-behaton-paver-moulds-behaton-mold\/","name":"MASA HESS Interlock Behaton Paver Moulds | Kimberly Machinery","isPartOf":{"@id":"https:\/\/www.kblmachinery.com\/#website"},"primaryImageOfPage":{"@id":"https:\/\/www.kblmachinery.com\/masa-hess-interlock-behaton-paver-moulds-behaton-mold\/#primaryimage"},"image":{"@id":"https:\/\/www.kblmachinery.com\/masa-hess-interlock-behaton-paver-moulds-behaton-mold\/#primaryimage"},"thumbnailUrl":"https:\/\/www.kblmachinery.com\/wp-content\/uploads\/2025\/11\/MASA-HESS-Interlock-Behaton-Paver-Moulds-Behaton-Mold.webp","datePublished":"2024-08-17T06:20:00+00:00","dateModified":"2025-11-28T07:25:45+00:00","description":"Premium interlocking Behaton paver & block moulds compatible with MASA\/HESS machines. Durable, wear\u2011resistant steel molds for concrete block production lines.","breadcrumb":{"@id":"https:\/\/www.kblmachinery.com\/masa-hess-interlock-behaton-paver-moulds-behaton-mold\/#breadcrumb"},"inLanguage":"de","potentialAction":[{"@type":"ReadAction","target":["https:\/\/www.kblmachinery.com\/masa-hess-interlock-behaton-paver-moulds-behaton-mold\/"]}]},{"@type":"ImageObject","inLanguage":"de","@id":"https:\/\/www.kblmachinery.com\/masa-hess-interlock-behaton-paver-moulds-behaton-mold\/#primaryimage","url":"https:\/\/www.kblmachinery.com\/wp-content\/uploads\/2025\/11\/MASA-HESS-Interlock-Behaton-Paver-Moulds-Behaton-Mold.webp","contentUrl":"https:\/\/www.kblmachinery.com\/wp-content\/uploads\/2025\/11\/MASA-HESS-Interlock-Behaton-Paver-Moulds-Behaton-Mold.webp","width":805,"height":805,"caption":"MASA HESS Interlocking Unipaver Zigzag Paver Mould for Block Machines"},{"@type":"BreadcrumbList","@id":"https:\/\/www.kblmachinery.com\/masa-hess-interlock-behaton-paver-moulds-behaton-mold\/#breadcrumb","itemListElement":[{"@type":"ListItem","position":1,"name":"Home","item":"https:\/\/www.kblmachinery.com\/"},{"@type":"ListItem","position":2,"name":"MASA HESS Interlock Behaton Paver Moulds Behaton Mold"}]},{"@type":"WebSite","@id":"https:\/\/www.kblmachinery.com\/#website","url":"https:\/\/www.kblmachinery.com\/","name":"Professional Brick\/Block Making Machine in China","description":"Block Machine Manufacturer - Kimberly Machinery","publisher":{"@id":"https:\/\/www.kblmachinery.com\/#organization"},"potentialAction":[{"@type":"SearchAction","target":{"@type":"EntryPoint","urlTemplate":"https:\/\/www.kblmachinery.com\/?s={search_term_string}"},"query-input":{"@type":"PropertyValueSpecification","valueRequired":true,"valueName":"search_term_string"}}],"inLanguage":"de"},{"@type":"Organization","@id":"https:\/\/www.kblmachinery.com\/#organization","name":"Quanzhou Kimberly Machinery Manufacturing Co. Ltd","url":"https:\/\/www.kblmachinery.com\/","logo":{"@type":"ImageObject","inLanguage":"de","@id":"https:\/\/www.kblmachinery.com\/#\/schema\/logo\/image\/","url":"https:\/\/www.kblmachinery.com\/wp-content\/uploads\/2025\/11\/cropped-logo-1-1.png","contentUrl":"https:\/\/www.kblmachinery.com\/wp-content\/uploads\/2025\/11\/cropped-logo-1-1.png","width":123,"height":136,"caption":"Quanzhou Kimberly Machinery Manufacturing Co. Ltd"},"image":{"@id":"https:\/\/www.kblmachinery.com\/#\/schema\/logo\/image\/"},"sameAs":["https:\/\/www.facebook.com\/KimberlyMachinery"]}]}},"_links":{"self":[{"href":"https:\/\/www.kblmachinery.com\/de\/wp-json\/wp\/v2\/product\/8200","targetHints":{"allow":["GET"]}}],"collection":[{"href":"https:\/\/www.kblmachinery.com\/de\/wp-json\/wp\/v2\/product"}],"about":[{"href":"https:\/\/www.kblmachinery.com\/de\/wp-json\/wp\/v2\/types\/product"}],"wp:featuredmedia":[{"embeddable":true,"href":"https:\/\/www.kblmachinery.com\/de\/wp-json\/wp\/v2\/media\/8201"}],"wp:attachment":[{"href":"https:\/\/www.kblmachinery.com\/de\/wp-json\/wp\/v2\/media?parent=8200"}],"wp:term":[{"taxonomy":"product_brand","embeddable":true,"href":"https:\/\/www.kblmachinery.com\/de\/wp-json\/wp\/v2\/product_brand?post=8200"},{"taxonomy":"product_cat","embeddable":true,"href":"https:\/\/www.kblmachinery.com\/de\/wp-json\/wp\/v2\/product_cat?post=8200"},{"taxonomy":"product_tag","embeddable":true,"href":"https:\/\/www.kblmachinery.com\/de\/wp-json\/wp\/v2\/product_tag?post=8200"}],"curies":[{"name":"wp","href":"https:\/\/api.w.org\/{rel}","templated":true}]}}