{"id":8205,"date":"2024-08-17T06:18:00","date_gmt":"2024-08-17T06:18:00","guid":{"rendered":"https:\/\/www.kblmachinery.com\/?post_type=product&#038;p=8205"},"modified":"2025-11-28T07:27:06","modified_gmt":"2025-11-28T07:27:06","slug":"masa-hess-interlocking-unipaver-zigzag-paver-mould-for-block-machines","status":"publish","type":"product","link":"https:\/\/www.kblmachinery.com\/de\/masa-hess-interlocking-unipaver-zigzag-paver-mould-for-block-machines\/","title":{"rendered":"MASA HESS Interlocking Unipaver Zickzack-Pflastersteinform f\u00fcr Steinfertiger"},"content":{"rendered":"<h2>MASA HESS Interlocking Unipaver Zigzag Paver Mold for Block Machines<\/h2>\n<h3>1. die Blocktypen<\/h3>\n<p>We design and manufacture high-quality steel molds for interlocking paving stones, slabs, permeable paving stones, curbstones, retaining walls, hollow blocks, and special blocks. We meet customer requirements and provide innovative solutions.<\/p>\n<h3>2. rohstoffe<\/h3>\n<p>Our molds are made from high-end quenched and tempered steel imported from Italy, with heat treatment to enhance abrasion resistance and durability.<\/p>\n<h3>3. produktionstechnische Erfahrung<\/h3>\n<p>With nearly 30 years of experience, we serve customers worldwide. We combine expertise with premium materials to deliver top-quality molds compatible with brands like MASA, HESS, ZENITH, TIGER, Bessel, Ritu, and more.<\/p>\n<h2>Form-Spezifikationen<\/h2>\n<table class=\"tg\" style=\"border-collapse: collapse; border-spacing: 0px; height: 180px;\" width=\"100%\">\n<tbody>\n<tr>\n<td style=\"font-family: Arial, sans-serif; font-size: 14px; overflow: hidden; padding: 10px 5px; text-align: left; vertical-align: top; word-break: normal; border: 1px solid black;\">Name<\/td>\n<td style=\"font-family: Arial, sans-serif; font-size: 14px; overflow: hidden; padding: 10px 5px; text-align: left; vertical-align: top; word-break: normal; border: 1px solid black;\">Unipaver mold<\/td>\n<td style=\"font-family: Arial, sans-serif; font-size: 14px; overflow: hidden; padding: 10px 5px; text-align: left; vertical-align: top; word-break: normal; border: 1px solid black;\">W\u00e4rmebehandlung<\/td>\n<td style=\"font-family: Arial, sans-serif; font-size: 14px; overflow: hidden; padding: 10px 5px; text-align: left; vertical-align: top; word-break: normal; border: 1px solid black;\">Karbonitrierung 900-950<span style=\"color: #555;\">\u00b0<\/span>C<\/td>\n<\/tr>\n<tr>\n<td style=\"font-family: Arial, sans-serif; font-size: 14px; overflow: hidden; padding: 10px 5px; text-align: left; vertical-align: top; word-break: normal; border: 1px solid black;\">Rohmaterial<\/td>\n<td style=\"font-family: Arial, sans-serif; font-size: 14px; overflow: hidden; padding: 10px 5px; text-align: left; vertical-align: top; word-break: normal; border: 1px solid black;\">besonders verschlei\u00dffester Stahl<\/td>\n<td style=\"font-family: Arial, sans-serif; font-size: 14px; overflow: hidden; padding: 10px 5px; text-align: left; vertical-align: top; word-break: normal; border: 1px solid black;\">H\u00e4rte<\/td>\n<td style=\"font-family: Arial, sans-serif; font-size: 14px; overflow: hidden; padding: 10px 5px; text-align: left; vertical-align: top; word-break: normal; border: 1px solid black;\">60-65HRC<\/td>\n<\/tr>\n<tr>\n<td style=\"font-family: Arial, sans-serif; font-size: 14px; overflow: hidden; padding: 10px 5px; text-align: left; vertical-align: top; word-break: normal; border: 1px solid black;\">Blocktyp<\/td>\n<td style=\"font-family: Arial, sans-serif; font-size: 14px; overflow: hidden; padding: 10px 5px; text-align: left; vertical-align: top; word-break: normal; border: 1px solid black;\">Hohlblocksteine, Verbundsteine, Pflastersteine und Bordsteinkanten k\u00f6nnen individuell angepasst werden.<\/td>\n<td style=\"font-family: Arial, sans-serif; font-size: 14px; overflow: hidden; padding: 10px 5px; text-align: left; vertical-align: top; word-break: normal; border: 1px solid black;\">HS-Code<\/td>\n<td style=\"font-family: Arial, sans-serif; font-size: 14px; overflow: hidden; padding: 10px 5px; text-align: left; vertical-align: top; word-break: normal; border: 1px solid black;\">848060<\/td>\n<\/tr>\n<tr>\n<td style=\"font-family: Arial, sans-serif; font-size: 14px; overflow: hidden; padding: 10px 5px; text-align: left; vertical-align: top; word-break: normal; border: 1px solid black;\">Lebenserwartung<\/td>\n<td style=\"font-family: Arial, sans-serif; font-size: 14px; overflow: hidden; padding: 10px 5px; text-align: left; vertical-align: top; word-break: normal; border: 1px solid black;\">100000-120000 Mal<\/td>\n<td style=\"font-family: Arial, sans-serif; font-size: 14px; overflow: hidden; padding: 10px 5px; text-align: left; vertical-align: top; word-break: normal; border: 1px solid black;\">Verpacken<\/td>\n<td style=\"font-family: Arial, sans-serif; font-size: 14px; overflow: hidden; padding: 10px 5px; text-align: left; vertical-align: top; word-break: normal; border: 1px solid black;\">Holz +Folie<\/td>\n<\/tr>\n<\/tbody>\n<\/table>\n<h2 data-start=\"62\" data-end=\"82\">Merkmale der Form<\/h2>\n<h3 data-start=\"84\" data-end=\"118\">Fortschrittlicher Montageprozess<\/h3>\n<ul data-start=\"119\" data-end=\"701\">\n<li data-start=\"119\" data-end=\"272\">\n<p data-start=\"121\" data-end=\"272\">Precision Manufacturing: Advanced welding and de-stress treatments prevent cavity\/core deformation and ensure accurate dimensions and tolerances.<\/p>\n<\/li>\n<li data-start=\"273\" data-end=\"361\">\n<p data-start=\"275\" data-end=\"361\">Press Foot Clearance: Maintained at 0.3\u20130.8mm for perfect machine compatibility.<\/p>\n<\/li>\n<li data-start=\"362\" data-end=\"441\">\n<p data-start=\"364\" data-end=\"441\">Langlebige Verbindungen: Hochfeste Schrauben mit Anti-Lockerungsbehandlung.<\/p>\n<\/li>\n<li data-start=\"442\" data-end=\"499\">\n<p data-start=\"444\" data-end=\"499\">Standardisierte Montage: Einfacher Austausch von Teilen.<\/p>\n<\/li>\n<li data-start=\"500\" data-end=\"558\">\n<p data-start=\"502\" data-end=\"558\">Wear-Resistant Steel Plates: Extend mold lifespan.<\/p>\n<\/li>\n<li data-start=\"559\" data-end=\"620\">\n<p data-start=\"561\" data-end=\"620\">Damping Function: Smooth operation during production.<\/p>\n<\/li>\n<li data-start=\"621\" data-end=\"701\">\n<p data-start=\"623\" data-end=\"701\">Kundenspezifisches Design: Digitales freies Oberfl\u00e4chendesign f\u00fcr ma\u00dfgeschneiderte Formen verf\u00fcgbar.<\/p>\n<\/li>\n<\/ul>\n<h3 data-start=\"703\" data-end=\"727\">Dauerhaftigkeit der Form<\/h3>\n<ul data-start=\"728\" data-end=\"905\">\n<li data-start=\"728\" data-end=\"814\">\n<p data-start=\"730\" data-end=\"814\">Carbonitriding Heat Treatment: Die frame and press foot hardened to 60\u201365 HRC.<\/p>\n<\/li>\n<li data-start=\"815\" data-end=\"905\">\n<p data-start=\"817\" data-end=\"905\">H\u00e4rtungstiefe: Mindestens 1,2 mm f\u00fcr erh\u00f6hte Festigkeit und lang anhaltende Leistung.<\/p>\n<\/li>\n<\/ul>\n<h2 data-start=\"912\" data-end=\"922\">FAQ<\/h2>\n<h3 data-start=\"924\" data-end=\"963\">1. Wie kann ich einen Kostenvoranschlag erhalten?<\/h3>\n<ul data-start=\"964\" data-end=\"1331\">\n<li data-start=\"964\" data-end=\"1027\">\n<p data-start=\"966\" data-end=\"1027\">Mit Zeichnungen: Senden Sie detaillierte Blockzeichnungen zur \u00dcberpr\u00fcfung.<\/p>\n<\/li>\n<li data-start=\"1028\" data-end=\"1127\">\n<p data-start=\"1030\" data-end=\"1127\">Ohne Skizzen: Geben Sie den Blocktyp (hohl\/voll), ein Foto und die Abmessungen (L\u00d7B\u00d7H in mm) an.<\/p>\n<\/li>\n<li data-start=\"1128\" data-end=\"1253\">\n<p data-start=\"1130\" data-end=\"1253\">Geben Sie die Palettengr\u00f6\u00dfe, die Gr\u00f6\u00dfe des Tamperkopfes, die H\u00f6he der Form und die Anschlussdetails an. Falls vorhanden, sind Anschlusszeichnungen hilfreich.<\/p>\n<\/li>\n<li data-start=\"1254\" data-end=\"1331\">\n<p data-start=\"1256\" data-end=\"1331\">Wir werden Ihnen nach Erhalt Ihrer Angaben umgehend ein Angebot unterbreiten.<\/p>\n<\/li>\n<\/ul>\n<h3 data-start=\"1333\" data-end=\"1359\">2. Lieferfrist<\/h3>\n<ul data-start=\"1360\" data-end=\"1475\">\n<li data-start=\"1360\" data-end=\"1417\">\n<p data-start=\"1362\" data-end=\"1417\">Standardformen: 20-25 Arbeitstage nach Ablieferung.<\/p>\n<\/li>\n<li data-start=\"1418\" data-end=\"1475\">\n<p data-start=\"1420\" data-end=\"1475\">Hochwertige Gussformen: 30-40 Arbeitstage nach Ablieferung.<\/p>\n<\/li>\n<\/ul>\n<h3 data-start=\"1477\" data-end=\"1509\">3. Transportverpackung<\/h3>\n<ul data-start=\"1510\" data-end=\"1596\">\n<li data-start=\"1510\" data-end=\"1596\">\n<p data-start=\"1512\" data-end=\"1596\">Holzkisten mit Plastikfolie oder kundenspezifische Verpackung nach den Anforderungen des K\u00e4ufers.<\/p>\n<\/li>\n<\/ul>\n<h3 data-start=\"1598\" data-end=\"1629\">4. Mold Compatibility<\/h3>\n<ul data-start=\"1630\" data-end=\"1797\">\n<li data-start=\"1630\" data-end=\"1723\">\n<p data-start=\"1632\" data-end=\"1723\">Molds are compatible with various block machine brands, and we maintain detailed records.<\/p>\n<\/li>\n<li data-start=\"1724\" data-end=\"1797\">\n<p data-start=\"1726\" data-end=\"1797\">Measurements or digital photos can be provided to ensure perfect fit.<\/p>\n<\/li>\n<\/ul>\n<h3 data-start=\"1799\" data-end=\"1825\">5. Payment Terms<\/h3>\n<ul data-start=\"1826\" data-end=\"1909\">\n<li data-start=\"1826\" data-end=\"1909\">\n<p data-start=\"1828\" data-end=\"1909\">50% Vorauszahlung \u00fcber T\/T, um die Produktion zu beginnen; Restbetrag vor Versand.<\/p>\n<\/li>\n<\/ul>\n<h3 data-start=\"1911\" data-end=\"1931\">6. Contact<\/h3>\n<ul data-start=\"1932\" data-end=\"1991\">\n<li data-start=\"1932\" data-end=\"1991\">\n<p data-start=\"1934\" data-end=\"1991\">WeChat \/ WhatsApp: +86-1330506196 | +86-18960287187<\/p>\n<\/li>\n<\/ul>\n<p><iframe loading=\"lazy\" title=\"ICF-Block Arbeitsvideo\" src=\"https:\/\/www.youtube.com\/embed\/czhs2wYoLZg\" width=\"556\" height=\"310\" frameborder=\"0\" allowfullscreen=\"allowfullscreen\"><\/iframe><\/p>","protected":false},"excerpt":{"rendered":"<table class=\"tg\" style=\"border-collapse: collapse; border-spacing: 0px; height: 255px;\" width=\"100%\">\n<tbody>\n<tr>\n<td style=\"font-family: Arial, sans-serif; font-size: 14px; overflow: hidden; padding: 10px 5px; text-align: left; vertical-align: top; word-break: normal; border: 1px solid black;\">Bestellung (MOQ) :<\/td>\n<td style=\"font-family: Arial, sans-serif; font-size: 14px; overflow: hidden; padding: 10px 5px; text-align: left; vertical-align: top; word-break: normal; border: 1px solid black;\">1 Satz<\/td>\n<\/tr>\n<tr>\n<td style=\"font-family: Arial, sans-serif; font-size: 14px; overflow: hidden; padding: 10px 5px; text-align: left; vertical-align: top; word-break: normal; border: 1px solid black;\">Bezahlung :<\/td>\n<td style=\"font-family: Arial, sans-serif; font-size: 14px; overflow: hidden; padding: 10px 5px; text-align: left; vertical-align: top; word-break: normal; border: 1px solid black;\">T\/T 100% Zahlung vor Versand oder 100% durch best\u00e4tigtes, unwiderrufliches Akkreditiv bei Sicht.<\/td>\n<\/tr>\n<tr>\n<td style=\"font-family: Arial, sans-serif; font-size: 14px; overflow: hidden; padding: 10px 5px; text-align: left; vertical-align: top; word-break: normal; border: 1px solid black;\">Produkt Herkunft :<\/td>\n<td style=\"font-family: Arial, sans-serif; font-size: 14px; overflow: hidden; padding: 10px 5px; text-align: left; vertical-align: top; word-break: normal; border: 1px solid black;\">Quanzhou Fujian<\/td>\n<\/tr>\n<tr>\n<td style=\"font-family: Arial, sans-serif; font-size: 14px; overflow: hidden; padding: 10px 5px; text-align: left; vertical-align: top; word-break: normal; border: 1px solid black;\">Farbe :<\/td>\n<td style=\"font-family: Arial, sans-serif; font-size: 14px; overflow: hidden; padding: 10px 5px; text-align: left; vertical-align: top; word-break: normal; border: 1px solid black;\">an den Bedarf anpassen<\/td>\n<\/tr>\n<tr>\n<td style=\"font-family: Arial, sans-serif; font-size: 14px; overflow: hidden; padding: 10px 5px; text-align: left; vertical-align: top; word-break: normal; border: 1px solid black;\">Verschiffungshafen:<\/td>\n<td style=\"font-family: Arial, sans-serif; font-size: 14px; overflow: hidden; padding: 10px 5px; text-align: left; vertical-align: top; word-break: normal; border: 1px solid black;\">Xiamen<\/td>\n<\/tr>\n<tr>\n<td style=\"font-family: Arial, sans-serif; font-size: 14px; overflow: hidden; padding: 10px 5px; text-align: left; vertical-align: top; word-break: normal; border: 1px solid black;\">Vorlaufzeit :<\/td>\n<td style=\"font-family: Arial, sans-serif; font-size: 14px; overflow: hidden; padding: 10px 5px; text-align: left; vertical-align: top; word-break: normal; border: 1px solid black;\">20-25 Tage<\/td>\n<\/tr>\n<\/tbody>\n<\/table>\n<p>&nbsp;<\/p>","protected":false},"featured_media":8206,"template":"","meta":[],"product_brand":[],"product_cat":[758,763],"product_tag":[],"class_list":{"0":"post-8205","1":"product","2":"type-product","3":"status-publish","4":"has-post-thumbnail","6":"product_cat-block-moulds","7":"product_cat-paving-stone-mould","9":"first","10":"instock","11":"shipping-taxable","12":"product-type-simple"},"yoast_head":"<!-- This site is optimized with the Yoast SEO plugin v24.4 - https:\/\/yoast.com\/wordpress\/plugins\/seo\/ -->\n<title>MASA HESS Zigzag Paver Moulds Supplier | Kimberly Machinery<\/title>\n<meta name=\"description\" content=\"Premium interlocking zigzag paver and block moulds for MASA\/HESS machines. Durable, wear\u2011resistant, and ideal for high\u2011output block production lines.\" \/>\n<meta name=\"robots\" content=\"index, follow, max-snippet:-1, max-image-preview:large, max-video-preview:-1\" \/>\n<link rel=\"canonical\" href=\"https:\/\/www.kblmachinery.com\/de\/masa-hess-interlocking-unipaver-zigzag-paver-mould-for-block-machines\/\" \/>\n<meta property=\"og:locale\" content=\"de_DE\" \/>\n<meta property=\"og:type\" content=\"article\" \/>\n<meta property=\"og:title\" content=\"MASA HESS Zigzag Paver Moulds Supplier | Kimberly Machinery\" \/>\n<meta property=\"og:description\" content=\"Premium interlocking zigzag paver and block moulds for MASA\/HESS machines. Durable, wear\u2011resistant, and ideal for high\u2011output block production lines.\" \/>\n<meta property=\"og:url\" content=\"https:\/\/www.kblmachinery.com\/de\/masa-hess-interlocking-unipaver-zigzag-paver-mould-for-block-machines\/\" \/>\n<meta property=\"og:site_name\" content=\"Kimberly Machinery\" \/>\n<meta property=\"article:publisher\" content=\"https:\/\/www.facebook.com\/KimberlyMachinery\" \/>\n<meta property=\"article:modified_time\" content=\"2025-11-28T07:27:06+00:00\" \/>\n<meta property=\"og:image\" content=\"https:\/\/www.kblmachinery.com\/wp-content\/uploads\/2025\/11\/MASA-HESS-Interlocking-Unipaver-Zigzag-Paver-Mould-for-Block-Machines.webp\" \/>\n\t<meta property=\"og:image:width\" content=\"805\" \/>\n\t<meta property=\"og:image:height\" content=\"805\" \/>\n\t<meta property=\"og:image:type\" content=\"image\/webp\" \/>\n<meta name=\"twitter:card\" content=\"summary_large_image\" \/>\n<meta name=\"twitter:label1\" content=\"Gesch\u00e4tzte Lesezeit\" \/>\n\t<meta name=\"twitter:data1\" content=\"2\u00a0Minuten\" \/>\n<script type=\"application\/ld+json\" class=\"yoast-schema-graph\">{\"@context\":\"https:\/\/schema.org\",\"@graph\":[{\"@type\":\"WebPage\",\"@id\":\"https:\/\/www.kblmachinery.com\/masa-hess-interlocking-unipaver-zigzag-paver-mould-for-block-machines\/\",\"url\":\"https:\/\/www.kblmachinery.com\/masa-hess-interlocking-unipaver-zigzag-paver-mould-for-block-machines\/\",\"name\":\"MASA HESS Zigzag Paver Moulds Supplier | Kimberly Machinery\",\"isPartOf\":{\"@id\":\"https:\/\/www.kblmachinery.com\/#website\"},\"primaryImageOfPage\":{\"@id\":\"https:\/\/www.kblmachinery.com\/masa-hess-interlocking-unipaver-zigzag-paver-mould-for-block-machines\/#primaryimage\"},\"image\":{\"@id\":\"https:\/\/www.kblmachinery.com\/masa-hess-interlocking-unipaver-zigzag-paver-mould-for-block-machines\/#primaryimage\"},\"thumbnailUrl\":\"https:\/\/www.kblmachinery.com\/wp-content\/uploads\/2025\/11\/MASA-HESS-Interlocking-Unipaver-Zigzag-Paver-Mould-for-Block-Machines.webp\",\"datePublished\":\"2024-08-17T06:18:00+00:00\",\"dateModified\":\"2025-11-28T07:27:06+00:00\",\"description\":\"Premium interlocking zigzag paver and block moulds for MASA\/HESS machines. Durable, wear\u2011resistant, and ideal for high\u2011output block production lines.\",\"breadcrumb\":{\"@id\":\"https:\/\/www.kblmachinery.com\/masa-hess-interlocking-unipaver-zigzag-paver-mould-for-block-machines\/#breadcrumb\"},\"inLanguage\":\"de\",\"potentialAction\":[{\"@type\":\"ReadAction\",\"target\":[\"https:\/\/www.kblmachinery.com\/masa-hess-interlocking-unipaver-zigzag-paver-mould-for-block-machines\/\"]}]},{\"@type\":\"ImageObject\",\"inLanguage\":\"de\",\"@id\":\"https:\/\/www.kblmachinery.com\/masa-hess-interlocking-unipaver-zigzag-paver-mould-for-block-machines\/#primaryimage\",\"url\":\"https:\/\/www.kblmachinery.com\/wp-content\/uploads\/2025\/11\/MASA-HESS-Interlocking-Unipaver-Zigzag-Paver-Mould-for-Block-Machines.webp\",\"contentUrl\":\"https:\/\/www.kblmachinery.com\/wp-content\/uploads\/2025\/11\/MASA-HESS-Interlocking-Unipaver-Zigzag-Paver-Mould-for-Block-Machines.webp\",\"width\":805,\"height\":805,\"caption\":\"MASA HESS Interlocking Unipaver Zigzag Paver Mould for Block Machines\"},{\"@type\":\"BreadcrumbList\",\"@id\":\"https:\/\/www.kblmachinery.com\/masa-hess-interlocking-unipaver-zigzag-paver-mould-for-block-machines\/#breadcrumb\",\"itemListElement\":[{\"@type\":\"ListItem\",\"position\":1,\"name\":\"Home\",\"item\":\"https:\/\/www.kblmachinery.com\/\"},{\"@type\":\"ListItem\",\"position\":2,\"name\":\"MASA HESS Interlocking Unipaver Zigzag Paver Mould for Block Machines\"}]},{\"@type\":\"WebSite\",\"@id\":\"https:\/\/www.kblmachinery.com\/#website\",\"url\":\"https:\/\/www.kblmachinery.com\/\",\"name\":\"Professional Brick\/Block Making Machine in China\",\"description\":\"Block Machine Manufacturer - Kimberly Machinery\",\"publisher\":{\"@id\":\"https:\/\/www.kblmachinery.com\/#organization\"},\"potentialAction\":[{\"@type\":\"SearchAction\",\"target\":{\"@type\":\"EntryPoint\",\"urlTemplate\":\"https:\/\/www.kblmachinery.com\/?s={search_term_string}\"},\"query-input\":{\"@type\":\"PropertyValueSpecification\",\"valueRequired\":true,\"valueName\":\"search_term_string\"}}],\"inLanguage\":\"de\"},{\"@type\":\"Organization\",\"@id\":\"https:\/\/www.kblmachinery.com\/#organization\",\"name\":\"Quanzhou Kimberly Machinery Manufacturing Co. Ltd\",\"url\":\"https:\/\/www.kblmachinery.com\/\",\"logo\":{\"@type\":\"ImageObject\",\"inLanguage\":\"de\",\"@id\":\"https:\/\/www.kblmachinery.com\/#\/schema\/logo\/image\/\",\"url\":\"https:\/\/www.kblmachinery.com\/wp-content\/uploads\/2025\/11\/cropped-logo-1-1.png\",\"contentUrl\":\"https:\/\/www.kblmachinery.com\/wp-content\/uploads\/2025\/11\/cropped-logo-1-1.png\",\"width\":123,\"height\":136,\"caption\":\"Quanzhou Kimberly Machinery Manufacturing Co. Ltd\"},\"image\":{\"@id\":\"https:\/\/www.kblmachinery.com\/#\/schema\/logo\/image\/\"},\"sameAs\":[\"https:\/\/www.facebook.com\/KimberlyMachinery\"]}]}<\/script>\n<!-- \/ Yoast SEO plugin. -->","yoast_head_json":{"title":"MASA HESS Zigzag Paver Moulds Supplier | Kimberly Machinery","description":"Premium interlocking zigzag paver and block moulds for MASA\/HESS machines. Durable, wear\u2011resistant, and ideal for high\u2011output block production lines.","robots":{"index":"index","follow":"follow","max-snippet":"max-snippet:-1","max-image-preview":"max-image-preview:large","max-video-preview":"max-video-preview:-1"},"canonical":"https:\/\/www.kblmachinery.com\/de\/masa-hess-interlocking-unipaver-zigzag-paver-mould-for-block-machines\/","og_locale":"de_DE","og_type":"article","og_title":"MASA HESS Zigzag Paver Moulds Supplier | Kimberly Machinery","og_description":"Premium interlocking zigzag paver and block moulds for MASA\/HESS machines. Durable, wear\u2011resistant, and ideal for high\u2011output block production lines.","og_url":"https:\/\/www.kblmachinery.com\/de\/masa-hess-interlocking-unipaver-zigzag-paver-mould-for-block-machines\/","og_site_name":"Kimberly Machinery","article_publisher":"https:\/\/www.facebook.com\/KimberlyMachinery","article_modified_time":"2025-11-28T07:27:06+00:00","og_image":[{"width":805,"height":805,"url":"https:\/\/www.kblmachinery.com\/wp-content\/uploads\/2025\/11\/MASA-HESS-Interlocking-Unipaver-Zigzag-Paver-Mould-for-Block-Machines.webp","type":"image\/webp"}],"twitter_card":"summary_large_image","twitter_misc":{"Gesch\u00e4tzte Lesezeit":"2\u00a0Minuten"},"schema":{"@context":"https:\/\/schema.org","@graph":[{"@type":"WebPage","@id":"https:\/\/www.kblmachinery.com\/masa-hess-interlocking-unipaver-zigzag-paver-mould-for-block-machines\/","url":"https:\/\/www.kblmachinery.com\/masa-hess-interlocking-unipaver-zigzag-paver-mould-for-block-machines\/","name":"MASA HESS Zigzag Paver Moulds Supplier | Kimberly Machinery","isPartOf":{"@id":"https:\/\/www.kblmachinery.com\/#website"},"primaryImageOfPage":{"@id":"https:\/\/www.kblmachinery.com\/masa-hess-interlocking-unipaver-zigzag-paver-mould-for-block-machines\/#primaryimage"},"image":{"@id":"https:\/\/www.kblmachinery.com\/masa-hess-interlocking-unipaver-zigzag-paver-mould-for-block-machines\/#primaryimage"},"thumbnailUrl":"https:\/\/www.kblmachinery.com\/wp-content\/uploads\/2025\/11\/MASA-HESS-Interlocking-Unipaver-Zigzag-Paver-Mould-for-Block-Machines.webp","datePublished":"2024-08-17T06:18:00+00:00","dateModified":"2025-11-28T07:27:06+00:00","description":"Premium interlocking zigzag paver and block moulds for MASA\/HESS machines. Durable, wear\u2011resistant, and ideal for high\u2011output block production lines.","breadcrumb":{"@id":"https:\/\/www.kblmachinery.com\/masa-hess-interlocking-unipaver-zigzag-paver-mould-for-block-machines\/#breadcrumb"},"inLanguage":"de","potentialAction":[{"@type":"ReadAction","target":["https:\/\/www.kblmachinery.com\/masa-hess-interlocking-unipaver-zigzag-paver-mould-for-block-machines\/"]}]},{"@type":"ImageObject","inLanguage":"de","@id":"https:\/\/www.kblmachinery.com\/masa-hess-interlocking-unipaver-zigzag-paver-mould-for-block-machines\/#primaryimage","url":"https:\/\/www.kblmachinery.com\/wp-content\/uploads\/2025\/11\/MASA-HESS-Interlocking-Unipaver-Zigzag-Paver-Mould-for-Block-Machines.webp","contentUrl":"https:\/\/www.kblmachinery.com\/wp-content\/uploads\/2025\/11\/MASA-HESS-Interlocking-Unipaver-Zigzag-Paver-Mould-for-Block-Machines.webp","width":805,"height":805,"caption":"MASA HESS Interlocking Unipaver Zigzag Paver Mould for Block Machines"},{"@type":"BreadcrumbList","@id":"https:\/\/www.kblmachinery.com\/masa-hess-interlocking-unipaver-zigzag-paver-mould-for-block-machines\/#breadcrumb","itemListElement":[{"@type":"ListItem","position":1,"name":"Home","item":"https:\/\/www.kblmachinery.com\/"},{"@type":"ListItem","position":2,"name":"MASA HESS Interlocking Unipaver Zigzag Paver Mould for Block Machines"}]},{"@type":"WebSite","@id":"https:\/\/www.kblmachinery.com\/#website","url":"https:\/\/www.kblmachinery.com\/","name":"Professional Brick\/Block Making Machine in China","description":"Block Machine Manufacturer - Kimberly Machinery","publisher":{"@id":"https:\/\/www.kblmachinery.com\/#organization"},"potentialAction":[{"@type":"SearchAction","target":{"@type":"EntryPoint","urlTemplate":"https:\/\/www.kblmachinery.com\/?s={search_term_string}"},"query-input":{"@type":"PropertyValueSpecification","valueRequired":true,"valueName":"search_term_string"}}],"inLanguage":"de"},{"@type":"Organization","@id":"https:\/\/www.kblmachinery.com\/#organization","name":"Quanzhou Kimberly Machinery Manufacturing Co. Ltd","url":"https:\/\/www.kblmachinery.com\/","logo":{"@type":"ImageObject","inLanguage":"de","@id":"https:\/\/www.kblmachinery.com\/#\/schema\/logo\/image\/","url":"https:\/\/www.kblmachinery.com\/wp-content\/uploads\/2025\/11\/cropped-logo-1-1.png","contentUrl":"https:\/\/www.kblmachinery.com\/wp-content\/uploads\/2025\/11\/cropped-logo-1-1.png","width":123,"height":136,"caption":"Quanzhou Kimberly Machinery Manufacturing Co. Ltd"},"image":{"@id":"https:\/\/www.kblmachinery.com\/#\/schema\/logo\/image\/"},"sameAs":["https:\/\/www.facebook.com\/KimberlyMachinery"]}]}},"_links":{"self":[{"href":"https:\/\/www.kblmachinery.com\/de\/wp-json\/wp\/v2\/product\/8205","targetHints":{"allow":["GET"]}}],"collection":[{"href":"https:\/\/www.kblmachinery.com\/de\/wp-json\/wp\/v2\/product"}],"about":[{"href":"https:\/\/www.kblmachinery.com\/de\/wp-json\/wp\/v2\/types\/product"}],"wp:featuredmedia":[{"embeddable":true,"href":"https:\/\/www.kblmachinery.com\/de\/wp-json\/wp\/v2\/media\/8206"}],"wp:attachment":[{"href":"https:\/\/www.kblmachinery.com\/de\/wp-json\/wp\/v2\/media?parent=8205"}],"wp:term":[{"taxonomy":"product_brand","embeddable":true,"href":"https:\/\/www.kblmachinery.com\/de\/wp-json\/wp\/v2\/product_brand?post=8205"},{"taxonomy":"product_cat","embeddable":true,"href":"https:\/\/www.kblmachinery.com\/de\/wp-json\/wp\/v2\/product_cat?post=8205"},{"taxonomy":"product_tag","embeddable":true,"href":"https:\/\/www.kblmachinery.com\/de\/wp-json\/wp\/v2\/product_tag?post=8205"}],"curies":[{"name":"wp","href":"https:\/\/api.w.org\/{rel}","templated":true}]}}