{"id":8232,"date":"2024-08-17T06:09:00","date_gmt":"2024-08-17T06:09:00","guid":{"rendered":"https:\/\/www.kblmachinery.com\/?post_type=product&#038;p=8232"},"modified":"2025-11-28T07:30:42","modified_gmt":"2025-11-28T07:30:42","slug":"modular-brick-mould-for-making-concrete-block","status":"publish","type":"product","link":"https:\/\/www.kblmachinery.com\/de\/modular-brick-mould-for-making-concrete-block\/","title":{"rendered":"Alle Arten von Betonblockformen Pflastersteinform Blockform zum Verkauf"},"content":{"rendered":"<h2>Verschiedene Betonsteinformen und Pflastersteinformen zu verkaufen<\/h2>\n<h3 data-start=\"107\" data-end=\"131\">1. Blocktypen<\/h3>\n<p data-start=\"132\" data-end=\"386\">Wir entwerfen und fertigen hochwertige Stahlformen f\u00fcr Verbundpflastersteine, Platten, durchl\u00e4ssige Pflastersteine, Bordsteine, St\u00fctzmauern, Hohlblocksteine und Spezialsteine. Wir erf\u00fcllen alle Kundenanforderungen und bieten innovative Designvorschl\u00e4ge.<\/p>\n<h3 data-start=\"388\" data-end=\"414\">2. Rohmaterialien<\/h3>\n<p data-start=\"415\" data-end=\"577\">Unsere Formen werden aus hochwertigem, verg\u00fctetem Stahl hergestellt, der aus Italien importiert wird, und einer W\u00e4rmebehandlung unterzogen, um die Haltbarkeit und Abriebfestigkeit zu erh\u00f6hen.<\/p>\n<h3 data-start=\"579\" data-end=\"616\">3. Erfahrung in der Fertigung<\/h3>\n<p data-start=\"617\" data-end=\"833\">Mit fast 30 Jahren Erfahrung beliefern wir Kunden weltweit. Unter Verwendung von hochwertigem Stahl und fachm\u00e4nnischer Handwerkskunst liefern wir Formen, die mit Marken wie MASA, HESS, ZENITH, TIGER, Bessel, Ritu und anderen kompatibel sind.<\/p>\n<h2>Technische Spezifikationen unserer Formen:<\/h2>\n<table class=\"tg\" style=\"border-collapse: collapse; border-spacing: 0px; height: 184px;\" width=\"100%\">\n<tbody>\n<tr>\n<td style=\"font-family: Arial, sans-serif; font-size: 14px; overflow: hidden; padding: 10px 5px; text-align: left; vertical-align: top; word-break: normal; border: 1px solid black;\">Name<\/td>\n<td style=\"font-family: Arial, sans-serif; font-size: 14px; overflow: hidden; padding: 10px 5px; text-align: left; vertical-align: top; word-break: normal; border: 1px solid black;\">Betonsteinform<\/td>\n<td style=\"font-family: Arial, sans-serif; font-size: 14px; overflow: hidden; padding: 10px 5px; text-align: left; vertical-align: top; word-break: normal; border: 1px solid black;\">W\u00e4rmebehandlung<\/td>\n<td style=\"font-family: Arial, sans-serif; font-size: 14px; overflow: hidden; padding: 10px 5px; text-align: left; vertical-align: top; word-break: normal; border: 1px solid black;\">Karbonitrierung 900-950<span style=\"color: #555;\">\u00b0<\/span>C<\/td>\n<\/tr>\n<tr>\n<td style=\"font-family: Arial, sans-serif; font-size: 14px; overflow: hidden; padding: 10px 5px; text-align: left; vertical-align: top; word-break: normal; border: 1px solid black;\">Rohmaterial<\/td>\n<td style=\"font-family: Arial, sans-serif; font-size: 14px; overflow: hidden; padding: 10px 5px; text-align: left; vertical-align: top; word-break: normal; border: 1px solid black;\">besonders verschlei\u00dffester Stahl<\/td>\n<td style=\"font-family: Arial, sans-serif; font-size: 14px; overflow: hidden; padding: 10px 5px; text-align: left; vertical-align: top; word-break: normal; border: 1px solid black;\">H\u00e4rte<\/td>\n<td style=\"font-family: Arial, sans-serif; font-size: 14px; overflow: hidden; padding: 10px 5px; text-align: left; vertical-align: top; word-break: normal; border: 1px solid black;\">60-65HRC<\/td>\n<\/tr>\n<tr>\n<td style=\"font-family: Arial, sans-serif; font-size: 14px; overflow: hidden; padding: 10px 5px; text-align: left; vertical-align: top; word-break: normal; border: 1px solid black;\">Blocktyp<\/td>\n<td style=\"font-family: Arial, sans-serif; font-size: 14px; overflow: hidden; padding: 10px 5px; text-align: left; vertical-align: top; word-break: normal; border: 1px solid black;\">Hohlblocksteine, Verbundsteine, Pflastersteine und Bordsteinkanten k\u00f6nnen individuell angepasst werden.<\/td>\n<td style=\"font-family: Arial, sans-serif; font-size: 14px; overflow: hidden; padding: 10px 5px; text-align: left; vertical-align: top; word-break: normal; border: 1px solid black;\">HS-Code<\/td>\n<td style=\"font-family: Arial, sans-serif; font-size: 14px; overflow: hidden; padding: 10px 5px; text-align: left; vertical-align: top; word-break: normal; border: 1px solid black;\">848060<\/td>\n<\/tr>\n<tr>\n<td style=\"font-family: Arial, sans-serif; font-size: 14px; overflow: hidden; padding: 10px 5px; text-align: left; vertical-align: top; word-break: normal; border: 1px solid black;\">Lebenserwartung<\/td>\n<td style=\"font-family: Arial, sans-serif; font-size: 14px; overflow: hidden; padding: 10px 5px; text-align: left; vertical-align: top; word-break: normal; border: 1px solid black;\">100000-120000 Mal<\/td>\n<td style=\"font-family: Arial, sans-serif; font-size: 14px; overflow: hidden; padding: 10px 5px; text-align: left; vertical-align: top; word-break: normal; border: 1px solid black;\">Verpacken<\/td>\n<td style=\"font-family: Arial, sans-serif; font-size: 14px; overflow: hidden; padding: 10px 5px; text-align: left; vertical-align: top; word-break: normal; border: 1px solid black;\">Holz +Folie<\/td>\n<\/tr>\n<\/tbody>\n<\/table>\n<h2>Einige demonstrierte Herstellungsprozesse<\/h2>\n<p><iframe loading=\"lazy\" title=\"ICF-Block Arbeitsvideo\" src=\"https:\/\/www.youtube.com\/embed\/czhs2wYoLZg\" width=\"556\" height=\"310\" frameborder=\"0\" allowfullscreen=\"allowfullscreen\"><\/iframe><\/p>","protected":false},"excerpt":{"rendered":"<ul>\n<li>Mit fast 30 Jahren Erfahrung in der Herstellung von Betonsteinformen bieten wir 80.000 oder 120.000 Zykluszeiten als Option an.<\/li>\n<li>Unsere Gussformen erreichen nach der W\u00e4rmebehandlung eine H\u00e4rte von 62 Grad, was Haltbarkeit und Zuverl\u00e4ssigkeit gew\u00e4hrleistet.<\/li>\n<\/ul>\n<table class=\"tg\" style=\"border-collapse: collapse; border-spacing: 0px; height: 266px;\" width=\"100%\">\n<tbody>\n<tr>\n<td style=\"font-family: Arial, sans-serif; font-size: 14px; overflow: hidden; padding: 10px 5px; text-align: left; vertical-align: top; word-break: normal; border: 1px solid black;\">Bestellung (MOQ) :<\/td>\n<td style=\"font-family: Arial, sans-serif; font-size: 14px; overflow: hidden; padding: 10px 5px; text-align: left; vertical-align: top; word-break: normal; border: 1px solid black;\">1 Satz<\/td>\n<\/tr>\n<tr>\n<td style=\"font-family: Arial, sans-serif; font-size: 14px; overflow: hidden; padding: 10px 5px; text-align: left; vertical-align: top; word-break: normal; border: 1px solid black;\">Bezahlung :<\/td>\n<td style=\"font-family: Arial, sans-serif; font-size: 14px; overflow: hidden; padding: 10px 5px; text-align: left; vertical-align: top; word-break: normal; border: 1px solid black;\">T\/T 100% Zahlung vor Versand oder 100% durch best\u00e4tigtes, unwiderrufliches Akkreditiv bei Sicht.<\/td>\n<\/tr>\n<tr>\n<td style=\"font-family: Arial, sans-serif; font-size: 14px; overflow: hidden; padding: 10px 5px; text-align: left; vertical-align: top; word-break: normal; border: 1px solid black;\">Produkt Herkunft :<\/td>\n<td style=\"font-family: Arial, sans-serif; font-size: 14px; overflow: hidden; padding: 10px 5px; text-align: left; vertical-align: top; word-break: normal; border: 1px solid black;\">Quanzhou Fujian<\/td>\n<\/tr>\n<tr>\n<td style=\"font-family: Arial, sans-serif; font-size: 14px; overflow: hidden; padding: 10px 5px; text-align: left; vertical-align: top; word-break: normal; border: 1px solid black;\">Farbe :<\/td>\n<td style=\"font-family: Arial, sans-serif; font-size: 14px; overflow: hidden; padding: 10px 5px; text-align: left; vertical-align: top; word-break: normal; border: 1px solid black;\">an den Bedarf anpassen<\/td>\n<\/tr>\n<tr>\n<td style=\"font-family: Arial, sans-serif; font-size: 14px; overflow: hidden; padding: 10px 5px; text-align: left; vertical-align: top; word-break: normal; border: 1px solid black;\">Verschiffungshafen:<\/td>\n<td style=\"font-family: Arial, sans-serif; font-size: 14px; overflow: hidden; padding: 10px 5px; text-align: left; vertical-align: top; word-break: normal; border: 1px solid black;\">Xiamen<\/td>\n<\/tr>\n<tr>\n<td style=\"font-family: Arial, sans-serif; font-size: 14px; overflow: hidden; padding: 10px 5px; text-align: left; vertical-align: top; word-break: normal; border: 1px solid black;\">Vorlaufzeit :<\/td>\n<td style=\"font-family: Arial, sans-serif; font-size: 14px; overflow: hidden; padding: 10px 5px; text-align: left; vertical-align: top; word-break: normal; border: 1px solid black;\">20-25 Tage<\/td>\n<\/tr>\n<\/tbody>\n<\/table>\n<p>&nbsp;<\/p>","protected":false},"featured_media":8233,"template":"","meta":[],"product_brand":[],"product_cat":[758,763],"product_tag":[],"class_list":{"0":"post-8232","1":"product","2":"type-product","3":"status-publish","4":"has-post-thumbnail","6":"product_cat-block-moulds","7":"product_cat-paving-stone-mould","9":"first","10":"instock","11":"shipping-taxable","12":"product-type-simple"},"yoast_head":"<!-- This site is optimized with the Yoast SEO plugin v24.4 - https:\/\/yoast.com\/wordpress\/plugins\/seo\/ -->\n<title>Modular Brick Moulds | Concrete Block Mould Supplier<\/title>\n<meta name=\"description\" content=\"High\u2011quality modular brick moulds for concrete block production. Durable, customizable steel molds suitable for various block types and production lines.\" \/>\n<meta name=\"robots\" content=\"index, follow, max-snippet:-1, max-image-preview:large, max-video-preview:-1\" \/>\n<link rel=\"canonical\" href=\"https:\/\/www.kblmachinery.com\/de\/modular-brick-mould-for-making-concrete-block\/\" \/>\n<meta property=\"og:locale\" content=\"de_DE\" \/>\n<meta property=\"og:type\" content=\"article\" \/>\n<meta property=\"og:title\" content=\"Modular Brick Moulds | Concrete Block Mould Supplier\" \/>\n<meta property=\"og:description\" content=\"High\u2011quality modular brick moulds for concrete block production. Durable, customizable steel molds suitable for various block types and production lines.\" \/>\n<meta property=\"og:url\" content=\"https:\/\/www.kblmachinery.com\/de\/modular-brick-mould-for-making-concrete-block\/\" \/>\n<meta property=\"og:site_name\" content=\"Kimberly Machinery\" \/>\n<meta property=\"article:publisher\" content=\"https:\/\/www.facebook.com\/KimberlyMachinery\" \/>\n<meta property=\"article:modified_time\" content=\"2025-11-28T07:30:42+00:00\" \/>\n<meta property=\"og:image\" content=\"https:\/\/www.kblmachinery.com\/wp-content\/uploads\/2025\/11\/All-Kinds-of-Concrete-Block-Molding-Paving-Mould-Block-Mold-for-Sale.webp\" \/>\n\t<meta property=\"og:image:width\" content=\"800\" \/>\n\t<meta property=\"og:image:height\" content=\"800\" \/>\n\t<meta property=\"og:image:type\" content=\"image\/webp\" \/>\n<meta name=\"twitter:card\" content=\"summary_large_image\" \/>\n<meta name=\"twitter:label1\" content=\"Gesch\u00e4tzte Lesezeit\" \/>\n\t<meta name=\"twitter:data1\" content=\"1\u00a0Minute\" \/>\n<script type=\"application\/ld+json\" class=\"yoast-schema-graph\">{\"@context\":\"https:\/\/schema.org\",\"@graph\":[{\"@type\":\"WebPage\",\"@id\":\"https:\/\/www.kblmachinery.com\/modular-brick-mould-for-making-concrete-block\/\",\"url\":\"https:\/\/www.kblmachinery.com\/modular-brick-mould-for-making-concrete-block\/\",\"name\":\"Modular Brick Moulds | Concrete Block Mould Supplier\",\"isPartOf\":{\"@id\":\"https:\/\/www.kblmachinery.com\/#website\"},\"primaryImageOfPage\":{\"@id\":\"https:\/\/www.kblmachinery.com\/modular-brick-mould-for-making-concrete-block\/#primaryimage\"},\"image\":{\"@id\":\"https:\/\/www.kblmachinery.com\/modular-brick-mould-for-making-concrete-block\/#primaryimage\"},\"thumbnailUrl\":\"https:\/\/www.kblmachinery.com\/wp-content\/uploads\/2025\/11\/All-Kinds-of-Concrete-Block-Molding-Paving-Mould-Block-Mold-for-Sale.webp\",\"datePublished\":\"2024-08-17T06:09:00+00:00\",\"dateModified\":\"2025-11-28T07:30:42+00:00\",\"description\":\"High\u2011quality modular brick moulds for concrete block production. Durable, customizable steel molds suitable for various block types and production lines.\",\"breadcrumb\":{\"@id\":\"https:\/\/www.kblmachinery.com\/modular-brick-mould-for-making-concrete-block\/#breadcrumb\"},\"inLanguage\":\"de\",\"potentialAction\":[{\"@type\":\"ReadAction\",\"target\":[\"https:\/\/www.kblmachinery.com\/modular-brick-mould-for-making-concrete-block\/\"]}]},{\"@type\":\"ImageObject\",\"inLanguage\":\"de\",\"@id\":\"https:\/\/www.kblmachinery.com\/modular-brick-mould-for-making-concrete-block\/#primaryimage\",\"url\":\"https:\/\/www.kblmachinery.com\/wp-content\/uploads\/2025\/11\/All-Kinds-of-Concrete-Block-Molding-Paving-Mould-Block-Mold-for-Sale.webp\",\"contentUrl\":\"https:\/\/www.kblmachinery.com\/wp-content\/uploads\/2025\/11\/All-Kinds-of-Concrete-Block-Molding-Paving-Mould-Block-Mold-for-Sale.webp\",\"width\":800,\"height\":800,\"caption\":\"All Kinds of Concrete Block Molding Paving Mould Block Mold for Sale\"},{\"@type\":\"BreadcrumbList\",\"@id\":\"https:\/\/www.kblmachinery.com\/modular-brick-mould-for-making-concrete-block\/#breadcrumb\",\"itemListElement\":[{\"@type\":\"ListItem\",\"position\":1,\"name\":\"Home\",\"item\":\"https:\/\/www.kblmachinery.com\/\"},{\"@type\":\"ListItem\",\"position\":2,\"name\":\"All Kinds of Concrete Block Molding Paving Mould Block Mold for Sale\"}]},{\"@type\":\"WebSite\",\"@id\":\"https:\/\/www.kblmachinery.com\/#website\",\"url\":\"https:\/\/www.kblmachinery.com\/\",\"name\":\"Professional Brick\/Block Making Machine in China\",\"description\":\"Block Machine Manufacturer - Kimberly Machinery\",\"publisher\":{\"@id\":\"https:\/\/www.kblmachinery.com\/#organization\"},\"potentialAction\":[{\"@type\":\"SearchAction\",\"target\":{\"@type\":\"EntryPoint\",\"urlTemplate\":\"https:\/\/www.kblmachinery.com\/?s={search_term_string}\"},\"query-input\":{\"@type\":\"PropertyValueSpecification\",\"valueRequired\":true,\"valueName\":\"search_term_string\"}}],\"inLanguage\":\"de\"},{\"@type\":\"Organization\",\"@id\":\"https:\/\/www.kblmachinery.com\/#organization\",\"name\":\"Quanzhou Kimberly Machinery Manufacturing Co. Ltd\",\"url\":\"https:\/\/www.kblmachinery.com\/\",\"logo\":{\"@type\":\"ImageObject\",\"inLanguage\":\"de\",\"@id\":\"https:\/\/www.kblmachinery.com\/#\/schema\/logo\/image\/\",\"url\":\"https:\/\/www.kblmachinery.com\/wp-content\/uploads\/2025\/11\/cropped-logo-1-1.png\",\"contentUrl\":\"https:\/\/www.kblmachinery.com\/wp-content\/uploads\/2025\/11\/cropped-logo-1-1.png\",\"width\":123,\"height\":136,\"caption\":\"Quanzhou Kimberly Machinery Manufacturing Co. Ltd\"},\"image\":{\"@id\":\"https:\/\/www.kblmachinery.com\/#\/schema\/logo\/image\/\"},\"sameAs\":[\"https:\/\/www.facebook.com\/KimberlyMachinery\"]}]}<\/script>\n<!-- \/ Yoast SEO plugin. -->","yoast_head_json":{"title":"Modular Brick Moulds | Concrete Block Mould Supplier","description":"High\u2011quality modular brick moulds for concrete block production. Durable, customizable steel molds suitable for various block types and production lines.","robots":{"index":"index","follow":"follow","max-snippet":"max-snippet:-1","max-image-preview":"max-image-preview:large","max-video-preview":"max-video-preview:-1"},"canonical":"https:\/\/www.kblmachinery.com\/de\/modular-brick-mould-for-making-concrete-block\/","og_locale":"de_DE","og_type":"article","og_title":"Modular Brick Moulds | Concrete Block Mould Supplier","og_description":"High\u2011quality modular brick moulds for concrete block production. Durable, customizable steel molds suitable for various block types and production lines.","og_url":"https:\/\/www.kblmachinery.com\/de\/modular-brick-mould-for-making-concrete-block\/","og_site_name":"Kimberly Machinery","article_publisher":"https:\/\/www.facebook.com\/KimberlyMachinery","article_modified_time":"2025-11-28T07:30:42+00:00","og_image":[{"width":800,"height":800,"url":"https:\/\/www.kblmachinery.com\/wp-content\/uploads\/2025\/11\/All-Kinds-of-Concrete-Block-Molding-Paving-Mould-Block-Mold-for-Sale.webp","type":"image\/webp"}],"twitter_card":"summary_large_image","twitter_misc":{"Gesch\u00e4tzte Lesezeit":"1\u00a0Minute"},"schema":{"@context":"https:\/\/schema.org","@graph":[{"@type":"WebPage","@id":"https:\/\/www.kblmachinery.com\/modular-brick-mould-for-making-concrete-block\/","url":"https:\/\/www.kblmachinery.com\/modular-brick-mould-for-making-concrete-block\/","name":"Modular Brick Moulds | Concrete Block Mould Supplier","isPartOf":{"@id":"https:\/\/www.kblmachinery.com\/#website"},"primaryImageOfPage":{"@id":"https:\/\/www.kblmachinery.com\/modular-brick-mould-for-making-concrete-block\/#primaryimage"},"image":{"@id":"https:\/\/www.kblmachinery.com\/modular-brick-mould-for-making-concrete-block\/#primaryimage"},"thumbnailUrl":"https:\/\/www.kblmachinery.com\/wp-content\/uploads\/2025\/11\/All-Kinds-of-Concrete-Block-Molding-Paving-Mould-Block-Mold-for-Sale.webp","datePublished":"2024-08-17T06:09:00+00:00","dateModified":"2025-11-28T07:30:42+00:00","description":"High\u2011quality modular brick moulds for concrete block production. Durable, customizable steel molds suitable for various block types and production lines.","breadcrumb":{"@id":"https:\/\/www.kblmachinery.com\/modular-brick-mould-for-making-concrete-block\/#breadcrumb"},"inLanguage":"de","potentialAction":[{"@type":"ReadAction","target":["https:\/\/www.kblmachinery.com\/modular-brick-mould-for-making-concrete-block\/"]}]},{"@type":"ImageObject","inLanguage":"de","@id":"https:\/\/www.kblmachinery.com\/modular-brick-mould-for-making-concrete-block\/#primaryimage","url":"https:\/\/www.kblmachinery.com\/wp-content\/uploads\/2025\/11\/All-Kinds-of-Concrete-Block-Molding-Paving-Mould-Block-Mold-for-Sale.webp","contentUrl":"https:\/\/www.kblmachinery.com\/wp-content\/uploads\/2025\/11\/All-Kinds-of-Concrete-Block-Molding-Paving-Mould-Block-Mold-for-Sale.webp","width":800,"height":800,"caption":"All Kinds of Concrete Block Molding Paving Mould Block Mold for Sale"},{"@type":"BreadcrumbList","@id":"https:\/\/www.kblmachinery.com\/modular-brick-mould-for-making-concrete-block\/#breadcrumb","itemListElement":[{"@type":"ListItem","position":1,"name":"Home","item":"https:\/\/www.kblmachinery.com\/"},{"@type":"ListItem","position":2,"name":"All Kinds of Concrete Block Molding Paving Mould Block Mold for Sale"}]},{"@type":"WebSite","@id":"https:\/\/www.kblmachinery.com\/#website","url":"https:\/\/www.kblmachinery.com\/","name":"Professional Brick\/Block Making Machine in China","description":"Block Machine Manufacturer - Kimberly Machinery","publisher":{"@id":"https:\/\/www.kblmachinery.com\/#organization"},"potentialAction":[{"@type":"SearchAction","target":{"@type":"EntryPoint","urlTemplate":"https:\/\/www.kblmachinery.com\/?s={search_term_string}"},"query-input":{"@type":"PropertyValueSpecification","valueRequired":true,"valueName":"search_term_string"}}],"inLanguage":"de"},{"@type":"Organization","@id":"https:\/\/www.kblmachinery.com\/#organization","name":"Quanzhou Kimberly Machinery Manufacturing Co. Ltd","url":"https:\/\/www.kblmachinery.com\/","logo":{"@type":"ImageObject","inLanguage":"de","@id":"https:\/\/www.kblmachinery.com\/#\/schema\/logo\/image\/","url":"https:\/\/www.kblmachinery.com\/wp-content\/uploads\/2025\/11\/cropped-logo-1-1.png","contentUrl":"https:\/\/www.kblmachinery.com\/wp-content\/uploads\/2025\/11\/cropped-logo-1-1.png","width":123,"height":136,"caption":"Quanzhou Kimberly Machinery Manufacturing Co. Ltd"},"image":{"@id":"https:\/\/www.kblmachinery.com\/#\/schema\/logo\/image\/"},"sameAs":["https:\/\/www.facebook.com\/KimberlyMachinery"]}]}},"_links":{"self":[{"href":"https:\/\/www.kblmachinery.com\/de\/wp-json\/wp\/v2\/product\/8232","targetHints":{"allow":["GET"]}}],"collection":[{"href":"https:\/\/www.kblmachinery.com\/de\/wp-json\/wp\/v2\/product"}],"about":[{"href":"https:\/\/www.kblmachinery.com\/de\/wp-json\/wp\/v2\/types\/product"}],"wp:featuredmedia":[{"embeddable":true,"href":"https:\/\/www.kblmachinery.com\/de\/wp-json\/wp\/v2\/media\/8233"}],"wp:attachment":[{"href":"https:\/\/www.kblmachinery.com\/de\/wp-json\/wp\/v2\/media?parent=8232"}],"wp:term":[{"taxonomy":"product_brand","embeddable":true,"href":"https:\/\/www.kblmachinery.com\/de\/wp-json\/wp\/v2\/product_brand?post=8232"},{"taxonomy":"product_cat","embeddable":true,"href":"https:\/\/www.kblmachinery.com\/de\/wp-json\/wp\/v2\/product_cat?post=8232"},{"taxonomy":"product_tag","embeddable":true,"href":"https:\/\/www.kblmachinery.com\/de\/wp-json\/wp\/v2\/product_tag?post=8232"}],"curies":[{"name":"wp","href":"https:\/\/api.w.org\/{rel}","templated":true}]}}