{"id":8246,"date":"2024-08-17T06:56:00","date_gmt":"2024-08-17T06:56:00","guid":{"rendered":"https:\/\/www.kblmachinery.com\/?post_type=product&#038;p=8246"},"modified":"2025-11-27T05:46:45","modified_gmt":"2025-11-27T05:46:45","slug":"made-in-china-high-quality-steel-mould-curbstone-retaining-wall-brick-block-mold","status":"publish","type":"product","link":"https:\/\/www.kblmachinery.com\/de\/made-in-china-high-quality-steel-mould-curbstone-retaining-wall-brick-block-mold\/","title":{"rendered":"Made in China Hohe Qualit\u00e4t Stahl Schimmel Bordstein St\u00fctzmauer Backstein Block Schimmel"},"content":{"rendered":"<h2>High-Quality Steel Molds for Curbstone and Retaining Wall Blocks &#8211; Made in China<\/h2>\n<table class=\"tg\" style=\"border-collapse: collapse; border-spacing: 0px; height: 176px;\" width=\"100%\">\n<tbody>\n<tr>\n<td style=\"font-family: Arial, sans-serif; font-size: 14px; overflow: hidden; padding: 10px 5px; text-align: left; vertical-align: top; word-break: normal; border: 1px solid black;\">Name<\/td>\n<td style=\"font-family: Arial, sans-serif; font-size: 14px; overflow: hidden; padding: 10px 5px; text-align: left; vertical-align: top; word-break: normal; border: 1px solid black;\">Form f\u00fcr Bordsteinkantensteine<\/td>\n<td style=\"font-family: Arial, sans-serif; font-size: 14px; overflow: hidden; padding: 10px 5px; text-align: left; vertical-align: top; word-break: normal; border: 1px solid black;\">W\u00e4rmebehandlung<\/td>\n<td style=\"font-family: Arial, sans-serif; font-size: 14px; overflow: hidden; padding: 10px 5px; text-align: left; vertical-align: top; word-break: normal; border: 1px solid black;\">Karbonitrierung 900-950<span style=\"color: #555;\">\u00b0<\/span>C<\/td>\n<\/tr>\n<tr>\n<td style=\"font-family: Arial, sans-serif; font-size: 14px; overflow: hidden; padding: 10px 5px; text-align: left; vertical-align: top; word-break: normal; border: 1px solid black;\">Rohmaterial<\/td>\n<td style=\"font-family: Arial, sans-serif; font-size: 14px; overflow: hidden; padding: 10px 5px; text-align: left; vertical-align: top; word-break: normal; border: 1px solid black;\">besonders verschlei\u00dffester Stahl<\/td>\n<td style=\"font-family: Arial, sans-serif; font-size: 14px; overflow: hidden; padding: 10px 5px; text-align: left; vertical-align: top; word-break: normal; border: 1px solid black;\">H\u00e4rte<\/td>\n<td style=\"font-family: Arial, sans-serif; font-size: 14px; overflow: hidden; padding: 10px 5px; text-align: left; vertical-align: top; word-break: normal; border: 1px solid black;\">60-65HRC<\/td>\n<\/tr>\n<tr>\n<td style=\"font-family: Arial, sans-serif; font-size: 14px; overflow: hidden; padding: 10px 5px; text-align: left; vertical-align: top; word-break: normal; border: 1px solid black;\">Blocktyp<\/td>\n<td style=\"font-family: Arial, sans-serif; font-size: 14px; overflow: hidden; padding: 10px 5px; text-align: left; vertical-align: top; word-break: normal; border: 1px solid black;\">Hohlblocksteine, Verbundsteine, Pflastersteine und Bordsteinkanten k\u00f6nnen individuell angepasst werden.<\/td>\n<td style=\"font-family: Arial, sans-serif; font-size: 14px; overflow: hidden; padding: 10px 5px; text-align: left; vertical-align: top; word-break: normal; border: 1px solid black;\">HS-Code<\/td>\n<td style=\"font-family: Arial, sans-serif; font-size: 14px; overflow: hidden; padding: 10px 5px; text-align: left; vertical-align: top; word-break: normal; border: 1px solid black;\">848060<\/td>\n<\/tr>\n<tr>\n<td style=\"font-family: Arial, sans-serif; font-size: 14px; overflow: hidden; padding: 10px 5px; text-align: left; vertical-align: top; word-break: normal; border: 1px solid black;\">Lebenserwartung<\/td>\n<td style=\"font-family: Arial, sans-serif; font-size: 14px; overflow: hidden; padding: 10px 5px; text-align: left; vertical-align: top; word-break: normal; border: 1px solid black;\">100000-120000 Mal<\/td>\n<td style=\"font-family: Arial, sans-serif; font-size: 14px; overflow: hidden; padding: 10px 5px; text-align: left; vertical-align: top; word-break: normal; border: 1px solid black;\">Verpacken<\/td>\n<td style=\"font-family: Arial, sans-serif; font-size: 14px; overflow: hidden; padding: 10px 5px; text-align: left; vertical-align: top; word-break: normal; border: 1px solid black;\">Holz +Folie<\/td>\n<\/tr>\n<\/tbody>\n<\/table>\n<h2>Einige demonstrierte Herstellungsprozesse<\/h2>\n<p><iframe loading=\"lazy\" title=\"ICF-Block Arbeitsvideo\" src=\"https:\/\/www.youtube.com\/embed\/czhs2wYoLZg\" width=\"556\" height=\"310\" frameborder=\"0\" allowfullscreen=\"allowfullscreen\"><\/iframe><\/p>\n<h2 data-start=\"1553\" data-end=\"1587\">\u00dcber Kimberly Machinery<\/h2>\n<p data-start=\"1589\" data-end=\"1882\">Kimberly Machinery wurde in den 1990er Jahren gegr\u00fcndet, verf\u00fcgt \u00fcber fast 30 Jahre Erfahrung in der Herstellung und ist seit 2008 im Export t\u00e4tig. Wir bedienen sowohl den nationalen als auch den internationalen Markt und sind auf hochwertige Formen f\u00fcr verschiedene Blockmaschinenmarken wie MASA, HESS, ZENITH und andere spezialisiert.<\/p>\n<p data-start=\"1884\" data-end=\"2195\">Unsere Produktionskapazit\u00e4t liegt bei rund 1.000 S\u00e4tzen pro Jahr und deckt ein breites Spektrum an Steintypen ab: Hohlblocksteine, por\u00f6se Steine, Vollsteine, Stra\u00dfenplatten, Steine zum Schutz von Flussb\u00f6schungen, quadratische Steine, Steine f\u00fcr Kaianlagen, W\u00e4rmed\u00e4mmsteine, Rasenbegr\u00fcnungssteine und Sonderformen, die auf die Anforderungen der Kunden zugeschnitten sind.<\/p>\n<p data-start=\"2197\" data-end=\"2576\">Wir sind ein integriertes Unternehmen, das sich auf Forschung und Entwicklung, Herstellung, Produktion und Vertrieb konzentriert. Die Materialien f\u00fcr die Formen reichen von Q345-Stahl bis hin zu importiertem italienischem Spitzenstahl. Unsere Formen durchlaufen fortschrittliche CNC-Drahtschneide- und Vakuumaufkohlungsprozesse, die eine H\u00e4rte von bis zu 62 HRC und eine ausgezeichnete Verschlei\u00dffestigkeit erreichen. Die Zykluszeiten k\u00f6nnen 80.000-120.000 Operationen erreichen.<\/p>\n<p data-start=\"2578\" data-end=\"2734\">Dank fortschrittlicher Technologie, hervorragender Handwerkskunst, zuverl\u00e4ssiger Qualit\u00e4t und wettbewerbsf\u00e4higer Preise genie\u00dfen unsere Formen das Vertrauen und die Gunst von Kunden weltweit.<\/p>","protected":false},"excerpt":{"rendered":"<p>Curbs primarily serve functional purposes by strictly separating areas with different vertical alignments. They can also be customized with project-specific colors and formats.<\/p>\n<table class=\"tg\" style=\"border-collapse: collapse; border-spacing: 0px; height: 238px;\" width=\"100%\">\n<tbody>\n<tr>\n<td style=\"font-family: Arial, sans-serif; font-size: 14px; overflow: hidden; padding: 10px 5px; text-align: left; vertical-align: top; word-break: normal; border: 1px solid black;\">Bestellung (MOQ) :<\/td>\n<td style=\"font-family: Arial, sans-serif; font-size: 14px; overflow: hidden; padding: 10px 5px; text-align: left; vertical-align: top; word-break: normal; border: 1px solid black;\">1 Satz<\/td>\n<\/tr>\n<tr>\n<td style=\"font-family: Arial, sans-serif; font-size: 14px; overflow: hidden; padding: 10px 5px; text-align: left; vertical-align: top; word-break: normal; border: 1px solid black;\">Bezahlung :<\/td>\n<td style=\"font-family: Arial, sans-serif; font-size: 14px; overflow: hidden; padding: 10px 5px; text-align: left; vertical-align: top; word-break: normal; border: 1px solid black;\">T\/T 100% Zahlung vor Versand oder 100% durch best\u00e4tigtes, unwiderrufliches Akkreditiv bei Sicht.<\/td>\n<\/tr>\n<tr>\n<td style=\"font-family: Arial, sans-serif; font-size: 14px; overflow: hidden; padding: 10px 5px; text-align: left; vertical-align: top; word-break: normal; border: 1px solid black;\">Produkt Herkunft :<\/td>\n<td style=\"font-family: Arial, sans-serif; font-size: 14px; overflow: hidden; padding: 10px 5px; text-align: left; vertical-align: top; word-break: normal; border: 1px solid black;\">Quanzhou Fujian<\/td>\n<\/tr>\n<tr>\n<td style=\"font-family: Arial, sans-serif; font-size: 14px; overflow: hidden; padding: 10px 5px; text-align: left; vertical-align: top; word-break: normal; border: 1px solid black;\">Farbe :<\/td>\n<td style=\"font-family: Arial, sans-serif; font-size: 14px; overflow: hidden; padding: 10px 5px; text-align: left; vertical-align: top; word-break: normal; border: 1px solid black;\">an den Bedarf anpassen<\/td>\n<\/tr>\n<tr>\n<td style=\"font-family: Arial, sans-serif; font-size: 14px; overflow: hidden; padding: 10px 5px; text-align: left; vertical-align: top; word-break: normal; border: 1px solid black;\">Verschiffungshafen:<\/td>\n<td style=\"font-family: Arial, sans-serif; font-size: 14px; overflow: hidden; padding: 10px 5px; text-align: left; vertical-align: top; word-break: normal; border: 1px solid black;\">Xiamen<\/td>\n<\/tr>\n<tr>\n<td style=\"font-family: Arial, sans-serif; font-size: 14px; overflow: hidden; padding: 10px 5px; text-align: left; vertical-align: top; word-break: normal; border: 1px solid black;\">Vorlaufzeit :<\/td>\n<td style=\"font-family: Arial, sans-serif; font-size: 14px; overflow: hidden; padding: 10px 5px; text-align: left; vertical-align: top; word-break: normal; border: 1px solid black;\">20-25 Tage<\/td>\n<\/tr>\n<\/tbody>\n<\/table>\n<p>&nbsp;<\/p>","protected":false},"featured_media":8247,"template":"","meta":[],"product_brand":[],"product_cat":[758,767],"product_tag":[],"class_list":{"0":"post-8246","1":"product","2":"type-product","3":"status-publish","4":"has-post-thumbnail","6":"product_cat-block-moulds","7":"product_cat-permeable-paver-mould","9":"first","10":"instock","11":"shipping-taxable","12":"product-type-simple"},"yoast_head":"<!-- This site is optimized with the Yoast SEO plugin v24.4 - https:\/\/yoast.com\/wordpress\/plugins\/seo\/ -->\n<title>Made in China High Quality Steel Mould Curbstone Retaining Wall Brick Block Mold - Kimberly Machinery<\/title>\n<meta name=\"description\" content=\"China Made in China High Quality Steel Mould Curbstone Retaining Wall Brick Block Mold manufacturer provides auto concrete block machines, hydraulic press series block machines, concrete mixer, batching machine with wholesale price.\" \/>\n<meta name=\"robots\" content=\"index, follow, max-snippet:-1, max-image-preview:large, max-video-preview:-1\" \/>\n<link rel=\"canonical\" href=\"https:\/\/www.kblmachinery.com\/de\/made-in-china-high-quality-steel-mould-curbstone-retaining-wall-brick-block-mold\/\" \/>\n<meta property=\"og:locale\" content=\"de_DE\" \/>\n<meta property=\"og:type\" content=\"article\" \/>\n<meta property=\"og:title\" content=\"Made in China High Quality Steel Mould Curbstone Retaining Wall Brick Block Mold - Kimberly Machinery\" \/>\n<meta property=\"og:description\" content=\"China Made in China High Quality Steel Mould Curbstone Retaining Wall Brick Block Mold manufacturer provides auto concrete block machines, hydraulic press series block machines, concrete mixer, batching machine with wholesale price.\" \/>\n<meta property=\"og:url\" content=\"https:\/\/www.kblmachinery.com\/de\/made-in-china-high-quality-steel-mould-curbstone-retaining-wall-brick-block-mold\/\" \/>\n<meta property=\"og:site_name\" content=\"Kimberly Machinery\" \/>\n<meta property=\"article:publisher\" content=\"https:\/\/www.facebook.com\/KimberlyMachinery\" \/>\n<meta property=\"article:modified_time\" content=\"2025-11-27T05:46:45+00:00\" \/>\n<meta property=\"og:image\" content=\"https:\/\/www.kblmachinery.com\/wp-content\/uploads\/2025\/11\/Made-in-China-High-Quality-Steel-Mould-Curbstone-Retaining-Wall-Brick-Block-Mold.webp\" \/>\n\t<meta property=\"og:image:width\" content=\"805\" \/>\n\t<meta property=\"og:image:height\" content=\"805\" \/>\n\t<meta property=\"og:image:type\" content=\"image\/webp\" \/>\n<meta name=\"twitter:card\" content=\"summary_large_image\" \/>\n<meta name=\"twitter:label1\" content=\"Gesch\u00e4tzte Lesezeit\" \/>\n\t<meta name=\"twitter:data1\" content=\"2\u00a0Minuten\" \/>\n<script type=\"application\/ld+json\" class=\"yoast-schema-graph\">{\"@context\":\"https:\/\/schema.org\",\"@graph\":[{\"@type\":\"WebPage\",\"@id\":\"https:\/\/www.kblmachinery.com\/made-in-china-high-quality-steel-mould-curbstone-retaining-wall-brick-block-mold\/\",\"url\":\"https:\/\/www.kblmachinery.com\/made-in-china-high-quality-steel-mould-curbstone-retaining-wall-brick-block-mold\/\",\"name\":\"Made in China High Quality Steel Mould Curbstone Retaining Wall Brick Block Mold - Kimberly Machinery\",\"isPartOf\":{\"@id\":\"https:\/\/www.kblmachinery.com\/#website\"},\"primaryImageOfPage\":{\"@id\":\"https:\/\/www.kblmachinery.com\/made-in-china-high-quality-steel-mould-curbstone-retaining-wall-brick-block-mold\/#primaryimage\"},\"image\":{\"@id\":\"https:\/\/www.kblmachinery.com\/made-in-china-high-quality-steel-mould-curbstone-retaining-wall-brick-block-mold\/#primaryimage\"},\"thumbnailUrl\":\"https:\/\/www.kblmachinery.com\/wp-content\/uploads\/2025\/11\/Made-in-China-High-Quality-Steel-Mould-Curbstone-Retaining-Wall-Brick-Block-Mold.webp\",\"datePublished\":\"2024-08-17T06:56:00+00:00\",\"dateModified\":\"2025-11-27T05:46:45+00:00\",\"description\":\"China Made in China High Quality Steel Mould Curbstone Retaining Wall Brick Block Mold manufacturer provides auto concrete block machines, hydraulic press series block machines, concrete mixer, batching machine with wholesale price.\",\"breadcrumb\":{\"@id\":\"https:\/\/www.kblmachinery.com\/made-in-china-high-quality-steel-mould-curbstone-retaining-wall-brick-block-mold\/#breadcrumb\"},\"inLanguage\":\"de\",\"potentialAction\":[{\"@type\":\"ReadAction\",\"target\":[\"https:\/\/www.kblmachinery.com\/made-in-china-high-quality-steel-mould-curbstone-retaining-wall-brick-block-mold\/\"]}]},{\"@type\":\"ImageObject\",\"inLanguage\":\"de\",\"@id\":\"https:\/\/www.kblmachinery.com\/made-in-china-high-quality-steel-mould-curbstone-retaining-wall-brick-block-mold\/#primaryimage\",\"url\":\"https:\/\/www.kblmachinery.com\/wp-content\/uploads\/2025\/11\/Made-in-China-High-Quality-Steel-Mould-Curbstone-Retaining-Wall-Brick-Block-Mold.webp\",\"contentUrl\":\"https:\/\/www.kblmachinery.com\/wp-content\/uploads\/2025\/11\/Made-in-China-High-Quality-Steel-Mould-Curbstone-Retaining-Wall-Brick-Block-Mold.webp\",\"width\":805,\"height\":805,\"caption\":\"Grass Stone Mold Road Paver Mould for Park\"},{\"@type\":\"BreadcrumbList\",\"@id\":\"https:\/\/www.kblmachinery.com\/made-in-china-high-quality-steel-mould-curbstone-retaining-wall-brick-block-mold\/#breadcrumb\",\"itemListElement\":[{\"@type\":\"ListItem\",\"position\":1,\"name\":\"Home\",\"item\":\"https:\/\/www.kblmachinery.com\/\"},{\"@type\":\"ListItem\",\"position\":2,\"name\":\"Made in China High Quality Steel Mould Curbstone Retaining Wall Brick Block Mold\"}]},{\"@type\":\"WebSite\",\"@id\":\"https:\/\/www.kblmachinery.com\/#website\",\"url\":\"https:\/\/www.kblmachinery.com\/\",\"name\":\"Professional Brick\/Block Making Machine in China\",\"description\":\"Block Machine Manufacturer - Kimberly Machinery\",\"publisher\":{\"@id\":\"https:\/\/www.kblmachinery.com\/#organization\"},\"potentialAction\":[{\"@type\":\"SearchAction\",\"target\":{\"@type\":\"EntryPoint\",\"urlTemplate\":\"https:\/\/www.kblmachinery.com\/?s={search_term_string}\"},\"query-input\":{\"@type\":\"PropertyValueSpecification\",\"valueRequired\":true,\"valueName\":\"search_term_string\"}}],\"inLanguage\":\"de\"},{\"@type\":\"Organization\",\"@id\":\"https:\/\/www.kblmachinery.com\/#organization\",\"name\":\"Quanzhou Kimberly Machinery Manufacturing Co. Ltd\",\"url\":\"https:\/\/www.kblmachinery.com\/\",\"logo\":{\"@type\":\"ImageObject\",\"inLanguage\":\"de\",\"@id\":\"https:\/\/www.kblmachinery.com\/#\/schema\/logo\/image\/\",\"url\":\"https:\/\/www.kblmachinery.com\/wp-content\/uploads\/2025\/11\/cropped-logo-1-1.png\",\"contentUrl\":\"https:\/\/www.kblmachinery.com\/wp-content\/uploads\/2025\/11\/cropped-logo-1-1.png\",\"width\":123,\"height\":136,\"caption\":\"Quanzhou Kimberly Machinery Manufacturing Co. Ltd\"},\"image\":{\"@id\":\"https:\/\/www.kblmachinery.com\/#\/schema\/logo\/image\/\"},\"sameAs\":[\"https:\/\/www.facebook.com\/KimberlyMachinery\"]}]}<\/script>\n<!-- \/ Yoast SEO plugin. -->","yoast_head_json":{"title":"Made in China High Quality Steel Mould Curbstone Retaining Wall Brick Block Mold - Kimberly Machinery","description":"China Made in China High Quality Steel Mould Curbstone Retaining Wall Brick Block Mold manufacturer provides auto concrete block machines, hydraulic press series block machines, concrete mixer, batching machine with wholesale price.","robots":{"index":"index","follow":"follow","max-snippet":"max-snippet:-1","max-image-preview":"max-image-preview:large","max-video-preview":"max-video-preview:-1"},"canonical":"https:\/\/www.kblmachinery.com\/de\/made-in-china-high-quality-steel-mould-curbstone-retaining-wall-brick-block-mold\/","og_locale":"de_DE","og_type":"article","og_title":"Made in China High Quality Steel Mould Curbstone Retaining Wall Brick Block Mold - Kimberly Machinery","og_description":"China Made in China High Quality Steel Mould Curbstone Retaining Wall Brick Block Mold manufacturer provides auto concrete block machines, hydraulic press series block machines, concrete mixer, batching machine with wholesale price.","og_url":"https:\/\/www.kblmachinery.com\/de\/made-in-china-high-quality-steel-mould-curbstone-retaining-wall-brick-block-mold\/","og_site_name":"Kimberly Machinery","article_publisher":"https:\/\/www.facebook.com\/KimberlyMachinery","article_modified_time":"2025-11-27T05:46:45+00:00","og_image":[{"width":805,"height":805,"url":"https:\/\/www.kblmachinery.com\/wp-content\/uploads\/2025\/11\/Made-in-China-High-Quality-Steel-Mould-Curbstone-Retaining-Wall-Brick-Block-Mold.webp","type":"image\/webp"}],"twitter_card":"summary_large_image","twitter_misc":{"Gesch\u00e4tzte Lesezeit":"2\u00a0Minuten"},"schema":{"@context":"https:\/\/schema.org","@graph":[{"@type":"WebPage","@id":"https:\/\/www.kblmachinery.com\/made-in-china-high-quality-steel-mould-curbstone-retaining-wall-brick-block-mold\/","url":"https:\/\/www.kblmachinery.com\/made-in-china-high-quality-steel-mould-curbstone-retaining-wall-brick-block-mold\/","name":"Made in China High Quality Steel Mould Curbstone Retaining Wall Brick Block Mold - Kimberly Machinery","isPartOf":{"@id":"https:\/\/www.kblmachinery.com\/#website"},"primaryImageOfPage":{"@id":"https:\/\/www.kblmachinery.com\/made-in-china-high-quality-steel-mould-curbstone-retaining-wall-brick-block-mold\/#primaryimage"},"image":{"@id":"https:\/\/www.kblmachinery.com\/made-in-china-high-quality-steel-mould-curbstone-retaining-wall-brick-block-mold\/#primaryimage"},"thumbnailUrl":"https:\/\/www.kblmachinery.com\/wp-content\/uploads\/2025\/11\/Made-in-China-High-Quality-Steel-Mould-Curbstone-Retaining-Wall-Brick-Block-Mold.webp","datePublished":"2024-08-17T06:56:00+00:00","dateModified":"2025-11-27T05:46:45+00:00","description":"China Made in China High Quality Steel Mould Curbstone Retaining Wall Brick Block Mold manufacturer provides auto concrete block machines, hydraulic press series block machines, concrete mixer, batching machine with wholesale price.","breadcrumb":{"@id":"https:\/\/www.kblmachinery.com\/made-in-china-high-quality-steel-mould-curbstone-retaining-wall-brick-block-mold\/#breadcrumb"},"inLanguage":"de","potentialAction":[{"@type":"ReadAction","target":["https:\/\/www.kblmachinery.com\/made-in-china-high-quality-steel-mould-curbstone-retaining-wall-brick-block-mold\/"]}]},{"@type":"ImageObject","inLanguage":"de","@id":"https:\/\/www.kblmachinery.com\/made-in-china-high-quality-steel-mould-curbstone-retaining-wall-brick-block-mold\/#primaryimage","url":"https:\/\/www.kblmachinery.com\/wp-content\/uploads\/2025\/11\/Made-in-China-High-Quality-Steel-Mould-Curbstone-Retaining-Wall-Brick-Block-Mold.webp","contentUrl":"https:\/\/www.kblmachinery.com\/wp-content\/uploads\/2025\/11\/Made-in-China-High-Quality-Steel-Mould-Curbstone-Retaining-Wall-Brick-Block-Mold.webp","width":805,"height":805,"caption":"Grass Stone Mold Road Paver Mould for Park"},{"@type":"BreadcrumbList","@id":"https:\/\/www.kblmachinery.com\/made-in-china-high-quality-steel-mould-curbstone-retaining-wall-brick-block-mold\/#breadcrumb","itemListElement":[{"@type":"ListItem","position":1,"name":"Home","item":"https:\/\/www.kblmachinery.com\/"},{"@type":"ListItem","position":2,"name":"Made in China High Quality Steel Mould Curbstone Retaining Wall Brick Block Mold"}]},{"@type":"WebSite","@id":"https:\/\/www.kblmachinery.com\/#website","url":"https:\/\/www.kblmachinery.com\/","name":"Professional Brick\/Block Making Machine in China","description":"Block Machine Manufacturer - Kimberly Machinery","publisher":{"@id":"https:\/\/www.kblmachinery.com\/#organization"},"potentialAction":[{"@type":"SearchAction","target":{"@type":"EntryPoint","urlTemplate":"https:\/\/www.kblmachinery.com\/?s={search_term_string}"},"query-input":{"@type":"PropertyValueSpecification","valueRequired":true,"valueName":"search_term_string"}}],"inLanguage":"de"},{"@type":"Organization","@id":"https:\/\/www.kblmachinery.com\/#organization","name":"Quanzhou Kimberly Machinery Manufacturing Co. Ltd","url":"https:\/\/www.kblmachinery.com\/","logo":{"@type":"ImageObject","inLanguage":"de","@id":"https:\/\/www.kblmachinery.com\/#\/schema\/logo\/image\/","url":"https:\/\/www.kblmachinery.com\/wp-content\/uploads\/2025\/11\/cropped-logo-1-1.png","contentUrl":"https:\/\/www.kblmachinery.com\/wp-content\/uploads\/2025\/11\/cropped-logo-1-1.png","width":123,"height":136,"caption":"Quanzhou Kimberly Machinery Manufacturing Co. Ltd"},"image":{"@id":"https:\/\/www.kblmachinery.com\/#\/schema\/logo\/image\/"},"sameAs":["https:\/\/www.facebook.com\/KimberlyMachinery"]}]}},"_links":{"self":[{"href":"https:\/\/www.kblmachinery.com\/de\/wp-json\/wp\/v2\/product\/8246","targetHints":{"allow":["GET"]}}],"collection":[{"href":"https:\/\/www.kblmachinery.com\/de\/wp-json\/wp\/v2\/product"}],"about":[{"href":"https:\/\/www.kblmachinery.com\/de\/wp-json\/wp\/v2\/types\/product"}],"wp:featuredmedia":[{"embeddable":true,"href":"https:\/\/www.kblmachinery.com\/de\/wp-json\/wp\/v2\/media\/8247"}],"wp:attachment":[{"href":"https:\/\/www.kblmachinery.com\/de\/wp-json\/wp\/v2\/media?parent=8246"}],"wp:term":[{"taxonomy":"product_brand","embeddable":true,"href":"https:\/\/www.kblmachinery.com\/de\/wp-json\/wp\/v2\/product_brand?post=8246"},{"taxonomy":"product_cat","embeddable":true,"href":"https:\/\/www.kblmachinery.com\/de\/wp-json\/wp\/v2\/product_cat?post=8246"},{"taxonomy":"product_tag","embeddable":true,"href":"https:\/\/www.kblmachinery.com\/de\/wp-json\/wp\/v2\/product_tag?post=8246"}],"curies":[{"name":"wp","href":"https:\/\/api.w.org\/{rel}","templated":true}]}}