{"id":8263,"date":"2024-08-17T09:22:00","date_gmt":"2024-08-17T09:22:00","guid":{"rendered":"https:\/\/www.kblmachinery.com\/?post_type=product&#038;p=8263"},"modified":"2025-11-28T07:15:13","modified_gmt":"2025-11-28T07:15:13","slug":"steel-molds-for-masa-hess-block-machine","status":"publish","type":"product","link":"https:\/\/www.kblmachinery.com\/de\/steel-molds-for-masa-hess-block-machine\/","title":{"rendered":"Stahlformen f\u00fcr MASA HESS Blockmaschine"},"content":{"rendered":"<h2>Deutsche Technologie Betonstein Stahlformen f\u00fcr MASA HESS Steinmaschinen<\/h2>\n<h3>1. Blocktyp:<\/h3>\n<p>Wir entwerfen und fertigen hochwertige Stahlformen zur Herstellung von Verbundpflaster, Platten, durchl\u00e4ssigen Pflastersteinen, Bordsteinen, St\u00fctzmauern, Hohl- und Spezialbl\u00f6cken, immer in \u00dcbereinstimmung mit den Anforderungen unserer Kunden und mit neuen und frischen Ideen.<\/p>\n<h3>2. Rohmaterial:<\/h3>\n<p>F\u00fcr die Herstellung von Betonsteinformen verwenden wir hochwertigen, aus Italien importierten, verg\u00fcteten Spezialstahl. Diese St\u00e4hle werden zudem durch eine W\u00e4rmebehandlung noch abriebfester gemacht.<\/p>\n<h3>3. Erfahrung in der Herstellung:<\/h3>\n<p>Mit mehr als 30 Jahren Erfahrung in der Herstellung von Stahl haben wir Kunden aus vielen L\u00e4ndern, und wir f\u00fcgen unsere Erfahrung zu Qualit\u00e4tsstahl hinzu, um sicherzustellen, dass wir allen unseren Kunden qualitativ hochwertige Produkte anbieten k\u00f6nnen.<\/p>\n<h2>Technische Details der Form<\/h2>\n<table class=\"tg\" style=\"border-collapse: collapse; border-spacing: 0px; height: 164px;\" width=\"100%\">\n<tbody>\n<tr>\n<td style=\"font-family: Arial, sans-serif; font-size: 14px; overflow: hidden; padding: 10px 5px; text-align: left; vertical-align: top; word-break: normal; border: 1px solid black;\">Name<\/td>\n<td style=\"font-family: Arial, sans-serif; font-size: 14px; overflow: hidden; padding: 10px 5px; text-align: left; vertical-align: top; word-break: normal; border: 1px solid black;\">Stahlform f\u00fcr Bordsteinkanten<\/td>\n<td style=\"font-family: Arial, sans-serif; font-size: 14px; overflow: hidden; padding: 10px 5px; text-align: left; vertical-align: top; word-break: normal; border: 1px solid black;\">W\u00e4rmebehandlung<\/td>\n<td style=\"font-family: Arial, sans-serif; font-size: 14px; overflow: hidden; padding: 10px 5px; text-align: left; vertical-align: top; word-break: normal; border: 1px solid black;\">Karbonitrierung 900-950<span style=\"color: #555;\">\u00b0<\/span>C<\/td>\n<\/tr>\n<tr>\n<td style=\"font-family: Arial, sans-serif; font-size: 14px; overflow: hidden; padding: 10px 5px; text-align: left; vertical-align: top; word-break: normal; border: 1px solid black;\">Rohmaterial<\/td>\n<td style=\"font-family: Arial, sans-serif; font-size: 14px; overflow: hidden; padding: 10px 5px; text-align: left; vertical-align: top; word-break: normal; border: 1px solid black;\">besonders verschlei\u00dffester Stahl<\/td>\n<td style=\"font-family: Arial, sans-serif; font-size: 14px; overflow: hidden; padding: 10px 5px; text-align: left; vertical-align: top; word-break: normal; border: 1px solid black;\">H\u00e4rte<\/td>\n<td style=\"font-family: Arial, sans-serif; font-size: 14px; overflow: hidden; padding: 10px 5px; text-align: left; vertical-align: top; word-break: normal; border: 1px solid black;\">60-65HRC<\/td>\n<\/tr>\n<tr>\n<td style=\"font-family: Arial, sans-serif; font-size: 14px; overflow: hidden; padding: 10px 5px; text-align: left; vertical-align: top; word-break: normal; border: 1px solid black;\">Blocktyp<\/td>\n<td style=\"font-family: Arial, sans-serif; font-size: 14px; overflow: hidden; padding: 10px 5px; text-align: left; vertical-align: top; word-break: normal; border: 1px solid black;\">Hohlblocksteine, Verbundsteine, Pflastersteine und Bordsteinkanten k\u00f6nnen individuell angepasst werden.<\/td>\n<td style=\"font-family: Arial, sans-serif; font-size: 14px; overflow: hidden; padding: 10px 5px; text-align: left; vertical-align: top; word-break: normal; border: 1px solid black;\">HS-Code<\/td>\n<td style=\"font-family: Arial, sans-serif; font-size: 14px; overflow: hidden; padding: 10px 5px; text-align: left; vertical-align: top; word-break: normal; border: 1px solid black;\">848060<\/td>\n<\/tr>\n<tr>\n<td style=\"font-family: Arial, sans-serif; font-size: 14px; overflow: hidden; padding: 10px 5px; text-align: left; vertical-align: top; word-break: normal; border: 1px solid black;\">Lebenserwartung<\/td>\n<td style=\"font-family: Arial, sans-serif; font-size: 14px; overflow: hidden; padding: 10px 5px; text-align: left; vertical-align: top; word-break: normal; border: 1px solid black;\">100000-120000 Mal<\/td>\n<td style=\"font-family: Arial, sans-serif; font-size: 14px; overflow: hidden; padding: 10px 5px; text-align: left; vertical-align: top; word-break: normal; border: 1px solid black;\">Verpacken<\/td>\n<td style=\"font-family: Arial, sans-serif; font-size: 14px; overflow: hidden; padding: 10px 5px; text-align: left; vertical-align: top; word-break: normal; border: 1px solid black;\">Holz +Folie<\/td>\n<\/tr>\n<\/tbody>\n<\/table>\n<h2>Unsere Dienstleistungen<\/h2>\n<h3 data-start=\"39\" data-end=\"71\">Wie man einen Kostenvoranschlag erh\u00e4lt<\/h3>\n<ol data-start=\"73\" data-end=\"849\">\n<li data-start=\"73\" data-end=\"264\">\n<p data-start=\"76\" data-end=\"264\">Detaillierte Zeichnungen bereitstellen<br data-start=\"105\" data-end=\"108\" \/>Wenn Sie detaillierte Zeichnungen des von Ihnen ben\u00f6tigten Blocks haben, senden Sie uns diese bitte zur \u00dcberpr\u00fcfung zu. Wir werden Ihnen ein genaues Angebot auf der Grundlage Ihrer Spezifikationen erstellen.<\/p>\n<\/li>\n<li data-start=\"266\" data-end=\"500\">\n<p data-start=\"269\" data-end=\"500\">Ohne detaillierte Zeichnungen<br data-start=\"298\" data-end=\"301\" \/>Wenn Sie keine Zeichnungen haben, teilen Sie uns bitte mit, welche Art von Block Sie ben\u00f6tigen (z. B. hohl oder massiv). Bitte senden Sie uns auch ein Foto des Blocks mit den Abmessungen (L\u00e4nge \u00d7 Breite \u00d7 Dicke in mm).<\/p>\n<\/li>\n<li data-start=\"502\" data-end=\"603\">\n<p data-start=\"505\" data-end=\"603\">Palettengr\u00f6\u00dfe teilen<br data-start=\"526\" data-end=\"529\" \/>Bitte geben Sie die Abmessungen Ihrer Palette an, um die Kompatibilit\u00e4t sicherzustellen.<\/p>\n<\/li>\n<li data-start=\"605\" data-end=\"710\">\n<p data-start=\"608\" data-end=\"710\">Details zur Form bereitstellen<br data-start=\"632\" data-end=\"635\" \/>Geben Sie die Gr\u00f6\u00dfe des Stempelkopfes und die H\u00f6he der Gie\u00dfform an.<\/p>\n<\/li>\n<li data-start=\"712\" data-end=\"849\">\n<p data-start=\"715\" data-end=\"849\">Erkl\u00e4ren Sie Mold Connection<br data-start=\"742\" data-end=\"745\" \/>Beschreiben Sie, wie Ihre Form mit Ihrer Maschine verbunden ist. Wenn Sie eine Anschlusszeichnung haben, teilen Sie diese bitte mit.<\/p>\n<\/li>\n<\/ol>\n<p data-start=\"851\" data-end=\"935\">Sobald wir Ihre Informationen erhalten haben, werden wir so schnell wie m\u00f6glich ein Angebot erstellen.<\/p>\n<h3 data-start=\"942\" data-end=\"965\">Lieferfrist<\/h3>\n<ul data-start=\"967\" data-end=\"1120\">\n<li data-start=\"967\" data-end=\"1043\">\n<p data-start=\"969\" data-end=\"1043\">Standard-Blockformen: 20-25 Arbeitstage nach Erhalt der Anzahlung<\/p>\n<\/li>\n<li data-start=\"1044\" data-end=\"1120\">\n<p data-start=\"1046\" data-end=\"1120\">Hochwertige Blockformen: 30-40 Arbeitstage nach Erhalt der Anzahlung<\/p>\n<\/li>\n<\/ul>\n<h3 data-start=\"1127\" data-end=\"1156\">Transport und Verpackung<\/h3>\n<p data-start=\"1158\" data-end=\"1285\">Wir verwenden standardm\u00e4\u00dfig Holzverpackungen mit Plastikfolie, aber auch kundenspezifische Verpackungen sind je nach Ihren Anforderungen m\u00f6glich.<\/p>\n<h3 data-start=\"1292\" data-end=\"1333\">Kompatibilit\u00e4t mit Ihrer Maschine<\/h3>\n<p data-start=\"1335\" data-end=\"1462\">Wir stellen Formen f\u00fcr verschiedene Blockmaschinenmarken her und f\u00fchren detaillierte Aufzeichnungen. Einige Formen passen vielleicht schon auf Ihre Maschine.<\/p>\n<ul data-start=\"1464\" data-end=\"1714\">\n<li data-start=\"1464\" data-end=\"1612\">\n<p data-start=\"1466\" data-end=\"1612\">Bei Bedarf k\u00f6nnen Sie einen Ingenieur einladen, um Messungen vorzunehmen, oder wir k\u00f6nnen Sie anleiten, Fotos und Messungen digital zu \u00fcbermitteln, wie es viele Kunden tun.<\/p>\n<\/li>\n<li data-start=\"1613\" data-end=\"1714\">\n<p data-start=\"1615\" data-end=\"1714\">Nach der Best\u00e4tigung der Gr\u00f6\u00dfe, wird die Form, die wir senden, perfekt auf Ihre Maschine passen, also keine Sorge!<\/p>\n<\/li>\n<\/ul>\n<h2 data-start=\"1721\" data-end=\"1741\">Kontakt<\/h2>\n<p data-start=\"1743\" data-end=\"1813\">Erreichen Sie uns \u00fcber WeChat\/WhatsApp:<br data-start=\"1776\" data-end=\"1779\" \/>+86-1330506196 | +86-18960287187<\/p>\n<p data-start=\"1815\" data-end=\"1850\">Wir freuen uns darauf, Sie zu unterst\u00fctzen!<\/p>\n<p><iframe loading=\"lazy\" title=\"ICF-Block Arbeitsvideo\" src=\"https:\/\/www.youtube.com\/embed\/czhs2wYoLZg\" width=\"556\" height=\"310\" frameborder=\"0\" allowfullscreen=\"allowfullscreen\"><\/iframe><\/p>","protected":false},"excerpt":{"rendered":"<p>Mit fast 30 Jahren Erfahrung in der Herstellung aller Arten von Betonsteinformen bieten wir Optionen mit 80.000 oder 120.000 Zyklen. Nach der W\u00e4rmebehandlung erreicht die H\u00e4rte 62 Grad.<\/p>\n<table class=\"tg\" style=\"border-collapse: collapse; border-spacing: 0px; height: 251px;\" width=\"100%\">\n<tbody>\n<tr>\n<td style=\"font-family: Arial, sans-serif; font-size: 14px; overflow: hidden; padding: 10px 5px; text-align: left; vertical-align: top; word-break: normal; border: 1px solid black;\">Bestellung (MOQ) :<\/td>\n<td style=\"font-family: Arial, sans-serif; font-size: 14px; overflow: hidden; padding: 10px 5px; text-align: left; vertical-align: top; word-break: normal; border: 1px solid black;\">1 Satz<\/td>\n<\/tr>\n<tr>\n<td style=\"font-family: Arial, sans-serif; font-size: 14px; overflow: hidden; padding: 10px 5px; text-align: left; vertical-align: top; word-break: normal; border: 1px solid black;\">Bezahlung :<\/td>\n<td style=\"font-family: Arial, sans-serif; font-size: 14px; overflow: hidden; padding: 10px 5px; text-align: left; vertical-align: top; word-break: normal; border: 1px solid black;\">T\/T 100% Zahlung vor Versand oder 100% durch best\u00e4tigtes, unwiderrufliches Akkreditiv bei Sicht.<\/td>\n<\/tr>\n<tr>\n<td style=\"font-family: Arial, sans-serif; font-size: 14px; overflow: hidden; padding: 10px 5px; text-align: left; vertical-align: top; word-break: normal; border: 1px solid black;\">Produkt Herkunft :<\/td>\n<td style=\"font-family: Arial, sans-serif; font-size: 14px; overflow: hidden; padding: 10px 5px; text-align: left; vertical-align: top; word-break: normal; border: 1px solid black;\">Quanzhou Fujian<\/td>\n<\/tr>\n<tr>\n<td style=\"font-family: Arial, sans-serif; font-size: 14px; overflow: hidden; padding: 10px 5px; text-align: left; vertical-align: top; word-break: normal; border: 1px solid black;\">Farbe :<\/td>\n<td style=\"font-family: Arial, sans-serif; font-size: 14px; overflow: hidden; padding: 10px 5px; text-align: left; vertical-align: top; word-break: normal; border: 1px solid black;\">an den Bedarf anpassen<\/td>\n<\/tr>\n<tr>\n<td style=\"font-family: Arial, sans-serif; font-size: 14px; overflow: hidden; padding: 10px 5px; text-align: left; vertical-align: top; word-break: normal; border: 1px solid black;\">Verschiffungshafen:<\/td>\n<td style=\"font-family: Arial, sans-serif; font-size: 14px; overflow: hidden; padding: 10px 5px; text-align: left; vertical-align: top; word-break: normal; border: 1px solid black;\">Xiamen<\/td>\n<\/tr>\n<tr>\n<td style=\"font-family: Arial, sans-serif; font-size: 14px; overflow: hidden; padding: 10px 5px; text-align: left; vertical-align: top; word-break: normal; border: 1px solid black;\">Vorlaufzeit :<\/td>\n<td style=\"font-family: Arial, sans-serif; font-size: 14px; overflow: hidden; padding: 10px 5px; text-align: left; vertical-align: top; word-break: normal; border: 1px solid black;\">20-25 Tage<\/td>\n<\/tr>\n<\/tbody>\n<\/table>\n<p>&nbsp;<\/p>","protected":false},"featured_media":8264,"template":"","meta":[],"product_brand":[],"product_cat":[758,769],"product_tag":[],"class_list":{"0":"post-8263","1":"product","2":"type-product","3":"status-publish","4":"has-post-thumbnail","6":"product_cat-block-moulds","7":"product_cat-road-brick-mould","9":"first","10":"instock","11":"shipping-taxable","12":"product-type-simple"},"yoast_head":"<!-- This site is optimized with the Yoast SEO plugin v24.4 - https:\/\/yoast.com\/wordpress\/plugins\/seo\/ -->\n<title>Steel Molds for MASA HESS Block Machine - Kimberly Machinery<\/title>\n<meta name=\"description\" content=\"China Steel Molds for MASA HESS Block Machine manufacturer provides auto concrete block machines, hydraulic press series block machines, concrete mixer, batching machine with wholesale price.\" \/>\n<meta name=\"robots\" content=\"index, follow, max-snippet:-1, max-image-preview:large, max-video-preview:-1\" \/>\n<link rel=\"canonical\" href=\"https:\/\/www.kblmachinery.com\/de\/steel-molds-for-masa-hess-block-machine\/\" \/>\n<meta property=\"og:locale\" content=\"de_DE\" \/>\n<meta property=\"og:type\" content=\"article\" \/>\n<meta property=\"og:title\" content=\"Steel Molds for MASA HESS Block Machine - Kimberly Machinery\" \/>\n<meta property=\"og:description\" content=\"China Steel Molds for MASA HESS Block Machine manufacturer provides auto concrete block machines, hydraulic press series block machines, concrete mixer, batching machine with wholesale price.\" \/>\n<meta property=\"og:url\" content=\"https:\/\/www.kblmachinery.com\/de\/steel-molds-for-masa-hess-block-machine\/\" \/>\n<meta property=\"og:site_name\" content=\"Kimberly Machinery\" \/>\n<meta property=\"article:publisher\" content=\"https:\/\/www.facebook.com\/KimberlyMachinery\" \/>\n<meta property=\"article:modified_time\" content=\"2025-11-28T07:15:13+00:00\" \/>\n<meta property=\"og:image\" content=\"https:\/\/www.kblmachinery.com\/wp-content\/uploads\/2025\/11\/Germany-Technology-Concrete-Kerbstone-Steel-Mould-for-Masa-Hess-Block-Making-Machine.webp\" \/>\n\t<meta property=\"og:image:width\" content=\"805\" \/>\n\t<meta property=\"og:image:height\" content=\"805\" \/>\n\t<meta property=\"og:image:type\" content=\"image\/webp\" \/>\n<meta name=\"twitter:card\" content=\"summary_large_image\" \/>\n<meta name=\"twitter:label1\" content=\"Gesch\u00e4tzte Lesezeit\" \/>\n\t<meta name=\"twitter:data1\" content=\"3\u00a0Minuten\" \/>\n<script type=\"application\/ld+json\" class=\"yoast-schema-graph\">{\"@context\":\"https:\/\/schema.org\",\"@graph\":[{\"@type\":\"WebPage\",\"@id\":\"https:\/\/www.kblmachinery.com\/steel-molds-for-masa-hess-block-machine\/\",\"url\":\"https:\/\/www.kblmachinery.com\/steel-molds-for-masa-hess-block-machine\/\",\"name\":\"Steel Molds for MASA HESS Block Machine - Kimberly Machinery\",\"isPartOf\":{\"@id\":\"https:\/\/www.kblmachinery.com\/#website\"},\"primaryImageOfPage\":{\"@id\":\"https:\/\/www.kblmachinery.com\/steel-molds-for-masa-hess-block-machine\/#primaryimage\"},\"image\":{\"@id\":\"https:\/\/www.kblmachinery.com\/steel-molds-for-masa-hess-block-machine\/#primaryimage\"},\"thumbnailUrl\":\"https:\/\/www.kblmachinery.com\/wp-content\/uploads\/2025\/11\/Germany-Technology-Concrete-Kerbstone-Steel-Mould-for-Masa-Hess-Block-Making-Machine.webp\",\"datePublished\":\"2024-08-17T09:22:00+00:00\",\"dateModified\":\"2025-11-28T07:15:13+00:00\",\"description\":\"China Steel Molds for MASA HESS Block Machine manufacturer provides auto concrete block machines, hydraulic press series block machines, concrete mixer, batching machine with wholesale price.\",\"breadcrumb\":{\"@id\":\"https:\/\/www.kblmachinery.com\/steel-molds-for-masa-hess-block-machine\/#breadcrumb\"},\"inLanguage\":\"de\",\"potentialAction\":[{\"@type\":\"ReadAction\",\"target\":[\"https:\/\/www.kblmachinery.com\/steel-molds-for-masa-hess-block-machine\/\"]}]},{\"@type\":\"ImageObject\",\"inLanguage\":\"de\",\"@id\":\"https:\/\/www.kblmachinery.com\/steel-molds-for-masa-hess-block-machine\/#primaryimage\",\"url\":\"https:\/\/www.kblmachinery.com\/wp-content\/uploads\/2025\/11\/Germany-Technology-Concrete-Kerbstone-Steel-Mould-for-Masa-Hess-Block-Making-Machine.webp\",\"contentUrl\":\"https:\/\/www.kblmachinery.com\/wp-content\/uploads\/2025\/11\/Germany-Technology-Concrete-Kerbstone-Steel-Mould-for-Masa-Hess-Block-Making-Machine.webp\",\"width\":805,\"height\":805,\"caption\":\"Germany Technology Concrete Kerbstone Steel Mould for Masa Hess Block Making Machine\"},{\"@type\":\"BreadcrumbList\",\"@id\":\"https:\/\/www.kblmachinery.com\/steel-molds-for-masa-hess-block-machine\/#breadcrumb\",\"itemListElement\":[{\"@type\":\"ListItem\",\"position\":1,\"name\":\"Home\",\"item\":\"https:\/\/www.kblmachinery.com\/\"},{\"@type\":\"ListItem\",\"position\":2,\"name\":\"Steel Molds for MASA HESS Block Machine\"}]},{\"@type\":\"WebSite\",\"@id\":\"https:\/\/www.kblmachinery.com\/#website\",\"url\":\"https:\/\/www.kblmachinery.com\/\",\"name\":\"Professional Brick\/Block Making Machine in China\",\"description\":\"Block Machine Manufacturer - Kimberly Machinery\",\"publisher\":{\"@id\":\"https:\/\/www.kblmachinery.com\/#organization\"},\"potentialAction\":[{\"@type\":\"SearchAction\",\"target\":{\"@type\":\"EntryPoint\",\"urlTemplate\":\"https:\/\/www.kblmachinery.com\/?s={search_term_string}\"},\"query-input\":{\"@type\":\"PropertyValueSpecification\",\"valueRequired\":true,\"valueName\":\"search_term_string\"}}],\"inLanguage\":\"de\"},{\"@type\":\"Organization\",\"@id\":\"https:\/\/www.kblmachinery.com\/#organization\",\"name\":\"Quanzhou Kimberly Machinery Manufacturing Co. Ltd\",\"url\":\"https:\/\/www.kblmachinery.com\/\",\"logo\":{\"@type\":\"ImageObject\",\"inLanguage\":\"de\",\"@id\":\"https:\/\/www.kblmachinery.com\/#\/schema\/logo\/image\/\",\"url\":\"https:\/\/www.kblmachinery.com\/wp-content\/uploads\/2025\/11\/cropped-logo-1-1.png\",\"contentUrl\":\"https:\/\/www.kblmachinery.com\/wp-content\/uploads\/2025\/11\/cropped-logo-1-1.png\",\"width\":123,\"height\":136,\"caption\":\"Quanzhou Kimberly Machinery Manufacturing Co. Ltd\"},\"image\":{\"@id\":\"https:\/\/www.kblmachinery.com\/#\/schema\/logo\/image\/\"},\"sameAs\":[\"https:\/\/www.facebook.com\/KimberlyMachinery\"]}]}<\/script>\n<!-- \/ Yoast SEO plugin. -->","yoast_head_json":{"title":"Steel Molds for MASA HESS Block Machine - Kimberly Machinery","description":"China Steel Molds for MASA HESS Block Machine manufacturer provides auto concrete block machines, hydraulic press series block machines, concrete mixer, batching machine with wholesale price.","robots":{"index":"index","follow":"follow","max-snippet":"max-snippet:-1","max-image-preview":"max-image-preview:large","max-video-preview":"max-video-preview:-1"},"canonical":"https:\/\/www.kblmachinery.com\/de\/steel-molds-for-masa-hess-block-machine\/","og_locale":"de_DE","og_type":"article","og_title":"Steel Molds for MASA HESS Block Machine - Kimberly Machinery","og_description":"China Steel Molds for MASA HESS Block Machine manufacturer provides auto concrete block machines, hydraulic press series block machines, concrete mixer, batching machine with wholesale price.","og_url":"https:\/\/www.kblmachinery.com\/de\/steel-molds-for-masa-hess-block-machine\/","og_site_name":"Kimberly Machinery","article_publisher":"https:\/\/www.facebook.com\/KimberlyMachinery","article_modified_time":"2025-11-28T07:15:13+00:00","og_image":[{"width":805,"height":805,"url":"https:\/\/www.kblmachinery.com\/wp-content\/uploads\/2025\/11\/Germany-Technology-Concrete-Kerbstone-Steel-Mould-for-Masa-Hess-Block-Making-Machine.webp","type":"image\/webp"}],"twitter_card":"summary_large_image","twitter_misc":{"Gesch\u00e4tzte Lesezeit":"3\u00a0Minuten"},"schema":{"@context":"https:\/\/schema.org","@graph":[{"@type":"WebPage","@id":"https:\/\/www.kblmachinery.com\/steel-molds-for-masa-hess-block-machine\/","url":"https:\/\/www.kblmachinery.com\/steel-molds-for-masa-hess-block-machine\/","name":"Steel Molds for MASA HESS Block Machine - Kimberly Machinery","isPartOf":{"@id":"https:\/\/www.kblmachinery.com\/#website"},"primaryImageOfPage":{"@id":"https:\/\/www.kblmachinery.com\/steel-molds-for-masa-hess-block-machine\/#primaryimage"},"image":{"@id":"https:\/\/www.kblmachinery.com\/steel-molds-for-masa-hess-block-machine\/#primaryimage"},"thumbnailUrl":"https:\/\/www.kblmachinery.com\/wp-content\/uploads\/2025\/11\/Germany-Technology-Concrete-Kerbstone-Steel-Mould-for-Masa-Hess-Block-Making-Machine.webp","datePublished":"2024-08-17T09:22:00+00:00","dateModified":"2025-11-28T07:15:13+00:00","description":"China Steel Molds for MASA HESS Block Machine manufacturer provides auto concrete block machines, hydraulic press series block machines, concrete mixer, batching machine with wholesale price.","breadcrumb":{"@id":"https:\/\/www.kblmachinery.com\/steel-molds-for-masa-hess-block-machine\/#breadcrumb"},"inLanguage":"de","potentialAction":[{"@type":"ReadAction","target":["https:\/\/www.kblmachinery.com\/steel-molds-for-masa-hess-block-machine\/"]}]},{"@type":"ImageObject","inLanguage":"de","@id":"https:\/\/www.kblmachinery.com\/steel-molds-for-masa-hess-block-machine\/#primaryimage","url":"https:\/\/www.kblmachinery.com\/wp-content\/uploads\/2025\/11\/Germany-Technology-Concrete-Kerbstone-Steel-Mould-for-Masa-Hess-Block-Making-Machine.webp","contentUrl":"https:\/\/www.kblmachinery.com\/wp-content\/uploads\/2025\/11\/Germany-Technology-Concrete-Kerbstone-Steel-Mould-for-Masa-Hess-Block-Making-Machine.webp","width":805,"height":805,"caption":"Germany Technology Concrete Kerbstone Steel Mould for Masa Hess Block Making Machine"},{"@type":"BreadcrumbList","@id":"https:\/\/www.kblmachinery.com\/steel-molds-for-masa-hess-block-machine\/#breadcrumb","itemListElement":[{"@type":"ListItem","position":1,"name":"Home","item":"https:\/\/www.kblmachinery.com\/"},{"@type":"ListItem","position":2,"name":"Steel Molds for MASA HESS Block Machine"}]},{"@type":"WebSite","@id":"https:\/\/www.kblmachinery.com\/#website","url":"https:\/\/www.kblmachinery.com\/","name":"Professional Brick\/Block Making Machine in China","description":"Block Machine Manufacturer - Kimberly Machinery","publisher":{"@id":"https:\/\/www.kblmachinery.com\/#organization"},"potentialAction":[{"@type":"SearchAction","target":{"@type":"EntryPoint","urlTemplate":"https:\/\/www.kblmachinery.com\/?s={search_term_string}"},"query-input":{"@type":"PropertyValueSpecification","valueRequired":true,"valueName":"search_term_string"}}],"inLanguage":"de"},{"@type":"Organization","@id":"https:\/\/www.kblmachinery.com\/#organization","name":"Quanzhou Kimberly Machinery Manufacturing Co. Ltd","url":"https:\/\/www.kblmachinery.com\/","logo":{"@type":"ImageObject","inLanguage":"de","@id":"https:\/\/www.kblmachinery.com\/#\/schema\/logo\/image\/","url":"https:\/\/www.kblmachinery.com\/wp-content\/uploads\/2025\/11\/cropped-logo-1-1.png","contentUrl":"https:\/\/www.kblmachinery.com\/wp-content\/uploads\/2025\/11\/cropped-logo-1-1.png","width":123,"height":136,"caption":"Quanzhou Kimberly Machinery Manufacturing Co. Ltd"},"image":{"@id":"https:\/\/www.kblmachinery.com\/#\/schema\/logo\/image\/"},"sameAs":["https:\/\/www.facebook.com\/KimberlyMachinery"]}]}},"_links":{"self":[{"href":"https:\/\/www.kblmachinery.com\/de\/wp-json\/wp\/v2\/product\/8263","targetHints":{"allow":["GET"]}}],"collection":[{"href":"https:\/\/www.kblmachinery.com\/de\/wp-json\/wp\/v2\/product"}],"about":[{"href":"https:\/\/www.kblmachinery.com\/de\/wp-json\/wp\/v2\/types\/product"}],"wp:featuredmedia":[{"embeddable":true,"href":"https:\/\/www.kblmachinery.com\/de\/wp-json\/wp\/v2\/media\/8264"}],"wp:attachment":[{"href":"https:\/\/www.kblmachinery.com\/de\/wp-json\/wp\/v2\/media?parent=8263"}],"wp:term":[{"taxonomy":"product_brand","embeddable":true,"href":"https:\/\/www.kblmachinery.com\/de\/wp-json\/wp\/v2\/product_brand?post=8263"},{"taxonomy":"product_cat","embeddable":true,"href":"https:\/\/www.kblmachinery.com\/de\/wp-json\/wp\/v2\/product_cat?post=8263"},{"taxonomy":"product_tag","embeddable":true,"href":"https:\/\/www.kblmachinery.com\/de\/wp-json\/wp\/v2\/product_tag?post=8263"}],"curies":[{"name":"wp","href":"https:\/\/api.w.org\/{rel}","templated":true}]}}