{"id":8286,"date":"2024-08-17T04:20:00","date_gmt":"2024-08-17T04:20:00","guid":{"rendered":"https:\/\/www.kblmachinery.com\/?post_type=product&#038;p=8286"},"modified":"2025-11-28T07:57:48","modified_gmt":"2025-11-28T07:57:48","slug":"slab-mold-kerb-stone-mold-rain-gutter-stone-mold-paving-stone-mold","status":"publish","type":"product","link":"https:\/\/www.kblmachinery.com\/de\/slab-mold-kerb-stone-mold-rain-gutter-stone-mold-paving-stone-mold\/","title":{"rendered":"Massive Ziegelsteinform Plattenform Bordstein Regenrinne Stein Pflastersteinherstellung"},"content":{"rendered":"<h2 data-start=\"0\" data-end=\"98\">China ist ein f\u00fchrender Hersteller von verschiedenen Betonsteinformen f\u00fcr Steinfertigungsmaschinen.<\/h2>\n<p data-start=\"78\" data-end=\"459\">Kimberly Machinery ist ein f\u00fchrender Hersteller von hochwertigen Betonsteinformen f\u00fcr Steinfertigungsmaschinen. Unsere Formen werden aus hochwertigem legiertem Stahl mit verschlei\u00dffesten Teilen hergestellt, die eine lange Lebensdauer und hervorragende Leistung gew\u00e4hrleisten. Wir verfeinern unsere Herstellungsverfahren kontinuierlich, um erstklassige Produkte zu liefern, die internationalen Standards entsprechen.<\/p>\n<h3>1.Block Typ:<\/h3>\n<p>Wir entwerfen und fertigen hochwertige Stahlformen f\u00fcr Verbundpflaster, Platten, durchl\u00e4ssige Pflastersteine, Bordsteine, St\u00fctzmauern, Hohlblocksteine und Spezialsteine. Wir erf\u00fcllen stets die Anforderungen unserer Kunden und schlagen auch innovative Ideen vor, um Ihre Projekte zu verbessern.<\/p>\n<h3>2. rohstoff:<\/h3>\n<p>F\u00fcr die Herstellung unserer Betonsteinformen verwenden wir hochwertigen, verg\u00fcteten Stahl, der aus Italien importiert wird. Die Abriebfestigkeit des Stahls wird durch fortschrittliche W\u00e4rmebehandlungsverfahren weiter verbessert.<\/p>\n<h3>3. Erfahrung in der Fertigung:<\/h3>\n<p>Mit fast 30 Jahren Erfahrung in der Herstellung bedienen wir Kunden aus vielen L\u00e4ndern. Wir kombinieren unser Fachwissen mit hochwertigem Stahl, um sicherzustellen, dass wir allen unseren Kunden erstklassige Produkte liefern.<\/p>\n<h2>Technische Daten der Gussform:<\/h2>\n<table class=\"tg\" style=\"border-collapse: collapse; border-spacing: 0px; height: 183px;\" width=\"100%\">\n<tbody>\n<tr>\n<td style=\"font-family: Arial, sans-serif; font-size: 14px; overflow: hidden; padding: 10px 5px; text-align: left; vertical-align: top; word-break: normal; border: 1px solid black;\">Name<\/td>\n<td style=\"font-family: Arial, sans-serif; font-size: 14px; overflow: hidden; padding: 10px 5px; text-align: left; vertical-align: top; word-break: normal; border: 1px solid black;\">Vollziegelform<\/td>\n<td style=\"font-family: Arial, sans-serif; font-size: 14px; overflow: hidden; padding: 10px 5px; text-align: left; vertical-align: top; word-break: normal; border: 1px solid black;\">W\u00e4rmebehandlung<\/td>\n<td style=\"font-family: Arial, sans-serif; font-size: 14px; overflow: hidden; padding: 10px 5px; text-align: left; vertical-align: top; word-break: normal; border: 1px solid black;\">Karbonitrierung 900-950<span style=\"color: #555;\">\u00b0<\/span>C<\/td>\n<\/tr>\n<tr>\n<td style=\"font-family: Arial, sans-serif; font-size: 14px; overflow: hidden; padding: 10px 5px; text-align: left; vertical-align: top; word-break: normal; border: 1px solid black;\">Rohmaterial<\/td>\n<td style=\"font-family: Arial, sans-serif; font-size: 14px; overflow: hidden; padding: 10px 5px; text-align: left; vertical-align: top; word-break: normal; border: 1px solid black;\">besonders verschlei\u00dffester Stahl<\/td>\n<td style=\"font-family: Arial, sans-serif; font-size: 14px; overflow: hidden; padding: 10px 5px; text-align: left; vertical-align: top; word-break: normal; border: 1px solid black;\">H\u00e4rte<\/td>\n<td style=\"font-family: Arial, sans-serif; font-size: 14px; overflow: hidden; padding: 10px 5px; text-align: left; vertical-align: top; word-break: normal; border: 1px solid black;\">60-65HRC<\/td>\n<\/tr>\n<tr>\n<td style=\"font-family: Arial, sans-serif; font-size: 14px; overflow: hidden; padding: 10px 5px; text-align: left; vertical-align: top; word-break: normal; border: 1px solid black;\">Blocktyp<\/td>\n<td style=\"font-family: Arial, sans-serif; font-size: 14px; overflow: hidden; padding: 10px 5px; text-align: left; vertical-align: top; word-break: normal; border: 1px solid black;\">Hohlblocksteine, Verbundsteine, Pflastersteine und Bordsteinkanten k\u00f6nnen individuell angepasst werden.<\/td>\n<td style=\"font-family: Arial, sans-serif; font-size: 14px; overflow: hidden; padding: 10px 5px; text-align: left; vertical-align: top; word-break: normal; border: 1px solid black;\">HS-Code<\/td>\n<td style=\"font-family: Arial, sans-serif; font-size: 14px; overflow: hidden; padding: 10px 5px; text-align: left; vertical-align: top; word-break: normal; border: 1px solid black;\">848060<\/td>\n<\/tr>\n<tr>\n<td style=\"font-family: Arial, sans-serif; font-size: 14px; overflow: hidden; padding: 10px 5px; text-align: left; vertical-align: top; word-break: normal; border: 1px solid black;\">Lebenserwartung<\/td>\n<td style=\"font-family: Arial, sans-serif; font-size: 14px; overflow: hidden; padding: 10px 5px; text-align: left; vertical-align: top; word-break: normal; border: 1px solid black;\">100000-120000 Mal<\/td>\n<td style=\"font-family: Arial, sans-serif; font-size: 14px; overflow: hidden; padding: 10px 5px; text-align: left; vertical-align: top; word-break: normal; border: 1px solid black;\">Verpacken<\/td>\n<td style=\"font-family: Arial, sans-serif; font-size: 14px; overflow: hidden; padding: 10px 5px; text-align: left; vertical-align: top; word-break: normal; border: 1px solid black;\">Holz +Folie<\/td>\n<\/tr>\n<\/tbody>\n<\/table>\n<h2>FAQ:<\/h2>\n<h3 data-start=\"1295\" data-end=\"1330\">1. Wie kann ich ein Angebot erhalten?<\/h3>\n<ul data-start=\"1331\" data-end=\"1694\">\n<li data-start=\"1331\" data-end=\"1393\">\n<p data-start=\"1333\" data-end=\"1393\">Senden Sie uns detaillierte Zeichnungen des Blocks, um ein genaues Angebot zu erhalten.<\/p>\n<\/li>\n<li data-start=\"1394\" data-end=\"1529\">\n<p data-start=\"1396\" data-end=\"1529\">Wenn keine Zeichnungen vorhanden sind, geben Sie den Blocktyp (hohl oder massiv), ein Foto und die Abmessungen (L\u00e4nge \u00d7 Breite \u00d7 Dicke in mm) an.<\/p>\n<\/li>\n<li data-start=\"1530\" data-end=\"1597\">\n<p data-start=\"1532\" data-end=\"1597\">Teilen Sie uns Ihre Palettengr\u00f6\u00dfe, die Gr\u00f6\u00dfe des Stempelkopfes und die H\u00f6he der Gie\u00dfform mit.<\/p>\n<\/li>\n<li data-start=\"1598\" data-end=\"1694\">\n<p data-start=\"1600\" data-end=\"1694\">Erl\u00e4utern Sie, wie die Form mit Ihrer Maschine verbunden wird, und legen Sie, falls vorhanden, Anschlusszeichnungen vor.<\/p>\n<\/li>\n<\/ul>\n<h3 data-start=\"1696\" data-end=\"1719\">2. Lieferfrist:<\/h3>\n<ul data-start=\"1720\" data-end=\"1813\">\n<li data-start=\"1720\" data-end=\"1773\">\n<p data-start=\"1722\" data-end=\"1773\">Standardformen: 20-25 Arbeitstage nach Ablieferung.<\/p>\n<\/li>\n<li data-start=\"1774\" data-end=\"1813\">\n<p data-start=\"1776\" data-end=\"1813\">High-End-Formen: 30-40 Arbeitstage.<\/p>\n<\/li>\n<\/ul>\n<h3 data-start=\"1815\" data-end=\"1842\">3. Transport-Verpackung:<\/h3>\n<ul data-start=\"1843\" data-end=\"1931\">\n<li data-start=\"1843\" data-end=\"1888\">\n<p data-start=\"1845\" data-end=\"1888\">Standard-Holzkisten mit Plastikfolie.<\/p>\n<\/li>\n<li data-start=\"1889\" data-end=\"1931\">\n<p data-start=\"1891\" data-end=\"1931\">Kundenspezifische Verpackungen sind auf Anfrage erh\u00e4ltlich.<\/p>\n<\/li>\n<\/ul>\n<h3 data-start=\"1933\" data-end=\"1964\">4. Maschinen-Kompatibilit\u00e4t:<\/h3>\n<ul data-start=\"1965\" data-end=\"2198\">\n<li data-start=\"1965\" data-end=\"2053\">\n<p data-start=\"1967\" data-end=\"2053\">Wir stellen Formen f\u00fcr verschiedene Blockmaschinenmarken her und f\u00fchren detaillierte Aufzeichnungen.<\/p>\n<\/li>\n<li data-start=\"2054\" data-end=\"2198\">\n<p data-start=\"2056\" data-end=\"2198\">Zur Best\u00e4tigung k\u00f6nnen die Techniker vor Ort messen, oder Sie k\u00f6nnen Fotos und Ma\u00dfe digital \u00fcbermitteln. Einmal best\u00e4tigt, passt die Form perfekt.<\/p>\n<\/li>\n<\/ul>\n<h3 data-start=\"2200\" data-end=\"2223\">5. Zahlungsbedingungen:<\/h3>\n<ul data-start=\"2224\" data-end=\"2291\">\n<li data-start=\"2224\" data-end=\"2291\">\n<p data-start=\"2226\" data-end=\"2291\">50% Vorauszahlung \u00fcber T\/T zu Beginn der Bestellung, Restbetrag vor dem Verladen.<\/p>\n<\/li>\n<\/ul>\n<h3 data-start=\"2293\" data-end=\"2313\">6. Kontaktieren Sie uns:<\/h3>\n<ul data-start=\"2314\" data-end=\"2367\">\n<li data-start=\"2314\" data-end=\"2367\">\n<p data-start=\"2316\" data-end=\"2367\">WeChat\/WhatsApp: +86-1330506196 \/ +86-18960287187<\/p>\n<\/li>\n<\/ul>\n<p><iframe loading=\"lazy\" title=\"ICF-Block Arbeitsvideo\" src=\"https:\/\/www.youtube.com\/embed\/czhs2wYoLZg\" width=\"556\" height=\"310\" frameborder=\"0\" allowfullscreen=\"allowfullscreen\"><\/iframe><\/p>","protected":false},"excerpt":{"rendered":"<ul>\n<li data-start=\"0\" data-end=\"80\">Massive Ziegelbl\u00f6cke sind wichtige Baustoffe f\u00fcr den Bau von Geb\u00e4uden.<\/li>\n<li data-start=\"0\" data-end=\"80\">Die Gr\u00f6\u00dfen und Typen variieren je nach Wandtyp und spezifischer Verwendung.<\/li>\n<li data-start=\"0\" data-end=\"80\">Wir k\u00f6nnen alle Formen an die Bed\u00fcrfnisse Ihres lokalen Marktes anpassen.<\/li>\n<\/ul>\n<table class=\"tg\" style=\"border-collapse: collapse; border-spacing: 0px; height: 280px;\" width=\"100%\">\n<tbody>\n<tr>\n<td style=\"font-family: Arial, sans-serif; font-size: 14px; overflow: hidden; padding: 10px 5px; text-align: left; vertical-align: top; word-break: normal; border: 1px solid black;\">Bestellung (MOQ) :<\/td>\n<td style=\"font-family: Arial, sans-serif; font-size: 14px; overflow: hidden; padding: 10px 5px; text-align: left; vertical-align: top; word-break: normal; border: 1px solid black;\">1 Satz<\/td>\n<\/tr>\n<tr>\n<td style=\"font-family: Arial, sans-serif; font-size: 14px; overflow: hidden; padding: 10px 5px; text-align: left; vertical-align: top; word-break: normal; border: 1px solid black;\">Bezahlung :<\/td>\n<td style=\"font-family: Arial, sans-serif; font-size: 14px; overflow: hidden; padding: 10px 5px; text-align: left; vertical-align: top; word-break: normal; border: 1px solid black;\">T\/T 100% Zahlung vor Versand oder 100% durch best\u00e4tigtes, unwiderrufliches Akkreditiv bei Sicht.<\/td>\n<\/tr>\n<tr>\n<td style=\"font-family: Arial, sans-serif; font-size: 14px; overflow: hidden; padding: 10px 5px; text-align: left; vertical-align: top; word-break: normal; border: 1px solid black;\">Produkt Herkunft :<\/td>\n<td style=\"font-family: Arial, sans-serif; font-size: 14px; overflow: hidden; padding: 10px 5px; text-align: left; vertical-align: top; word-break: normal; border: 1px solid black;\">Quanzhou Fujian<\/td>\n<\/tr>\n<tr>\n<td style=\"font-family: Arial, sans-serif; font-size: 14px; overflow: hidden; padding: 10px 5px; text-align: left; vertical-align: top; word-break: normal; border: 1px solid black;\">Farbe :<\/td>\n<td style=\"font-family: Arial, sans-serif; font-size: 14px; overflow: hidden; padding: 10px 5px; text-align: left; vertical-align: top; word-break: normal; border: 1px solid black;\">an den Bedarf anpassen<\/td>\n<\/tr>\n<tr>\n<td style=\"font-family: Arial, sans-serif; font-size: 14px; overflow: hidden; padding: 10px 5px; text-align: left; vertical-align: top; word-break: normal; border: 1px solid black;\">Verschiffungshafen:<\/td>\n<td style=\"font-family: Arial, sans-serif; font-size: 14px; overflow: hidden; padding: 10px 5px; text-align: left; vertical-align: top; word-break: normal; border: 1px solid black;\">Xiamen<\/td>\n<\/tr>\n<tr>\n<td style=\"font-family: Arial, sans-serif; font-size: 14px; overflow: hidden; padding: 10px 5px; text-align: left; vertical-align: top; word-break: normal; border: 1px solid black;\">Vorlaufzeit :<\/td>\n<td style=\"font-family: Arial, sans-serif; font-size: 14px; overflow: hidden; padding: 10px 5px; text-align: left; vertical-align: top; word-break: normal; border: 1px solid black;\">20-25 Tage<\/td>\n<\/tr>\n<\/tbody>\n<\/table>\n<p>&nbsp;<\/p>","protected":false},"featured_media":8287,"template":"","meta":[],"product_brand":[],"product_cat":[758,770],"product_tag":[766],"class_list":{"0":"post-8286","1":"product","2":"type-product","3":"status-publish","4":"has-post-thumbnail","6":"product_cat-block-moulds","7":"product_cat-grass-stone-mold","8":"product_tag-grass-stone-mold","10":"first","11":"instock","12":"shipping-taxable","13":"product-type-simple"},"yoast_head":"<!-- This site is optimized with the Yoast SEO plugin v24.4 - https:\/\/yoast.com\/wordpress\/plugins\/seo\/ -->\n<title>Slab &amp; Kerb\u2011Stone Moulds | Concrete Paver Mold Supplier<\/title>\n<meta name=\"description\" content=\"Premium slab, kerb\u2011stone, rain\u2011gutter and paving\u2011stone molds for block machines. Durable, wear\u2011resistant concrete molds from leading Chinese manufacturer.\" \/>\n<meta name=\"robots\" content=\"index, follow, max-snippet:-1, max-image-preview:large, max-video-preview:-1\" \/>\n<link rel=\"canonical\" href=\"https:\/\/www.kblmachinery.com\/de\/slab-mold-kerb-stone-mold-rain-gutter-stone-mold-paving-stone-mold\/\" \/>\n<meta property=\"og:locale\" content=\"de_DE\" \/>\n<meta property=\"og:type\" content=\"article\" \/>\n<meta property=\"og:title\" content=\"Slab &amp; Kerb\u2011Stone Moulds | Concrete Paver Mold Supplier\" \/>\n<meta property=\"og:description\" content=\"Premium slab, kerb\u2011stone, rain\u2011gutter and paving\u2011stone molds for block machines. Durable, wear\u2011resistant concrete molds from leading Chinese manufacturer.\" \/>\n<meta property=\"og:url\" content=\"https:\/\/www.kblmachinery.com\/de\/slab-mold-kerb-stone-mold-rain-gutter-stone-mold-paving-stone-mold\/\" \/>\n<meta property=\"og:site_name\" content=\"Kimberly Machinery\" \/>\n<meta property=\"article:publisher\" content=\"https:\/\/www.facebook.com\/KimberlyMachinery\" \/>\n<meta property=\"article:modified_time\" content=\"2025-11-28T07:57:48+00:00\" \/>\n<meta property=\"og:image\" content=\"https:\/\/www.kblmachinery.com\/wp-content\/uploads\/2025\/11\/Solid-Brick-Mould-Slab-Mold-Kerbstone-Rain-Gutter-Stone-Paving-Stone-Making.webp\" \/>\n\t<meta property=\"og:image:width\" content=\"805\" \/>\n\t<meta property=\"og:image:height\" content=\"805\" \/>\n\t<meta property=\"og:image:type\" content=\"image\/webp\" \/>\n<meta name=\"twitter:card\" content=\"summary_large_image\" \/>\n<meta name=\"twitter:label1\" content=\"Gesch\u00e4tzte Lesezeit\" \/>\n\t<meta name=\"twitter:data1\" content=\"2\u00a0Minuten\" \/>\n<script type=\"application\/ld+json\" class=\"yoast-schema-graph\">{\"@context\":\"https:\/\/schema.org\",\"@graph\":[{\"@type\":\"WebPage\",\"@id\":\"https:\/\/www.kblmachinery.com\/slab-mold-kerb-stone-mold-rain-gutter-stone-mold-paving-stone-mold\/\",\"url\":\"https:\/\/www.kblmachinery.com\/slab-mold-kerb-stone-mold-rain-gutter-stone-mold-paving-stone-mold\/\",\"name\":\"Slab & Kerb\u2011Stone Moulds | Concrete Paver Mold Supplier\",\"isPartOf\":{\"@id\":\"https:\/\/www.kblmachinery.com\/#website\"},\"primaryImageOfPage\":{\"@id\":\"https:\/\/www.kblmachinery.com\/slab-mold-kerb-stone-mold-rain-gutter-stone-mold-paving-stone-mold\/#primaryimage\"},\"image\":{\"@id\":\"https:\/\/www.kblmachinery.com\/slab-mold-kerb-stone-mold-rain-gutter-stone-mold-paving-stone-mold\/#primaryimage\"},\"thumbnailUrl\":\"https:\/\/www.kblmachinery.com\/wp-content\/uploads\/2025\/11\/Solid-Brick-Mould-Slab-Mold-Kerbstone-Rain-Gutter-Stone-Paving-Stone-Making.webp\",\"datePublished\":\"2024-08-17T04:20:00+00:00\",\"dateModified\":\"2025-11-28T07:57:48+00:00\",\"description\":\"Premium slab, kerb\u2011stone, rain\u2011gutter and paving\u2011stone molds for block machines. Durable, wear\u2011resistant concrete molds from leading Chinese manufacturer.\",\"breadcrumb\":{\"@id\":\"https:\/\/www.kblmachinery.com\/slab-mold-kerb-stone-mold-rain-gutter-stone-mold-paving-stone-mold\/#breadcrumb\"},\"inLanguage\":\"de\",\"potentialAction\":[{\"@type\":\"ReadAction\",\"target\":[\"https:\/\/www.kblmachinery.com\/slab-mold-kerb-stone-mold-rain-gutter-stone-mold-paving-stone-mold\/\"]}]},{\"@type\":\"ImageObject\",\"inLanguage\":\"de\",\"@id\":\"https:\/\/www.kblmachinery.com\/slab-mold-kerb-stone-mold-rain-gutter-stone-mold-paving-stone-mold\/#primaryimage\",\"url\":\"https:\/\/www.kblmachinery.com\/wp-content\/uploads\/2025\/11\/Solid-Brick-Mould-Slab-Mold-Kerbstone-Rain-Gutter-Stone-Paving-Stone-Making.webp\",\"contentUrl\":\"https:\/\/www.kblmachinery.com\/wp-content\/uploads\/2025\/11\/Solid-Brick-Mould-Slab-Mold-Kerbstone-Rain-Gutter-Stone-Paving-Stone-Making.webp\",\"width\":805,\"height\":805,\"caption\":\"Solid Brick Mould Slab Mold Kerbstone Rain Gutter Stone Paving Stone Making\"},{\"@type\":\"BreadcrumbList\",\"@id\":\"https:\/\/www.kblmachinery.com\/slab-mold-kerb-stone-mold-rain-gutter-stone-mold-paving-stone-mold\/#breadcrumb\",\"itemListElement\":[{\"@type\":\"ListItem\",\"position\":1,\"name\":\"Home\",\"item\":\"https:\/\/www.kblmachinery.com\/\"},{\"@type\":\"ListItem\",\"position\":2,\"name\":\"Solid Brick Mould Slab Mold Kerbstone Rain Gutter Stone Paving Stone Making\"}]},{\"@type\":\"WebSite\",\"@id\":\"https:\/\/www.kblmachinery.com\/#website\",\"url\":\"https:\/\/www.kblmachinery.com\/\",\"name\":\"Professional Brick\/Block Making Machine in China\",\"description\":\"Block Machine Manufacturer - Kimberly Machinery\",\"publisher\":{\"@id\":\"https:\/\/www.kblmachinery.com\/#organization\"},\"potentialAction\":[{\"@type\":\"SearchAction\",\"target\":{\"@type\":\"EntryPoint\",\"urlTemplate\":\"https:\/\/www.kblmachinery.com\/?s={search_term_string}\"},\"query-input\":{\"@type\":\"PropertyValueSpecification\",\"valueRequired\":true,\"valueName\":\"search_term_string\"}}],\"inLanguage\":\"de\"},{\"@type\":\"Organization\",\"@id\":\"https:\/\/www.kblmachinery.com\/#organization\",\"name\":\"Quanzhou Kimberly Machinery Manufacturing Co. Ltd\",\"url\":\"https:\/\/www.kblmachinery.com\/\",\"logo\":{\"@type\":\"ImageObject\",\"inLanguage\":\"de\",\"@id\":\"https:\/\/www.kblmachinery.com\/#\/schema\/logo\/image\/\",\"url\":\"https:\/\/www.kblmachinery.com\/wp-content\/uploads\/2025\/11\/cropped-logo-1-1.png\",\"contentUrl\":\"https:\/\/www.kblmachinery.com\/wp-content\/uploads\/2025\/11\/cropped-logo-1-1.png\",\"width\":123,\"height\":136,\"caption\":\"Quanzhou Kimberly Machinery Manufacturing Co. Ltd\"},\"image\":{\"@id\":\"https:\/\/www.kblmachinery.com\/#\/schema\/logo\/image\/\"},\"sameAs\":[\"https:\/\/www.facebook.com\/KimberlyMachinery\"]}]}<\/script>\n<!-- \/ Yoast SEO plugin. -->","yoast_head_json":{"title":"Slab & Kerb\u2011Stone Moulds | Concrete Paver Mold Supplier","description":"Premium slab, kerb\u2011stone, rain\u2011gutter and paving\u2011stone molds for block machines. Durable, wear\u2011resistant concrete molds from leading Chinese manufacturer.","robots":{"index":"index","follow":"follow","max-snippet":"max-snippet:-1","max-image-preview":"max-image-preview:large","max-video-preview":"max-video-preview:-1"},"canonical":"https:\/\/www.kblmachinery.com\/de\/slab-mold-kerb-stone-mold-rain-gutter-stone-mold-paving-stone-mold\/","og_locale":"de_DE","og_type":"article","og_title":"Slab & Kerb\u2011Stone Moulds | Concrete Paver Mold Supplier","og_description":"Premium slab, kerb\u2011stone, rain\u2011gutter and paving\u2011stone molds for block machines. Durable, wear\u2011resistant concrete molds from leading Chinese manufacturer.","og_url":"https:\/\/www.kblmachinery.com\/de\/slab-mold-kerb-stone-mold-rain-gutter-stone-mold-paving-stone-mold\/","og_site_name":"Kimberly Machinery","article_publisher":"https:\/\/www.facebook.com\/KimberlyMachinery","article_modified_time":"2025-11-28T07:57:48+00:00","og_image":[{"width":805,"height":805,"url":"https:\/\/www.kblmachinery.com\/wp-content\/uploads\/2025\/11\/Solid-Brick-Mould-Slab-Mold-Kerbstone-Rain-Gutter-Stone-Paving-Stone-Making.webp","type":"image\/webp"}],"twitter_card":"summary_large_image","twitter_misc":{"Gesch\u00e4tzte Lesezeit":"2\u00a0Minuten"},"schema":{"@context":"https:\/\/schema.org","@graph":[{"@type":"WebPage","@id":"https:\/\/www.kblmachinery.com\/slab-mold-kerb-stone-mold-rain-gutter-stone-mold-paving-stone-mold\/","url":"https:\/\/www.kblmachinery.com\/slab-mold-kerb-stone-mold-rain-gutter-stone-mold-paving-stone-mold\/","name":"Slab & Kerb\u2011Stone Moulds | Concrete Paver Mold Supplier","isPartOf":{"@id":"https:\/\/www.kblmachinery.com\/#website"},"primaryImageOfPage":{"@id":"https:\/\/www.kblmachinery.com\/slab-mold-kerb-stone-mold-rain-gutter-stone-mold-paving-stone-mold\/#primaryimage"},"image":{"@id":"https:\/\/www.kblmachinery.com\/slab-mold-kerb-stone-mold-rain-gutter-stone-mold-paving-stone-mold\/#primaryimage"},"thumbnailUrl":"https:\/\/www.kblmachinery.com\/wp-content\/uploads\/2025\/11\/Solid-Brick-Mould-Slab-Mold-Kerbstone-Rain-Gutter-Stone-Paving-Stone-Making.webp","datePublished":"2024-08-17T04:20:00+00:00","dateModified":"2025-11-28T07:57:48+00:00","description":"Premium slab, kerb\u2011stone, rain\u2011gutter and paving\u2011stone molds for block machines. Durable, wear\u2011resistant concrete molds from leading Chinese manufacturer.","breadcrumb":{"@id":"https:\/\/www.kblmachinery.com\/slab-mold-kerb-stone-mold-rain-gutter-stone-mold-paving-stone-mold\/#breadcrumb"},"inLanguage":"de","potentialAction":[{"@type":"ReadAction","target":["https:\/\/www.kblmachinery.com\/slab-mold-kerb-stone-mold-rain-gutter-stone-mold-paving-stone-mold\/"]}]},{"@type":"ImageObject","inLanguage":"de","@id":"https:\/\/www.kblmachinery.com\/slab-mold-kerb-stone-mold-rain-gutter-stone-mold-paving-stone-mold\/#primaryimage","url":"https:\/\/www.kblmachinery.com\/wp-content\/uploads\/2025\/11\/Solid-Brick-Mould-Slab-Mold-Kerbstone-Rain-Gutter-Stone-Paving-Stone-Making.webp","contentUrl":"https:\/\/www.kblmachinery.com\/wp-content\/uploads\/2025\/11\/Solid-Brick-Mould-Slab-Mold-Kerbstone-Rain-Gutter-Stone-Paving-Stone-Making.webp","width":805,"height":805,"caption":"Solid Brick Mould Slab Mold Kerbstone Rain Gutter Stone Paving Stone Making"},{"@type":"BreadcrumbList","@id":"https:\/\/www.kblmachinery.com\/slab-mold-kerb-stone-mold-rain-gutter-stone-mold-paving-stone-mold\/#breadcrumb","itemListElement":[{"@type":"ListItem","position":1,"name":"Home","item":"https:\/\/www.kblmachinery.com\/"},{"@type":"ListItem","position":2,"name":"Solid Brick Mould Slab Mold Kerbstone Rain Gutter Stone Paving Stone Making"}]},{"@type":"WebSite","@id":"https:\/\/www.kblmachinery.com\/#website","url":"https:\/\/www.kblmachinery.com\/","name":"Professional Brick\/Block Making Machine in China","description":"Block Machine Manufacturer - Kimberly Machinery","publisher":{"@id":"https:\/\/www.kblmachinery.com\/#organization"},"potentialAction":[{"@type":"SearchAction","target":{"@type":"EntryPoint","urlTemplate":"https:\/\/www.kblmachinery.com\/?s={search_term_string}"},"query-input":{"@type":"PropertyValueSpecification","valueRequired":true,"valueName":"search_term_string"}}],"inLanguage":"de"},{"@type":"Organization","@id":"https:\/\/www.kblmachinery.com\/#organization","name":"Quanzhou Kimberly Machinery Manufacturing Co. Ltd","url":"https:\/\/www.kblmachinery.com\/","logo":{"@type":"ImageObject","inLanguage":"de","@id":"https:\/\/www.kblmachinery.com\/#\/schema\/logo\/image\/","url":"https:\/\/www.kblmachinery.com\/wp-content\/uploads\/2025\/11\/cropped-logo-1-1.png","contentUrl":"https:\/\/www.kblmachinery.com\/wp-content\/uploads\/2025\/11\/cropped-logo-1-1.png","width":123,"height":136,"caption":"Quanzhou Kimberly Machinery Manufacturing Co. Ltd"},"image":{"@id":"https:\/\/www.kblmachinery.com\/#\/schema\/logo\/image\/"},"sameAs":["https:\/\/www.facebook.com\/KimberlyMachinery"]}]}},"_links":{"self":[{"href":"https:\/\/www.kblmachinery.com\/de\/wp-json\/wp\/v2\/product\/8286","targetHints":{"allow":["GET"]}}],"collection":[{"href":"https:\/\/www.kblmachinery.com\/de\/wp-json\/wp\/v2\/product"}],"about":[{"href":"https:\/\/www.kblmachinery.com\/de\/wp-json\/wp\/v2\/types\/product"}],"wp:featuredmedia":[{"embeddable":true,"href":"https:\/\/www.kblmachinery.com\/de\/wp-json\/wp\/v2\/media\/8287"}],"wp:attachment":[{"href":"https:\/\/www.kblmachinery.com\/de\/wp-json\/wp\/v2\/media?parent=8286"}],"wp:term":[{"taxonomy":"product_brand","embeddable":true,"href":"https:\/\/www.kblmachinery.com\/de\/wp-json\/wp\/v2\/product_brand?post=8286"},{"taxonomy":"product_cat","embeddable":true,"href":"https:\/\/www.kblmachinery.com\/de\/wp-json\/wp\/v2\/product_cat?post=8286"},{"taxonomy":"product_tag","embeddable":true,"href":"https:\/\/www.kblmachinery.com\/de\/wp-json\/wp\/v2\/product_tag?post=8286"}],"curies":[{"name":"wp","href":"https:\/\/api.w.org\/{rel}","templated":true}]}}