{"id":8354,"date":"2024-08-18T07:33:00","date_gmt":"2024-08-18T07:33:00","guid":{"rendered":"https:\/\/www.kblmachinery.com\/?post_type=product&#038;p=8354"},"modified":"2025-11-28T06:46:01","modified_gmt":"2025-11-28T06:46:01","slug":"concrete-batching-machine","status":"publish","type":"product","link":"https:\/\/www.kblmachinery.com\/de\/concrete-batching-machine\/","title":{"rendered":"Betondosiermaschine"},"content":{"rendered":"<h2 data-start=\"84\" data-end=\"138\">Betondosiermaschine - Produkt\u00fcbersicht<\/h2>\n<p data-start=\"140\" data-end=\"693\">Die Beton-Dosiermaschine von Kimberly Machinery ist f\u00fcr die genaue und effiziente Dosierung von Zuschlagstoffen in Betonmischstationen konzipiert. Sie kann 2 bis 4 Arten von Zuschlagstoffen verarbeiten, z. B. Schotter, Sand und andere Industrieabf\u00e4lle. Der Anteil der einzelnen Zuschlagstoffe wird automatisch von einem Mikrocomputer gesteuert, der ein pr\u00e4zises Wiegen und eine gleichbleibende Betonqualit\u00e4t gew\u00e4hrleistet. Die Kunden k\u00f6nnen je nach ihren Produktionsanforderungen zwischen einer kumulativen Trichterw\u00e4gung, einer kumulativen Bandw\u00e4gung oder einer getrennten Trichterw\u00e4gung w\u00e4hlen.<\/p>\n<h2 data-start=\"695\" data-end=\"750\">W\u00e4getypen und Beh\u00e4lternummern k\u00f6nnen individuell angepasst werden:<\/h2>\n<ul>\n<li>Trichter Kumulative W\u00e4gung<\/li>\n<\/ul>\n<p>Die Zuschlagstoffe werden zum Wiegen in einen einzigen Trichter entleert. Dieser Typ bietet eine einfache Struktur, niedrige Kosten und einfache Wartung, geeignet f\u00fcr Maschinen mit kleiner Dosierkapazit\u00e4t wie PL800 (48m\u00b3\/h), PL1200 (60m\u00b3\/h) und PL1600 (80m\u00b3\/h) mit 2-3 Beh\u00e4ltern.<\/p>\n<ul>\n<li>G\u00fcrtel Kumulative W\u00e4gung<\/li>\n<\/ul>\n<p>Die Zuschlagstoffe werden auf ein F\u00f6rderband mit einem langen Trichter entladen, der eine gro\u00dfe Kapazit\u00e4t und eine schnelle F\u00f6rderung erm\u00f6glicht. \u00dcblicherweise in PL1600 (80m\u00b3\/h) und PL2400 (120m\u00b3\/h) Maschinen mit 3-4 Beh\u00e4ltern verwendet.<\/p>\n<ul>\n<li>Getrennte Trichterw\u00e4gung<\/li>\n<\/ul>\n<p>Jeder Zuschlagstoff wird in einen separaten Trichter entleert, der mit einer Wiegevorrichtung ausgestattet ist, die eine hochpr\u00e4zise Verwiegung erm\u00f6glicht. Dieser Typ wird in der Regel in PL2400 (120m\u00b3\/h), LP3200 (160m\u00b3\/h) oder gr\u00f6\u00dferen Dosiermaschinen eingesetzt. Er ist fortschrittlicher und teurer, gew\u00e4hrleistet aber h\u00f6chste Pr\u00e4zision.<\/p>\n<p><img loading=\"lazy\" decoding=\"async\" class=\"size-full wp-image-6485 aligncenter\" src=\"https:\/\/www.kblmachinery.com\/wp-content\/uploads\/2024\/08\/Concrete-Batching-Machine.webp\" alt=\"Betondosiermaschine\" width=\"1694\" height=\"820\" srcset=\"https:\/\/www.kblmachinery.com\/wp-content\/uploads\/2024\/08\/Concrete-Batching-Machine.webp 1694w, https:\/\/www.kblmachinery.com\/wp-content\/uploads\/2024\/08\/Concrete-Batching-Machine-1000x484.webp 1000w, https:\/\/www.kblmachinery.com\/wp-content\/uploads\/2024\/08\/Concrete-Batching-Machine-600x290.webp 600w, https:\/\/www.kblmachinery.com\/wp-content\/uploads\/2024\/08\/Concrete-Batching-Machine-300x145.webp 300w, https:\/\/www.kblmachinery.com\/wp-content\/uploads\/2024\/08\/Concrete-Batching-Machine-1024x496.webp 1024w, https:\/\/www.kblmachinery.com\/wp-content\/uploads\/2024\/08\/Concrete-Batching-Machine-768x372.webp 768w, https:\/\/www.kblmachinery.com\/wp-content\/uploads\/2024\/08\/Concrete-Batching-Machine-1536x744.webp 1536w, https:\/\/www.kblmachinery.com\/wp-content\/uploads\/2024\/08\/Concrete-Batching-Machine-18x9.webp 18w\" sizes=\"auto, (max-width: 1694px) 100vw, 1694px\" \/><\/p>\n<h2 data-start=\"1617\" data-end=\"1651\">\u00dcber Kimberly Machinery<\/h2>\n<p data-start=\"1653\" data-end=\"2250\">Kimberly Machinery ist ein weltweit f\u00fchrender Anbieter von <a class=\"decorated-link\" href=\"https:\/\/www.kblmachinery.com\/\" target=\"_new\" rel=\"noopener\" data-start=\"1700\" data-end=\"1763\">Produktionslinie f\u00fcr Betonsteine<\/a> und <a class=\"decorated-link\" href=\"https:\/\/www.kblmachinery.com\/concrete-block-making-machine\/?utm_source=chatgpt.com\" target=\"_new\" rel=\"noopener\" data-start=\"1772\" data-end=\"1864\">Betonsteinfertigungsmaschine<\/a> L\u00f6sungen. Mit fortschrittlicher Technologie, strengen Qualit\u00e4tskontrollen und professionellem Kundendienst liefert Kimberly Machinery langlebige, hocheffiziente und anpassbare Maschinen f\u00fcr Vertriebsunternehmen, Gro\u00dfh\u00e4ndler und Baustoffhersteller weltweit. Unsere Maschinen gew\u00e4hrleisten eine stabile Leistung, eine pr\u00e4zise Produktion und eine langfristige Zuverl\u00e4ssigkeit f\u00fcr die Blockproduktion in gro\u00dfem Ma\u00dfstab.<\/p>","protected":false},"excerpt":{"rendered":"<ul>\n<li>Verkaufende Einheiten: Einzelst\u00fcck<\/li>\n<li>Gr\u00f6\u00dfe der Einzelverpackung: 70X60X40 cm<\/li>\n<li>Bruttoeinzelgewicht:50.000 kg<\/li>\n<\/ul>","protected":false},"featured_media":8355,"template":"","meta":[],"product_brand":[],"product_cat":[778],"product_tag":[],"class_list":{"0":"post-8354","1":"product","2":"type-product","3":"status-publish","4":"has-post-thumbnail","6":"product_cat-concrete-mixing-system","8":"first","9":"instock","10":"shipping-taxable","11":"product-type-simple"},"yoast_head":"<!-- This site is optimized with the Yoast SEO plugin v24.4 - https:\/\/yoast.com\/wordpress\/plugins\/seo\/ -->\n<title>Concrete Batching Machine Supplier | Kimberly Machinery<\/title>\n<meta name=\"description\" content=\"High-efficiency concrete batching machine for accurate aggregates weighing. Suitable for concrete block production lines and block making machines.\" \/>\n<meta name=\"robots\" content=\"index, follow, max-snippet:-1, max-image-preview:large, max-video-preview:-1\" \/>\n<link rel=\"canonical\" href=\"https:\/\/www.kblmachinery.com\/de\/concrete-batching-machine\/\" \/>\n<meta property=\"og:locale\" content=\"de_DE\" \/>\n<meta property=\"og:type\" content=\"article\" \/>\n<meta property=\"og:title\" content=\"Concrete Batching Machine Supplier | Kimberly Machinery\" \/>\n<meta property=\"og:description\" content=\"High-efficiency concrete batching machine for accurate aggregates weighing. Suitable for concrete block production lines and block making machines.\" \/>\n<meta property=\"og:url\" content=\"https:\/\/www.kblmachinery.com\/de\/concrete-batching-machine\/\" \/>\n<meta property=\"og:site_name\" content=\"Kimberly Machinery\" \/>\n<meta property=\"article:publisher\" content=\"https:\/\/www.facebook.com\/KimberlyMachinery\" \/>\n<meta property=\"article:modified_time\" content=\"2025-11-28T06:46:01+00:00\" \/>\n<meta property=\"og:image\" content=\"https:\/\/www.kblmachinery.com\/wp-content\/uploads\/2025\/11\/Concrete-Batching-Machine-2.webp\" \/>\n\t<meta property=\"og:image:width\" content=\"800\" \/>\n\t<meta property=\"og:image:height\" content=\"800\" \/>\n\t<meta property=\"og:image:type\" content=\"image\/webp\" \/>\n<meta name=\"twitter:card\" content=\"summary_large_image\" \/>\n<meta name=\"twitter:label1\" content=\"Gesch\u00e4tzte Lesezeit\" \/>\n\t<meta name=\"twitter:data1\" content=\"2\u00a0Minuten\" \/>\n<script type=\"application\/ld+json\" class=\"yoast-schema-graph\">{\"@context\":\"https:\/\/schema.org\",\"@graph\":[{\"@type\":\"WebPage\",\"@id\":\"https:\/\/www.kblmachinery.com\/concrete-batching-machine\/\",\"url\":\"https:\/\/www.kblmachinery.com\/concrete-batching-machine\/\",\"name\":\"Concrete Batching Machine Supplier | Kimberly Machinery\",\"isPartOf\":{\"@id\":\"https:\/\/www.kblmachinery.com\/#website\"},\"primaryImageOfPage\":{\"@id\":\"https:\/\/www.kblmachinery.com\/concrete-batching-machine\/#primaryimage\"},\"image\":{\"@id\":\"https:\/\/www.kblmachinery.com\/concrete-batching-machine\/#primaryimage\"},\"thumbnailUrl\":\"https:\/\/www.kblmachinery.com\/wp-content\/uploads\/2025\/11\/Concrete-Batching-Machine-2.webp\",\"datePublished\":\"2024-08-18T07:33:00+00:00\",\"dateModified\":\"2025-11-28T06:46:01+00:00\",\"description\":\"High-efficiency concrete batching machine for accurate aggregates weighing. Suitable for concrete block production lines and block making machines.\",\"breadcrumb\":{\"@id\":\"https:\/\/www.kblmachinery.com\/concrete-batching-machine\/#breadcrumb\"},\"inLanguage\":\"de\",\"potentialAction\":[{\"@type\":\"ReadAction\",\"target\":[\"https:\/\/www.kblmachinery.com\/concrete-batching-machine\/\"]}]},{\"@type\":\"ImageObject\",\"inLanguage\":\"de\",\"@id\":\"https:\/\/www.kblmachinery.com\/concrete-batching-machine\/#primaryimage\",\"url\":\"https:\/\/www.kblmachinery.com\/wp-content\/uploads\/2025\/11\/Concrete-Batching-Machine-2.webp\",\"contentUrl\":\"https:\/\/www.kblmachinery.com\/wp-content\/uploads\/2025\/11\/Concrete-Batching-Machine-2.webp\",\"width\":800,\"height\":800,\"caption\":\"Concrete Batching Machine\"},{\"@type\":\"BreadcrumbList\",\"@id\":\"https:\/\/www.kblmachinery.com\/concrete-batching-machine\/#breadcrumb\",\"itemListElement\":[{\"@type\":\"ListItem\",\"position\":1,\"name\":\"Home\",\"item\":\"https:\/\/www.kblmachinery.com\/\"},{\"@type\":\"ListItem\",\"position\":2,\"name\":\"Concrete Batching Machine\"}]},{\"@type\":\"WebSite\",\"@id\":\"https:\/\/www.kblmachinery.com\/#website\",\"url\":\"https:\/\/www.kblmachinery.com\/\",\"name\":\"Professional Brick\/Block Making Machine in China\",\"description\":\"Block Machine Manufacturer - Kimberly Machinery\",\"publisher\":{\"@id\":\"https:\/\/www.kblmachinery.com\/#organization\"},\"potentialAction\":[{\"@type\":\"SearchAction\",\"target\":{\"@type\":\"EntryPoint\",\"urlTemplate\":\"https:\/\/www.kblmachinery.com\/?s={search_term_string}\"},\"query-input\":{\"@type\":\"PropertyValueSpecification\",\"valueRequired\":true,\"valueName\":\"search_term_string\"}}],\"inLanguage\":\"de\"},{\"@type\":\"Organization\",\"@id\":\"https:\/\/www.kblmachinery.com\/#organization\",\"name\":\"Quanzhou Kimberly Machinery Manufacturing Co. Ltd\",\"url\":\"https:\/\/www.kblmachinery.com\/\",\"logo\":{\"@type\":\"ImageObject\",\"inLanguage\":\"de\",\"@id\":\"https:\/\/www.kblmachinery.com\/#\/schema\/logo\/image\/\",\"url\":\"https:\/\/www.kblmachinery.com\/wp-content\/uploads\/2025\/11\/cropped-logo-1-1.png\",\"contentUrl\":\"https:\/\/www.kblmachinery.com\/wp-content\/uploads\/2025\/11\/cropped-logo-1-1.png\",\"width\":123,\"height\":136,\"caption\":\"Quanzhou Kimberly Machinery Manufacturing Co. Ltd\"},\"image\":{\"@id\":\"https:\/\/www.kblmachinery.com\/#\/schema\/logo\/image\/\"},\"sameAs\":[\"https:\/\/www.facebook.com\/KimberlyMachinery\"]}]}<\/script>\n<!-- \/ Yoast SEO plugin. -->","yoast_head_json":{"title":"Concrete Batching Machine Supplier | Kimberly Machinery","description":"High-efficiency concrete batching machine for accurate aggregates weighing. Suitable for concrete block production lines and block making machines.","robots":{"index":"index","follow":"follow","max-snippet":"max-snippet:-1","max-image-preview":"max-image-preview:large","max-video-preview":"max-video-preview:-1"},"canonical":"https:\/\/www.kblmachinery.com\/de\/concrete-batching-machine\/","og_locale":"de_DE","og_type":"article","og_title":"Concrete Batching Machine Supplier | Kimberly Machinery","og_description":"High-efficiency concrete batching machine for accurate aggregates weighing. Suitable for concrete block production lines and block making machines.","og_url":"https:\/\/www.kblmachinery.com\/de\/concrete-batching-machine\/","og_site_name":"Kimberly Machinery","article_publisher":"https:\/\/www.facebook.com\/KimberlyMachinery","article_modified_time":"2025-11-28T06:46:01+00:00","og_image":[{"width":800,"height":800,"url":"https:\/\/www.kblmachinery.com\/wp-content\/uploads\/2025\/11\/Concrete-Batching-Machine-2.webp","type":"image\/webp"}],"twitter_card":"summary_large_image","twitter_misc":{"Gesch\u00e4tzte Lesezeit":"2\u00a0Minuten"},"schema":{"@context":"https:\/\/schema.org","@graph":[{"@type":"WebPage","@id":"https:\/\/www.kblmachinery.com\/concrete-batching-machine\/","url":"https:\/\/www.kblmachinery.com\/concrete-batching-machine\/","name":"Concrete Batching Machine Supplier | Kimberly Machinery","isPartOf":{"@id":"https:\/\/www.kblmachinery.com\/#website"},"primaryImageOfPage":{"@id":"https:\/\/www.kblmachinery.com\/concrete-batching-machine\/#primaryimage"},"image":{"@id":"https:\/\/www.kblmachinery.com\/concrete-batching-machine\/#primaryimage"},"thumbnailUrl":"https:\/\/www.kblmachinery.com\/wp-content\/uploads\/2025\/11\/Concrete-Batching-Machine-2.webp","datePublished":"2024-08-18T07:33:00+00:00","dateModified":"2025-11-28T06:46:01+00:00","description":"High-efficiency concrete batching machine for accurate aggregates weighing. Suitable for concrete block production lines and block making machines.","breadcrumb":{"@id":"https:\/\/www.kblmachinery.com\/concrete-batching-machine\/#breadcrumb"},"inLanguage":"de","potentialAction":[{"@type":"ReadAction","target":["https:\/\/www.kblmachinery.com\/concrete-batching-machine\/"]}]},{"@type":"ImageObject","inLanguage":"de","@id":"https:\/\/www.kblmachinery.com\/concrete-batching-machine\/#primaryimage","url":"https:\/\/www.kblmachinery.com\/wp-content\/uploads\/2025\/11\/Concrete-Batching-Machine-2.webp","contentUrl":"https:\/\/www.kblmachinery.com\/wp-content\/uploads\/2025\/11\/Concrete-Batching-Machine-2.webp","width":800,"height":800,"caption":"Concrete Batching Machine"},{"@type":"BreadcrumbList","@id":"https:\/\/www.kblmachinery.com\/concrete-batching-machine\/#breadcrumb","itemListElement":[{"@type":"ListItem","position":1,"name":"Home","item":"https:\/\/www.kblmachinery.com\/"},{"@type":"ListItem","position":2,"name":"Concrete Batching Machine"}]},{"@type":"WebSite","@id":"https:\/\/www.kblmachinery.com\/#website","url":"https:\/\/www.kblmachinery.com\/","name":"Professional Brick\/Block Making Machine in China","description":"Block Machine Manufacturer - Kimberly Machinery","publisher":{"@id":"https:\/\/www.kblmachinery.com\/#organization"},"potentialAction":[{"@type":"SearchAction","target":{"@type":"EntryPoint","urlTemplate":"https:\/\/www.kblmachinery.com\/?s={search_term_string}"},"query-input":{"@type":"PropertyValueSpecification","valueRequired":true,"valueName":"search_term_string"}}],"inLanguage":"de"},{"@type":"Organization","@id":"https:\/\/www.kblmachinery.com\/#organization","name":"Quanzhou Kimberly Machinery Manufacturing Co. Ltd","url":"https:\/\/www.kblmachinery.com\/","logo":{"@type":"ImageObject","inLanguage":"de","@id":"https:\/\/www.kblmachinery.com\/#\/schema\/logo\/image\/","url":"https:\/\/www.kblmachinery.com\/wp-content\/uploads\/2025\/11\/cropped-logo-1-1.png","contentUrl":"https:\/\/www.kblmachinery.com\/wp-content\/uploads\/2025\/11\/cropped-logo-1-1.png","width":123,"height":136,"caption":"Quanzhou Kimberly Machinery Manufacturing Co. Ltd"},"image":{"@id":"https:\/\/www.kblmachinery.com\/#\/schema\/logo\/image\/"},"sameAs":["https:\/\/www.facebook.com\/KimberlyMachinery"]}]}},"_links":{"self":[{"href":"https:\/\/www.kblmachinery.com\/de\/wp-json\/wp\/v2\/product\/8354","targetHints":{"allow":["GET"]}}],"collection":[{"href":"https:\/\/www.kblmachinery.com\/de\/wp-json\/wp\/v2\/product"}],"about":[{"href":"https:\/\/www.kblmachinery.com\/de\/wp-json\/wp\/v2\/types\/product"}],"wp:featuredmedia":[{"embeddable":true,"href":"https:\/\/www.kblmachinery.com\/de\/wp-json\/wp\/v2\/media\/8355"}],"wp:attachment":[{"href":"https:\/\/www.kblmachinery.com\/de\/wp-json\/wp\/v2\/media?parent=8354"}],"wp:term":[{"taxonomy":"product_brand","embeddable":true,"href":"https:\/\/www.kblmachinery.com\/de\/wp-json\/wp\/v2\/product_brand?post=8354"},{"taxonomy":"product_cat","embeddable":true,"href":"https:\/\/www.kblmachinery.com\/de\/wp-json\/wp\/v2\/product_cat?post=8354"},{"taxonomy":"product_tag","embeddable":true,"href":"https:\/\/www.kblmachinery.com\/de\/wp-json\/wp\/v2\/product_tag?post=8354"}],"curies":[{"name":"wp","href":"https:\/\/api.w.org\/{rel}","templated":true}]}}