{"id":8369,"date":"2024-08-18T03:18:00","date_gmt":"2024-08-18T03:18:00","guid":{"rendered":"https:\/\/www.kblmachinery.com\/?post_type=product&#038;p=8369"},"modified":"2025-11-28T06:53:12","modified_gmt":"2025-11-28T06:53:12","slug":"single-door-block-soaking-machine","status":"publish","type":"product","link":"https:\/\/www.kblmachinery.com\/de\/single-door-block-soaking-machine\/","title":{"rendered":"Eint\u00fcrige Blockeinweichmaschine"},"content":{"rendered":"<h2 data-start=\"109\" data-end=\"171\"><strong data-start=\"113\" data-end=\"169\">Eint\u00fcrige Blockeinweichmaschine - Produkt\u00fcbersicht<\/strong><\/h2>\n<p data-start=\"173\" data-end=\"579\">Die eint\u00fcrige Blocktr\u00e4nkmaschine von Kimberly Machinery wurde entwickelt, um den Tr\u00e4nkprozess von Zement- und Bauziegeln zu automatisieren und so eine gleichm\u00e4\u00dfige Durchfeuchtung und eine verbesserte Arbeitseffizienz zu gew\u00e4hrleisten. Traditionell werden Ziegel manuell bespr\u00fcht oder getr\u00e4nkt, was zeitaufw\u00e4ndig, ungleichm\u00e4\u00dfig und arbeitsintensiv ist, insbesondere bei hei\u00dfem Wetter, wenn die Oberfl\u00e4chenfeuchtigkeit schnell verdunstet.<\/p>\n<p data-start=\"581\" data-end=\"965\">Unsere Maschine verf\u00fcgt \u00fcber eine SPS-Steuerung, die einstellbare Einweichzeiten f\u00fcr verschiedene Ziegeltypen erm\u00f6glicht. Sie kann automatisch ganze Ziegelstapel mit gleichbleibenden Ergebnissen einweichen und minimiert die durch Ziegelkollisionen verursachte Verschmutzung. Diese Anlage reduziert den Arbeitsaufwand, gew\u00e4hrleistet vollst\u00e4ndig getr\u00e4nkte Ziegel und steigert die betriebliche Effizienz sowohl in der Ziegelproduktion als auch auf Baustellen.<\/p>\n<h2 data-start=\"967\" data-end=\"988\"><strong data-start=\"967\" data-end=\"986\">Die wichtigsten Vorteile:<\/strong><\/h2>\n<ul>\n<li>Automatische Tr\u00e4nkung f\u00fcr verschiedene Ziegeltypen<\/li>\n<li>PLC-gesteuert einstellbare Einweichzeiten<\/li>\n<li>Stabile Palettenverarbeitung mit minimaler Besch\u00e4digung der Steine<\/li>\n<li>Hoher Automatisierungsgrad, der den Arbeitsaufwand reduziert<\/li>\n<li>Gew\u00e4hrleistet, dass die Ziegel vollst\u00e4ndig eingeweicht und einsatzbereit sind<\/li>\n<\/ul>\n<p data-start=\"1248\" data-end=\"1437\">Die eint\u00fcrige Blockeinweichmaschine kann in eine moderne Anlage integriert werden. <a class=\"decorated-link\" href=\"https:\/\/www.kblmachinery.com\/\" target=\"_new\" rel=\"noopener\" data-start=\"1320\" data-end=\"1383\">Produktionslinie f\u00fcr Betonsteine<\/a> zur Rationalisierung des Aush\u00e4rtungs- und Einweichprozesses von Ziegeln.<\/p>\n<p data-start=\"1248\" data-end=\"1437\"><iframe loading=\"lazy\" title=\"YouTube-Video-Player\" src=\"https:\/\/www.youtube.com\/embed\/gkukpMuOmgk?si=dLAN_ILCghdTJo_8\" width=\"560\" height=\"315\" frameborder=\"0\" allowfullscreen=\"allowfullscreen\"><\/iframe><\/p>\n<h2 data-start=\"1444\" data-end=\"1478\"><strong data-start=\"1448\" data-end=\"1476\">\u00dcber Kimberly Machinery<\/strong><\/h2>\n<p data-start=\"1480\" data-end=\"2112\">Kimberly Machinery ist ein weltweit f\u00fchrender Anbieter fortschrittlicher L\u00f6sungen f\u00fcr <a class=\"decorated-link\" href=\"https:\/\/www.kblmachinery.com\/concrete-block-making-machine\/?utm_source=chatgpt.com\" target=\"_new\" rel=\"noopener\" data-start=\"1632\" data-end=\"1724\">Betonsteinfertigungsmaschine<\/a> Systeme. Mit dem Schwerpunkt auf Innovation, dauerhaftem Design und strenger Qualit\u00e4tskontrolle bietet Kimberly Machinery hocheffiziente, automatisierte und anpassbare Anlagen f\u00fcr Vertriebsunternehmen, Gro\u00dfh\u00e4ndler und Baustoffhersteller weltweit. Unsere Produkte tragen dazu bei, die Produktivit\u00e4t zu maximieren, gleichbleibende Qualit\u00e4t zu gew\u00e4hrleisten und die Arbeitsintensit\u00e4t in modernen Blockproduktionsbetrieben zu reduzieren.<\/p>","protected":false},"excerpt":{"rendered":"<p>Single Door Block Soaking Machine \u2013 Product Overview The Single Door Block Soaking Machine from Kimberly Machinery is designed to automate the soaking process of cement and construction bricks, ensuring uniform moisture penetration and improved work efficiency. Traditionally, bricks are manually sprayed or soaked, which is time-consuming, uneven, and labor-intensive, especially during hot weather when [&hellip;]<\/p>","protected":false},"featured_media":8370,"template":"","meta":[],"product_brand":[],"product_cat":[784],"product_tag":[],"class_list":{"0":"post-8369","1":"product","2":"type-product","3":"status-publish","4":"has-post-thumbnail","6":"product_cat-block-soaking-machine","8":"first","9":"instock","10":"shipping-taxable","11":"product-type-simple"},"yoast_head":"<!-- This site is optimized with the Yoast SEO plugin v24.4 - https:\/\/yoast.com\/wordpress\/plugins\/seo\/ -->\n<title>Single Door Block Soaking Machine Supplier | Kimberly Machinery<\/title>\n<meta name=\"description\" content=\"Automatic single door block soaking machine with PLC control, uniform soaking, high efficiency, and reduced labor for concrete block production lines.\" \/>\n<meta name=\"robots\" content=\"index, follow, max-snippet:-1, max-image-preview:large, max-video-preview:-1\" \/>\n<link rel=\"canonical\" href=\"https:\/\/www.kblmachinery.com\/de\/single-door-block-soaking-machine\/\" \/>\n<meta property=\"og:locale\" content=\"de_DE\" \/>\n<meta property=\"og:type\" content=\"article\" \/>\n<meta property=\"og:title\" content=\"Single Door Block Soaking Machine Supplier | Kimberly Machinery\" \/>\n<meta property=\"og:description\" content=\"Automatic single door block soaking machine with PLC control, uniform soaking, high efficiency, and reduced labor for concrete block production lines.\" \/>\n<meta property=\"og:url\" content=\"https:\/\/www.kblmachinery.com\/de\/single-door-block-soaking-machine\/\" \/>\n<meta property=\"og:site_name\" content=\"Kimberly Machinery\" \/>\n<meta property=\"article:publisher\" content=\"https:\/\/www.facebook.com\/KimberlyMachinery\" \/>\n<meta property=\"article:modified_time\" content=\"2025-11-28T06:53:12+00:00\" \/>\n<meta property=\"og:image\" content=\"https:\/\/www.kblmachinery.com\/wp-content\/uploads\/2025\/11\/Single-Door-Block-Soaking-Machine-2.webp\" \/>\n\t<meta property=\"og:image:width\" content=\"800\" \/>\n\t<meta property=\"og:image:height\" content=\"800\" \/>\n\t<meta property=\"og:image:type\" content=\"image\/webp\" \/>\n<meta name=\"twitter:card\" content=\"summary_large_image\" \/>\n<meta name=\"twitter:label1\" content=\"Gesch\u00e4tzte Lesezeit\" \/>\n\t<meta name=\"twitter:data1\" content=\"2\u00a0Minuten\" \/>\n<script type=\"application\/ld+json\" class=\"yoast-schema-graph\">{\"@context\":\"https:\/\/schema.org\",\"@graph\":[{\"@type\":\"WebPage\",\"@id\":\"https:\/\/www.kblmachinery.com\/single-door-block-soaking-machine\/\",\"url\":\"https:\/\/www.kblmachinery.com\/single-door-block-soaking-machine\/\",\"name\":\"Single Door Block Soaking Machine Supplier | Kimberly Machinery\",\"isPartOf\":{\"@id\":\"https:\/\/www.kblmachinery.com\/#website\"},\"primaryImageOfPage\":{\"@id\":\"https:\/\/www.kblmachinery.com\/single-door-block-soaking-machine\/#primaryimage\"},\"image\":{\"@id\":\"https:\/\/www.kblmachinery.com\/single-door-block-soaking-machine\/#primaryimage\"},\"thumbnailUrl\":\"https:\/\/www.kblmachinery.com\/wp-content\/uploads\/2025\/11\/Single-Door-Block-Soaking-Machine-2.webp\",\"datePublished\":\"2024-08-18T03:18:00+00:00\",\"dateModified\":\"2025-11-28T06:53:12+00:00\",\"description\":\"Automatic single door block soaking machine with PLC control, uniform soaking, high efficiency, and reduced labor for concrete block production lines.\",\"breadcrumb\":{\"@id\":\"https:\/\/www.kblmachinery.com\/single-door-block-soaking-machine\/#breadcrumb\"},\"inLanguage\":\"de\",\"potentialAction\":[{\"@type\":\"ReadAction\",\"target\":[\"https:\/\/www.kblmachinery.com\/single-door-block-soaking-machine\/\"]}]},{\"@type\":\"ImageObject\",\"inLanguage\":\"de\",\"@id\":\"https:\/\/www.kblmachinery.com\/single-door-block-soaking-machine\/#primaryimage\",\"url\":\"https:\/\/www.kblmachinery.com\/wp-content\/uploads\/2025\/11\/Single-Door-Block-Soaking-Machine-2.webp\",\"contentUrl\":\"https:\/\/www.kblmachinery.com\/wp-content\/uploads\/2025\/11\/Single-Door-Block-Soaking-Machine-2.webp\",\"width\":800,\"height\":800,\"caption\":\"Block Soaking Machine\"},{\"@type\":\"BreadcrumbList\",\"@id\":\"https:\/\/www.kblmachinery.com\/single-door-block-soaking-machine\/#breadcrumb\",\"itemListElement\":[{\"@type\":\"ListItem\",\"position\":1,\"name\":\"Home\",\"item\":\"https:\/\/www.kblmachinery.com\/\"},{\"@type\":\"ListItem\",\"position\":2,\"name\":\"Single Door- Block Soaking Machine\"}]},{\"@type\":\"WebSite\",\"@id\":\"https:\/\/www.kblmachinery.com\/#website\",\"url\":\"https:\/\/www.kblmachinery.com\/\",\"name\":\"Professional Brick\/Block Making Machine in China\",\"description\":\"Block Machine Manufacturer - Kimberly Machinery\",\"publisher\":{\"@id\":\"https:\/\/www.kblmachinery.com\/#organization\"},\"potentialAction\":[{\"@type\":\"SearchAction\",\"target\":{\"@type\":\"EntryPoint\",\"urlTemplate\":\"https:\/\/www.kblmachinery.com\/?s={search_term_string}\"},\"query-input\":{\"@type\":\"PropertyValueSpecification\",\"valueRequired\":true,\"valueName\":\"search_term_string\"}}],\"inLanguage\":\"de\"},{\"@type\":\"Organization\",\"@id\":\"https:\/\/www.kblmachinery.com\/#organization\",\"name\":\"Quanzhou Kimberly Machinery Manufacturing Co. Ltd\",\"url\":\"https:\/\/www.kblmachinery.com\/\",\"logo\":{\"@type\":\"ImageObject\",\"inLanguage\":\"de\",\"@id\":\"https:\/\/www.kblmachinery.com\/#\/schema\/logo\/image\/\",\"url\":\"https:\/\/www.kblmachinery.com\/wp-content\/uploads\/2025\/11\/cropped-logo-1-1.png\",\"contentUrl\":\"https:\/\/www.kblmachinery.com\/wp-content\/uploads\/2025\/11\/cropped-logo-1-1.png\",\"width\":123,\"height\":136,\"caption\":\"Quanzhou Kimberly Machinery Manufacturing Co. Ltd\"},\"image\":{\"@id\":\"https:\/\/www.kblmachinery.com\/#\/schema\/logo\/image\/\"},\"sameAs\":[\"https:\/\/www.facebook.com\/KimberlyMachinery\"]}]}<\/script>\n<!-- \/ Yoast SEO plugin. -->","yoast_head_json":{"title":"Single Door Block Soaking Machine Supplier | Kimberly Machinery","description":"Automatic single door block soaking machine with PLC control, uniform soaking, high efficiency, and reduced labor for concrete block production lines.","robots":{"index":"index","follow":"follow","max-snippet":"max-snippet:-1","max-image-preview":"max-image-preview:large","max-video-preview":"max-video-preview:-1"},"canonical":"https:\/\/www.kblmachinery.com\/de\/single-door-block-soaking-machine\/","og_locale":"de_DE","og_type":"article","og_title":"Single Door Block Soaking Machine Supplier | Kimberly Machinery","og_description":"Automatic single door block soaking machine with PLC control, uniform soaking, high efficiency, and reduced labor for concrete block production lines.","og_url":"https:\/\/www.kblmachinery.com\/de\/single-door-block-soaking-machine\/","og_site_name":"Kimberly Machinery","article_publisher":"https:\/\/www.facebook.com\/KimberlyMachinery","article_modified_time":"2025-11-28T06:53:12+00:00","og_image":[{"width":800,"height":800,"url":"https:\/\/www.kblmachinery.com\/wp-content\/uploads\/2025\/11\/Single-Door-Block-Soaking-Machine-2.webp","type":"image\/webp"}],"twitter_card":"summary_large_image","twitter_misc":{"Gesch\u00e4tzte Lesezeit":"2\u00a0Minuten"},"schema":{"@context":"https:\/\/schema.org","@graph":[{"@type":"WebPage","@id":"https:\/\/www.kblmachinery.com\/single-door-block-soaking-machine\/","url":"https:\/\/www.kblmachinery.com\/single-door-block-soaking-machine\/","name":"Single Door Block Soaking Machine Supplier | Kimberly Machinery","isPartOf":{"@id":"https:\/\/www.kblmachinery.com\/#website"},"primaryImageOfPage":{"@id":"https:\/\/www.kblmachinery.com\/single-door-block-soaking-machine\/#primaryimage"},"image":{"@id":"https:\/\/www.kblmachinery.com\/single-door-block-soaking-machine\/#primaryimage"},"thumbnailUrl":"https:\/\/www.kblmachinery.com\/wp-content\/uploads\/2025\/11\/Single-Door-Block-Soaking-Machine-2.webp","datePublished":"2024-08-18T03:18:00+00:00","dateModified":"2025-11-28T06:53:12+00:00","description":"Automatic single door block soaking machine with PLC control, uniform soaking, high efficiency, and reduced labor for concrete block production lines.","breadcrumb":{"@id":"https:\/\/www.kblmachinery.com\/single-door-block-soaking-machine\/#breadcrumb"},"inLanguage":"de","potentialAction":[{"@type":"ReadAction","target":["https:\/\/www.kblmachinery.com\/single-door-block-soaking-machine\/"]}]},{"@type":"ImageObject","inLanguage":"de","@id":"https:\/\/www.kblmachinery.com\/single-door-block-soaking-machine\/#primaryimage","url":"https:\/\/www.kblmachinery.com\/wp-content\/uploads\/2025\/11\/Single-Door-Block-Soaking-Machine-2.webp","contentUrl":"https:\/\/www.kblmachinery.com\/wp-content\/uploads\/2025\/11\/Single-Door-Block-Soaking-Machine-2.webp","width":800,"height":800,"caption":"Block Soaking Machine"},{"@type":"BreadcrumbList","@id":"https:\/\/www.kblmachinery.com\/single-door-block-soaking-machine\/#breadcrumb","itemListElement":[{"@type":"ListItem","position":1,"name":"Home","item":"https:\/\/www.kblmachinery.com\/"},{"@type":"ListItem","position":2,"name":"Single Door- Block Soaking Machine"}]},{"@type":"WebSite","@id":"https:\/\/www.kblmachinery.com\/#website","url":"https:\/\/www.kblmachinery.com\/","name":"Professional Brick\/Block Making Machine in China","description":"Block Machine Manufacturer - Kimberly Machinery","publisher":{"@id":"https:\/\/www.kblmachinery.com\/#organization"},"potentialAction":[{"@type":"SearchAction","target":{"@type":"EntryPoint","urlTemplate":"https:\/\/www.kblmachinery.com\/?s={search_term_string}"},"query-input":{"@type":"PropertyValueSpecification","valueRequired":true,"valueName":"search_term_string"}}],"inLanguage":"de"},{"@type":"Organization","@id":"https:\/\/www.kblmachinery.com\/#organization","name":"Quanzhou Kimberly Machinery Manufacturing Co. Ltd","url":"https:\/\/www.kblmachinery.com\/","logo":{"@type":"ImageObject","inLanguage":"de","@id":"https:\/\/www.kblmachinery.com\/#\/schema\/logo\/image\/","url":"https:\/\/www.kblmachinery.com\/wp-content\/uploads\/2025\/11\/cropped-logo-1-1.png","contentUrl":"https:\/\/www.kblmachinery.com\/wp-content\/uploads\/2025\/11\/cropped-logo-1-1.png","width":123,"height":136,"caption":"Quanzhou Kimberly Machinery Manufacturing Co. Ltd"},"image":{"@id":"https:\/\/www.kblmachinery.com\/#\/schema\/logo\/image\/"},"sameAs":["https:\/\/www.facebook.com\/KimberlyMachinery"]}]}},"_links":{"self":[{"href":"https:\/\/www.kblmachinery.com\/de\/wp-json\/wp\/v2\/product\/8369","targetHints":{"allow":["GET"]}}],"collection":[{"href":"https:\/\/www.kblmachinery.com\/de\/wp-json\/wp\/v2\/product"}],"about":[{"href":"https:\/\/www.kblmachinery.com\/de\/wp-json\/wp\/v2\/types\/product"}],"wp:featuredmedia":[{"embeddable":true,"href":"https:\/\/www.kblmachinery.com\/de\/wp-json\/wp\/v2\/media\/8370"}],"wp:attachment":[{"href":"https:\/\/www.kblmachinery.com\/de\/wp-json\/wp\/v2\/media?parent=8369"}],"wp:term":[{"taxonomy":"product_brand","embeddable":true,"href":"https:\/\/www.kblmachinery.com\/de\/wp-json\/wp\/v2\/product_brand?post=8369"},{"taxonomy":"product_cat","embeddable":true,"href":"https:\/\/www.kblmachinery.com\/de\/wp-json\/wp\/v2\/product_cat?post=8369"},{"taxonomy":"product_tag","embeddable":true,"href":"https:\/\/www.kblmachinery.com\/de\/wp-json\/wp\/v2\/product_tag?post=8369"}],"curies":[{"name":"wp","href":"https:\/\/api.w.org\/{rel}","templated":true}]}}