{"id":8373,"date":"2024-08-18T03:23:00","date_gmt":"2024-08-18T03:23:00","guid":{"rendered":"https:\/\/www.kblmachinery.com\/?post_type=product&#038;p=8373"},"modified":"2025-11-28T06:51:50","modified_gmt":"2025-11-28T06:51:50","slug":"dual-door-block-soaking-machine","status":"publish","type":"product","link":"https:\/\/www.kblmachinery.com\/de\/dual-door-block-soaking-machine\/","title":{"rendered":"Doppelt\u00fcr- Blockeinweichmaschine"},"content":{"rendered":"<h2 data-start=\"103\" data-end=\"163\"><strong data-start=\"107\" data-end=\"161\">Doppelt\u00fcr-Blockeinweichmaschine - Produkt\u00fcbersicht<\/strong><\/h2>\n<p data-start=\"165\" data-end=\"504\">Die Dual Door Block Soaking Machine von Kimberly Machinery wurde entwickelt, um den Einweichprozess von Zement- und Bauziegeln zu automatisieren, eine gleichm\u00e4\u00dfige Feuchtigkeit zu gew\u00e4hrleisten und die Arbeitseffizienz zu verbessern. Bei herk\u00f6mmlichen Methoden werden die Ziegel manuell bespr\u00fcht oder in Wasser getr\u00e4nkt, was zeitaufw\u00e4ndig, ungleichm\u00e4\u00dfig und arbeitsintensiv ist.<\/p>\n<p data-start=\"506\" data-end=\"945\">Unsere Maschine verf\u00fcgt \u00fcber eine SPS-Steuerung, die es erm\u00f6glicht, die Einweichzeiten f\u00fcr verschiedene Ziegeltypen einzustellen. Sie kann automatisch ganze Ziegelstapel mit gleichm\u00e4\u00dfiger Wasserdurchdringung durchtr\u00e4nken, wodurch Tr\u00fcmmer durch Kollisionen vermieden werden und sichergestellt wird, dass die Ziegel baureif sind. Diese Anlage reduziert die Arbeitsintensit\u00e4t, verbessert die Gleichm\u00e4\u00dfigkeit des Einweichens und steigert die betriebliche Effizienz sowohl in der Ziegelproduktion als auch auf Baustellen.<\/p>\n<h2 data-start=\"947\" data-end=\"968\"><strong data-start=\"947\" data-end=\"966\">Die wichtigsten Vorteile:<\/strong><\/h2>\n<ul>\n<li>Automatische Tr\u00e4nkung f\u00fcr verschiedene Ziegeltypen<\/li>\n<li>PLC-gesteuert einstellbare Einweichzeiten<\/li>\n<li>Stabile Palettenverarbeitung mit minimaler Besch\u00e4digung der Steine<\/li>\n<li>Hoher Automatisierungsgrad, der den Arbeitsaufwand reduziert<\/li>\n<li>Gew\u00e4hrleistet, dass die Ziegel vollst\u00e4ndig eingeweicht und einsatzbereit sind<\/li>\n<\/ul>\n<p data-start=\"1228\" data-end=\"1392\">Diese Maschine kann in eine moderne Anlage integriert werden <a class=\"decorated-link\" href=\"https:\/\/www.kblmachinery.com\/\" target=\"_new\" rel=\"noopener\" data-start=\"1275\" data-end=\"1338\">Produktionslinie f\u00fcr Betonsteine<\/a> zur Rationalisierung des Aush\u00e4rtungs- und Einweichprozesses von Ziegeln.<\/p>\n<p data-start=\"1228\" data-end=\"1392\"><img loading=\"lazy\" decoding=\"async\" class=\"size-full wp-image-8374 aligncenter\" src=\"https:\/\/www.kblmachinery.com\/wp-content\/uploads\/2025\/11\/Dual-Door-Block-Soaking-Machine.webp\" alt=\"Doppelt\u00fcr- Blockeinweichmaschine\" width=\"800\" height=\"800\" srcset=\"https:\/\/www.kblmachinery.com\/wp-content\/uploads\/2025\/11\/Dual-Door-Block-Soaking-Machine.webp 800w, https:\/\/www.kblmachinery.com\/wp-content\/uploads\/2025\/11\/Dual-Door-Block-Soaking-Machine-100x100.webp 100w, https:\/\/www.kblmachinery.com\/wp-content\/uploads\/2025\/11\/Dual-Door-Block-Soaking-Machine-600x600.webp 600w\" sizes=\"auto, (max-width: 800px) 100vw, 800px\" \/><\/p>\n<h2 data-start=\"1399\" data-end=\"1433\"><strong data-start=\"1403\" data-end=\"1431\">\u00dcber Kimberly Machinery<\/strong><\/h2>\n<p data-start=\"1435\" data-end=\"2067\">Kimberly Machinery ist ein weltweit f\u00fchrender Anbieter fortschrittlicher L\u00f6sungen f\u00fcr\u00a0<a class=\"decorated-link\" href=\"https:\/\/www.kblmachinery.com\/concrete-block-making-machine\/?utm_source=chatgpt.com\" target=\"_new\" rel=\"noopener\" data-start=\"1587\" data-end=\"1679\">Betonsteinfertigungsmaschine<\/a> Systeme. Mit dem Schwerpunkt auf Innovation, dauerhaftem Design und strenger Qualit\u00e4tskontrolle liefert Kimberly Machinery hocheffiziente, automatisierte und anpassbare Anlagen f\u00fcr Vertriebsunternehmen, Gro\u00dfh\u00e4ndler und Baustoffhersteller weltweit. Unsere Produkte tragen dazu bei, die Produktivit\u00e4t zu maximieren, gleichbleibende Qualit\u00e4t zu gew\u00e4hrleisten und die Arbeitsintensit\u00e4t in modernen Blockproduktionsbetrieben zu reduzieren.<\/p>","protected":false},"excerpt":{"rendered":"<p>Dual Door Block Soaking Machine \u2013 Product Overview The Dual Door Block Soaking Machine from Kimberly Machinery is designed to automate the soaking process of cement and construction bricks, ensuring uniform moisture and improving work efficiency. In traditional methods, bricks are manually sprayed or soaked in water, which is time-consuming, uneven, and labor-intensive. Our machine [&hellip;]<\/p>","protected":false},"featured_media":8374,"template":"","meta":[],"product_brand":[],"product_cat":[784],"product_tag":[],"class_list":{"0":"post-8373","1":"product","2":"type-product","3":"status-publish","4":"has-post-thumbnail","6":"product_cat-block-soaking-machine","8":"first","9":"instock","10":"shipping-taxable","11":"product-type-simple"},"yoast_head":"<!-- This site is optimized with the Yoast SEO plugin v24.4 - https:\/\/yoast.com\/wordpress\/plugins\/seo\/ -->\n<title>Dual Door Block Soaking Machine Supplier | Kimberly Machinery<\/title>\n<meta name=\"description\" content=\"Automatic dual door block soaking machine with PLC control, uniform soaking, high efficiency, and reduced labor for concrete block production lines.\" \/>\n<meta name=\"robots\" content=\"index, follow, max-snippet:-1, max-image-preview:large, max-video-preview:-1\" \/>\n<link rel=\"canonical\" href=\"https:\/\/www.kblmachinery.com\/de\/dual-door-block-soaking-machine\/\" \/>\n<meta property=\"og:locale\" content=\"de_DE\" \/>\n<meta property=\"og:type\" content=\"article\" \/>\n<meta property=\"og:title\" content=\"Dual Door Block Soaking Machine Supplier | Kimberly Machinery\" \/>\n<meta property=\"og:description\" content=\"Automatic dual door block soaking machine with PLC control, uniform soaking, high efficiency, and reduced labor for concrete block production lines.\" \/>\n<meta property=\"og:url\" content=\"https:\/\/www.kblmachinery.com\/de\/dual-door-block-soaking-machine\/\" \/>\n<meta property=\"og:site_name\" content=\"Kimberly Machinery\" \/>\n<meta property=\"article:publisher\" content=\"https:\/\/www.facebook.com\/KimberlyMachinery\" \/>\n<meta property=\"article:modified_time\" content=\"2025-11-28T06:51:50+00:00\" \/>\n<meta property=\"og:image\" content=\"https:\/\/www.kblmachinery.com\/wp-content\/uploads\/2025\/11\/Dual-Door-Block-Soaking-Machine.webp\" \/>\n\t<meta property=\"og:image:width\" content=\"800\" \/>\n\t<meta property=\"og:image:height\" content=\"800\" \/>\n\t<meta property=\"og:image:type\" content=\"image\/webp\" \/>\n<meta name=\"twitter:card\" content=\"summary_large_image\" \/>\n<meta name=\"twitter:label1\" content=\"Gesch\u00e4tzte Lesezeit\" \/>\n\t<meta name=\"twitter:data1\" content=\"2\u00a0Minuten\" \/>\n<script type=\"application\/ld+json\" class=\"yoast-schema-graph\">{\"@context\":\"https:\/\/schema.org\",\"@graph\":[{\"@type\":\"WebPage\",\"@id\":\"https:\/\/www.kblmachinery.com\/dual-door-block-soaking-machine\/\",\"url\":\"https:\/\/www.kblmachinery.com\/dual-door-block-soaking-machine\/\",\"name\":\"Dual Door Block Soaking Machine Supplier | Kimberly Machinery\",\"isPartOf\":{\"@id\":\"https:\/\/www.kblmachinery.com\/#website\"},\"primaryImageOfPage\":{\"@id\":\"https:\/\/www.kblmachinery.com\/dual-door-block-soaking-machine\/#primaryimage\"},\"image\":{\"@id\":\"https:\/\/www.kblmachinery.com\/dual-door-block-soaking-machine\/#primaryimage\"},\"thumbnailUrl\":\"https:\/\/www.kblmachinery.com\/wp-content\/uploads\/2025\/11\/Dual-Door-Block-Soaking-Machine.webp\",\"datePublished\":\"2024-08-18T03:23:00+00:00\",\"dateModified\":\"2025-11-28T06:51:50+00:00\",\"description\":\"Automatic dual door block soaking machine with PLC control, uniform soaking, high efficiency, and reduced labor for concrete block production lines.\",\"breadcrumb\":{\"@id\":\"https:\/\/www.kblmachinery.com\/dual-door-block-soaking-machine\/#breadcrumb\"},\"inLanguage\":\"de\",\"potentialAction\":[{\"@type\":\"ReadAction\",\"target\":[\"https:\/\/www.kblmachinery.com\/dual-door-block-soaking-machine\/\"]}]},{\"@type\":\"ImageObject\",\"inLanguage\":\"de\",\"@id\":\"https:\/\/www.kblmachinery.com\/dual-door-block-soaking-machine\/#primaryimage\",\"url\":\"https:\/\/www.kblmachinery.com\/wp-content\/uploads\/2025\/11\/Dual-Door-Block-Soaking-Machine.webp\",\"contentUrl\":\"https:\/\/www.kblmachinery.com\/wp-content\/uploads\/2025\/11\/Dual-Door-Block-Soaking-Machine.webp\",\"width\":800,\"height\":800,\"caption\":\"Dual Door- Block Soaking Machine\"},{\"@type\":\"BreadcrumbList\",\"@id\":\"https:\/\/www.kblmachinery.com\/dual-door-block-soaking-machine\/#breadcrumb\",\"itemListElement\":[{\"@type\":\"ListItem\",\"position\":1,\"name\":\"Home\",\"item\":\"https:\/\/www.kblmachinery.com\/\"},{\"@type\":\"ListItem\",\"position\":2,\"name\":\"Dual Door- Block Soaking Machine\"}]},{\"@type\":\"WebSite\",\"@id\":\"https:\/\/www.kblmachinery.com\/#website\",\"url\":\"https:\/\/www.kblmachinery.com\/\",\"name\":\"Professional Brick\/Block Making Machine in China\",\"description\":\"Block Machine Manufacturer - Kimberly Machinery\",\"publisher\":{\"@id\":\"https:\/\/www.kblmachinery.com\/#organization\"},\"potentialAction\":[{\"@type\":\"SearchAction\",\"target\":{\"@type\":\"EntryPoint\",\"urlTemplate\":\"https:\/\/www.kblmachinery.com\/?s={search_term_string}\"},\"query-input\":{\"@type\":\"PropertyValueSpecification\",\"valueRequired\":true,\"valueName\":\"search_term_string\"}}],\"inLanguage\":\"de\"},{\"@type\":\"Organization\",\"@id\":\"https:\/\/www.kblmachinery.com\/#organization\",\"name\":\"Quanzhou Kimberly Machinery Manufacturing Co. Ltd\",\"url\":\"https:\/\/www.kblmachinery.com\/\",\"logo\":{\"@type\":\"ImageObject\",\"inLanguage\":\"de\",\"@id\":\"https:\/\/www.kblmachinery.com\/#\/schema\/logo\/image\/\",\"url\":\"https:\/\/www.kblmachinery.com\/wp-content\/uploads\/2025\/11\/cropped-logo-1-1.png\",\"contentUrl\":\"https:\/\/www.kblmachinery.com\/wp-content\/uploads\/2025\/11\/cropped-logo-1-1.png\",\"width\":123,\"height\":136,\"caption\":\"Quanzhou Kimberly Machinery Manufacturing Co. Ltd\"},\"image\":{\"@id\":\"https:\/\/www.kblmachinery.com\/#\/schema\/logo\/image\/\"},\"sameAs\":[\"https:\/\/www.facebook.com\/KimberlyMachinery\"]}]}<\/script>\n<!-- \/ Yoast SEO plugin. -->","yoast_head_json":{"title":"Dual Door Block Soaking Machine Supplier | Kimberly Machinery","description":"Automatic dual door block soaking machine with PLC control, uniform soaking, high efficiency, and reduced labor for concrete block production lines.","robots":{"index":"index","follow":"follow","max-snippet":"max-snippet:-1","max-image-preview":"max-image-preview:large","max-video-preview":"max-video-preview:-1"},"canonical":"https:\/\/www.kblmachinery.com\/de\/dual-door-block-soaking-machine\/","og_locale":"de_DE","og_type":"article","og_title":"Dual Door Block Soaking Machine Supplier | Kimberly Machinery","og_description":"Automatic dual door block soaking machine with PLC control, uniform soaking, high efficiency, and reduced labor for concrete block production lines.","og_url":"https:\/\/www.kblmachinery.com\/de\/dual-door-block-soaking-machine\/","og_site_name":"Kimberly Machinery","article_publisher":"https:\/\/www.facebook.com\/KimberlyMachinery","article_modified_time":"2025-11-28T06:51:50+00:00","og_image":[{"width":800,"height":800,"url":"https:\/\/www.kblmachinery.com\/wp-content\/uploads\/2025\/11\/Dual-Door-Block-Soaking-Machine.webp","type":"image\/webp"}],"twitter_card":"summary_large_image","twitter_misc":{"Gesch\u00e4tzte Lesezeit":"2\u00a0Minuten"},"schema":{"@context":"https:\/\/schema.org","@graph":[{"@type":"WebPage","@id":"https:\/\/www.kblmachinery.com\/dual-door-block-soaking-machine\/","url":"https:\/\/www.kblmachinery.com\/dual-door-block-soaking-machine\/","name":"Dual Door Block Soaking Machine Supplier | Kimberly Machinery","isPartOf":{"@id":"https:\/\/www.kblmachinery.com\/#website"},"primaryImageOfPage":{"@id":"https:\/\/www.kblmachinery.com\/dual-door-block-soaking-machine\/#primaryimage"},"image":{"@id":"https:\/\/www.kblmachinery.com\/dual-door-block-soaking-machine\/#primaryimage"},"thumbnailUrl":"https:\/\/www.kblmachinery.com\/wp-content\/uploads\/2025\/11\/Dual-Door-Block-Soaking-Machine.webp","datePublished":"2024-08-18T03:23:00+00:00","dateModified":"2025-11-28T06:51:50+00:00","description":"Automatic dual door block soaking machine with PLC control, uniform soaking, high efficiency, and reduced labor for concrete block production lines.","breadcrumb":{"@id":"https:\/\/www.kblmachinery.com\/dual-door-block-soaking-machine\/#breadcrumb"},"inLanguage":"de","potentialAction":[{"@type":"ReadAction","target":["https:\/\/www.kblmachinery.com\/dual-door-block-soaking-machine\/"]}]},{"@type":"ImageObject","inLanguage":"de","@id":"https:\/\/www.kblmachinery.com\/dual-door-block-soaking-machine\/#primaryimage","url":"https:\/\/www.kblmachinery.com\/wp-content\/uploads\/2025\/11\/Dual-Door-Block-Soaking-Machine.webp","contentUrl":"https:\/\/www.kblmachinery.com\/wp-content\/uploads\/2025\/11\/Dual-Door-Block-Soaking-Machine.webp","width":800,"height":800,"caption":"Dual Door- Block Soaking Machine"},{"@type":"BreadcrumbList","@id":"https:\/\/www.kblmachinery.com\/dual-door-block-soaking-machine\/#breadcrumb","itemListElement":[{"@type":"ListItem","position":1,"name":"Home","item":"https:\/\/www.kblmachinery.com\/"},{"@type":"ListItem","position":2,"name":"Dual Door- Block Soaking Machine"}]},{"@type":"WebSite","@id":"https:\/\/www.kblmachinery.com\/#website","url":"https:\/\/www.kblmachinery.com\/","name":"Professional Brick\/Block Making Machine in China","description":"Block Machine Manufacturer - Kimberly Machinery","publisher":{"@id":"https:\/\/www.kblmachinery.com\/#organization"},"potentialAction":[{"@type":"SearchAction","target":{"@type":"EntryPoint","urlTemplate":"https:\/\/www.kblmachinery.com\/?s={search_term_string}"},"query-input":{"@type":"PropertyValueSpecification","valueRequired":true,"valueName":"search_term_string"}}],"inLanguage":"de"},{"@type":"Organization","@id":"https:\/\/www.kblmachinery.com\/#organization","name":"Quanzhou Kimberly Machinery Manufacturing Co. Ltd","url":"https:\/\/www.kblmachinery.com\/","logo":{"@type":"ImageObject","inLanguage":"de","@id":"https:\/\/www.kblmachinery.com\/#\/schema\/logo\/image\/","url":"https:\/\/www.kblmachinery.com\/wp-content\/uploads\/2025\/11\/cropped-logo-1-1.png","contentUrl":"https:\/\/www.kblmachinery.com\/wp-content\/uploads\/2025\/11\/cropped-logo-1-1.png","width":123,"height":136,"caption":"Quanzhou Kimberly Machinery Manufacturing Co. Ltd"},"image":{"@id":"https:\/\/www.kblmachinery.com\/#\/schema\/logo\/image\/"},"sameAs":["https:\/\/www.facebook.com\/KimberlyMachinery"]}]}},"_links":{"self":[{"href":"https:\/\/www.kblmachinery.com\/de\/wp-json\/wp\/v2\/product\/8373","targetHints":{"allow":["GET"]}}],"collection":[{"href":"https:\/\/www.kblmachinery.com\/de\/wp-json\/wp\/v2\/product"}],"about":[{"href":"https:\/\/www.kblmachinery.com\/de\/wp-json\/wp\/v2\/types\/product"}],"wp:featuredmedia":[{"embeddable":true,"href":"https:\/\/www.kblmachinery.com\/de\/wp-json\/wp\/v2\/media\/8374"}],"wp:attachment":[{"href":"https:\/\/www.kblmachinery.com\/de\/wp-json\/wp\/v2\/media?parent=8373"}],"wp:term":[{"taxonomy":"product_brand","embeddable":true,"href":"https:\/\/www.kblmachinery.com\/de\/wp-json\/wp\/v2\/product_brand?post=8373"},{"taxonomy":"product_cat","embeddable":true,"href":"https:\/\/www.kblmachinery.com\/de\/wp-json\/wp\/v2\/product_cat?post=8373"},{"taxonomy":"product_tag","embeddable":true,"href":"https:\/\/www.kblmachinery.com\/de\/wp-json\/wp\/v2\/product_tag?post=8373"}],"curies":[{"name":"wp","href":"https:\/\/api.w.org\/{rel}","templated":true}]}}