{"id":8380,"date":"2024-08-20T09:13:00","date_gmt":"2024-08-20T09:13:00","guid":{"rendered":"https:\/\/www.kblmachinery.com\/?post_type=product&#038;p=8380"},"modified":"2025-11-28T06:44:00","modified_gmt":"2025-11-28T06:44:00","slug":"pvc-pallets","status":"publish","type":"product","link":"https:\/\/www.kblmachinery.com\/de\/pvc-pallets\/","title":{"rendered":"PVC-Paletten"},"content":{"rendered":"<h2>PVC-Paletten - Produktbeschreibung<\/h2>\n<ul>\n<li>Fortschrittliche Formenproduktion<\/li>\n<\/ul>\n<p>Formen und Stempelkopfplatten werden mit modernster Fr\u00e4stechnologie und pr\u00e4zisen Drahtschneideverfahren f\u00fcr hohe Genauigkeit hergestellt.<\/p>\n<ul>\n<li>Genaue Toleranzen<\/li>\n<\/ul>\n<p>Tamperhead-Schuhe und -Eins\u00e4tze werden mit pr\u00e4zisen Toleranzen hergestellt, um eine effiziente Montage und gleichbleibende Palettenqualit\u00e4t zu gew\u00e4hrleisten.<\/p>\n<ul>\n<li>Hochwertiges Material<\/li>\n<\/ul>\n<p>Die Platten sind aus Q345B-Stahl (16 Mangan) gefertigt und bieten Festigkeit, Steifigkeit und langfristige Haltbarkeit.<\/p>\n<ul>\n<li>Erh\u00f6hte H\u00e4rte<\/li>\n<\/ul>\n<p>Durch pr\u00e4zise Aufkohlungs- und Einsatzh\u00e4rtungsprozesse wird die H\u00e4rte der Formen f\u00fcr eine l\u00e4ngere Lebensdauer deutlich verbessert.<\/p>\n<ul>\n<li>Lange Lebensdauer<\/li>\n<\/ul>\n<p>Jede Form h\u00e4lt \u00fcber 100.000 Zyklen stand und gew\u00e4hrleistet eine dauerhafte und zuverl\u00e4ssige Produktion.<\/p>\n<ul>\n<li>Anpassbare Gr\u00f6\u00dfen<\/li>\n<\/ul>\n<p>Wir k\u00f6nnen PVC-Paletten in jeder Gr\u00f6\u00dfe nach Kundenzeichnung herstellen, die den unterschiedlichsten Anforderungen der Industrie und Logistik entsprechen.<\/p>\n<h2 data-start=\"845\" data-end=\"879\">\u00dcber Kimberly Machinery<\/h2>\n<p data-start=\"881\" data-end=\"1308\">Kimberly Machinery ist ein zuverl\u00e4ssiger globaler Anbieter von Industrie- und Logistikl\u00f6sungen, der sich auf hochwertige PVC-Paletten, Steinfertigungsmaschinen und Betonproduktionsanlagen spezialisiert hat. Mit fortschrittlicher Fertigungstechnologie, strenger Qualit\u00e4tskontrolle und professionellem Kundenservice bieten wir langlebige und zuverl\u00e4ssige Produkte, die auf die Bed\u00fcrfnisse von Vertriebsh\u00e4ndlern, Gro\u00dfh\u00e4ndlern und Produktionsunternehmen weltweit zugeschnitten sind.<\/p>\n<p><img loading=\"lazy\" decoding=\"async\" class=\"wp-image-8384 aligncenter\" src=\"https:\/\/www.kblmachinery.com\/wp-content\/uploads\/2025\/11\/PVC-PALLETS-2.webp\" alt=\"Pvc-Palette\" width=\"646\" height=\"646\" srcset=\"https:\/\/www.kblmachinery.com\/wp-content\/uploads\/2025\/11\/PVC-PALLETS-2.webp 805w, https:\/\/www.kblmachinery.com\/wp-content\/uploads\/2025\/11\/PVC-PALLETS-2-100x100.webp 100w, https:\/\/www.kblmachinery.com\/wp-content\/uploads\/2025\/11\/PVC-PALLETS-2-600x600.webp 600w\" sizes=\"auto, (max-width: 646px) 100vw, 646px\" \/> <img loading=\"lazy\" decoding=\"async\" class=\"wp-image-8383 aligncenter\" src=\"https:\/\/www.kblmachinery.com\/wp-content\/uploads\/2025\/11\/PVC-PALLETS-3.webp\" alt=\"Pvc-Palette\" width=\"652\" height=\"652\" srcset=\"https:\/\/www.kblmachinery.com\/wp-content\/uploads\/2025\/11\/PVC-PALLETS-3.webp 805w, https:\/\/www.kblmachinery.com\/wp-content\/uploads\/2025\/11\/PVC-PALLETS-3-100x100.webp 100w, https:\/\/www.kblmachinery.com\/wp-content\/uploads\/2025\/11\/PVC-PALLETS-3-600x600.webp 600w\" sizes=\"auto, (max-width: 652px) 100vw, 652px\" \/><\/p>","protected":false},"excerpt":{"rendered":"<p>PVC Pallets \u2013 Product Description Advanced Mould Production Moulds and tamper head plates are manufactured using state-of-the-art milling technology and precise wire-cutting process for high accuracy. Exact Tolerances Tamperhead shoes and inserts are produced with precise tolerances, ensuring efficient assembly and consistent pallet quality. High-Quality Material Plates are made from Q345B steel (16 manganese), providing [&hellip;]<\/p>","protected":false},"featured_media":8381,"template":"","meta":[],"product_brand":[],"product_cat":[787],"product_tag":[],"class_list":{"0":"post-8380","1":"product","2":"type-product","3":"status-publish","4":"has-post-thumbnail","6":"product_cat-pallets-boards-for-brick-machine","8":"first","9":"instock","10":"shipping-taxable","11":"product-type-simple"},"yoast_head":"<!-- This site is optimized with the Yoast SEO plugin v24.4 - https:\/\/yoast.com\/wordpress\/plugins\/seo\/ -->\n<title>PVC Pallets Supplier | Kimberly Machinery<\/title>\n<meta name=\"description\" content=\"High-quality PVC pallets with durable moulds and custom sizes. Produced with advanced milling and wire-cutting technology for long-lasting use.\" \/>\n<meta name=\"robots\" content=\"index, follow, max-snippet:-1, max-image-preview:large, max-video-preview:-1\" \/>\n<link rel=\"canonical\" href=\"https:\/\/www.kblmachinery.com\/de\/pvc-pallets\/\" \/>\n<meta property=\"og:locale\" content=\"de_DE\" \/>\n<meta property=\"og:type\" content=\"article\" \/>\n<meta property=\"og:title\" content=\"PVC Pallets Supplier | Kimberly Machinery\" \/>\n<meta property=\"og:description\" content=\"High-quality PVC pallets with durable moulds and custom sizes. Produced with advanced milling and wire-cutting technology for long-lasting use.\" \/>\n<meta property=\"og:url\" content=\"https:\/\/www.kblmachinery.com\/de\/pvc-pallets\/\" \/>\n<meta property=\"og:site_name\" content=\"Kimberly Machinery\" \/>\n<meta property=\"article:publisher\" content=\"https:\/\/www.facebook.com\/KimberlyMachinery\" \/>\n<meta property=\"article:modified_time\" content=\"2025-11-28T06:44:00+00:00\" \/>\n<meta property=\"og:image\" content=\"https:\/\/www.kblmachinery.com\/wp-content\/uploads\/2025\/11\/PVC-PALLETS-4.webp\" \/>\n\t<meta property=\"og:image:width\" content=\"805\" \/>\n\t<meta property=\"og:image:height\" content=\"805\" \/>\n\t<meta property=\"og:image:type\" content=\"image\/webp\" \/>\n<meta name=\"twitter:card\" content=\"summary_large_image\" \/>\n<meta name=\"twitter:label1\" content=\"Gesch\u00e4tzte Lesezeit\" \/>\n\t<meta name=\"twitter:data1\" content=\"2\u00a0Minuten\" \/>\n<script type=\"application\/ld+json\" class=\"yoast-schema-graph\">{\"@context\":\"https:\/\/schema.org\",\"@graph\":[{\"@type\":\"WebPage\",\"@id\":\"https:\/\/www.kblmachinery.com\/pvc-pallets\/\",\"url\":\"https:\/\/www.kblmachinery.com\/pvc-pallets\/\",\"name\":\"PVC Pallets Supplier | Kimberly Machinery\",\"isPartOf\":{\"@id\":\"https:\/\/www.kblmachinery.com\/#website\"},\"primaryImageOfPage\":{\"@id\":\"https:\/\/www.kblmachinery.com\/pvc-pallets\/#primaryimage\"},\"image\":{\"@id\":\"https:\/\/www.kblmachinery.com\/pvc-pallets\/#primaryimage\"},\"thumbnailUrl\":\"https:\/\/www.kblmachinery.com\/wp-content\/uploads\/2025\/11\/PVC-PALLETS-4.webp\",\"datePublished\":\"2024-08-20T09:13:00+00:00\",\"dateModified\":\"2025-11-28T06:44:00+00:00\",\"description\":\"High-quality PVC pallets with durable moulds and custom sizes. Produced with advanced milling and wire-cutting technology for long-lasting use.\",\"breadcrumb\":{\"@id\":\"https:\/\/www.kblmachinery.com\/pvc-pallets\/#breadcrumb\"},\"inLanguage\":\"de\",\"potentialAction\":[{\"@type\":\"ReadAction\",\"target\":[\"https:\/\/www.kblmachinery.com\/pvc-pallets\/\"]}]},{\"@type\":\"ImageObject\",\"inLanguage\":\"de\",\"@id\":\"https:\/\/www.kblmachinery.com\/pvc-pallets\/#primaryimage\",\"url\":\"https:\/\/www.kblmachinery.com\/wp-content\/uploads\/2025\/11\/PVC-PALLETS-4.webp\",\"contentUrl\":\"https:\/\/www.kblmachinery.com\/wp-content\/uploads\/2025\/11\/PVC-PALLETS-4.webp\",\"width\":805,\"height\":805,\"caption\":\"Pvc pallet\"},{\"@type\":\"BreadcrumbList\",\"@id\":\"https:\/\/www.kblmachinery.com\/pvc-pallets\/#breadcrumb\",\"itemListElement\":[{\"@type\":\"ListItem\",\"position\":1,\"name\":\"Home\",\"item\":\"https:\/\/www.kblmachinery.com\/\"},{\"@type\":\"ListItem\",\"position\":2,\"name\":\"PVC Pallets\"}]},{\"@type\":\"WebSite\",\"@id\":\"https:\/\/www.kblmachinery.com\/#website\",\"url\":\"https:\/\/www.kblmachinery.com\/\",\"name\":\"Professional Brick\/Block Making Machine in China\",\"description\":\"Block Machine Manufacturer - Kimberly Machinery\",\"publisher\":{\"@id\":\"https:\/\/www.kblmachinery.com\/#organization\"},\"potentialAction\":[{\"@type\":\"SearchAction\",\"target\":{\"@type\":\"EntryPoint\",\"urlTemplate\":\"https:\/\/www.kblmachinery.com\/?s={search_term_string}\"},\"query-input\":{\"@type\":\"PropertyValueSpecification\",\"valueRequired\":true,\"valueName\":\"search_term_string\"}}],\"inLanguage\":\"de\"},{\"@type\":\"Organization\",\"@id\":\"https:\/\/www.kblmachinery.com\/#organization\",\"name\":\"Quanzhou Kimberly Machinery Manufacturing Co. Ltd\",\"url\":\"https:\/\/www.kblmachinery.com\/\",\"logo\":{\"@type\":\"ImageObject\",\"inLanguage\":\"de\",\"@id\":\"https:\/\/www.kblmachinery.com\/#\/schema\/logo\/image\/\",\"url\":\"https:\/\/www.kblmachinery.com\/wp-content\/uploads\/2025\/11\/cropped-logo-1-1.png\",\"contentUrl\":\"https:\/\/www.kblmachinery.com\/wp-content\/uploads\/2025\/11\/cropped-logo-1-1.png\",\"width\":123,\"height\":136,\"caption\":\"Quanzhou Kimberly Machinery Manufacturing Co. Ltd\"},\"image\":{\"@id\":\"https:\/\/www.kblmachinery.com\/#\/schema\/logo\/image\/\"},\"sameAs\":[\"https:\/\/www.facebook.com\/KimberlyMachinery\"]}]}<\/script>\n<!-- \/ Yoast SEO plugin. -->","yoast_head_json":{"title":"PVC Pallets Supplier | Kimberly Machinery","description":"High-quality PVC pallets with durable moulds and custom sizes. Produced with advanced milling and wire-cutting technology for long-lasting use.","robots":{"index":"index","follow":"follow","max-snippet":"max-snippet:-1","max-image-preview":"max-image-preview:large","max-video-preview":"max-video-preview:-1"},"canonical":"https:\/\/www.kblmachinery.com\/de\/pvc-pallets\/","og_locale":"de_DE","og_type":"article","og_title":"PVC Pallets Supplier | Kimberly Machinery","og_description":"High-quality PVC pallets with durable moulds and custom sizes. Produced with advanced milling and wire-cutting technology for long-lasting use.","og_url":"https:\/\/www.kblmachinery.com\/de\/pvc-pallets\/","og_site_name":"Kimberly Machinery","article_publisher":"https:\/\/www.facebook.com\/KimberlyMachinery","article_modified_time":"2025-11-28T06:44:00+00:00","og_image":[{"width":805,"height":805,"url":"https:\/\/www.kblmachinery.com\/wp-content\/uploads\/2025\/11\/PVC-PALLETS-4.webp","type":"image\/webp"}],"twitter_card":"summary_large_image","twitter_misc":{"Gesch\u00e4tzte Lesezeit":"2\u00a0Minuten"},"schema":{"@context":"https:\/\/schema.org","@graph":[{"@type":"WebPage","@id":"https:\/\/www.kblmachinery.com\/pvc-pallets\/","url":"https:\/\/www.kblmachinery.com\/pvc-pallets\/","name":"PVC Pallets Supplier | Kimberly Machinery","isPartOf":{"@id":"https:\/\/www.kblmachinery.com\/#website"},"primaryImageOfPage":{"@id":"https:\/\/www.kblmachinery.com\/pvc-pallets\/#primaryimage"},"image":{"@id":"https:\/\/www.kblmachinery.com\/pvc-pallets\/#primaryimage"},"thumbnailUrl":"https:\/\/www.kblmachinery.com\/wp-content\/uploads\/2025\/11\/PVC-PALLETS-4.webp","datePublished":"2024-08-20T09:13:00+00:00","dateModified":"2025-11-28T06:44:00+00:00","description":"High-quality PVC pallets with durable moulds and custom sizes. Produced with advanced milling and wire-cutting technology for long-lasting use.","breadcrumb":{"@id":"https:\/\/www.kblmachinery.com\/pvc-pallets\/#breadcrumb"},"inLanguage":"de","potentialAction":[{"@type":"ReadAction","target":["https:\/\/www.kblmachinery.com\/pvc-pallets\/"]}]},{"@type":"ImageObject","inLanguage":"de","@id":"https:\/\/www.kblmachinery.com\/pvc-pallets\/#primaryimage","url":"https:\/\/www.kblmachinery.com\/wp-content\/uploads\/2025\/11\/PVC-PALLETS-4.webp","contentUrl":"https:\/\/www.kblmachinery.com\/wp-content\/uploads\/2025\/11\/PVC-PALLETS-4.webp","width":805,"height":805,"caption":"Pvc pallet"},{"@type":"BreadcrumbList","@id":"https:\/\/www.kblmachinery.com\/pvc-pallets\/#breadcrumb","itemListElement":[{"@type":"ListItem","position":1,"name":"Home","item":"https:\/\/www.kblmachinery.com\/"},{"@type":"ListItem","position":2,"name":"PVC Pallets"}]},{"@type":"WebSite","@id":"https:\/\/www.kblmachinery.com\/#website","url":"https:\/\/www.kblmachinery.com\/","name":"Professional Brick\/Block Making Machine in China","description":"Block Machine Manufacturer - Kimberly Machinery","publisher":{"@id":"https:\/\/www.kblmachinery.com\/#organization"},"potentialAction":[{"@type":"SearchAction","target":{"@type":"EntryPoint","urlTemplate":"https:\/\/www.kblmachinery.com\/?s={search_term_string}"},"query-input":{"@type":"PropertyValueSpecification","valueRequired":true,"valueName":"search_term_string"}}],"inLanguage":"de"},{"@type":"Organization","@id":"https:\/\/www.kblmachinery.com\/#organization","name":"Quanzhou Kimberly Machinery Manufacturing Co. Ltd","url":"https:\/\/www.kblmachinery.com\/","logo":{"@type":"ImageObject","inLanguage":"de","@id":"https:\/\/www.kblmachinery.com\/#\/schema\/logo\/image\/","url":"https:\/\/www.kblmachinery.com\/wp-content\/uploads\/2025\/11\/cropped-logo-1-1.png","contentUrl":"https:\/\/www.kblmachinery.com\/wp-content\/uploads\/2025\/11\/cropped-logo-1-1.png","width":123,"height":136,"caption":"Quanzhou Kimberly Machinery Manufacturing Co. Ltd"},"image":{"@id":"https:\/\/www.kblmachinery.com\/#\/schema\/logo\/image\/"},"sameAs":["https:\/\/www.facebook.com\/KimberlyMachinery"]}]}},"_links":{"self":[{"href":"https:\/\/www.kblmachinery.com\/de\/wp-json\/wp\/v2\/product\/8380","targetHints":{"allow":["GET"]}}],"collection":[{"href":"https:\/\/www.kblmachinery.com\/de\/wp-json\/wp\/v2\/product"}],"about":[{"href":"https:\/\/www.kblmachinery.com\/de\/wp-json\/wp\/v2\/types\/product"}],"wp:featuredmedia":[{"embeddable":true,"href":"https:\/\/www.kblmachinery.com\/de\/wp-json\/wp\/v2\/media\/8381"}],"wp:attachment":[{"href":"https:\/\/www.kblmachinery.com\/de\/wp-json\/wp\/v2\/media?parent=8380"}],"wp:term":[{"taxonomy":"product_brand","embeddable":true,"href":"https:\/\/www.kblmachinery.com\/de\/wp-json\/wp\/v2\/product_brand?post=8380"},{"taxonomy":"product_cat","embeddable":true,"href":"https:\/\/www.kblmachinery.com\/de\/wp-json\/wp\/v2\/product_cat?post=8380"},{"taxonomy":"product_tag","embeddable":true,"href":"https:\/\/www.kblmachinery.com\/de\/wp-json\/wp\/v2\/product_tag?post=8380"}],"curies":[{"name":"wp","href":"https:\/\/api.w.org\/{rel}","templated":true}]}}