{"id":5988,"date":"2025-04-24T02:05:34","date_gmt":"2025-04-24T02:05:34","guid":{"rendered":"https:\/\/www.kblmachinery.com\/?page_id=5988"},"modified":"2025-11-17T07:08:15","modified_gmt":"2025-11-17T07:08:15","slug":"faq","status":"publish","type":"page","link":"https:\/\/www.kblmachinery.com\/es\/faq\/","title":{"rendered":"PREGUNTAS FRECUENTES"},"content":{"rendered":"<div class=\"path_bar\">\n        <div class=\"layout\">\n            <ul>\n                <li><a href=\"\/\">Inicio<\/a><\/li>\n                <!--\u9762\u5305\u5c51-->\n                    <li>\n                     <a href=\"\">PREGUNTAS FRECUENTES<\/a><\/li>\n                <\/ul>\n        <\/div>\n    <\/div><h1 class=\"wp-block-heading has-text-align-center layout mt3 h20\" style=\"font-size:30px\">Preguntas frecuentes sobre las m\u00e1quinas bloqueras<\/h1><p class=\"has-text-align-center layout mb2 pa\">Encuentre respuestas claras y fiables a las preguntas m\u00e1s frecuentes sobre nuestras bloqueras, l\u00edneas de producci\u00f3n de hormig\u00f3n y asistencia posventa.\u00a0<a href=\"https:\/\/www.kblmachinery.com\/contact-us\/\">P\u00f3ngase en contacto con nosotros<\/a>\u00a0para obtener m\u00e1s informaci\u00f3n.<\/p><div class=\"layout mb3\">\n     \n        <div class=\"accordion\">\n            <div class=\"accordion-item\">\n                <div class=\"accordion-header\">\n                    <h2>P1: \u00bfCu\u00e1les son nuestras ventajas?<\/h2>\n                    <span class=\"accordion-icon\">&#8211;<\/span>\n                <\/div>\n                <div class=\"accordion-content open\">\n                    <p class=\"pa\">R: Profesional\u00a0<a href=\"https:\/\/www.kblmachinery.com\/about-us\/\"><strong>proveedor de m\u00e1quinas bloqueras<\/strong><\/a>\u00a0con casi 30 a\u00f1os de experiencia en la fabricaci\u00f3n, 15 a\u00f1os de experiencia comercial, nuestros productos han sido exporing a m\u00e1s de 50 pa\u00edses. Podemos proporcionar la sugerencia moreprofessional de\u00a0<a href=\"https:\/\/www.kblmachinery.com\/concrete-block-making-machine\/\"><strong>m\u00e1quina de bloques<\/strong><\/a>\u00a0e instalaci\u00f3n, servicio de formaci\u00f3n para usted.<\/p>\n                <\/div>\n            <\/div>\n            \n            <div class=\"accordion-item\">\n                <div class=\"accordion-header\">\n                    <h2>P2: \u00bfQu\u00e9 tipo de productos podemos suministrar?<\/h2>\n                    <span class=\"accordion-icon\">+<\/span>\n                <\/div>\n                <div class=\"accordion-content\">\n                    <p class=\"pa\">R: Todos los equipos que se componen de una l\u00ednea de producci\u00f3n de ladrillos de hormig\u00f3n totalmente autom\u00e1tica o semiautom\u00e1tica pueden ser suministrados, como por ejemplo\u00a0<a href=\"https:\/\/www.kblmachinery.com\/concrete-block-making-machine\/\">m\u00e1quina de ladrillos<\/a>,\u00a0<a href=\"https:\/\/www.kblmachinery.com\/concrete-mixing-plant\/\">hormigonera<\/a>,\u00a0<a href=\"https:\/\/www.kblmachinery.com\/concrete-batching-machine\/\">m\u00e1quina dosificadora<\/a>,\u00a0<a href=\"https:\/\/www.kblmachinery.com\/block-palletizing-cuber\/\">paletizador de bloques<\/a>,\u00a0<a href=\"https:\/\/www.kblmachinery.com\/block-soaking-machine\/\">m\u00e1quina de remojo de bloques<\/a>,\u00a0<a href=\"https:\/\/www.kblmachinery.com\/brick-packing-machine\/\">empaquetadora de ladrillos<\/a>M\u00e1quina autom\u00e1tica de alimentaci\u00f3n de pal\u00e9s,\u00a0<a href=\"https:\/\/www.kblmachinery.com\/gmt-fiber-pallets\/\">Palets de fibra GMT<\/a>\u00a0y\u00a0<a href=\"https:\/\/www.kblmachinery.com\/pvc-pallets\/\">Pal\u00e9s de PVC<\/a>\u00a0etc.<\/p>\n                <\/div>\n            <\/div>\n            \n            <div class=\"accordion-item\">\n                <div class=\"accordion-header\">\n                    <h2>Q3: \u00bfC\u00f3mo hacer ladrillos de diferentes tama\u00f1os y formas por una m\u00e1quina de fabricaci\u00f3n de ladrillos?<\/h2>\n                    <span class=\"accordion-icon\">+<\/span>\n                <\/div>\n                <div class=\"accordion-content\">\n                    <p class=\"pa\">R: Cambiando los moldes de los bloques se pueden producir ladrillos macizos, ladrillos para adoquines, piedras para bordillos, bloques huecos, bloques decorativos, bloques aislantes y otros productos especiales no est\u00e1ndar. Todos los moldes de bloques se pueden personalizar seg\u00fan los tipos y tama\u00f1os de ladrillo del mercado local del comprador.<\/p>\n                <\/div>\n            <\/div>\n            \n            <div class=\"accordion-item\">\n                <div class=\"accordion-header\">\n                    <h2>P4: \u00bfY el servicio de instalaci\u00f3n?<\/h2>\n                    <span class=\"accordion-icon\">+<\/span>\n                <\/div>\n                <div class=\"accordion-content\">\n                    <p>R: Tras la entrega, las plantas son instaladas y puestas en marcha por nuestros propios ingenieros cualificados y experimentados.<\/p>\n                <\/div>\n            <\/div>\n            \n            <div class=\"accordion-item\">\n                <div class=\"accordion-header\">\n                    <h2>P5: \u00bfY el servicio posventa?<\/h2>\n                    <span class=\"accordion-icon\">+<\/span>\n                <\/div>\n                <div class=\"accordion-content\">\n                    <p>R: Durante el primer a\u00f1o y medio, le suministraremos los siguientes productos de forma gratuita:<br>\n1. Piezas de recambio de m\u00e1quinas y equipos (excepto piezas de desgaste r\u00e1pido)<br>\n2. Reparaci\u00f3n de equipos averiados (dise\u00f1o, proceso de trabajo y producci\u00f3n)<\/p>\n                <\/div>\n            <\/div>\n        <\/div>\n    <\/div><style>\n  \n        .accordion {\n            width: 100%;\n        }\n\n        .accordion-item {\n            border-bottom: 1px solid #eaeaea;\n        }\n        \n        .accordion-header {\n            padding: 18px 20px;\n            background-color: #f8f9fa;\n            cursor: pointer;\n            display: flex;\n            justify-content: space-between;\n            align-items: center;\n            transition: background-color 0.3s ease;\n        }\n        \n        .accordion-header:hover {\n            background-color: #e9ecef;\n        }\n        \n        .accordion-header h2 {\n            font-size: 18px;\n            font-weight: 600;\n            color: #012f81;\n        }\n        \n        .accordion-icon {\n            font-size: 18px;\n            font-weight: bold;\n            color: #012f81;\n            width: 24px;\n            height: 24px;\n            display: flex;\n            justify-content: center;\n            align-items: center;\n            transition: transform 0.3s ease;\n        }\n        \n        .accordion-content {\n            max-height: 0;\n            overflow: hidden;\n            transition: max-height 0.4s ease;\n            background-color: white;\n        }\n           .accordion-content.open {\n            max-height: none; \/* \u79fb\u9664\u9ad8\u5ea6\u9650\u5236 *\/\n        }\n        .accordion-content p {\n            padding: 20px;\n            line-height: 1.6;\n            color: #555;\n        }\n        \n        \/* \u54cd\u5e94\u5f0f\u8bbe\u8ba1 *\/\n        @media (max-width: 600px) {\n           \n            .accordion-header {\n                padding: 15px;\n            }\n            \n            .accordion-header h3 {\n                font-size: 1rem;\n            }\n        }\n    <\/style><script>\n        document.addEventListener('DOMContentLoaded', function() {\n            const accordionHeaders = document.querySelectorAll('.accordion-header');\n            \n            accordionHeaders.forEach(header => {\n                header.addEventListener('click', function() {\n                    const accordionItem = this.parentElement;\n                    const accordionContent = this.nextElementSibling;\n                    const accordionIcon = this.querySelector('.accordion-icon');\n                    \n                    \/\/ \u68c0\u67e5\u5f53\u524d\u9879\u76ee\u662f\u5426\u5df2\u7ecf\u5c55\u5f00\n                    const isCurrentlyOpen = accordionContent.classList.contains('open');\n                    \n                    \/\/ \u5173\u95ed\u6240\u6709\u9879\u76ee\n                    document.querySelectorAll('.accordion-item').forEach(item => {\n                        const content = item.querySelector('.accordion-content');\n                        const icon = item.querySelector('.accordion-icon');\n                        content.classList.remove('open');\n                        content.style.maxHeight = null;\n                        icon.textContent = '+';\n                    });\n                    \n                    \/\/ \u5982\u679c\u70b9\u51fb\u7684\u9879\u76ee\u539f\u672c\u662f\u5173\u95ed\u7684\uff0c\u5c31\u5c55\u5f00\u5b83\n                    if (!isCurrentlyOpen) {\n                        accordionContent.classList.add('open');\n                        accordionContent.style.maxHeight = 'none';\n                        accordionIcon.textContent = '-';\n                    }\n                });\n            });\n        });\n    <\/script><style>\n.mt3{\nmargin-top:3%\n\n}\n.mb2{\nmargin-bottom:2%\n\n}\n.mb3{\nmargin-bottom:3%\n\n}\n\n<\/style><style>\n@media screen and (max-width:768px){\n .h20{\nfont-size:20px!important\n\n}\n\n\n\n}\n\n<\/style>","protected":false},"excerpt":{"rendered":"<p>Home FAQ FAQ about Block Machines Find clear, reliable answers to the most common questions about our block machines, concrete production lines, and after-sales support.\u00a0Contact us\u00a0to get more information. Q1: What are our advantages? &#8211; A: Professional\u00a0block machine supplier\u00a0with almost 30 vears manufacture experience, 15 vears trading experience, our products have been exporing to over [&hellip;]<\/p>","protected":false},"author":1,"featured_media":0,"parent":0,"menu_order":0,"comment_status":"closed","ping_status":"closed","template":"","meta":{"footnotes":""},"class_list":["post-5988","page","type-page","status-publish","hentry"],"yoast_head":"<!-- This site is optimized with the Yoast SEO plugin v24.4 - https:\/\/yoast.com\/wordpress\/plugins\/seo\/ -->\n<title>Kimberly Machinery FAQ \u2013 Block &amp; Brick Machine Answers<\/title>\n<meta name=\"description\" content=\"Get expert answers to common questions about Kimberly Machinery\u2019s block making machines, concrete brick production lines, and after\u2011sales support.\" \/>\n<meta name=\"robots\" content=\"index, follow, max-snippet:-1, max-image-preview:large, max-video-preview:-1\" \/>\n<link rel=\"canonical\" href=\"https:\/\/www.kblmachinery.com\/es\/faq\/\" \/>\n<meta property=\"og:locale\" content=\"es_ES\" \/>\n<meta property=\"og:type\" content=\"article\" \/>\n<meta property=\"og:title\" content=\"Kimberly Machinery FAQ \u2013 Block &amp; Brick Machine Answers\" \/>\n<meta property=\"og:description\" content=\"Get expert answers to common questions about Kimberly Machinery\u2019s block making machines, concrete brick production lines, and after\u2011sales support.\" \/>\n<meta property=\"og:url\" content=\"https:\/\/www.kblmachinery.com\/es\/faq\/\" \/>\n<meta property=\"og:site_name\" content=\"Kimberly Machinery\" \/>\n<meta property=\"article:publisher\" content=\"https:\/\/www.facebook.com\/KimberlyMachinery\" \/>\n<meta property=\"article:modified_time\" content=\"2025-11-17T07:08:15+00:00\" \/>\n<meta name=\"twitter:card\" content=\"summary_large_image\" \/>\n<meta name=\"twitter:label1\" content=\"Tiempo de lectura\" \/>\n\t<meta name=\"twitter:data1\" content=\"2 minutos\" \/>\n<script type=\"application\/ld+json\" class=\"yoast-schema-graph\">{\"@context\":\"https:\/\/schema.org\",\"@graph\":[{\"@type\":\"WebPage\",\"@id\":\"https:\/\/www.kblmachinery.com\/faq\/\",\"url\":\"https:\/\/www.kblmachinery.com\/faq\/\",\"name\":\"Kimberly Machinery FAQ \u2013 Block & Brick Machine Answers\",\"isPartOf\":{\"@id\":\"https:\/\/www.kblmachinery.com\/#website\"},\"datePublished\":\"2025-04-24T02:05:34+00:00\",\"dateModified\":\"2025-11-17T07:08:15+00:00\",\"description\":\"Get expert answers to common questions about Kimberly Machinery\u2019s block making machines, concrete brick production lines, and after\u2011sales support.\",\"breadcrumb\":{\"@id\":\"https:\/\/www.kblmachinery.com\/faq\/#breadcrumb\"},\"inLanguage\":\"es\",\"potentialAction\":[{\"@type\":\"ReadAction\",\"target\":[\"https:\/\/www.kblmachinery.com\/faq\/\"]}]},{\"@type\":\"BreadcrumbList\",\"@id\":\"https:\/\/www.kblmachinery.com\/faq\/#breadcrumb\",\"itemListElement\":[{\"@type\":\"ListItem\",\"position\":1,\"name\":\"Home\",\"item\":\"https:\/\/www.kblmachinery.com\/\"},{\"@type\":\"ListItem\",\"position\":2,\"name\":\"FAQ\"}]},{\"@type\":\"WebSite\",\"@id\":\"https:\/\/www.kblmachinery.com\/#website\",\"url\":\"https:\/\/www.kblmachinery.com\/\",\"name\":\"Professional Brick\/Block Making Machine in China\",\"description\":\"Block Machine Manufacturer - Kimberly Machinery\",\"publisher\":{\"@id\":\"https:\/\/www.kblmachinery.com\/#organization\"},\"potentialAction\":[{\"@type\":\"SearchAction\",\"target\":{\"@type\":\"EntryPoint\",\"urlTemplate\":\"https:\/\/www.kblmachinery.com\/?s={search_term_string}\"},\"query-input\":{\"@type\":\"PropertyValueSpecification\",\"valueRequired\":true,\"valueName\":\"search_term_string\"}}],\"inLanguage\":\"es\"},{\"@type\":\"Organization\",\"@id\":\"https:\/\/www.kblmachinery.com\/#organization\",\"name\":\"Quanzhou Kimberly Machinery Manufacturing Co. Ltd\",\"url\":\"https:\/\/www.kblmachinery.com\/\",\"logo\":{\"@type\":\"ImageObject\",\"inLanguage\":\"es\",\"@id\":\"https:\/\/www.kblmachinery.com\/#\/schema\/logo\/image\/\",\"url\":\"https:\/\/www.kblmachinery.com\/wp-content\/uploads\/2025\/11\/cropped-logo-1-1.png\",\"contentUrl\":\"https:\/\/www.kblmachinery.com\/wp-content\/uploads\/2025\/11\/cropped-logo-1-1.png\",\"width\":123,\"height\":136,\"caption\":\"Quanzhou Kimberly Machinery Manufacturing Co. Ltd\"},\"image\":{\"@id\":\"https:\/\/www.kblmachinery.com\/#\/schema\/logo\/image\/\"},\"sameAs\":[\"https:\/\/www.facebook.com\/KimberlyMachinery\"]}]}<\/script>\n<!-- \/ Yoast SEO plugin. -->","yoast_head_json":{"title":"Kimberly Machinery FAQ \u2013 Block & Brick Machine Answers","description":"Get expert answers to common questions about Kimberly Machinery\u2019s block making machines, concrete brick production lines, and after\u2011sales support.","robots":{"index":"index","follow":"follow","max-snippet":"max-snippet:-1","max-image-preview":"max-image-preview:large","max-video-preview":"max-video-preview:-1"},"canonical":"https:\/\/www.kblmachinery.com\/es\/faq\/","og_locale":"es_ES","og_type":"article","og_title":"Kimberly Machinery FAQ \u2013 Block & Brick Machine Answers","og_description":"Get expert answers to common questions about Kimberly Machinery\u2019s block making machines, concrete brick production lines, and after\u2011sales support.","og_url":"https:\/\/www.kblmachinery.com\/es\/faq\/","og_site_name":"Kimberly Machinery","article_publisher":"https:\/\/www.facebook.com\/KimberlyMachinery","article_modified_time":"2025-11-17T07:08:15+00:00","twitter_card":"summary_large_image","twitter_misc":{"Tiempo de lectura":"2 minutos"},"schema":{"@context":"https:\/\/schema.org","@graph":[{"@type":"WebPage","@id":"https:\/\/www.kblmachinery.com\/faq\/","url":"https:\/\/www.kblmachinery.com\/faq\/","name":"Kimberly Machinery FAQ \u2013 Block & Brick Machine Answers","isPartOf":{"@id":"https:\/\/www.kblmachinery.com\/#website"},"datePublished":"2025-04-24T02:05:34+00:00","dateModified":"2025-11-17T07:08:15+00:00","description":"Get expert answers to common questions about Kimberly Machinery\u2019s block making machines, concrete brick production lines, and after\u2011sales support.","breadcrumb":{"@id":"https:\/\/www.kblmachinery.com\/faq\/#breadcrumb"},"inLanguage":"es","potentialAction":[{"@type":"ReadAction","target":["https:\/\/www.kblmachinery.com\/faq\/"]}]},{"@type":"BreadcrumbList","@id":"https:\/\/www.kblmachinery.com\/faq\/#breadcrumb","itemListElement":[{"@type":"ListItem","position":1,"name":"Home","item":"https:\/\/www.kblmachinery.com\/"},{"@type":"ListItem","position":2,"name":"FAQ"}]},{"@type":"WebSite","@id":"https:\/\/www.kblmachinery.com\/#website","url":"https:\/\/www.kblmachinery.com\/","name":"Professional Brick\/Block Making Machine in China","description":"Block Machine Manufacturer - Kimberly Machinery","publisher":{"@id":"https:\/\/www.kblmachinery.com\/#organization"},"potentialAction":[{"@type":"SearchAction","target":{"@type":"EntryPoint","urlTemplate":"https:\/\/www.kblmachinery.com\/?s={search_term_string}"},"query-input":{"@type":"PropertyValueSpecification","valueRequired":true,"valueName":"search_term_string"}}],"inLanguage":"es"},{"@type":"Organization","@id":"https:\/\/www.kblmachinery.com\/#organization","name":"Quanzhou Kimberly Machinery Manufacturing Co. Ltd","url":"https:\/\/www.kblmachinery.com\/","logo":{"@type":"ImageObject","inLanguage":"es","@id":"https:\/\/www.kblmachinery.com\/#\/schema\/logo\/image\/","url":"https:\/\/www.kblmachinery.com\/wp-content\/uploads\/2025\/11\/cropped-logo-1-1.png","contentUrl":"https:\/\/www.kblmachinery.com\/wp-content\/uploads\/2025\/11\/cropped-logo-1-1.png","width":123,"height":136,"caption":"Quanzhou Kimberly Machinery Manufacturing Co. Ltd"},"image":{"@id":"https:\/\/www.kblmachinery.com\/#\/schema\/logo\/image\/"},"sameAs":["https:\/\/www.facebook.com\/KimberlyMachinery"]}]}},"_links":{"self":[{"href":"https:\/\/www.kblmachinery.com\/es\/wp-json\/wp\/v2\/pages\/5988","targetHints":{"allow":["GET"]}}],"collection":[{"href":"https:\/\/www.kblmachinery.com\/es\/wp-json\/wp\/v2\/pages"}],"about":[{"href":"https:\/\/www.kblmachinery.com\/es\/wp-json\/wp\/v2\/types\/page"}],"author":[{"embeddable":true,"href":"https:\/\/www.kblmachinery.com\/es\/wp-json\/wp\/v2\/users\/1"}],"replies":[{"embeddable":true,"href":"https:\/\/www.kblmachinery.com\/es\/wp-json\/wp\/v2\/comments?post=5988"}],"version-history":[{"count":21,"href":"https:\/\/www.kblmachinery.com\/es\/wp-json\/wp\/v2\/pages\/5988\/revisions"}],"predecessor-version":[{"id":11314,"href":"https:\/\/www.kblmachinery.com\/es\/wp-json\/wp\/v2\/pages\/5988\/revisions\/11314"}],"wp:attachment":[{"href":"https:\/\/www.kblmachinery.com\/es\/wp-json\/wp\/v2\/media?parent=5988"}],"curies":[{"name":"wp","href":"https:\/\/api.w.org\/{rel}","templated":true}]}}