{"id":8092,"date":"2024-08-17T05:25:00","date_gmt":"2024-08-17T05:25:00","guid":{"rendered":"https:\/\/www.kblmachinery.com\/?post_type=product&#038;p=8092"},"modified":"2025-11-28T07:50:14","modified_gmt":"2025-11-28T07:50:14","slug":"hollow-block-mold-die-casting-steel","status":"publish","type":"product","link":"https:\/\/www.kblmachinery.com\/es\/hollow-block-mold-die-casting-steel\/","title":{"rendered":"High-End ladrillo hueco bloque techo pavimentaci\u00f3n piedra interlock lluvia-canaleta losa y moldes especiales para MASS HESS TIGER ZENITH ETC"},"content":{"rendered":"<h2 data-start=\"72\" data-end=\"162\"><strong data-start=\"72\" data-end=\"160\">Fabricante l\u00edder en China de moldes de bloques de hormig\u00f3n y ladrillos para m\u00e1quinas de fabricaci\u00f3n de bloques<\/strong><\/h2>\n<h3 data-start=\"164\" data-end=\"474\">1.Tipos de bloques<\/h3>\n<p data-start=\"164\" data-end=\"474\">Dise\u00f1amos y fabricamos moldes de acero de alta calidad para adoquines entrelazados, losas, adoquines permeables, bordillos, muros de contenci\u00f3n, bloques huecos y bloques especiales. Nuestros moldes cumplen las especificaciones del cliente y ofrecen soluciones innovadoras para diversas formas y tama\u00f1os de bloques.<\/p>\n<h3 data-start=\"476\" data-end=\"674\">2.Materias primas<\/h3>\n<p data-start=\"476\" data-end=\"674\">Nuestros moldes est\u00e1n fabricados con acero templado y revenido de primera calidad importado de Italia. El tratamiento t\u00e9rmico mejora la solidez y la resistencia al desgaste del acero, garantizando un rendimiento duradero.<\/p>\n<h3 data-start=\"676\" data-end=\"945\">3.Experiencia en fabricaci\u00f3n<\/h3>\n<p data-start=\"676\" data-end=\"945\">Con casi 30 a\u00f1os de experiencia, servimos a clientes de todo el mundo. Combinando experiencia con materiales de alta calidad, ofrecemos moldes duraderos compatibles con las principales marcas de m\u00e1quinas de bloques, como Masa, Hess, Zenith, Tiger, Besser y Ritu.<\/p>\n<h2 data-start=\"947\" data-end=\"967\"><strong data-start=\"947\" data-end=\"965\">Caracter\u00edsticas del moho:<\/strong><\/h2>\n<ul data-start=\"968\" data-end=\"1635\">\n<li data-start=\"968\" data-end=\"1150\">\n<p data-start=\"970\" data-end=\"1150\">Proceso de montaje avanzado: Utilizamos soldaduras de precisi\u00f3n y tratamientos desestresantes para evitar la deformaci\u00f3n de cavidades y n\u00facleos, garantizando la precisi\u00f3n dimensional y un funcionamiento sin problemas.<\/p>\n<\/li>\n<li data-start=\"1151\" data-end=\"1226\">\n<p data-start=\"1153\" data-end=\"1226\">Holgura del prensatelas: 0,3-0,8 mm para una compatibilidad \u00f3ptima con la m\u00e1quina.<\/p>\n<\/li>\n<li data-start=\"1227\" data-end=\"1389\">\n<p data-start=\"1229\" data-end=\"1389\">Construcci\u00f3n duradera: Pernos de alta resistencia con tratamiento antiaflojamiento, montaje estandarizado para facilitar la sustituci\u00f3n de piezas y placas de acero resistentes al desgaste.<\/p>\n<\/li>\n<li data-start=\"1390\" data-end=\"1516\">\n<p data-start=\"1392\" data-end=\"1516\">Rendimiento mejorado: La amortiguaci\u00f3n del molde reduce las vibraciones, y los dise\u00f1os digitales de superficie libre permiten una personalizaci\u00f3n de precisi\u00f3n.<\/p>\n<\/li>\n<li data-start=\"1517\" data-end=\"1635\">\n<p data-start=\"1519\" data-end=\"1635\">Tratamiento t\u00e9rmico: Carbonitruraci\u00f3n a 60-65 HRC con una profundidad m\u00ednima de endurecimiento de 1,2 mm para una durabilidad a largo plazo.<\/p>\n<\/li>\n<\/ul>\n<p><iframe loading=\"lazy\" title=\"V\u00eddeo de funcionamiento del bloque ICF\" src=\"https:\/\/www.youtube.com\/embed\/czhs2wYoLZg\" width=\"556\" height=\"310\" frameborder=\"0\" allowfullscreen=\"allowfullscreen\"><\/iframe><\/p>","protected":false},"excerpt":{"rendered":"<p>1. The primary building materials utilized in building construction are hollow blocks.<br \/>\n2. Types and sizes vary depending on the type of wall and the intended usage.<br \/>\n3. Every mold can be altered to meet the needs of the buyer&#8217;s local market.<\/p>\n<p>&nbsp;<\/p>\n<table class=\"tg\" style=\"border-collapse: collapse; border-spacing: 0;\">\n<tbody>\n<tr>\n<td style=\"font-family: Arial, sans-serif; font-size: 14px; overflow: hidden; padding: 10px 5px; text-align: left; vertical-align: top; word-break: normal; border: 1px solid black;\">Art\u00edculo No :<\/td>\n<td style=\"font-family: Arial, sans-serif; font-size: 14px; overflow: hidden; padding: 10px 5px; text-align: left; vertical-align: top; word-break: normal; border: 1px solid black;\">molde de bloque hueco<\/td>\n<\/tr>\n<tr>\n<td style=\"font-family: Arial, sans-serif; font-size: 14px; overflow: hidden; padding: 10px 5px; text-align: left; vertical-align: top; word-break: normal; border: 1px solid black;\">Pedido(MOQ) :<\/td>\n<td style=\"font-family: Arial, sans-serif; font-size: 14px; overflow: hidden; padding: 10px 5px; text-align: left; vertical-align: top; word-break: normal; border: 1px solid black;\">1 juego<\/td>\n<\/tr>\n<tr>\n<td style=\"font-family: Arial, sans-serif; font-size: 14px; overflow: hidden; padding: 10px 5px; text-align: left; vertical-align: top; word-break: normal; border: 1px solid black;\">Pago :<\/td>\n<td style=\"font-family: Arial, sans-serif; font-size: 14px; overflow: hidden; padding: 10px 5px; text-align: left; vertical-align: top; word-break: normal; border: 1px solid black;\">T\/T 50% pago como dep\u00f3sito, el resto se pagar\u00e1 antes de la carga.<\/td>\n<\/tr>\n<tr>\n<td style=\"font-family: Arial, sans-serif; font-size: 14px; overflow: hidden; padding: 10px 5px; text-align: left; vertical-align: top; word-break: normal; border: 1px solid black;\">Origen del producto :<\/td>\n<td style=\"font-family: Arial, sans-serif; font-size: 14px; overflow: hidden; padding: 10px 5px; text-align: left; vertical-align: top; word-break: normal; border: 1px solid black;\">Quanzhou Fujian<\/td>\n<\/tr>\n<tr>\n<td style=\"font-family: Arial, sans-serif; font-size: 14px; overflow: hidden; padding: 10px 5px; text-align: left; vertical-align: top; word-break: normal; border: 1px solid black;\">Color :<\/td>\n<td style=\"font-family: Arial, sans-serif; font-size: 14px; overflow: hidden; padding: 10px 5px; text-align: left; vertical-align: top; word-break: normal; border: 1px solid black;\">as buyer&#8217;s need<\/td>\n<\/tr>\n<tr>\n<td style=\"font-family: Arial, sans-serif; font-size: 14px; overflow: hidden; padding: 10px 5px; text-align: left; vertical-align: top; word-break: normal; border: 1px solid black;\">Puerto de embarque :<\/td>\n<td style=\"font-family: Arial, sans-serif; font-size: 14px; overflow: hidden; padding: 10px 5px; text-align: left; vertical-align: top; word-break: normal; border: 1px solid black;\">Xiamen<\/td>\n<\/tr>\n<tr>\n<td style=\"font-family: Arial, sans-serif; font-size: 14px; overflow: hidden; padding: 10px 5px; text-align: left; vertical-align: top; word-break: normal; border: 1px solid black;\">Plazo de entrega :<\/td>\n<td style=\"font-family: Arial, sans-serif; font-size: 14px; overflow: hidden; padding: 10px 5px; text-align: left; vertical-align: top; word-break: normal; border: 1px solid black;\">25-35 d\u00edas laborables<\/td>\n<\/tr>\n<tr>\n<td style=\"font-family: Arial, sans-serif; font-size: 14px; overflow: hidden; padding: 10px 5px; text-align: left; vertical-align: top; word-break: normal; border: 1px solid black;\">Peso :<\/td>\n<td style=\"font-family: Arial, sans-serif; font-size: 14px; overflow: hidden; padding: 10px 5px; text-align: left; vertical-align: top; word-break: normal; border: 1px solid black;\">500-2500 KGS<\/td>\n<\/tr>\n<\/tbody>\n<\/table>","protected":false},"featured_media":8093,"template":"","meta":[],"product_brand":[],"product_cat":[758,759],"product_tag":[],"class_list":{"0":"post-8092","1":"product","2":"type-product","3":"status-publish","4":"has-post-thumbnail","6":"product_cat-block-moulds","7":"product_cat-hollow-block-mould","9":"first","10":"instock","11":"shipping-taxable","12":"product-type-simple"},"yoast_head":"<!-- This site is optimized with the Yoast SEO plugin v24.4 - https:\/\/yoast.com\/wordpress\/plugins\/seo\/ -->\n<title>High-Quality Concrete Block &amp; Brick Molds Supplier \u2013 Kimberly Machinery<\/title>\n<meta name=\"description\" content=\"Durable steel molds for interlocking paving stones, hollow blocks, slabs, and curbstones. Heat-treated 60\u201365 HRC, compatible with Masa, Hess, Zenith.\" \/>\n<meta name=\"robots\" content=\"index, follow, max-snippet:-1, max-image-preview:large, max-video-preview:-1\" \/>\n<link rel=\"canonical\" href=\"https:\/\/www.kblmachinery.com\/es\/hollow-block-mold-die-casting-steel\/\" \/>\n<meta property=\"og:locale\" content=\"es_ES\" \/>\n<meta property=\"og:type\" content=\"article\" \/>\n<meta property=\"og:title\" content=\"High-Quality Concrete Block &amp; Brick Molds Supplier \u2013 Kimberly Machinery\" \/>\n<meta property=\"og:description\" content=\"Durable steel molds for interlocking paving stones, hollow blocks, slabs, and curbstones. Heat-treated 60\u201365 HRC, compatible with Masa, Hess, Zenith.\" \/>\n<meta property=\"og:url\" content=\"https:\/\/www.kblmachinery.com\/es\/hollow-block-mold-die-casting-steel\/\" \/>\n<meta property=\"og:site_name\" content=\"Kimberly Machinery\" \/>\n<meta property=\"article:publisher\" content=\"https:\/\/www.facebook.com\/KimberlyMachinery\" \/>\n<meta property=\"article:modified_time\" content=\"2025-11-28T07:50:14+00:00\" \/>\n<meta property=\"og:image\" content=\"https:\/\/www.kblmachinery.com\/wp-content\/uploads\/2025\/11\/High-End-Hollow-Brick-Block-Ceiling-Paving-Stone-Interlock-Rain-Gutter-Slab-And-Special-Molds-for-MASS-HESS-TIGER-ZENITH-ETC.webp\" \/>\n\t<meta property=\"og:image:width\" content=\"805\" \/>\n\t<meta property=\"og:image:height\" content=\"805\" \/>\n\t<meta property=\"og:image:type\" content=\"image\/webp\" \/>\n<meta name=\"twitter:card\" content=\"summary_large_image\" \/>\n<meta name=\"twitter:label1\" content=\"Tiempo de lectura\" \/>\n\t<meta name=\"twitter:data1\" content=\"2 minutos\" \/>\n<script type=\"application\/ld+json\" class=\"yoast-schema-graph\">{\"@context\":\"https:\/\/schema.org\",\"@graph\":[{\"@type\":\"WebPage\",\"@id\":\"https:\/\/www.kblmachinery.com\/hollow-block-mold-die-casting-steel\/\",\"url\":\"https:\/\/www.kblmachinery.com\/hollow-block-mold-die-casting-steel\/\",\"name\":\"High-Quality Concrete Block & Brick Molds Supplier \u2013 Kimberly Machinery\",\"isPartOf\":{\"@id\":\"https:\/\/www.kblmachinery.com\/#website\"},\"primaryImageOfPage\":{\"@id\":\"https:\/\/www.kblmachinery.com\/hollow-block-mold-die-casting-steel\/#primaryimage\"},\"image\":{\"@id\":\"https:\/\/www.kblmachinery.com\/hollow-block-mold-die-casting-steel\/#primaryimage\"},\"thumbnailUrl\":\"https:\/\/www.kblmachinery.com\/wp-content\/uploads\/2025\/11\/High-End-Hollow-Brick-Block-Ceiling-Paving-Stone-Interlock-Rain-Gutter-Slab-And-Special-Molds-for-MASS-HESS-TIGER-ZENITH-ETC.webp\",\"datePublished\":\"2024-08-17T05:25:00+00:00\",\"dateModified\":\"2025-11-28T07:50:14+00:00\",\"description\":\"Durable steel molds for interlocking paving stones, hollow blocks, slabs, and curbstones. Heat-treated 60\u201365 HRC, compatible with Masa, Hess, Zenith.\",\"breadcrumb\":{\"@id\":\"https:\/\/www.kblmachinery.com\/hollow-block-mold-die-casting-steel\/#breadcrumb\"},\"inLanguage\":\"es\",\"potentialAction\":[{\"@type\":\"ReadAction\",\"target\":[\"https:\/\/www.kblmachinery.com\/hollow-block-mold-die-casting-steel\/\"]}]},{\"@type\":\"ImageObject\",\"inLanguage\":\"es\",\"@id\":\"https:\/\/www.kblmachinery.com\/hollow-block-mold-die-casting-steel\/#primaryimage\",\"url\":\"https:\/\/www.kblmachinery.com\/wp-content\/uploads\/2025\/11\/High-End-Hollow-Brick-Block-Ceiling-Paving-Stone-Interlock-Rain-Gutter-Slab-And-Special-Molds-for-MASS-HESS-TIGER-ZENITH-ETC.webp\",\"contentUrl\":\"https:\/\/www.kblmachinery.com\/wp-content\/uploads\/2025\/11\/High-End-Hollow-Brick-Block-Ceiling-Paving-Stone-Interlock-Rain-Gutter-Slab-And-Special-Molds-for-MASS-HESS-TIGER-ZENITH-ETC.webp\",\"width\":805,\"height\":805,\"caption\":\"hollow block mould design\"},{\"@type\":\"BreadcrumbList\",\"@id\":\"https:\/\/www.kblmachinery.com\/hollow-block-mold-die-casting-steel\/#breadcrumb\",\"itemListElement\":[{\"@type\":\"ListItem\",\"position\":1,\"name\":\"Home\",\"item\":\"https:\/\/www.kblmachinery.com\/\"},{\"@type\":\"ListItem\",\"position\":2,\"name\":\"High-End Hollow Brick Block Ceiling Paving Stone Interlock Rain-Gutter Slab And Special Molds for MASS HESS TIGER ZENITH ETC\"}]},{\"@type\":\"WebSite\",\"@id\":\"https:\/\/www.kblmachinery.com\/#website\",\"url\":\"https:\/\/www.kblmachinery.com\/\",\"name\":\"Professional Brick\/Block Making Machine in China\",\"description\":\"Block Machine Manufacturer - Kimberly Machinery\",\"publisher\":{\"@id\":\"https:\/\/www.kblmachinery.com\/#organization\"},\"potentialAction\":[{\"@type\":\"SearchAction\",\"target\":{\"@type\":\"EntryPoint\",\"urlTemplate\":\"https:\/\/www.kblmachinery.com\/?s={search_term_string}\"},\"query-input\":{\"@type\":\"PropertyValueSpecification\",\"valueRequired\":true,\"valueName\":\"search_term_string\"}}],\"inLanguage\":\"es\"},{\"@type\":\"Organization\",\"@id\":\"https:\/\/www.kblmachinery.com\/#organization\",\"name\":\"Quanzhou Kimberly Machinery Manufacturing Co. Ltd\",\"url\":\"https:\/\/www.kblmachinery.com\/\",\"logo\":{\"@type\":\"ImageObject\",\"inLanguage\":\"es\",\"@id\":\"https:\/\/www.kblmachinery.com\/#\/schema\/logo\/image\/\",\"url\":\"https:\/\/www.kblmachinery.com\/wp-content\/uploads\/2025\/11\/cropped-logo-1-1.png\",\"contentUrl\":\"https:\/\/www.kblmachinery.com\/wp-content\/uploads\/2025\/11\/cropped-logo-1-1.png\",\"width\":123,\"height\":136,\"caption\":\"Quanzhou Kimberly Machinery Manufacturing Co. Ltd\"},\"image\":{\"@id\":\"https:\/\/www.kblmachinery.com\/#\/schema\/logo\/image\/\"},\"sameAs\":[\"https:\/\/www.facebook.com\/KimberlyMachinery\"]}]}<\/script>\n<!-- \/ Yoast SEO plugin. -->","yoast_head_json":{"title":"High-Quality Concrete Block & Brick Molds Supplier \u2013 Kimberly Machinery","description":"Durable steel molds for interlocking paving stones, hollow blocks, slabs, and curbstones. Heat-treated 60\u201365 HRC, compatible with Masa, Hess, Zenith.","robots":{"index":"index","follow":"follow","max-snippet":"max-snippet:-1","max-image-preview":"max-image-preview:large","max-video-preview":"max-video-preview:-1"},"canonical":"https:\/\/www.kblmachinery.com\/es\/hollow-block-mold-die-casting-steel\/","og_locale":"es_ES","og_type":"article","og_title":"High-Quality Concrete Block & Brick Molds Supplier \u2013 Kimberly Machinery","og_description":"Durable steel molds for interlocking paving stones, hollow blocks, slabs, and curbstones. Heat-treated 60\u201365 HRC, compatible with Masa, Hess, Zenith.","og_url":"https:\/\/www.kblmachinery.com\/es\/hollow-block-mold-die-casting-steel\/","og_site_name":"Kimberly Machinery","article_publisher":"https:\/\/www.facebook.com\/KimberlyMachinery","article_modified_time":"2025-11-28T07:50:14+00:00","og_image":[{"width":805,"height":805,"url":"https:\/\/www.kblmachinery.com\/wp-content\/uploads\/2025\/11\/High-End-Hollow-Brick-Block-Ceiling-Paving-Stone-Interlock-Rain-Gutter-Slab-And-Special-Molds-for-MASS-HESS-TIGER-ZENITH-ETC.webp","type":"image\/webp"}],"twitter_card":"summary_large_image","twitter_misc":{"Tiempo de lectura":"2 minutos"},"schema":{"@context":"https:\/\/schema.org","@graph":[{"@type":"WebPage","@id":"https:\/\/www.kblmachinery.com\/hollow-block-mold-die-casting-steel\/","url":"https:\/\/www.kblmachinery.com\/hollow-block-mold-die-casting-steel\/","name":"High-Quality Concrete Block & Brick Molds Supplier \u2013 Kimberly Machinery","isPartOf":{"@id":"https:\/\/www.kblmachinery.com\/#website"},"primaryImageOfPage":{"@id":"https:\/\/www.kblmachinery.com\/hollow-block-mold-die-casting-steel\/#primaryimage"},"image":{"@id":"https:\/\/www.kblmachinery.com\/hollow-block-mold-die-casting-steel\/#primaryimage"},"thumbnailUrl":"https:\/\/www.kblmachinery.com\/wp-content\/uploads\/2025\/11\/High-End-Hollow-Brick-Block-Ceiling-Paving-Stone-Interlock-Rain-Gutter-Slab-And-Special-Molds-for-MASS-HESS-TIGER-ZENITH-ETC.webp","datePublished":"2024-08-17T05:25:00+00:00","dateModified":"2025-11-28T07:50:14+00:00","description":"Durable steel molds for interlocking paving stones, hollow blocks, slabs, and curbstones. Heat-treated 60\u201365 HRC, compatible with Masa, Hess, Zenith.","breadcrumb":{"@id":"https:\/\/www.kblmachinery.com\/hollow-block-mold-die-casting-steel\/#breadcrumb"},"inLanguage":"es","potentialAction":[{"@type":"ReadAction","target":["https:\/\/www.kblmachinery.com\/hollow-block-mold-die-casting-steel\/"]}]},{"@type":"ImageObject","inLanguage":"es","@id":"https:\/\/www.kblmachinery.com\/hollow-block-mold-die-casting-steel\/#primaryimage","url":"https:\/\/www.kblmachinery.com\/wp-content\/uploads\/2025\/11\/High-End-Hollow-Brick-Block-Ceiling-Paving-Stone-Interlock-Rain-Gutter-Slab-And-Special-Molds-for-MASS-HESS-TIGER-ZENITH-ETC.webp","contentUrl":"https:\/\/www.kblmachinery.com\/wp-content\/uploads\/2025\/11\/High-End-Hollow-Brick-Block-Ceiling-Paving-Stone-Interlock-Rain-Gutter-Slab-And-Special-Molds-for-MASS-HESS-TIGER-ZENITH-ETC.webp","width":805,"height":805,"caption":"hollow block mould design"},{"@type":"BreadcrumbList","@id":"https:\/\/www.kblmachinery.com\/hollow-block-mold-die-casting-steel\/#breadcrumb","itemListElement":[{"@type":"ListItem","position":1,"name":"Home","item":"https:\/\/www.kblmachinery.com\/"},{"@type":"ListItem","position":2,"name":"High-End Hollow Brick Block Ceiling Paving Stone Interlock Rain-Gutter Slab And Special Molds for MASS HESS TIGER ZENITH ETC"}]},{"@type":"WebSite","@id":"https:\/\/www.kblmachinery.com\/#website","url":"https:\/\/www.kblmachinery.com\/","name":"Professional Brick\/Block Making Machine in China","description":"Block Machine Manufacturer - Kimberly Machinery","publisher":{"@id":"https:\/\/www.kblmachinery.com\/#organization"},"potentialAction":[{"@type":"SearchAction","target":{"@type":"EntryPoint","urlTemplate":"https:\/\/www.kblmachinery.com\/?s={search_term_string}"},"query-input":{"@type":"PropertyValueSpecification","valueRequired":true,"valueName":"search_term_string"}}],"inLanguage":"es"},{"@type":"Organization","@id":"https:\/\/www.kblmachinery.com\/#organization","name":"Quanzhou Kimberly Machinery Manufacturing Co. Ltd","url":"https:\/\/www.kblmachinery.com\/","logo":{"@type":"ImageObject","inLanguage":"es","@id":"https:\/\/www.kblmachinery.com\/#\/schema\/logo\/image\/","url":"https:\/\/www.kblmachinery.com\/wp-content\/uploads\/2025\/11\/cropped-logo-1-1.png","contentUrl":"https:\/\/www.kblmachinery.com\/wp-content\/uploads\/2025\/11\/cropped-logo-1-1.png","width":123,"height":136,"caption":"Quanzhou Kimberly Machinery Manufacturing Co. Ltd"},"image":{"@id":"https:\/\/www.kblmachinery.com\/#\/schema\/logo\/image\/"},"sameAs":["https:\/\/www.facebook.com\/KimberlyMachinery"]}]}},"_links":{"self":[{"href":"https:\/\/www.kblmachinery.com\/es\/wp-json\/wp\/v2\/product\/8092","targetHints":{"allow":["GET"]}}],"collection":[{"href":"https:\/\/www.kblmachinery.com\/es\/wp-json\/wp\/v2\/product"}],"about":[{"href":"https:\/\/www.kblmachinery.com\/es\/wp-json\/wp\/v2\/types\/product"}],"wp:featuredmedia":[{"embeddable":true,"href":"https:\/\/www.kblmachinery.com\/es\/wp-json\/wp\/v2\/media\/8093"}],"wp:attachment":[{"href":"https:\/\/www.kblmachinery.com\/es\/wp-json\/wp\/v2\/media?parent=8092"}],"wp:term":[{"taxonomy":"product_brand","embeddable":true,"href":"https:\/\/www.kblmachinery.com\/es\/wp-json\/wp\/v2\/product_brand?post=8092"},{"taxonomy":"product_cat","embeddable":true,"href":"https:\/\/www.kblmachinery.com\/es\/wp-json\/wp\/v2\/product_cat?post=8092"},{"taxonomy":"product_tag","embeddable":true,"href":"https:\/\/www.kblmachinery.com\/es\/wp-json\/wp\/v2\/product_tag?post=8092"}],"curies":[{"name":"wp","href":"https:\/\/api.w.org\/{rel}","templated":true}]}}