{"id":8097,"date":"2024-08-17T05:20:00","date_gmt":"2024-08-17T05:20:00","guid":{"rendered":"https:\/\/www.kblmachinery.com\/?post_type=product&#038;p=8097"},"modified":"2025-11-28T07:51:11","modified_gmt":"2025-11-28T07:51:11","slug":"customized-special-concrete-block-mold-kerb-stone-mould","status":"publish","type":"product","link":"https:\/\/www.kblmachinery.com\/es\/customized-special-concrete-block-mold-kerb-stone-mould\/","title":{"rendered":"Diferentes tipos de moldes para ladrillos huecos"},"content":{"rendered":"<h2>Hollow Brick Block Moulds Specifications<\/h2>\n<table class=\"tg\" style=\"border-collapse: collapse; border-spacing: 0px; height: 180px;\" width=\"100%\">\n<tbody>\n<tr>\n<td style=\"font-family: Arial, sans-serif; font-size: 14px; overflow: hidden; padding: 10px 5px; text-align: left; vertical-align: top; word-break: normal; border: 1px solid black;\">Nombre<\/td>\n<td style=\"font-family: Arial, sans-serif; font-size: 14px; overflow: hidden; padding: 10px 5px; text-align: left; vertical-align: top; word-break: normal; border: 1px solid black;\">molde de bloque hueco<\/td>\n<td style=\"font-family: Arial, sans-serif; font-size: 14px; overflow: hidden; padding: 10px 5px; text-align: left; vertical-align: top; word-break: normal; border: 1px solid black;\">Tratamiento t\u00e9rmico<\/td>\n<td style=\"font-family: Arial, sans-serif; font-size: 14px; overflow: hidden; padding: 10px 5px; text-align: left; vertical-align: top; word-break: normal; border: 1px solid black;\">Carbonitruraci\u00f3n 900-950<span style=\"color: #555;\">\u00b0<\/span>C<\/td>\n<\/tr>\n<tr>\n<td style=\"font-family: Arial, sans-serif; font-size: 14px; overflow: hidden; padding: 10px 5px; text-align: left; vertical-align: top; word-break: normal; border: 1px solid black;\">materia prima<\/td>\n<td style=\"font-family: Arial, sans-serif; font-size: 14px; overflow: hidden; padding: 10px 5px; text-align: left; vertical-align: top; word-break: normal; border: 1px solid black;\">acero especial resistente al desgaste<\/td>\n<td style=\"font-family: Arial, sans-serif; font-size: 14px; overflow: hidden; padding: 10px 5px; text-align: left; vertical-align: top; word-break: normal; border: 1px solid black;\">Dureza<\/td>\n<td style=\"font-family: Arial, sans-serif; font-size: 14px; overflow: hidden; padding: 10px 5px; text-align: left; vertical-align: top; word-break: normal; border: 1px solid black;\">60-65HRC<\/td>\n<\/tr>\n<tr>\n<td style=\"font-family: Arial, sans-serif; font-size: 14px; overflow: hidden; padding: 10px 5px; text-align: left; vertical-align: top; word-break: normal; border: 1px solid black;\">Tipo de bloque<\/td>\n<td style=\"font-family: Arial, sans-serif; font-size: 14px; overflow: hidden; padding: 10px 5px; text-align: left; vertical-align: top; word-break: normal; border: 1px solid black;\">Bloques huecos, bloques entrelazados, adoquines y bordillos, todos personalizables<\/td>\n<td style=\"font-family: Arial, sans-serif; font-size: 14px; overflow: hidden; padding: 10px 5px; text-align: left; vertical-align: top; word-break: normal; border: 1px solid black;\">C\u00f3digo SA<\/td>\n<td style=\"font-family: Arial, sans-serif; font-size: 14px; overflow: hidden; padding: 10px 5px; text-align: left; vertical-align: top; word-break: normal; border: 1px solid black;\">848060<\/td>\n<\/tr>\n<tr>\n<td style=\"font-family: Arial, sans-serif; font-size: 14px; overflow: hidden; padding: 10px 5px; text-align: left; vertical-align: top; word-break: normal; border: 1px solid black;\">vida \u00fatil<\/td>\n<td style=\"font-family: Arial, sans-serif; font-size: 14px; overflow: hidden; padding: 10px 5px; text-align: left; vertical-align: top; word-break: normal; border: 1px solid black;\">100000-120000 veces<\/td>\n<td style=\"font-family: Arial, sans-serif; font-size: 14px; overflow: hidden; padding: 10px 5px; text-align: left; vertical-align: top; word-break: normal; border: 1px solid black;\">Embalaje<\/td>\n<td style=\"font-family: Arial, sans-serif; font-size: 14px; overflow: hidden; padding: 10px 5px; text-align: left; vertical-align: top; word-break: normal; border: 1px solid black;\">Madera + film pl\u00e1stico<\/td>\n<\/tr>\n<\/tbody>\n<\/table>\n<h2>Proceso de fabricaci\u00f3n mostrado<\/h2>\n<p><img loading=\"lazy\" decoding=\"async\" class=\"alignnone size-full wp-image-8239\" src=\"https:\/\/www.kblmachinery.com\/wp-content\/uploads\/2025\/11\/Diamond-Square-and-L-shapes-interlocking-concrete-brick-block-mould-31.webp\" alt=\"Diamond Square And L Shapes Interlocking Concrete Brick Block Mould\" width=\"640\" height=\"726\" srcset=\"https:\/\/www.kblmachinery.com\/wp-content\/uploads\/2025\/11\/Diamond-Square-and-L-shapes-interlocking-concrete-brick-block-mould-31.webp 640w, https:\/\/www.kblmachinery.com\/wp-content\/uploads\/2025\/11\/Diamond-Square-and-L-shapes-interlocking-concrete-brick-block-mould-31-600x681.webp 600w\" sizes=\"auto, (max-width: 640px) 100vw, 640px\" \/><\/p>\n<h2>PREGUNTAS FRECUENTES:<\/h2>\n<h3>\u00bfC\u00f3mo puedo obtener un presupuesto?<\/h3>\n<ul>\n<li>Send us your detailed block drawings, and we&#8217;ll check them to provide a quote accordingly.<\/li>\n<li>Sin dibujos, inf\u00f3rmenos del tipo de bloque que necesita, como hueco o macizo. Env\u00edenos tambi\u00e9n una foto, especificando su tama\u00f1o en longitud, anchura y grosor en mm.<\/li>\n<li>\u00bfCu\u00e1les son las dimensiones de sus pal\u00e9s?<\/li>\n<li>Indique el tama\u00f1o del cabezal del pis\u00f3n y la altura del molde de plum\u00f3n.<\/li>\n<li>D\u00edganos c\u00f3mo se conecta su molde a su m\u00e1quina. Ser\u00eda \u00fatil que nos facilitara los planos de conexi\u00f3n.<\/li>\n<\/ul>\n<p>Once we have your details, we&#8217;ll prepare your quote quickly.<\/p>\n<h3>\u00bfY el plazo de entrega?<\/h3>\n<p>For standard molds, expect 20-25 workdays after receiving your deposit, and for high-end molds, it&#8217;s 30-40 workdays.<\/p>\n<h3>\u00bfC\u00f3mo se embala el transporte?<\/h3>\n<p>Utilizamos cajas de madera con film de pl\u00e1stico, o podemos personalizarlas seg\u00fan sus necesidades.<\/p>\n<h3>\u00bfSe adaptar\u00e1 el nuevo molde a mi m\u00e1quina?<\/h3>\n<p>We&#8217;ve made molds for various brands, possibly compatible with yours. You can either measure it yourself or let us do it through photos. This ensures a perfect fit without issues.<\/p>\n<h3>\u00bfCu\u00e1les son las condiciones de pago?<\/h3>\n<p>Para proceder, requerimos un anticipo de 50% v\u00eda T\/T, y el saldo debe pagarse antes del env\u00edo.<\/p>\n<h3>\u00bfC\u00f3mo puedo ponerme en contacto con usted?<\/h3>\n<p>P\u00f3ngase en contacto con nosotros a trav\u00e9s de WeChat\/WhatsApp: +86-1330506196 o +86-18960287187. Muchas gracias.<\/p>\n<p><iframe loading=\"lazy\" title=\"V\u00eddeo de funcionamiento del bloque ICF\" src=\"https:\/\/www.youtube.com\/embed\/czhs2wYoLZg\" width=\"556\" height=\"310\" frameborder=\"0\" allowfullscreen=\"allowfullscreen\"><\/iframe><\/p>","protected":false},"excerpt":{"rendered":"<p>Hollow blocks are key building materials for construction. Their sizes and types vary based on wall specifications and usage. We customize all molds to meet the buyer\u2019s local market needs.<\/p>\n<p>&nbsp;<\/p>\n<table class=\"tg\" style=\"border-collapse: collapse; border-spacing: 0px; height: 267px;\" width=\"100%\">\n<tbody>\n<tr>\n<td style=\"font-family: Arial, sans-serif; font-size: 14px; overflow: hidden; padding: 10px 5px; text-align: left; vertical-align: top; word-break: normal; border: 1px solid black;\">Pedido(MOQ) :<\/td>\n<td style=\"font-family: Arial, sans-serif; font-size: 14px; overflow: hidden; padding: 10px 5px; text-align: left; vertical-align: top; word-break: normal; border: 1px solid black;\">1 juego<\/td>\n<\/tr>\n<tr>\n<td style=\"font-family: Arial, sans-serif; font-size: 14px; overflow: hidden; padding: 10px 5px; text-align: left; vertical-align: top; word-break: normal; border: 1px solid black;\">Pago :<\/td>\n<td style=\"font-family: Arial, sans-serif; font-size: 14px; overflow: hidden; padding: 10px 5px; text-align: left; vertical-align: top; word-break: normal; border: 1px solid black;\">Pago T\/T 100% antes del env\u00edo o 100% mediante carta de cr\u00e9dito irrevocable y confirmada a la vista.<\/td>\n<\/tr>\n<tr>\n<td style=\"font-family: Arial, sans-serif; font-size: 14px; overflow: hidden; padding: 10px 5px; text-align: left; vertical-align: top; word-break: normal; border: 1px solid black;\">Origen del producto :<\/td>\n<td style=\"font-family: Arial, sans-serif; font-size: 14px; overflow: hidden; padding: 10px 5px; text-align: left; vertical-align: top; word-break: normal; border: 1px solid black;\">Quanzhou Fujian<\/td>\n<\/tr>\n<tr>\n<td style=\"font-family: Arial, sans-serif; font-size: 14px; overflow: hidden; padding: 10px 5px; text-align: left; vertical-align: top; word-break: normal; border: 1px solid black;\">Color :<\/td>\n<td style=\"font-family: Arial, sans-serif; font-size: 14px; overflow: hidden; padding: 10px 5px; text-align: left; vertical-align: top; word-break: normal; border: 1px solid black;\">personalizar seg\u00fan la demanda<\/td>\n<\/tr>\n<tr>\n<td style=\"font-family: Arial, sans-serif; font-size: 14px; overflow: hidden; padding: 10px 5px; text-align: left; vertical-align: top; word-break: normal; border: 1px solid black;\">Puerto de embarque :<\/td>\n<td style=\"font-family: Arial, sans-serif; font-size: 14px; overflow: hidden; padding: 10px 5px; text-align: left; vertical-align: top; word-break: normal; border: 1px solid black;\">Xiamen<\/td>\n<\/tr>\n<tr>\n<td style=\"font-family: Arial, sans-serif; font-size: 14px; overflow: hidden; padding: 10px 5px; text-align: left; vertical-align: top; word-break: normal; border: 1px solid black;\">Plazo de entrega :<\/td>\n<td style=\"font-family: Arial, sans-serif; font-size: 14px; overflow: hidden; padding: 10px 5px; text-align: left; vertical-align: top; word-break: normal; border: 1px solid black;\">20-25 d\u00edas<\/td>\n<\/tr>\n<\/tbody>\n<\/table>","protected":false},"featured_media":8098,"template":"","meta":[],"product_brand":[],"product_cat":[758,759],"product_tag":[],"class_list":{"0":"post-8097","1":"product","2":"type-product","3":"status-publish","4":"has-post-thumbnail","6":"product_cat-block-moulds","7":"product_cat-hollow-block-mould","9":"first","10":"instock","11":"shipping-taxable","12":"product-type-simple"},"yoast_head":"<!-- This site is optimized with the Yoast SEO plugin v24.4 - https:\/\/yoast.com\/wordpress\/plugins\/seo\/ -->\n<title>Custom Concrete &amp; Kerb Stone Moulds Supplier | Kimberly Machinery<\/title>\n<meta name=\"description\" content=\"Customized concrete block and kerb\u2011stone moulds \u2014 durable, precise, and ideal for block machines. High\u2011quality molds tailored to your specifications.\" \/>\n<meta name=\"robots\" content=\"index, follow, max-snippet:-1, max-image-preview:large, max-video-preview:-1\" \/>\n<link rel=\"canonical\" href=\"https:\/\/www.kblmachinery.com\/es\/customized-special-concrete-block-mold-kerb-stone-mould\/\" \/>\n<meta property=\"og:locale\" content=\"es_ES\" \/>\n<meta property=\"og:type\" content=\"article\" \/>\n<meta property=\"og:title\" content=\"Custom Concrete &amp; Kerb Stone Moulds Supplier | Kimberly Machinery\" \/>\n<meta property=\"og:description\" content=\"Customized concrete block and kerb\u2011stone moulds \u2014 durable, precise, and ideal for block machines. High\u2011quality molds tailored to your specifications.\" \/>\n<meta property=\"og:url\" content=\"https:\/\/www.kblmachinery.com\/es\/customized-special-concrete-block-mold-kerb-stone-mould\/\" \/>\n<meta property=\"og:site_name\" content=\"Kimberly Machinery\" \/>\n<meta property=\"article:publisher\" content=\"https:\/\/www.facebook.com\/KimberlyMachinery\" \/>\n<meta property=\"article:modified_time\" content=\"2025-11-28T07:51:11+00:00\" \/>\n<meta property=\"og:image\" content=\"https:\/\/www.kblmachinery.com\/wp-content\/uploads\/2025\/11\/Different-Types-of-Hollow-Brick-Block-Moulds.webp\" \/>\n\t<meta property=\"og:image:width\" content=\"800\" \/>\n\t<meta property=\"og:image:height\" content=\"800\" \/>\n\t<meta property=\"og:image:type\" content=\"image\/webp\" \/>\n<meta name=\"twitter:card\" content=\"summary_large_image\" \/>\n<meta name=\"twitter:label1\" content=\"Tiempo de lectura\" \/>\n\t<meta name=\"twitter:data1\" content=\"2 minutos\" \/>\n<script type=\"application\/ld+json\" class=\"yoast-schema-graph\">{\"@context\":\"https:\/\/schema.org\",\"@graph\":[{\"@type\":\"WebPage\",\"@id\":\"https:\/\/www.kblmachinery.com\/customized-special-concrete-block-mold-kerb-stone-mould\/\",\"url\":\"https:\/\/www.kblmachinery.com\/customized-special-concrete-block-mold-kerb-stone-mould\/\",\"name\":\"Custom Concrete & Kerb Stone Moulds Supplier | Kimberly Machinery\",\"isPartOf\":{\"@id\":\"https:\/\/www.kblmachinery.com\/#website\"},\"primaryImageOfPage\":{\"@id\":\"https:\/\/www.kblmachinery.com\/customized-special-concrete-block-mold-kerb-stone-mould\/#primaryimage\"},\"image\":{\"@id\":\"https:\/\/www.kblmachinery.com\/customized-special-concrete-block-mold-kerb-stone-mould\/#primaryimage\"},\"thumbnailUrl\":\"https:\/\/www.kblmachinery.com\/wp-content\/uploads\/2025\/11\/Different-Types-of-Hollow-Brick-Block-Moulds.webp\",\"datePublished\":\"2024-08-17T05:20:00+00:00\",\"dateModified\":\"2025-11-28T07:51:11+00:00\",\"description\":\"Customized concrete block and kerb\u2011stone moulds \u2014 durable, precise, and ideal for block machines. High\u2011quality molds tailored to your specifications.\",\"breadcrumb\":{\"@id\":\"https:\/\/www.kblmachinery.com\/customized-special-concrete-block-mold-kerb-stone-mould\/#breadcrumb\"},\"inLanguage\":\"es\",\"potentialAction\":[{\"@type\":\"ReadAction\",\"target\":[\"https:\/\/www.kblmachinery.com\/customized-special-concrete-block-mold-kerb-stone-mould\/\"]}]},{\"@type\":\"ImageObject\",\"inLanguage\":\"es\",\"@id\":\"https:\/\/www.kblmachinery.com\/customized-special-concrete-block-mold-kerb-stone-mould\/#primaryimage\",\"url\":\"https:\/\/www.kblmachinery.com\/wp-content\/uploads\/2025\/11\/Different-Types-of-Hollow-Brick-Block-Moulds.webp\",\"contentUrl\":\"https:\/\/www.kblmachinery.com\/wp-content\/uploads\/2025\/11\/Different-Types-of-Hollow-Brick-Block-Moulds.webp\",\"width\":800,\"height\":800,\"caption\":\"hollow block mould design\"},{\"@type\":\"BreadcrumbList\",\"@id\":\"https:\/\/www.kblmachinery.com\/customized-special-concrete-block-mold-kerb-stone-mould\/#breadcrumb\",\"itemListElement\":[{\"@type\":\"ListItem\",\"position\":1,\"name\":\"Home\",\"item\":\"https:\/\/www.kblmachinery.com\/\"},{\"@type\":\"ListItem\",\"position\":2,\"name\":\"Different Types of Hollow Brick Block Moulds\"}]},{\"@type\":\"WebSite\",\"@id\":\"https:\/\/www.kblmachinery.com\/#website\",\"url\":\"https:\/\/www.kblmachinery.com\/\",\"name\":\"Professional Brick\/Block Making Machine in China\",\"description\":\"Block Machine Manufacturer - Kimberly Machinery\",\"publisher\":{\"@id\":\"https:\/\/www.kblmachinery.com\/#organization\"},\"potentialAction\":[{\"@type\":\"SearchAction\",\"target\":{\"@type\":\"EntryPoint\",\"urlTemplate\":\"https:\/\/www.kblmachinery.com\/?s={search_term_string}\"},\"query-input\":{\"@type\":\"PropertyValueSpecification\",\"valueRequired\":true,\"valueName\":\"search_term_string\"}}],\"inLanguage\":\"es\"},{\"@type\":\"Organization\",\"@id\":\"https:\/\/www.kblmachinery.com\/#organization\",\"name\":\"Quanzhou Kimberly Machinery Manufacturing Co. Ltd\",\"url\":\"https:\/\/www.kblmachinery.com\/\",\"logo\":{\"@type\":\"ImageObject\",\"inLanguage\":\"es\",\"@id\":\"https:\/\/www.kblmachinery.com\/#\/schema\/logo\/image\/\",\"url\":\"https:\/\/www.kblmachinery.com\/wp-content\/uploads\/2025\/11\/cropped-logo-1-1.png\",\"contentUrl\":\"https:\/\/www.kblmachinery.com\/wp-content\/uploads\/2025\/11\/cropped-logo-1-1.png\",\"width\":123,\"height\":136,\"caption\":\"Quanzhou Kimberly Machinery Manufacturing Co. Ltd\"},\"image\":{\"@id\":\"https:\/\/www.kblmachinery.com\/#\/schema\/logo\/image\/\"},\"sameAs\":[\"https:\/\/www.facebook.com\/KimberlyMachinery\"]}]}<\/script>\n<!-- \/ Yoast SEO plugin. -->","yoast_head_json":{"title":"Custom Concrete & Kerb Stone Moulds Supplier | Kimberly Machinery","description":"Customized concrete block and kerb\u2011stone moulds \u2014 durable, precise, and ideal for block machines. High\u2011quality molds tailored to your specifications.","robots":{"index":"index","follow":"follow","max-snippet":"max-snippet:-1","max-image-preview":"max-image-preview:large","max-video-preview":"max-video-preview:-1"},"canonical":"https:\/\/www.kblmachinery.com\/es\/customized-special-concrete-block-mold-kerb-stone-mould\/","og_locale":"es_ES","og_type":"article","og_title":"Custom Concrete & Kerb Stone Moulds Supplier | Kimberly Machinery","og_description":"Customized concrete block and kerb\u2011stone moulds \u2014 durable, precise, and ideal for block machines. High\u2011quality molds tailored to your specifications.","og_url":"https:\/\/www.kblmachinery.com\/es\/customized-special-concrete-block-mold-kerb-stone-mould\/","og_site_name":"Kimberly Machinery","article_publisher":"https:\/\/www.facebook.com\/KimberlyMachinery","article_modified_time":"2025-11-28T07:51:11+00:00","og_image":[{"width":800,"height":800,"url":"https:\/\/www.kblmachinery.com\/wp-content\/uploads\/2025\/11\/Different-Types-of-Hollow-Brick-Block-Moulds.webp","type":"image\/webp"}],"twitter_card":"summary_large_image","twitter_misc":{"Tiempo de lectura":"2 minutos"},"schema":{"@context":"https:\/\/schema.org","@graph":[{"@type":"WebPage","@id":"https:\/\/www.kblmachinery.com\/customized-special-concrete-block-mold-kerb-stone-mould\/","url":"https:\/\/www.kblmachinery.com\/customized-special-concrete-block-mold-kerb-stone-mould\/","name":"Custom Concrete & Kerb Stone Moulds Supplier | Kimberly Machinery","isPartOf":{"@id":"https:\/\/www.kblmachinery.com\/#website"},"primaryImageOfPage":{"@id":"https:\/\/www.kblmachinery.com\/customized-special-concrete-block-mold-kerb-stone-mould\/#primaryimage"},"image":{"@id":"https:\/\/www.kblmachinery.com\/customized-special-concrete-block-mold-kerb-stone-mould\/#primaryimage"},"thumbnailUrl":"https:\/\/www.kblmachinery.com\/wp-content\/uploads\/2025\/11\/Different-Types-of-Hollow-Brick-Block-Moulds.webp","datePublished":"2024-08-17T05:20:00+00:00","dateModified":"2025-11-28T07:51:11+00:00","description":"Customized concrete block and kerb\u2011stone moulds \u2014 durable, precise, and ideal for block machines. High\u2011quality molds tailored to your specifications.","breadcrumb":{"@id":"https:\/\/www.kblmachinery.com\/customized-special-concrete-block-mold-kerb-stone-mould\/#breadcrumb"},"inLanguage":"es","potentialAction":[{"@type":"ReadAction","target":["https:\/\/www.kblmachinery.com\/customized-special-concrete-block-mold-kerb-stone-mould\/"]}]},{"@type":"ImageObject","inLanguage":"es","@id":"https:\/\/www.kblmachinery.com\/customized-special-concrete-block-mold-kerb-stone-mould\/#primaryimage","url":"https:\/\/www.kblmachinery.com\/wp-content\/uploads\/2025\/11\/Different-Types-of-Hollow-Brick-Block-Moulds.webp","contentUrl":"https:\/\/www.kblmachinery.com\/wp-content\/uploads\/2025\/11\/Different-Types-of-Hollow-Brick-Block-Moulds.webp","width":800,"height":800,"caption":"hollow block mould design"},{"@type":"BreadcrumbList","@id":"https:\/\/www.kblmachinery.com\/customized-special-concrete-block-mold-kerb-stone-mould\/#breadcrumb","itemListElement":[{"@type":"ListItem","position":1,"name":"Home","item":"https:\/\/www.kblmachinery.com\/"},{"@type":"ListItem","position":2,"name":"Different Types of Hollow Brick Block Moulds"}]},{"@type":"WebSite","@id":"https:\/\/www.kblmachinery.com\/#website","url":"https:\/\/www.kblmachinery.com\/","name":"Professional Brick\/Block Making Machine in China","description":"Block Machine Manufacturer - Kimberly Machinery","publisher":{"@id":"https:\/\/www.kblmachinery.com\/#organization"},"potentialAction":[{"@type":"SearchAction","target":{"@type":"EntryPoint","urlTemplate":"https:\/\/www.kblmachinery.com\/?s={search_term_string}"},"query-input":{"@type":"PropertyValueSpecification","valueRequired":true,"valueName":"search_term_string"}}],"inLanguage":"es"},{"@type":"Organization","@id":"https:\/\/www.kblmachinery.com\/#organization","name":"Quanzhou Kimberly Machinery Manufacturing Co. Ltd","url":"https:\/\/www.kblmachinery.com\/","logo":{"@type":"ImageObject","inLanguage":"es","@id":"https:\/\/www.kblmachinery.com\/#\/schema\/logo\/image\/","url":"https:\/\/www.kblmachinery.com\/wp-content\/uploads\/2025\/11\/cropped-logo-1-1.png","contentUrl":"https:\/\/www.kblmachinery.com\/wp-content\/uploads\/2025\/11\/cropped-logo-1-1.png","width":123,"height":136,"caption":"Quanzhou Kimberly Machinery Manufacturing Co. Ltd"},"image":{"@id":"https:\/\/www.kblmachinery.com\/#\/schema\/logo\/image\/"},"sameAs":["https:\/\/www.facebook.com\/KimberlyMachinery"]}]}},"_links":{"self":[{"href":"https:\/\/www.kblmachinery.com\/es\/wp-json\/wp\/v2\/product\/8097","targetHints":{"allow":["GET"]}}],"collection":[{"href":"https:\/\/www.kblmachinery.com\/es\/wp-json\/wp\/v2\/product"}],"about":[{"href":"https:\/\/www.kblmachinery.com\/es\/wp-json\/wp\/v2\/types\/product"}],"wp:featuredmedia":[{"embeddable":true,"href":"https:\/\/www.kblmachinery.com\/es\/wp-json\/wp\/v2\/media\/8098"}],"wp:attachment":[{"href":"https:\/\/www.kblmachinery.com\/es\/wp-json\/wp\/v2\/media?parent=8097"}],"wp:term":[{"taxonomy":"product_brand","embeddable":true,"href":"https:\/\/www.kblmachinery.com\/es\/wp-json\/wp\/v2\/product_brand?post=8097"},{"taxonomy":"product_cat","embeddable":true,"href":"https:\/\/www.kblmachinery.com\/es\/wp-json\/wp\/v2\/product_cat?post=8097"},{"taxonomy":"product_tag","embeddable":true,"href":"https:\/\/www.kblmachinery.com\/es\/wp-json\/wp\/v2\/product_tag?post=8097"}],"curies":[{"name":"wp","href":"https:\/\/api.w.org\/{rel}","templated":true}]}}