{"id":8102,"date":"2024-08-17T05:10:00","date_gmt":"2024-08-17T05:10:00","guid":{"rendered":"https:\/\/www.kblmachinery.com\/?post_type=product&#038;p=8102"},"modified":"2025-11-28T07:52:00","modified_gmt":"2025-11-28T07:52:00","slug":"solid-brick-mold-hollow-block-mould-for-brick-making-machine-like-masa-hess-tiger","status":"publish","type":"product","link":"https:\/\/www.kblmachinery.com\/es\/solid-brick-mold-hollow-block-mould-for-brick-making-machine-like-masa-hess-tiger\/","title":{"rendered":"Ladrillo macizo molde Bloque hueco molde para ladrillo que hace la m\u00e1quina como MASA HESS TIGER"},"content":{"rendered":"<h2>Moldes de bloques macizos y huecos para MASA HESS TIGER<\/h2>\n<table class=\"tg\" style=\"border-collapse: collapse; border-spacing: 0px; height: 170px;\" width=\"100%\">\n<tbody>\n<tr>\n<td style=\"font-family: Arial, sans-serif; font-size: 14px; overflow: hidden; padding: 10px 5px; text-align: left; vertical-align: top; word-break: normal; border: 1px solid black;\">Nombre<\/td>\n<td style=\"font-family: Arial, sans-serif; font-size: 14px; overflow: hidden; padding: 10px 5px; text-align: left; vertical-align: top; word-break: normal; border: 1px solid black;\">molde de bloque hueco<\/td>\n<td style=\"font-family: Arial, sans-serif; font-size: 14px; overflow: hidden; padding: 10px 5px; text-align: left; vertical-align: top; word-break: normal; border: 1px solid black;\">Tratamiento t\u00e9rmico<\/td>\n<td style=\"font-family: Arial, sans-serif; font-size: 14px; overflow: hidden; padding: 10px 5px; text-align: left; vertical-align: top; word-break: normal; border: 1px solid black;\">Carbonitruraci\u00f3n 900-950<span style=\"color: #555;\">\u00b0<\/span>C<\/td>\n<\/tr>\n<tr>\n<td style=\"font-family: Arial, sans-serif; font-size: 14px; overflow: hidden; padding: 10px 5px; text-align: left; vertical-align: top; word-break: normal; border: 1px solid black;\">materia prima<\/td>\n<td style=\"font-family: Arial, sans-serif; font-size: 14px; overflow: hidden; padding: 10px 5px; text-align: left; vertical-align: top; word-break: normal; border: 1px solid black;\">acero especial resistente al desgaste<\/td>\n<td style=\"font-family: Arial, sans-serif; font-size: 14px; overflow: hidden; padding: 10px 5px; text-align: left; vertical-align: top; word-break: normal; border: 1px solid black;\">Dureza<\/td>\n<td style=\"font-family: Arial, sans-serif; font-size: 14px; overflow: hidden; padding: 10px 5px; text-align: left; vertical-align: top; word-break: normal; border: 1px solid black;\">60-65HRC<\/td>\n<\/tr>\n<tr>\n<td style=\"font-family: Arial, sans-serif; font-size: 14px; overflow: hidden; padding: 10px 5px; text-align: left; vertical-align: top; word-break: normal; border: 1px solid black;\">Tipo de bloque<\/td>\n<td style=\"font-family: Arial, sans-serif; font-size: 14px; overflow: hidden; padding: 10px 5px; text-align: left; vertical-align: top; word-break: normal; border: 1px solid black;\">Bloques huecos, bloques entrelazados, adoquines y bordillos, todos personalizables<\/td>\n<td style=\"font-family: Arial, sans-serif; font-size: 14px; overflow: hidden; padding: 10px 5px; text-align: left; vertical-align: top; word-break: normal; border: 1px solid black;\">C\u00f3digo SA<\/td>\n<td style=\"font-family: Arial, sans-serif; font-size: 14px; overflow: hidden; padding: 10px 5px; text-align: left; vertical-align: top; word-break: normal; border: 1px solid black;\">848060<\/td>\n<\/tr>\n<tr>\n<td style=\"font-family: Arial, sans-serif; font-size: 14px; overflow: hidden; padding: 10px 5px; text-align: left; vertical-align: top; word-break: normal; border: 1px solid black;\">vida \u00fatil<\/td>\n<td style=\"font-family: Arial, sans-serif; font-size: 14px; overflow: hidden; padding: 10px 5px; text-align: left; vertical-align: top; word-break: normal; border: 1px solid black;\">100000-120000 veces<\/td>\n<td style=\"font-family: Arial, sans-serif; font-size: 14px; overflow: hidden; padding: 10px 5px; text-align: left; vertical-align: top; word-break: normal; border: 1px solid black;\">Embalaje<\/td>\n<td style=\"font-family: Arial, sans-serif; font-size: 14px; overflow: hidden; padding: 10px 5px; text-align: left; vertical-align: top; word-break: normal; border: 1px solid black;\">Madera + film pl\u00e1stico<\/td>\n<\/tr>\n<\/tbody>\n<\/table>\n<h2><img loading=\"lazy\" decoding=\"async\" class=\"alignnone size-full wp-image-11251\" src=\"https:\/\/www.kblmachinery.com\/wp-content\/uploads\/2025\/11\/imh8.webp\" alt=\"\" width=\"800\" height=\"600\" srcset=\"https:\/\/www.kblmachinery.com\/wp-content\/uploads\/2025\/11\/imh8.webp 800w, https:\/\/www.kblmachinery.com\/wp-content\/uploads\/2025\/11\/imh8-300x225.webp 300w, https:\/\/www.kblmachinery.com\/wp-content\/uploads\/2025\/11\/imh8-768x576.webp 768w, https:\/\/www.kblmachinery.com\/wp-content\/uploads\/2025\/11\/imh8-16x12.webp 16w, https:\/\/www.kblmachinery.com\/wp-content\/uploads\/2025\/11\/imh8-600x450.webp 600w\" sizes=\"auto, (max-width: 800px) 100vw, 800px\" \/> <img loading=\"lazy\" decoding=\"async\" class=\"alignnone size-full wp-image-11256\" src=\"https:\/\/www.kblmachinery.com\/wp-content\/uploads\/2025\/11\/img3.webp\" alt=\"\" width=\"800\" height=\"600\" srcset=\"https:\/\/www.kblmachinery.com\/wp-content\/uploads\/2025\/11\/img3.webp 800w, https:\/\/www.kblmachinery.com\/wp-content\/uploads\/2025\/11\/img3-300x225.webp 300w, https:\/\/www.kblmachinery.com\/wp-content\/uploads\/2025\/11\/img3-768x576.webp 768w, https:\/\/www.kblmachinery.com\/wp-content\/uploads\/2025\/11\/img3-16x12.webp 16w, https:\/\/www.kblmachinery.com\/wp-content\/uploads\/2025\/11\/img3-600x450.webp 600w\" sizes=\"auto, (max-width: 800px) 100vw, 800px\" \/> <img loading=\"lazy\" decoding=\"async\" class=\"alignnone size-full wp-image-11249\" src=\"https:\/\/www.kblmachinery.com\/wp-content\/uploads\/2025\/11\/img9.webp\" alt=\"\" width=\"800\" height=\"600\" srcset=\"https:\/\/www.kblmachinery.com\/wp-content\/uploads\/2025\/11\/img9.webp 800w, https:\/\/www.kblmachinery.com\/wp-content\/uploads\/2025\/11\/img9-300x225.webp 300w, https:\/\/www.kblmachinery.com\/wp-content\/uploads\/2025\/11\/img9-768x576.webp 768w, https:\/\/www.kblmachinery.com\/wp-content\/uploads\/2025\/11\/img9-16x12.webp 16w, https:\/\/www.kblmachinery.com\/wp-content\/uploads\/2025\/11\/img9-600x450.webp 600w\" sizes=\"auto, (max-width: 800px) 100vw, 800px\" \/> <img loading=\"lazy\" decoding=\"async\" class=\"alignnone size-full wp-image-11253\" src=\"https:\/\/www.kblmachinery.com\/wp-content\/uploads\/2025\/11\/img7.webp\" alt=\"\" width=\"800\" height=\"600\" srcset=\"https:\/\/www.kblmachinery.com\/wp-content\/uploads\/2025\/11\/img7.webp 800w, https:\/\/www.kblmachinery.com\/wp-content\/uploads\/2025\/11\/img7-300x225.webp 300w, https:\/\/www.kblmachinery.com\/wp-content\/uploads\/2025\/11\/img7-768x576.webp 768w, https:\/\/www.kblmachinery.com\/wp-content\/uploads\/2025\/11\/img7-16x12.webp 16w, https:\/\/www.kblmachinery.com\/wp-content\/uploads\/2025\/11\/img7-600x450.webp 600w\" sizes=\"auto, (max-width: 800px) 100vw, 800px\" \/><\/h2>\n<h2>PREGUNTAS FRECUENTES<\/h2>\n<h3>\u00bfC\u00f3mo puedo obtener un presupuesto?<\/h3>\n<ul>\n<li>Send us your detailed block drawings, and we&#8217;ll check them to provide a quote accordingly.<\/li>\n<li>Sin dibujos, inf\u00f3rmenos del tipo de bloque que necesita, como hueco o macizo. Env\u00edenos tambi\u00e9n una foto, especificando su tama\u00f1o en longitud, anchura y grosor en mm.<\/li>\n<li>\u00bfCu\u00e1les son las dimensiones de sus pal\u00e9s?<\/li>\n<li>Indique el tama\u00f1o del cabezal del pis\u00f3n y la altura del molde de plum\u00f3n.<\/li>\n<li>D\u00edganos c\u00f3mo se conecta su molde a su m\u00e1quina. Ser\u00eda \u00fatil que nos facilitara los planos de conexi\u00f3n.<\/li>\n<\/ul>\n<p>Once we have your details, we&#8217;ll prepare your quote quickly.<\/p>\n<h3>\u00bfY el plazo de entrega?<\/h3>\n<p>For standard molds, expect 20-25 workdays after receiving your deposit, and for high-end molds, it&#8217;s 30-40 workdays.<\/p>\n<h3>\u00bfC\u00f3mo se embala el transporte?<\/h3>\n<p>Utilizamos cajas de madera con film de pl\u00e1stico, o podemos personalizarlas seg\u00fan sus necesidades.<\/p>\n<h3>\u00bfSe adaptar\u00e1 el nuevo molde a mi m\u00e1quina?<\/h3>\n<p>We&#8217;ve made molds for various brands, possibly compatible with yours. You can either measure it yourself or let us do it through photos. This ensures a perfect fit without issues.<\/p>\n<h3>\u00bfCu\u00e1les son las condiciones de pago?<\/h3>\n<p>Para proceder, requerimos un anticipo de 50% v\u00eda T\/T, y el saldo debe pagarse antes del env\u00edo.<\/p>\n<h3>\u00bfC\u00f3mo puedo ponerme en contacto con usted?<\/h3>\n<p>P\u00f3ngase en contacto con nosotros a trav\u00e9s de WeChat\/WhatsApp: +86-1330506196 o +86-18960287187. Muchas gracias.<\/p>\n<p><iframe loading=\"lazy\" title=\"V\u00eddeo de funcionamiento del bloque ICF\" src=\"https:\/\/www.youtube.com\/embed\/czhs2wYoLZg\" width=\"556\" height=\"310\" frameborder=\"0\" allowfullscreen=\"allowfullscreen\"><\/iframe><\/p>","protected":false},"excerpt":{"rendered":"<p data-start=\"979\" data-end=\"1089\" data-is-last-node=\"\">We produce solid brick molds, concrete hollow blocks, porous bricks, solid bricks, paver blocks, river slope protection bricks, square bricks, wharf bricks, heat insulation bricks, grass planting bricks, and more. Additionally, we customize special-shaped brick molds to meet buyers&#8217; specific requirements.<\/p>\n<p>&nbsp;<\/p>\n<table class=\"tg\" style=\"border-collapse: collapse; border-spacing: 0px; height: 284px;\" width=\"100%\">\n<tbody>\n<tr>\n<td style=\"font-family: Arial, sans-serif; font-size: 14px; overflow: hidden; padding: 10px 5px; text-align: left; vertical-align: top; word-break: normal; border: 1px solid black;\">Pedido(MOQ) :<\/td>\n<td style=\"font-family: Arial, sans-serif; font-size: 14px; overflow: hidden; padding: 10px 5px; text-align: left; vertical-align: top; word-break: normal; border: 1px solid black;\">1 juego<\/td>\n<\/tr>\n<tr>\n<td style=\"font-family: Arial, sans-serif; font-size: 14px; overflow: hidden; padding: 10px 5px; text-align: left; vertical-align: top; word-break: normal; border: 1px solid black;\">Pago :<\/td>\n<td style=\"font-family: Arial, sans-serif; font-size: 14px; overflow: hidden; padding: 10px 5px; text-align: left; vertical-align: top; word-break: normal; border: 1px solid black;\">Pago T\/T 100% antes del env\u00edo o 100% mediante carta de cr\u00e9dito irrevocable y confirmada a la vista.<\/td>\n<\/tr>\n<tr>\n<td style=\"font-family: Arial, sans-serif; font-size: 14px; overflow: hidden; padding: 10px 5px; text-align: left; vertical-align: top; word-break: normal; border: 1px solid black;\">Origen del producto :<\/td>\n<td style=\"font-family: Arial, sans-serif; font-size: 14px; overflow: hidden; padding: 10px 5px; text-align: left; vertical-align: top; word-break: normal; border: 1px solid black;\">Quanzhou Fujian<\/td>\n<\/tr>\n<tr>\n<td style=\"font-family: Arial, sans-serif; font-size: 14px; overflow: hidden; padding: 10px 5px; text-align: left; vertical-align: top; word-break: normal; border: 1px solid black;\">Color :<\/td>\n<td style=\"font-family: Arial, sans-serif; font-size: 14px; overflow: hidden; padding: 10px 5px; text-align: left; vertical-align: top; word-break: normal; border: 1px solid black;\">personalizar seg\u00fan la demanda<\/td>\n<\/tr>\n<tr>\n<td style=\"font-family: Arial, sans-serif; font-size: 14px; overflow: hidden; padding: 10px 5px; text-align: left; vertical-align: top; word-break: normal; border: 1px solid black;\">Puerto de embarque :<\/td>\n<td style=\"font-family: Arial, sans-serif; font-size: 14px; overflow: hidden; padding: 10px 5px; text-align: left; vertical-align: top; word-break: normal; border: 1px solid black;\">Xiamen<\/td>\n<\/tr>\n<tr>\n<td style=\"font-family: Arial, sans-serif; font-size: 14px; overflow: hidden; padding: 10px 5px; text-align: left; vertical-align: top; word-break: normal; border: 1px solid black;\">Plazo de entrega :<\/td>\n<td style=\"font-family: Arial, sans-serif; font-size: 14px; overflow: hidden; padding: 10px 5px; text-align: left; vertical-align: top; word-break: normal; border: 1px solid black;\">20-25 d\u00edas<\/td>\n<\/tr>\n<\/tbody>\n<\/table>","protected":false},"featured_media":8103,"template":"","meta":[],"product_brand":[],"product_cat":[758,759],"product_tag":[],"class_list":{"0":"post-8102","1":"product","2":"type-product","3":"status-publish","4":"has-post-thumbnail","6":"product_cat-block-moulds","7":"product_cat-hollow-block-mould","9":"first","10":"instock","11":"shipping-taxable","12":"product-type-simple"},"yoast_head":"<!-- This site is optimized with the Yoast SEO plugin v24.4 - https:\/\/yoast.com\/wordpress\/plugins\/seo\/ -->\n<title>Solid &amp; Hollow Block Moulds | MASA\u2011HESS\u2011Tiger Compatible<\/title>\n<meta name=\"description\" content=\"Durable solid and hollow brick molds for brick\u2011making machines like MASA, HESS, Tiger. High\u2011precision steel molds for reliable concrete block production.\" \/>\n<meta name=\"robots\" content=\"index, follow, max-snippet:-1, max-image-preview:large, max-video-preview:-1\" \/>\n<link rel=\"canonical\" href=\"https:\/\/www.kblmachinery.com\/es\/solid-brick-mold-hollow-block-mould-for-brick-making-machine-like-masa-hess-tiger\/\" \/>\n<meta property=\"og:locale\" content=\"es_ES\" \/>\n<meta property=\"og:type\" content=\"article\" \/>\n<meta property=\"og:title\" content=\"Solid &amp; Hollow Block Moulds | MASA\u2011HESS\u2011Tiger Compatible\" \/>\n<meta property=\"og:description\" content=\"Durable solid and hollow brick molds for brick\u2011making machines like MASA, HESS, Tiger. High\u2011precision steel molds for reliable concrete block production.\" \/>\n<meta property=\"og:url\" content=\"https:\/\/www.kblmachinery.com\/es\/solid-brick-mold-hollow-block-mould-for-brick-making-machine-like-masa-hess-tiger\/\" \/>\n<meta property=\"og:site_name\" content=\"Kimberly Machinery\" \/>\n<meta property=\"article:publisher\" content=\"https:\/\/www.facebook.com\/KimberlyMachinery\" \/>\n<meta property=\"article:modified_time\" content=\"2025-11-28T07:52:00+00:00\" \/>\n<meta property=\"og:image\" content=\"https:\/\/www.kblmachinery.com\/wp-content\/uploads\/2025\/11\/Solid-Brick-Mold-Hollow-Block-Mould-for-Brick-Making-Machine-Like-MASA-HESS-TIGER.webp\" \/>\n\t<meta property=\"og:image:width\" content=\"805\" \/>\n\t<meta property=\"og:image:height\" content=\"805\" \/>\n\t<meta property=\"og:image:type\" content=\"image\/webp\" \/>\n<meta name=\"twitter:card\" content=\"summary_large_image\" \/>\n<meta name=\"twitter:label1\" content=\"Tiempo de lectura\" \/>\n\t<meta name=\"twitter:data1\" content=\"3 minutos\" \/>\n<script type=\"application\/ld+json\" class=\"yoast-schema-graph\">{\"@context\":\"https:\/\/schema.org\",\"@graph\":[{\"@type\":\"WebPage\",\"@id\":\"https:\/\/www.kblmachinery.com\/solid-brick-mold-hollow-block-mould-for-brick-making-machine-like-masa-hess-tiger\/\",\"url\":\"https:\/\/www.kblmachinery.com\/solid-brick-mold-hollow-block-mould-for-brick-making-machine-like-masa-hess-tiger\/\",\"name\":\"Solid & Hollow Block Moulds | MASA\u2011HESS\u2011Tiger Compatible\",\"isPartOf\":{\"@id\":\"https:\/\/www.kblmachinery.com\/#website\"},\"primaryImageOfPage\":{\"@id\":\"https:\/\/www.kblmachinery.com\/solid-brick-mold-hollow-block-mould-for-brick-making-machine-like-masa-hess-tiger\/#primaryimage\"},\"image\":{\"@id\":\"https:\/\/www.kblmachinery.com\/solid-brick-mold-hollow-block-mould-for-brick-making-machine-like-masa-hess-tiger\/#primaryimage\"},\"thumbnailUrl\":\"https:\/\/www.kblmachinery.com\/wp-content\/uploads\/2025\/11\/Solid-Brick-Mold-Hollow-Block-Mould-for-Brick-Making-Machine-Like-MASA-HESS-TIGER.webp\",\"datePublished\":\"2024-08-17T05:10:00+00:00\",\"dateModified\":\"2025-11-28T07:52:00+00:00\",\"description\":\"Durable solid and hollow brick molds for brick\u2011making machines like MASA, HESS, Tiger. High\u2011precision steel molds for reliable concrete block production.\",\"breadcrumb\":{\"@id\":\"https:\/\/www.kblmachinery.com\/solid-brick-mold-hollow-block-mould-for-brick-making-machine-like-masa-hess-tiger\/#breadcrumb\"},\"inLanguage\":\"es\",\"potentialAction\":[{\"@type\":\"ReadAction\",\"target\":[\"https:\/\/www.kblmachinery.com\/solid-brick-mold-hollow-block-mould-for-brick-making-machine-like-masa-hess-tiger\/\"]}]},{\"@type\":\"ImageObject\",\"inLanguage\":\"es\",\"@id\":\"https:\/\/www.kblmachinery.com\/solid-brick-mold-hollow-block-mould-for-brick-making-machine-like-masa-hess-tiger\/#primaryimage\",\"url\":\"https:\/\/www.kblmachinery.com\/wp-content\/uploads\/2025\/11\/Solid-Brick-Mold-Hollow-Block-Mould-for-Brick-Making-Machine-Like-MASA-HESS-TIGER.webp\",\"contentUrl\":\"https:\/\/www.kblmachinery.com\/wp-content\/uploads\/2025\/11\/Solid-Brick-Mold-Hollow-Block-Mould-for-Brick-Making-Machine-Like-MASA-HESS-TIGER.webp\",\"width\":805,\"height\":805,\"caption\":\"Hollow Block Mould\"},{\"@type\":\"BreadcrumbList\",\"@id\":\"https:\/\/www.kblmachinery.com\/solid-brick-mold-hollow-block-mould-for-brick-making-machine-like-masa-hess-tiger\/#breadcrumb\",\"itemListElement\":[{\"@type\":\"ListItem\",\"position\":1,\"name\":\"Home\",\"item\":\"https:\/\/www.kblmachinery.com\/\"},{\"@type\":\"ListItem\",\"position\":2,\"name\":\"Solid Brick Mold Hollow Block Mould for Brick Making Machine Like MASA HESS TIGER\"}]},{\"@type\":\"WebSite\",\"@id\":\"https:\/\/www.kblmachinery.com\/#website\",\"url\":\"https:\/\/www.kblmachinery.com\/\",\"name\":\"Professional Brick\/Block Making Machine in China\",\"description\":\"Block Machine Manufacturer - Kimberly Machinery\",\"publisher\":{\"@id\":\"https:\/\/www.kblmachinery.com\/#organization\"},\"potentialAction\":[{\"@type\":\"SearchAction\",\"target\":{\"@type\":\"EntryPoint\",\"urlTemplate\":\"https:\/\/www.kblmachinery.com\/?s={search_term_string}\"},\"query-input\":{\"@type\":\"PropertyValueSpecification\",\"valueRequired\":true,\"valueName\":\"search_term_string\"}}],\"inLanguage\":\"es\"},{\"@type\":\"Organization\",\"@id\":\"https:\/\/www.kblmachinery.com\/#organization\",\"name\":\"Quanzhou Kimberly Machinery Manufacturing Co. Ltd\",\"url\":\"https:\/\/www.kblmachinery.com\/\",\"logo\":{\"@type\":\"ImageObject\",\"inLanguage\":\"es\",\"@id\":\"https:\/\/www.kblmachinery.com\/#\/schema\/logo\/image\/\",\"url\":\"https:\/\/www.kblmachinery.com\/wp-content\/uploads\/2025\/11\/cropped-logo-1-1.png\",\"contentUrl\":\"https:\/\/www.kblmachinery.com\/wp-content\/uploads\/2025\/11\/cropped-logo-1-1.png\",\"width\":123,\"height\":136,\"caption\":\"Quanzhou Kimberly Machinery Manufacturing Co. Ltd\"},\"image\":{\"@id\":\"https:\/\/www.kblmachinery.com\/#\/schema\/logo\/image\/\"},\"sameAs\":[\"https:\/\/www.facebook.com\/KimberlyMachinery\"]}]}<\/script>\n<!-- \/ Yoast SEO plugin. -->","yoast_head_json":{"title":"Solid & Hollow Block Moulds | MASA\u2011HESS\u2011Tiger Compatible","description":"Durable solid and hollow brick molds for brick\u2011making machines like MASA, HESS, Tiger. High\u2011precision steel molds for reliable concrete block production.","robots":{"index":"index","follow":"follow","max-snippet":"max-snippet:-1","max-image-preview":"max-image-preview:large","max-video-preview":"max-video-preview:-1"},"canonical":"https:\/\/www.kblmachinery.com\/es\/solid-brick-mold-hollow-block-mould-for-brick-making-machine-like-masa-hess-tiger\/","og_locale":"es_ES","og_type":"article","og_title":"Solid & Hollow Block Moulds | MASA\u2011HESS\u2011Tiger Compatible","og_description":"Durable solid and hollow brick molds for brick\u2011making machines like MASA, HESS, Tiger. High\u2011precision steel molds for reliable concrete block production.","og_url":"https:\/\/www.kblmachinery.com\/es\/solid-brick-mold-hollow-block-mould-for-brick-making-machine-like-masa-hess-tiger\/","og_site_name":"Kimberly Machinery","article_publisher":"https:\/\/www.facebook.com\/KimberlyMachinery","article_modified_time":"2025-11-28T07:52:00+00:00","og_image":[{"width":805,"height":805,"url":"https:\/\/www.kblmachinery.com\/wp-content\/uploads\/2025\/11\/Solid-Brick-Mold-Hollow-Block-Mould-for-Brick-Making-Machine-Like-MASA-HESS-TIGER.webp","type":"image\/webp"}],"twitter_card":"summary_large_image","twitter_misc":{"Tiempo de lectura":"3 minutos"},"schema":{"@context":"https:\/\/schema.org","@graph":[{"@type":"WebPage","@id":"https:\/\/www.kblmachinery.com\/solid-brick-mold-hollow-block-mould-for-brick-making-machine-like-masa-hess-tiger\/","url":"https:\/\/www.kblmachinery.com\/solid-brick-mold-hollow-block-mould-for-brick-making-machine-like-masa-hess-tiger\/","name":"Solid & Hollow Block Moulds | MASA\u2011HESS\u2011Tiger Compatible","isPartOf":{"@id":"https:\/\/www.kblmachinery.com\/#website"},"primaryImageOfPage":{"@id":"https:\/\/www.kblmachinery.com\/solid-brick-mold-hollow-block-mould-for-brick-making-machine-like-masa-hess-tiger\/#primaryimage"},"image":{"@id":"https:\/\/www.kblmachinery.com\/solid-brick-mold-hollow-block-mould-for-brick-making-machine-like-masa-hess-tiger\/#primaryimage"},"thumbnailUrl":"https:\/\/www.kblmachinery.com\/wp-content\/uploads\/2025\/11\/Solid-Brick-Mold-Hollow-Block-Mould-for-Brick-Making-Machine-Like-MASA-HESS-TIGER.webp","datePublished":"2024-08-17T05:10:00+00:00","dateModified":"2025-11-28T07:52:00+00:00","description":"Durable solid and hollow brick molds for brick\u2011making machines like MASA, HESS, Tiger. High\u2011precision steel molds for reliable concrete block production.","breadcrumb":{"@id":"https:\/\/www.kblmachinery.com\/solid-brick-mold-hollow-block-mould-for-brick-making-machine-like-masa-hess-tiger\/#breadcrumb"},"inLanguage":"es","potentialAction":[{"@type":"ReadAction","target":["https:\/\/www.kblmachinery.com\/solid-brick-mold-hollow-block-mould-for-brick-making-machine-like-masa-hess-tiger\/"]}]},{"@type":"ImageObject","inLanguage":"es","@id":"https:\/\/www.kblmachinery.com\/solid-brick-mold-hollow-block-mould-for-brick-making-machine-like-masa-hess-tiger\/#primaryimage","url":"https:\/\/www.kblmachinery.com\/wp-content\/uploads\/2025\/11\/Solid-Brick-Mold-Hollow-Block-Mould-for-Brick-Making-Machine-Like-MASA-HESS-TIGER.webp","contentUrl":"https:\/\/www.kblmachinery.com\/wp-content\/uploads\/2025\/11\/Solid-Brick-Mold-Hollow-Block-Mould-for-Brick-Making-Machine-Like-MASA-HESS-TIGER.webp","width":805,"height":805,"caption":"Hollow Block Mould"},{"@type":"BreadcrumbList","@id":"https:\/\/www.kblmachinery.com\/solid-brick-mold-hollow-block-mould-for-brick-making-machine-like-masa-hess-tiger\/#breadcrumb","itemListElement":[{"@type":"ListItem","position":1,"name":"Home","item":"https:\/\/www.kblmachinery.com\/"},{"@type":"ListItem","position":2,"name":"Solid Brick Mold Hollow Block Mould for Brick Making Machine Like MASA HESS TIGER"}]},{"@type":"WebSite","@id":"https:\/\/www.kblmachinery.com\/#website","url":"https:\/\/www.kblmachinery.com\/","name":"Professional Brick\/Block Making Machine in China","description":"Block Machine Manufacturer - Kimberly Machinery","publisher":{"@id":"https:\/\/www.kblmachinery.com\/#organization"},"potentialAction":[{"@type":"SearchAction","target":{"@type":"EntryPoint","urlTemplate":"https:\/\/www.kblmachinery.com\/?s={search_term_string}"},"query-input":{"@type":"PropertyValueSpecification","valueRequired":true,"valueName":"search_term_string"}}],"inLanguage":"es"},{"@type":"Organization","@id":"https:\/\/www.kblmachinery.com\/#organization","name":"Quanzhou Kimberly Machinery Manufacturing Co. Ltd","url":"https:\/\/www.kblmachinery.com\/","logo":{"@type":"ImageObject","inLanguage":"es","@id":"https:\/\/www.kblmachinery.com\/#\/schema\/logo\/image\/","url":"https:\/\/www.kblmachinery.com\/wp-content\/uploads\/2025\/11\/cropped-logo-1-1.png","contentUrl":"https:\/\/www.kblmachinery.com\/wp-content\/uploads\/2025\/11\/cropped-logo-1-1.png","width":123,"height":136,"caption":"Quanzhou Kimberly Machinery Manufacturing Co. Ltd"},"image":{"@id":"https:\/\/www.kblmachinery.com\/#\/schema\/logo\/image\/"},"sameAs":["https:\/\/www.facebook.com\/KimberlyMachinery"]}]}},"_links":{"self":[{"href":"https:\/\/www.kblmachinery.com\/es\/wp-json\/wp\/v2\/product\/8102","targetHints":{"allow":["GET"]}}],"collection":[{"href":"https:\/\/www.kblmachinery.com\/es\/wp-json\/wp\/v2\/product"}],"about":[{"href":"https:\/\/www.kblmachinery.com\/es\/wp-json\/wp\/v2\/types\/product"}],"wp:featuredmedia":[{"embeddable":true,"href":"https:\/\/www.kblmachinery.com\/es\/wp-json\/wp\/v2\/media\/8103"}],"wp:attachment":[{"href":"https:\/\/www.kblmachinery.com\/es\/wp-json\/wp\/v2\/media?parent=8102"}],"wp:term":[{"taxonomy":"product_brand","embeddable":true,"href":"https:\/\/www.kblmachinery.com\/es\/wp-json\/wp\/v2\/product_brand?post=8102"},{"taxonomy":"product_cat","embeddable":true,"href":"https:\/\/www.kblmachinery.com\/es\/wp-json\/wp\/v2\/product_cat?post=8102"},{"taxonomy":"product_tag","embeddable":true,"href":"https:\/\/www.kblmachinery.com\/es\/wp-json\/wp\/v2\/product_tag?post=8102"}],"curies":[{"name":"wp","href":"https:\/\/api.w.org\/{rel}","templated":true}]}}