{"id":8107,"date":"2024-08-17T05:05:00","date_gmt":"2024-08-17T05:05:00","guid":{"rendered":"https:\/\/www.kblmachinery.com\/?post_type=product&#038;p=8107"},"modified":"2025-11-27T07:12:55","modified_gmt":"2025-11-27T07:12:55","slug":"high-end-pavingstone-ceiling-block-mould-hollow-block-molder-china-supplier","status":"publish","type":"product","link":"https:\/\/www.kblmachinery.com\/es\/high-end-pavingstone-ceiling-block-mould-hollow-block-molder-china-supplier\/","title":{"rendered":"Molde de bloques huecos para techos de adoquines de alta gama Proveedor de China"},"content":{"rendered":"<h2>Proveedor de moldes de adoquines para techos de alta gama de China<\/h2>\n<p data-start=\"0\" data-end=\"228\">Moldes de adoquines y bloques para techos de alta gama procedentes de China, dise\u00f1ados para ofrecer precisi\u00f3n, durabilidad y compatibilidad con diversas m\u00e1quinas de fabricaci\u00f3n de bloques. Ideales para producir bloques de hormig\u00f3n entrelazados y decorativos.<\/p>\n<h2>Our molds&#8217; technical specifications:<\/h2>\n<table class=\"tg\" style=\"border-collapse: collapse; border-spacing: 0px; height: 198px;\" width=\"100%\">\n<tbody>\n<tr>\n<td style=\"font-family: Arial, sans-serif; font-size: 14px; overflow: hidden; padding: 10px 5px; text-align: left; vertical-align: top; word-break: normal; border: 1px solid black;\">Nombre<\/td>\n<td style=\"font-family: Arial, sans-serif; font-size: 14px; overflow: hidden; padding: 10px 5px; text-align: left; vertical-align: top; word-break: normal; border: 1px solid black;\">molde de bloque de techo<\/td>\n<td style=\"font-family: Arial, sans-serif; font-size: 14px; overflow: hidden; padding: 10px 5px; text-align: left; vertical-align: top; word-break: normal; border: 1px solid black;\">Tratamiento t\u00e9rmico<\/td>\n<td style=\"font-family: Arial, sans-serif; font-size: 14px; overflow: hidden; padding: 10px 5px; text-align: left; vertical-align: top; word-break: normal; border: 1px solid black;\">Carbonitruraci\u00f3n 900-950<span style=\"color: #555;\">\u00b0<\/span>C<\/td>\n<\/tr>\n<tr>\n<td style=\"font-family: Arial, sans-serif; font-size: 14px; overflow: hidden; padding: 10px 5px; text-align: left; vertical-align: top; word-break: normal; border: 1px solid black;\">materia prima<\/td>\n<td style=\"font-family: Arial, sans-serif; font-size: 14px; overflow: hidden; padding: 10px 5px; text-align: left; vertical-align: top; word-break: normal; border: 1px solid black;\">acero especial resistente al desgaste<\/td>\n<td style=\"font-family: Arial, sans-serif; font-size: 14px; overflow: hidden; padding: 10px 5px; text-align: left; vertical-align: top; word-break: normal; border: 1px solid black;\">Dureza<\/td>\n<td style=\"font-family: Arial, sans-serif; font-size: 14px; overflow: hidden; padding: 10px 5px; text-align: left; vertical-align: top; word-break: normal; border: 1px solid black;\">60-65HRC<\/td>\n<\/tr>\n<tr>\n<td style=\"font-family: Arial, sans-serif; font-size: 14px; overflow: hidden; padding: 10px 5px; text-align: left; vertical-align: top; word-break: normal; border: 1px solid black;\">Tipo de bloque<\/td>\n<td style=\"font-family: Arial, sans-serif; font-size: 14px; overflow: hidden; padding: 10px 5px; text-align: left; vertical-align: top; word-break: normal; border: 1px solid black;\">Bloques huecos, bloques entrelazados, adoquines y bordillos, todos personalizables<\/td>\n<td style=\"font-family: Arial, sans-serif; font-size: 14px; overflow: hidden; padding: 10px 5px; text-align: left; vertical-align: top; word-break: normal; border: 1px solid black;\">C\u00f3digo SA<\/td>\n<td style=\"font-family: Arial, sans-serif; font-size: 14px; overflow: hidden; padding: 10px 5px; text-align: left; vertical-align: top; word-break: normal; border: 1px solid black;\">848060<\/td>\n<\/tr>\n<tr>\n<td style=\"font-family: Arial, sans-serif; font-size: 14px; overflow: hidden; padding: 10px 5px; text-align: left; vertical-align: top; word-break: normal; border: 1px solid black;\">vida \u00fatil<\/td>\n<td style=\"font-family: Arial, sans-serif; font-size: 14px; overflow: hidden; padding: 10px 5px; text-align: left; vertical-align: top; word-break: normal; border: 1px solid black;\">100000-120000 veces<\/td>\n<td style=\"font-family: Arial, sans-serif; font-size: 14px; overflow: hidden; padding: 10px 5px; text-align: left; vertical-align: top; word-break: normal; border: 1px solid black;\">Embalaje<\/td>\n<td style=\"font-family: Arial, sans-serif; font-size: 14px; overflow: hidden; padding: 10px 5px; text-align: left; vertical-align: top; word-break: normal; border: 1px solid black;\">Madera + film pl\u00e1stico<\/td>\n<\/tr>\n<\/tbody>\n<\/table>\n<h2>Acerca de Kimberly Machinery<\/h2>\n<p data-start=\"148\" data-end=\"443\">Fundada en la d\u00e9cada de 1990, Kimberly Machinery aporta casi 30 a\u00f1os de experiencia en la fabricaci\u00f3n de moldes. Desde su expansi\u00f3n a la exportaci\u00f3n en 2008, hemos servido a clientes de todo el mundo, proporcionando moldes de alta calidad para una amplia gama de marcas de m\u00e1quinas de bloques, incluyendo nombres de primera calidad como MASA, HESS y ZENITH.<\/p>\n<p data-start=\"445\" data-end=\"775\">Nuestra capacidad de producci\u00f3n anual alcanza aproximadamente los 1.000 juegos, que abarcan moldes para bloques huecos, ladrillos porosos, ladrillos macizos, baldosas para carreteras, ladrillos de protecci\u00f3n de taludes fluviales, ladrillos cuadrados, ladrillos para muelles, ladrillos aislantes del calor y ladrillos para plantar c\u00e9sped. Tambi\u00e9n ofrecemos moldes de forma personalizada adaptados a los requisitos espec\u00edficos de los clientes.<\/p>\n<p data-start=\"777\" data-end=\"1176\">Como empresa totalmente integrada, combinamos I+D, fabricaci\u00f3n, producci\u00f3n y ventas. Nuestros moldes se fabrican con acero Q345 o materiales de primera calidad importados de Italia, con tiempos de ciclo de 80.000 \u00f3 120.000. Gracias a la avanzada tecnolog\u00eda de corte CNC, garantizamos unas dimensiones precisas de los moldes, y el carburizado al vac\u00edo proporciona a nuestros moldes una dureza de hasta 62 HRC para una mayor resistencia al desgaste y durabilidad.<\/p>\n<p data-start=\"1178\" data-end=\"1394\">Gracias a nuestra avanzada tecnolog\u00eda de producci\u00f3n, artesan\u00eda experta, calidad fiable y precios competitivos, Kimberly Machinery se ha ganado la confianza y el apoyo de clientes tanto nacionales como internacionales.<\/p>\n<p data-start=\"1396\" data-end=\"1523\">Esperamos sinceramente poder colaborar con usted. P\u00f3ngase en contacto con nosotros a trav\u00e9s de WeChat o WhatsApp en +86-13305061916 o +86-18960287187.<\/p>\n<p><iframe loading=\"lazy\" title=\"V\u00eddeo de funcionamiento del bloque ICF\" src=\"https:\/\/www.youtube.com\/embed\/czhs2wYoLZg\" width=\"556\" height=\"310\" frameborder=\"0\" allowfullscreen=\"allowfullscreen\"><\/iframe><\/p>","protected":false},"excerpt":{"rendered":"<p>A: The raw material for a high-end special alloy.<br \/>\nB: Select between 80000 and 120000 cycle periods;<br \/>\nC: following heat treatment, hardness can reach 62 HRC or even 65 HRC.<\/p>\n<table class=\"tg\" style=\"border-collapse: collapse; border-spacing: 0;\">\n<tbody>\n<tr>\n<td style=\"font-family: Arial, sans-serif; font-size: 14px; overflow: hidden; padding: 10px 5px; text-align: left; vertical-align: top; word-break: normal; border: 1px solid black;\">Pedido(MOQ) :<\/td>\n<td style=\"font-family: Arial, sans-serif; font-size: 14px; overflow: hidden; padding: 10px 5px; text-align: left; vertical-align: top; word-break: normal; border: 1px solid black;\">1 juego<\/td>\n<\/tr>\n<tr>\n<td style=\"font-family: Arial, sans-serif; font-size: 14px; overflow: hidden; padding: 10px 5px; text-align: left; vertical-align: top; word-break: normal; border: 1px solid black;\">Pago :<\/td>\n<td style=\"font-family: Arial, sans-serif; font-size: 14px; overflow: hidden; padding: 10px 5px; text-align: left; vertical-align: top; word-break: normal; border: 1px solid black;\">Pago T\/T 100% antes del env\u00edo o 100% mediante carta de cr\u00e9dito irrevocable y confirmada a la vista.<\/td>\n<\/tr>\n<tr>\n<td style=\"font-family: Arial, sans-serif; font-size: 14px; overflow: hidden; padding: 10px 5px; text-align: left; vertical-align: top; word-break: normal; border: 1px solid black;\">Origen del producto :<\/td>\n<td style=\"font-family: Arial, sans-serif; font-size: 14px; overflow: hidden; padding: 10px 5px; text-align: left; vertical-align: top; word-break: normal; border: 1px solid black;\">Quanzhou Fujian<\/td>\n<\/tr>\n<tr>\n<td style=\"font-family: Arial, sans-serif; font-size: 14px; overflow: hidden; padding: 10px 5px; text-align: left; vertical-align: top; word-break: normal; border: 1px solid black;\">Color :<\/td>\n<td style=\"font-family: Arial, sans-serif; font-size: 14px; overflow: hidden; padding: 10px 5px; text-align: left; vertical-align: top; word-break: normal; border: 1px solid black;\">personalizar seg\u00fan la demanda<\/td>\n<\/tr>\n<tr>\n<td style=\"font-family: Arial, sans-serif; font-size: 14px; overflow: hidden; padding: 10px 5px; text-align: left; vertical-align: top; word-break: normal; border: 1px solid black;\">Puerto de embarque :<\/td>\n<td style=\"font-family: Arial, sans-serif; font-size: 14px; overflow: hidden; padding: 10px 5px; text-align: left; vertical-align: top; word-break: normal; border: 1px solid black;\">Xiamen<\/td>\n<\/tr>\n<tr>\n<td style=\"font-family: Arial, sans-serif; font-size: 14px; overflow: hidden; padding: 10px 5px; text-align: left; vertical-align: top; word-break: normal; border: 1px solid black;\">Plazo de entrega :<\/td>\n<td style=\"font-family: Arial, sans-serif; font-size: 14px; overflow: hidden; padding: 10px 5px; text-align: left; vertical-align: top; word-break: normal; border: 1px solid black;\">20-25 d\u00edas<\/td>\n<\/tr>\n<\/tbody>\n<\/table>\n<p>&nbsp;<\/p>","protected":false},"featured_media":8108,"template":"","meta":[],"product_brand":[],"product_cat":[758,759],"product_tag":[],"class_list":{"0":"post-8107","1":"product","2":"type-product","3":"status-publish","4":"has-post-thumbnail","6":"product_cat-block-moulds","7":"product_cat-hollow-block-mould","9":"first","10":"instock","11":"shipping-taxable","12":"product-type-simple"},"yoast_head":"<!-- This site is optimized with the Yoast SEO plugin v24.4 - https:\/\/yoast.com\/wordpress\/plugins\/seo\/ -->\n<title>High-End Paving Stone &amp; Ceiling Block Mould Supplier - Kimberly Machinery<\/title>\n<meta name=\"description\" content=\"Premium paving stone and ceiling block molds from China. Durable, precise, and compatible with MASA, HESS, Tiger, and other block machines.\" \/>\n<meta name=\"robots\" content=\"index, follow, max-snippet:-1, max-image-preview:large, max-video-preview:-1\" \/>\n<link rel=\"canonical\" href=\"https:\/\/www.kblmachinery.com\/es\/high-end-pavingstone-ceiling-block-mould-hollow-block-molder-china-supplier\/\" \/>\n<meta property=\"og:locale\" content=\"es_ES\" \/>\n<meta property=\"og:type\" content=\"article\" \/>\n<meta property=\"og:title\" content=\"High-End Paving Stone &amp; Ceiling Block Mould Supplier - Kimberly Machinery\" \/>\n<meta property=\"og:description\" content=\"Premium paving stone and ceiling block molds from China. Durable, precise, and compatible with MASA, HESS, Tiger, and other block machines.\" \/>\n<meta property=\"og:url\" content=\"https:\/\/www.kblmachinery.com\/es\/high-end-pavingstone-ceiling-block-mould-hollow-block-molder-china-supplier\/\" \/>\n<meta property=\"og:site_name\" content=\"Kimberly Machinery\" \/>\n<meta property=\"article:publisher\" content=\"https:\/\/www.facebook.com\/KimberlyMachinery\" \/>\n<meta property=\"article:modified_time\" content=\"2025-11-27T07:12:55+00:00\" \/>\n<meta property=\"og:image\" content=\"https:\/\/www.kblmachinery.com\/wp-content\/uploads\/2025\/11\/High-End-Pavingstone-Ceiling-Block-Mould-Hollow-Block-Molder-China-Supplier.webp\" \/>\n\t<meta property=\"og:image:width\" content=\"805\" \/>\n\t<meta property=\"og:image:height\" content=\"805\" \/>\n\t<meta property=\"og:image:type\" content=\"image\/webp\" \/>\n<meta name=\"twitter:card\" content=\"summary_large_image\" \/>\n<meta name=\"twitter:label1\" content=\"Tiempo de lectura\" \/>\n\t<meta name=\"twitter:data1\" content=\"2 minutos\" \/>\n<script type=\"application\/ld+json\" class=\"yoast-schema-graph\">{\"@context\":\"https:\/\/schema.org\",\"@graph\":[{\"@type\":\"WebPage\",\"@id\":\"https:\/\/www.kblmachinery.com\/high-end-pavingstone-ceiling-block-mould-hollow-block-molder-china-supplier\/\",\"url\":\"https:\/\/www.kblmachinery.com\/high-end-pavingstone-ceiling-block-mould-hollow-block-molder-china-supplier\/\",\"name\":\"High-End Paving Stone & Ceiling Block Mould Supplier - Kimberly Machinery\",\"isPartOf\":{\"@id\":\"https:\/\/www.kblmachinery.com\/#website\"},\"primaryImageOfPage\":{\"@id\":\"https:\/\/www.kblmachinery.com\/high-end-pavingstone-ceiling-block-mould-hollow-block-molder-china-supplier\/#primaryimage\"},\"image\":{\"@id\":\"https:\/\/www.kblmachinery.com\/high-end-pavingstone-ceiling-block-mould-hollow-block-molder-china-supplier\/#primaryimage\"},\"thumbnailUrl\":\"https:\/\/www.kblmachinery.com\/wp-content\/uploads\/2025\/11\/High-End-Pavingstone-Ceiling-Block-Mould-Hollow-Block-Molder-China-Supplier.webp\",\"datePublished\":\"2024-08-17T05:05:00+00:00\",\"dateModified\":\"2025-11-27T07:12:55+00:00\",\"description\":\"Premium paving stone and ceiling block molds from China. Durable, precise, and compatible with MASA, HESS, Tiger, and other block machines.\",\"breadcrumb\":{\"@id\":\"https:\/\/www.kblmachinery.com\/high-end-pavingstone-ceiling-block-mould-hollow-block-molder-china-supplier\/#breadcrumb\"},\"inLanguage\":\"es\",\"potentialAction\":[{\"@type\":\"ReadAction\",\"target\":[\"https:\/\/www.kblmachinery.com\/high-end-pavingstone-ceiling-block-mould-hollow-block-molder-china-supplier\/\"]}]},{\"@type\":\"ImageObject\",\"inLanguage\":\"es\",\"@id\":\"https:\/\/www.kblmachinery.com\/high-end-pavingstone-ceiling-block-mould-hollow-block-molder-china-supplier\/#primaryimage\",\"url\":\"https:\/\/www.kblmachinery.com\/wp-content\/uploads\/2025\/11\/High-End-Pavingstone-Ceiling-Block-Mould-Hollow-Block-Molder-China-Supplier.webp\",\"contentUrl\":\"https:\/\/www.kblmachinery.com\/wp-content\/uploads\/2025\/11\/High-End-Pavingstone-Ceiling-Block-Mould-Hollow-Block-Molder-China-Supplier.webp\",\"width\":805,\"height\":805,\"caption\":\"Hollow Block Mold Pavers Interlocking Bricks Mould Interlocking Brick Mold for Sale\"},{\"@type\":\"BreadcrumbList\",\"@id\":\"https:\/\/www.kblmachinery.com\/high-end-pavingstone-ceiling-block-mould-hollow-block-molder-china-supplier\/#breadcrumb\",\"itemListElement\":[{\"@type\":\"ListItem\",\"position\":1,\"name\":\"Home\",\"item\":\"https:\/\/www.kblmachinery.com\/\"},{\"@type\":\"ListItem\",\"position\":2,\"name\":\"High-End Paving Stone Ceiling Block Mould Hollow Block Molder China Supplier\"}]},{\"@type\":\"WebSite\",\"@id\":\"https:\/\/www.kblmachinery.com\/#website\",\"url\":\"https:\/\/www.kblmachinery.com\/\",\"name\":\"Professional Brick\/Block Making Machine in China\",\"description\":\"Block Machine Manufacturer - Kimberly Machinery\",\"publisher\":{\"@id\":\"https:\/\/www.kblmachinery.com\/#organization\"},\"potentialAction\":[{\"@type\":\"SearchAction\",\"target\":{\"@type\":\"EntryPoint\",\"urlTemplate\":\"https:\/\/www.kblmachinery.com\/?s={search_term_string}\"},\"query-input\":{\"@type\":\"PropertyValueSpecification\",\"valueRequired\":true,\"valueName\":\"search_term_string\"}}],\"inLanguage\":\"es\"},{\"@type\":\"Organization\",\"@id\":\"https:\/\/www.kblmachinery.com\/#organization\",\"name\":\"Quanzhou Kimberly Machinery Manufacturing Co. Ltd\",\"url\":\"https:\/\/www.kblmachinery.com\/\",\"logo\":{\"@type\":\"ImageObject\",\"inLanguage\":\"es\",\"@id\":\"https:\/\/www.kblmachinery.com\/#\/schema\/logo\/image\/\",\"url\":\"https:\/\/www.kblmachinery.com\/wp-content\/uploads\/2025\/11\/cropped-logo-1-1.png\",\"contentUrl\":\"https:\/\/www.kblmachinery.com\/wp-content\/uploads\/2025\/11\/cropped-logo-1-1.png\",\"width\":123,\"height\":136,\"caption\":\"Quanzhou Kimberly Machinery Manufacturing Co. Ltd\"},\"image\":{\"@id\":\"https:\/\/www.kblmachinery.com\/#\/schema\/logo\/image\/\"},\"sameAs\":[\"https:\/\/www.facebook.com\/KimberlyMachinery\"]}]}<\/script>\n<!-- \/ Yoast SEO plugin. -->","yoast_head_json":{"title":"High-End Paving Stone & Ceiling Block Mould Supplier - Kimberly Machinery","description":"Premium paving stone and ceiling block molds from China. Durable, precise, and compatible with MASA, HESS, Tiger, and other block machines.","robots":{"index":"index","follow":"follow","max-snippet":"max-snippet:-1","max-image-preview":"max-image-preview:large","max-video-preview":"max-video-preview:-1"},"canonical":"https:\/\/www.kblmachinery.com\/es\/high-end-pavingstone-ceiling-block-mould-hollow-block-molder-china-supplier\/","og_locale":"es_ES","og_type":"article","og_title":"High-End Paving Stone & Ceiling Block Mould Supplier - Kimberly Machinery","og_description":"Premium paving stone and ceiling block molds from China. Durable, precise, and compatible with MASA, HESS, Tiger, and other block machines.","og_url":"https:\/\/www.kblmachinery.com\/es\/high-end-pavingstone-ceiling-block-mould-hollow-block-molder-china-supplier\/","og_site_name":"Kimberly Machinery","article_publisher":"https:\/\/www.facebook.com\/KimberlyMachinery","article_modified_time":"2025-11-27T07:12:55+00:00","og_image":[{"width":805,"height":805,"url":"https:\/\/www.kblmachinery.com\/wp-content\/uploads\/2025\/11\/High-End-Pavingstone-Ceiling-Block-Mould-Hollow-Block-Molder-China-Supplier.webp","type":"image\/webp"}],"twitter_card":"summary_large_image","twitter_misc":{"Tiempo de lectura":"2 minutos"},"schema":{"@context":"https:\/\/schema.org","@graph":[{"@type":"WebPage","@id":"https:\/\/www.kblmachinery.com\/high-end-pavingstone-ceiling-block-mould-hollow-block-molder-china-supplier\/","url":"https:\/\/www.kblmachinery.com\/high-end-pavingstone-ceiling-block-mould-hollow-block-molder-china-supplier\/","name":"High-End Paving Stone & Ceiling Block Mould Supplier - Kimberly Machinery","isPartOf":{"@id":"https:\/\/www.kblmachinery.com\/#website"},"primaryImageOfPage":{"@id":"https:\/\/www.kblmachinery.com\/high-end-pavingstone-ceiling-block-mould-hollow-block-molder-china-supplier\/#primaryimage"},"image":{"@id":"https:\/\/www.kblmachinery.com\/high-end-pavingstone-ceiling-block-mould-hollow-block-molder-china-supplier\/#primaryimage"},"thumbnailUrl":"https:\/\/www.kblmachinery.com\/wp-content\/uploads\/2025\/11\/High-End-Pavingstone-Ceiling-Block-Mould-Hollow-Block-Molder-China-Supplier.webp","datePublished":"2024-08-17T05:05:00+00:00","dateModified":"2025-11-27T07:12:55+00:00","description":"Premium paving stone and ceiling block molds from China. Durable, precise, and compatible with MASA, HESS, Tiger, and other block machines.","breadcrumb":{"@id":"https:\/\/www.kblmachinery.com\/high-end-pavingstone-ceiling-block-mould-hollow-block-molder-china-supplier\/#breadcrumb"},"inLanguage":"es","potentialAction":[{"@type":"ReadAction","target":["https:\/\/www.kblmachinery.com\/high-end-pavingstone-ceiling-block-mould-hollow-block-molder-china-supplier\/"]}]},{"@type":"ImageObject","inLanguage":"es","@id":"https:\/\/www.kblmachinery.com\/high-end-pavingstone-ceiling-block-mould-hollow-block-molder-china-supplier\/#primaryimage","url":"https:\/\/www.kblmachinery.com\/wp-content\/uploads\/2025\/11\/High-End-Pavingstone-Ceiling-Block-Mould-Hollow-Block-Molder-China-Supplier.webp","contentUrl":"https:\/\/www.kblmachinery.com\/wp-content\/uploads\/2025\/11\/High-End-Pavingstone-Ceiling-Block-Mould-Hollow-Block-Molder-China-Supplier.webp","width":805,"height":805,"caption":"Hollow Block Mold Pavers Interlocking Bricks Mould Interlocking Brick Mold for Sale"},{"@type":"BreadcrumbList","@id":"https:\/\/www.kblmachinery.com\/high-end-pavingstone-ceiling-block-mould-hollow-block-molder-china-supplier\/#breadcrumb","itemListElement":[{"@type":"ListItem","position":1,"name":"Home","item":"https:\/\/www.kblmachinery.com\/"},{"@type":"ListItem","position":2,"name":"High-End Paving Stone Ceiling Block Mould Hollow Block Molder China Supplier"}]},{"@type":"WebSite","@id":"https:\/\/www.kblmachinery.com\/#website","url":"https:\/\/www.kblmachinery.com\/","name":"Professional Brick\/Block Making Machine in China","description":"Block Machine Manufacturer - Kimberly Machinery","publisher":{"@id":"https:\/\/www.kblmachinery.com\/#organization"},"potentialAction":[{"@type":"SearchAction","target":{"@type":"EntryPoint","urlTemplate":"https:\/\/www.kblmachinery.com\/?s={search_term_string}"},"query-input":{"@type":"PropertyValueSpecification","valueRequired":true,"valueName":"search_term_string"}}],"inLanguage":"es"},{"@type":"Organization","@id":"https:\/\/www.kblmachinery.com\/#organization","name":"Quanzhou Kimberly Machinery Manufacturing Co. Ltd","url":"https:\/\/www.kblmachinery.com\/","logo":{"@type":"ImageObject","inLanguage":"es","@id":"https:\/\/www.kblmachinery.com\/#\/schema\/logo\/image\/","url":"https:\/\/www.kblmachinery.com\/wp-content\/uploads\/2025\/11\/cropped-logo-1-1.png","contentUrl":"https:\/\/www.kblmachinery.com\/wp-content\/uploads\/2025\/11\/cropped-logo-1-1.png","width":123,"height":136,"caption":"Quanzhou Kimberly Machinery Manufacturing Co. Ltd"},"image":{"@id":"https:\/\/www.kblmachinery.com\/#\/schema\/logo\/image\/"},"sameAs":["https:\/\/www.facebook.com\/KimberlyMachinery"]}]}},"_links":{"self":[{"href":"https:\/\/www.kblmachinery.com\/es\/wp-json\/wp\/v2\/product\/8107","targetHints":{"allow":["GET"]}}],"collection":[{"href":"https:\/\/www.kblmachinery.com\/es\/wp-json\/wp\/v2\/product"}],"about":[{"href":"https:\/\/www.kblmachinery.com\/es\/wp-json\/wp\/v2\/types\/product"}],"wp:featuredmedia":[{"embeddable":true,"href":"https:\/\/www.kblmachinery.com\/es\/wp-json\/wp\/v2\/media\/8108"}],"wp:attachment":[{"href":"https:\/\/www.kblmachinery.com\/es\/wp-json\/wp\/v2\/media?parent=8107"}],"wp:term":[{"taxonomy":"product_brand","embeddable":true,"href":"https:\/\/www.kblmachinery.com\/es\/wp-json\/wp\/v2\/product_brand?post=8107"},{"taxonomy":"product_cat","embeddable":true,"href":"https:\/\/www.kblmachinery.com\/es\/wp-json\/wp\/v2\/product_cat?post=8107"},{"taxonomy":"product_tag","embeddable":true,"href":"https:\/\/www.kblmachinery.com\/es\/wp-json\/wp\/v2\/product_tag?post=8107"}],"curies":[{"name":"wp","href":"https:\/\/api.w.org\/{rel}","templated":true}]}}