{"id":8115,"date":"2024-08-17T05:04:00","date_gmt":"2024-08-17T05:04:00","guid":{"rendered":"https:\/\/www.kblmachinery.com\/?post_type=product&#038;p=8115"},"modified":"2025-11-28T07:53:43","modified_gmt":"2025-11-28T07:53:43","slug":"hourdi-moule-grass-stone-mold-eared-ceiling-block-for-concrete-brick-machine","status":"publish","type":"product","link":"https:\/\/www.kblmachinery.com\/es\/hourdi-moule-grass-stone-mold-eared-ceiling-block-for-concrete-brick-machine\/","title":{"rendered":"Hourdi Moule Hierba Piedra Molde Orejas Techo Bloque Para M\u00e1quina De Ladrillo De Hormig\u00f3n"},"content":{"rendered":"<div class=\"flex max-w-full flex-col flex-grow\">\n<div class=\"min-h-8 text-message relative flex w-full flex-col items-end gap-2 whitespace-normal break-words text-start [.text-message+&amp;]:mt-5\" dir=\"auto\" data-message-author-role=\"assistant\" data-message-id=\"4e93b2a2-1e28-452a-9647-86f8aed4227d\" data-message-model-slug=\"gpt-4o\">\n<div class=\"flex w-full flex-col gap-1 empty:hidden first:pt-[3px]\">\n<div class=\"markdown prose w-full break-words dark:prose-invert light\">\n<h2 data-start=\"0\" data-end=\"50\">Hourdi Molde de Piedra de Hierba para M\u00e1quina de Ladrillos de Hormig\u00f3n<\/h2>\n<\/div>\n<\/div>\n<\/div>\n<\/div>\n<h3>1. Tipo de bloque:<\/h3>\n<p>We design and manufacture high-quality steel molds for producing interlocking paving stones, slabs, permeable paving stones, curbstones, retaining walls, hollow blocks, and other unique block types. We always adhere to our customers&#8217; specifications and offer new, innovative ideas to meet their needs.<\/p>\n<h3>2. Materia prima:<\/h3>\n<p>Utilizamos acero templado y revenido de primera calidad importado de Italia para fabricar nuestros moldes de bloques de hormig\u00f3n. Este acero recibe un tratamiento adicional para mejorar su resistencia a la abrasi\u00f3n, lo que garantiza su durabilidad.<\/p>\n<h3>3. Experiencia en fabricaci\u00f3n:<\/h3>\n<p>Con casi 30 a\u00f1os de experiencia en fabricaci\u00f3n, servimos a clientes de todo el mundo. Combinando nuestra experiencia con acero de alta calidad, garantizamos la entrega de productos de primera categor\u00eda a clientes como Masa, Hess, Zenith, Tiger, Bessel, Ritu y muchos otros.<\/p>\n<h3>4. Aplicaci\u00f3n:<\/h3>\n<p>Nuestros moldes son compatibles con la mayor\u00eda de las m\u00e1quinas bloqueras del mundo, incluidas marcas como Masa, Hess, Zenith, Tiger, Bessel, Ritu, etc.<\/p>\n<h2>Molde T\u00e9cnico Tata<\/h2>\n<table class=\"tg\" style=\"border-collapse: collapse; border-spacing: 0px; height: 202px;\" width=\"100%\">\n<tbody>\n<tr>\n<td style=\"font-family: Arial, sans-serif; font-size: 14px; overflow: hidden; padding: 10px 5px; text-align: left; vertical-align: top; word-break: normal; border: 1px solid black;\">Nombre<\/td>\n<td style=\"font-family: Arial, sans-serif; font-size: 14px; overflow: hidden; padding: 10px 5px; text-align: left; vertical-align: top; word-break: normal; border: 1px solid black;\">molde de adoquines<\/td>\n<td style=\"font-family: Arial, sans-serif; font-size: 14px; overflow: hidden; padding: 10px 5px; text-align: left; vertical-align: top; word-break: normal; border: 1px solid black;\">Tratamiento t\u00e9rmico<\/td>\n<td style=\"font-family: Arial, sans-serif; font-size: 14px; overflow: hidden; padding: 10px 5px; text-align: left; vertical-align: top; word-break: normal; border: 1px solid black;\">Carbonitruraci\u00f3n 900-950<span style=\"color: #555;\">\u00b0<\/span>C<\/td>\n<\/tr>\n<tr>\n<td style=\"font-family: Arial, sans-serif; font-size: 14px; overflow: hidden; padding: 10px 5px; text-align: left; vertical-align: top; word-break: normal; border: 1px solid black;\">materia prima<\/td>\n<td style=\"font-family: Arial, sans-serif; font-size: 14px; overflow: hidden; padding: 10px 5px; text-align: left; vertical-align: top; word-break: normal; border: 1px solid black;\">acero especial resistente al desgaste<\/td>\n<td style=\"font-family: Arial, sans-serif; font-size: 14px; overflow: hidden; padding: 10px 5px; text-align: left; vertical-align: top; word-break: normal; border: 1px solid black;\">Dureza<\/td>\n<td style=\"font-family: Arial, sans-serif; font-size: 14px; overflow: hidden; padding: 10px 5px; text-align: left; vertical-align: top; word-break: normal; border: 1px solid black;\">60-65HRC<\/td>\n<\/tr>\n<tr>\n<td style=\"font-family: Arial, sans-serif; font-size: 14px; overflow: hidden; padding: 10px 5px; text-align: left; vertical-align: top; word-break: normal; border: 1px solid black;\">Tipo de bloque<\/td>\n<td style=\"font-family: Arial, sans-serif; font-size: 14px; overflow: hidden; padding: 10px 5px; text-align: left; vertical-align: top; word-break: normal; border: 1px solid black;\">Bloques huecos, bloques entrelazados, adoquines y bordillos personalizables.<\/td>\n<td style=\"font-family: Arial, sans-serif; font-size: 14px; overflow: hidden; padding: 10px 5px; text-align: left; vertical-align: top; word-break: normal; border: 1px solid black;\">C\u00f3digo SA<\/td>\n<td style=\"font-family: Arial, sans-serif; font-size: 14px; overflow: hidden; padding: 10px 5px; text-align: left; vertical-align: top; word-break: normal; border: 1px solid black;\">848060<\/td>\n<\/tr>\n<tr>\n<td style=\"font-family: Arial, sans-serif; font-size: 14px; overflow: hidden; padding: 10px 5px; text-align: left; vertical-align: top; word-break: normal; border: 1px solid black;\">vida \u00fatil<\/td>\n<td style=\"font-family: Arial, sans-serif; font-size: 14px; overflow: hidden; padding: 10px 5px; text-align: left; vertical-align: top; word-break: normal; border: 1px solid black;\">100000-120000 veces<\/td>\n<td style=\"font-family: Arial, sans-serif; font-size: 14px; overflow: hidden; padding: 10px 5px; text-align: left; vertical-align: top; word-break: normal; border: 1px solid black;\">Embalaje<\/td>\n<td style=\"font-family: Arial, sans-serif; font-size: 14px; overflow: hidden; padding: 10px 5px; text-align: left; vertical-align: top; word-break: normal; border: 1px solid black;\">Madera + film pl\u00e1stico<\/td>\n<\/tr>\n<\/tbody>\n<\/table>\n<h2>PREGUNTAS FRECUENTES<\/h2>\n<h3>1. \u00bfC\u00f3mo puedo recibir los presupuestos?<\/h3>\n<p>A. Send us your detailed block drawings, and we&#8217;ll check and quote accordingly. B. Need specific block types? Share pictures and dimensions in mm: length, width, thickness. C. What are your pallet&#8217;s dimensions? D. Tell us about your tamper head size and mold height. E. How does your mold connect to the machine? Provide connection drawings if you have them. We&#8217;ll prepare your quote after receiving this info.<\/p>\n<h3>2. What&#8217;s the delivery time?<\/h3>\n<p>Para los moldes comunes, espere entre 20 y 25 d\u00edas laborables tras la recepci\u00f3n del dep\u00f3sito; los moldes de gama alta tardan entre 30 y 40 d\u00edas laborables.<\/p>\n<h3>3. \u00bfC\u00f3mo se gestiona el embalaje de transporte?<\/h3>\n<p>El embalaje incluye cajas de madera con film de pl\u00e1stico, o seg\u00fan sus especificaciones.<\/p>\n<h3>4. \u00bfCu\u00e1les son las condiciones de pago?<\/h3>\n<p>Para proceder, se requiere un anticipo de 50% mediante T\/T, y el saldo debe liquidarse antes del env\u00edo.<\/p>\n<h3>5. 5. \u00bfC\u00f3mo puedo ponerme en contacto con usted?<\/h3>\n<p>P\u00f3ngase en contacto con nosotros a trav\u00e9s de WeChat\/WhatsApp: +86-1330506196 o +86-18960287187. Gracias.<\/p>\n<p><iframe loading=\"lazy\" title=\"V\u00eddeo de funcionamiento del bloque ICF\" src=\"https:\/\/www.youtube.com\/embed\/czhs2wYoLZg\" width=\"556\" height=\"310\" frameborder=\"0\" allowfullscreen=\"allowfullscreen\"><\/iframe><\/p>","protected":false},"excerpt":{"rendered":"<ul>\n<li>Los bloques huecos son materiales de construcci\u00f3n esenciales.<\/li>\n<li>Sus tama\u00f1os y tipos var\u00edan en funci\u00f3n de las especificaciones de la pared y los lugares de uso.<\/li>\n<li>Personalizamos todos los moldes para satisfacer las necesidades espec\u00edficas del mercado local del comprador.<\/li>\n<\/ul>\n<table class=\"tg\" style=\"border-collapse: collapse; border-spacing: 0px; height: 267px;\" width=\"100%\">\n<tbody>\n<tr>\n<td style=\"font-family: Arial, sans-serif; font-size: 14px; overflow: hidden; padding: 10px 5px; text-align: left; vertical-align: top; word-break: normal; border: 1px solid black;\">Pedido(MOQ) :<\/td>\n<td style=\"font-family: Arial, sans-serif; font-size: 14px; overflow: hidden; padding: 10px 5px; text-align: left; vertical-align: top; word-break: normal; border: 1px solid black;\">1 juego<\/td>\n<\/tr>\n<tr>\n<td style=\"font-family: Arial, sans-serif; font-size: 14px; overflow: hidden; padding: 10px 5px; text-align: left; vertical-align: top; word-break: normal; border: 1px solid black;\">Pago :<\/td>\n<td style=\"font-family: Arial, sans-serif; font-size: 14px; overflow: hidden; padding: 10px 5px; text-align: left; vertical-align: top; word-break: normal; border: 1px solid black;\">Pago T\/T 100% antes del env\u00edo o 100% mediante carta de cr\u00e9dito irrevocable y confirmada a la vista.<\/td>\n<\/tr>\n<tr>\n<td style=\"font-family: Arial, sans-serif; font-size: 14px; overflow: hidden; padding: 10px 5px; text-align: left; vertical-align: top; word-break: normal; border: 1px solid black;\">Origen del producto :<\/td>\n<td style=\"font-family: Arial, sans-serif; font-size: 14px; overflow: hidden; padding: 10px 5px; text-align: left; vertical-align: top; word-break: normal; border: 1px solid black;\">Quanzhou Fujian<\/td>\n<\/tr>\n<tr>\n<td style=\"font-family: Arial, sans-serif; font-size: 14px; overflow: hidden; padding: 10px 5px; text-align: left; vertical-align: top; word-break: normal; border: 1px solid black;\">Color :<\/td>\n<td style=\"font-family: Arial, sans-serif; font-size: 14px; overflow: hidden; padding: 10px 5px; text-align: left; vertical-align: top; word-break: normal; border: 1px solid black;\">personalizar seg\u00fan la demanda<\/td>\n<\/tr>\n<tr>\n<td style=\"font-family: Arial, sans-serif; font-size: 14px; overflow: hidden; padding: 10px 5px; text-align: left; vertical-align: top; word-break: normal; border: 1px solid black;\">Puerto de embarque :<\/td>\n<td style=\"font-family: Arial, sans-serif; font-size: 14px; overflow: hidden; padding: 10px 5px; text-align: left; vertical-align: top; word-break: normal; border: 1px solid black;\">Xiamen<\/td>\n<\/tr>\n<tr>\n<td style=\"font-family: Arial, sans-serif; font-size: 14px; overflow: hidden; padding: 10px 5px; text-align: left; vertical-align: top; word-break: normal; border: 1px solid black;\">Plazo de entrega :<\/td>\n<td style=\"font-family: Arial, sans-serif; font-size: 14px; overflow: hidden; padding: 10px 5px; text-align: left; vertical-align: top; word-break: normal; border: 1px solid black;\">20-25 d\u00edas<\/td>\n<\/tr>\n<\/tbody>\n<\/table>\n<p>&nbsp;<\/p>","protected":false},"featured_media":8116,"template":"","meta":[],"product_brand":[],"product_cat":[758,759],"product_tag":[],"class_list":{"0":"post-8115","1":"product","2":"type-product","3":"status-publish","4":"has-post-thumbnail","6":"product_cat-block-moulds","7":"product_cat-hollow-block-mould","9":"first","10":"instock","11":"shipping-taxable","12":"product-type-simple"},"yoast_head":"<!-- This site is optimized with the Yoast SEO plugin v24.4 - https:\/\/yoast.com\/wordpress\/plugins\/seo\/ -->\n<title>Hourdi Grass\u2011Stone &amp; Ceiling Block Moulds | Kimberly Machinery<\/title>\n<meta name=\"description\" content=\"Premium moulds for grass stones, hollow blocks and ceiling blocks. Durable, wear\u2011resistant and compatible with MASA, HESS, Zenith block machines.\" \/>\n<meta name=\"robots\" content=\"index, follow, max-snippet:-1, max-image-preview:large, max-video-preview:-1\" \/>\n<link rel=\"canonical\" href=\"https:\/\/www.kblmachinery.com\/es\/hourdi-moule-grass-stone-mold-eared-ceiling-block-for-concrete-brick-machine\/\" \/>\n<meta property=\"og:locale\" content=\"es_ES\" \/>\n<meta property=\"og:type\" content=\"article\" \/>\n<meta property=\"og:title\" content=\"Hourdi Grass\u2011Stone &amp; Ceiling Block Moulds | Kimberly Machinery\" \/>\n<meta property=\"og:description\" content=\"Premium moulds for grass stones, hollow blocks and ceiling blocks. Durable, wear\u2011resistant and compatible with MASA, HESS, Zenith block machines.\" \/>\n<meta property=\"og:url\" content=\"https:\/\/www.kblmachinery.com\/es\/hourdi-moule-grass-stone-mold-eared-ceiling-block-for-concrete-brick-machine\/\" \/>\n<meta property=\"og:site_name\" content=\"Kimberly Machinery\" \/>\n<meta property=\"article:publisher\" content=\"https:\/\/www.facebook.com\/KimberlyMachinery\" \/>\n<meta property=\"article:modified_time\" content=\"2025-11-28T07:53:43+00:00\" \/>\n<meta property=\"og:image\" content=\"https:\/\/www.kblmachinery.com\/wp-content\/uploads\/2025\/11\/Hourdi-Moule-Grass-Stone-Mold-Eared-Ceiling-Block-For-Concrete-Brick-Machine.webp\" \/>\n\t<meta property=\"og:image:width\" content=\"805\" \/>\n\t<meta property=\"og:image:height\" content=\"805\" \/>\n\t<meta property=\"og:image:type\" content=\"image\/webp\" \/>\n<meta name=\"twitter:card\" content=\"summary_large_image\" \/>\n<meta name=\"twitter:label1\" content=\"Tiempo de lectura\" \/>\n\t<meta name=\"twitter:data1\" content=\"2 minutos\" \/>\n<script type=\"application\/ld+json\" class=\"yoast-schema-graph\">{\"@context\":\"https:\/\/schema.org\",\"@graph\":[{\"@type\":\"WebPage\",\"@id\":\"https:\/\/www.kblmachinery.com\/hourdi-moule-grass-stone-mold-eared-ceiling-block-for-concrete-brick-machine\/\",\"url\":\"https:\/\/www.kblmachinery.com\/hourdi-moule-grass-stone-mold-eared-ceiling-block-for-concrete-brick-machine\/\",\"name\":\"Hourdi Grass\u2011Stone & Ceiling Block Moulds | Kimberly Machinery\",\"isPartOf\":{\"@id\":\"https:\/\/www.kblmachinery.com\/#website\"},\"primaryImageOfPage\":{\"@id\":\"https:\/\/www.kblmachinery.com\/hourdi-moule-grass-stone-mold-eared-ceiling-block-for-concrete-brick-machine\/#primaryimage\"},\"image\":{\"@id\":\"https:\/\/www.kblmachinery.com\/hourdi-moule-grass-stone-mold-eared-ceiling-block-for-concrete-brick-machine\/#primaryimage\"},\"thumbnailUrl\":\"https:\/\/www.kblmachinery.com\/wp-content\/uploads\/2025\/11\/Hourdi-Moule-Grass-Stone-Mold-Eared-Ceiling-Block-For-Concrete-Brick-Machine.webp\",\"datePublished\":\"2024-08-17T05:04:00+00:00\",\"dateModified\":\"2025-11-28T07:53:43+00:00\",\"description\":\"Premium moulds for grass stones, hollow blocks and ceiling blocks. Durable, wear\u2011resistant and compatible with MASA, HESS, Zenith block machines.\",\"breadcrumb\":{\"@id\":\"https:\/\/www.kblmachinery.com\/hourdi-moule-grass-stone-mold-eared-ceiling-block-for-concrete-brick-machine\/#breadcrumb\"},\"inLanguage\":\"es\",\"potentialAction\":[{\"@type\":\"ReadAction\",\"target\":[\"https:\/\/www.kblmachinery.com\/hourdi-moule-grass-stone-mold-eared-ceiling-block-for-concrete-brick-machine\/\"]}]},{\"@type\":\"ImageObject\",\"inLanguage\":\"es\",\"@id\":\"https:\/\/www.kblmachinery.com\/hourdi-moule-grass-stone-mold-eared-ceiling-block-for-concrete-brick-machine\/#primaryimage\",\"url\":\"https:\/\/www.kblmachinery.com\/wp-content\/uploads\/2025\/11\/Hourdi-Moule-Grass-Stone-Mold-Eared-Ceiling-Block-For-Concrete-Brick-Machine.webp\",\"contentUrl\":\"https:\/\/www.kblmachinery.com\/wp-content\/uploads\/2025\/11\/Hourdi-Moule-Grass-Stone-Mold-Eared-Ceiling-Block-For-Concrete-Brick-Machine.webp\",\"width\":805,\"height\":805,\"caption\":\"Grass Stone Mold\"},{\"@type\":\"BreadcrumbList\",\"@id\":\"https:\/\/www.kblmachinery.com\/hourdi-moule-grass-stone-mold-eared-ceiling-block-for-concrete-brick-machine\/#breadcrumb\",\"itemListElement\":[{\"@type\":\"ListItem\",\"position\":1,\"name\":\"Home\",\"item\":\"https:\/\/www.kblmachinery.com\/\"},{\"@type\":\"ListItem\",\"position\":2,\"name\":\"Hourdi Moule Grass Stone Mold Eared Ceiling Block For Concrete Brick Machine\"}]},{\"@type\":\"WebSite\",\"@id\":\"https:\/\/www.kblmachinery.com\/#website\",\"url\":\"https:\/\/www.kblmachinery.com\/\",\"name\":\"Professional Brick\/Block Making Machine in China\",\"description\":\"Block Machine Manufacturer - Kimberly Machinery\",\"publisher\":{\"@id\":\"https:\/\/www.kblmachinery.com\/#organization\"},\"potentialAction\":[{\"@type\":\"SearchAction\",\"target\":{\"@type\":\"EntryPoint\",\"urlTemplate\":\"https:\/\/www.kblmachinery.com\/?s={search_term_string}\"},\"query-input\":{\"@type\":\"PropertyValueSpecification\",\"valueRequired\":true,\"valueName\":\"search_term_string\"}}],\"inLanguage\":\"es\"},{\"@type\":\"Organization\",\"@id\":\"https:\/\/www.kblmachinery.com\/#organization\",\"name\":\"Quanzhou Kimberly Machinery Manufacturing Co. Ltd\",\"url\":\"https:\/\/www.kblmachinery.com\/\",\"logo\":{\"@type\":\"ImageObject\",\"inLanguage\":\"es\",\"@id\":\"https:\/\/www.kblmachinery.com\/#\/schema\/logo\/image\/\",\"url\":\"https:\/\/www.kblmachinery.com\/wp-content\/uploads\/2025\/11\/cropped-logo-1-1.png\",\"contentUrl\":\"https:\/\/www.kblmachinery.com\/wp-content\/uploads\/2025\/11\/cropped-logo-1-1.png\",\"width\":123,\"height\":136,\"caption\":\"Quanzhou Kimberly Machinery Manufacturing Co. Ltd\"},\"image\":{\"@id\":\"https:\/\/www.kblmachinery.com\/#\/schema\/logo\/image\/\"},\"sameAs\":[\"https:\/\/www.facebook.com\/KimberlyMachinery\"]}]}<\/script>\n<!-- \/ Yoast SEO plugin. -->","yoast_head_json":{"title":"Hourdi Grass\u2011Stone & Ceiling Block Moulds | Kimberly Machinery","description":"Premium moulds for grass stones, hollow blocks and ceiling blocks. Durable, wear\u2011resistant and compatible with MASA, HESS, Zenith block machines.","robots":{"index":"index","follow":"follow","max-snippet":"max-snippet:-1","max-image-preview":"max-image-preview:large","max-video-preview":"max-video-preview:-1"},"canonical":"https:\/\/www.kblmachinery.com\/es\/hourdi-moule-grass-stone-mold-eared-ceiling-block-for-concrete-brick-machine\/","og_locale":"es_ES","og_type":"article","og_title":"Hourdi Grass\u2011Stone & Ceiling Block Moulds | Kimberly Machinery","og_description":"Premium moulds for grass stones, hollow blocks and ceiling blocks. Durable, wear\u2011resistant and compatible with MASA, HESS, Zenith block machines.","og_url":"https:\/\/www.kblmachinery.com\/es\/hourdi-moule-grass-stone-mold-eared-ceiling-block-for-concrete-brick-machine\/","og_site_name":"Kimberly Machinery","article_publisher":"https:\/\/www.facebook.com\/KimberlyMachinery","article_modified_time":"2025-11-28T07:53:43+00:00","og_image":[{"width":805,"height":805,"url":"https:\/\/www.kblmachinery.com\/wp-content\/uploads\/2025\/11\/Hourdi-Moule-Grass-Stone-Mold-Eared-Ceiling-Block-For-Concrete-Brick-Machine.webp","type":"image\/webp"}],"twitter_card":"summary_large_image","twitter_misc":{"Tiempo de lectura":"2 minutos"},"schema":{"@context":"https:\/\/schema.org","@graph":[{"@type":"WebPage","@id":"https:\/\/www.kblmachinery.com\/hourdi-moule-grass-stone-mold-eared-ceiling-block-for-concrete-brick-machine\/","url":"https:\/\/www.kblmachinery.com\/hourdi-moule-grass-stone-mold-eared-ceiling-block-for-concrete-brick-machine\/","name":"Hourdi Grass\u2011Stone & Ceiling Block Moulds | Kimberly Machinery","isPartOf":{"@id":"https:\/\/www.kblmachinery.com\/#website"},"primaryImageOfPage":{"@id":"https:\/\/www.kblmachinery.com\/hourdi-moule-grass-stone-mold-eared-ceiling-block-for-concrete-brick-machine\/#primaryimage"},"image":{"@id":"https:\/\/www.kblmachinery.com\/hourdi-moule-grass-stone-mold-eared-ceiling-block-for-concrete-brick-machine\/#primaryimage"},"thumbnailUrl":"https:\/\/www.kblmachinery.com\/wp-content\/uploads\/2025\/11\/Hourdi-Moule-Grass-Stone-Mold-Eared-Ceiling-Block-For-Concrete-Brick-Machine.webp","datePublished":"2024-08-17T05:04:00+00:00","dateModified":"2025-11-28T07:53:43+00:00","description":"Premium moulds for grass stones, hollow blocks and ceiling blocks. Durable, wear\u2011resistant and compatible with MASA, HESS, Zenith block machines.","breadcrumb":{"@id":"https:\/\/www.kblmachinery.com\/hourdi-moule-grass-stone-mold-eared-ceiling-block-for-concrete-brick-machine\/#breadcrumb"},"inLanguage":"es","potentialAction":[{"@type":"ReadAction","target":["https:\/\/www.kblmachinery.com\/hourdi-moule-grass-stone-mold-eared-ceiling-block-for-concrete-brick-machine\/"]}]},{"@type":"ImageObject","inLanguage":"es","@id":"https:\/\/www.kblmachinery.com\/hourdi-moule-grass-stone-mold-eared-ceiling-block-for-concrete-brick-machine\/#primaryimage","url":"https:\/\/www.kblmachinery.com\/wp-content\/uploads\/2025\/11\/Hourdi-Moule-Grass-Stone-Mold-Eared-Ceiling-Block-For-Concrete-Brick-Machine.webp","contentUrl":"https:\/\/www.kblmachinery.com\/wp-content\/uploads\/2025\/11\/Hourdi-Moule-Grass-Stone-Mold-Eared-Ceiling-Block-For-Concrete-Brick-Machine.webp","width":805,"height":805,"caption":"Grass Stone Mold"},{"@type":"BreadcrumbList","@id":"https:\/\/www.kblmachinery.com\/hourdi-moule-grass-stone-mold-eared-ceiling-block-for-concrete-brick-machine\/#breadcrumb","itemListElement":[{"@type":"ListItem","position":1,"name":"Home","item":"https:\/\/www.kblmachinery.com\/"},{"@type":"ListItem","position":2,"name":"Hourdi Moule Grass Stone Mold Eared Ceiling Block For Concrete Brick Machine"}]},{"@type":"WebSite","@id":"https:\/\/www.kblmachinery.com\/#website","url":"https:\/\/www.kblmachinery.com\/","name":"Professional Brick\/Block Making Machine in China","description":"Block Machine Manufacturer - Kimberly Machinery","publisher":{"@id":"https:\/\/www.kblmachinery.com\/#organization"},"potentialAction":[{"@type":"SearchAction","target":{"@type":"EntryPoint","urlTemplate":"https:\/\/www.kblmachinery.com\/?s={search_term_string}"},"query-input":{"@type":"PropertyValueSpecification","valueRequired":true,"valueName":"search_term_string"}}],"inLanguage":"es"},{"@type":"Organization","@id":"https:\/\/www.kblmachinery.com\/#organization","name":"Quanzhou Kimberly Machinery Manufacturing Co. Ltd","url":"https:\/\/www.kblmachinery.com\/","logo":{"@type":"ImageObject","inLanguage":"es","@id":"https:\/\/www.kblmachinery.com\/#\/schema\/logo\/image\/","url":"https:\/\/www.kblmachinery.com\/wp-content\/uploads\/2025\/11\/cropped-logo-1-1.png","contentUrl":"https:\/\/www.kblmachinery.com\/wp-content\/uploads\/2025\/11\/cropped-logo-1-1.png","width":123,"height":136,"caption":"Quanzhou Kimberly Machinery Manufacturing Co. Ltd"},"image":{"@id":"https:\/\/www.kblmachinery.com\/#\/schema\/logo\/image\/"},"sameAs":["https:\/\/www.facebook.com\/KimberlyMachinery"]}]}},"_links":{"self":[{"href":"https:\/\/www.kblmachinery.com\/es\/wp-json\/wp\/v2\/product\/8115","targetHints":{"allow":["GET"]}}],"collection":[{"href":"https:\/\/www.kblmachinery.com\/es\/wp-json\/wp\/v2\/product"}],"about":[{"href":"https:\/\/www.kblmachinery.com\/es\/wp-json\/wp\/v2\/types\/product"}],"wp:featuredmedia":[{"embeddable":true,"href":"https:\/\/www.kblmachinery.com\/es\/wp-json\/wp\/v2\/media\/8116"}],"wp:attachment":[{"href":"https:\/\/www.kblmachinery.com\/es\/wp-json\/wp\/v2\/media?parent=8115"}],"wp:term":[{"taxonomy":"product_brand","embeddable":true,"href":"https:\/\/www.kblmachinery.com\/es\/wp-json\/wp\/v2\/product_brand?post=8115"},{"taxonomy":"product_cat","embeddable":true,"href":"https:\/\/www.kblmachinery.com\/es\/wp-json\/wp\/v2\/product_cat?post=8115"},{"taxonomy":"product_tag","embeddable":true,"href":"https:\/\/www.kblmachinery.com\/es\/wp-json\/wp\/v2\/product_tag?post=8115"}],"curies":[{"name":"wp","href":"https:\/\/api.w.org\/{rel}","templated":true}]}}