{"id":8128,"date":"2024-08-17T05:03:00","date_gmt":"2024-08-17T05:03:00","guid":{"rendered":"https:\/\/www.kblmachinery.com\/?post_type=product&#038;p=8128"},"modified":"2025-11-28T07:54:24","modified_gmt":"2025-11-28T07:54:24","slug":"thermally-insulated-hollow-blocks-mold-mould-moule-for-building","status":"publish","type":"product","link":"https:\/\/www.kblmachinery.com\/es\/thermally-insulated-hollow-blocks-mold-mould-moule-for-building\/","title":{"rendered":"Bloques huecos con aislamiento t\u00e9rmico Moldes para la construcci\u00f3n"},"content":{"rendered":"<h2>Molde de bloque hueco con aislamiento t\u00e9rmico para la construcci\u00f3n<\/h2>\n<h3 data-start=\"3\" data-end=\"282\">1.Tipo de bloque:<\/h3>\n<p data-start=\"3\" data-end=\"282\">Dise\u00f1amos y fabricamos moldes de acero de alta calidad para producir adoquines entrelazados, losas, adoquines permeables, bordillos, muros de contenci\u00f3n, bloques huecos y bloques especiales. Cumplimos los requisitos de nuestros clientes ofreciendo soluciones innovadoras.<\/p>\n<h3 data-start=\"287\" data-end=\"471\">2.Materia prima:<\/h3>\n<p data-start=\"287\" data-end=\"471\">Utilizamos acero templado y revenido de primera calidad importado de Italia para fabricar moldes de bloques de hormig\u00f3n. Este acero se somete a un tratamiento t\u00e9rmico para mejorar su resistencia a la abrasi\u00f3n.<\/p>\n<h3 data-start=\"476\" data-end=\"734\">3. Experiencia en fabricaci\u00f3n:<\/h3>\n<p data-start=\"476\" data-end=\"734\" data-is-last-node=\"\">Con casi 30 a\u00f1os de experiencia en fabricaci\u00f3n, servimos a clientes de todo el mundo. Combinando nuestra experiencia con acero de alta calidad, garantizamos productos de primera categor\u00eda para compradores como Masa, Hess, Zenith, Tiger, Bessel, Ritu, etc.<\/p>\n<p><img loading=\"lazy\" decoding=\"async\" class=\"size-full wp-image-8129 aligncenter\" src=\"https:\/\/www.kblmachinery.com\/wp-content\/uploads\/2025\/11\/Thermally-Insulated-Hollow-Blocks-Mold-Mould-Moule-for-Building.webp\" alt=\"molde de bloque hueco\" width=\"805\" height=\"805\" srcset=\"https:\/\/www.kblmachinery.com\/wp-content\/uploads\/2025\/11\/Thermally-Insulated-Hollow-Blocks-Mold-Mould-Moule-for-Building.webp 805w, https:\/\/www.kblmachinery.com\/wp-content\/uploads\/2025\/11\/Thermally-Insulated-Hollow-Blocks-Mold-Mould-Moule-for-Building-100x100.webp 100w, https:\/\/www.kblmachinery.com\/wp-content\/uploads\/2025\/11\/Thermally-Insulated-Hollow-Blocks-Mold-Mould-Moule-for-Building-600x600.webp 600w\" sizes=\"auto, (max-width: 805px) 100vw, 805px\" \/><\/p>\n<h2>Informaci\u00f3n t\u00e9cnica sobre nuestros moldes:<\/h2>\n<table class=\"tg\" style=\"border-collapse: collapse; border-spacing: 0;\">\n<tbody>\n<tr>\n<td style=\"font-family: Arial, sans-serif; font-size: 14px; overflow: hidden; padding: 10px 5px; text-align: left; vertical-align: top; word-break: normal; border: 1px solid black;\">Nombre<\/td>\n<td style=\"font-family: Arial, sans-serif; font-size: 14px; overflow: hidden; padding: 10px 5px; text-align: left; vertical-align: top; word-break: normal; border: 1px solid black;\">Molde de bloques huecos aislados<\/td>\n<td style=\"font-family: Arial, sans-serif; font-size: 14px; overflow: hidden; padding: 10px 5px; text-align: left; vertical-align: top; word-break: normal; border: 1px solid black;\">Tratamiento t\u00e9rmico<\/td>\n<td style=\"font-family: Arial, sans-serif; font-size: 14px; overflow: hidden; padding: 10px 5px; text-align: left; vertical-align: top; word-break: normal; border: 1px solid black;\">Carbonitruraci\u00f3n 900-950<span style=\"color: #555;\">\u00b0<\/span>C<\/td>\n<\/tr>\n<tr>\n<td style=\"font-family: Arial, sans-serif; font-size: 14px; overflow: hidden; padding: 10px 5px; text-align: left; vertical-align: top; word-break: normal; border: 1px solid black;\">materia prima<\/td>\n<td style=\"font-family: Arial, sans-serif; font-size: 14px; overflow: hidden; padding: 10px 5px; text-align: left; vertical-align: top; word-break: normal; border: 1px solid black;\">acero especial resistente al desgaste<\/td>\n<td style=\"font-family: Arial, sans-serif; font-size: 14px; overflow: hidden; padding: 10px 5px; text-align: left; vertical-align: top; word-break: normal; border: 1px solid black;\">Dureza<\/td>\n<td style=\"font-family: Arial, sans-serif; font-size: 14px; overflow: hidden; padding: 10px 5px; text-align: left; vertical-align: top; word-break: normal; border: 1px solid black;\">60-65HRC<\/td>\n<\/tr>\n<tr>\n<td style=\"font-family: Arial, sans-serif; font-size: 14px; overflow: hidden; padding: 10px 5px; text-align: left; vertical-align: top; word-break: normal; border: 1px solid black;\">Tipo de bloque<\/td>\n<td style=\"font-family: Arial, sans-serif; font-size: 14px; overflow: hidden; padding: 10px 5px; text-align: left; vertical-align: top; word-break: normal; border: 1px solid black;\">Bloques huecos, bloques entrelazados, adoquines y bordillos, todos personalizables<\/td>\n<td style=\"font-family: Arial, sans-serif; font-size: 14px; overflow: hidden; padding: 10px 5px; text-align: left; vertical-align: top; word-break: normal; border: 1px solid black;\">C\u00f3digo SA<\/td>\n<td style=\"font-family: Arial, sans-serif; font-size: 14px; overflow: hidden; padding: 10px 5px; text-align: left; vertical-align: top; word-break: normal; border: 1px solid black;\">848060<\/td>\n<\/tr>\n<tr>\n<td style=\"font-family: Arial, sans-serif; font-size: 14px; overflow: hidden; padding: 10px 5px; text-align: left; vertical-align: top; word-break: normal; border: 1px solid black;\">vida \u00fatil<\/td>\n<td style=\"font-family: Arial, sans-serif; font-size: 14px; overflow: hidden; padding: 10px 5px; text-align: left; vertical-align: top; word-break: normal; border: 1px solid black;\">100000-120000 veces<\/td>\n<td style=\"font-family: Arial, sans-serif; font-size: 14px; overflow: hidden; padding: 10px 5px; text-align: left; vertical-align: top; word-break: normal; border: 1px solid black;\">Embalaje<\/td>\n<td style=\"font-family: Arial, sans-serif; font-size: 14px; overflow: hidden; padding: 10px 5px; text-align: left; vertical-align: top; word-break: normal; border: 1px solid black;\">Madera + film pl\u00e1stico<\/td>\n<\/tr>\n<\/tbody>\n<\/table>\n<h2>Proceso de fabricaci\u00f3n mostrado<\/h2>\n<p><iframe loading=\"lazy\" title=\"V\u00eddeo de funcionamiento del bloque ICF\" src=\"https:\/\/www.youtube.com\/embed\/czhs2wYoLZg\" width=\"556\" height=\"310\" frameborder=\"0\" allowfullscreen=\"allowfullscreen\"><\/iframe><\/p>","protected":false},"excerpt":{"rendered":"<p>Podemos producir bloques huecos de hormig\u00f3n aislante, ladrillos porosos, ladrillos macizos, baldosas para carreteras, ladrillos de protecci\u00f3n de taludes fluviales, ladrillos cuadrados, ladrillos de muelle, ladrillos de aislamiento t\u00e9rmico, ladrillos de plantaci\u00f3n de c\u00e9sped, etc. Tambi\u00e9n personalizamos moldes de ladrillos de formas especiales para satisfacer las necesidades del comprador.<\/p>\n<table class=\"tg\" style=\"border-collapse: collapse; border-spacing: 0;\">\n<tbody>\n<tr>\n<td style=\"font-family: Arial, sans-serif; font-size: 14px; overflow: hidden; padding: 10px 5px; text-align: left; vertical-align: top; word-break: normal; border: 1px solid black;\">Pedido(MOQ) :<\/td>\n<td style=\"font-family: Arial, sans-serif; font-size: 14px; overflow: hidden; padding: 10px 5px; text-align: left; vertical-align: top; word-break: normal; border: 1px solid black;\">1 juego<\/td>\n<\/tr>\n<tr>\n<td style=\"font-family: Arial, sans-serif; font-size: 14px; overflow: hidden; padding: 10px 5px; text-align: left; vertical-align: top; word-break: normal; border: 1px solid black;\">Pago :<\/td>\n<td style=\"font-family: Arial, sans-serif; font-size: 14px; overflow: hidden; padding: 10px 5px; text-align: left; vertical-align: top; word-break: normal; border: 1px solid black;\">Pago T\/T 100% antes del env\u00edo o 100% mediante carta de cr\u00e9dito irrevocable y confirmada a la vista.<\/td>\n<\/tr>\n<tr>\n<td style=\"font-family: Arial, sans-serif; font-size: 14px; overflow: hidden; padding: 10px 5px; text-align: left; vertical-align: top; word-break: normal; border: 1px solid black;\">Origen del producto :<\/td>\n<td style=\"font-family: Arial, sans-serif; font-size: 14px; overflow: hidden; padding: 10px 5px; text-align: left; vertical-align: top; word-break: normal; border: 1px solid black;\">Quanzhou Fujian<\/td>\n<\/tr>\n<tr>\n<td style=\"font-family: Arial, sans-serif; font-size: 14px; overflow: hidden; padding: 10px 5px; text-align: left; vertical-align: top; word-break: normal; border: 1px solid black;\">Color :<\/td>\n<td style=\"font-family: Arial, sans-serif; font-size: 14px; overflow: hidden; padding: 10px 5px; text-align: left; vertical-align: top; word-break: normal; border: 1px solid black;\">personalizar seg\u00fan la demanda<\/td>\n<\/tr>\n<tr>\n<td style=\"font-family: Arial, sans-serif; font-size: 14px; overflow: hidden; padding: 10px 5px; text-align: left; vertical-align: top; word-break: normal; border: 1px solid black;\">Puerto de embarque :<\/td>\n<td style=\"font-family: Arial, sans-serif; font-size: 14px; overflow: hidden; padding: 10px 5px; text-align: left; vertical-align: top; word-break: normal; border: 1px solid black;\">Xiamen<\/td>\n<\/tr>\n<tr>\n<td style=\"font-family: Arial, sans-serif; font-size: 14px; overflow: hidden; padding: 10px 5px; text-align: left; vertical-align: top; word-break: normal; border: 1px solid black;\">Plazo de entrega :<\/td>\n<td style=\"font-family: Arial, sans-serif; font-size: 14px; overflow: hidden; padding: 10px 5px; text-align: left; vertical-align: top; word-break: normal; border: 1px solid black;\">20-25 d\u00edas<\/td>\n<\/tr>\n<\/tbody>\n<\/table>\n<p>&nbsp;<\/p>","protected":false},"featured_media":8129,"template":"","meta":[],"product_brand":[],"product_cat":[758,759],"product_tag":[],"class_list":{"0":"post-8128","1":"product","2":"type-product","3":"status-publish","4":"has-post-thumbnail","6":"product_cat-block-moulds","7":"product_cat-hollow-block-mould","9":"first","10":"instock","11":"shipping-taxable","12":"product-type-simple"},"yoast_head":"<!-- This site is optimized with the Yoast SEO plugin v24.4 - https:\/\/yoast.com\/wordpress\/plugins\/seo\/ -->\n<title>Thermally Insulated Hollow Block Moulds Supplier | Kimberly Machinery<\/title>\n<meta name=\"description\" content=\"High\u2011performance thermally insulated hollow block molds. Durable, wear\u2011resistant moulds ideal for energy\u2011efficient building blocks and global block machines.\" \/>\n<meta name=\"robots\" content=\"index, follow, max-snippet:-1, max-image-preview:large, max-video-preview:-1\" \/>\n<link rel=\"canonical\" href=\"https:\/\/www.kblmachinery.com\/es\/thermally-insulated-hollow-blocks-mold-mould-moule-for-building\/\" \/>\n<meta property=\"og:locale\" content=\"es_ES\" \/>\n<meta property=\"og:type\" content=\"article\" \/>\n<meta property=\"og:title\" content=\"Thermally Insulated Hollow Block Moulds Supplier | Kimberly Machinery\" \/>\n<meta property=\"og:description\" content=\"High\u2011performance thermally insulated hollow block molds. Durable, wear\u2011resistant moulds ideal for energy\u2011efficient building blocks and global block machines.\" \/>\n<meta property=\"og:url\" content=\"https:\/\/www.kblmachinery.com\/es\/thermally-insulated-hollow-blocks-mold-mould-moule-for-building\/\" \/>\n<meta property=\"og:site_name\" content=\"Kimberly Machinery\" \/>\n<meta property=\"article:publisher\" content=\"https:\/\/www.facebook.com\/KimberlyMachinery\" \/>\n<meta property=\"article:modified_time\" content=\"2025-11-28T07:54:24+00:00\" \/>\n<meta property=\"og:image\" content=\"https:\/\/www.kblmachinery.com\/wp-content\/uploads\/2025\/11\/Thermally-Insulated-Hollow-Blocks-Mold-Mould-Moule-for-Building.webp\" \/>\n\t<meta property=\"og:image:width\" content=\"805\" \/>\n\t<meta property=\"og:image:height\" content=\"805\" \/>\n\t<meta property=\"og:image:type\" content=\"image\/webp\" \/>\n<meta name=\"twitter:card\" content=\"summary_large_image\" \/>\n<meta name=\"twitter:label1\" content=\"Tiempo de lectura\" \/>\n\t<meta name=\"twitter:data1\" content=\"2 minutos\" \/>\n<script type=\"application\/ld+json\" class=\"yoast-schema-graph\">{\"@context\":\"https:\/\/schema.org\",\"@graph\":[{\"@type\":\"WebPage\",\"@id\":\"https:\/\/www.kblmachinery.com\/thermally-insulated-hollow-blocks-mold-mould-moule-for-building\/\",\"url\":\"https:\/\/www.kblmachinery.com\/thermally-insulated-hollow-blocks-mold-mould-moule-for-building\/\",\"name\":\"Thermally Insulated Hollow Block Moulds Supplier | Kimberly Machinery\",\"isPartOf\":{\"@id\":\"https:\/\/www.kblmachinery.com\/#website\"},\"primaryImageOfPage\":{\"@id\":\"https:\/\/www.kblmachinery.com\/thermally-insulated-hollow-blocks-mold-mould-moule-for-building\/#primaryimage\"},\"image\":{\"@id\":\"https:\/\/www.kblmachinery.com\/thermally-insulated-hollow-blocks-mold-mould-moule-for-building\/#primaryimage\"},\"thumbnailUrl\":\"https:\/\/www.kblmachinery.com\/wp-content\/uploads\/2025\/11\/Thermally-Insulated-Hollow-Blocks-Mold-Mould-Moule-for-Building.webp\",\"datePublished\":\"2024-08-17T05:03:00+00:00\",\"dateModified\":\"2025-11-28T07:54:24+00:00\",\"description\":\"High\u2011performance thermally insulated hollow block molds. Durable, wear\u2011resistant moulds ideal for energy\u2011efficient building blocks and global block machines.\",\"breadcrumb\":{\"@id\":\"https:\/\/www.kblmachinery.com\/thermally-insulated-hollow-blocks-mold-mould-moule-for-building\/#breadcrumb\"},\"inLanguage\":\"es\",\"potentialAction\":[{\"@type\":\"ReadAction\",\"target\":[\"https:\/\/www.kblmachinery.com\/thermally-insulated-hollow-blocks-mold-mould-moule-for-building\/\"]}]},{\"@type\":\"ImageObject\",\"inLanguage\":\"es\",\"@id\":\"https:\/\/www.kblmachinery.com\/thermally-insulated-hollow-blocks-mold-mould-moule-for-building\/#primaryimage\",\"url\":\"https:\/\/www.kblmachinery.com\/wp-content\/uploads\/2025\/11\/Thermally-Insulated-Hollow-Blocks-Mold-Mould-Moule-for-Building.webp\",\"contentUrl\":\"https:\/\/www.kblmachinery.com\/wp-content\/uploads\/2025\/11\/Thermally-Insulated-Hollow-Blocks-Mold-Mould-Moule-for-Building.webp\",\"width\":805,\"height\":805,\"caption\":\"hollow block mold\"},{\"@type\":\"BreadcrumbList\",\"@id\":\"https:\/\/www.kblmachinery.com\/thermally-insulated-hollow-blocks-mold-mould-moule-for-building\/#breadcrumb\",\"itemListElement\":[{\"@type\":\"ListItem\",\"position\":1,\"name\":\"Home\",\"item\":\"https:\/\/www.kblmachinery.com\/\"},{\"@type\":\"ListItem\",\"position\":2,\"name\":\"Thermally Insulated Hollow Blocks Mold Mould Moule for Building\"}]},{\"@type\":\"WebSite\",\"@id\":\"https:\/\/www.kblmachinery.com\/#website\",\"url\":\"https:\/\/www.kblmachinery.com\/\",\"name\":\"Professional Brick\/Block Making Machine in China\",\"description\":\"Block Machine Manufacturer - Kimberly Machinery\",\"publisher\":{\"@id\":\"https:\/\/www.kblmachinery.com\/#organization\"},\"potentialAction\":[{\"@type\":\"SearchAction\",\"target\":{\"@type\":\"EntryPoint\",\"urlTemplate\":\"https:\/\/www.kblmachinery.com\/?s={search_term_string}\"},\"query-input\":{\"@type\":\"PropertyValueSpecification\",\"valueRequired\":true,\"valueName\":\"search_term_string\"}}],\"inLanguage\":\"es\"},{\"@type\":\"Organization\",\"@id\":\"https:\/\/www.kblmachinery.com\/#organization\",\"name\":\"Quanzhou Kimberly Machinery Manufacturing Co. Ltd\",\"url\":\"https:\/\/www.kblmachinery.com\/\",\"logo\":{\"@type\":\"ImageObject\",\"inLanguage\":\"es\",\"@id\":\"https:\/\/www.kblmachinery.com\/#\/schema\/logo\/image\/\",\"url\":\"https:\/\/www.kblmachinery.com\/wp-content\/uploads\/2025\/11\/cropped-logo-1-1.png\",\"contentUrl\":\"https:\/\/www.kblmachinery.com\/wp-content\/uploads\/2025\/11\/cropped-logo-1-1.png\",\"width\":123,\"height\":136,\"caption\":\"Quanzhou Kimberly Machinery Manufacturing Co. Ltd\"},\"image\":{\"@id\":\"https:\/\/www.kblmachinery.com\/#\/schema\/logo\/image\/\"},\"sameAs\":[\"https:\/\/www.facebook.com\/KimberlyMachinery\"]}]}<\/script>\n<!-- \/ Yoast SEO plugin. -->","yoast_head_json":{"title":"Thermally Insulated Hollow Block Moulds Supplier | Kimberly Machinery","description":"High\u2011performance thermally insulated hollow block molds. Durable, wear\u2011resistant moulds ideal for energy\u2011efficient building blocks and global block machines.","robots":{"index":"index","follow":"follow","max-snippet":"max-snippet:-1","max-image-preview":"max-image-preview:large","max-video-preview":"max-video-preview:-1"},"canonical":"https:\/\/www.kblmachinery.com\/es\/thermally-insulated-hollow-blocks-mold-mould-moule-for-building\/","og_locale":"es_ES","og_type":"article","og_title":"Thermally Insulated Hollow Block Moulds Supplier | Kimberly Machinery","og_description":"High\u2011performance thermally insulated hollow block molds. Durable, wear\u2011resistant moulds ideal for energy\u2011efficient building blocks and global block machines.","og_url":"https:\/\/www.kblmachinery.com\/es\/thermally-insulated-hollow-blocks-mold-mould-moule-for-building\/","og_site_name":"Kimberly Machinery","article_publisher":"https:\/\/www.facebook.com\/KimberlyMachinery","article_modified_time":"2025-11-28T07:54:24+00:00","og_image":[{"width":805,"height":805,"url":"https:\/\/www.kblmachinery.com\/wp-content\/uploads\/2025\/11\/Thermally-Insulated-Hollow-Blocks-Mold-Mould-Moule-for-Building.webp","type":"image\/webp"}],"twitter_card":"summary_large_image","twitter_misc":{"Tiempo de lectura":"2 minutos"},"schema":{"@context":"https:\/\/schema.org","@graph":[{"@type":"WebPage","@id":"https:\/\/www.kblmachinery.com\/thermally-insulated-hollow-blocks-mold-mould-moule-for-building\/","url":"https:\/\/www.kblmachinery.com\/thermally-insulated-hollow-blocks-mold-mould-moule-for-building\/","name":"Thermally Insulated Hollow Block Moulds Supplier | Kimberly Machinery","isPartOf":{"@id":"https:\/\/www.kblmachinery.com\/#website"},"primaryImageOfPage":{"@id":"https:\/\/www.kblmachinery.com\/thermally-insulated-hollow-blocks-mold-mould-moule-for-building\/#primaryimage"},"image":{"@id":"https:\/\/www.kblmachinery.com\/thermally-insulated-hollow-blocks-mold-mould-moule-for-building\/#primaryimage"},"thumbnailUrl":"https:\/\/www.kblmachinery.com\/wp-content\/uploads\/2025\/11\/Thermally-Insulated-Hollow-Blocks-Mold-Mould-Moule-for-Building.webp","datePublished":"2024-08-17T05:03:00+00:00","dateModified":"2025-11-28T07:54:24+00:00","description":"High\u2011performance thermally insulated hollow block molds. Durable, wear\u2011resistant moulds ideal for energy\u2011efficient building blocks and global block machines.","breadcrumb":{"@id":"https:\/\/www.kblmachinery.com\/thermally-insulated-hollow-blocks-mold-mould-moule-for-building\/#breadcrumb"},"inLanguage":"es","potentialAction":[{"@type":"ReadAction","target":["https:\/\/www.kblmachinery.com\/thermally-insulated-hollow-blocks-mold-mould-moule-for-building\/"]}]},{"@type":"ImageObject","inLanguage":"es","@id":"https:\/\/www.kblmachinery.com\/thermally-insulated-hollow-blocks-mold-mould-moule-for-building\/#primaryimage","url":"https:\/\/www.kblmachinery.com\/wp-content\/uploads\/2025\/11\/Thermally-Insulated-Hollow-Blocks-Mold-Mould-Moule-for-Building.webp","contentUrl":"https:\/\/www.kblmachinery.com\/wp-content\/uploads\/2025\/11\/Thermally-Insulated-Hollow-Blocks-Mold-Mould-Moule-for-Building.webp","width":805,"height":805,"caption":"hollow block mold"},{"@type":"BreadcrumbList","@id":"https:\/\/www.kblmachinery.com\/thermally-insulated-hollow-blocks-mold-mould-moule-for-building\/#breadcrumb","itemListElement":[{"@type":"ListItem","position":1,"name":"Home","item":"https:\/\/www.kblmachinery.com\/"},{"@type":"ListItem","position":2,"name":"Thermally Insulated Hollow Blocks Mold Mould Moule for Building"}]},{"@type":"WebSite","@id":"https:\/\/www.kblmachinery.com\/#website","url":"https:\/\/www.kblmachinery.com\/","name":"Professional Brick\/Block Making Machine in China","description":"Block Machine Manufacturer - Kimberly Machinery","publisher":{"@id":"https:\/\/www.kblmachinery.com\/#organization"},"potentialAction":[{"@type":"SearchAction","target":{"@type":"EntryPoint","urlTemplate":"https:\/\/www.kblmachinery.com\/?s={search_term_string}"},"query-input":{"@type":"PropertyValueSpecification","valueRequired":true,"valueName":"search_term_string"}}],"inLanguage":"es"},{"@type":"Organization","@id":"https:\/\/www.kblmachinery.com\/#organization","name":"Quanzhou Kimberly Machinery Manufacturing Co. Ltd","url":"https:\/\/www.kblmachinery.com\/","logo":{"@type":"ImageObject","inLanguage":"es","@id":"https:\/\/www.kblmachinery.com\/#\/schema\/logo\/image\/","url":"https:\/\/www.kblmachinery.com\/wp-content\/uploads\/2025\/11\/cropped-logo-1-1.png","contentUrl":"https:\/\/www.kblmachinery.com\/wp-content\/uploads\/2025\/11\/cropped-logo-1-1.png","width":123,"height":136,"caption":"Quanzhou Kimberly Machinery Manufacturing Co. Ltd"},"image":{"@id":"https:\/\/www.kblmachinery.com\/#\/schema\/logo\/image\/"},"sameAs":["https:\/\/www.facebook.com\/KimberlyMachinery"]}]}},"_links":{"self":[{"href":"https:\/\/www.kblmachinery.com\/es\/wp-json\/wp\/v2\/product\/8128","targetHints":{"allow":["GET"]}}],"collection":[{"href":"https:\/\/www.kblmachinery.com\/es\/wp-json\/wp\/v2\/product"}],"about":[{"href":"https:\/\/www.kblmachinery.com\/es\/wp-json\/wp\/v2\/types\/product"}],"wp:featuredmedia":[{"embeddable":true,"href":"https:\/\/www.kblmachinery.com\/es\/wp-json\/wp\/v2\/media\/8129"}],"wp:attachment":[{"href":"https:\/\/www.kblmachinery.com\/es\/wp-json\/wp\/v2\/media?parent=8128"}],"wp:term":[{"taxonomy":"product_brand","embeddable":true,"href":"https:\/\/www.kblmachinery.com\/es\/wp-json\/wp\/v2\/product_brand?post=8128"},{"taxonomy":"product_cat","embeddable":true,"href":"https:\/\/www.kblmachinery.com\/es\/wp-json\/wp\/v2\/product_cat?post=8128"},{"taxonomy":"product_tag","embeddable":true,"href":"https:\/\/www.kblmachinery.com\/es\/wp-json\/wp\/v2\/product_tag?post=8128"}],"curies":[{"name":"wp","href":"https:\/\/api.w.org\/{rel}","templated":true}]}}