{"id":8138,"date":"2024-08-17T05:59:00","date_gmt":"2024-08-17T05:59:00","guid":{"rendered":"https:\/\/www.kblmachinery.com\/?post_type=product&#038;p=8138"},"modified":"2025-11-28T07:33:44","modified_gmt":"2025-11-28T07:33:44","slug":"masonry-building-block-mold-for-concrete-brick-making-machinery-like-masa-hess","status":"publish","type":"product","link":"https:\/\/www.kblmachinery.com\/es\/masonry-building-block-mold-for-concrete-brick-making-machinery-like-masa-hess\/","title":{"rendered":"Moldes de bloques de mamposter\u00eda para la fabricaci\u00f3n de ladrillos de hormig\u00f3n Maquinaria Como MASA HESS"},"content":{"rendered":"<h2>Moldes de bloques de mamposter\u00eda para m\u00e1quinas de ladrillos de hormig\u00f3n como MASA HESS<\/h2>\n<table class=\"tg\" style=\"border-collapse: collapse; border-spacing: 0;\">\n<tbody>\n<tr>\n<td style=\"font-family: Arial, sans-serif; font-size: 14px; overflow: hidden; padding: 10px 5px; text-align: left; vertical-align: top; word-break: normal; border: 1px solid black;\">Nombre<\/td>\n<td style=\"font-family: Arial, sans-serif; font-size: 14px; overflow: hidden; padding: 10px 5px; text-align: left; vertical-align: top; word-break: normal; border: 1px solid black;\">Molde de bloques de mamposter\u00eda<\/td>\n<td style=\"font-family: Arial, sans-serif; font-size: 14px; overflow: hidden; padding: 10px 5px; text-align: left; vertical-align: top; word-break: normal; border: 1px solid black;\">Tratamiento t\u00e9rmico<\/td>\n<td style=\"font-family: Arial, sans-serif; font-size: 14px; overflow: hidden; padding: 10px 5px; text-align: left; vertical-align: top; word-break: normal; border: 1px solid black;\">Carbonitruraci\u00f3n 900-950<span style=\"color: #555;\">\u00b0<\/span>C<\/td>\n<\/tr>\n<tr>\n<td style=\"font-family: Arial, sans-serif; font-size: 14px; overflow: hidden; padding: 10px 5px; text-align: left; vertical-align: top; word-break: normal; border: 1px solid black;\">materia prima<\/td>\n<td style=\"font-family: Arial, sans-serif; font-size: 14px; overflow: hidden; padding: 10px 5px; text-align: left; vertical-align: top; word-break: normal; border: 1px solid black;\">acero especial resistente al desgaste<\/td>\n<td style=\"font-family: Arial, sans-serif; font-size: 14px; overflow: hidden; padding: 10px 5px; text-align: left; vertical-align: top; word-break: normal; border: 1px solid black;\">Dureza<\/td>\n<td style=\"font-family: Arial, sans-serif; font-size: 14px; overflow: hidden; padding: 10px 5px; text-align: left; vertical-align: top; word-break: normal; border: 1px solid black;\">60-65HRC<\/td>\n<\/tr>\n<tr>\n<td style=\"font-family: Arial, sans-serif; font-size: 14px; overflow: hidden; padding: 10px 5px; text-align: left; vertical-align: top; word-break: normal; border: 1px solid black;\">Tipo de bloque<\/td>\n<td style=\"font-family: Arial, sans-serif; font-size: 14px; overflow: hidden; padding: 10px 5px; text-align: left; vertical-align: top; word-break: normal; border: 1px solid black;\">Bloques huecos, bloques entrelazados, adoquines y bordillos, todos personalizables<\/td>\n<td style=\"font-family: Arial, sans-serif; font-size: 14px; overflow: hidden; padding: 10px 5px; text-align: left; vertical-align: top; word-break: normal; border: 1px solid black;\">C\u00f3digo SA<\/td>\n<td style=\"font-family: Arial, sans-serif; font-size: 14px; overflow: hidden; padding: 10px 5px; text-align: left; vertical-align: top; word-break: normal; border: 1px solid black;\">848060<\/td>\n<\/tr>\n<tr>\n<td style=\"font-family: Arial, sans-serif; font-size: 14px; overflow: hidden; padding: 10px 5px; text-align: left; vertical-align: top; word-break: normal; border: 1px solid black;\">vida \u00fatil<\/td>\n<td style=\"font-family: Arial, sans-serif; font-size: 14px; overflow: hidden; padding: 10px 5px; text-align: left; vertical-align: top; word-break: normal; border: 1px solid black;\">100000-120000 veces<\/td>\n<td style=\"font-family: Arial, sans-serif; font-size: 14px; overflow: hidden; padding: 10px 5px; text-align: left; vertical-align: top; word-break: normal; border: 1px solid black;\">Embalaje<\/td>\n<td style=\"font-family: Arial, sans-serif; font-size: 14px; overflow: hidden; padding: 10px 5px; text-align: left; vertical-align: top; word-break: normal; border: 1px solid black;\">Madera + film pl\u00e1stico<\/td>\n<\/tr>\n<\/tbody>\n<\/table>\n<h2>Caracter\u00edsticas del molde<\/h2>\n<h3 data-start=\"131\" data-end=\"162\">Proceso de montaje avanzado<\/h3>\n<ul data-start=\"163\" data-end=\"986\">\n<li data-start=\"163\" data-end=\"434\">\n<p data-start=\"165\" data-end=\"434\">Soldadura de precisi\u00f3n y tratamiento antiestr\u00e9s: Utilizamos tecnolog\u00eda de soldadura de vanguardia y tratamientos antiestr\u00e9s para evitar deformaciones en la cavidad y el n\u00facleo del molde. Esto garantiza dimensiones, formas y tolerancias precisas, al tiempo que evita el atasco de componentes o el fallo del molde.<\/p>\n<\/li>\n<li data-start=\"435\" data-end=\"530\">\n<p data-start=\"437\" data-end=\"530\">Holgura del prensatelas: Se mantiene en 0,3-0,8 mm para una compatibilidad total con su m\u00e1quina.<\/p>\n<\/li>\n<li data-start=\"531\" data-end=\"650\">\n<p data-start=\"533\" data-end=\"650\">Conexiones de alta resistencia: Piezas est\u00e1ndar con tratamiento antiaflojamiento en todos los pernos de conexi\u00f3n para mayor durabilidad.<\/p>\n<\/li>\n<li data-start=\"651\" data-end=\"727\">\n<p data-start=\"653\" data-end=\"727\">Montaje normalizado: Permite sustituir f\u00e1cilmente las piezas individuales.<\/p>\n<\/li>\n<li data-start=\"728\" data-end=\"817\">\n<p data-start=\"730\" data-end=\"817\">Placas resistentes al desgaste: Las placas de acero de alta calidad garantizan un rendimiento duradero.<\/p>\n<\/li>\n<li data-start=\"818\" data-end=\"893\">\n<p data-start=\"820\" data-end=\"893\">Funci\u00f3n de amortiguaci\u00f3n: Reduce las vibraciones y garantiza un funcionamiento m\u00e1s suave.<\/p>\n<\/li>\n<li data-start=\"894\" data-end=\"986\">\n<p data-start=\"896\" data-end=\"986\">Dise\u00f1o personalizable: El dise\u00f1o digital de superficie libre est\u00e1 disponible para moldes especializados.<\/p>\n<\/li>\n<\/ul>\n<h3 data-start=\"988\" data-end=\"1021\">Durabilidad y tratamiento t\u00e9rmico<\/h3>\n<ul data-start=\"1022\" data-end=\"1211\">\n<li data-start=\"1022\" data-end=\"1117\">\n<p data-start=\"1024\" data-end=\"1117\">Carbonitruraci\u00f3n (60-65 HRC): El bastidor de la matriz y el pie de la prensa est\u00e1n endurecidos para ofrecer la m\u00e1xima resistencia.<\/p>\n<\/li>\n<li data-start=\"1118\" data-end=\"1211\">\n<p data-start=\"1120\" data-end=\"1211\">Profundidad de endurecimiento: M\u00ednimo 1,2 mm para una mayor durabilidad y resistencia al desgaste a largo plazo.<\/p>\n<\/li>\n<\/ul>\n<p><iframe loading=\"lazy\" title=\"V\u00eddeo de funcionamiento del bloque ICF\" src=\"https:\/\/www.youtube.com\/embed\/czhs2wYoLZg\" width=\"556\" height=\"310\" frameborder=\"0\" allowfullscreen=\"allowfullscreen\"><\/iframe><\/p>","protected":false},"excerpt":{"rendered":"<p>Con casi 30 a\u00f1os de experiencia en la fabricaci\u00f3n de diversos moldes para bloques de hormig\u00f3n, le ofrecemos la posibilidad de elegir entre 80.000 o 120.000 ciclos, y nuestros moldes con tratamiento t\u00e9rmico alcanzan una dureza de 62 grados.<\/p>\n<table class=\"tg\" style=\"border-collapse: collapse; border-spacing: 0px; height: 215px;\" width=\"100%\">\n<tbody>\n<tr>\n<td style=\"font-family: Arial, sans-serif; font-size: 14px; overflow: hidden; padding: 10px 5px; text-align: left; vertical-align: top; word-break: normal; border: 1px solid black;\">Pedido(MOQ) :<\/td>\n<td style=\"font-family: Arial, sans-serif; font-size: 14px; overflow: hidden; padding: 10px 5px; text-align: left; vertical-align: top; word-break: normal; border: 1px solid black;\">1 juego<\/td>\n<\/tr>\n<tr>\n<td style=\"font-family: Arial, sans-serif; font-size: 14px; overflow: hidden; padding: 10px 5px; text-align: left; vertical-align: top; word-break: normal; border: 1px solid black;\">Pago :<\/td>\n<td style=\"font-family: Arial, sans-serif; font-size: 14px; overflow: hidden; padding: 10px 5px; text-align: left; vertical-align: top; word-break: normal; border: 1px solid black;\">Pago T\/T 100% antes del env\u00edo o 100% mediante carta de cr\u00e9dito irrevocable y confirmada a la vista.<\/td>\n<\/tr>\n<tr>\n<td style=\"font-family: Arial, sans-serif; font-size: 14px; overflow: hidden; padding: 10px 5px; text-align: left; vertical-align: top; word-break: normal; border: 1px solid black;\">Origen del producto :<\/td>\n<td style=\"font-family: Arial, sans-serif; font-size: 14px; overflow: hidden; padding: 10px 5px; text-align: left; vertical-align: top; word-break: normal; border: 1px solid black;\">Quanzhou Fujian<\/td>\n<\/tr>\n<tr>\n<td style=\"font-family: Arial, sans-serif; font-size: 14px; overflow: hidden; padding: 10px 5px; text-align: left; vertical-align: top; word-break: normal; border: 1px solid black;\">Color :<\/td>\n<td style=\"font-family: Arial, sans-serif; font-size: 14px; overflow: hidden; padding: 10px 5px; text-align: left; vertical-align: top; word-break: normal; border: 1px solid black;\">personalizar seg\u00fan la demanda<\/td>\n<\/tr>\n<tr>\n<td style=\"font-family: Arial, sans-serif; font-size: 14px; overflow: hidden; padding: 10px 5px; text-align: left; vertical-align: top; word-break: normal; border: 1px solid black;\">Puerto de embarque :<\/td>\n<td style=\"font-family: Arial, sans-serif; font-size: 14px; overflow: hidden; padding: 10px 5px; text-align: left; vertical-align: top; word-break: normal; border: 1px solid black;\">Xiamen<\/td>\n<\/tr>\n<tr>\n<td style=\"font-family: Arial, sans-serif; font-size: 14px; overflow: hidden; padding: 10px 5px; text-align: left; vertical-align: top; word-break: normal; border: 1px solid black;\">Plazo de entrega :<\/td>\n<td style=\"font-family: Arial, sans-serif; font-size: 14px; overflow: hidden; padding: 10px 5px; text-align: left; vertical-align: top; word-break: normal; border: 1px solid black;\">20-25 d\u00edas<\/td>\n<\/tr>\n<\/tbody>\n<\/table>\n<p>&nbsp;<\/p>","protected":false},"featured_media":8139,"template":"","meta":[],"product_brand":[],"product_cat":[758,761],"product_tag":[],"class_list":{"0":"post-8138","1":"product","2":"type-product","3":"status-publish","4":"has-post-thumbnail","6":"product_cat-block-moulds","7":"product_cat-kerbstone-block-mold","9":"first","10":"instock","11":"shipping-taxable","12":"product-type-simple"},"yoast_head":"<!-- This site is optimized with the Yoast SEO plugin v24.4 - https:\/\/yoast.com\/wordpress\/plugins\/seo\/ -->\n<title>Masonry Block Moulds Supplier | Concrete Brick Making Machines<\/title>\n<meta name=\"description\" content=\"Durable masonry building block molds compatible with MASA, HESS block machines. High\u2011precision concrete brick molds for global block production.\" \/>\n<meta name=\"robots\" content=\"index, follow, max-snippet:-1, max-image-preview:large, max-video-preview:-1\" \/>\n<link rel=\"canonical\" href=\"https:\/\/www.kblmachinery.com\/es\/masonry-building-block-mold-for-concrete-brick-making-machinery-like-masa-hess\/\" \/>\n<meta property=\"og:locale\" content=\"es_ES\" \/>\n<meta property=\"og:type\" content=\"article\" \/>\n<meta property=\"og:title\" content=\"Masonry Block Moulds Supplier | Concrete Brick Making Machines\" \/>\n<meta property=\"og:description\" content=\"Durable masonry building block molds compatible with MASA, HESS block machines. High\u2011precision concrete brick molds for global block production.\" \/>\n<meta property=\"og:url\" content=\"https:\/\/www.kblmachinery.com\/es\/masonry-building-block-mold-for-concrete-brick-making-machinery-like-masa-hess\/\" \/>\n<meta property=\"og:site_name\" content=\"Kimberly Machinery\" \/>\n<meta property=\"article:publisher\" content=\"https:\/\/www.facebook.com\/KimberlyMachinery\" \/>\n<meta property=\"article:modified_time\" content=\"2025-11-28T07:33:44+00:00\" \/>\n<meta property=\"og:image\" content=\"https:\/\/www.kblmachinery.com\/wp-content\/uploads\/2025\/11\/Masonry-Building-Block-Mold-for-Concrete-Brick-Making-Machinery-Like-MASA-HESS.webp\" \/>\n\t<meta property=\"og:image:width\" content=\"805\" \/>\n\t<meta property=\"og:image:height\" content=\"805\" \/>\n\t<meta property=\"og:image:type\" content=\"image\/webp\" \/>\n<meta name=\"twitter:card\" content=\"summary_large_image\" \/>\n<meta name=\"twitter:label1\" content=\"Tiempo de lectura\" \/>\n\t<meta name=\"twitter:data1\" content=\"1 minuto\" \/>\n<script type=\"application\/ld+json\" class=\"yoast-schema-graph\">{\"@context\":\"https:\/\/schema.org\",\"@graph\":[{\"@type\":\"WebPage\",\"@id\":\"https:\/\/www.kblmachinery.com\/masonry-building-block-mold-for-concrete-brick-making-machinery-like-masa-hess\/\",\"url\":\"https:\/\/www.kblmachinery.com\/masonry-building-block-mold-for-concrete-brick-making-machinery-like-masa-hess\/\",\"name\":\"Masonry Block Moulds Supplier | Concrete Brick Making Machines\",\"isPartOf\":{\"@id\":\"https:\/\/www.kblmachinery.com\/#website\"},\"primaryImageOfPage\":{\"@id\":\"https:\/\/www.kblmachinery.com\/masonry-building-block-mold-for-concrete-brick-making-machinery-like-masa-hess\/#primaryimage\"},\"image\":{\"@id\":\"https:\/\/www.kblmachinery.com\/masonry-building-block-mold-for-concrete-brick-making-machinery-like-masa-hess\/#primaryimage\"},\"thumbnailUrl\":\"https:\/\/www.kblmachinery.com\/wp-content\/uploads\/2025\/11\/Masonry-Building-Block-Mold-for-Concrete-Brick-Making-Machinery-Like-MASA-HESS.webp\",\"datePublished\":\"2024-08-17T05:59:00+00:00\",\"dateModified\":\"2025-11-28T07:33:44+00:00\",\"description\":\"Durable masonry building block molds compatible with MASA, HESS block machines. High\u2011precision concrete brick molds for global block production.\",\"breadcrumb\":{\"@id\":\"https:\/\/www.kblmachinery.com\/masonry-building-block-mold-for-concrete-brick-making-machinery-like-masa-hess\/#breadcrumb\"},\"inLanguage\":\"es\",\"potentialAction\":[{\"@type\":\"ReadAction\",\"target\":[\"https:\/\/www.kblmachinery.com\/masonry-building-block-mold-for-concrete-brick-making-machinery-like-masa-hess\/\"]}]},{\"@type\":\"ImageObject\",\"inLanguage\":\"es\",\"@id\":\"https:\/\/www.kblmachinery.com\/masonry-building-block-mold-for-concrete-brick-making-machinery-like-masa-hess\/#primaryimage\",\"url\":\"https:\/\/www.kblmachinery.com\/wp-content\/uploads\/2025\/11\/Masonry-Building-Block-Mold-for-Concrete-Brick-Making-Machinery-Like-MASA-HESS.webp\",\"contentUrl\":\"https:\/\/www.kblmachinery.com\/wp-content\/uploads\/2025\/11\/Masonry-Building-Block-Mold-for-Concrete-Brick-Making-Machinery-Like-MASA-HESS.webp\",\"width\":805,\"height\":805,\"caption\":\"concrete mold\"},{\"@type\":\"BreadcrumbList\",\"@id\":\"https:\/\/www.kblmachinery.com\/masonry-building-block-mold-for-concrete-brick-making-machinery-like-masa-hess\/#breadcrumb\",\"itemListElement\":[{\"@type\":\"ListItem\",\"position\":1,\"name\":\"Home\",\"item\":\"https:\/\/www.kblmachinery.com\/\"},{\"@type\":\"ListItem\",\"position\":2,\"name\":\"Masonry Building Block Mold for Concrete Brick Making Machinery Like MASA HESS\"}]},{\"@type\":\"WebSite\",\"@id\":\"https:\/\/www.kblmachinery.com\/#website\",\"url\":\"https:\/\/www.kblmachinery.com\/\",\"name\":\"Professional Brick\/Block Making Machine in China\",\"description\":\"Block Machine Manufacturer - Kimberly Machinery\",\"publisher\":{\"@id\":\"https:\/\/www.kblmachinery.com\/#organization\"},\"potentialAction\":[{\"@type\":\"SearchAction\",\"target\":{\"@type\":\"EntryPoint\",\"urlTemplate\":\"https:\/\/www.kblmachinery.com\/?s={search_term_string}\"},\"query-input\":{\"@type\":\"PropertyValueSpecification\",\"valueRequired\":true,\"valueName\":\"search_term_string\"}}],\"inLanguage\":\"es\"},{\"@type\":\"Organization\",\"@id\":\"https:\/\/www.kblmachinery.com\/#organization\",\"name\":\"Quanzhou Kimberly Machinery Manufacturing Co. Ltd\",\"url\":\"https:\/\/www.kblmachinery.com\/\",\"logo\":{\"@type\":\"ImageObject\",\"inLanguage\":\"es\",\"@id\":\"https:\/\/www.kblmachinery.com\/#\/schema\/logo\/image\/\",\"url\":\"https:\/\/www.kblmachinery.com\/wp-content\/uploads\/2025\/11\/cropped-logo-1-1.png\",\"contentUrl\":\"https:\/\/www.kblmachinery.com\/wp-content\/uploads\/2025\/11\/cropped-logo-1-1.png\",\"width\":123,\"height\":136,\"caption\":\"Quanzhou Kimberly Machinery Manufacturing Co. Ltd\"},\"image\":{\"@id\":\"https:\/\/www.kblmachinery.com\/#\/schema\/logo\/image\/\"},\"sameAs\":[\"https:\/\/www.facebook.com\/KimberlyMachinery\"]}]}<\/script>\n<!-- \/ Yoast SEO plugin. -->","yoast_head_json":{"title":"Masonry Block Moulds Supplier | Concrete Brick Making Machines","description":"Durable masonry building block molds compatible with MASA, HESS block machines. High\u2011precision concrete brick molds for global block production.","robots":{"index":"index","follow":"follow","max-snippet":"max-snippet:-1","max-image-preview":"max-image-preview:large","max-video-preview":"max-video-preview:-1"},"canonical":"https:\/\/www.kblmachinery.com\/es\/masonry-building-block-mold-for-concrete-brick-making-machinery-like-masa-hess\/","og_locale":"es_ES","og_type":"article","og_title":"Masonry Block Moulds Supplier | Concrete Brick Making Machines","og_description":"Durable masonry building block molds compatible with MASA, HESS block machines. High\u2011precision concrete brick molds for global block production.","og_url":"https:\/\/www.kblmachinery.com\/es\/masonry-building-block-mold-for-concrete-brick-making-machinery-like-masa-hess\/","og_site_name":"Kimberly Machinery","article_publisher":"https:\/\/www.facebook.com\/KimberlyMachinery","article_modified_time":"2025-11-28T07:33:44+00:00","og_image":[{"width":805,"height":805,"url":"https:\/\/www.kblmachinery.com\/wp-content\/uploads\/2025\/11\/Masonry-Building-Block-Mold-for-Concrete-Brick-Making-Machinery-Like-MASA-HESS.webp","type":"image\/webp"}],"twitter_card":"summary_large_image","twitter_misc":{"Tiempo de lectura":"1 minuto"},"schema":{"@context":"https:\/\/schema.org","@graph":[{"@type":"WebPage","@id":"https:\/\/www.kblmachinery.com\/masonry-building-block-mold-for-concrete-brick-making-machinery-like-masa-hess\/","url":"https:\/\/www.kblmachinery.com\/masonry-building-block-mold-for-concrete-brick-making-machinery-like-masa-hess\/","name":"Masonry Block Moulds Supplier | Concrete Brick Making Machines","isPartOf":{"@id":"https:\/\/www.kblmachinery.com\/#website"},"primaryImageOfPage":{"@id":"https:\/\/www.kblmachinery.com\/masonry-building-block-mold-for-concrete-brick-making-machinery-like-masa-hess\/#primaryimage"},"image":{"@id":"https:\/\/www.kblmachinery.com\/masonry-building-block-mold-for-concrete-brick-making-machinery-like-masa-hess\/#primaryimage"},"thumbnailUrl":"https:\/\/www.kblmachinery.com\/wp-content\/uploads\/2025\/11\/Masonry-Building-Block-Mold-for-Concrete-Brick-Making-Machinery-Like-MASA-HESS.webp","datePublished":"2024-08-17T05:59:00+00:00","dateModified":"2025-11-28T07:33:44+00:00","description":"Durable masonry building block molds compatible with MASA, HESS block machines. High\u2011precision concrete brick molds for global block production.","breadcrumb":{"@id":"https:\/\/www.kblmachinery.com\/masonry-building-block-mold-for-concrete-brick-making-machinery-like-masa-hess\/#breadcrumb"},"inLanguage":"es","potentialAction":[{"@type":"ReadAction","target":["https:\/\/www.kblmachinery.com\/masonry-building-block-mold-for-concrete-brick-making-machinery-like-masa-hess\/"]}]},{"@type":"ImageObject","inLanguage":"es","@id":"https:\/\/www.kblmachinery.com\/masonry-building-block-mold-for-concrete-brick-making-machinery-like-masa-hess\/#primaryimage","url":"https:\/\/www.kblmachinery.com\/wp-content\/uploads\/2025\/11\/Masonry-Building-Block-Mold-for-Concrete-Brick-Making-Machinery-Like-MASA-HESS.webp","contentUrl":"https:\/\/www.kblmachinery.com\/wp-content\/uploads\/2025\/11\/Masonry-Building-Block-Mold-for-Concrete-Brick-Making-Machinery-Like-MASA-HESS.webp","width":805,"height":805,"caption":"concrete mold"},{"@type":"BreadcrumbList","@id":"https:\/\/www.kblmachinery.com\/masonry-building-block-mold-for-concrete-brick-making-machinery-like-masa-hess\/#breadcrumb","itemListElement":[{"@type":"ListItem","position":1,"name":"Home","item":"https:\/\/www.kblmachinery.com\/"},{"@type":"ListItem","position":2,"name":"Masonry Building Block Mold for Concrete Brick Making Machinery Like MASA HESS"}]},{"@type":"WebSite","@id":"https:\/\/www.kblmachinery.com\/#website","url":"https:\/\/www.kblmachinery.com\/","name":"Professional Brick\/Block Making Machine in China","description":"Block Machine Manufacturer - Kimberly Machinery","publisher":{"@id":"https:\/\/www.kblmachinery.com\/#organization"},"potentialAction":[{"@type":"SearchAction","target":{"@type":"EntryPoint","urlTemplate":"https:\/\/www.kblmachinery.com\/?s={search_term_string}"},"query-input":{"@type":"PropertyValueSpecification","valueRequired":true,"valueName":"search_term_string"}}],"inLanguage":"es"},{"@type":"Organization","@id":"https:\/\/www.kblmachinery.com\/#organization","name":"Quanzhou Kimberly Machinery Manufacturing Co. Ltd","url":"https:\/\/www.kblmachinery.com\/","logo":{"@type":"ImageObject","inLanguage":"es","@id":"https:\/\/www.kblmachinery.com\/#\/schema\/logo\/image\/","url":"https:\/\/www.kblmachinery.com\/wp-content\/uploads\/2025\/11\/cropped-logo-1-1.png","contentUrl":"https:\/\/www.kblmachinery.com\/wp-content\/uploads\/2025\/11\/cropped-logo-1-1.png","width":123,"height":136,"caption":"Quanzhou Kimberly Machinery Manufacturing Co. Ltd"},"image":{"@id":"https:\/\/www.kblmachinery.com\/#\/schema\/logo\/image\/"},"sameAs":["https:\/\/www.facebook.com\/KimberlyMachinery"]}]}},"_links":{"self":[{"href":"https:\/\/www.kblmachinery.com\/es\/wp-json\/wp\/v2\/product\/8138","targetHints":{"allow":["GET"]}}],"collection":[{"href":"https:\/\/www.kblmachinery.com\/es\/wp-json\/wp\/v2\/product"}],"about":[{"href":"https:\/\/www.kblmachinery.com\/es\/wp-json\/wp\/v2\/types\/product"}],"wp:featuredmedia":[{"embeddable":true,"href":"https:\/\/www.kblmachinery.com\/es\/wp-json\/wp\/v2\/media\/8139"}],"wp:attachment":[{"href":"https:\/\/www.kblmachinery.com\/es\/wp-json\/wp\/v2\/media?parent=8138"}],"wp:term":[{"taxonomy":"product_brand","embeddable":true,"href":"https:\/\/www.kblmachinery.com\/es\/wp-json\/wp\/v2\/product_brand?post=8138"},{"taxonomy":"product_cat","embeddable":true,"href":"https:\/\/www.kblmachinery.com\/es\/wp-json\/wp\/v2\/product_cat?post=8138"},{"taxonomy":"product_tag","embeddable":true,"href":"https:\/\/www.kblmachinery.com\/es\/wp-json\/wp\/v2\/product_tag?post=8138"}],"curies":[{"name":"wp","href":"https:\/\/api.w.org\/{rel}","templated":true}]}}