{"id":8150,"date":"2024-08-17T05:50:00","date_gmt":"2024-08-17T05:50:00","guid":{"rendered":"https:\/\/www.kblmachinery.com\/?post_type=product&#038;p=8150"},"modified":"2025-11-28T07:40:11","modified_gmt":"2025-11-28T07:40:11","slug":"china-block-mold-manufacturer-paver-interlock-curbstone-mould-insulated-hollow-block-mould","status":"publish","type":"product","link":"https:\/\/www.kblmachinery.com\/es\/china-block-mold-manufacturer-paver-interlock-curbstone-mould-insulated-hollow-block-mould\/","title":{"rendered":"China Fabricante de moldes para adoquines Molde para adoquines aislados Molde para bloques huecos"},"content":{"rendered":"<h2>China Manufacturer of Paver, Interlock, Curbstone, and Insulated Hollow Block Molds<\/h2>\n<h3>1.Tipo de bloque:<\/h3>\n<p>We design and manufacture high-quality steel molds to produce interlocking paving stones, slabs, permeable paving stones, curbstones, retaining walls, hollow blocks, and special blocks. We always meet customer requirements while offering fresh and innovative ideas.<\/p>\n<h3>2.Materia prima:<\/h3>\n<p>We manufacture concrete block molds using high-end quenched and tempered steel imported from Italy. Heat treatment further enhances the steel, making it even more resistant to abrasion.<\/p>\n<h3>3. Experiencia en fabricaci\u00f3n:<\/h3>\n<p>With nearly 30 years of manufacturing experience, we serve customers from many countries. We combine our expertise with quality steel to ensure every buyer receives high-quality products.<\/p>\n<h2>Technical Specifications of Our Molds<\/h2>\n<table class=\"tg\" style=\"border-collapse: collapse; border-spacing: 0px; height: 188px;\" width=\"100%\">\n<tbody>\n<tr>\n<td style=\"font-family: Arial, sans-serif; font-size: 14px; overflow: hidden; padding: 10px 5px; text-align: left; vertical-align: top; word-break: normal; border: 1px solid black;\">Nombre<\/td>\n<td style=\"font-family: Arial, sans-serif; font-size: 14px; overflow: hidden; padding: 10px 5px; text-align: left; vertical-align: top; word-break: normal; border: 1px solid black;\">molde de bloque hueco<\/td>\n<td style=\"font-family: Arial, sans-serif; font-size: 14px; overflow: hidden; padding: 10px 5px; text-align: left; vertical-align: top; word-break: normal; border: 1px solid black;\">Tratamiento t\u00e9rmico<\/td>\n<td style=\"font-family: Arial, sans-serif; font-size: 14px; overflow: hidden; padding: 10px 5px; text-align: left; vertical-align: top; word-break: normal; border: 1px solid black;\">Carbonitruraci\u00f3n 900-950<span style=\"color: #555;\">\u00b0<\/span>C<\/td>\n<\/tr>\n<tr>\n<td style=\"font-family: Arial, sans-serif; font-size: 14px; overflow: hidden; padding: 10px 5px; text-align: left; vertical-align: top; word-break: normal; border: 1px solid black;\">materia prima<\/td>\n<td style=\"font-family: Arial, sans-serif; font-size: 14px; overflow: hidden; padding: 10px 5px; text-align: left; vertical-align: top; word-break: normal; border: 1px solid black;\">acero especial resistente al desgaste<\/td>\n<td style=\"font-family: Arial, sans-serif; font-size: 14px; overflow: hidden; padding: 10px 5px; text-align: left; vertical-align: top; word-break: normal; border: 1px solid black;\">Dureza<\/td>\n<td style=\"font-family: Arial, sans-serif; font-size: 14px; overflow: hidden; padding: 10px 5px; text-align: left; vertical-align: top; word-break: normal; border: 1px solid black;\">60-65HRC<\/td>\n<\/tr>\n<tr>\n<td style=\"font-family: Arial, sans-serif; font-size: 14px; overflow: hidden; padding: 10px 5px; text-align: left; vertical-align: top; word-break: normal; border: 1px solid black;\">Tipo de bloque<\/td>\n<td style=\"font-family: Arial, sans-serif; font-size: 14px; overflow: hidden; padding: 10px 5px; text-align: left; vertical-align: top; word-break: normal; border: 1px solid black;\">Bloques huecos, bloques entrelazados, adoquines y bordillos, todos personalizables<\/td>\n<td style=\"font-family: Arial, sans-serif; font-size: 14px; overflow: hidden; padding: 10px 5px; text-align: left; vertical-align: top; word-break: normal; border: 1px solid black;\">C\u00f3digo SA<\/td>\n<td style=\"font-family: Arial, sans-serif; font-size: 14px; overflow: hidden; padding: 10px 5px; text-align: left; vertical-align: top; word-break: normal; border: 1px solid black;\">848060<\/td>\n<\/tr>\n<tr>\n<td style=\"font-family: Arial, sans-serif; font-size: 14px; overflow: hidden; padding: 10px 5px; text-align: left; vertical-align: top; word-break: normal; border: 1px solid black;\">vida \u00fatil<\/td>\n<td style=\"font-family: Arial, sans-serif; font-size: 14px; overflow: hidden; padding: 10px 5px; text-align: left; vertical-align: top; word-break: normal; border: 1px solid black;\">100000-120000 veces<\/td>\n<td style=\"font-family: Arial, sans-serif; font-size: 14px; overflow: hidden; padding: 10px 5px; text-align: left; vertical-align: top; word-break: normal; border: 1px solid black;\">Embalaje<\/td>\n<td style=\"font-family: Arial, sans-serif; font-size: 14px; overflow: hidden; padding: 10px 5px; text-align: left; vertical-align: top; word-break: normal; border: 1px solid black;\">Madera + film pl\u00e1stico<\/td>\n<\/tr>\n<\/tbody>\n<\/table>\n<h2>PREGUNTAS FRECUENTES<\/h2>\n<h3>\u00bfC\u00f3mo puedo obtener los presupuestos?<\/h3>\n<ul>\n<li>If you have detailed drawings of the block you need, send them to us for checking, and we will provide a quote based on that.<\/li>\n<li>If you don\u2019t have detailed drawings, inform us about the type of block you need, such as hollow or solid blocks, and send a picture of the block along with its dimensions in mm (lengthwidththickness).<\/li>\n<li>Provide the size of your pallet.<\/li>\n<li>Indique el tama\u00f1o del cabezal del pis\u00f3n y la altura del molde de plum\u00f3n.<\/li>\n<li>Explain how your mold connects to your machine, and if you have a connection drawing, please send it.<\/li>\n<\/ul>\n<p>Once we receive your information, we will quote for you as soon as possible.<\/p>\n<h3>\u00bfCu\u00e1l es el plazo de entrega?<\/h3>\n<p>After receiving the deposit, common block molds take 20-25 work days, while high-end block molds take 30-40 work days.<\/p>\n<h3>Will the incoming mold be compatible with my machine?<\/h3>\n<p>We manufacture molds for various block machine brands and keep related records, so some molds may already suit your machine.<\/p>\n<p>Si lo necesita, puede invitar a un ingeniero a tomar medidas, o podemos orientarle para que env\u00ede fotos y medidas digitalmente, como hacen muchos clientes.<\/p>\n<p>Una vez confirmado el tama\u00f1o, el molde que enviamos se ajustar\u00e1 perfectamente a su m\u00e1quina, as\u00ed que no se preocupe.<\/p>\n<h3>\u00bfCu\u00e1les son las condiciones de pago?<\/h3>\n<p>To complete your order, pay 50% in advance by T\/T, and the remaining balance must be paid before loading.<\/p>\n<h3>\u00bfC\u00f3mo puedo ponerme en contacto con usted?<\/h3>\n<p>Reach us via WeChat\/WhatsApp at +86-1330506196 or +86-18960287187. Thank you!<\/p>\n<p><iframe loading=\"lazy\" title=\"V\u00eddeo de funcionamiento del bloque ICF\" src=\"https:\/\/www.youtube.com\/embed\/czhs2wYoLZg\" width=\"556\" height=\"310\" frameborder=\"0\" allowfullscreen=\"allowfullscreen\"><\/iframe><\/p>","protected":false},"excerpt":{"rendered":"<p>Nearly 30 Years of Experience in Concrete Block Mold Manufacturing; 80,000 or 120,000 Cycle Options; Hardness Reaching 62\u00b0 After Heat Treatment<\/p>\n<table class=\"tg\" style=\"border-collapse: collapse; border-spacing: 0px; height: 257px;\" width=\"100%\">\n<tbody>\n<tr>\n<td style=\"font-family: Arial, sans-serif; font-size: 14px; overflow: hidden; padding: 10px 5px; text-align: left; vertical-align: top; word-break: normal; border: 1px solid black;\">Pedido(MOQ) :<\/td>\n<td style=\"font-family: Arial, sans-serif; font-size: 14px; overflow: hidden; padding: 10px 5px; text-align: left; vertical-align: top; word-break: normal; border: 1px solid black;\">1 juego<\/td>\n<\/tr>\n<tr>\n<td style=\"font-family: Arial, sans-serif; font-size: 14px; overflow: hidden; padding: 10px 5px; text-align: left; vertical-align: top; word-break: normal; border: 1px solid black;\">Pago :<\/td>\n<td style=\"font-family: Arial, sans-serif; font-size: 14px; overflow: hidden; padding: 10px 5px; text-align: left; vertical-align: top; word-break: normal; border: 1px solid black;\">Pago T\/T 100% antes del env\u00edo o 100% mediante carta de cr\u00e9dito irrevocable y confirmada a la vista.<\/td>\n<\/tr>\n<tr>\n<td style=\"font-family: Arial, sans-serif; font-size: 14px; overflow: hidden; padding: 10px 5px; text-align: left; vertical-align: top; word-break: normal; border: 1px solid black;\">Origen del producto :<\/td>\n<td style=\"font-family: Arial, sans-serif; font-size: 14px; overflow: hidden; padding: 10px 5px; text-align: left; vertical-align: top; word-break: normal; border: 1px solid black;\">Quanzhou Fujian<\/td>\n<\/tr>\n<tr>\n<td style=\"font-family: Arial, sans-serif; font-size: 14px; overflow: hidden; padding: 10px 5px; text-align: left; vertical-align: top; word-break: normal; border: 1px solid black;\">Color :<\/td>\n<td style=\"font-family: Arial, sans-serif; font-size: 14px; overflow: hidden; padding: 10px 5px; text-align: left; vertical-align: top; word-break: normal; border: 1px solid black;\">personalizar seg\u00fan la demanda<\/td>\n<\/tr>\n<tr>\n<td style=\"font-family: Arial, sans-serif; font-size: 14px; overflow: hidden; padding: 10px 5px; text-align: left; vertical-align: top; word-break: normal; border: 1px solid black;\">Puerto de embarque :<\/td>\n<td style=\"font-family: Arial, sans-serif; font-size: 14px; overflow: hidden; padding: 10px 5px; text-align: left; vertical-align: top; word-break: normal; border: 1px solid black;\">Xiamen<\/td>\n<\/tr>\n<tr>\n<td style=\"font-family: Arial, sans-serif; font-size: 14px; overflow: hidden; padding: 10px 5px; text-align: left; vertical-align: top; word-break: normal; border: 1px solid black;\">Plazo de entrega :<\/td>\n<td style=\"font-family: Arial, sans-serif; font-size: 14px; overflow: hidden; padding: 10px 5px; text-align: left; vertical-align: top; word-break: normal; border: 1px solid black;\">20-25 d\u00edas<\/td>\n<\/tr>\n<\/tbody>\n<\/table>\n<p>&nbsp;<\/p>","protected":false},"featured_media":8151,"template":"","meta":[],"product_brand":[],"product_cat":[758,762],"product_tag":[],"class_list":{"0":"post-8150","1":"product","2":"type-product","3":"status-publish","4":"has-post-thumbnail","6":"product_cat-block-moulds","7":"product_cat-interlocking-brick-mold","9":"first","10":"instock","11":"shipping-taxable","12":"product-type-simple"},"yoast_head":"<!-- This site is optimized with the Yoast SEO plugin v24.4 - https:\/\/yoast.com\/wordpress\/plugins\/seo\/ -->\n<title>Block Mold &amp; Paver Curbstone Mould Manufacturer \u2013 Kimberly Machinery<\/title>\n<meta name=\"description\" content=\"Kimberly Machinery is a leading block mold manufacturer offering high-quality insulated hollow block moulds for pavers, curbstones, and concrete blocks. Learn about our durable, precision-engineered mould solutions \u2014 ideal for construction suppliers and builders.\" \/>\n<meta name=\"robots\" content=\"index, follow, max-snippet:-1, max-image-preview:large, max-video-preview:-1\" \/>\n<link rel=\"canonical\" href=\"https:\/\/www.kblmachinery.com\/es\/china-block-mold-manufacturer-paver-interlock-curbstone-mould-insulated-hollow-block-mould\/\" \/>\n<meta property=\"og:locale\" content=\"es_ES\" \/>\n<meta property=\"og:type\" content=\"article\" \/>\n<meta property=\"og:title\" content=\"Block Mold &amp; Paver Curbstone Mould Manufacturer \u2013 Kimberly Machinery\" \/>\n<meta property=\"og:description\" content=\"Kimberly Machinery is a leading block mold manufacturer offering high-quality insulated hollow block moulds for pavers, curbstones, and concrete blocks. Learn about our durable, precision-engineered mould solutions \u2014 ideal for construction suppliers and builders.\" \/>\n<meta property=\"og:url\" content=\"https:\/\/www.kblmachinery.com\/es\/china-block-mold-manufacturer-paver-interlock-curbstone-mould-insulated-hollow-block-mould\/\" \/>\n<meta property=\"og:site_name\" content=\"Kimberly Machinery\" \/>\n<meta property=\"article:publisher\" content=\"https:\/\/www.facebook.com\/KimberlyMachinery\" \/>\n<meta property=\"article:modified_time\" content=\"2025-11-28T07:40:11+00:00\" \/>\n<meta property=\"og:image\" content=\"https:\/\/www.kblmachinery.com\/wp-content\/uploads\/2025\/11\/China-Block-Mold-Manufacturer-Paver-Interlock-Curbstone-Mould-Insulated-Hollow-Block-Mould.webp\" \/>\n\t<meta property=\"og:image:width\" content=\"800\" \/>\n\t<meta property=\"og:image:height\" content=\"800\" \/>\n\t<meta property=\"og:image:type\" content=\"image\/webp\" \/>\n<meta name=\"twitter:card\" content=\"summary_large_image\" \/>\n<meta name=\"twitter:label1\" content=\"Tiempo de lectura\" \/>\n\t<meta name=\"twitter:data1\" content=\"2 minutos\" \/>\n<script type=\"application\/ld+json\" class=\"yoast-schema-graph\">{\"@context\":\"https:\/\/schema.org\",\"@graph\":[{\"@type\":\"WebPage\",\"@id\":\"https:\/\/www.kblmachinery.com\/china-block-mold-manufacturer-paver-interlock-curbstone-mould-insulated-hollow-block-mould\/\",\"url\":\"https:\/\/www.kblmachinery.com\/china-block-mold-manufacturer-paver-interlock-curbstone-mould-insulated-hollow-block-mould\/\",\"name\":\"Block Mold & Paver Curbstone Mould Manufacturer \u2013 Kimberly Machinery\",\"isPartOf\":{\"@id\":\"https:\/\/www.kblmachinery.com\/#website\"},\"primaryImageOfPage\":{\"@id\":\"https:\/\/www.kblmachinery.com\/china-block-mold-manufacturer-paver-interlock-curbstone-mould-insulated-hollow-block-mould\/#primaryimage\"},\"image\":{\"@id\":\"https:\/\/www.kblmachinery.com\/china-block-mold-manufacturer-paver-interlock-curbstone-mould-insulated-hollow-block-mould\/#primaryimage\"},\"thumbnailUrl\":\"https:\/\/www.kblmachinery.com\/wp-content\/uploads\/2025\/11\/China-Block-Mold-Manufacturer-Paver-Interlock-Curbstone-Mould-Insulated-Hollow-Block-Mould.webp\",\"datePublished\":\"2024-08-17T05:50:00+00:00\",\"dateModified\":\"2025-11-28T07:40:11+00:00\",\"description\":\"Kimberly Machinery is a leading block mold manufacturer offering high-quality insulated hollow block moulds for pavers, curbstones, and concrete blocks. Learn about our durable, precision-engineered mould solutions \u2014 ideal for construction suppliers and builders.\",\"breadcrumb\":{\"@id\":\"https:\/\/www.kblmachinery.com\/china-block-mold-manufacturer-paver-interlock-curbstone-mould-insulated-hollow-block-mould\/#breadcrumb\"},\"inLanguage\":\"es\",\"potentialAction\":[{\"@type\":\"ReadAction\",\"target\":[\"https:\/\/www.kblmachinery.com\/china-block-mold-manufacturer-paver-interlock-curbstone-mould-insulated-hollow-block-mould\/\"]}]},{\"@type\":\"ImageObject\",\"inLanguage\":\"es\",\"@id\":\"https:\/\/www.kblmachinery.com\/china-block-mold-manufacturer-paver-interlock-curbstone-mould-insulated-hollow-block-mould\/#primaryimage\",\"url\":\"https:\/\/www.kblmachinery.com\/wp-content\/uploads\/2025\/11\/China-Block-Mold-Manufacturer-Paver-Interlock-Curbstone-Mould-Insulated-Hollow-Block-Mould.webp\",\"contentUrl\":\"https:\/\/www.kblmachinery.com\/wp-content\/uploads\/2025\/11\/China-Block-Mold-Manufacturer-Paver-Interlock-Curbstone-Mould-Insulated-Hollow-Block-Mould.webp\",\"width\":800,\"height\":800,\"caption\":\"China Block Mold Manufacturer Paver Interlock Curbstone Mould Insulated Hollow Block Mould\"},{\"@type\":\"BreadcrumbList\",\"@id\":\"https:\/\/www.kblmachinery.com\/china-block-mold-manufacturer-paver-interlock-curbstone-mould-insulated-hollow-block-mould\/#breadcrumb\",\"itemListElement\":[{\"@type\":\"ListItem\",\"position\":1,\"name\":\"Home\",\"item\":\"https:\/\/www.kblmachinery.com\/\"},{\"@type\":\"ListItem\",\"position\":2,\"name\":\"China Block Mold Manufacturer Paver Interlock Curbstone Mould Insulated Hollow Block Mould\"}]},{\"@type\":\"WebSite\",\"@id\":\"https:\/\/www.kblmachinery.com\/#website\",\"url\":\"https:\/\/www.kblmachinery.com\/\",\"name\":\"Professional Brick\/Block Making Machine in China\",\"description\":\"Block Machine Manufacturer - Kimberly Machinery\",\"publisher\":{\"@id\":\"https:\/\/www.kblmachinery.com\/#organization\"},\"potentialAction\":[{\"@type\":\"SearchAction\",\"target\":{\"@type\":\"EntryPoint\",\"urlTemplate\":\"https:\/\/www.kblmachinery.com\/?s={search_term_string}\"},\"query-input\":{\"@type\":\"PropertyValueSpecification\",\"valueRequired\":true,\"valueName\":\"search_term_string\"}}],\"inLanguage\":\"es\"},{\"@type\":\"Organization\",\"@id\":\"https:\/\/www.kblmachinery.com\/#organization\",\"name\":\"Quanzhou Kimberly Machinery Manufacturing Co. Ltd\",\"url\":\"https:\/\/www.kblmachinery.com\/\",\"logo\":{\"@type\":\"ImageObject\",\"inLanguage\":\"es\",\"@id\":\"https:\/\/www.kblmachinery.com\/#\/schema\/logo\/image\/\",\"url\":\"https:\/\/www.kblmachinery.com\/wp-content\/uploads\/2025\/11\/cropped-logo-1-1.png\",\"contentUrl\":\"https:\/\/www.kblmachinery.com\/wp-content\/uploads\/2025\/11\/cropped-logo-1-1.png\",\"width\":123,\"height\":136,\"caption\":\"Quanzhou Kimberly Machinery Manufacturing Co. Ltd\"},\"image\":{\"@id\":\"https:\/\/www.kblmachinery.com\/#\/schema\/logo\/image\/\"},\"sameAs\":[\"https:\/\/www.facebook.com\/KimberlyMachinery\"]}]}<\/script>\n<!-- \/ Yoast SEO plugin. -->","yoast_head_json":{"title":"Block Mold & Paver Curbstone Mould Manufacturer \u2013 Kimberly Machinery","description":"Kimberly Machinery is a leading block mold manufacturer offering high-quality insulated hollow block moulds for pavers, curbstones, and concrete blocks. Learn about our durable, precision-engineered mould solutions \u2014 ideal for construction suppliers and builders.","robots":{"index":"index","follow":"follow","max-snippet":"max-snippet:-1","max-image-preview":"max-image-preview:large","max-video-preview":"max-video-preview:-1"},"canonical":"https:\/\/www.kblmachinery.com\/es\/china-block-mold-manufacturer-paver-interlock-curbstone-mould-insulated-hollow-block-mould\/","og_locale":"es_ES","og_type":"article","og_title":"Block Mold & Paver Curbstone Mould Manufacturer \u2013 Kimberly Machinery","og_description":"Kimberly Machinery is a leading block mold manufacturer offering high-quality insulated hollow block moulds for pavers, curbstones, and concrete blocks. Learn about our durable, precision-engineered mould solutions \u2014 ideal for construction suppliers and builders.","og_url":"https:\/\/www.kblmachinery.com\/es\/china-block-mold-manufacturer-paver-interlock-curbstone-mould-insulated-hollow-block-mould\/","og_site_name":"Kimberly Machinery","article_publisher":"https:\/\/www.facebook.com\/KimberlyMachinery","article_modified_time":"2025-11-28T07:40:11+00:00","og_image":[{"width":800,"height":800,"url":"https:\/\/www.kblmachinery.com\/wp-content\/uploads\/2025\/11\/China-Block-Mold-Manufacturer-Paver-Interlock-Curbstone-Mould-Insulated-Hollow-Block-Mould.webp","type":"image\/webp"}],"twitter_card":"summary_large_image","twitter_misc":{"Tiempo de lectura":"2 minutos"},"schema":{"@context":"https:\/\/schema.org","@graph":[{"@type":"WebPage","@id":"https:\/\/www.kblmachinery.com\/china-block-mold-manufacturer-paver-interlock-curbstone-mould-insulated-hollow-block-mould\/","url":"https:\/\/www.kblmachinery.com\/china-block-mold-manufacturer-paver-interlock-curbstone-mould-insulated-hollow-block-mould\/","name":"Block Mold & Paver Curbstone Mould Manufacturer \u2013 Kimberly Machinery","isPartOf":{"@id":"https:\/\/www.kblmachinery.com\/#website"},"primaryImageOfPage":{"@id":"https:\/\/www.kblmachinery.com\/china-block-mold-manufacturer-paver-interlock-curbstone-mould-insulated-hollow-block-mould\/#primaryimage"},"image":{"@id":"https:\/\/www.kblmachinery.com\/china-block-mold-manufacturer-paver-interlock-curbstone-mould-insulated-hollow-block-mould\/#primaryimage"},"thumbnailUrl":"https:\/\/www.kblmachinery.com\/wp-content\/uploads\/2025\/11\/China-Block-Mold-Manufacturer-Paver-Interlock-Curbstone-Mould-Insulated-Hollow-Block-Mould.webp","datePublished":"2024-08-17T05:50:00+00:00","dateModified":"2025-11-28T07:40:11+00:00","description":"Kimberly Machinery is a leading block mold manufacturer offering high-quality insulated hollow block moulds for pavers, curbstones, and concrete blocks. Learn about our durable, precision-engineered mould solutions \u2014 ideal for construction suppliers and builders.","breadcrumb":{"@id":"https:\/\/www.kblmachinery.com\/china-block-mold-manufacturer-paver-interlock-curbstone-mould-insulated-hollow-block-mould\/#breadcrumb"},"inLanguage":"es","potentialAction":[{"@type":"ReadAction","target":["https:\/\/www.kblmachinery.com\/china-block-mold-manufacturer-paver-interlock-curbstone-mould-insulated-hollow-block-mould\/"]}]},{"@type":"ImageObject","inLanguage":"es","@id":"https:\/\/www.kblmachinery.com\/china-block-mold-manufacturer-paver-interlock-curbstone-mould-insulated-hollow-block-mould\/#primaryimage","url":"https:\/\/www.kblmachinery.com\/wp-content\/uploads\/2025\/11\/China-Block-Mold-Manufacturer-Paver-Interlock-Curbstone-Mould-Insulated-Hollow-Block-Mould.webp","contentUrl":"https:\/\/www.kblmachinery.com\/wp-content\/uploads\/2025\/11\/China-Block-Mold-Manufacturer-Paver-Interlock-Curbstone-Mould-Insulated-Hollow-Block-Mould.webp","width":800,"height":800,"caption":"China Block Mold Manufacturer Paver Interlock Curbstone Mould Insulated Hollow Block Mould"},{"@type":"BreadcrumbList","@id":"https:\/\/www.kblmachinery.com\/china-block-mold-manufacturer-paver-interlock-curbstone-mould-insulated-hollow-block-mould\/#breadcrumb","itemListElement":[{"@type":"ListItem","position":1,"name":"Home","item":"https:\/\/www.kblmachinery.com\/"},{"@type":"ListItem","position":2,"name":"China Block Mold Manufacturer Paver Interlock Curbstone Mould Insulated Hollow Block Mould"}]},{"@type":"WebSite","@id":"https:\/\/www.kblmachinery.com\/#website","url":"https:\/\/www.kblmachinery.com\/","name":"Professional Brick\/Block Making Machine in China","description":"Block Machine Manufacturer - Kimberly Machinery","publisher":{"@id":"https:\/\/www.kblmachinery.com\/#organization"},"potentialAction":[{"@type":"SearchAction","target":{"@type":"EntryPoint","urlTemplate":"https:\/\/www.kblmachinery.com\/?s={search_term_string}"},"query-input":{"@type":"PropertyValueSpecification","valueRequired":true,"valueName":"search_term_string"}}],"inLanguage":"es"},{"@type":"Organization","@id":"https:\/\/www.kblmachinery.com\/#organization","name":"Quanzhou Kimberly Machinery Manufacturing Co. Ltd","url":"https:\/\/www.kblmachinery.com\/","logo":{"@type":"ImageObject","inLanguage":"es","@id":"https:\/\/www.kblmachinery.com\/#\/schema\/logo\/image\/","url":"https:\/\/www.kblmachinery.com\/wp-content\/uploads\/2025\/11\/cropped-logo-1-1.png","contentUrl":"https:\/\/www.kblmachinery.com\/wp-content\/uploads\/2025\/11\/cropped-logo-1-1.png","width":123,"height":136,"caption":"Quanzhou Kimberly Machinery Manufacturing Co. Ltd"},"image":{"@id":"https:\/\/www.kblmachinery.com\/#\/schema\/logo\/image\/"},"sameAs":["https:\/\/www.facebook.com\/KimberlyMachinery"]}]}},"_links":{"self":[{"href":"https:\/\/www.kblmachinery.com\/es\/wp-json\/wp\/v2\/product\/8150","targetHints":{"allow":["GET"]}}],"collection":[{"href":"https:\/\/www.kblmachinery.com\/es\/wp-json\/wp\/v2\/product"}],"about":[{"href":"https:\/\/www.kblmachinery.com\/es\/wp-json\/wp\/v2\/types\/product"}],"wp:featuredmedia":[{"embeddable":true,"href":"https:\/\/www.kblmachinery.com\/es\/wp-json\/wp\/v2\/media\/8151"}],"wp:attachment":[{"href":"https:\/\/www.kblmachinery.com\/es\/wp-json\/wp\/v2\/media?parent=8150"}],"wp:term":[{"taxonomy":"product_brand","embeddable":true,"href":"https:\/\/www.kblmachinery.com\/es\/wp-json\/wp\/v2\/product_brand?post=8150"},{"taxonomy":"product_cat","embeddable":true,"href":"https:\/\/www.kblmachinery.com\/es\/wp-json\/wp\/v2\/product_cat?post=8150"},{"taxonomy":"product_tag","embeddable":true,"href":"https:\/\/www.kblmachinery.com\/es\/wp-json\/wp\/v2\/product_tag?post=8150"}],"curies":[{"name":"wp","href":"https:\/\/api.w.org\/{rel}","templated":true}]}}