{"id":8160,"date":"2024-08-17T06:40:00","date_gmt":"2024-08-17T06:40:00","guid":{"rendered":"https:\/\/www.kblmachinery.com\/?post_type=product&#038;p=8160"},"modified":"2025-11-28T07:17:38","modified_gmt":"2025-11-28T07:17:38","slug":"customizable-concrete-pavement-brick-mould","status":"publish","type":"product","link":"https:\/\/www.kblmachinery.com\/es\/customizable-concrete-pavement-brick-mould\/","title":{"rendered":"Fabricante l\u00edder de moldes de ladrillos huecos de hormig\u00f3n Moldes de adoquines de tama\u00f1o mixto para m\u00e1quinas de fabricaci\u00f3n de bloques"},"content":{"rendered":"<div class=\"containerWrap--lFLVsVCe\">\n<div class=\"content--BiTVEwIO\">\n<div class=\"stream--brXJQIKe\">\n<div class=\"contentBox--WIsVhFWg\">\n<div class=\"tongyi-markdown\">\n<h2 data-spm-anchor-id=\"5176.28103460.0.i50.297c5d270UmYMJ\">China&#8217;s Leading Manufacturer of Concrete Hollow Brick Molds and Mixed-Size Paver Block Molds for Block Making Machines<\/h2>\n<\/div>\n<\/div>\n<\/div>\n<\/div>\n<\/div>\n<p data-start=\"0\" data-end=\"18\"><strong data-start=\"0\" data-end=\"18\">1. Tipo de bloque:<\/strong><\/p>\n<p data-start=\"20\" data-end=\"278\">Dise\u00f1amos y fabricamos moldes de acero de alta calidad para producir adoquines entrelazados, losas, adoquines permeables, bordillos, muros de contenci\u00f3n, bloques huecos y bloques especiales. Siempre cumplimos los requisitos de los clientes y ofrecemos ideas nuevas e innovadoras.<\/p>\n<p data-start=\"280\" data-end=\"300\"><strong data-start=\"280\" data-end=\"300\">2. Materia prima:<\/strong><\/p>\n<p data-start=\"302\" data-end=\"498\">Para fabricar los moldes de bloques de hormig\u00f3n utilizamos acero de alta calidad, especialmente templado y revenido, importado de Italia. Estos aceros se someten a un tratamiento t\u00e9rmico para mejorar su resistencia a la abrasi\u00f3n.<\/p>\n<p data-start=\"500\" data-end=\"532\"><strong data-start=\"500\" data-end=\"532\">3. Experiencia en fabricaci\u00f3n:<\/strong><\/p>\n<p data-start=\"534\" data-end=\"729\" data-is-last-node=\"\" data-is-only-node=\"\">Con casi 30 a\u00f1os de experiencia en fabricaci\u00f3n, atendemos a clientes de muchos pa\u00edses. Combinamos nuestra experiencia con acero de calidad para garantizar que suministramos productos de alta calidad a todos nuestros compradores.<\/p>\n<div id=\"message-352065523477\" class=\"ChatMessage_chatMessage__xkgHx\" data-complete=\"true\">\n<div class=\"ChatMessage_messageRow__DHlnq\">\n<div class=\"ChatMessage_messageWrapper__4Ugd6\">\n<div class=\"Message_rowWithFooter__FShU6\">\n<div class=\"Message_row__ug_UU\">\n<div class=\"Message_messageBubbleWrapper__sEq8z\">\n<div class=\"Message_leftSideMessageBubble__VPdk6\">\n<div class=\"Message_messageTextContainer__w64Sc\">\n<div>\n<div class=\"Markdown_markdownContainer__Tz3HQ\">\n<h2>Especificaciones del molde<\/h2>\n<\/div>\n<\/div>\n<\/div>\n<\/div>\n<\/div>\n<\/div>\n<\/div>\n<\/div>\n<\/div>\n<\/div>\n<table class=\"tg\" style=\"border-collapse: collapse; border-spacing: 0px; height: 167px;\" width=\"100%\">\n<tbody>\n<tr>\n<td style=\"font-family: Arial, sans-serif; font-size: 14px; overflow: hidden; padding: 10px 5px; text-align: left; vertical-align: top; word-break: normal; border: 1px solid black;\"><span style=\"color: #555;\">Nombre<\/span><\/td>\n<td style=\"font-family: Arial, sans-serif; font-size: 14px; overflow: hidden; padding: 10px 5px; text-align: left; vertical-align: top; word-break: normal; border: 1px solid black;\">molde para bloques huecos dise\u00f1o de moldes para adoquines<\/td>\n<td style=\"font-family: Arial, sans-serif; font-size: 14px; overflow: hidden; padding: 10px 5px; text-align: left; vertical-align: top; word-break: normal; border: 1px solid black;\"><span style=\"color: #555;\">Tratamiento t\u00e9rmico<\/span><\/td>\n<td style=\"font-family: Arial, sans-serif; font-size: 14px; overflow: hidden; padding: 10px 5px; text-align: left; vertical-align: top; word-break: normal; border: 1px solid black;\"><span style=\"color: #555;\">Carbonitruraci\u00f3n 900-950\u00b0C<\/span><\/td>\n<\/tr>\n<tr>\n<td style=\"font-family: Arial, sans-serif; font-size: 14px; overflow: hidden; padding: 10px 5px; text-align: left; vertical-align: top; word-break: normal; border: 1px solid black;\">materia prima<\/td>\n<td style=\"font-family: Arial, sans-serif; font-size: 14px; overflow: hidden; padding: 10px 5px; text-align: left; vertical-align: top; word-break: normal; border: 1px solid black;\"><span style=\"color: #555;\">acero especial resistente al desgaste<\/span><\/td>\n<td style=\"font-family: Arial, sans-serif; font-size: 14px; overflow: hidden; padding: 10px 5px; text-align: left; vertical-align: top; word-break: normal; border: 1px solid black;\"><span style=\"color: #555;\">Dureza<\/span><\/td>\n<td style=\"font-family: Arial, sans-serif; font-size: 14px; overflow: hidden; padding: 10px 5px; text-align: left; vertical-align: top; word-break: normal; border: 1px solid black;\"><span style=\"color: #555;\">60-65HRC<\/span><\/td>\n<\/tr>\n<tr>\n<td style=\"font-family: Arial, sans-serif; font-size: 14px; overflow: hidden; padding: 10px 5px; text-align: left; vertical-align: top; word-break: normal; border: 1px solid black;\"><span style=\"color: #555;\">Tipo de bloque<\/span><\/td>\n<td style=\"font-family: Arial, sans-serif; font-size: 14px; overflow: hidden; padding: 10px 5px; text-align: left; vertical-align: top; word-break: normal; border: 1px solid black;\"><span style=\"color: #555;\">Bloques huecos, bloques entrelazados, adoquines y bordillos, todos personalizables<\/span><\/td>\n<td style=\"font-family: Arial, sans-serif; font-size: 14px; overflow: hidden; padding: 10px 5px; text-align: left; vertical-align: top; word-break: normal; border: 1px solid black;\"><span style=\"color: #555;\">C\u00f3digo SA<\/span><\/td>\n<td style=\"font-family: Arial, sans-serif; font-size: 14px; overflow: hidden; padding: 10px 5px; text-align: left; vertical-align: top; word-break: normal; border: 1px solid black;\"><span style=\"color: #555;\">848060<\/span><\/td>\n<\/tr>\n<tr>\n<td style=\"font-family: Arial, sans-serif; font-size: 14px; overflow: hidden; padding: 10px 5px; text-align: left; vertical-align: top; word-break: normal; border: 1px solid black;\"><span style=\"color: #555;\">vida \u00fatil<\/span><\/td>\n<td style=\"font-family: Arial, sans-serif; font-size: 14px; overflow: hidden; padding: 10px 5px; text-align: left; vertical-align: top; word-break: normal; border: 1px solid black;\"><span style=\"color: #555;\">100000-120000 veces<\/span><\/td>\n<td style=\"font-family: Arial, sans-serif; font-size: 14px; overflow: hidden; padding: 10px 5px; text-align: left; vertical-align: top; word-break: normal; border: 1px solid black;\"><span style=\"color: #555;\">Embalaje<\/span><\/td>\n<td style=\"font-family: Arial, sans-serif; font-size: 14px; overflow: hidden; padding: 10px 5px; text-align: left; vertical-align: top; word-break: normal; border: 1px solid black;\"><span style=\"color: #555;\">Madera + film pl\u00e1stico<\/span><\/td>\n<\/tr>\n<\/tbody>\n<\/table>\n<h2>PREGUNTAS FRECUENTES<\/h2>\n<p data-start=\"9\" data-end=\"42\"><strong data-start=\"9\" data-end=\"42\">1. \u00bfC\u00f3mo puedo obtener un presupuesto?<\/strong><\/p>\n<p data-start=\"44\" data-end=\"168\">A. Si dispone de planos detallados del bloque, env\u00edenoslos para que los revisemos y le facilitaremos un presupuesto basado en ellos.<\/p>\n<p data-start=\"170\" data-end=\"388\">B. If you don&#8217;t have detailed drawings, let us know the type of block you need, such as hollow block or solid block. You can also send a picture of the block and provide the dimensions (length, width, thickness in mm).<\/p>\n<p data-start=\"390\" data-end=\"418\">C. \u00bfQu\u00e9 tama\u00f1o tiene su paleta?<\/p>\n<p data-start=\"420\" data-end=\"493\">D. \u00bfCu\u00e1l es el tama\u00f1o de la cabeza del pis\u00f3n y la altura del molde?<\/p>\n<p data-start=\"495\" data-end=\"602\">E. \u00bfC\u00f3mo se conectar\u00e1 su molde con su m\u00e1quina para trabajar? Si tiene un plano de conexi\u00f3n, por favor comp\u00e1rtalo.<\/p>\n<p data-start=\"604\" data-end=\"682\">Una vez recibida su informaci\u00f3n, le facilitaremos un presupuesto lo antes posible.<\/p>\n<p data-start=\"684\" data-end=\"717\"><strong data-start=\"684\" data-end=\"717\">2. \u00bfCu\u00e1l es el plazo de entrega?<\/strong><\/p>\n<p data-start=\"719\" data-end=\"878\">Para los moldes de bloques comunes, el plazo de entrega es de 20-25 d\u00edas laborables despu\u00e9s de recibir el dep\u00f3sito. Para los moldes de bloques de gama alta, el plazo de entrega es de 30-40 d\u00edas laborables.<\/p>\n<p data-start=\"880\" data-end=\"916\"><strong data-start=\"880\" data-end=\"916\">3. \u00bfC\u00f3mo es el embalaje de transporte?<\/strong><\/p>\n<p data-start=\"918\" data-end=\"993\">We use wooden packing with plastic film or as per the buyer&#8217;s requirements.<\/p>\n<p data-start=\"995\" data-end=\"1055\"><strong data-start=\"995\" data-end=\"1055\">4. \u00bfEl molde entrante ser\u00e1 compatible con mi m\u00e1quina?<\/strong><\/p>\n<p data-start=\"1057\" data-end=\"1199\">Hemos fabricado moldes para muchas marcas de m\u00e1quinas de bloques y mantenemos registros relacionados. Es posible que algunos moldes ya sean compatibles con su m\u00e1quina.<\/p>\n<p data-start=\"1201\" data-end=\"1458\">Si es necesario, puede invitar a un ingeniero a su empresa para que tome medidas. Alternativamente, podemos enviar una imagen digital y las medidas, como hacen muchos de nuestros clientes. Tras confirmar el dimensionamiento, le garantizamos que el molde se ajustar\u00e1 a su m\u00e1quina sin problemas.<\/p>\n<p data-start=\"1460\" data-end=\"1494\"><strong data-start=\"1460\" data-end=\"1494\">5. \u00bfCu\u00e1les son las condiciones de pago?<\/strong><\/p>\n<p data-start=\"1496\" data-end=\"1612\">Para completar su pedido, se requiere un anticipo de 50% por T\/T. El saldo restante deber\u00e1 abonarse antes de la carga.<\/p>\n<p data-start=\"1614\" data-end=\"1643\"><strong data-start=\"1614\" data-end=\"1643\">6. 6. \u00bfC\u00f3mo puedo ponerme en contacto con usted?<\/strong><\/p>\n<p data-start=\"1645\" data-end=\"1732\" data-is-last-node=\"\" data-is-only-node=\"\">Puede ponerse en contacto con nosotros a trav\u00e9s de WeChat\/WhatsApp en +86-1330506196 o +86-18960287187. Muchas gracias.<\/p>","protected":false},"excerpt":{"rendered":"<ul>\n<li>Casi 30 a\u00f1os de experiencia en la producci\u00f3n de todo tipo de moldes para bloques de hormig\u00f3n;<\/li>\n<li>80000 o 120000 ciclos a elegir;la dureza alcanza 62 grados despu\u00e9s del tratamiento t\u00e9rmico.<\/li>\n<\/ul>\n<table class=\"tg\" style=\"border-collapse: collapse; border-spacing: 0px; height: 273px;\" width=\"100%\">\n<tbody>\n<tr>\n<td style=\"font-family: Arial, sans-serif; font-size: 14px; overflow: hidden; padding: 10px 5px; text-align: left; vertical-align: top; word-break: normal; border: 1px solid black;\">Pedido(MOQ) :<\/td>\n<td style=\"font-family: Arial, sans-serif; font-size: 14px; overflow: hidden; padding: 10px 5px; text-align: left; vertical-align: top; word-break: normal; border: 1px solid black;\">1 juego<\/td>\n<\/tr>\n<tr>\n<td style=\"font-family: Arial, sans-serif; font-size: 14px; overflow: hidden; padding: 10px 5px; text-align: left; vertical-align: top; word-break: normal; border: 1px solid black;\">Pago :<\/td>\n<td style=\"font-family: Arial, sans-serif; font-size: 14px; overflow: hidden; padding: 10px 5px; text-align: left; vertical-align: top; word-break: normal; border: 1px solid black;\">Pago T\/T 100% antes del env\u00edo o 100% mediante carta de cr\u00e9dito irrevocable y confirmada a la vista.<\/td>\n<\/tr>\n<tr>\n<td style=\"font-family: Arial, sans-serif; font-size: 14px; overflow: hidden; padding: 10px 5px; text-align: left; vertical-align: top; word-break: normal; border: 1px solid black;\">Origen del producto :<\/td>\n<td style=\"font-family: Arial, sans-serif; font-size: 14px; overflow: hidden; padding: 10px 5px; text-align: left; vertical-align: top; word-break: normal; border: 1px solid black;\">Quanzhou Fujian<\/td>\n<\/tr>\n<tr>\n<td style=\"font-family: Arial, sans-serif; font-size: 14px; overflow: hidden; padding: 10px 5px; text-align: left; vertical-align: top; word-break: normal; border: 1px solid black;\">Color :<\/td>\n<td style=\"font-family: Arial, sans-serif; font-size: 14px; overflow: hidden; padding: 10px 5px; text-align: left; vertical-align: top; word-break: normal; border: 1px solid black;\">personalizar seg\u00fan la demanda<\/td>\n<\/tr>\n<tr>\n<td style=\"font-family: Arial, sans-serif; font-size: 14px; overflow: hidden; padding: 10px 5px; text-align: left; vertical-align: top; word-break: normal; border: 1px solid black;\">Puerto de embarque :<\/td>\n<td style=\"font-family: Arial, sans-serif; font-size: 14px; overflow: hidden; padding: 10px 5px; text-align: left; vertical-align: top; word-break: normal; border: 1px solid black;\">Xiamen<\/td>\n<\/tr>\n<tr>\n<td style=\"font-family: Arial, sans-serif; font-size: 14px; overflow: hidden; padding: 10px 5px; text-align: left; vertical-align: top; word-break: normal; border: 1px solid black;\">Plazo de entrega :<\/td>\n<td style=\"font-family: Arial, sans-serif; font-size: 14px; overflow: hidden; padding: 10px 5px; text-align: left; vertical-align: top; word-break: normal; border: 1px solid black;\">20-25 d\u00edas<\/td>\n<\/tr>\n<\/tbody>\n<\/table>\n<p>&nbsp;<\/p>","protected":false},"featured_media":8161,"template":"","meta":[],"product_brand":[],"product_cat":[758,763],"product_tag":[],"class_list":{"0":"post-8160","1":"product","2":"type-product","3":"status-publish","4":"has-post-thumbnail","6":"product_cat-block-moulds","7":"product_cat-paving-stone-mould","9":"first","10":"instock","11":"shipping-taxable","12":"product-type-simple"},"yoast_head":"<!-- This site is optimized with the Yoast SEO plugin v24.4 - https:\/\/yoast.com\/wordpress\/plugins\/seo\/ -->\n<title>Custom Concrete Pavement Brick Moulds Supplier | Kimberly Machinery<\/title>\n<meta name=\"description\" content=\"Durable, customizable concrete pavement brick moulds for pavers, curbstones, and block production lines. High precision, long lifespan.\" \/>\n<meta name=\"robots\" content=\"index, follow, max-snippet:-1, max-image-preview:large, max-video-preview:-1\" \/>\n<link rel=\"canonical\" href=\"https:\/\/www.kblmachinery.com\/es\/customizable-concrete-pavement-brick-mould\/\" \/>\n<meta property=\"og:locale\" content=\"es_ES\" \/>\n<meta property=\"og:type\" content=\"article\" \/>\n<meta property=\"og:title\" content=\"Custom Concrete Pavement Brick Moulds Supplier | Kimberly Machinery\" \/>\n<meta property=\"og:description\" content=\"Durable, customizable concrete pavement brick moulds for pavers, curbstones, and block production lines. High precision, long lifespan.\" \/>\n<meta property=\"og:url\" content=\"https:\/\/www.kblmachinery.com\/es\/customizable-concrete-pavement-brick-mould\/\" \/>\n<meta property=\"og:site_name\" content=\"Kimberly Machinery\" \/>\n<meta property=\"article:publisher\" content=\"https:\/\/www.facebook.com\/KimberlyMachinery\" \/>\n<meta property=\"article:modified_time\" content=\"2025-11-28T07:17:38+00:00\" \/>\n<meta property=\"og:image\" content=\"https:\/\/www.kblmachinery.com\/wp-content\/uploads\/2025\/11\/China-Leading-Manufacturer-Concrete-Hollow-Brick-Mould-Mixed-Size-Paver-Block-Mould-for-Block-Making-Machine.webp\" \/>\n\t<meta property=\"og:image:width\" content=\"805\" \/>\n\t<meta property=\"og:image:height\" content=\"805\" \/>\n\t<meta property=\"og:image:type\" content=\"image\/webp\" \/>\n<meta name=\"twitter:card\" content=\"summary_large_image\" \/>\n<meta name=\"twitter:label1\" content=\"Tiempo de lectura\" \/>\n\t<meta name=\"twitter:data1\" content=\"3 minutos\" \/>\n<script type=\"application\/ld+json\" class=\"yoast-schema-graph\">{\"@context\":\"https:\/\/schema.org\",\"@graph\":[{\"@type\":\"WebPage\",\"@id\":\"https:\/\/www.kblmachinery.com\/customizable-concrete-pavement-brick-mould\/\",\"url\":\"https:\/\/www.kblmachinery.com\/customizable-concrete-pavement-brick-mould\/\",\"name\":\"Custom Concrete Pavement Brick Moulds Supplier | Kimberly Machinery\",\"isPartOf\":{\"@id\":\"https:\/\/www.kblmachinery.com\/#website\"},\"primaryImageOfPage\":{\"@id\":\"https:\/\/www.kblmachinery.com\/customizable-concrete-pavement-brick-mould\/#primaryimage\"},\"image\":{\"@id\":\"https:\/\/www.kblmachinery.com\/customizable-concrete-pavement-brick-mould\/#primaryimage\"},\"thumbnailUrl\":\"https:\/\/www.kblmachinery.com\/wp-content\/uploads\/2025\/11\/China-Leading-Manufacturer-Concrete-Hollow-Brick-Mould-Mixed-Size-Paver-Block-Mould-for-Block-Making-Machine.webp\",\"datePublished\":\"2024-08-17T06:40:00+00:00\",\"dateModified\":\"2025-11-28T07:17:38+00:00\",\"description\":\"Durable, customizable concrete pavement brick moulds for pavers, curbstones, and block production lines. High precision, long lifespan.\",\"breadcrumb\":{\"@id\":\"https:\/\/www.kblmachinery.com\/customizable-concrete-pavement-brick-mould\/#breadcrumb\"},\"inLanguage\":\"es\",\"potentialAction\":[{\"@type\":\"ReadAction\",\"target\":[\"https:\/\/www.kblmachinery.com\/customizable-concrete-pavement-brick-mould\/\"]}]},{\"@type\":\"ImageObject\",\"inLanguage\":\"es\",\"@id\":\"https:\/\/www.kblmachinery.com\/customizable-concrete-pavement-brick-mould\/#primaryimage\",\"url\":\"https:\/\/www.kblmachinery.com\/wp-content\/uploads\/2025\/11\/China-Leading-Manufacturer-Concrete-Hollow-Brick-Mould-Mixed-Size-Paver-Block-Mould-for-Block-Making-Machine.webp\",\"contentUrl\":\"https:\/\/www.kblmachinery.com\/wp-content\/uploads\/2025\/11\/China-Leading-Manufacturer-Concrete-Hollow-Brick-Mould-Mixed-Size-Paver-Block-Mould-for-Block-Making-Machine.webp\",\"width\":805,\"height\":805,\"caption\":\"concrete block mold\"},{\"@type\":\"BreadcrumbList\",\"@id\":\"https:\/\/www.kblmachinery.com\/customizable-concrete-pavement-brick-mould\/#breadcrumb\",\"itemListElement\":[{\"@type\":\"ListItem\",\"position\":1,\"name\":\"Home\",\"item\":\"https:\/\/www.kblmachinery.com\/\"},{\"@type\":\"ListItem\",\"position\":2,\"name\":\"China Leading Manufacturer Concrete Hollow Brick Mould Mixed-Size Paver Block Mould for Block Making Machine\"}]},{\"@type\":\"WebSite\",\"@id\":\"https:\/\/www.kblmachinery.com\/#website\",\"url\":\"https:\/\/www.kblmachinery.com\/\",\"name\":\"Professional Brick\/Block Making Machine in China\",\"description\":\"Block Machine Manufacturer - Kimberly Machinery\",\"publisher\":{\"@id\":\"https:\/\/www.kblmachinery.com\/#organization\"},\"potentialAction\":[{\"@type\":\"SearchAction\",\"target\":{\"@type\":\"EntryPoint\",\"urlTemplate\":\"https:\/\/www.kblmachinery.com\/?s={search_term_string}\"},\"query-input\":{\"@type\":\"PropertyValueSpecification\",\"valueRequired\":true,\"valueName\":\"search_term_string\"}}],\"inLanguage\":\"es\"},{\"@type\":\"Organization\",\"@id\":\"https:\/\/www.kblmachinery.com\/#organization\",\"name\":\"Quanzhou Kimberly Machinery Manufacturing Co. Ltd\",\"url\":\"https:\/\/www.kblmachinery.com\/\",\"logo\":{\"@type\":\"ImageObject\",\"inLanguage\":\"es\",\"@id\":\"https:\/\/www.kblmachinery.com\/#\/schema\/logo\/image\/\",\"url\":\"https:\/\/www.kblmachinery.com\/wp-content\/uploads\/2025\/11\/cropped-logo-1-1.png\",\"contentUrl\":\"https:\/\/www.kblmachinery.com\/wp-content\/uploads\/2025\/11\/cropped-logo-1-1.png\",\"width\":123,\"height\":136,\"caption\":\"Quanzhou Kimberly Machinery Manufacturing Co. Ltd\"},\"image\":{\"@id\":\"https:\/\/www.kblmachinery.com\/#\/schema\/logo\/image\/\"},\"sameAs\":[\"https:\/\/www.facebook.com\/KimberlyMachinery\"]}]}<\/script>\n<!-- \/ Yoast SEO plugin. -->","yoast_head_json":{"title":"Custom Concrete Pavement Brick Moulds Supplier | Kimberly Machinery","description":"Durable, customizable concrete pavement brick moulds for pavers, curbstones, and block production lines. High precision, long lifespan.","robots":{"index":"index","follow":"follow","max-snippet":"max-snippet:-1","max-image-preview":"max-image-preview:large","max-video-preview":"max-video-preview:-1"},"canonical":"https:\/\/www.kblmachinery.com\/es\/customizable-concrete-pavement-brick-mould\/","og_locale":"es_ES","og_type":"article","og_title":"Custom Concrete Pavement Brick Moulds Supplier | Kimberly Machinery","og_description":"Durable, customizable concrete pavement brick moulds for pavers, curbstones, and block production lines. High precision, long lifespan.","og_url":"https:\/\/www.kblmachinery.com\/es\/customizable-concrete-pavement-brick-mould\/","og_site_name":"Kimberly Machinery","article_publisher":"https:\/\/www.facebook.com\/KimberlyMachinery","article_modified_time":"2025-11-28T07:17:38+00:00","og_image":[{"width":805,"height":805,"url":"https:\/\/www.kblmachinery.com\/wp-content\/uploads\/2025\/11\/China-Leading-Manufacturer-Concrete-Hollow-Brick-Mould-Mixed-Size-Paver-Block-Mould-for-Block-Making-Machine.webp","type":"image\/webp"}],"twitter_card":"summary_large_image","twitter_misc":{"Tiempo de lectura":"3 minutos"},"schema":{"@context":"https:\/\/schema.org","@graph":[{"@type":"WebPage","@id":"https:\/\/www.kblmachinery.com\/customizable-concrete-pavement-brick-mould\/","url":"https:\/\/www.kblmachinery.com\/customizable-concrete-pavement-brick-mould\/","name":"Custom Concrete Pavement Brick Moulds Supplier | Kimberly Machinery","isPartOf":{"@id":"https:\/\/www.kblmachinery.com\/#website"},"primaryImageOfPage":{"@id":"https:\/\/www.kblmachinery.com\/customizable-concrete-pavement-brick-mould\/#primaryimage"},"image":{"@id":"https:\/\/www.kblmachinery.com\/customizable-concrete-pavement-brick-mould\/#primaryimage"},"thumbnailUrl":"https:\/\/www.kblmachinery.com\/wp-content\/uploads\/2025\/11\/China-Leading-Manufacturer-Concrete-Hollow-Brick-Mould-Mixed-Size-Paver-Block-Mould-for-Block-Making-Machine.webp","datePublished":"2024-08-17T06:40:00+00:00","dateModified":"2025-11-28T07:17:38+00:00","description":"Durable, customizable concrete pavement brick moulds for pavers, curbstones, and block production lines. High precision, long lifespan.","breadcrumb":{"@id":"https:\/\/www.kblmachinery.com\/customizable-concrete-pavement-brick-mould\/#breadcrumb"},"inLanguage":"es","potentialAction":[{"@type":"ReadAction","target":["https:\/\/www.kblmachinery.com\/customizable-concrete-pavement-brick-mould\/"]}]},{"@type":"ImageObject","inLanguage":"es","@id":"https:\/\/www.kblmachinery.com\/customizable-concrete-pavement-brick-mould\/#primaryimage","url":"https:\/\/www.kblmachinery.com\/wp-content\/uploads\/2025\/11\/China-Leading-Manufacturer-Concrete-Hollow-Brick-Mould-Mixed-Size-Paver-Block-Mould-for-Block-Making-Machine.webp","contentUrl":"https:\/\/www.kblmachinery.com\/wp-content\/uploads\/2025\/11\/China-Leading-Manufacturer-Concrete-Hollow-Brick-Mould-Mixed-Size-Paver-Block-Mould-for-Block-Making-Machine.webp","width":805,"height":805,"caption":"concrete block mold"},{"@type":"BreadcrumbList","@id":"https:\/\/www.kblmachinery.com\/customizable-concrete-pavement-brick-mould\/#breadcrumb","itemListElement":[{"@type":"ListItem","position":1,"name":"Home","item":"https:\/\/www.kblmachinery.com\/"},{"@type":"ListItem","position":2,"name":"China Leading Manufacturer Concrete Hollow Brick Mould Mixed-Size Paver Block Mould for Block Making Machine"}]},{"@type":"WebSite","@id":"https:\/\/www.kblmachinery.com\/#website","url":"https:\/\/www.kblmachinery.com\/","name":"Professional Brick\/Block Making Machine in China","description":"Block Machine Manufacturer - Kimberly Machinery","publisher":{"@id":"https:\/\/www.kblmachinery.com\/#organization"},"potentialAction":[{"@type":"SearchAction","target":{"@type":"EntryPoint","urlTemplate":"https:\/\/www.kblmachinery.com\/?s={search_term_string}"},"query-input":{"@type":"PropertyValueSpecification","valueRequired":true,"valueName":"search_term_string"}}],"inLanguage":"es"},{"@type":"Organization","@id":"https:\/\/www.kblmachinery.com\/#organization","name":"Quanzhou Kimberly Machinery Manufacturing Co. Ltd","url":"https:\/\/www.kblmachinery.com\/","logo":{"@type":"ImageObject","inLanguage":"es","@id":"https:\/\/www.kblmachinery.com\/#\/schema\/logo\/image\/","url":"https:\/\/www.kblmachinery.com\/wp-content\/uploads\/2025\/11\/cropped-logo-1-1.png","contentUrl":"https:\/\/www.kblmachinery.com\/wp-content\/uploads\/2025\/11\/cropped-logo-1-1.png","width":123,"height":136,"caption":"Quanzhou Kimberly Machinery Manufacturing Co. Ltd"},"image":{"@id":"https:\/\/www.kblmachinery.com\/#\/schema\/logo\/image\/"},"sameAs":["https:\/\/www.facebook.com\/KimberlyMachinery"]}]}},"_links":{"self":[{"href":"https:\/\/www.kblmachinery.com\/es\/wp-json\/wp\/v2\/product\/8160","targetHints":{"allow":["GET"]}}],"collection":[{"href":"https:\/\/www.kblmachinery.com\/es\/wp-json\/wp\/v2\/product"}],"about":[{"href":"https:\/\/www.kblmachinery.com\/es\/wp-json\/wp\/v2\/types\/product"}],"wp:featuredmedia":[{"embeddable":true,"href":"https:\/\/www.kblmachinery.com\/es\/wp-json\/wp\/v2\/media\/8161"}],"wp:attachment":[{"href":"https:\/\/www.kblmachinery.com\/es\/wp-json\/wp\/v2\/media?parent=8160"}],"wp:term":[{"taxonomy":"product_brand","embeddable":true,"href":"https:\/\/www.kblmachinery.com\/es\/wp-json\/wp\/v2\/product_brand?post=8160"},{"taxonomy":"product_cat","embeddable":true,"href":"https:\/\/www.kblmachinery.com\/es\/wp-json\/wp\/v2\/product_cat?post=8160"},{"taxonomy":"product_tag","embeddable":true,"href":"https:\/\/www.kblmachinery.com\/es\/wp-json\/wp\/v2\/product_tag?post=8160"}],"curies":[{"name":"wp","href":"https:\/\/api.w.org\/{rel}","templated":true}]}}