{"id":8176,"date":"2024-08-17T06:30:00","date_gmt":"2024-08-17T06:30:00","guid":{"rendered":"https:\/\/www.kblmachinery.com\/?post_type=product&#038;p=8176"},"modified":"2025-11-27T06:02:19","modified_gmt":"2025-11-27T06:02:19","slug":"pavingstone-mold-ceiling-block-mould-many-types-of-blocks-can-be-customized","status":"publish","type":"product","link":"https:\/\/www.kblmachinery.com\/es\/pavingstone-mold-ceiling-block-mould-many-types-of-blocks-can-be-customized\/","title":{"rendered":"Molde de adoquines Molde de bloques de techo Se pueden personalizar muchos tipos de bloques"},"content":{"rendered":"<h2>Paving Stone Mold, Ceiling Block Molds &#8211; Customizable for Various Block Types<\/h2>\n<p>High-quality, customizable steel molds for paving stones and ceiling blocks, suitable for various concrete block types with precision and durability.<\/p>\n<h2>Technical Specifications of Our Molds<\/h2>\n<table class=\"tg\" style=\"border-collapse: collapse; border-spacing: 0px; height: 184px;\" width=\"100%\">\n<tbody>\n<tr>\n<td style=\"font-family: Arial, sans-serif; font-size: 14px; overflow: hidden; padding: 10px 5px; text-align: left; vertical-align: top; word-break: normal; border: 1px solid black;\">Nombre<\/td>\n<td style=\"font-family: Arial, sans-serif; font-size: 14px; overflow: hidden; padding: 10px 5px; text-align: left; vertical-align: top; word-break: normal; border: 1px solid black;\">molde de adoquines<\/td>\n<td style=\"font-family: Arial, sans-serif; font-size: 14px; overflow: hidden; padding: 10px 5px; text-align: left; vertical-align: top; word-break: normal; border: 1px solid black;\">Tratamiento t\u00e9rmico<\/td>\n<td style=\"font-family: Arial, sans-serif; font-size: 14px; overflow: hidden; padding: 10px 5px; text-align: left; vertical-align: top; word-break: normal; border: 1px solid black;\">Carbonitruraci\u00f3n 900-950<span style=\"color: #555;\">\u00b0<\/span>C<\/td>\n<\/tr>\n<tr>\n<td style=\"font-family: Arial, sans-serif; font-size: 14px; overflow: hidden; padding: 10px 5px; text-align: left; vertical-align: top; word-break: normal; border: 1px solid black;\">materia prima<\/td>\n<td style=\"font-family: Arial, sans-serif; font-size: 14px; overflow: hidden; padding: 10px 5px; text-align: left; vertical-align: top; word-break: normal; border: 1px solid black;\">acero especial resistente al desgaste<\/td>\n<td style=\"font-family: Arial, sans-serif; font-size: 14px; overflow: hidden; padding: 10px 5px; text-align: left; vertical-align: top; word-break: normal; border: 1px solid black;\">Dureza<\/td>\n<td style=\"font-family: Arial, sans-serif; font-size: 14px; overflow: hidden; padding: 10px 5px; text-align: left; vertical-align: top; word-break: normal; border: 1px solid black;\">60-65HRC<\/td>\n<\/tr>\n<tr>\n<td style=\"font-family: Arial, sans-serif; font-size: 14px; overflow: hidden; padding: 10px 5px; text-align: left; vertical-align: top; word-break: normal; border: 1px solid black;\">Tipo de bloque<\/td>\n<td style=\"font-family: Arial, sans-serif; font-size: 14px; overflow: hidden; padding: 10px 5px; text-align: left; vertical-align: top; word-break: normal; border: 1px solid black;\">Bloques huecos, bloques entrelazados, adoquines y bordillos personalizables.<\/td>\n<td style=\"font-family: Arial, sans-serif; font-size: 14px; overflow: hidden; padding: 10px 5px; text-align: left; vertical-align: top; word-break: normal; border: 1px solid black;\">C\u00f3digo SA<\/td>\n<td style=\"font-family: Arial, sans-serif; font-size: 14px; overflow: hidden; padding: 10px 5px; text-align: left; vertical-align: top; word-break: normal; border: 1px solid black;\">848060<\/td>\n<\/tr>\n<tr>\n<td style=\"font-family: Arial, sans-serif; font-size: 14px; overflow: hidden; padding: 10px 5px; text-align: left; vertical-align: top; word-break: normal; border: 1px solid black;\">vida \u00fatil<\/td>\n<td style=\"font-family: Arial, sans-serif; font-size: 14px; overflow: hidden; padding: 10px 5px; text-align: left; vertical-align: top; word-break: normal; border: 1px solid black;\">100000-120000 veces<\/td>\n<td style=\"font-family: Arial, sans-serif; font-size: 14px; overflow: hidden; padding: 10px 5px; text-align: left; vertical-align: top; word-break: normal; border: 1px solid black;\">Embalaje<\/td>\n<td style=\"font-family: Arial, sans-serif; font-size: 14px; overflow: hidden; padding: 10px 5px; text-align: left; vertical-align: top; word-break: normal; border: 1px solid black;\">Madera + film pl\u00e1stico<\/td>\n<\/tr>\n<\/tbody>\n<\/table>\n<h2><img loading=\"lazy\" decoding=\"async\" class=\"alignnone  wp-image-8235\" src=\"https:\/\/www.kblmachinery.com\/wp-content\/uploads\/2025\/11\/All-kinds-of-concrete-block-molding-paving-mould-block-mold-for-sale-3.webp\" alt=\"All kinds of concrete block molding paving mould block mold for sale (2)\" width=\"528\" height=\"528\" srcset=\"https:\/\/www.kblmachinery.com\/wp-content\/uploads\/2025\/11\/All-kinds-of-concrete-block-molding-paving-mould-block-mold-for-sale-3.webp 800w, https:\/\/www.kblmachinery.com\/wp-content\/uploads\/2025\/11\/All-kinds-of-concrete-block-molding-paving-mould-block-mold-for-sale-3-100x100.webp 100w, https:\/\/www.kblmachinery.com\/wp-content\/uploads\/2025\/11\/All-kinds-of-concrete-block-molding-paving-mould-block-mold-for-sale-3-600x600.webp 600w\" sizes=\"auto, (max-width: 528px) 100vw, 528px\" \/> <img loading=\"lazy\" decoding=\"async\" class=\"alignnone  wp-image-8234\" src=\"https:\/\/www.kblmachinery.com\/wp-content\/uploads\/2025\/11\/All-kinds-of-concrete-block-molding-paving-mould-block-mold-for-sale-2.webp\" alt=\"All kinds of concrete block molding paving mould block mold for sale (2)\" width=\"529\" height=\"529\" srcset=\"https:\/\/www.kblmachinery.com\/wp-content\/uploads\/2025\/11\/All-kinds-of-concrete-block-molding-paving-mould-block-mold-for-sale-2.webp 800w, https:\/\/www.kblmachinery.com\/wp-content\/uploads\/2025\/11\/All-kinds-of-concrete-block-molding-paving-mould-block-mold-for-sale-2-100x100.webp 100w, https:\/\/www.kblmachinery.com\/wp-content\/uploads\/2025\/11\/All-kinds-of-concrete-block-molding-paving-mould-block-mold-for-sale-2-600x600.webp 600w\" sizes=\"auto, (max-width: 529px) 100vw, 529px\" \/><\/h2>\n<h2><\/h2>\n<h2>PREGUNTAS FRECUENTES:<\/h2>\n<h3 data-start=\"45\" data-end=\"81\">How Can I Get a Quotation?<\/h3>\n<ol data-start=\"82\" data-end=\"512\">\n<li data-start=\"82\" data-end=\"186\">\n<p data-start=\"85\" data-end=\"186\">Con dibujos detallados: Env\u00edenos sus planos en bloque y le proporcionaremos un presupuesto basado en ellos.<\/p>\n<\/li>\n<li data-start=\"187\" data-end=\"326\">\n<p data-start=\"190\" data-end=\"326\">Sin planos: D\u00edganos el tipo de bloque (hueco o macizo) y facil\u00edtenos una foto con las dimensiones (longitud \u00d7 anchura \u00d7 grosor en mm).<\/p>\n<\/li>\n<li data-start=\"327\" data-end=\"512\">\n<p data-start=\"330\" data-end=\"512\">Additional Information: Share your pallet size, tamper head size, mold height, and explain how your mold connects to your machine. Connection drawings are helpful if available.<\/p>\n<\/li>\n<\/ol>\n<p data-start=\"514\" data-end=\"602\">Una vez recibida su informaci\u00f3n, le prepararemos un presupuesto lo antes posible.<\/p>\n<h3 data-start=\"609\" data-end=\"645\">What Is the Delivery Time?<\/h3>\n<ul data-start=\"646\" data-end=\"759\">\n<li data-start=\"646\" data-end=\"702\">\n<p data-start=\"648\" data-end=\"702\">Moldes est\u00e1ndar: 20-25 d\u00edas laborables tras el dep\u00f3sito<\/p>\n<\/li>\n<li data-start=\"703\" data-end=\"759\">\n<p data-start=\"705\" data-end=\"759\">Moldes de alta gama: 30-40 d\u00edas laborables tras el dep\u00f3sito<\/p>\n<\/li>\n<\/ul>\n<h3 data-start=\"766\" data-end=\"813\">How Is the Transport Packing Handled?<\/h3>\n<p data-start=\"814\" data-end=\"929\">Utilizamos cajas de madera con pel\u00edcula de pl\u00e1stico por defecto, o podemos personalizar el embalaje seg\u00fan sus necesidades.<\/p>\n<h3 data-start=\"936\" data-end=\"990\">Will the Mold Be Compatible with My Machine?<\/h3>\n<p data-start=\"991\" data-end=\"1122\">We manufacture molds for various block machine brands and maintain detailed records, so some molds may already suit your machine.<\/p>\n<ul data-start=\"1124\" data-end=\"1333\">\n<li data-start=\"1124\" data-end=\"1250\">\n<p data-start=\"1126\" data-end=\"1250\">If needed, you can invite an engineer to take measurements, or we can guide you to send photos and measurements digitally.<\/p>\n<\/li>\n<li data-start=\"1251\" data-end=\"1333\">\n<p data-start=\"1253\" data-end=\"1333\">After confirming sizing, the mold we send will fit your machine perfectly.<\/p>\n<\/li>\n<\/ul>\n<h3 data-start=\"1340\" data-end=\"1372\">How Can I Contact You?<\/h3>\n<p data-start=\"1373\" data-end=\"1444\">P\u00f3ngase en contacto con nosotros a trav\u00e9s de WeChat o WhatsApp: +86-1330506196 | +86-18960287187<\/p>\n<p data-start=\"1446\" data-end=\"1481\">Esperamos poder ayudarle.<\/p>\n<p><iframe loading=\"lazy\" title=\"V\u00eddeo de funcionamiento del bloque ICF\" src=\"https:\/\/www.youtube.com\/embed\/czhs2wYoLZg\" width=\"556\" height=\"310\" frameborder=\"0\" allowfullscreen=\"allowfullscreen\"><\/iframe><\/p>\n<h2>Acerca de Kimberly Machinery<\/h2>\n<p>Nuestra f\u00e1brica se estableci\u00f3 en 1990 con casi 30 a\u00f1os de experiencia en la fabricaci\u00f3n. No s\u00f3lo para el mercado interno, sino tambi\u00e9n para el extranjero, hemos estado exportando desde 2008.<\/p>\n<p>Estos a\u00f1os, hemos estado proporcionando un gran n\u00famero de moldes para diferentes marcas de m\u00e1quinas de bloques en los mercados nacionales y extranjeros, incluye MASA, HESS, ZENITH etc marcas de gama alta con una capacidad media de producci\u00f3n de alrededor de 1.000 juegos por a\u00f1o. Se pueden hacer moldes de bloques huecos, ladrillos porosos, ladrillos macizos, baldosas de carretera, ladrillos de protecci\u00f3n de taludes de r\u00edos, ladrillos cuadrados, ladrillos de muelle, ladrillos de aislamiento t\u00e9rmico, ladrillos de plantaci\u00f3n de c\u00e9sped, etc. Los moldes de ladrillos de formas especiales se pueden personalizar seg\u00fan las necesidades del comprador.<\/p>\n<p>Nuestra compa\u00f1\u00eda es una empresa que integra I+D, fabricaci\u00f3n, producci\u00f3n y ventas. El material del molde puede ser Q345 o material de alta gama importado de Italia. El tiempo de ciclo puede ser de 80000 veces o 120000 veces a elegir. Nuestra tecnolog\u00eda de corte de revestimiento CNC puede satisfacer eficazmente los requisitos de precisi\u00f3n de los moldes. Y despu\u00e9s de la cementaci\u00f3n al vac\u00edo, la dureza puede llegar a 62 grados que mejora en gran medida la resistencia al desgaste del molde.<\/p>\n<p>As\u00ed que confiando en la tecnolog\u00eda de producci\u00f3n avanzada, excelente artesan\u00eda, calidad confiable, precio razonable, nuestro molde ha sido apoyado y favorecido por los clientes en el pa\u00eds y en el extranjero estos a\u00f1os.<\/p>","protected":false},"excerpt":{"rendered":"<p>Pavers are fully customizable in format, surface texture, installation pattern, and coloring. They also meet the highest standards for loading capacity, slip resistance, noise mitigation, and water infiltration.<\/p>\n<table class=\"tg\" style=\"border-collapse: collapse; border-spacing: 0;\">\n<tbody>\n<tr>\n<td style=\"font-family: Arial, sans-serif; font-size: 14px; overflow: hidden; padding: 10px 5px; text-align: left; vertical-align: top; word-break: normal; border: 1px solid black;\">Pedido(MOQ) :<\/td>\n<td style=\"font-family: Arial, sans-serif; font-size: 14px; overflow: hidden; padding: 10px 5px; text-align: left; vertical-align: top; word-break: normal; border: 1px solid black;\">1 juego<\/td>\n<\/tr>\n<tr>\n<td style=\"font-family: Arial, sans-serif; font-size: 14px; overflow: hidden; padding: 10px 5px; text-align: left; vertical-align: top; word-break: normal; border: 1px solid black;\">Pago :<\/td>\n<td style=\"font-family: Arial, sans-serif; font-size: 14px; overflow: hidden; padding: 10px 5px; text-align: left; vertical-align: top; word-break: normal; border: 1px solid black;\">Pago T\/T 100% antes del env\u00edo o 100% mediante carta de cr\u00e9dito irrevocable y confirmada a la vista.<\/td>\n<\/tr>\n<tr>\n<td style=\"font-family: Arial, sans-serif; font-size: 14px; overflow: hidden; padding: 10px 5px; text-align: left; vertical-align: top; word-break: normal; border: 1px solid black;\">Origen del producto :<\/td>\n<td style=\"font-family: Arial, sans-serif; font-size: 14px; overflow: hidden; padding: 10px 5px; text-align: left; vertical-align: top; word-break: normal; border: 1px solid black;\">Quanzhou Fujian<\/td>\n<\/tr>\n<tr>\n<td style=\"font-family: Arial, sans-serif; font-size: 14px; overflow: hidden; padding: 10px 5px; text-align: left; vertical-align: top; word-break: normal; border: 1px solid black;\">Color :<\/td>\n<td style=\"font-family: Arial, sans-serif; font-size: 14px; overflow: hidden; padding: 10px 5px; text-align: left; vertical-align: top; word-break: normal; border: 1px solid black;\">personalizar seg\u00fan la demanda<\/td>\n<\/tr>\n<tr>\n<td style=\"font-family: Arial, sans-serif; font-size: 14px; overflow: hidden; padding: 10px 5px; text-align: left; vertical-align: top; word-break: normal; border: 1px solid black;\">Puerto de embarque :<\/td>\n<td style=\"font-family: Arial, sans-serif; font-size: 14px; overflow: hidden; padding: 10px 5px; text-align: left; vertical-align: top; word-break: normal; border: 1px solid black;\">Xiamen<\/td>\n<\/tr>\n<tr>\n<td style=\"font-family: Arial, sans-serif; font-size: 14px; overflow: hidden; padding: 10px 5px; text-align: left; vertical-align: top; word-break: normal; border: 1px solid black;\">Plazo de entrega :<\/td>\n<td style=\"font-family: Arial, sans-serif; font-size: 14px; overflow: hidden; padding: 10px 5px; text-align: left; vertical-align: top; word-break: normal; border: 1px solid black;\">20-25 d\u00edas<\/td>\n<\/tr>\n<\/tbody>\n<\/table>\n<p>&nbsp;<\/p>","protected":false},"featured_media":8177,"template":"","meta":[],"product_brand":[],"product_cat":[758,763],"product_tag":[],"class_list":{"0":"post-8176","1":"product","2":"type-product","3":"status-publish","4":"has-post-thumbnail","6":"product_cat-block-moulds","7":"product_cat-paving-stone-mould","9":"first","10":"instock","11":"shipping-taxable","12":"product-type-simple"},"yoast_head":"<!-- This site is optimized with the Yoast SEO plugin v24.4 - https:\/\/yoast.com\/wordpress\/plugins\/seo\/ -->\n<title>Paving Stone Mold Ceiling Block Mould Many Types of Blocks can be Customized - Kimberly Machinery<\/title>\n<meta name=\"description\" content=\"china Paving Stone Mold Ceiling Block Mould Many Types of Blocks can be Customized manufacturer provides auto concrete block machines, hydraulic press series block machines, concrete mixer, batching machine with wholesale price.\" \/>\n<meta name=\"robots\" content=\"index, follow, max-snippet:-1, max-image-preview:large, max-video-preview:-1\" \/>\n<link rel=\"canonical\" href=\"https:\/\/www.kblmachinery.com\/es\/pavingstone-mold-ceiling-block-mould-many-types-of-blocks-can-be-customized\/\" \/>\n<meta property=\"og:locale\" content=\"es_ES\" \/>\n<meta property=\"og:type\" content=\"article\" \/>\n<meta property=\"og:title\" content=\"Paving Stone Mold Ceiling Block Mould Many Types of Blocks can be Customized - Kimberly Machinery\" \/>\n<meta property=\"og:description\" content=\"china Paving Stone Mold Ceiling Block Mould Many Types of Blocks can be Customized manufacturer provides auto concrete block machines, hydraulic press series block machines, concrete mixer, batching machine with wholesale price.\" \/>\n<meta property=\"og:url\" content=\"https:\/\/www.kblmachinery.com\/es\/pavingstone-mold-ceiling-block-mould-many-types-of-blocks-can-be-customized\/\" \/>\n<meta property=\"og:site_name\" content=\"Kimberly Machinery\" \/>\n<meta property=\"article:publisher\" content=\"https:\/\/www.facebook.com\/KimberlyMachinery\" \/>\n<meta property=\"article:modified_time\" content=\"2025-11-27T06:02:19+00:00\" \/>\n<meta property=\"og:image\" content=\"https:\/\/www.kblmachinery.com\/wp-content\/uploads\/2025\/11\/Pavingstone-Mold-Ceiling-Block-Mould-Many-Types-of-Blocks-can-be-Customized-1.webp\" \/>\n\t<meta property=\"og:image:width\" content=\"805\" \/>\n\t<meta property=\"og:image:height\" content=\"805\" \/>\n\t<meta property=\"og:image:type\" content=\"image\/webp\" \/>\n<meta name=\"twitter:card\" content=\"summary_large_image\" \/>\n<meta name=\"twitter:label1\" content=\"Tiempo de lectura\" \/>\n\t<meta name=\"twitter:data1\" content=\"3 minutos\" \/>\n<script type=\"application\/ld+json\" class=\"yoast-schema-graph\">{\"@context\":\"https:\/\/schema.org\",\"@graph\":[{\"@type\":\"WebPage\",\"@id\":\"https:\/\/www.kblmachinery.com\/pavingstone-mold-ceiling-block-mould-many-types-of-blocks-can-be-customized\/\",\"url\":\"https:\/\/www.kblmachinery.com\/pavingstone-mold-ceiling-block-mould-many-types-of-blocks-can-be-customized\/\",\"name\":\"Paving Stone Mold Ceiling Block Mould Many Types of Blocks can be Customized - Kimberly Machinery\",\"isPartOf\":{\"@id\":\"https:\/\/www.kblmachinery.com\/#website\"},\"primaryImageOfPage\":{\"@id\":\"https:\/\/www.kblmachinery.com\/pavingstone-mold-ceiling-block-mould-many-types-of-blocks-can-be-customized\/#primaryimage\"},\"image\":{\"@id\":\"https:\/\/www.kblmachinery.com\/pavingstone-mold-ceiling-block-mould-many-types-of-blocks-can-be-customized\/#primaryimage\"},\"thumbnailUrl\":\"https:\/\/www.kblmachinery.com\/wp-content\/uploads\/2025\/11\/Pavingstone-Mold-Ceiling-Block-Mould-Many-Types-of-Blocks-can-be-Customized-1.webp\",\"datePublished\":\"2024-08-17T06:30:00+00:00\",\"dateModified\":\"2025-11-27T06:02:19+00:00\",\"description\":\"china Paving Stone Mold Ceiling Block Mould Many Types of Blocks can be Customized manufacturer provides auto concrete block machines, hydraulic press series block machines, concrete mixer, batching machine with wholesale price.\",\"breadcrumb\":{\"@id\":\"https:\/\/www.kblmachinery.com\/pavingstone-mold-ceiling-block-mould-many-types-of-blocks-can-be-customized\/#breadcrumb\"},\"inLanguage\":\"es\",\"potentialAction\":[{\"@type\":\"ReadAction\",\"target\":[\"https:\/\/www.kblmachinery.com\/pavingstone-mold-ceiling-block-mould-many-types-of-blocks-can-be-customized\/\"]}]},{\"@type\":\"ImageObject\",\"inLanguage\":\"es\",\"@id\":\"https:\/\/www.kblmachinery.com\/pavingstone-mold-ceiling-block-mould-many-types-of-blocks-can-be-customized\/#primaryimage\",\"url\":\"https:\/\/www.kblmachinery.com\/wp-content\/uploads\/2025\/11\/Pavingstone-Mold-Ceiling-Block-Mould-Many-Types-of-Blocks-can-be-Customized-1.webp\",\"contentUrl\":\"https:\/\/www.kblmachinery.com\/wp-content\/uploads\/2025\/11\/Pavingstone-Mold-Ceiling-Block-Mould-Many-Types-of-Blocks-can-be-Customized-1.webp\",\"width\":805,\"height\":805,\"caption\":\"Pavingstone Mold Ceiling Block Mould Many Types of Blocks can be Customized\"},{\"@type\":\"BreadcrumbList\",\"@id\":\"https:\/\/www.kblmachinery.com\/pavingstone-mold-ceiling-block-mould-many-types-of-blocks-can-be-customized\/#breadcrumb\",\"itemListElement\":[{\"@type\":\"ListItem\",\"position\":1,\"name\":\"Home\",\"item\":\"https:\/\/www.kblmachinery.com\/\"},{\"@type\":\"ListItem\",\"position\":2,\"name\":\"Paving Stone Mold Ceiling Block Mould Many Types of Blocks can be Customized\"}]},{\"@type\":\"WebSite\",\"@id\":\"https:\/\/www.kblmachinery.com\/#website\",\"url\":\"https:\/\/www.kblmachinery.com\/\",\"name\":\"Professional Brick\/Block Making Machine in China\",\"description\":\"Block Machine Manufacturer - Kimberly Machinery\",\"publisher\":{\"@id\":\"https:\/\/www.kblmachinery.com\/#organization\"},\"potentialAction\":[{\"@type\":\"SearchAction\",\"target\":{\"@type\":\"EntryPoint\",\"urlTemplate\":\"https:\/\/www.kblmachinery.com\/?s={search_term_string}\"},\"query-input\":{\"@type\":\"PropertyValueSpecification\",\"valueRequired\":true,\"valueName\":\"search_term_string\"}}],\"inLanguage\":\"es\"},{\"@type\":\"Organization\",\"@id\":\"https:\/\/www.kblmachinery.com\/#organization\",\"name\":\"Quanzhou Kimberly Machinery Manufacturing Co. Ltd\",\"url\":\"https:\/\/www.kblmachinery.com\/\",\"logo\":{\"@type\":\"ImageObject\",\"inLanguage\":\"es\",\"@id\":\"https:\/\/www.kblmachinery.com\/#\/schema\/logo\/image\/\",\"url\":\"https:\/\/www.kblmachinery.com\/wp-content\/uploads\/2025\/11\/cropped-logo-1-1.png\",\"contentUrl\":\"https:\/\/www.kblmachinery.com\/wp-content\/uploads\/2025\/11\/cropped-logo-1-1.png\",\"width\":123,\"height\":136,\"caption\":\"Quanzhou Kimberly Machinery Manufacturing Co. Ltd\"},\"image\":{\"@id\":\"https:\/\/www.kblmachinery.com\/#\/schema\/logo\/image\/\"},\"sameAs\":[\"https:\/\/www.facebook.com\/KimberlyMachinery\"]}]}<\/script>\n<!-- \/ Yoast SEO plugin. -->","yoast_head_json":{"title":"Paving Stone Mold Ceiling Block Mould Many Types of Blocks can be Customized - Kimberly Machinery","description":"china Paving Stone Mold Ceiling Block Mould Many Types of Blocks can be Customized manufacturer provides auto concrete block machines, hydraulic press series block machines, concrete mixer, batching machine with wholesale price.","robots":{"index":"index","follow":"follow","max-snippet":"max-snippet:-1","max-image-preview":"max-image-preview:large","max-video-preview":"max-video-preview:-1"},"canonical":"https:\/\/www.kblmachinery.com\/es\/pavingstone-mold-ceiling-block-mould-many-types-of-blocks-can-be-customized\/","og_locale":"es_ES","og_type":"article","og_title":"Paving Stone Mold Ceiling Block Mould Many Types of Blocks can be Customized - Kimberly Machinery","og_description":"china Paving Stone Mold Ceiling Block Mould Many Types of Blocks can be Customized manufacturer provides auto concrete block machines, hydraulic press series block machines, concrete mixer, batching machine with wholesale price.","og_url":"https:\/\/www.kblmachinery.com\/es\/pavingstone-mold-ceiling-block-mould-many-types-of-blocks-can-be-customized\/","og_site_name":"Kimberly Machinery","article_publisher":"https:\/\/www.facebook.com\/KimberlyMachinery","article_modified_time":"2025-11-27T06:02:19+00:00","og_image":[{"width":805,"height":805,"url":"https:\/\/www.kblmachinery.com\/wp-content\/uploads\/2025\/11\/Pavingstone-Mold-Ceiling-Block-Mould-Many-Types-of-Blocks-can-be-Customized-1.webp","type":"image\/webp"}],"twitter_card":"summary_large_image","twitter_misc":{"Tiempo de lectura":"3 minutos"},"schema":{"@context":"https:\/\/schema.org","@graph":[{"@type":"WebPage","@id":"https:\/\/www.kblmachinery.com\/pavingstone-mold-ceiling-block-mould-many-types-of-blocks-can-be-customized\/","url":"https:\/\/www.kblmachinery.com\/pavingstone-mold-ceiling-block-mould-many-types-of-blocks-can-be-customized\/","name":"Paving Stone Mold Ceiling Block Mould Many Types of Blocks can be Customized - Kimberly Machinery","isPartOf":{"@id":"https:\/\/www.kblmachinery.com\/#website"},"primaryImageOfPage":{"@id":"https:\/\/www.kblmachinery.com\/pavingstone-mold-ceiling-block-mould-many-types-of-blocks-can-be-customized\/#primaryimage"},"image":{"@id":"https:\/\/www.kblmachinery.com\/pavingstone-mold-ceiling-block-mould-many-types-of-blocks-can-be-customized\/#primaryimage"},"thumbnailUrl":"https:\/\/www.kblmachinery.com\/wp-content\/uploads\/2025\/11\/Pavingstone-Mold-Ceiling-Block-Mould-Many-Types-of-Blocks-can-be-Customized-1.webp","datePublished":"2024-08-17T06:30:00+00:00","dateModified":"2025-11-27T06:02:19+00:00","description":"china Paving Stone Mold Ceiling Block Mould Many Types of Blocks can be Customized manufacturer provides auto concrete block machines, hydraulic press series block machines, concrete mixer, batching machine with wholesale price.","breadcrumb":{"@id":"https:\/\/www.kblmachinery.com\/pavingstone-mold-ceiling-block-mould-many-types-of-blocks-can-be-customized\/#breadcrumb"},"inLanguage":"es","potentialAction":[{"@type":"ReadAction","target":["https:\/\/www.kblmachinery.com\/pavingstone-mold-ceiling-block-mould-many-types-of-blocks-can-be-customized\/"]}]},{"@type":"ImageObject","inLanguage":"es","@id":"https:\/\/www.kblmachinery.com\/pavingstone-mold-ceiling-block-mould-many-types-of-blocks-can-be-customized\/#primaryimage","url":"https:\/\/www.kblmachinery.com\/wp-content\/uploads\/2025\/11\/Pavingstone-Mold-Ceiling-Block-Mould-Many-Types-of-Blocks-can-be-Customized-1.webp","contentUrl":"https:\/\/www.kblmachinery.com\/wp-content\/uploads\/2025\/11\/Pavingstone-Mold-Ceiling-Block-Mould-Many-Types-of-Blocks-can-be-Customized-1.webp","width":805,"height":805,"caption":"Pavingstone Mold Ceiling Block Mould Many Types of Blocks can be Customized"},{"@type":"BreadcrumbList","@id":"https:\/\/www.kblmachinery.com\/pavingstone-mold-ceiling-block-mould-many-types-of-blocks-can-be-customized\/#breadcrumb","itemListElement":[{"@type":"ListItem","position":1,"name":"Home","item":"https:\/\/www.kblmachinery.com\/"},{"@type":"ListItem","position":2,"name":"Paving Stone Mold Ceiling Block Mould Many Types of Blocks can be Customized"}]},{"@type":"WebSite","@id":"https:\/\/www.kblmachinery.com\/#website","url":"https:\/\/www.kblmachinery.com\/","name":"Professional Brick\/Block Making Machine in China","description":"Block Machine Manufacturer - Kimberly Machinery","publisher":{"@id":"https:\/\/www.kblmachinery.com\/#organization"},"potentialAction":[{"@type":"SearchAction","target":{"@type":"EntryPoint","urlTemplate":"https:\/\/www.kblmachinery.com\/?s={search_term_string}"},"query-input":{"@type":"PropertyValueSpecification","valueRequired":true,"valueName":"search_term_string"}}],"inLanguage":"es"},{"@type":"Organization","@id":"https:\/\/www.kblmachinery.com\/#organization","name":"Quanzhou Kimberly Machinery Manufacturing Co. Ltd","url":"https:\/\/www.kblmachinery.com\/","logo":{"@type":"ImageObject","inLanguage":"es","@id":"https:\/\/www.kblmachinery.com\/#\/schema\/logo\/image\/","url":"https:\/\/www.kblmachinery.com\/wp-content\/uploads\/2025\/11\/cropped-logo-1-1.png","contentUrl":"https:\/\/www.kblmachinery.com\/wp-content\/uploads\/2025\/11\/cropped-logo-1-1.png","width":123,"height":136,"caption":"Quanzhou Kimberly Machinery Manufacturing Co. Ltd"},"image":{"@id":"https:\/\/www.kblmachinery.com\/#\/schema\/logo\/image\/"},"sameAs":["https:\/\/www.facebook.com\/KimberlyMachinery"]}]}},"_links":{"self":[{"href":"https:\/\/www.kblmachinery.com\/es\/wp-json\/wp\/v2\/product\/8176","targetHints":{"allow":["GET"]}}],"collection":[{"href":"https:\/\/www.kblmachinery.com\/es\/wp-json\/wp\/v2\/product"}],"about":[{"href":"https:\/\/www.kblmachinery.com\/es\/wp-json\/wp\/v2\/types\/product"}],"wp:featuredmedia":[{"embeddable":true,"href":"https:\/\/www.kblmachinery.com\/es\/wp-json\/wp\/v2\/media\/8177"}],"wp:attachment":[{"href":"https:\/\/www.kblmachinery.com\/es\/wp-json\/wp\/v2\/media?parent=8176"}],"wp:term":[{"taxonomy":"product_brand","embeddable":true,"href":"https:\/\/www.kblmachinery.com\/es\/wp-json\/wp\/v2\/product_brand?post=8176"},{"taxonomy":"product_cat","embeddable":true,"href":"https:\/\/www.kblmachinery.com\/es\/wp-json\/wp\/v2\/product_cat?post=8176"},{"taxonomy":"product_tag","embeddable":true,"href":"https:\/\/www.kblmachinery.com\/es\/wp-json\/wp\/v2\/product_tag?post=8176"}],"curies":[{"name":"wp","href":"https:\/\/api.w.org\/{rel}","templated":true}]}}