{"id":8200,"date":"2024-08-17T06:20:00","date_gmt":"2024-08-17T06:20:00","guid":{"rendered":"https:\/\/www.kblmachinery.com\/?post_type=product&#038;p=8200"},"modified":"2025-11-28T07:25:45","modified_gmt":"2025-11-28T07:25:45","slug":"masa-hess-interlock-behaton-paver-moulds-behaton-mold","status":"publish","type":"product","link":"https:\/\/www.kblmachinery.com\/es\/masa-hess-interlock-behaton-paver-moulds-behaton-mold\/","title":{"rendered":"MASA HESS Interlock Behaton Moldes para adoquines Molde Behaton"},"content":{"rendered":"<h2>Moldes para adoquines Behaton encajables MASA HESS<\/h2>\n<table class=\"tg\" style=\"border-collapse: collapse; border-spacing: 0px; height: 182px;\" width=\"100%\">\n<tbody>\n<tr>\n<td style=\"font-family: Arial, sans-serif; font-size: 14px; overflow: hidden; padding: 10px 5px; text-align: left; vertical-align: top; word-break: normal; border: 1px solid black;\">Nombre<\/td>\n<td style=\"font-family: Arial, sans-serif; font-size: 14px; overflow: hidden; padding: 10px 5px; text-align: left; vertical-align: top; word-break: normal; border: 1px solid black;\">Molde para adoquines Behaton<\/td>\n<td style=\"font-family: Arial, sans-serif; font-size: 14px; overflow: hidden; padding: 10px 5px; text-align: left; vertical-align: top; word-break: normal; border: 1px solid black;\">Tratamiento t\u00e9rmico<\/td>\n<td style=\"font-family: Arial, sans-serif; font-size: 14px; overflow: hidden; padding: 10px 5px; text-align: left; vertical-align: top; word-break: normal; border: 1px solid black;\">Carbonitruraci\u00f3n 900-950<span style=\"color: #555;\">\u00b0<\/span>C<\/td>\n<\/tr>\n<tr>\n<td style=\"font-family: Arial, sans-serif; font-size: 14px; overflow: hidden; padding: 10px 5px; text-align: left; vertical-align: top; word-break: normal; border: 1px solid black;\">materia prima<\/td>\n<td style=\"font-family: Arial, sans-serif; font-size: 14px; overflow: hidden; padding: 10px 5px; text-align: left; vertical-align: top; word-break: normal; border: 1px solid black;\">acero especial resistente al desgaste<\/td>\n<td style=\"font-family: Arial, sans-serif; font-size: 14px; overflow: hidden; padding: 10px 5px; text-align: left; vertical-align: top; word-break: normal; border: 1px solid black;\">Dureza<\/td>\n<td style=\"font-family: Arial, sans-serif; font-size: 14px; overflow: hidden; padding: 10px 5px; text-align: left; vertical-align: top; word-break: normal; border: 1px solid black;\">60-65HRC<\/td>\n<\/tr>\n<tr>\n<td style=\"font-family: Arial, sans-serif; font-size: 14px; overflow: hidden; padding: 10px 5px; text-align: left; vertical-align: top; word-break: normal; border: 1px solid black;\">Tipo de bloque<\/td>\n<td style=\"font-family: Arial, sans-serif; font-size: 14px; overflow: hidden; padding: 10px 5px; text-align: left; vertical-align: top; word-break: normal; border: 1px solid black;\">Bloques huecos, bloques entrelazados, adoquines y bordillos, todos personalizables<\/td>\n<td style=\"font-family: Arial, sans-serif; font-size: 14px; overflow: hidden; padding: 10px 5px; text-align: left; vertical-align: top; word-break: normal; border: 1px solid black;\">C\u00f3digo SA<\/td>\n<td style=\"font-family: Arial, sans-serif; font-size: 14px; overflow: hidden; padding: 10px 5px; text-align: left; vertical-align: top; word-break: normal; border: 1px solid black;\">848060<\/td>\n<\/tr>\n<tr>\n<td style=\"font-family: Arial, sans-serif; font-size: 14px; overflow: hidden; padding: 10px 5px; text-align: left; vertical-align: top; word-break: normal; border: 1px solid black;\">vida \u00fatil<\/td>\n<td style=\"font-family: Arial, sans-serif; font-size: 14px; overflow: hidden; padding: 10px 5px; text-align: left; vertical-align: top; word-break: normal; border: 1px solid black;\">100000-120000 veces<\/td>\n<td style=\"font-family: Arial, sans-serif; font-size: 14px; overflow: hidden; padding: 10px 5px; text-align: left; vertical-align: top; word-break: normal; border: 1px solid black;\">Embalaje<\/td>\n<td style=\"font-family: Arial, sans-serif; font-size: 14px; overflow: hidden; padding: 10px 5px; text-align: left; vertical-align: top; word-break: normal; border: 1px solid black;\">Madera + film pl\u00e1stico<\/td>\n<\/tr>\n<\/tbody>\n<\/table>\n<h2 data-start=\"60\" data-end=\"87\">Caracter\u00edsticas del moho<\/h2>\n<h3 data-start=\"89\" data-end=\"123\">Proceso de montaje avanzado<\/h3>\n<ul data-start=\"124\" data-end=\"829\">\n<li data-start=\"124\" data-end=\"318\">\n<p data-start=\"126\" data-end=\"318\">Fabricaci\u00f3n de precisi\u00f3n: Utilizamos una avanzada tecnolog\u00eda de soldadura y un tratamiento antiestr\u00e9s para evitar la deformaci\u00f3n de la cavidad o el n\u00facleo durante el uso, garantizando unas dimensiones, forma y tolerancias precisas.<\/p>\n<\/li>\n<li data-start=\"319\" data-end=\"417\">\n<p data-start=\"321\" data-end=\"417\">Holgura del prensatelas: Se mantiene en 0,3-0,8 mm para una compatibilidad perfecta con su m\u00e1quina.<\/p>\n<\/li>\n<li data-start=\"418\" data-end=\"523\">\n<p data-start=\"420\" data-end=\"523\">Conexiones duraderas: Pernos de alta resistencia con tratamiento antiaflojamiento para una fiabilidad a largo plazo.<\/p>\n<\/li>\n<li data-start=\"524\" data-end=\"592\">\n<p data-start=\"526\" data-end=\"592\">Montaje normalizado: Permite una f\u00e1cil sustituci\u00f3n de las piezas.<\/p>\n<\/li>\n<li data-start=\"593\" data-end=\"676\">\n<p data-start=\"595\" data-end=\"676\">Materiales resistentes al desgaste: Las placas de acero de alta calidad aumentan la vida \u00fatil del molde.<\/p>\n<\/li>\n<li data-start=\"677\" data-end=\"748\">\n<p data-start=\"679\" data-end=\"748\">Funci\u00f3n de amortiguaci\u00f3n: Garantiza un funcionamiento m\u00e1s suave durante la producci\u00f3n.<\/p>\n<\/li>\n<li data-start=\"749\" data-end=\"829\">\n<p data-start=\"751\" data-end=\"829\">Dise\u00f1o a medida: Dise\u00f1o digital de superficie libre disponible para moldes a medida.<\/p>\n<\/li>\n<\/ul>\n<h3 data-start=\"831\" data-end=\"855\">Durabilidad del molde<\/h3>\n<ul data-start=\"856\" data-end=\"1040\">\n<li data-start=\"856\" data-end=\"949\">\n<p data-start=\"858\" data-end=\"949\">Tratamiento t\u00e9rmico: La carbonitruraci\u00f3n endurece el bastidor de la matriz y el pie de prensa a 60-65 HRC.<\/p>\n<\/li>\n<li data-start=\"950\" data-end=\"1040\">\n<p data-start=\"952\" data-end=\"1040\">Profundidad de endurecimiento: M\u00ednimo 1,2 mm para una mayor resistencia y un rendimiento duradero.<\/p>\n<\/li>\n<\/ul>\n<h2 data-start=\"1047\" data-end=\"1057\">PREGUNTAS FRECUENTES<\/h2>\n<h3 data-start=\"1059\" data-end=\"1098\">1. \u00bfC\u00f3mo puedo obtener un presupuesto?<\/h3>\n<ul data-start=\"1099\" data-end=\"1409\">\n<li data-start=\"1099\" data-end=\"1162\">\n<p data-start=\"1101\" data-end=\"1162\">Con planos: Env\u00ede planos detallados de los bloques para su revisi\u00f3n.<\/p>\n<\/li>\n<li data-start=\"1163\" data-end=\"1262\">\n<p data-start=\"1165\" data-end=\"1262\">Sin planos: Proporcionar tipo de bloque (hueco\/s\u00f3lido), una foto y dimensiones (L\u00d7A\u00d7H en mm).<\/p>\n<\/li>\n<li data-start=\"1263\" data-end=\"1409\">\n<p data-start=\"1265\" data-end=\"1409\">Informaci\u00f3n adicional: Incluya el tama\u00f1o de la paleta, el tama\u00f1o del cabezal del pis\u00f3n, la altura del molde y los detalles de conexi\u00f3n. Los planos de conexi\u00f3n son \u00fatiles si est\u00e1n disponibles.<\/p>\n<\/li>\n<\/ul>\n<p data-start=\"1411\" data-end=\"1486\">Le enviaremos un presupuesto lo antes posible tras recibir su informaci\u00f3n.<\/p>\n<h3 data-start=\"1493\" data-end=\"1519\">2. Plazo de entrega<\/h3>\n<ul data-start=\"1520\" data-end=\"1633\">\n<li data-start=\"1520\" data-end=\"1576\">\n<p data-start=\"1522\" data-end=\"1576\">Moldes est\u00e1ndar: 20-25 d\u00edas laborables tras el dep\u00f3sito<\/p>\n<\/li>\n<li data-start=\"1577\" data-end=\"1633\">\n<p data-start=\"1579\" data-end=\"1633\">Moldes de alta gama: 30-40 d\u00edas laborables tras el dep\u00f3sito<\/p>\n<\/li>\n<\/ul>\n<h3 data-start=\"1640\" data-end=\"1682\">3. \u00bfSe adaptar\u00e1 el molde a mi m\u00e1quina?<\/h3>\n<p data-start=\"1683\" data-end=\"1765\">Fabricamos moldes para varias marcas de m\u00e1quinas bloqueras y mantenemos registros detallados.<\/p>\n<ul data-start=\"1766\" data-end=\"1896\">\n<li data-start=\"1766\" data-end=\"1843\">\n<p data-start=\"1768\" data-end=\"1843\">Env\u00ede fotos o medidas si es necesario y le confirmaremos la compatibilidad.<\/p>\n<\/li>\n<li data-start=\"1844\" data-end=\"1896\">\n<p data-start=\"1846\" data-end=\"1896\">Una vez confirmado, el molde encajar\u00e1 perfectamente.<\/p>\n<\/li>\n<\/ul>\n<h3 data-start=\"1903\" data-end=\"1929\">4. 4. Condiciones de pago<\/h3>\n<p data-start=\"1930\" data-end=\"2007\">50% anticipo mediante T\/T para iniciar la producci\u00f3n; saldo restante antes del env\u00edo.<\/p>\n<h3 data-start=\"2014\" data-end=\"2034\">5. Contacto<\/h3>\n<p data-start=\"2035\" data-end=\"2092\">WeChat \/ WhatsApp: +86-1330506196 | +86-18960287187<\/p>\n<p><iframe loading=\"lazy\" title=\"V\u00eddeo de funcionamiento del bloque ICF\" src=\"https:\/\/www.youtube.com\/embed\/czhs2wYoLZg\" width=\"556\" height=\"310\" frameborder=\"0\" allowfullscreen=\"allowfullscreen\"><\/iframe><\/p>","protected":false},"excerpt":{"rendered":"<p>Producimos moldes de enclavamiento para bloques huecos de hormig\u00f3n, ladrillos porosos, ladrillos macizos, adoquines, ladrillos de protecci\u00f3n de taludes fluviales, ladrillos cuadrados, ladrillos de muelle, ladrillos de aislamiento t\u00e9rmico, ladrillos para plantar c\u00e9sped, etc. Los moldes para ladrillos de formas especiales pueden personalizarse seg\u00fan las necesidades del comprador.<\/p>\n<table class=\"tg\" style=\"border-collapse: collapse; border-spacing: 0px; height: 262px;\" width=\"100%\">\n<tbody>\n<tr>\n<td style=\"font-family: Arial, sans-serif; font-size: 14px; overflow: hidden; padding: 10px 5px; text-align: left; vertical-align: top; word-break: normal; border: 1px solid black;\">Pedido(MOQ) :<\/td>\n<td style=\"font-family: Arial, sans-serif; font-size: 14px; overflow: hidden; padding: 10px 5px; text-align: left; vertical-align: top; word-break: normal; border: 1px solid black;\">1 juego<\/td>\n<\/tr>\n<tr>\n<td style=\"font-family: Arial, sans-serif; font-size: 14px; overflow: hidden; padding: 10px 5px; text-align: left; vertical-align: top; word-break: normal; border: 1px solid black;\">Pago :<\/td>\n<td style=\"font-family: Arial, sans-serif; font-size: 14px; overflow: hidden; padding: 10px 5px; text-align: left; vertical-align: top; word-break: normal; border: 1px solid black;\">Pago T\/T 100% antes del env\u00edo o 100% mediante carta de cr\u00e9dito irrevocable y confirmada a la vista.<\/td>\n<\/tr>\n<tr>\n<td style=\"font-family: Arial, sans-serif; font-size: 14px; overflow: hidden; padding: 10px 5px; text-align: left; vertical-align: top; word-break: normal; border: 1px solid black;\">Origen del producto :<\/td>\n<td style=\"font-family: Arial, sans-serif; font-size: 14px; overflow: hidden; padding: 10px 5px; text-align: left; vertical-align: top; word-break: normal; border: 1px solid black;\">Quanzhou Fujian<\/td>\n<\/tr>\n<tr>\n<td style=\"font-family: Arial, sans-serif; font-size: 14px; overflow: hidden; padding: 10px 5px; text-align: left; vertical-align: top; word-break: normal; border: 1px solid black;\">Color :<\/td>\n<td style=\"font-family: Arial, sans-serif; font-size: 14px; overflow: hidden; padding: 10px 5px; text-align: left; vertical-align: top; word-break: normal; border: 1px solid black;\">personalizar seg\u00fan la demanda<\/td>\n<\/tr>\n<tr>\n<td style=\"font-family: Arial, sans-serif; font-size: 14px; overflow: hidden; padding: 10px 5px; text-align: left; vertical-align: top; word-break: normal; border: 1px solid black;\">Puerto de embarque :<\/td>\n<td style=\"font-family: Arial, sans-serif; font-size: 14px; overflow: hidden; padding: 10px 5px; text-align: left; vertical-align: top; word-break: normal; border: 1px solid black;\">Xiamen<\/td>\n<\/tr>\n<tr>\n<td style=\"font-family: Arial, sans-serif; font-size: 14px; overflow: hidden; padding: 10px 5px; text-align: left; vertical-align: top; word-break: normal; border: 1px solid black;\">Plazo de entrega :<\/td>\n<td style=\"font-family: Arial, sans-serif; font-size: 14px; overflow: hidden; padding: 10px 5px; text-align: left; vertical-align: top; word-break: normal; border: 1px solid black;\">20-25 d\u00edas<\/td>\n<\/tr>\n<\/tbody>\n<\/table>\n<p>&nbsp;<\/p>","protected":false},"featured_media":8201,"template":"","meta":[],"product_brand":[],"product_cat":[758,763],"product_tag":[766],"class_list":{"0":"post-8200","1":"product","2":"type-product","3":"status-publish","4":"has-post-thumbnail","6":"product_cat-block-moulds","7":"product_cat-paving-stone-mould","8":"product_tag-grass-stone-mold","10":"first","11":"instock","12":"shipping-taxable","13":"product-type-simple"},"yoast_head":"<!-- This site is optimized with the Yoast SEO plugin v24.4 - https:\/\/yoast.com\/wordpress\/plugins\/seo\/ -->\n<title>MASA HESS Interlock Behaton Paver Moulds | Kimberly Machinery<\/title>\n<meta name=\"description\" content=\"Premium interlocking Behaton paver &amp; block moulds compatible with MASA\/HESS machines. Durable, wear\u2011resistant steel molds for concrete block production lines.\" \/>\n<meta name=\"robots\" content=\"index, follow, max-snippet:-1, max-image-preview:large, max-video-preview:-1\" \/>\n<link rel=\"canonical\" href=\"https:\/\/www.kblmachinery.com\/es\/masa-hess-interlock-behaton-paver-moulds-behaton-mold\/\" \/>\n<meta property=\"og:locale\" content=\"es_ES\" \/>\n<meta property=\"og:type\" content=\"article\" \/>\n<meta property=\"og:title\" content=\"MASA HESS Interlock Behaton Paver Moulds | Kimberly Machinery\" \/>\n<meta property=\"og:description\" content=\"Premium interlocking Behaton paver &amp; block moulds compatible with MASA\/HESS machines. Durable, wear\u2011resistant steel molds for concrete block production lines.\" \/>\n<meta property=\"og:url\" content=\"https:\/\/www.kblmachinery.com\/es\/masa-hess-interlock-behaton-paver-moulds-behaton-mold\/\" \/>\n<meta property=\"og:site_name\" content=\"Kimberly Machinery\" \/>\n<meta property=\"article:publisher\" content=\"https:\/\/www.facebook.com\/KimberlyMachinery\" \/>\n<meta property=\"article:modified_time\" content=\"2025-11-28T07:25:45+00:00\" \/>\n<meta property=\"og:image\" content=\"https:\/\/www.kblmachinery.com\/wp-content\/uploads\/2025\/11\/MASA-HESS-Interlock-Behaton-Paver-Moulds-Behaton-Mold.webp\" \/>\n\t<meta property=\"og:image:width\" content=\"805\" \/>\n\t<meta property=\"og:image:height\" content=\"805\" \/>\n\t<meta property=\"og:image:type\" content=\"image\/webp\" \/>\n<meta name=\"twitter:card\" content=\"summary_large_image\" \/>\n<meta name=\"twitter:label1\" content=\"Tiempo de lectura\" \/>\n\t<meta name=\"twitter:data1\" content=\"2 minutos\" \/>\n<script type=\"application\/ld+json\" class=\"yoast-schema-graph\">{\"@context\":\"https:\/\/schema.org\",\"@graph\":[{\"@type\":\"WebPage\",\"@id\":\"https:\/\/www.kblmachinery.com\/masa-hess-interlock-behaton-paver-moulds-behaton-mold\/\",\"url\":\"https:\/\/www.kblmachinery.com\/masa-hess-interlock-behaton-paver-moulds-behaton-mold\/\",\"name\":\"MASA HESS Interlock Behaton Paver Moulds | Kimberly Machinery\",\"isPartOf\":{\"@id\":\"https:\/\/www.kblmachinery.com\/#website\"},\"primaryImageOfPage\":{\"@id\":\"https:\/\/www.kblmachinery.com\/masa-hess-interlock-behaton-paver-moulds-behaton-mold\/#primaryimage\"},\"image\":{\"@id\":\"https:\/\/www.kblmachinery.com\/masa-hess-interlock-behaton-paver-moulds-behaton-mold\/#primaryimage\"},\"thumbnailUrl\":\"https:\/\/www.kblmachinery.com\/wp-content\/uploads\/2025\/11\/MASA-HESS-Interlock-Behaton-Paver-Moulds-Behaton-Mold.webp\",\"datePublished\":\"2024-08-17T06:20:00+00:00\",\"dateModified\":\"2025-11-28T07:25:45+00:00\",\"description\":\"Premium interlocking Behaton paver & block moulds compatible with MASA\/HESS machines. Durable, wear\u2011resistant steel molds for concrete block production lines.\",\"breadcrumb\":{\"@id\":\"https:\/\/www.kblmachinery.com\/masa-hess-interlock-behaton-paver-moulds-behaton-mold\/#breadcrumb\"},\"inLanguage\":\"es\",\"potentialAction\":[{\"@type\":\"ReadAction\",\"target\":[\"https:\/\/www.kblmachinery.com\/masa-hess-interlock-behaton-paver-moulds-behaton-mold\/\"]}]},{\"@type\":\"ImageObject\",\"inLanguage\":\"es\",\"@id\":\"https:\/\/www.kblmachinery.com\/masa-hess-interlock-behaton-paver-moulds-behaton-mold\/#primaryimage\",\"url\":\"https:\/\/www.kblmachinery.com\/wp-content\/uploads\/2025\/11\/MASA-HESS-Interlock-Behaton-Paver-Moulds-Behaton-Mold.webp\",\"contentUrl\":\"https:\/\/www.kblmachinery.com\/wp-content\/uploads\/2025\/11\/MASA-HESS-Interlock-Behaton-Paver-Moulds-Behaton-Mold.webp\",\"width\":805,\"height\":805,\"caption\":\"MASA HESS Interlocking Unipaver Zigzag Paver Mould for Block Machines\"},{\"@type\":\"BreadcrumbList\",\"@id\":\"https:\/\/www.kblmachinery.com\/masa-hess-interlock-behaton-paver-moulds-behaton-mold\/#breadcrumb\",\"itemListElement\":[{\"@type\":\"ListItem\",\"position\":1,\"name\":\"Home\",\"item\":\"https:\/\/www.kblmachinery.com\/\"},{\"@type\":\"ListItem\",\"position\":2,\"name\":\"MASA HESS Interlock Behaton Paver Moulds Behaton Mold\"}]},{\"@type\":\"WebSite\",\"@id\":\"https:\/\/www.kblmachinery.com\/#website\",\"url\":\"https:\/\/www.kblmachinery.com\/\",\"name\":\"Professional Brick\/Block Making Machine in China\",\"description\":\"Block Machine Manufacturer - Kimberly Machinery\",\"publisher\":{\"@id\":\"https:\/\/www.kblmachinery.com\/#organization\"},\"potentialAction\":[{\"@type\":\"SearchAction\",\"target\":{\"@type\":\"EntryPoint\",\"urlTemplate\":\"https:\/\/www.kblmachinery.com\/?s={search_term_string}\"},\"query-input\":{\"@type\":\"PropertyValueSpecification\",\"valueRequired\":true,\"valueName\":\"search_term_string\"}}],\"inLanguage\":\"es\"},{\"@type\":\"Organization\",\"@id\":\"https:\/\/www.kblmachinery.com\/#organization\",\"name\":\"Quanzhou Kimberly Machinery Manufacturing Co. Ltd\",\"url\":\"https:\/\/www.kblmachinery.com\/\",\"logo\":{\"@type\":\"ImageObject\",\"inLanguage\":\"es\",\"@id\":\"https:\/\/www.kblmachinery.com\/#\/schema\/logo\/image\/\",\"url\":\"https:\/\/www.kblmachinery.com\/wp-content\/uploads\/2025\/11\/cropped-logo-1-1.png\",\"contentUrl\":\"https:\/\/www.kblmachinery.com\/wp-content\/uploads\/2025\/11\/cropped-logo-1-1.png\",\"width\":123,\"height\":136,\"caption\":\"Quanzhou Kimberly Machinery Manufacturing Co. Ltd\"},\"image\":{\"@id\":\"https:\/\/www.kblmachinery.com\/#\/schema\/logo\/image\/\"},\"sameAs\":[\"https:\/\/www.facebook.com\/KimberlyMachinery\"]}]}<\/script>\n<!-- \/ Yoast SEO plugin. -->","yoast_head_json":{"title":"MASA HESS Interlock Behaton Paver Moulds | Kimberly Machinery","description":"Premium interlocking Behaton paver & block moulds compatible with MASA\/HESS machines. Durable, wear\u2011resistant steel molds for concrete block production lines.","robots":{"index":"index","follow":"follow","max-snippet":"max-snippet:-1","max-image-preview":"max-image-preview:large","max-video-preview":"max-video-preview:-1"},"canonical":"https:\/\/www.kblmachinery.com\/es\/masa-hess-interlock-behaton-paver-moulds-behaton-mold\/","og_locale":"es_ES","og_type":"article","og_title":"MASA HESS Interlock Behaton Paver Moulds | Kimberly Machinery","og_description":"Premium interlocking Behaton paver & block moulds compatible with MASA\/HESS machines. Durable, wear\u2011resistant steel molds for concrete block production lines.","og_url":"https:\/\/www.kblmachinery.com\/es\/masa-hess-interlock-behaton-paver-moulds-behaton-mold\/","og_site_name":"Kimberly Machinery","article_publisher":"https:\/\/www.facebook.com\/KimberlyMachinery","article_modified_time":"2025-11-28T07:25:45+00:00","og_image":[{"width":805,"height":805,"url":"https:\/\/www.kblmachinery.com\/wp-content\/uploads\/2025\/11\/MASA-HESS-Interlock-Behaton-Paver-Moulds-Behaton-Mold.webp","type":"image\/webp"}],"twitter_card":"summary_large_image","twitter_misc":{"Tiempo de lectura":"2 minutos"},"schema":{"@context":"https:\/\/schema.org","@graph":[{"@type":"WebPage","@id":"https:\/\/www.kblmachinery.com\/masa-hess-interlock-behaton-paver-moulds-behaton-mold\/","url":"https:\/\/www.kblmachinery.com\/masa-hess-interlock-behaton-paver-moulds-behaton-mold\/","name":"MASA HESS Interlock Behaton Paver Moulds | Kimberly Machinery","isPartOf":{"@id":"https:\/\/www.kblmachinery.com\/#website"},"primaryImageOfPage":{"@id":"https:\/\/www.kblmachinery.com\/masa-hess-interlock-behaton-paver-moulds-behaton-mold\/#primaryimage"},"image":{"@id":"https:\/\/www.kblmachinery.com\/masa-hess-interlock-behaton-paver-moulds-behaton-mold\/#primaryimage"},"thumbnailUrl":"https:\/\/www.kblmachinery.com\/wp-content\/uploads\/2025\/11\/MASA-HESS-Interlock-Behaton-Paver-Moulds-Behaton-Mold.webp","datePublished":"2024-08-17T06:20:00+00:00","dateModified":"2025-11-28T07:25:45+00:00","description":"Premium interlocking Behaton paver & block moulds compatible with MASA\/HESS machines. Durable, wear\u2011resistant steel molds for concrete block production lines.","breadcrumb":{"@id":"https:\/\/www.kblmachinery.com\/masa-hess-interlock-behaton-paver-moulds-behaton-mold\/#breadcrumb"},"inLanguage":"es","potentialAction":[{"@type":"ReadAction","target":["https:\/\/www.kblmachinery.com\/masa-hess-interlock-behaton-paver-moulds-behaton-mold\/"]}]},{"@type":"ImageObject","inLanguage":"es","@id":"https:\/\/www.kblmachinery.com\/masa-hess-interlock-behaton-paver-moulds-behaton-mold\/#primaryimage","url":"https:\/\/www.kblmachinery.com\/wp-content\/uploads\/2025\/11\/MASA-HESS-Interlock-Behaton-Paver-Moulds-Behaton-Mold.webp","contentUrl":"https:\/\/www.kblmachinery.com\/wp-content\/uploads\/2025\/11\/MASA-HESS-Interlock-Behaton-Paver-Moulds-Behaton-Mold.webp","width":805,"height":805,"caption":"MASA HESS Interlocking Unipaver Zigzag Paver Mould for Block Machines"},{"@type":"BreadcrumbList","@id":"https:\/\/www.kblmachinery.com\/masa-hess-interlock-behaton-paver-moulds-behaton-mold\/#breadcrumb","itemListElement":[{"@type":"ListItem","position":1,"name":"Home","item":"https:\/\/www.kblmachinery.com\/"},{"@type":"ListItem","position":2,"name":"MASA HESS Interlock Behaton Paver Moulds Behaton Mold"}]},{"@type":"WebSite","@id":"https:\/\/www.kblmachinery.com\/#website","url":"https:\/\/www.kblmachinery.com\/","name":"Professional Brick\/Block Making Machine in China","description":"Block Machine Manufacturer - Kimberly Machinery","publisher":{"@id":"https:\/\/www.kblmachinery.com\/#organization"},"potentialAction":[{"@type":"SearchAction","target":{"@type":"EntryPoint","urlTemplate":"https:\/\/www.kblmachinery.com\/?s={search_term_string}"},"query-input":{"@type":"PropertyValueSpecification","valueRequired":true,"valueName":"search_term_string"}}],"inLanguage":"es"},{"@type":"Organization","@id":"https:\/\/www.kblmachinery.com\/#organization","name":"Quanzhou Kimberly Machinery Manufacturing Co. Ltd","url":"https:\/\/www.kblmachinery.com\/","logo":{"@type":"ImageObject","inLanguage":"es","@id":"https:\/\/www.kblmachinery.com\/#\/schema\/logo\/image\/","url":"https:\/\/www.kblmachinery.com\/wp-content\/uploads\/2025\/11\/cropped-logo-1-1.png","contentUrl":"https:\/\/www.kblmachinery.com\/wp-content\/uploads\/2025\/11\/cropped-logo-1-1.png","width":123,"height":136,"caption":"Quanzhou Kimberly Machinery Manufacturing Co. Ltd"},"image":{"@id":"https:\/\/www.kblmachinery.com\/#\/schema\/logo\/image\/"},"sameAs":["https:\/\/www.facebook.com\/KimberlyMachinery"]}]}},"_links":{"self":[{"href":"https:\/\/www.kblmachinery.com\/es\/wp-json\/wp\/v2\/product\/8200","targetHints":{"allow":["GET"]}}],"collection":[{"href":"https:\/\/www.kblmachinery.com\/es\/wp-json\/wp\/v2\/product"}],"about":[{"href":"https:\/\/www.kblmachinery.com\/es\/wp-json\/wp\/v2\/types\/product"}],"wp:featuredmedia":[{"embeddable":true,"href":"https:\/\/www.kblmachinery.com\/es\/wp-json\/wp\/v2\/media\/8201"}],"wp:attachment":[{"href":"https:\/\/www.kblmachinery.com\/es\/wp-json\/wp\/v2\/media?parent=8200"}],"wp:term":[{"taxonomy":"product_brand","embeddable":true,"href":"https:\/\/www.kblmachinery.com\/es\/wp-json\/wp\/v2\/product_brand?post=8200"},{"taxonomy":"product_cat","embeddable":true,"href":"https:\/\/www.kblmachinery.com\/es\/wp-json\/wp\/v2\/product_cat?post=8200"},{"taxonomy":"product_tag","embeddable":true,"href":"https:\/\/www.kblmachinery.com\/es\/wp-json\/wp\/v2\/product_tag?post=8200"}],"curies":[{"name":"wp","href":"https:\/\/api.w.org\/{rel}","templated":true}]}}