{"id":8227,"date":"2024-08-17T06:10:00","date_gmt":"2024-08-17T06:10:00","guid":{"rendered":"https:\/\/www.kblmachinery.com\/?post_type=product&#038;p=8227"},"modified":"2025-11-28T07:29:50","modified_gmt":"2025-11-28T07:29:50","slug":"grass-block-mold-paving-brick-mould-for-park-road","status":"publish","type":"product","link":"https:\/\/www.kblmachinery.com\/es\/grass-block-mold-paving-brick-mould-for-park-road\/","title":{"rendered":"Bloque hueco molde adoquines interbloqueo ladrillos molde interbloqueo ladrillo molde para la venta"},"content":{"rendered":"<h2>Bloque hueco molde adoquines interbloqueo ladrillos molde interbloqueo ladrillo molde para la venta<\/h2>\n<p data-start=\"108\" data-end=\"576\">Nuestros moldes de bloques huecos para adoquines y ladrillos encajables est\u00e1n dise\u00f1ados para ofrecer precisi\u00f3n, durabilidad y eficacia. Fabricados con acero de aleaci\u00f3n de alta calidad y tratados con un proceso t\u00e9rmico avanzado, estos moldes garantizan una resistencia duradera al desgaste y una calidad uniforme de los bloques. Son compatibles con una amplia gama de m\u00e1quinas, incluidas MASA, HESS, Zenith, Tiger y Bessel, por lo que son ideales para f\u00e1bricas de ladrillos, proyectos de construcci\u00f3n y producci\u00f3n comercial de bloques.<\/p>\n<h2 data-start=\"578\" data-end=\"597\">Caracter\u00edsticas principales<\/h2>\n<ul data-start=\"598\" data-end=\"914\">\n<li data-start=\"598\" data-end=\"669\">\n<p data-start=\"600\" data-end=\"669\">Produce bloques huecos, adoquines entrelazados y otros tipos de ladrillos.<\/p>\n<\/li>\n<li data-start=\"670\" data-end=\"734\">\n<p data-start=\"672\" data-end=\"734\">Fabricado con acero de aleaci\u00f3n de primera calidad y componentes resistentes al desgaste.<\/p>\n<\/li>\n<li data-start=\"735\" data-end=\"788\">\n<p data-start=\"737\" data-end=\"788\">Con tratamiento t\u00e9rmico para una mayor dureza y longevidad.<\/p>\n<\/li>\n<li data-start=\"789\" data-end=\"836\">\n<p data-start=\"791\" data-end=\"836\">Compatible con las principales marcas de m\u00e1quinas de bloques.<\/p>\n<\/li>\n<li data-start=\"837\" data-end=\"914\">\n<p data-start=\"839\" data-end=\"914\">Tama\u00f1os y dise\u00f1os personalizados disponibles para satisfacer los requisitos espec\u00edficos de cada proyecto.<\/p>\n<\/li>\n<\/ul>\n<table class=\"tg\" style=\"border-collapse: collapse; border-spacing: 0px; height: 173px;\" width=\"100%\">\n<tbody>\n<tr>\n<td style=\"font-family: Arial, sans-serif; font-size: 14px; overflow: hidden; padding: 10px 5px; text-align: left; vertical-align: top; word-break: normal; border: 1px solid black;\">Nombre<\/td>\n<td style=\"font-family: Arial, sans-serif; font-size: 14px; overflow: hidden; padding: 10px 5px; text-align: left; vertical-align: top; word-break: normal; border: 1px solid black;\">molde de hormig\u00f3n<\/td>\n<td style=\"font-family: Arial, sans-serif; font-size: 14px; overflow: hidden; padding: 10px 5px; text-align: left; vertical-align: top; word-break: normal; border: 1px solid black;\">Tratamiento t\u00e9rmico<\/td>\n<td style=\"font-family: Arial, sans-serif; font-size: 14px; overflow: hidden; padding: 10px 5px; text-align: left; vertical-align: top; word-break: normal; border: 1px solid black;\">Carbonitruraci\u00f3n 900-950<span style=\"color: #555;\">\u00b0<\/span>C<\/td>\n<\/tr>\n<tr>\n<td style=\"font-family: Arial, sans-serif; font-size: 14px; overflow: hidden; padding: 10px 5px; text-align: left; vertical-align: top; word-break: normal; border: 1px solid black;\">materia prima<\/td>\n<td style=\"font-family: Arial, sans-serif; font-size: 14px; overflow: hidden; padding: 10px 5px; text-align: left; vertical-align: top; word-break: normal; border: 1px solid black;\">acero especial resistente al desgaste<\/td>\n<td style=\"font-family: Arial, sans-serif; font-size: 14px; overflow: hidden; padding: 10px 5px; text-align: left; vertical-align: top; word-break: normal; border: 1px solid black;\">Dureza<\/td>\n<td style=\"font-family: Arial, sans-serif; font-size: 14px; overflow: hidden; padding: 10px 5px; text-align: left; vertical-align: top; word-break: normal; border: 1px solid black;\">60-65HRC<\/td>\n<\/tr>\n<tr>\n<td style=\"font-family: Arial, sans-serif; font-size: 14px; overflow: hidden; padding: 10px 5px; text-align: left; vertical-align: top; word-break: normal; border: 1px solid black;\">Tipo de bloque<\/td>\n<td style=\"font-family: Arial, sans-serif; font-size: 14px; overflow: hidden; padding: 10px 5px; text-align: left; vertical-align: top; word-break: normal; border: 1px solid black;\">Bloques huecos, bloques entrelazados, adoquines y bordillos, todos personalizables<\/td>\n<td style=\"font-family: Arial, sans-serif; font-size: 14px; overflow: hidden; padding: 10px 5px; text-align: left; vertical-align: top; word-break: normal; border: 1px solid black;\">C\u00f3digo SA<\/td>\n<td style=\"font-family: Arial, sans-serif; font-size: 14px; overflow: hidden; padding: 10px 5px; text-align: left; vertical-align: top; word-break: normal; border: 1px solid black;\">848060<\/td>\n<\/tr>\n<tr>\n<td style=\"font-family: Arial, sans-serif; font-size: 14px; overflow: hidden; padding: 10px 5px; text-align: left; vertical-align: top; word-break: normal; border: 1px solid black;\">vida \u00fatil<\/td>\n<td style=\"font-family: Arial, sans-serif; font-size: 14px; overflow: hidden; padding: 10px 5px; text-align: left; vertical-align: top; word-break: normal; border: 1px solid black;\">100000-120000 veces<\/td>\n<td style=\"font-family: Arial, sans-serif; font-size: 14px; overflow: hidden; padding: 10px 5px; text-align: left; vertical-align: top; word-break: normal; border: 1px solid black;\">Embalaje<\/td>\n<td style=\"font-family: Arial, sans-serif; font-size: 14px; overflow: hidden; padding: 10px 5px; text-align: left; vertical-align: top; word-break: normal; border: 1px solid black;\">Madera + film pl\u00e1stico<\/td>\n<\/tr>\n<\/tbody>\n<\/table>\n<h2 data-start=\"916\" data-end=\"938\">PREGUNTAS FRECUENTES<\/h2>\n<h3 data-start=\"940\" data-end=\"972\">\u00bfC\u00f3mo puedo obtener un presupuesto?<\/h3>\n<ol data-start=\"973\" data-end=\"1326\">\n<li data-start=\"973\" data-end=\"1040\">\n<p data-start=\"976\" data-end=\"1040\">Env\u00edenos planos detallados de su bloque para obtener un presupuesto preciso.<\/p>\n<\/li>\n<li data-start=\"1041\" data-end=\"1160\">\n<p data-start=\"1044\" data-end=\"1160\">Si no hay planos, indique el tipo de bloque (hueco\/s\u00f3lido), una foto y las dimensiones (longitud \u00d7 anchura \u00d7 grosor en mm).<\/p>\n<\/li>\n<li data-start=\"1161\" data-end=\"1229\">\n<p data-start=\"1164\" data-end=\"1229\">Indique el tama\u00f1o de la paleta, el tama\u00f1o del cabezal del pis\u00f3n y la altura del molde inferior.<\/p>\n<\/li>\n<li data-start=\"1230\" data-end=\"1326\">\n<p data-start=\"1233\" data-end=\"1326\">Explique c\u00f3mo se conecta su molde a su m\u00e1quina. Si est\u00e1 disponible, proporcione un plano de conexi\u00f3n.<\/p>\n<\/li>\n<\/ol>\n<h3 data-start=\"1328\" data-end=\"1450\">Embalaje de transporte:<\/h3>\n<p data-start=\"1328\" data-end=\"1450\">Las cajas de madera con pel\u00edcula de pl\u00e1stico son est\u00e1ndar, o embalaje personalizado seg\u00fan los requisitos del comprador.<\/p>\n<h3 data-start=\"1452\" data-end=\"1636\">Compatibilidad:<\/h3>\n<p data-start=\"1452\" data-end=\"1636\">Fabricamos moldes para varias marcas de m\u00e1quinas y mantenemos registros detallados. Podemos confirmar el ajuste mediante fotos o medidas para garantizar una compatibilidad perfecta.<\/p>\n<h3 data-start=\"1638\" data-end=\"1730\">Condiciones de pago:<\/h3>\n<p data-start=\"1638\" data-end=\"1730\">50% por adelantado mediante T\/T para iniciar su pedido; el saldo debe pagarse antes del env\u00edo.<\/p>\n<h3 data-start=\"1732\" data-end=\"1801\">P\u00f3ngase en contacto con nosotros:<\/h3>\n<p data-start=\"1732\" data-end=\"1801\">WeChat\/WhatsApp: +86-1330506196 \/ +86-18960287187<\/p>\n<p><iframe loading=\"lazy\" title=\"V\u00eddeo de funcionamiento del bloque ICF\" src=\"https:\/\/www.youtube.com\/embed\/czhs2wYoLZg\" width=\"556\" height=\"310\" frameborder=\"0\" allowfullscreen=\"allowfullscreen\"><\/iframe><\/p>","protected":false},"excerpt":{"rendered":"<ul>\n<li>Producimos bloques huecos de hormig\u00f3n con molde de techo, ladrillos porosos, ladrillos macizos, bloques para adoquines, ladrillos de protecci\u00f3n de taludes fluviales, ladrillos cuadrados, ladrillos de muelle, ladrillos de aislamiento t\u00e9rmico y ladrillos para plantar c\u00e9sped.<\/li>\n<li>Custom shapes can be tailored to meet buyer&#8217;s needs.<\/li>\n<li>Se pueden fabricar todo tipo de ladrillos, lo que garantiza versatilidad y personalizaci\u00f3n a nuestros clientes.<\/li>\n<\/ul>\n<table class=\"tg\" style=\"border-collapse: collapse; border-spacing: 0px; height: 300px;\" width=\"100%\">\n<tbody>\n<tr>\n<td style=\"font-family: Arial, sans-serif; font-size: 14px; overflow: hidden; padding: 10px 5px; text-align: left; vertical-align: top; word-break: normal; border: 1px solid black;\">Pedido(MOQ) :<\/td>\n<td style=\"font-family: Arial, sans-serif; font-size: 14px; overflow: hidden; padding: 10px 5px; text-align: left; vertical-align: top; word-break: normal; border: 1px solid black;\">1 juego<\/td>\n<\/tr>\n<tr>\n<td style=\"font-family: Arial, sans-serif; font-size: 14px; overflow: hidden; padding: 10px 5px; text-align: left; vertical-align: top; word-break: normal; border: 1px solid black;\">Pago :<\/td>\n<td style=\"font-family: Arial, sans-serif; font-size: 14px; overflow: hidden; padding: 10px 5px; text-align: left; vertical-align: top; word-break: normal; border: 1px solid black;\">Pago T\/T 100% antes del env\u00edo o 100% mediante carta de cr\u00e9dito irrevocable y confirmada a la vista.<\/td>\n<\/tr>\n<tr>\n<td style=\"font-family: Arial, sans-serif; font-size: 14px; overflow: hidden; padding: 10px 5px; text-align: left; vertical-align: top; word-break: normal; border: 1px solid black;\">Origen del producto :<\/td>\n<td style=\"font-family: Arial, sans-serif; font-size: 14px; overflow: hidden; padding: 10px 5px; text-align: left; vertical-align: top; word-break: normal; border: 1px solid black;\">Quanzhou Fujian<\/td>\n<\/tr>\n<tr>\n<td style=\"font-family: Arial, sans-serif; font-size: 14px; overflow: hidden; padding: 10px 5px; text-align: left; vertical-align: top; word-break: normal; border: 1px solid black;\">Color :<\/td>\n<td style=\"font-family: Arial, sans-serif; font-size: 14px; overflow: hidden; padding: 10px 5px; text-align: left; vertical-align: top; word-break: normal; border: 1px solid black;\">personalizar seg\u00fan la demanda<\/td>\n<\/tr>\n<tr>\n<td style=\"font-family: Arial, sans-serif; font-size: 14px; overflow: hidden; padding: 10px 5px; text-align: left; vertical-align: top; word-break: normal; border: 1px solid black;\">Puerto de embarque :<\/td>\n<td style=\"font-family: Arial, sans-serif; font-size: 14px; overflow: hidden; padding: 10px 5px; text-align: left; vertical-align: top; word-break: normal; border: 1px solid black;\">Xiamen<\/td>\n<\/tr>\n<tr>\n<td style=\"font-family: Arial, sans-serif; font-size: 14px; overflow: hidden; padding: 10px 5px; text-align: left; vertical-align: top; word-break: normal; border: 1px solid black;\">Plazo de entrega :<\/td>\n<td style=\"font-family: Arial, sans-serif; font-size: 14px; overflow: hidden; padding: 10px 5px; text-align: left; vertical-align: top; word-break: normal; border: 1px solid black;\">20-25 d\u00edas<\/td>\n<\/tr>\n<\/tbody>\n<\/table>\n<p>&nbsp;<\/p>","protected":false},"featured_media":8228,"template":"","meta":[],"product_brand":[],"product_cat":[758,763],"product_tag":[764],"class_list":{"0":"post-8227","1":"product","2":"type-product","3":"status-publish","4":"has-post-thumbnail","6":"product_cat-block-moulds","7":"product_cat-paving-stone-mould","8":"product_tag-special-grass-mold","10":"first","11":"instock","12":"shipping-taxable","13":"product-type-simple"},"yoast_head":"<!-- This site is optimized with the Yoast SEO plugin v24.4 - https:\/\/yoast.com\/wordpress\/plugins\/seo\/ -->\n<title>Hollow Block Mold for Sale \u2013 Interlocking Pavers &amp; Bricks<\/title>\n<meta name=\"description\" content=\"Durable hollow block molds for interlocking pavers and bricks. Compatible with MASA, HESS, Zenith, Tiger machines. High-quality alloy steel with heat treatment.\" \/>\n<meta name=\"robots\" content=\"index, follow, max-snippet:-1, max-image-preview:large, max-video-preview:-1\" \/>\n<link rel=\"canonical\" href=\"https:\/\/www.kblmachinery.com\/es\/grass-block-mold-paving-brick-mould-for-park-road\/\" \/>\n<meta property=\"og:locale\" content=\"es_ES\" \/>\n<meta property=\"og:type\" content=\"article\" \/>\n<meta property=\"og:title\" content=\"Hollow Block Mold for Sale \u2013 Interlocking Pavers &amp; Bricks\" \/>\n<meta property=\"og:description\" content=\"Durable hollow block molds for interlocking pavers and bricks. Compatible with MASA, HESS, Zenith, Tiger machines. High-quality alloy steel with heat treatment.\" \/>\n<meta property=\"og:url\" content=\"https:\/\/www.kblmachinery.com\/es\/grass-block-mold-paving-brick-mould-for-park-road\/\" \/>\n<meta property=\"og:site_name\" content=\"Kimberly Machinery\" \/>\n<meta property=\"article:publisher\" content=\"https:\/\/www.facebook.com\/KimberlyMachinery\" \/>\n<meta property=\"article:modified_time\" content=\"2025-11-28T07:29:50+00:00\" \/>\n<meta property=\"og:image\" content=\"https:\/\/www.kblmachinery.com\/wp-content\/uploads\/2025\/11\/Hollow-Block-Mold-Pavers-Interlocking-Bricks-Mould-Interlocking-Brick-Mold-for-Sale.webp\" \/>\n\t<meta property=\"og:image:width\" content=\"805\" \/>\n\t<meta property=\"og:image:height\" content=\"805\" \/>\n\t<meta property=\"og:image:type\" content=\"image\/webp\" \/>\n<meta name=\"twitter:card\" content=\"summary_large_image\" \/>\n<meta name=\"twitter:label1\" content=\"Tiempo de lectura\" \/>\n\t<meta name=\"twitter:data1\" content=\"2 minutos\" \/>\n<script type=\"application\/ld+json\" class=\"yoast-schema-graph\">{\"@context\":\"https:\/\/schema.org\",\"@graph\":[{\"@type\":\"WebPage\",\"@id\":\"https:\/\/www.kblmachinery.com\/grass-block-mold-paving-brick-mould-for-park-road\/\",\"url\":\"https:\/\/www.kblmachinery.com\/grass-block-mold-paving-brick-mould-for-park-road\/\",\"name\":\"Hollow Block Mold for Sale \u2013 Interlocking Pavers & Bricks\",\"isPartOf\":{\"@id\":\"https:\/\/www.kblmachinery.com\/#website\"},\"primaryImageOfPage\":{\"@id\":\"https:\/\/www.kblmachinery.com\/grass-block-mold-paving-brick-mould-for-park-road\/#primaryimage\"},\"image\":{\"@id\":\"https:\/\/www.kblmachinery.com\/grass-block-mold-paving-brick-mould-for-park-road\/#primaryimage\"},\"thumbnailUrl\":\"https:\/\/www.kblmachinery.com\/wp-content\/uploads\/2025\/11\/Hollow-Block-Mold-Pavers-Interlocking-Bricks-Mould-Interlocking-Brick-Mold-for-Sale.webp\",\"datePublished\":\"2024-08-17T06:10:00+00:00\",\"dateModified\":\"2025-11-28T07:29:50+00:00\",\"description\":\"Durable hollow block molds for interlocking pavers and bricks. Compatible with MASA, HESS, Zenith, Tiger machines. High-quality alloy steel with heat treatment.\",\"breadcrumb\":{\"@id\":\"https:\/\/www.kblmachinery.com\/grass-block-mold-paving-brick-mould-for-park-road\/#breadcrumb\"},\"inLanguage\":\"es\",\"potentialAction\":[{\"@type\":\"ReadAction\",\"target\":[\"https:\/\/www.kblmachinery.com\/grass-block-mold-paving-brick-mould-for-park-road\/\"]}]},{\"@type\":\"ImageObject\",\"inLanguage\":\"es\",\"@id\":\"https:\/\/www.kblmachinery.com\/grass-block-mold-paving-brick-mould-for-park-road\/#primaryimage\",\"url\":\"https:\/\/www.kblmachinery.com\/wp-content\/uploads\/2025\/11\/Hollow-Block-Mold-Pavers-Interlocking-Bricks-Mould-Interlocking-Brick-Mold-for-Sale.webp\",\"contentUrl\":\"https:\/\/www.kblmachinery.com\/wp-content\/uploads\/2025\/11\/Hollow-Block-Mold-Pavers-Interlocking-Bricks-Mould-Interlocking-Brick-Mold-for-Sale.webp\",\"width\":805,\"height\":805,\"caption\":\"Hollow Block Mold Pavers Interlocking Bricks Mould Interlocking Brick Mold for Sale\"},{\"@type\":\"BreadcrumbList\",\"@id\":\"https:\/\/www.kblmachinery.com\/grass-block-mold-paving-brick-mould-for-park-road\/#breadcrumb\",\"itemListElement\":[{\"@type\":\"ListItem\",\"position\":1,\"name\":\"Home\",\"item\":\"https:\/\/www.kblmachinery.com\/\"},{\"@type\":\"ListItem\",\"position\":2,\"name\":\"Hollow Block Mold Pavers Interlocking Bricks Mould Interlocking Brick Mold for Sale\"}]},{\"@type\":\"WebSite\",\"@id\":\"https:\/\/www.kblmachinery.com\/#website\",\"url\":\"https:\/\/www.kblmachinery.com\/\",\"name\":\"Professional Brick\/Block Making Machine in China\",\"description\":\"Block Machine Manufacturer - Kimberly Machinery\",\"publisher\":{\"@id\":\"https:\/\/www.kblmachinery.com\/#organization\"},\"potentialAction\":[{\"@type\":\"SearchAction\",\"target\":{\"@type\":\"EntryPoint\",\"urlTemplate\":\"https:\/\/www.kblmachinery.com\/?s={search_term_string}\"},\"query-input\":{\"@type\":\"PropertyValueSpecification\",\"valueRequired\":true,\"valueName\":\"search_term_string\"}}],\"inLanguage\":\"es\"},{\"@type\":\"Organization\",\"@id\":\"https:\/\/www.kblmachinery.com\/#organization\",\"name\":\"Quanzhou Kimberly Machinery Manufacturing Co. Ltd\",\"url\":\"https:\/\/www.kblmachinery.com\/\",\"logo\":{\"@type\":\"ImageObject\",\"inLanguage\":\"es\",\"@id\":\"https:\/\/www.kblmachinery.com\/#\/schema\/logo\/image\/\",\"url\":\"https:\/\/www.kblmachinery.com\/wp-content\/uploads\/2025\/11\/cropped-logo-1-1.png\",\"contentUrl\":\"https:\/\/www.kblmachinery.com\/wp-content\/uploads\/2025\/11\/cropped-logo-1-1.png\",\"width\":123,\"height\":136,\"caption\":\"Quanzhou Kimberly Machinery Manufacturing Co. Ltd\"},\"image\":{\"@id\":\"https:\/\/www.kblmachinery.com\/#\/schema\/logo\/image\/\"},\"sameAs\":[\"https:\/\/www.facebook.com\/KimberlyMachinery\"]}]}<\/script>\n<!-- \/ Yoast SEO plugin. -->","yoast_head_json":{"title":"Hollow Block Mold for Sale \u2013 Interlocking Pavers & Bricks","description":"Durable hollow block molds for interlocking pavers and bricks. Compatible with MASA, HESS, Zenith, Tiger machines. High-quality alloy steel with heat treatment.","robots":{"index":"index","follow":"follow","max-snippet":"max-snippet:-1","max-image-preview":"max-image-preview:large","max-video-preview":"max-video-preview:-1"},"canonical":"https:\/\/www.kblmachinery.com\/es\/grass-block-mold-paving-brick-mould-for-park-road\/","og_locale":"es_ES","og_type":"article","og_title":"Hollow Block Mold for Sale \u2013 Interlocking Pavers & Bricks","og_description":"Durable hollow block molds for interlocking pavers and bricks. Compatible with MASA, HESS, Zenith, Tiger machines. High-quality alloy steel with heat treatment.","og_url":"https:\/\/www.kblmachinery.com\/es\/grass-block-mold-paving-brick-mould-for-park-road\/","og_site_name":"Kimberly Machinery","article_publisher":"https:\/\/www.facebook.com\/KimberlyMachinery","article_modified_time":"2025-11-28T07:29:50+00:00","og_image":[{"width":805,"height":805,"url":"https:\/\/www.kblmachinery.com\/wp-content\/uploads\/2025\/11\/Hollow-Block-Mold-Pavers-Interlocking-Bricks-Mould-Interlocking-Brick-Mold-for-Sale.webp","type":"image\/webp"}],"twitter_card":"summary_large_image","twitter_misc":{"Tiempo de lectura":"2 minutos"},"schema":{"@context":"https:\/\/schema.org","@graph":[{"@type":"WebPage","@id":"https:\/\/www.kblmachinery.com\/grass-block-mold-paving-brick-mould-for-park-road\/","url":"https:\/\/www.kblmachinery.com\/grass-block-mold-paving-brick-mould-for-park-road\/","name":"Hollow Block Mold for Sale \u2013 Interlocking Pavers & Bricks","isPartOf":{"@id":"https:\/\/www.kblmachinery.com\/#website"},"primaryImageOfPage":{"@id":"https:\/\/www.kblmachinery.com\/grass-block-mold-paving-brick-mould-for-park-road\/#primaryimage"},"image":{"@id":"https:\/\/www.kblmachinery.com\/grass-block-mold-paving-brick-mould-for-park-road\/#primaryimage"},"thumbnailUrl":"https:\/\/www.kblmachinery.com\/wp-content\/uploads\/2025\/11\/Hollow-Block-Mold-Pavers-Interlocking-Bricks-Mould-Interlocking-Brick-Mold-for-Sale.webp","datePublished":"2024-08-17T06:10:00+00:00","dateModified":"2025-11-28T07:29:50+00:00","description":"Durable hollow block molds for interlocking pavers and bricks. Compatible with MASA, HESS, Zenith, Tiger machines. High-quality alloy steel with heat treatment.","breadcrumb":{"@id":"https:\/\/www.kblmachinery.com\/grass-block-mold-paving-brick-mould-for-park-road\/#breadcrumb"},"inLanguage":"es","potentialAction":[{"@type":"ReadAction","target":["https:\/\/www.kblmachinery.com\/grass-block-mold-paving-brick-mould-for-park-road\/"]}]},{"@type":"ImageObject","inLanguage":"es","@id":"https:\/\/www.kblmachinery.com\/grass-block-mold-paving-brick-mould-for-park-road\/#primaryimage","url":"https:\/\/www.kblmachinery.com\/wp-content\/uploads\/2025\/11\/Hollow-Block-Mold-Pavers-Interlocking-Bricks-Mould-Interlocking-Brick-Mold-for-Sale.webp","contentUrl":"https:\/\/www.kblmachinery.com\/wp-content\/uploads\/2025\/11\/Hollow-Block-Mold-Pavers-Interlocking-Bricks-Mould-Interlocking-Brick-Mold-for-Sale.webp","width":805,"height":805,"caption":"Hollow Block Mold Pavers Interlocking Bricks Mould Interlocking Brick Mold for Sale"},{"@type":"BreadcrumbList","@id":"https:\/\/www.kblmachinery.com\/grass-block-mold-paving-brick-mould-for-park-road\/#breadcrumb","itemListElement":[{"@type":"ListItem","position":1,"name":"Home","item":"https:\/\/www.kblmachinery.com\/"},{"@type":"ListItem","position":2,"name":"Hollow Block Mold Pavers Interlocking Bricks Mould Interlocking Brick Mold for Sale"}]},{"@type":"WebSite","@id":"https:\/\/www.kblmachinery.com\/#website","url":"https:\/\/www.kblmachinery.com\/","name":"Professional Brick\/Block Making Machine in China","description":"Block Machine Manufacturer - Kimberly Machinery","publisher":{"@id":"https:\/\/www.kblmachinery.com\/#organization"},"potentialAction":[{"@type":"SearchAction","target":{"@type":"EntryPoint","urlTemplate":"https:\/\/www.kblmachinery.com\/?s={search_term_string}"},"query-input":{"@type":"PropertyValueSpecification","valueRequired":true,"valueName":"search_term_string"}}],"inLanguage":"es"},{"@type":"Organization","@id":"https:\/\/www.kblmachinery.com\/#organization","name":"Quanzhou Kimberly Machinery Manufacturing Co. Ltd","url":"https:\/\/www.kblmachinery.com\/","logo":{"@type":"ImageObject","inLanguage":"es","@id":"https:\/\/www.kblmachinery.com\/#\/schema\/logo\/image\/","url":"https:\/\/www.kblmachinery.com\/wp-content\/uploads\/2025\/11\/cropped-logo-1-1.png","contentUrl":"https:\/\/www.kblmachinery.com\/wp-content\/uploads\/2025\/11\/cropped-logo-1-1.png","width":123,"height":136,"caption":"Quanzhou Kimberly Machinery Manufacturing Co. Ltd"},"image":{"@id":"https:\/\/www.kblmachinery.com\/#\/schema\/logo\/image\/"},"sameAs":["https:\/\/www.facebook.com\/KimberlyMachinery"]}]}},"_links":{"self":[{"href":"https:\/\/www.kblmachinery.com\/es\/wp-json\/wp\/v2\/product\/8227","targetHints":{"allow":["GET"]}}],"collection":[{"href":"https:\/\/www.kblmachinery.com\/es\/wp-json\/wp\/v2\/product"}],"about":[{"href":"https:\/\/www.kblmachinery.com\/es\/wp-json\/wp\/v2\/types\/product"}],"wp:featuredmedia":[{"embeddable":true,"href":"https:\/\/www.kblmachinery.com\/es\/wp-json\/wp\/v2\/media\/8228"}],"wp:attachment":[{"href":"https:\/\/www.kblmachinery.com\/es\/wp-json\/wp\/v2\/media?parent=8227"}],"wp:term":[{"taxonomy":"product_brand","embeddable":true,"href":"https:\/\/www.kblmachinery.com\/es\/wp-json\/wp\/v2\/product_brand?post=8227"},{"taxonomy":"product_cat","embeddable":true,"href":"https:\/\/www.kblmachinery.com\/es\/wp-json\/wp\/v2\/product_cat?post=8227"},{"taxonomy":"product_tag","embeddable":true,"href":"https:\/\/www.kblmachinery.com\/es\/wp-json\/wp\/v2\/product_tag?post=8227"}],"curies":[{"name":"wp","href":"https:\/\/api.w.org\/{rel}","templated":true}]}}