{"id":8251,"date":"2024-08-17T06:47:00","date_gmt":"2024-08-17T06:47:00","guid":{"rendered":"https:\/\/www.kblmachinery.com\/?post_type=product&#038;p=8251"},"modified":"2025-11-27T05:50:16","modified_gmt":"2025-11-27T05:50:16","slug":"high-end-steel-mould-kerbstone-retaining-wall-brick-block-mold","status":"publish","type":"product","link":"https:\/\/www.kblmachinery.com\/es\/high-end-steel-mould-kerbstone-retaining-wall-brick-block-mold\/","title":{"rendered":"Moldes de acero para adoquines permeables de alta gama Moldes para bordillos Muros de contenci\u00f3n Moldes para bloques de ladrillo"},"content":{"rendered":"<h2>Moldes de acero de alta gama para adoquines permeables y bloques para muros de contenci\u00f3n<\/h2>\n<p>Moldes de acero de alta gama para adoquines permeables, bordillos y bloques para muros de contenci\u00f3n, dise\u00f1ados para ofrecer durabilidad, precisi\u00f3n y un rendimiento duradero en la producci\u00f3n de bloques de hormig\u00f3n.<\/p>\n<h2>Especificaciones t\u00e9cnicas del molde<\/h2>\n<table class=\"tg\" style=\"border-collapse: collapse; border-spacing: 0px; height: 176px;\" width=\"100%\">\n<tbody>\n<tr>\n<td style=\"font-family: Arial, sans-serif; font-size: 14px; overflow: hidden; padding: 10px 5px; text-align: left; vertical-align: top; word-break: normal; border: 1px solid black;\">Nombre<\/td>\n<td style=\"font-family: Arial, sans-serif; font-size: 14px; overflow: hidden; padding: 10px 5px; text-align: left; vertical-align: top; word-break: normal; border: 1px solid black;\">molde de bloque hueco<\/td>\n<td style=\"font-family: Arial, sans-serif; font-size: 14px; overflow: hidden; padding: 10px 5px; text-align: left; vertical-align: top; word-break: normal; border: 1px solid black;\">Tratamiento t\u00e9rmico<\/td>\n<td style=\"font-family: Arial, sans-serif; font-size: 14px; overflow: hidden; padding: 10px 5px; text-align: left; vertical-align: top; word-break: normal; border: 1px solid black;\">Carbonitruraci\u00f3n 900-950<span style=\"color: #555;\">\u00b0<\/span>C<\/td>\n<\/tr>\n<tr>\n<td style=\"font-family: Arial, sans-serif; font-size: 14px; overflow: hidden; padding: 10px 5px; text-align: left; vertical-align: top; word-break: normal; border: 1px solid black;\">materia prima<\/td>\n<td style=\"font-family: Arial, sans-serif; font-size: 14px; overflow: hidden; padding: 10px 5px; text-align: left; vertical-align: top; word-break: normal; border: 1px solid black;\">acero especial resistente al desgaste<\/td>\n<td style=\"font-family: Arial, sans-serif; font-size: 14px; overflow: hidden; padding: 10px 5px; text-align: left; vertical-align: top; word-break: normal; border: 1px solid black;\">Dureza<\/td>\n<td style=\"font-family: Arial, sans-serif; font-size: 14px; overflow: hidden; padding: 10px 5px; text-align: left; vertical-align: top; word-break: normal; border: 1px solid black;\">60-65HRC<\/td>\n<\/tr>\n<tr>\n<td style=\"font-family: Arial, sans-serif; font-size: 14px; overflow: hidden; padding: 10px 5px; text-align: left; vertical-align: top; word-break: normal; border: 1px solid black;\">Tipo de bloque<\/td>\n<td style=\"font-family: Arial, sans-serif; font-size: 14px; overflow: hidden; padding: 10px 5px; text-align: left; vertical-align: top; word-break: normal; border: 1px solid black;\">Bloques huecos, bloques entrelazados, adoquines y bordillos, todos personalizables<\/td>\n<td style=\"font-family: Arial, sans-serif; font-size: 14px; overflow: hidden; padding: 10px 5px; text-align: left; vertical-align: top; word-break: normal; border: 1px solid black;\">C\u00f3digo SA<\/td>\n<td style=\"font-family: Arial, sans-serif; font-size: 14px; overflow: hidden; padding: 10px 5px; text-align: left; vertical-align: top; word-break: normal; border: 1px solid black;\">848060<\/td>\n<\/tr>\n<tr>\n<td style=\"font-family: Arial, sans-serif; font-size: 14px; overflow: hidden; padding: 10px 5px; text-align: left; vertical-align: top; word-break: normal; border: 1px solid black;\">vida \u00fatil<\/td>\n<td style=\"font-family: Arial, sans-serif; font-size: 14px; overflow: hidden; padding: 10px 5px; text-align: left; vertical-align: top; word-break: normal; border: 1px solid black;\">100000-120000 veces<\/td>\n<td style=\"font-family: Arial, sans-serif; font-size: 14px; overflow: hidden; padding: 10px 5px; text-align: left; vertical-align: top; word-break: normal; border: 1px solid black;\">Embalaje<\/td>\n<td style=\"font-family: Arial, sans-serif; font-size: 14px; overflow: hidden; padding: 10px 5px; text-align: left; vertical-align: top; word-break: normal; border: 1px solid black;\">Madera + film pl\u00e1stico<\/td>\n<\/tr>\n<\/tbody>\n<\/table>\n<h2 data-start=\"38\" data-end=\"79\">FAQ - Obtenci\u00f3n de presupuestos y pedidos<\/h2>\n<h3 data-start=\"81\" data-end=\"116\">1. \u00bfC\u00f3mo puedo obtener un presupuesto?<\/h3>\n<ul data-start=\"117\" data-end=\"548\">\n<li data-start=\"117\" data-end=\"220\">\n<p data-start=\"119\" data-end=\"220\">Con dibujos detallados: Env\u00edenos sus planos en bloque y le proporcionaremos un presupuesto basado en ellos.<\/p>\n<\/li>\n<li data-start=\"221\" data-end=\"359\">\n<p data-start=\"223\" data-end=\"359\">Sin planos: D\u00edganos el tipo de bloque (hueco o macizo) y facil\u00edtenos una foto con las dimensiones (longitud \u00d7 anchura \u00d7 grosor en mm).<\/p>\n<\/li>\n<li data-start=\"360\" data-end=\"548\">\n<p data-start=\"362\" data-end=\"548\">Informaci\u00f3n adicional necesaria: Incluya el tama\u00f1o de la paleta, el tama\u00f1o del cabezal del pis\u00f3n, la altura del molde y explique c\u00f3mo se conecta su molde a su m\u00e1quina. Los planos de conexi\u00f3n son \u00fatiles si est\u00e1n disponibles.<\/p>\n<\/li>\n<\/ul>\n<p data-start=\"550\" data-end=\"627\">Una vez recibida su informaci\u00f3n, le facilitaremos un presupuesto sin demora.<\/p>\n<h3 data-start=\"634\" data-end=\"669\">2. \u00bfCu\u00e1l es el plazo de entrega?<\/h3>\n<ul data-start=\"670\" data-end=\"783\">\n<li data-start=\"670\" data-end=\"726\">\n<p data-start=\"672\" data-end=\"726\">Moldes est\u00e1ndar: 20-25 d\u00edas laborables tras el dep\u00f3sito<\/p>\n<\/li>\n<li data-start=\"727\" data-end=\"783\">\n<p data-start=\"729\" data-end=\"783\">Moldes de alta gama: 30-40 d\u00edas laborables tras el dep\u00f3sito<\/p>\n<\/li>\n<\/ul>\n<h3 data-start=\"790\" data-end=\"952\">3. \u00bfC\u00f3mo se gestiona el embalaje de transporte?<\/h3>\n<p data-start=\"790\" data-end=\"952\">Utilizamos cajas de madera con pel\u00edcula de pl\u00e1stico por defecto, o podemos personalizar el embalaje seg\u00fan sus necesidades.<\/p>\n<h3 data-start=\"959\" data-end=\"1111\">4. \u00bfCu\u00e1les son las condiciones de pago?<\/h3>\n<p data-start=\"959\" data-end=\"1111\">Se requiere un dep\u00f3sito de 50% mediante T\/T para iniciar la producci\u00f3n. El saldo restante debe liquidarse antes del env\u00edo.<\/p>\n<h3 data-start=\"1118\" data-end=\"1221\">5. 5. \u00bfC\u00f3mo puedo ponerme en contacto con usted?<\/h3>\n<p data-start=\"1118\" data-end=\"1221\">P\u00f3ngase en contacto con nosotros a trav\u00e9s de WeChat o WhatsApp: +86-1330506196 | +86-18960287187<\/p>\n<p data-start=\"1223\" data-end=\"1258\">Esperamos poder ayudarle.<\/p>\n<p><iframe loading=\"lazy\" title=\"V\u00eddeo de funcionamiento del bloque ICF\" src=\"https:\/\/www.youtube.com\/embed\/czhs2wYoLZg\" width=\"556\" height=\"310\" frameborder=\"0\" allowfullscreen=\"allowfullscreen\"><\/iframe><\/p>\n<h2>Acerca de Kimberly Machinery<\/h2>\n<p>Nuestra f\u00e1brica se estableci\u00f3 en 1990 con casi 30 a\u00f1os de experiencia en la fabricaci\u00f3n. No s\u00f3lo para el mercado interno, sino tambi\u00e9n para el extranjero, hemos estado exportando desde 2008.<\/p>\n<p>Estos a\u00f1os, hemos estado proporcionando un gran n\u00famero de moldes para diferentes marcas de m\u00e1quinas de bloques en los mercados nacionales y extranjeros, incluye MASA, HESS, ZENITH etc marcas de gama alta con una capacidad media de producci\u00f3n de alrededor de 1.000 juegos por a\u00f1o. Se pueden hacer moldes de bloques huecos, ladrillos porosos, ladrillos macizos, baldosas de carretera, ladrillos de protecci\u00f3n de taludes de r\u00edos, ladrillos cuadrados, ladrillos de muelle, ladrillos de aislamiento t\u00e9rmico, ladrillos de plantaci\u00f3n de c\u00e9sped, etc. Los moldes de ladrillos de formas especiales se pueden personalizar seg\u00fan las necesidades del comprador.<\/p>\n<p>Nuestra compa\u00f1\u00eda es una empresa que integra I+D, fabricaci\u00f3n, producci\u00f3n y ventas. El material del molde puede ser Q345 o material de alta gama importado de Italia. El tiempo de ciclo puede ser de 80000 veces o 120000 veces a elegir. Nuestra tecnolog\u00eda de corte de revestimiento CNC puede satisfacer eficazmente los requisitos de precisi\u00f3n de los moldes. Y despu\u00e9s de la cementaci\u00f3n al vac\u00edo, la dureza puede llegar a 62 grados que mejora en gran medida la resistencia al desgaste del molde.<\/p>\n<p>As\u00ed que confiando en la tecnolog\u00eda de producci\u00f3n avanzada, excelente artesan\u00eda, calidad confiable, precio razonable, nuestro molde ha sido apoyado y favorecido por los clientes en el pa\u00eds y en el extranjero estos a\u00f1os.<\/p>","protected":false},"excerpt":{"rendered":"<ol>\n<li>Producimos bloques huecos de hormig\u00f3n, ladrillos porosos, ladrillos macizos, adoquines, ladrillos de protecci\u00f3n de taludes fluviales, ladrillos cuadrados, ladrillos de muelle, ladrillos de aislamiento t\u00e9rmico y ladrillos para plantar c\u00e9sped.<\/li>\n<li>Las formas personalizadas pueden adaptarse a las necesidades espec\u00edficas del comprador.<\/li>\n<li>Se pueden fabricar todo tipo de ladrillos, lo que garantiza versatilidad y personalizaci\u00f3n a nuestros clientes.<\/li>\n<\/ol>\n<table class=\"tg\" style=\"border-collapse: collapse; border-spacing: 0;\">\n<tbody>\n<tr>\n<td style=\"font-family: Arial, sans-serif; font-size: 14px; overflow: hidden; padding: 10px 5px; text-align: left; vertical-align: top; word-break: normal; border: 1px solid black;\">Pedido(MOQ) :<\/td>\n<td style=\"font-family: Arial, sans-serif; font-size: 14px; overflow: hidden; padding: 10px 5px; text-align: left; vertical-align: top; word-break: normal; border: 1px solid black;\">1 juego<\/td>\n<\/tr>\n<tr>\n<td style=\"font-family: Arial, sans-serif; font-size: 14px; overflow: hidden; padding: 10px 5px; text-align: left; vertical-align: top; word-break: normal; border: 1px solid black;\">Pago :<\/td>\n<td style=\"font-family: Arial, sans-serif; font-size: 14px; overflow: hidden; padding: 10px 5px; text-align: left; vertical-align: top; word-break: normal; border: 1px solid black;\">Pago T\/T 100% antes del env\u00edo o 100% mediante carta de cr\u00e9dito irrevocable y confirmada a la vista.<\/td>\n<\/tr>\n<tr>\n<td style=\"font-family: Arial, sans-serif; font-size: 14px; overflow: hidden; padding: 10px 5px; text-align: left; vertical-align: top; word-break: normal; border: 1px solid black;\">Origen del producto :<\/td>\n<td style=\"font-family: Arial, sans-serif; font-size: 14px; overflow: hidden; padding: 10px 5px; text-align: left; vertical-align: top; word-break: normal; border: 1px solid black;\">Quanzhou Fujian<\/td>\n<\/tr>\n<tr>\n<td style=\"font-family: Arial, sans-serif; font-size: 14px; overflow: hidden; padding: 10px 5px; text-align: left; vertical-align: top; word-break: normal; border: 1px solid black;\">Color :<\/td>\n<td style=\"font-family: Arial, sans-serif; font-size: 14px; overflow: hidden; padding: 10px 5px; text-align: left; vertical-align: top; word-break: normal; border: 1px solid black;\">personalizar seg\u00fan la demanda<\/td>\n<\/tr>\n<tr>\n<td style=\"font-family: Arial, sans-serif; font-size: 14px; overflow: hidden; padding: 10px 5px; text-align: left; vertical-align: top; word-break: normal; border: 1px solid black;\">Puerto de embarque :<\/td>\n<td style=\"font-family: Arial, sans-serif; font-size: 14px; overflow: hidden; padding: 10px 5px; text-align: left; vertical-align: top; word-break: normal; border: 1px solid black;\">Xiamen<\/td>\n<\/tr>\n<tr>\n<td style=\"font-family: Arial, sans-serif; font-size: 14px; overflow: hidden; padding: 10px 5px; text-align: left; vertical-align: top; word-break: normal; border: 1px solid black;\">Plazo de entrega :<\/td>\n<td style=\"font-family: Arial, sans-serif; font-size: 14px; overflow: hidden; padding: 10px 5px; text-align: left; vertical-align: top; word-break: normal; border: 1px solid black;\">20-25 d\u00edas<\/td>\n<\/tr>\n<\/tbody>\n<\/table>\n<p>&nbsp;<\/p>","protected":false},"featured_media":8252,"template":"","meta":[],"product_brand":[],"product_cat":[758,767],"product_tag":[765],"class_list":{"0":"post-8251","1":"product","2":"type-product","3":"status-publish","4":"has-post-thumbnail","6":"product_cat-block-moulds","7":"product_cat-permeable-paver-mould","8":"product_tag-mix-size-block-mold","10":"first","11":"instock","12":"shipping-taxable","13":"product-type-simple"},"yoast_head":"<!-- This site is optimized with the Yoast SEO plugin v24.4 - https:\/\/yoast.com\/wordpress\/plugins\/seo\/ -->\n<title>High-End Permeable Paver Steel Molds Supplier | Kimberly Machinery<\/title>\n<meta name=\"description\" content=\"Durable steel molds for permeable pavers, kerb stones, and retaining wall blocks. High precision and long-lasting performance for block production.\" \/>\n<meta name=\"robots\" content=\"index, follow, max-snippet:-1, max-image-preview:large, max-video-preview:-1\" \/>\n<link rel=\"canonical\" href=\"https:\/\/www.kblmachinery.com\/es\/high-end-steel-mould-kerbstone-retaining-wall-brick-block-mold\/\" \/>\n<meta property=\"og:locale\" content=\"es_ES\" \/>\n<meta property=\"og:type\" content=\"article\" \/>\n<meta property=\"og:title\" content=\"High-End Permeable Paver Steel Molds Supplier | Kimberly Machinery\" \/>\n<meta property=\"og:description\" content=\"Durable steel molds for permeable pavers, kerb stones, and retaining wall blocks. High precision and long-lasting performance for block production.\" \/>\n<meta property=\"og:url\" content=\"https:\/\/www.kblmachinery.com\/es\/high-end-steel-mould-kerbstone-retaining-wall-brick-block-mold\/\" \/>\n<meta property=\"og:site_name\" content=\"Kimberly Machinery\" \/>\n<meta property=\"article:publisher\" content=\"https:\/\/www.facebook.com\/KimberlyMachinery\" \/>\n<meta property=\"article:modified_time\" content=\"2025-11-27T05:50:16+00:00\" \/>\n<meta property=\"og:image\" content=\"https:\/\/www.kblmachinery.com\/wp-content\/uploads\/2025\/11\/High-end-Permeable-Paver-Steel-Mould-Kerbstone-Retaining-Wall-Brick-Block-Mold.webp\" \/>\n\t<meta property=\"og:image:width\" content=\"805\" \/>\n\t<meta property=\"og:image:height\" content=\"805\" \/>\n\t<meta property=\"og:image:type\" content=\"image\/webp\" \/>\n<meta name=\"twitter:card\" content=\"summary_large_image\" \/>\n<meta name=\"twitter:label1\" content=\"Tiempo de lectura\" \/>\n\t<meta name=\"twitter:data1\" content=\"3 minutos\" \/>\n<script type=\"application\/ld+json\" class=\"yoast-schema-graph\">{\"@context\":\"https:\/\/schema.org\",\"@graph\":[{\"@type\":\"WebPage\",\"@id\":\"https:\/\/www.kblmachinery.com\/high-end-steel-mould-kerbstone-retaining-wall-brick-block-mold\/\",\"url\":\"https:\/\/www.kblmachinery.com\/high-end-steel-mould-kerbstone-retaining-wall-brick-block-mold\/\",\"name\":\"High-End Permeable Paver Steel Molds Supplier | Kimberly Machinery\",\"isPartOf\":{\"@id\":\"https:\/\/www.kblmachinery.com\/#website\"},\"primaryImageOfPage\":{\"@id\":\"https:\/\/www.kblmachinery.com\/high-end-steel-mould-kerbstone-retaining-wall-brick-block-mold\/#primaryimage\"},\"image\":{\"@id\":\"https:\/\/www.kblmachinery.com\/high-end-steel-mould-kerbstone-retaining-wall-brick-block-mold\/#primaryimage\"},\"thumbnailUrl\":\"https:\/\/www.kblmachinery.com\/wp-content\/uploads\/2025\/11\/High-end-Permeable-Paver-Steel-Mould-Kerbstone-Retaining-Wall-Brick-Block-Mold.webp\",\"datePublished\":\"2024-08-17T06:47:00+00:00\",\"dateModified\":\"2025-11-27T05:50:16+00:00\",\"description\":\"Durable steel molds for permeable pavers, kerb stones, and retaining wall blocks. High precision and long-lasting performance for block production.\",\"breadcrumb\":{\"@id\":\"https:\/\/www.kblmachinery.com\/high-end-steel-mould-kerbstone-retaining-wall-brick-block-mold\/#breadcrumb\"},\"inLanguage\":\"es\",\"potentialAction\":[{\"@type\":\"ReadAction\",\"target\":[\"https:\/\/www.kblmachinery.com\/high-end-steel-mould-kerbstone-retaining-wall-brick-block-mold\/\"]}]},{\"@type\":\"ImageObject\",\"inLanguage\":\"es\",\"@id\":\"https:\/\/www.kblmachinery.com\/high-end-steel-mould-kerbstone-retaining-wall-brick-block-mold\/#primaryimage\",\"url\":\"https:\/\/www.kblmachinery.com\/wp-content\/uploads\/2025\/11\/High-end-Permeable-Paver-Steel-Mould-Kerbstone-Retaining-Wall-Brick-Block-Mold.webp\",\"contentUrl\":\"https:\/\/www.kblmachinery.com\/wp-content\/uploads\/2025\/11\/High-end-Permeable-Paver-Steel-Mould-Kerbstone-Retaining-Wall-Brick-Block-Mold.webp\",\"width\":805,\"height\":805,\"caption\":\"Hollow Block Mold Pavers Interlocking Bricks Mould Interlocking Brick Mold for Sale\"},{\"@type\":\"BreadcrumbList\",\"@id\":\"https:\/\/www.kblmachinery.com\/high-end-steel-mould-kerbstone-retaining-wall-brick-block-mold\/#breadcrumb\",\"itemListElement\":[{\"@type\":\"ListItem\",\"position\":1,\"name\":\"Home\",\"item\":\"https:\/\/www.kblmachinery.com\/\"},{\"@type\":\"ListItem\",\"position\":2,\"name\":\"High-end Permeable Paver Steel Mould Kerb Stone Retaining Wall Brick Block Mold\"}]},{\"@type\":\"WebSite\",\"@id\":\"https:\/\/www.kblmachinery.com\/#website\",\"url\":\"https:\/\/www.kblmachinery.com\/\",\"name\":\"Professional Brick\/Block Making Machine in China\",\"description\":\"Block Machine Manufacturer - Kimberly Machinery\",\"publisher\":{\"@id\":\"https:\/\/www.kblmachinery.com\/#organization\"},\"potentialAction\":[{\"@type\":\"SearchAction\",\"target\":{\"@type\":\"EntryPoint\",\"urlTemplate\":\"https:\/\/www.kblmachinery.com\/?s={search_term_string}\"},\"query-input\":{\"@type\":\"PropertyValueSpecification\",\"valueRequired\":true,\"valueName\":\"search_term_string\"}}],\"inLanguage\":\"es\"},{\"@type\":\"Organization\",\"@id\":\"https:\/\/www.kblmachinery.com\/#organization\",\"name\":\"Quanzhou Kimberly Machinery Manufacturing Co. Ltd\",\"url\":\"https:\/\/www.kblmachinery.com\/\",\"logo\":{\"@type\":\"ImageObject\",\"inLanguage\":\"es\",\"@id\":\"https:\/\/www.kblmachinery.com\/#\/schema\/logo\/image\/\",\"url\":\"https:\/\/www.kblmachinery.com\/wp-content\/uploads\/2025\/11\/cropped-logo-1-1.png\",\"contentUrl\":\"https:\/\/www.kblmachinery.com\/wp-content\/uploads\/2025\/11\/cropped-logo-1-1.png\",\"width\":123,\"height\":136,\"caption\":\"Quanzhou Kimberly Machinery Manufacturing Co. Ltd\"},\"image\":{\"@id\":\"https:\/\/www.kblmachinery.com\/#\/schema\/logo\/image\/\"},\"sameAs\":[\"https:\/\/www.facebook.com\/KimberlyMachinery\"]}]}<\/script>\n<!-- \/ Yoast SEO plugin. -->","yoast_head_json":{"title":"High-End Permeable Paver Steel Molds Supplier | Kimberly Machinery","description":"Durable steel molds for permeable pavers, kerb stones, and retaining wall blocks. High precision and long-lasting performance for block production.","robots":{"index":"index","follow":"follow","max-snippet":"max-snippet:-1","max-image-preview":"max-image-preview:large","max-video-preview":"max-video-preview:-1"},"canonical":"https:\/\/www.kblmachinery.com\/es\/high-end-steel-mould-kerbstone-retaining-wall-brick-block-mold\/","og_locale":"es_ES","og_type":"article","og_title":"High-End Permeable Paver Steel Molds Supplier | Kimberly Machinery","og_description":"Durable steel molds for permeable pavers, kerb stones, and retaining wall blocks. High precision and long-lasting performance for block production.","og_url":"https:\/\/www.kblmachinery.com\/es\/high-end-steel-mould-kerbstone-retaining-wall-brick-block-mold\/","og_site_name":"Kimberly Machinery","article_publisher":"https:\/\/www.facebook.com\/KimberlyMachinery","article_modified_time":"2025-11-27T05:50:16+00:00","og_image":[{"width":805,"height":805,"url":"https:\/\/www.kblmachinery.com\/wp-content\/uploads\/2025\/11\/High-end-Permeable-Paver-Steel-Mould-Kerbstone-Retaining-Wall-Brick-Block-Mold.webp","type":"image\/webp"}],"twitter_card":"summary_large_image","twitter_misc":{"Tiempo de lectura":"3 minutos"},"schema":{"@context":"https:\/\/schema.org","@graph":[{"@type":"WebPage","@id":"https:\/\/www.kblmachinery.com\/high-end-steel-mould-kerbstone-retaining-wall-brick-block-mold\/","url":"https:\/\/www.kblmachinery.com\/high-end-steel-mould-kerbstone-retaining-wall-brick-block-mold\/","name":"High-End Permeable Paver Steel Molds Supplier | Kimberly Machinery","isPartOf":{"@id":"https:\/\/www.kblmachinery.com\/#website"},"primaryImageOfPage":{"@id":"https:\/\/www.kblmachinery.com\/high-end-steel-mould-kerbstone-retaining-wall-brick-block-mold\/#primaryimage"},"image":{"@id":"https:\/\/www.kblmachinery.com\/high-end-steel-mould-kerbstone-retaining-wall-brick-block-mold\/#primaryimage"},"thumbnailUrl":"https:\/\/www.kblmachinery.com\/wp-content\/uploads\/2025\/11\/High-end-Permeable-Paver-Steel-Mould-Kerbstone-Retaining-Wall-Brick-Block-Mold.webp","datePublished":"2024-08-17T06:47:00+00:00","dateModified":"2025-11-27T05:50:16+00:00","description":"Durable steel molds for permeable pavers, kerb stones, and retaining wall blocks. High precision and long-lasting performance for block production.","breadcrumb":{"@id":"https:\/\/www.kblmachinery.com\/high-end-steel-mould-kerbstone-retaining-wall-brick-block-mold\/#breadcrumb"},"inLanguage":"es","potentialAction":[{"@type":"ReadAction","target":["https:\/\/www.kblmachinery.com\/high-end-steel-mould-kerbstone-retaining-wall-brick-block-mold\/"]}]},{"@type":"ImageObject","inLanguage":"es","@id":"https:\/\/www.kblmachinery.com\/high-end-steel-mould-kerbstone-retaining-wall-brick-block-mold\/#primaryimage","url":"https:\/\/www.kblmachinery.com\/wp-content\/uploads\/2025\/11\/High-end-Permeable-Paver-Steel-Mould-Kerbstone-Retaining-Wall-Brick-Block-Mold.webp","contentUrl":"https:\/\/www.kblmachinery.com\/wp-content\/uploads\/2025\/11\/High-end-Permeable-Paver-Steel-Mould-Kerbstone-Retaining-Wall-Brick-Block-Mold.webp","width":805,"height":805,"caption":"Hollow Block Mold Pavers Interlocking Bricks Mould Interlocking Brick Mold for Sale"},{"@type":"BreadcrumbList","@id":"https:\/\/www.kblmachinery.com\/high-end-steel-mould-kerbstone-retaining-wall-brick-block-mold\/#breadcrumb","itemListElement":[{"@type":"ListItem","position":1,"name":"Home","item":"https:\/\/www.kblmachinery.com\/"},{"@type":"ListItem","position":2,"name":"High-end Permeable Paver Steel Mould Kerb Stone Retaining Wall Brick Block Mold"}]},{"@type":"WebSite","@id":"https:\/\/www.kblmachinery.com\/#website","url":"https:\/\/www.kblmachinery.com\/","name":"Professional Brick\/Block Making Machine in China","description":"Block Machine Manufacturer - Kimberly Machinery","publisher":{"@id":"https:\/\/www.kblmachinery.com\/#organization"},"potentialAction":[{"@type":"SearchAction","target":{"@type":"EntryPoint","urlTemplate":"https:\/\/www.kblmachinery.com\/?s={search_term_string}"},"query-input":{"@type":"PropertyValueSpecification","valueRequired":true,"valueName":"search_term_string"}}],"inLanguage":"es"},{"@type":"Organization","@id":"https:\/\/www.kblmachinery.com\/#organization","name":"Quanzhou Kimberly Machinery Manufacturing Co. Ltd","url":"https:\/\/www.kblmachinery.com\/","logo":{"@type":"ImageObject","inLanguage":"es","@id":"https:\/\/www.kblmachinery.com\/#\/schema\/logo\/image\/","url":"https:\/\/www.kblmachinery.com\/wp-content\/uploads\/2025\/11\/cropped-logo-1-1.png","contentUrl":"https:\/\/www.kblmachinery.com\/wp-content\/uploads\/2025\/11\/cropped-logo-1-1.png","width":123,"height":136,"caption":"Quanzhou Kimberly Machinery Manufacturing Co. Ltd"},"image":{"@id":"https:\/\/www.kblmachinery.com\/#\/schema\/logo\/image\/"},"sameAs":["https:\/\/www.facebook.com\/KimberlyMachinery"]}]}},"_links":{"self":[{"href":"https:\/\/www.kblmachinery.com\/es\/wp-json\/wp\/v2\/product\/8251","targetHints":{"allow":["GET"]}}],"collection":[{"href":"https:\/\/www.kblmachinery.com\/es\/wp-json\/wp\/v2\/product"}],"about":[{"href":"https:\/\/www.kblmachinery.com\/es\/wp-json\/wp\/v2\/types\/product"}],"wp:featuredmedia":[{"embeddable":true,"href":"https:\/\/www.kblmachinery.com\/es\/wp-json\/wp\/v2\/media\/8252"}],"wp:attachment":[{"href":"https:\/\/www.kblmachinery.com\/es\/wp-json\/wp\/v2\/media?parent=8251"}],"wp:term":[{"taxonomy":"product_brand","embeddable":true,"href":"https:\/\/www.kblmachinery.com\/es\/wp-json\/wp\/v2\/product_brand?post=8251"},{"taxonomy":"product_cat","embeddable":true,"href":"https:\/\/www.kblmachinery.com\/es\/wp-json\/wp\/v2\/product_cat?post=8251"},{"taxonomy":"product_tag","embeddable":true,"href":"https:\/\/www.kblmachinery.com\/es\/wp-json\/wp\/v2\/product_tag?post=8251"}],"curies":[{"name":"wp","href":"https:\/\/api.w.org\/{rel}","templated":true}]}}