{"id":8258,"date":"2024-08-17T06:45:00","date_gmt":"2024-08-17T06:45:00","guid":{"rendered":"https:\/\/www.kblmachinery.com\/?post_type=product&#038;p=8258"},"modified":"2025-11-28T07:16:51","modified_gmt":"2025-11-28T07:16:51","slug":"high-end-concrete-block-mould-made-in-china","status":"publish","type":"product","link":"https:\/\/www.kblmachinery.com\/es\/high-end-concrete-block-mould-made-in-china\/","title":{"rendered":"Moldes de acero para moldes de bloques de hormig\u00f3n prefabricado Moldes de ladrillos de pavimentaci\u00f3n para la venta"},"content":{"rendered":"<h2>Venta de moldes de acero para bloques prefabricados de hormig\u00f3n y ladrillos para pavimentaci\u00f3n<\/h2>\n<h3>1.Tipos de bloques:<\/h3>\n<p>Dise\u00f1amos y fabricamos moldes de acero de alta calidad para una amplia gama de bloques de hormig\u00f3n, como adoquines entrelazados, losas, adoquines permeables, bordillos, muros de contenci\u00f3n, bloques huecos y bloques especiales a medida. Nuestro equipo no s\u00f3lo satisface los requisitos del cliente, sino que tambi\u00e9n ofrece soluciones de dise\u00f1o innovadoras para mejorar la eficacia de la producci\u00f3n y la calidad de los bloques.<\/p>\n<h3>2.Materia prima:<\/h3>\n<p>Todos los moldes se fabrican con acero templado y revenido de primera calidad importado de Italia. Gracias a un tratamiento t\u00e9rmico avanzado, la resistencia a la abrasi\u00f3n y la durabilidad del acero mejoran considerablemente, lo que garantiza un rendimiento duradero incluso en condiciones de producci\u00f3n exigentes.<\/p>\n<h3>3. Experiencia en fabricaci\u00f3n:<\/h3>\n<p>Con casi 30 a\u00f1os de experiencia, servimos a clientes de todo el mundo. Gracias a la combinaci\u00f3n de conocimientos t\u00e9cnicos y acero de alta calidad, ofrecemos moldes fiables, precisos y duraderos que cumplen las normas m\u00e1s estrictas del sector de los bloques de hormig\u00f3n.<\/p>\n<h2>Datos t\u00e9cnicos de nuestros moldes:<\/h2>\n<table class=\"tg\" style=\"border-collapse: collapse; border-spacing: 0px; height: 164px;\" width=\"100%\">\n<tbody>\n<tr>\n<td style=\"font-family: Arial, sans-serif; font-size: 14px; overflow: hidden; padding: 10px 5px; text-align: left; vertical-align: top; word-break: normal; border: 1px solid black;\">Nombre<\/td>\n<td style=\"font-family: Arial, sans-serif; font-size: 14px; overflow: hidden; padding: 10px 5px; text-align: left; vertical-align: top; word-break: normal; border: 1px solid black;\">moldes para adoquines<\/td>\n<td style=\"font-family: Arial, sans-serif; font-size: 14px; overflow: hidden; padding: 10px 5px; text-align: left; vertical-align: top; word-break: normal; border: 1px solid black;\">Tratamiento t\u00e9rmico<\/td>\n<td style=\"font-family: Arial, sans-serif; font-size: 14px; overflow: hidden; padding: 10px 5px; text-align: left; vertical-align: top; word-break: normal; border: 1px solid black;\">Carbonitruraci\u00f3n 900-950<span style=\"color: #555;\">\u00b0<\/span>C<\/td>\n<\/tr>\n<tr>\n<td style=\"font-family: Arial, sans-serif; font-size: 14px; overflow: hidden; padding: 10px 5px; text-align: left; vertical-align: top; word-break: normal; border: 1px solid black;\">materia prima<\/td>\n<td style=\"font-family: Arial, sans-serif; font-size: 14px; overflow: hidden; padding: 10px 5px; text-align: left; vertical-align: top; word-break: normal; border: 1px solid black;\">acero especial resistente al desgaste<\/td>\n<td style=\"font-family: Arial, sans-serif; font-size: 14px; overflow: hidden; padding: 10px 5px; text-align: left; vertical-align: top; word-break: normal; border: 1px solid black;\">Dureza<\/td>\n<td style=\"font-family: Arial, sans-serif; font-size: 14px; overflow: hidden; padding: 10px 5px; text-align: left; vertical-align: top; word-break: normal; border: 1px solid black;\">60-65HRC<\/td>\n<\/tr>\n<tr>\n<td style=\"font-family: Arial, sans-serif; font-size: 14px; overflow: hidden; padding: 10px 5px; text-align: left; vertical-align: top; word-break: normal; border: 1px solid black;\">Tipo de bloque<\/td>\n<td style=\"font-family: Arial, sans-serif; font-size: 14px; overflow: hidden; padding: 10px 5px; text-align: left; vertical-align: top; word-break: normal; border: 1px solid black;\">Bloques huecos, bloques entrelazados, adoquines y bordillos, todos personalizables<\/td>\n<td style=\"font-family: Arial, sans-serif; font-size: 14px; overflow: hidden; padding: 10px 5px; text-align: left; vertical-align: top; word-break: normal; border: 1px solid black;\">C\u00f3digo SA<\/td>\n<td style=\"font-family: Arial, sans-serif; font-size: 14px; overflow: hidden; padding: 10px 5px; text-align: left; vertical-align: top; word-break: normal; border: 1px solid black;\">848060<\/td>\n<\/tr>\n<tr>\n<td style=\"font-family: Arial, sans-serif; font-size: 14px; overflow: hidden; padding: 10px 5px; text-align: left; vertical-align: top; word-break: normal; border: 1px solid black;\">vida \u00fatil<\/td>\n<td style=\"font-family: Arial, sans-serif; font-size: 14px; overflow: hidden; padding: 10px 5px; text-align: left; vertical-align: top; word-break: normal; border: 1px solid black;\">100000-120000 veces<\/td>\n<td style=\"font-family: Arial, sans-serif; font-size: 14px; overflow: hidden; padding: 10px 5px; text-align: left; vertical-align: top; word-break: normal; border: 1px solid black;\">Embalaje<\/td>\n<td style=\"font-family: Arial, sans-serif; font-size: 14px; overflow: hidden; padding: 10px 5px; text-align: left; vertical-align: top; word-break: normal; border: 1px solid black;\">Madera + film pl\u00e1stico<\/td>\n<\/tr>\n<\/tbody>\n<\/table>\n<h2>PREGUNTAS FRECUENTES:<\/h2>\n<h3>1. \u00bfC\u00f3mo puedo obtener los presupuestos?<\/h3>\n<p>A. Send us detailed drawings of your needed blocks, and we will check and quote accordingly.<\/p>\n<p>B. Share the block type, like hollow or solid, with a picture, and specify sizes in length, width, and thickness in mm.<\/p>\n<p>C. What is your pallet size?<\/p>\n<p>D. Provide the tamper head size and down mold height.<\/p>\n<p>E. Explain how your mold connects to your machine, and share connection drawings if available. We&#8217;ll provide a quote promptly.<\/p>\n<h3>2. \u00bfQu\u00e9 le parece el plazo de entrega?<\/h3>\n<p>Los moldes est\u00e1ndar se fabrican en 20-25 d\u00edas laborables tras recibir el dep\u00f3sito, y los modelos avanzados en 30-40 d\u00edas laborables.<\/p>\n<h3>3. \u00bfSe adaptar\u00e1 el nuevo molde a mi m\u00e1quina?<\/h3>\n<p>We&#8217;ve made molds for various brands, so compatibility is likely. You can measure or send photos for confirmation. After verifying dimensions, we ensure a perfect fit.<\/p>\n<h3>4. \u00bfCu\u00e1les son las condiciones de pago?<\/h3>\n<p>Pague un anticipo de 50% mediante T\/T para empezar, y liquide el resto antes del env\u00edo.<\/p>\n<h3>5. 5. \u00bfC\u00f3mo ponerse en contacto con nosotros?<\/h3>\n<p>P\u00f3ngase en contacto por WeChat\/WhatsApp: +86-1330506196 o +86-18960287187. Gracias.<\/p>\n<p><iframe loading=\"lazy\" title=\"V\u00eddeo de funcionamiento del bloque ICF\" src=\"https:\/\/www.youtube.com\/embed\/czhs2wYoLZg\" width=\"556\" height=\"310\" frameborder=\"0\" allowfullscreen=\"allowfullscreen\"><\/iframe><\/p>","protected":false},"excerpt":{"rendered":"<table class=\"tg\" style=\"border-collapse: collapse; border-spacing: 0px; height: 262px;\" width=\"100%\">\n<tbody>\n<tr>\n<td style=\"font-family: Arial, sans-serif; font-size: 14px; overflow: hidden; padding: 10px 5px; text-align: left; vertical-align: top; word-break: normal; border: 1px solid black;\">Pedido(MOQ) :<\/td>\n<td style=\"font-family: Arial, sans-serif; font-size: 14px; overflow: hidden; padding: 10px 5px; text-align: left; vertical-align: top; word-break: normal; border: 1px solid black;\">1 juego<\/td>\n<\/tr>\n<tr>\n<td style=\"font-family: Arial, sans-serif; font-size: 14px; overflow: hidden; padding: 10px 5px; text-align: left; vertical-align: top; word-break: normal; border: 1px solid black;\">Pago :<\/td>\n<td style=\"font-family: Arial, sans-serif; font-size: 14px; overflow: hidden; padding: 10px 5px; text-align: left; vertical-align: top; word-break: normal; border: 1px solid black;\">Pago T\/T 100% antes del env\u00edo o 100% mediante carta de cr\u00e9dito irrevocable y confirmada a la vista.<\/td>\n<\/tr>\n<tr>\n<td style=\"font-family: Arial, sans-serif; font-size: 14px; overflow: hidden; padding: 10px 5px; text-align: left; vertical-align: top; word-break: normal; border: 1px solid black;\">Origen del producto :<\/td>\n<td style=\"font-family: Arial, sans-serif; font-size: 14px; overflow: hidden; padding: 10px 5px; text-align: left; vertical-align: top; word-break: normal; border: 1px solid black;\">Quanzhou Fujian<\/td>\n<\/tr>\n<tr>\n<td style=\"font-family: Arial, sans-serif; font-size: 14px; overflow: hidden; padding: 10px 5px; text-align: left; vertical-align: top; word-break: normal; border: 1px solid black;\">Color :<\/td>\n<td style=\"font-family: Arial, sans-serif; font-size: 14px; overflow: hidden; padding: 10px 5px; text-align: left; vertical-align: top; word-break: normal; border: 1px solid black;\">personalizar seg\u00fan la demanda<\/td>\n<\/tr>\n<tr>\n<td style=\"font-family: Arial, sans-serif; font-size: 14px; overflow: hidden; padding: 10px 5px; text-align: left; vertical-align: top; word-break: normal; border: 1px solid black;\">Puerto de embarque :<\/td>\n<td style=\"font-family: Arial, sans-serif; font-size: 14px; overflow: hidden; padding: 10px 5px; text-align: left; vertical-align: top; word-break: normal; border: 1px solid black;\">Xiamen<\/td>\n<\/tr>\n<tr>\n<td style=\"font-family: Arial, sans-serif; font-size: 14px; overflow: hidden; padding: 10px 5px; text-align: left; vertical-align: top; word-break: normal; border: 1px solid black;\">Plazo de entrega :<\/td>\n<td style=\"font-family: Arial, sans-serif; font-size: 14px; overflow: hidden; padding: 10px 5px; text-align: left; vertical-align: top; word-break: normal; border: 1px solid black;\">20-25 d\u00edas<\/td>\n<\/tr>\n<\/tbody>\n<\/table>\n<p>&nbsp;<\/p>","protected":false},"featured_media":8259,"template":"","meta":[],"product_brand":[],"product_cat":[758,767],"product_tag":[768],"class_list":{"0":"post-8258","1":"product","2":"type-product","3":"status-publish","4":"has-post-thumbnail","6":"product_cat-block-moulds","7":"product_cat-permeable-paver-mould","8":"product_tag-special-block-mold","10":"first","11":"instock","12":"shipping-taxable","13":"product-type-simple"},"yoast_head":"<!-- This site is optimized with the Yoast SEO plugin v24.4 - https:\/\/yoast.com\/wordpress\/plugins\/seo\/ -->\n<title>Steel Moulds for Precast Concrete Block Mould Paving Brick Molds for Sale - Kimberly Machinery<\/title>\n<meta name=\"description\" content=\"China Steel Moulds for Precast Concrete Block Mould Paving Brick Molds for Sale manufacturer provides auto concrete block machines, hydraulic press series block machines, concrete mixer, batching machine with wholesale price.\" \/>\n<meta name=\"robots\" content=\"index, follow, max-snippet:-1, max-image-preview:large, max-video-preview:-1\" \/>\n<link rel=\"canonical\" href=\"https:\/\/www.kblmachinery.com\/es\/high-end-concrete-block-mould-made-in-china\/\" \/>\n<meta property=\"og:locale\" content=\"es_ES\" \/>\n<meta property=\"og:type\" content=\"article\" \/>\n<meta property=\"og:title\" content=\"Steel Moulds for Precast Concrete Block Mould Paving Brick Molds for Sale - Kimberly Machinery\" \/>\n<meta property=\"og:description\" content=\"China Steel Moulds for Precast Concrete Block Mould Paving Brick Molds for Sale manufacturer provides auto concrete block machines, hydraulic press series block machines, concrete mixer, batching machine with wholesale price.\" \/>\n<meta property=\"og:url\" content=\"https:\/\/www.kblmachinery.com\/es\/high-end-concrete-block-mould-made-in-china\/\" \/>\n<meta property=\"og:site_name\" content=\"Kimberly Machinery\" \/>\n<meta property=\"article:publisher\" content=\"https:\/\/www.facebook.com\/KimberlyMachinery\" \/>\n<meta property=\"article:modified_time\" content=\"2025-11-28T07:16:51+00:00\" \/>\n<meta property=\"og:image\" content=\"https:\/\/www.kblmachinery.com\/wp-content\/uploads\/2025\/11\/Steel-Moulds-for-Precast-Concrete-Block-Mould-Paving-Brick-Molds-for-Sale.webp\" \/>\n\t<meta property=\"og:image:width\" content=\"805\" \/>\n\t<meta property=\"og:image:height\" content=\"805\" \/>\n\t<meta property=\"og:image:type\" content=\"image\/webp\" \/>\n<meta name=\"twitter:card\" content=\"summary_large_image\" \/>\n<meta name=\"twitter:label1\" content=\"Tiempo de lectura\" \/>\n\t<meta name=\"twitter:data1\" content=\"2 minutos\" \/>\n<script type=\"application\/ld+json\" class=\"yoast-schema-graph\">{\"@context\":\"https:\/\/schema.org\",\"@graph\":[{\"@type\":\"WebPage\",\"@id\":\"https:\/\/www.kblmachinery.com\/high-end-concrete-block-mould-made-in-china\/\",\"url\":\"https:\/\/www.kblmachinery.com\/high-end-concrete-block-mould-made-in-china\/\",\"name\":\"Steel Moulds for Precast Concrete Block Mould Paving Brick Molds for Sale - Kimberly Machinery\",\"isPartOf\":{\"@id\":\"https:\/\/www.kblmachinery.com\/#website\"},\"primaryImageOfPage\":{\"@id\":\"https:\/\/www.kblmachinery.com\/high-end-concrete-block-mould-made-in-china\/#primaryimage\"},\"image\":{\"@id\":\"https:\/\/www.kblmachinery.com\/high-end-concrete-block-mould-made-in-china\/#primaryimage\"},\"thumbnailUrl\":\"https:\/\/www.kblmachinery.com\/wp-content\/uploads\/2025\/11\/Steel-Moulds-for-Precast-Concrete-Block-Mould-Paving-Brick-Molds-for-Sale.webp\",\"datePublished\":\"2024-08-17T06:45:00+00:00\",\"dateModified\":\"2025-11-28T07:16:51+00:00\",\"description\":\"China Steel Moulds for Precast Concrete Block Mould Paving Brick Molds for Sale manufacturer provides auto concrete block machines, hydraulic press series block machines, concrete mixer, batching machine with wholesale price.\",\"breadcrumb\":{\"@id\":\"https:\/\/www.kblmachinery.com\/high-end-concrete-block-mould-made-in-china\/#breadcrumb\"},\"inLanguage\":\"es\",\"potentialAction\":[{\"@type\":\"ReadAction\",\"target\":[\"https:\/\/www.kblmachinery.com\/high-end-concrete-block-mould-made-in-china\/\"]}]},{\"@type\":\"ImageObject\",\"inLanguage\":\"es\",\"@id\":\"https:\/\/www.kblmachinery.com\/high-end-concrete-block-mould-made-in-china\/#primaryimage\",\"url\":\"https:\/\/www.kblmachinery.com\/wp-content\/uploads\/2025\/11\/Steel-Moulds-for-Precast-Concrete-Block-Mould-Paving-Brick-Molds-for-Sale.webp\",\"contentUrl\":\"https:\/\/www.kblmachinery.com\/wp-content\/uploads\/2025\/11\/Steel-Moulds-for-Precast-Concrete-Block-Mould-Paving-Brick-Molds-for-Sale.webp\",\"width\":805,\"height\":805,\"caption\":\"precast concrete block moulds\"},{\"@type\":\"BreadcrumbList\",\"@id\":\"https:\/\/www.kblmachinery.com\/high-end-concrete-block-mould-made-in-china\/#breadcrumb\",\"itemListElement\":[{\"@type\":\"ListItem\",\"position\":1,\"name\":\"Home\",\"item\":\"https:\/\/www.kblmachinery.com\/\"},{\"@type\":\"ListItem\",\"position\":2,\"name\":\"Steel Moulds for Precast Concrete Block Mould Paving Brick Molds for Sale\"}]},{\"@type\":\"WebSite\",\"@id\":\"https:\/\/www.kblmachinery.com\/#website\",\"url\":\"https:\/\/www.kblmachinery.com\/\",\"name\":\"Professional Brick\/Block Making Machine in China\",\"description\":\"Block Machine Manufacturer - Kimberly Machinery\",\"publisher\":{\"@id\":\"https:\/\/www.kblmachinery.com\/#organization\"},\"potentialAction\":[{\"@type\":\"SearchAction\",\"target\":{\"@type\":\"EntryPoint\",\"urlTemplate\":\"https:\/\/www.kblmachinery.com\/?s={search_term_string}\"},\"query-input\":{\"@type\":\"PropertyValueSpecification\",\"valueRequired\":true,\"valueName\":\"search_term_string\"}}],\"inLanguage\":\"es\"},{\"@type\":\"Organization\",\"@id\":\"https:\/\/www.kblmachinery.com\/#organization\",\"name\":\"Quanzhou Kimberly Machinery Manufacturing Co. Ltd\",\"url\":\"https:\/\/www.kblmachinery.com\/\",\"logo\":{\"@type\":\"ImageObject\",\"inLanguage\":\"es\",\"@id\":\"https:\/\/www.kblmachinery.com\/#\/schema\/logo\/image\/\",\"url\":\"https:\/\/www.kblmachinery.com\/wp-content\/uploads\/2025\/11\/cropped-logo-1-1.png\",\"contentUrl\":\"https:\/\/www.kblmachinery.com\/wp-content\/uploads\/2025\/11\/cropped-logo-1-1.png\",\"width\":123,\"height\":136,\"caption\":\"Quanzhou Kimberly Machinery Manufacturing Co. Ltd\"},\"image\":{\"@id\":\"https:\/\/www.kblmachinery.com\/#\/schema\/logo\/image\/\"},\"sameAs\":[\"https:\/\/www.facebook.com\/KimberlyMachinery\"]}]}<\/script>\n<!-- \/ Yoast SEO plugin. -->","yoast_head_json":{"title":"Steel Moulds for Precast Concrete Block Mould Paving Brick Molds for Sale - Kimberly Machinery","description":"China Steel Moulds for Precast Concrete Block Mould Paving Brick Molds for Sale manufacturer provides auto concrete block machines, hydraulic press series block machines, concrete mixer, batching machine with wholesale price.","robots":{"index":"index","follow":"follow","max-snippet":"max-snippet:-1","max-image-preview":"max-image-preview:large","max-video-preview":"max-video-preview:-1"},"canonical":"https:\/\/www.kblmachinery.com\/es\/high-end-concrete-block-mould-made-in-china\/","og_locale":"es_ES","og_type":"article","og_title":"Steel Moulds for Precast Concrete Block Mould Paving Brick Molds for Sale - Kimberly Machinery","og_description":"China Steel Moulds for Precast Concrete Block Mould Paving Brick Molds for Sale manufacturer provides auto concrete block machines, hydraulic press series block machines, concrete mixer, batching machine with wholesale price.","og_url":"https:\/\/www.kblmachinery.com\/es\/high-end-concrete-block-mould-made-in-china\/","og_site_name":"Kimberly Machinery","article_publisher":"https:\/\/www.facebook.com\/KimberlyMachinery","article_modified_time":"2025-11-28T07:16:51+00:00","og_image":[{"width":805,"height":805,"url":"https:\/\/www.kblmachinery.com\/wp-content\/uploads\/2025\/11\/Steel-Moulds-for-Precast-Concrete-Block-Mould-Paving-Brick-Molds-for-Sale.webp","type":"image\/webp"}],"twitter_card":"summary_large_image","twitter_misc":{"Tiempo de lectura":"2 minutos"},"schema":{"@context":"https:\/\/schema.org","@graph":[{"@type":"WebPage","@id":"https:\/\/www.kblmachinery.com\/high-end-concrete-block-mould-made-in-china\/","url":"https:\/\/www.kblmachinery.com\/high-end-concrete-block-mould-made-in-china\/","name":"Steel Moulds for Precast Concrete Block Mould Paving Brick Molds for Sale - Kimberly Machinery","isPartOf":{"@id":"https:\/\/www.kblmachinery.com\/#website"},"primaryImageOfPage":{"@id":"https:\/\/www.kblmachinery.com\/high-end-concrete-block-mould-made-in-china\/#primaryimage"},"image":{"@id":"https:\/\/www.kblmachinery.com\/high-end-concrete-block-mould-made-in-china\/#primaryimage"},"thumbnailUrl":"https:\/\/www.kblmachinery.com\/wp-content\/uploads\/2025\/11\/Steel-Moulds-for-Precast-Concrete-Block-Mould-Paving-Brick-Molds-for-Sale.webp","datePublished":"2024-08-17T06:45:00+00:00","dateModified":"2025-11-28T07:16:51+00:00","description":"China Steel Moulds for Precast Concrete Block Mould Paving Brick Molds for Sale manufacturer provides auto concrete block machines, hydraulic press series block machines, concrete mixer, batching machine with wholesale price.","breadcrumb":{"@id":"https:\/\/www.kblmachinery.com\/high-end-concrete-block-mould-made-in-china\/#breadcrumb"},"inLanguage":"es","potentialAction":[{"@type":"ReadAction","target":["https:\/\/www.kblmachinery.com\/high-end-concrete-block-mould-made-in-china\/"]}]},{"@type":"ImageObject","inLanguage":"es","@id":"https:\/\/www.kblmachinery.com\/high-end-concrete-block-mould-made-in-china\/#primaryimage","url":"https:\/\/www.kblmachinery.com\/wp-content\/uploads\/2025\/11\/Steel-Moulds-for-Precast-Concrete-Block-Mould-Paving-Brick-Molds-for-Sale.webp","contentUrl":"https:\/\/www.kblmachinery.com\/wp-content\/uploads\/2025\/11\/Steel-Moulds-for-Precast-Concrete-Block-Mould-Paving-Brick-Molds-for-Sale.webp","width":805,"height":805,"caption":"precast concrete block moulds"},{"@type":"BreadcrumbList","@id":"https:\/\/www.kblmachinery.com\/high-end-concrete-block-mould-made-in-china\/#breadcrumb","itemListElement":[{"@type":"ListItem","position":1,"name":"Home","item":"https:\/\/www.kblmachinery.com\/"},{"@type":"ListItem","position":2,"name":"Steel Moulds for Precast Concrete Block Mould Paving Brick Molds for Sale"}]},{"@type":"WebSite","@id":"https:\/\/www.kblmachinery.com\/#website","url":"https:\/\/www.kblmachinery.com\/","name":"Professional Brick\/Block Making Machine in China","description":"Block Machine Manufacturer - Kimberly Machinery","publisher":{"@id":"https:\/\/www.kblmachinery.com\/#organization"},"potentialAction":[{"@type":"SearchAction","target":{"@type":"EntryPoint","urlTemplate":"https:\/\/www.kblmachinery.com\/?s={search_term_string}"},"query-input":{"@type":"PropertyValueSpecification","valueRequired":true,"valueName":"search_term_string"}}],"inLanguage":"es"},{"@type":"Organization","@id":"https:\/\/www.kblmachinery.com\/#organization","name":"Quanzhou Kimberly Machinery Manufacturing Co. Ltd","url":"https:\/\/www.kblmachinery.com\/","logo":{"@type":"ImageObject","inLanguage":"es","@id":"https:\/\/www.kblmachinery.com\/#\/schema\/logo\/image\/","url":"https:\/\/www.kblmachinery.com\/wp-content\/uploads\/2025\/11\/cropped-logo-1-1.png","contentUrl":"https:\/\/www.kblmachinery.com\/wp-content\/uploads\/2025\/11\/cropped-logo-1-1.png","width":123,"height":136,"caption":"Quanzhou Kimberly Machinery Manufacturing Co. Ltd"},"image":{"@id":"https:\/\/www.kblmachinery.com\/#\/schema\/logo\/image\/"},"sameAs":["https:\/\/www.facebook.com\/KimberlyMachinery"]}]}},"_links":{"self":[{"href":"https:\/\/www.kblmachinery.com\/es\/wp-json\/wp\/v2\/product\/8258","targetHints":{"allow":["GET"]}}],"collection":[{"href":"https:\/\/www.kblmachinery.com\/es\/wp-json\/wp\/v2\/product"}],"about":[{"href":"https:\/\/www.kblmachinery.com\/es\/wp-json\/wp\/v2\/types\/product"}],"wp:featuredmedia":[{"embeddable":true,"href":"https:\/\/www.kblmachinery.com\/es\/wp-json\/wp\/v2\/media\/8259"}],"wp:attachment":[{"href":"https:\/\/www.kblmachinery.com\/es\/wp-json\/wp\/v2\/media?parent=8258"}],"wp:term":[{"taxonomy":"product_brand","embeddable":true,"href":"https:\/\/www.kblmachinery.com\/es\/wp-json\/wp\/v2\/product_brand?post=8258"},{"taxonomy":"product_cat","embeddable":true,"href":"https:\/\/www.kblmachinery.com\/es\/wp-json\/wp\/v2\/product_cat?post=8258"},{"taxonomy":"product_tag","embeddable":true,"href":"https:\/\/www.kblmachinery.com\/es\/wp-json\/wp\/v2\/product_tag?post=8258"}],"curies":[{"name":"wp","href":"https:\/\/api.w.org\/{rel}","templated":true}]}}