{"id":8263,"date":"2024-08-17T09:22:00","date_gmt":"2024-08-17T09:22:00","guid":{"rendered":"https:\/\/www.kblmachinery.com\/?post_type=product&#038;p=8263"},"modified":"2025-11-28T07:15:13","modified_gmt":"2025-11-28T07:15:13","slug":"steel-molds-for-masa-hess-block-machine","status":"publish","type":"product","link":"https:\/\/www.kblmachinery.com\/es\/steel-molds-for-masa-hess-block-machine\/","title":{"rendered":"Moldes de acero para la m\u00e1quina de bloques MASA HESS"},"content":{"rendered":"<h2>Moldes de acero para bordillos de hormig\u00f3n de tecnolog\u00eda alemana para bloqueras MASA HESS<\/h2>\n<h3>1. Tipo de bloque:<\/h3>\n<p>Dise\u00f1amos y fabricamos moldes de acero de alta calidad para producir adoquines entrelazados, losas, adoquines permeables, bordillos, muros de contenci\u00f3n, bloques huecos y especiales, siempre de acuerdo con los requisitos de nuestros clientes y tambi\u00e9n proponiendo ideas nuevas y frescas.<\/p>\n<h3>2. Materia prima:<\/h3>\n<p>En la fabricaci\u00f3n de moldes para bloques de hormig\u00f3n utilizamos aceros especiales templados y revenidos de alta gama importados de Italia. Adem\u00e1s, estos aceros se hacen a\u00fan m\u00e1s resistentes a la abrasi\u00f3n mediante tratamiento t\u00e9rmico.<\/p>\n<h3>3. Experiencia en fabricaci\u00f3n:<\/h3>\n<p>Con m\u00e1s de 30 a\u00f1os de experiencia en la fabricaci\u00f3n, tenemos clientes de muchos pa\u00edses, a\u00f1adimos nuestra experiencia a la calidad del acero para asegurarnos de ofrecer productos de alta calidad a todos nuestros compradores.<\/p>\n<h2>Detalles t\u00e9cnicos del molde<\/h2>\n<table class=\"tg\" style=\"border-collapse: collapse; border-spacing: 0px; height: 164px;\" width=\"100%\">\n<tbody>\n<tr>\n<td style=\"font-family: Arial, sans-serif; font-size: 14px; overflow: hidden; padding: 10px 5px; text-align: left; vertical-align: top; word-break: normal; border: 1px solid black;\">Nombre<\/td>\n<td style=\"font-family: Arial, sans-serif; font-size: 14px; overflow: hidden; padding: 10px 5px; text-align: left; vertical-align: top; word-break: normal; border: 1px solid black;\">molde de acero para bordillos<\/td>\n<td style=\"font-family: Arial, sans-serif; font-size: 14px; overflow: hidden; padding: 10px 5px; text-align: left; vertical-align: top; word-break: normal; border: 1px solid black;\">Tratamiento t\u00e9rmico<\/td>\n<td style=\"font-family: Arial, sans-serif; font-size: 14px; overflow: hidden; padding: 10px 5px; text-align: left; vertical-align: top; word-break: normal; border: 1px solid black;\">Carbonitruraci\u00f3n 900-950<span style=\"color: #555;\">\u00b0<\/span>C<\/td>\n<\/tr>\n<tr>\n<td style=\"font-family: Arial, sans-serif; font-size: 14px; overflow: hidden; padding: 10px 5px; text-align: left; vertical-align: top; word-break: normal; border: 1px solid black;\">materia prima<\/td>\n<td style=\"font-family: Arial, sans-serif; font-size: 14px; overflow: hidden; padding: 10px 5px; text-align: left; vertical-align: top; word-break: normal; border: 1px solid black;\">acero especial resistente al desgaste<\/td>\n<td style=\"font-family: Arial, sans-serif; font-size: 14px; overflow: hidden; padding: 10px 5px; text-align: left; vertical-align: top; word-break: normal; border: 1px solid black;\">Dureza<\/td>\n<td style=\"font-family: Arial, sans-serif; font-size: 14px; overflow: hidden; padding: 10px 5px; text-align: left; vertical-align: top; word-break: normal; border: 1px solid black;\">60-65HRC<\/td>\n<\/tr>\n<tr>\n<td style=\"font-family: Arial, sans-serif; font-size: 14px; overflow: hidden; padding: 10px 5px; text-align: left; vertical-align: top; word-break: normal; border: 1px solid black;\">Tipo de bloque<\/td>\n<td style=\"font-family: Arial, sans-serif; font-size: 14px; overflow: hidden; padding: 10px 5px; text-align: left; vertical-align: top; word-break: normal; border: 1px solid black;\">Bloques huecos, bloques entrelazados, adoquines y bordillos, todos personalizables<\/td>\n<td style=\"font-family: Arial, sans-serif; font-size: 14px; overflow: hidden; padding: 10px 5px; text-align: left; vertical-align: top; word-break: normal; border: 1px solid black;\">C\u00f3digo SA<\/td>\n<td style=\"font-family: Arial, sans-serif; font-size: 14px; overflow: hidden; padding: 10px 5px; text-align: left; vertical-align: top; word-break: normal; border: 1px solid black;\">848060<\/td>\n<\/tr>\n<tr>\n<td style=\"font-family: Arial, sans-serif; font-size: 14px; overflow: hidden; padding: 10px 5px; text-align: left; vertical-align: top; word-break: normal; border: 1px solid black;\">vida \u00fatil<\/td>\n<td style=\"font-family: Arial, sans-serif; font-size: 14px; overflow: hidden; padding: 10px 5px; text-align: left; vertical-align: top; word-break: normal; border: 1px solid black;\">100000-120000 veces<\/td>\n<td style=\"font-family: Arial, sans-serif; font-size: 14px; overflow: hidden; padding: 10px 5px; text-align: left; vertical-align: top; word-break: normal; border: 1px solid black;\">Embalaje<\/td>\n<td style=\"font-family: Arial, sans-serif; font-size: 14px; overflow: hidden; padding: 10px 5px; text-align: left; vertical-align: top; word-break: normal; border: 1px solid black;\">Madera + film pl\u00e1stico<\/td>\n<\/tr>\n<\/tbody>\n<\/table>\n<h2>Nuestros servicios<\/h2>\n<h3 data-start=\"39\" data-end=\"71\">C\u00f3mo obtener un presupuesto<\/h3>\n<ol data-start=\"73\" data-end=\"849\">\n<li data-start=\"73\" data-end=\"264\">\n<p data-start=\"76\" data-end=\"264\">Dibujos detallados<br data-start=\"105\" data-end=\"108\" \/>Si dispone de planos detallados del bloque que necesita, env\u00edenoslos para que los revisemos. Le proporcionaremos un presupuesto preciso basado en sus especificaciones.<\/p>\n<\/li>\n<li data-start=\"266\" data-end=\"500\">\n<p data-start=\"269\" data-end=\"500\">Sin planos detallados<br data-start=\"298\" data-end=\"301\" \/>Si no tiene planos, ind\u00edquenos el tipo de bloque que necesita (por ejemplo, hueco o macizo). Env\u00edenos tambi\u00e9n una foto del bloque junto con sus dimensiones (longitud \u00d7 anchura \u00d7 grosor en mm).<\/p>\n<\/li>\n<li data-start=\"502\" data-end=\"603\">\n<p data-start=\"505\" data-end=\"603\">Compartir tama\u00f1o de paleta<br data-start=\"526\" data-end=\"529\" \/>Indique las dimensiones de su paleta para garantizar la compatibilidad.<\/p>\n<\/li>\n<li data-start=\"605\" data-end=\"710\">\n<p data-start=\"608\" data-end=\"710\">Proporcionar detalles sobre el moho<br data-start=\"632\" data-end=\"635\" \/>Incluya el tama\u00f1o de la cabeza del pis\u00f3n y la altura del molde.<\/p>\n<\/li>\n<li data-start=\"712\" data-end=\"849\">\n<p data-start=\"715\" data-end=\"849\">Explicar la conexi\u00f3n del molde<br data-start=\"742\" data-end=\"745\" \/>Describa c\u00f3mo se conecta el molde a la m\u00e1quina. Si dispone de un plano de conexi\u00f3n, comp\u00e1rtalo.<\/p>\n<\/li>\n<\/ol>\n<p data-start=\"851\" data-end=\"935\">Una vez recibida su informaci\u00f3n, le prepararemos un presupuesto lo antes posible.<\/p>\n<h3 data-start=\"942\" data-end=\"965\">Plazo de entrega<\/h3>\n<ul data-start=\"967\" data-end=\"1120\">\n<li data-start=\"967\" data-end=\"1043\">\n<p data-start=\"969\" data-end=\"1043\">Moldes de bloque est\u00e1ndar: 20-25 d\u00edas laborables tras recibir el dep\u00f3sito<\/p>\n<\/li>\n<li data-start=\"1044\" data-end=\"1120\">\n<p data-start=\"1046\" data-end=\"1120\">Moldes de bloque de alta gama: 30-40 d\u00edas laborables tras recibir el dep\u00f3sito.<\/p>\n<\/li>\n<\/ul>\n<h3 data-start=\"1127\" data-end=\"1156\">Transporte y embalaje<\/h3>\n<p data-start=\"1158\" data-end=\"1285\">Utilizamos embalaje de madera con pel\u00edcula de pl\u00e1stico por defecto, pero el embalaje personalizado est\u00e1 disponible de acuerdo a sus necesidades.<\/p>\n<h3 data-start=\"1292\" data-end=\"1333\">Compatibilidad con su m\u00e1quina<\/h3>\n<p data-start=\"1335\" data-end=\"1462\">Fabricamos moldes para varias marcas de m\u00e1quinas bloqueras y mantenemos registros detallados. Es posible que algunos moldes ya se ajusten a su m\u00e1quina.<\/p>\n<ul data-start=\"1464\" data-end=\"1714\">\n<li data-start=\"1464\" data-end=\"1612\">\n<p data-start=\"1466\" data-end=\"1612\">Si lo necesita, puede invitar a un ingeniero a tomar medidas, o podemos orientarle para que env\u00ede fotos y medidas digitalmente, como hacen muchos clientes.<\/p>\n<\/li>\n<li data-start=\"1613\" data-end=\"1714\">\n<p data-start=\"1615\" data-end=\"1714\">Una vez confirmado el tama\u00f1o, el molde que enviamos se ajustar\u00e1 perfectamente a su m\u00e1quina, as\u00ed que no se preocupe.<\/p>\n<\/li>\n<\/ul>\n<h2 data-start=\"1721\" data-end=\"1741\">P\u00f3ngase en contacto con nosotros<\/h2>\n<p data-start=\"1743\" data-end=\"1813\">P\u00f3ngase en contacto con nosotros a trav\u00e9s de WeChat\/WhatsApp:<br data-start=\"1776\" data-end=\"1779\" \/>+86-1330506196 | +86-18960287187<\/p>\n<p data-start=\"1815\" data-end=\"1850\">Esperamos poder ayudarle.<\/p>\n<p><iframe loading=\"lazy\" title=\"V\u00eddeo de funcionamiento del bloque ICF\" src=\"https:\/\/www.youtube.com\/embed\/czhs2wYoLZg\" width=\"556\" height=\"310\" frameborder=\"0\" allowfullscreen=\"allowfullscreen\"><\/iframe><\/p>","protected":false},"excerpt":{"rendered":"<p>Con casi 30 a\u00f1os de experiencia en la fabricaci\u00f3n de todo tipo de moldes para bloques de hormig\u00f3n, ofrecemos opciones de 80.000 o 120.000 ciclos. Tras el tratamiento t\u00e9rmico, la dureza alcanza los 62 grados.<\/p>\n<table class=\"tg\" style=\"border-collapse: collapse; border-spacing: 0px; height: 251px;\" width=\"100%\">\n<tbody>\n<tr>\n<td style=\"font-family: Arial, sans-serif; font-size: 14px; overflow: hidden; padding: 10px 5px; text-align: left; vertical-align: top; word-break: normal; border: 1px solid black;\">Pedido(MOQ) :<\/td>\n<td style=\"font-family: Arial, sans-serif; font-size: 14px; overflow: hidden; padding: 10px 5px; text-align: left; vertical-align: top; word-break: normal; border: 1px solid black;\">1 juego<\/td>\n<\/tr>\n<tr>\n<td style=\"font-family: Arial, sans-serif; font-size: 14px; overflow: hidden; padding: 10px 5px; text-align: left; vertical-align: top; word-break: normal; border: 1px solid black;\">Pago :<\/td>\n<td style=\"font-family: Arial, sans-serif; font-size: 14px; overflow: hidden; padding: 10px 5px; text-align: left; vertical-align: top; word-break: normal; border: 1px solid black;\">Pago T\/T 100% antes del env\u00edo o 100% mediante carta de cr\u00e9dito irrevocable y confirmada a la vista.<\/td>\n<\/tr>\n<tr>\n<td style=\"font-family: Arial, sans-serif; font-size: 14px; overflow: hidden; padding: 10px 5px; text-align: left; vertical-align: top; word-break: normal; border: 1px solid black;\">Origen del producto :<\/td>\n<td style=\"font-family: Arial, sans-serif; font-size: 14px; overflow: hidden; padding: 10px 5px; text-align: left; vertical-align: top; word-break: normal; border: 1px solid black;\">Quanzhou Fujian<\/td>\n<\/tr>\n<tr>\n<td style=\"font-family: Arial, sans-serif; font-size: 14px; overflow: hidden; padding: 10px 5px; text-align: left; vertical-align: top; word-break: normal; border: 1px solid black;\">Color :<\/td>\n<td style=\"font-family: Arial, sans-serif; font-size: 14px; overflow: hidden; padding: 10px 5px; text-align: left; vertical-align: top; word-break: normal; border: 1px solid black;\">personalizar seg\u00fan la demanda<\/td>\n<\/tr>\n<tr>\n<td style=\"font-family: Arial, sans-serif; font-size: 14px; overflow: hidden; padding: 10px 5px; text-align: left; vertical-align: top; word-break: normal; border: 1px solid black;\">Puerto de embarque :<\/td>\n<td style=\"font-family: Arial, sans-serif; font-size: 14px; overflow: hidden; padding: 10px 5px; text-align: left; vertical-align: top; word-break: normal; border: 1px solid black;\">Xiamen<\/td>\n<\/tr>\n<tr>\n<td style=\"font-family: Arial, sans-serif; font-size: 14px; overflow: hidden; padding: 10px 5px; text-align: left; vertical-align: top; word-break: normal; border: 1px solid black;\">Plazo de entrega :<\/td>\n<td style=\"font-family: Arial, sans-serif; font-size: 14px; overflow: hidden; padding: 10px 5px; text-align: left; vertical-align: top; word-break: normal; border: 1px solid black;\">20-25 d\u00edas<\/td>\n<\/tr>\n<\/tbody>\n<\/table>\n<p>&nbsp;<\/p>","protected":false},"featured_media":8264,"template":"","meta":[],"product_brand":[],"product_cat":[758,769],"product_tag":[],"class_list":{"0":"post-8263","1":"product","2":"type-product","3":"status-publish","4":"has-post-thumbnail","6":"product_cat-block-moulds","7":"product_cat-road-brick-mould","9":"first","10":"instock","11":"shipping-taxable","12":"product-type-simple"},"yoast_head":"<!-- This site is optimized with the Yoast SEO plugin v24.4 - https:\/\/yoast.com\/wordpress\/plugins\/seo\/ -->\n<title>Steel Molds for MASA HESS Block Machine - Kimberly Machinery<\/title>\n<meta name=\"description\" content=\"China Steel Molds for MASA HESS Block Machine manufacturer provides auto concrete block machines, hydraulic press series block machines, concrete mixer, batching machine with wholesale price.\" \/>\n<meta name=\"robots\" content=\"index, follow, max-snippet:-1, max-image-preview:large, max-video-preview:-1\" \/>\n<link rel=\"canonical\" href=\"https:\/\/www.kblmachinery.com\/es\/steel-molds-for-masa-hess-block-machine\/\" \/>\n<meta property=\"og:locale\" content=\"es_ES\" \/>\n<meta property=\"og:type\" content=\"article\" \/>\n<meta property=\"og:title\" content=\"Steel Molds for MASA HESS Block Machine - Kimberly Machinery\" \/>\n<meta property=\"og:description\" content=\"China Steel Molds for MASA HESS Block Machine manufacturer provides auto concrete block machines, hydraulic press series block machines, concrete mixer, batching machine with wholesale price.\" \/>\n<meta property=\"og:url\" content=\"https:\/\/www.kblmachinery.com\/es\/steel-molds-for-masa-hess-block-machine\/\" \/>\n<meta property=\"og:site_name\" content=\"Kimberly Machinery\" \/>\n<meta property=\"article:publisher\" content=\"https:\/\/www.facebook.com\/KimberlyMachinery\" \/>\n<meta property=\"article:modified_time\" content=\"2025-11-28T07:15:13+00:00\" \/>\n<meta property=\"og:image\" content=\"https:\/\/www.kblmachinery.com\/wp-content\/uploads\/2025\/11\/Germany-Technology-Concrete-Kerbstone-Steel-Mould-for-Masa-Hess-Block-Making-Machine.webp\" \/>\n\t<meta property=\"og:image:width\" content=\"805\" \/>\n\t<meta property=\"og:image:height\" content=\"805\" \/>\n\t<meta property=\"og:image:type\" content=\"image\/webp\" \/>\n<meta name=\"twitter:card\" content=\"summary_large_image\" \/>\n<meta name=\"twitter:label1\" content=\"Tiempo de lectura\" \/>\n\t<meta name=\"twitter:data1\" content=\"3 minutos\" \/>\n<script type=\"application\/ld+json\" class=\"yoast-schema-graph\">{\"@context\":\"https:\/\/schema.org\",\"@graph\":[{\"@type\":\"WebPage\",\"@id\":\"https:\/\/www.kblmachinery.com\/steel-molds-for-masa-hess-block-machine\/\",\"url\":\"https:\/\/www.kblmachinery.com\/steel-molds-for-masa-hess-block-machine\/\",\"name\":\"Steel Molds for MASA HESS Block Machine - Kimberly Machinery\",\"isPartOf\":{\"@id\":\"https:\/\/www.kblmachinery.com\/#website\"},\"primaryImageOfPage\":{\"@id\":\"https:\/\/www.kblmachinery.com\/steel-molds-for-masa-hess-block-machine\/#primaryimage\"},\"image\":{\"@id\":\"https:\/\/www.kblmachinery.com\/steel-molds-for-masa-hess-block-machine\/#primaryimage\"},\"thumbnailUrl\":\"https:\/\/www.kblmachinery.com\/wp-content\/uploads\/2025\/11\/Germany-Technology-Concrete-Kerbstone-Steel-Mould-for-Masa-Hess-Block-Making-Machine.webp\",\"datePublished\":\"2024-08-17T09:22:00+00:00\",\"dateModified\":\"2025-11-28T07:15:13+00:00\",\"description\":\"China Steel Molds for MASA HESS Block Machine manufacturer provides auto concrete block machines, hydraulic press series block machines, concrete mixer, batching machine with wholesale price.\",\"breadcrumb\":{\"@id\":\"https:\/\/www.kblmachinery.com\/steel-molds-for-masa-hess-block-machine\/#breadcrumb\"},\"inLanguage\":\"es\",\"potentialAction\":[{\"@type\":\"ReadAction\",\"target\":[\"https:\/\/www.kblmachinery.com\/steel-molds-for-masa-hess-block-machine\/\"]}]},{\"@type\":\"ImageObject\",\"inLanguage\":\"es\",\"@id\":\"https:\/\/www.kblmachinery.com\/steel-molds-for-masa-hess-block-machine\/#primaryimage\",\"url\":\"https:\/\/www.kblmachinery.com\/wp-content\/uploads\/2025\/11\/Germany-Technology-Concrete-Kerbstone-Steel-Mould-for-Masa-Hess-Block-Making-Machine.webp\",\"contentUrl\":\"https:\/\/www.kblmachinery.com\/wp-content\/uploads\/2025\/11\/Germany-Technology-Concrete-Kerbstone-Steel-Mould-for-Masa-Hess-Block-Making-Machine.webp\",\"width\":805,\"height\":805,\"caption\":\"Germany Technology Concrete Kerbstone Steel Mould for Masa Hess Block Making Machine\"},{\"@type\":\"BreadcrumbList\",\"@id\":\"https:\/\/www.kblmachinery.com\/steel-molds-for-masa-hess-block-machine\/#breadcrumb\",\"itemListElement\":[{\"@type\":\"ListItem\",\"position\":1,\"name\":\"Home\",\"item\":\"https:\/\/www.kblmachinery.com\/\"},{\"@type\":\"ListItem\",\"position\":2,\"name\":\"Steel Molds for MASA HESS Block Machine\"}]},{\"@type\":\"WebSite\",\"@id\":\"https:\/\/www.kblmachinery.com\/#website\",\"url\":\"https:\/\/www.kblmachinery.com\/\",\"name\":\"Professional Brick\/Block Making Machine in China\",\"description\":\"Block Machine Manufacturer - Kimberly Machinery\",\"publisher\":{\"@id\":\"https:\/\/www.kblmachinery.com\/#organization\"},\"potentialAction\":[{\"@type\":\"SearchAction\",\"target\":{\"@type\":\"EntryPoint\",\"urlTemplate\":\"https:\/\/www.kblmachinery.com\/?s={search_term_string}\"},\"query-input\":{\"@type\":\"PropertyValueSpecification\",\"valueRequired\":true,\"valueName\":\"search_term_string\"}}],\"inLanguage\":\"es\"},{\"@type\":\"Organization\",\"@id\":\"https:\/\/www.kblmachinery.com\/#organization\",\"name\":\"Quanzhou Kimberly Machinery Manufacturing Co. Ltd\",\"url\":\"https:\/\/www.kblmachinery.com\/\",\"logo\":{\"@type\":\"ImageObject\",\"inLanguage\":\"es\",\"@id\":\"https:\/\/www.kblmachinery.com\/#\/schema\/logo\/image\/\",\"url\":\"https:\/\/www.kblmachinery.com\/wp-content\/uploads\/2025\/11\/cropped-logo-1-1.png\",\"contentUrl\":\"https:\/\/www.kblmachinery.com\/wp-content\/uploads\/2025\/11\/cropped-logo-1-1.png\",\"width\":123,\"height\":136,\"caption\":\"Quanzhou Kimberly Machinery Manufacturing Co. Ltd\"},\"image\":{\"@id\":\"https:\/\/www.kblmachinery.com\/#\/schema\/logo\/image\/\"},\"sameAs\":[\"https:\/\/www.facebook.com\/KimberlyMachinery\"]}]}<\/script>\n<!-- \/ Yoast SEO plugin. -->","yoast_head_json":{"title":"Steel Molds for MASA HESS Block Machine - Kimberly Machinery","description":"China Steel Molds for MASA HESS Block Machine manufacturer provides auto concrete block machines, hydraulic press series block machines, concrete mixer, batching machine with wholesale price.","robots":{"index":"index","follow":"follow","max-snippet":"max-snippet:-1","max-image-preview":"max-image-preview:large","max-video-preview":"max-video-preview:-1"},"canonical":"https:\/\/www.kblmachinery.com\/es\/steel-molds-for-masa-hess-block-machine\/","og_locale":"es_ES","og_type":"article","og_title":"Steel Molds for MASA HESS Block Machine - Kimberly Machinery","og_description":"China Steel Molds for MASA HESS Block Machine manufacturer provides auto concrete block machines, hydraulic press series block machines, concrete mixer, batching machine with wholesale price.","og_url":"https:\/\/www.kblmachinery.com\/es\/steel-molds-for-masa-hess-block-machine\/","og_site_name":"Kimberly Machinery","article_publisher":"https:\/\/www.facebook.com\/KimberlyMachinery","article_modified_time":"2025-11-28T07:15:13+00:00","og_image":[{"width":805,"height":805,"url":"https:\/\/www.kblmachinery.com\/wp-content\/uploads\/2025\/11\/Germany-Technology-Concrete-Kerbstone-Steel-Mould-for-Masa-Hess-Block-Making-Machine.webp","type":"image\/webp"}],"twitter_card":"summary_large_image","twitter_misc":{"Tiempo de lectura":"3 minutos"},"schema":{"@context":"https:\/\/schema.org","@graph":[{"@type":"WebPage","@id":"https:\/\/www.kblmachinery.com\/steel-molds-for-masa-hess-block-machine\/","url":"https:\/\/www.kblmachinery.com\/steel-molds-for-masa-hess-block-machine\/","name":"Steel Molds for MASA HESS Block Machine - Kimberly Machinery","isPartOf":{"@id":"https:\/\/www.kblmachinery.com\/#website"},"primaryImageOfPage":{"@id":"https:\/\/www.kblmachinery.com\/steel-molds-for-masa-hess-block-machine\/#primaryimage"},"image":{"@id":"https:\/\/www.kblmachinery.com\/steel-molds-for-masa-hess-block-machine\/#primaryimage"},"thumbnailUrl":"https:\/\/www.kblmachinery.com\/wp-content\/uploads\/2025\/11\/Germany-Technology-Concrete-Kerbstone-Steel-Mould-for-Masa-Hess-Block-Making-Machine.webp","datePublished":"2024-08-17T09:22:00+00:00","dateModified":"2025-11-28T07:15:13+00:00","description":"China Steel Molds for MASA HESS Block Machine manufacturer provides auto concrete block machines, hydraulic press series block machines, concrete mixer, batching machine with wholesale price.","breadcrumb":{"@id":"https:\/\/www.kblmachinery.com\/steel-molds-for-masa-hess-block-machine\/#breadcrumb"},"inLanguage":"es","potentialAction":[{"@type":"ReadAction","target":["https:\/\/www.kblmachinery.com\/steel-molds-for-masa-hess-block-machine\/"]}]},{"@type":"ImageObject","inLanguage":"es","@id":"https:\/\/www.kblmachinery.com\/steel-molds-for-masa-hess-block-machine\/#primaryimage","url":"https:\/\/www.kblmachinery.com\/wp-content\/uploads\/2025\/11\/Germany-Technology-Concrete-Kerbstone-Steel-Mould-for-Masa-Hess-Block-Making-Machine.webp","contentUrl":"https:\/\/www.kblmachinery.com\/wp-content\/uploads\/2025\/11\/Germany-Technology-Concrete-Kerbstone-Steel-Mould-for-Masa-Hess-Block-Making-Machine.webp","width":805,"height":805,"caption":"Germany Technology Concrete Kerbstone Steel Mould for Masa Hess Block Making Machine"},{"@type":"BreadcrumbList","@id":"https:\/\/www.kblmachinery.com\/steel-molds-for-masa-hess-block-machine\/#breadcrumb","itemListElement":[{"@type":"ListItem","position":1,"name":"Home","item":"https:\/\/www.kblmachinery.com\/"},{"@type":"ListItem","position":2,"name":"Steel Molds for MASA HESS Block Machine"}]},{"@type":"WebSite","@id":"https:\/\/www.kblmachinery.com\/#website","url":"https:\/\/www.kblmachinery.com\/","name":"Professional Brick\/Block Making Machine in China","description":"Block Machine Manufacturer - Kimberly Machinery","publisher":{"@id":"https:\/\/www.kblmachinery.com\/#organization"},"potentialAction":[{"@type":"SearchAction","target":{"@type":"EntryPoint","urlTemplate":"https:\/\/www.kblmachinery.com\/?s={search_term_string}"},"query-input":{"@type":"PropertyValueSpecification","valueRequired":true,"valueName":"search_term_string"}}],"inLanguage":"es"},{"@type":"Organization","@id":"https:\/\/www.kblmachinery.com\/#organization","name":"Quanzhou Kimberly Machinery Manufacturing Co. Ltd","url":"https:\/\/www.kblmachinery.com\/","logo":{"@type":"ImageObject","inLanguage":"es","@id":"https:\/\/www.kblmachinery.com\/#\/schema\/logo\/image\/","url":"https:\/\/www.kblmachinery.com\/wp-content\/uploads\/2025\/11\/cropped-logo-1-1.png","contentUrl":"https:\/\/www.kblmachinery.com\/wp-content\/uploads\/2025\/11\/cropped-logo-1-1.png","width":123,"height":136,"caption":"Quanzhou Kimberly Machinery Manufacturing Co. Ltd"},"image":{"@id":"https:\/\/www.kblmachinery.com\/#\/schema\/logo\/image\/"},"sameAs":["https:\/\/www.facebook.com\/KimberlyMachinery"]}]}},"_links":{"self":[{"href":"https:\/\/www.kblmachinery.com\/es\/wp-json\/wp\/v2\/product\/8263","targetHints":{"allow":["GET"]}}],"collection":[{"href":"https:\/\/www.kblmachinery.com\/es\/wp-json\/wp\/v2\/product"}],"about":[{"href":"https:\/\/www.kblmachinery.com\/es\/wp-json\/wp\/v2\/types\/product"}],"wp:featuredmedia":[{"embeddable":true,"href":"https:\/\/www.kblmachinery.com\/es\/wp-json\/wp\/v2\/media\/8264"}],"wp:attachment":[{"href":"https:\/\/www.kblmachinery.com\/es\/wp-json\/wp\/v2\/media?parent=8263"}],"wp:term":[{"taxonomy":"product_brand","embeddable":true,"href":"https:\/\/www.kblmachinery.com\/es\/wp-json\/wp\/v2\/product_brand?post=8263"},{"taxonomy":"product_cat","embeddable":true,"href":"https:\/\/www.kblmachinery.com\/es\/wp-json\/wp\/v2\/product_cat?post=8263"},{"taxonomy":"product_tag","embeddable":true,"href":"https:\/\/www.kblmachinery.com\/es\/wp-json\/wp\/v2\/product_tag?post=8263"}],"curies":[{"name":"wp","href":"https:\/\/api.w.org\/{rel}","templated":true}]}}