{"id":8286,"date":"2024-08-17T04:20:00","date_gmt":"2024-08-17T04:20:00","guid":{"rendered":"https:\/\/www.kblmachinery.com\/?post_type=product&#038;p=8286"},"modified":"2025-11-28T07:57:48","modified_gmt":"2025-11-28T07:57:48","slug":"slab-mold-kerb-stone-mold-rain-gutter-stone-mold-paving-stone-mold","status":"publish","type":"product","link":"https:\/\/www.kblmachinery.com\/es\/slab-mold-kerb-stone-mold-rain-gutter-stone-mold-paving-stone-mold\/","title":{"rendered":"Molde de ladrillo macizo Molde de losa Bordillo Canal\u00f3n de lluvia Adoqu\u00edn Fabricaci\u00f3n de adoquines"},"content":{"rendered":"<h2 data-start=\"0\" data-end=\"98\">China es un fabricante l\u00edder de varios moldes de ladrillos de bloque de hormig\u00f3n para m\u00e1quinas de fabricaci\u00f3n de bloques.<\/h2>\n<p data-start=\"78\" data-end=\"459\">Kimberly Machinery es un fabricante l\u00edder de moldes de bloques de hormig\u00f3n de alta calidad para m\u00e1quinas bloqueras. Nuestros moldes est\u00e1n hechos de acero de aleaci\u00f3n de primera calidad con piezas resistentes al desgaste, lo que garantiza una larga durabilidad y un excelente rendimiento. Perfeccionamos continuamente nuestros procesos de fabricaci\u00f3n para ofrecer productos superiores que cumplan las normas internacionales.<\/p>\n<h3>1.Tipo de bloque:<\/h3>\n<p>Dise\u00f1amos y fabricamos moldes de acero de alta calidad para adoquines entrelazados, losas, adoquines permeables, bordillos, muros de contenci\u00f3n, bloques huecos y bloques especiales. Siempre cumplimos los requisitos del cliente y tambi\u00e9n proponemos ideas innovadoras para mejorar sus proyectos.<\/p>\n<h3>2.Materia prima:<\/h3>\n<p>Utilizamos acero templado y revenido de primera calidad importado de Italia para fabricar nuestros moldes de bloques de hormig\u00f3n. Adem\u00e1s, mejoramos la resistencia a la abrasi\u00f3n del acero mediante avanzados procesos de tratamiento t\u00e9rmico.<\/p>\n<h3>3. Experiencia en fabricaci\u00f3n:<\/h3>\n<p>Con casi 30 a\u00f1os de experiencia en fabricaci\u00f3n, atendemos a clientes de muchos pa\u00edses. Combinamos nuestra experiencia con acero de alta calidad para garantizar la entrega de productos de primer nivel a todos nuestros compradores.<\/p>\n<h2>Datos t\u00e9cnicos del molde:<\/h2>\n<table class=\"tg\" style=\"border-collapse: collapse; border-spacing: 0px; height: 183px;\" width=\"100%\">\n<tbody>\n<tr>\n<td style=\"font-family: Arial, sans-serif; font-size: 14px; overflow: hidden; padding: 10px 5px; text-align: left; vertical-align: top; word-break: normal; border: 1px solid black;\">Nombre<\/td>\n<td style=\"font-family: Arial, sans-serif; font-size: 14px; overflow: hidden; padding: 10px 5px; text-align: left; vertical-align: top; word-break: normal; border: 1px solid black;\">molde de ladrillo macizo<\/td>\n<td style=\"font-family: Arial, sans-serif; font-size: 14px; overflow: hidden; padding: 10px 5px; text-align: left; vertical-align: top; word-break: normal; border: 1px solid black;\">Tratamiento t\u00e9rmico<\/td>\n<td style=\"font-family: Arial, sans-serif; font-size: 14px; overflow: hidden; padding: 10px 5px; text-align: left; vertical-align: top; word-break: normal; border: 1px solid black;\">Carbonitruraci\u00f3n 900-950<span style=\"color: #555;\">\u00b0<\/span>C<\/td>\n<\/tr>\n<tr>\n<td style=\"font-family: Arial, sans-serif; font-size: 14px; overflow: hidden; padding: 10px 5px; text-align: left; vertical-align: top; word-break: normal; border: 1px solid black;\">materia prima<\/td>\n<td style=\"font-family: Arial, sans-serif; font-size: 14px; overflow: hidden; padding: 10px 5px; text-align: left; vertical-align: top; word-break: normal; border: 1px solid black;\">acero especial resistente al desgaste<\/td>\n<td style=\"font-family: Arial, sans-serif; font-size: 14px; overflow: hidden; padding: 10px 5px; text-align: left; vertical-align: top; word-break: normal; border: 1px solid black;\">Dureza<\/td>\n<td style=\"font-family: Arial, sans-serif; font-size: 14px; overflow: hidden; padding: 10px 5px; text-align: left; vertical-align: top; word-break: normal; border: 1px solid black;\">60-65HRC<\/td>\n<\/tr>\n<tr>\n<td style=\"font-family: Arial, sans-serif; font-size: 14px; overflow: hidden; padding: 10px 5px; text-align: left; vertical-align: top; word-break: normal; border: 1px solid black;\">Tipo de bloque<\/td>\n<td style=\"font-family: Arial, sans-serif; font-size: 14px; overflow: hidden; padding: 10px 5px; text-align: left; vertical-align: top; word-break: normal; border: 1px solid black;\">Bloques huecos, bloques entrelazados, adoquines y bordillos personalizables.<\/td>\n<td style=\"font-family: Arial, sans-serif; font-size: 14px; overflow: hidden; padding: 10px 5px; text-align: left; vertical-align: top; word-break: normal; border: 1px solid black;\">C\u00f3digo SA<\/td>\n<td style=\"font-family: Arial, sans-serif; font-size: 14px; overflow: hidden; padding: 10px 5px; text-align: left; vertical-align: top; word-break: normal; border: 1px solid black;\">848060<\/td>\n<\/tr>\n<tr>\n<td style=\"font-family: Arial, sans-serif; font-size: 14px; overflow: hidden; padding: 10px 5px; text-align: left; vertical-align: top; word-break: normal; border: 1px solid black;\">vida \u00fatil<\/td>\n<td style=\"font-family: Arial, sans-serif; font-size: 14px; overflow: hidden; padding: 10px 5px; text-align: left; vertical-align: top; word-break: normal; border: 1px solid black;\">100000-120000 veces<\/td>\n<td style=\"font-family: Arial, sans-serif; font-size: 14px; overflow: hidden; padding: 10px 5px; text-align: left; vertical-align: top; word-break: normal; border: 1px solid black;\">Embalaje<\/td>\n<td style=\"font-family: Arial, sans-serif; font-size: 14px; overflow: hidden; padding: 10px 5px; text-align: left; vertical-align: top; word-break: normal; border: 1px solid black;\">Madera + film pl\u00e1stico<\/td>\n<\/tr>\n<\/tbody>\n<\/table>\n<h2>PREGUNTAS FRECUENTES:<\/h2>\n<h3 data-start=\"1295\" data-end=\"1330\">1. \u00bfC\u00f3mo puedo obtener un presupuesto?<\/h3>\n<ul data-start=\"1331\" data-end=\"1694\">\n<li data-start=\"1331\" data-end=\"1393\">\n<p data-start=\"1333\" data-end=\"1393\">Env\u00ede planos detallados del bloque para obtener un presupuesto preciso.<\/p>\n<\/li>\n<li data-start=\"1394\" data-end=\"1529\">\n<p data-start=\"1396\" data-end=\"1529\">Si no dispone de planos, indique el tipo de bloque (hueco o macizo), una foto y las dimensiones (longitud \u00d7 anchura \u00d7 grosor en mm).<\/p>\n<\/li>\n<li data-start=\"1530\" data-end=\"1597\">\n<p data-start=\"1532\" data-end=\"1597\">Indique el tama\u00f1o de la paleta, el tama\u00f1o del cabezal del pis\u00f3n y la altura del molde inferior.<\/p>\n<\/li>\n<li data-start=\"1598\" data-end=\"1694\">\n<p data-start=\"1600\" data-end=\"1694\">Explique c\u00f3mo se conecta el molde a su m\u00e1quina y facilite los planos de conexi\u00f3n si dispone de ellos.<\/p>\n<\/li>\n<\/ul>\n<h3 data-start=\"1696\" data-end=\"1719\">2. Plazo de entrega:<\/h3>\n<ul data-start=\"1720\" data-end=\"1813\">\n<li data-start=\"1720\" data-end=\"1773\">\n<p data-start=\"1722\" data-end=\"1773\">Moldes est\u00e1ndar: 20-25 d\u00edas laborables despu\u00e9s del dep\u00f3sito.<\/p>\n<\/li>\n<li data-start=\"1774\" data-end=\"1813\">\n<p data-start=\"1776\" data-end=\"1813\">Moldes de alta gama: 30-40 d\u00edas laborables.<\/p>\n<\/li>\n<\/ul>\n<h3 data-start=\"1815\" data-end=\"1842\">3. Embalaje de transporte:<\/h3>\n<ul data-start=\"1843\" data-end=\"1931\">\n<li data-start=\"1843\" data-end=\"1888\">\n<p data-start=\"1845\" data-end=\"1888\">Cajas de madera est\u00e1ndar con pel\u00edcula de pl\u00e1stico.<\/p>\n<\/li>\n<li data-start=\"1889\" data-end=\"1931\">\n<p data-start=\"1891\" data-end=\"1931\">Embalaje personalizado disponible previa solicitud.<\/p>\n<\/li>\n<\/ul>\n<h3 data-start=\"1933\" data-end=\"1964\">4. Compatibilidad con m\u00e1quinas:<\/h3>\n<ul data-start=\"1965\" data-end=\"2198\">\n<li data-start=\"1965\" data-end=\"2053\">\n<p data-start=\"1967\" data-end=\"2053\">Fabricamos moldes para varias marcas de m\u00e1quinas bloqueras y mantenemos registros detallados.<\/p>\n<\/li>\n<li data-start=\"2054\" data-end=\"2198\">\n<p data-start=\"2056\" data-end=\"2198\">Para confirmarlo, los ingenieros pueden medir in situ, o usted puede enviar fotos y medidas digitalmente. Una vez confirmado, el molde encaja a la perfecci\u00f3n.<\/p>\n<\/li>\n<\/ul>\n<h3 data-start=\"2200\" data-end=\"2223\">5. Condiciones de pago:<\/h3>\n<ul data-start=\"2224\" data-end=\"2291\">\n<li data-start=\"2224\" data-end=\"2291\">\n<p data-start=\"2226\" data-end=\"2291\">50% anticipo mediante T\/T para iniciar el pedido, saldo antes de la carga.<\/p>\n<\/li>\n<\/ul>\n<h3 data-start=\"2293\" data-end=\"2313\">6. P\u00f3ngase en contacto con nosotros:<\/h3>\n<ul data-start=\"2314\" data-end=\"2367\">\n<li data-start=\"2314\" data-end=\"2367\">\n<p data-start=\"2316\" data-end=\"2367\">WeChat\/WhatsApp: +86-1330506196 \/ +86-18960287187<\/p>\n<\/li>\n<\/ul>\n<p><iframe loading=\"lazy\" title=\"V\u00eddeo de funcionamiento del bloque ICF\" src=\"https:\/\/www.youtube.com\/embed\/czhs2wYoLZg\" width=\"556\" height=\"310\" frameborder=\"0\" allowfullscreen=\"allowfullscreen\"><\/iframe><\/p>","protected":false},"excerpt":{"rendered":"<ul>\n<li data-start=\"0\" data-end=\"80\">Los bloques de ladrillo macizo son materiales esenciales para la construcci\u00f3n de edificios.<\/li>\n<li data-start=\"0\" data-end=\"80\">Los tama\u00f1os y tipos var\u00edan en funci\u00f3n de los tipos de pared y el uso espec\u00edfico.<\/li>\n<li data-start=\"0\" data-end=\"80\">Podemos personalizar todos los moldes para satisfacer las necesidades de su mercado local.<\/li>\n<\/ul>\n<table class=\"tg\" style=\"border-collapse: collapse; border-spacing: 0px; height: 280px;\" width=\"100%\">\n<tbody>\n<tr>\n<td style=\"font-family: Arial, sans-serif; font-size: 14px; overflow: hidden; padding: 10px 5px; text-align: left; vertical-align: top; word-break: normal; border: 1px solid black;\">Pedido(MOQ) :<\/td>\n<td style=\"font-family: Arial, sans-serif; font-size: 14px; overflow: hidden; padding: 10px 5px; text-align: left; vertical-align: top; word-break: normal; border: 1px solid black;\">1 juego<\/td>\n<\/tr>\n<tr>\n<td style=\"font-family: Arial, sans-serif; font-size: 14px; overflow: hidden; padding: 10px 5px; text-align: left; vertical-align: top; word-break: normal; border: 1px solid black;\">Pago :<\/td>\n<td style=\"font-family: Arial, sans-serif; font-size: 14px; overflow: hidden; padding: 10px 5px; text-align: left; vertical-align: top; word-break: normal; border: 1px solid black;\">Pago T\/T 100% antes del env\u00edo o 100% mediante carta de cr\u00e9dito irrevocable y confirmada a la vista.<\/td>\n<\/tr>\n<tr>\n<td style=\"font-family: Arial, sans-serif; font-size: 14px; overflow: hidden; padding: 10px 5px; text-align: left; vertical-align: top; word-break: normal; border: 1px solid black;\">Origen del producto :<\/td>\n<td style=\"font-family: Arial, sans-serif; font-size: 14px; overflow: hidden; padding: 10px 5px; text-align: left; vertical-align: top; word-break: normal; border: 1px solid black;\">Quanzhou Fujian<\/td>\n<\/tr>\n<tr>\n<td style=\"font-family: Arial, sans-serif; font-size: 14px; overflow: hidden; padding: 10px 5px; text-align: left; vertical-align: top; word-break: normal; border: 1px solid black;\">Color :<\/td>\n<td style=\"font-family: Arial, sans-serif; font-size: 14px; overflow: hidden; padding: 10px 5px; text-align: left; vertical-align: top; word-break: normal; border: 1px solid black;\">personalizar seg\u00fan la demanda<\/td>\n<\/tr>\n<tr>\n<td style=\"font-family: Arial, sans-serif; font-size: 14px; overflow: hidden; padding: 10px 5px; text-align: left; vertical-align: top; word-break: normal; border: 1px solid black;\">Puerto de embarque :<\/td>\n<td style=\"font-family: Arial, sans-serif; font-size: 14px; overflow: hidden; padding: 10px 5px; text-align: left; vertical-align: top; word-break: normal; border: 1px solid black;\">Xiamen<\/td>\n<\/tr>\n<tr>\n<td style=\"font-family: Arial, sans-serif; font-size: 14px; overflow: hidden; padding: 10px 5px; text-align: left; vertical-align: top; word-break: normal; border: 1px solid black;\">Plazo de entrega :<\/td>\n<td style=\"font-family: Arial, sans-serif; font-size: 14px; overflow: hidden; padding: 10px 5px; text-align: left; vertical-align: top; word-break: normal; border: 1px solid black;\">20-25 d\u00edas<\/td>\n<\/tr>\n<\/tbody>\n<\/table>\n<p>&nbsp;<\/p>","protected":false},"featured_media":8287,"template":"","meta":[],"product_brand":[],"product_cat":[758,770],"product_tag":[766],"class_list":{"0":"post-8286","1":"product","2":"type-product","3":"status-publish","4":"has-post-thumbnail","6":"product_cat-block-moulds","7":"product_cat-grass-stone-mold","8":"product_tag-grass-stone-mold","10":"first","11":"instock","12":"shipping-taxable","13":"product-type-simple"},"yoast_head":"<!-- This site is optimized with the Yoast SEO plugin v24.4 - https:\/\/yoast.com\/wordpress\/plugins\/seo\/ -->\n<title>Slab &amp; Kerb\u2011Stone Moulds | Concrete Paver Mold Supplier<\/title>\n<meta name=\"description\" content=\"Premium slab, kerb\u2011stone, rain\u2011gutter and paving\u2011stone molds for block machines. Durable, wear\u2011resistant concrete molds from leading Chinese manufacturer.\" \/>\n<meta name=\"robots\" content=\"index, follow, max-snippet:-1, max-image-preview:large, max-video-preview:-1\" \/>\n<link rel=\"canonical\" href=\"https:\/\/www.kblmachinery.com\/es\/slab-mold-kerb-stone-mold-rain-gutter-stone-mold-paving-stone-mold\/\" \/>\n<meta property=\"og:locale\" content=\"es_ES\" \/>\n<meta property=\"og:type\" content=\"article\" \/>\n<meta property=\"og:title\" content=\"Slab &amp; Kerb\u2011Stone Moulds | Concrete Paver Mold Supplier\" \/>\n<meta property=\"og:description\" content=\"Premium slab, kerb\u2011stone, rain\u2011gutter and paving\u2011stone molds for block machines. Durable, wear\u2011resistant concrete molds from leading Chinese manufacturer.\" \/>\n<meta property=\"og:url\" content=\"https:\/\/www.kblmachinery.com\/es\/slab-mold-kerb-stone-mold-rain-gutter-stone-mold-paving-stone-mold\/\" \/>\n<meta property=\"og:site_name\" content=\"Kimberly Machinery\" \/>\n<meta property=\"article:publisher\" content=\"https:\/\/www.facebook.com\/KimberlyMachinery\" \/>\n<meta property=\"article:modified_time\" content=\"2025-11-28T07:57:48+00:00\" \/>\n<meta property=\"og:image\" content=\"https:\/\/www.kblmachinery.com\/wp-content\/uploads\/2025\/11\/Solid-Brick-Mould-Slab-Mold-Kerbstone-Rain-Gutter-Stone-Paving-Stone-Making.webp\" \/>\n\t<meta property=\"og:image:width\" content=\"805\" \/>\n\t<meta property=\"og:image:height\" content=\"805\" \/>\n\t<meta property=\"og:image:type\" content=\"image\/webp\" \/>\n<meta name=\"twitter:card\" content=\"summary_large_image\" \/>\n<meta name=\"twitter:label1\" content=\"Tiempo de lectura\" \/>\n\t<meta name=\"twitter:data1\" content=\"2 minutos\" \/>\n<script type=\"application\/ld+json\" class=\"yoast-schema-graph\">{\"@context\":\"https:\/\/schema.org\",\"@graph\":[{\"@type\":\"WebPage\",\"@id\":\"https:\/\/www.kblmachinery.com\/slab-mold-kerb-stone-mold-rain-gutter-stone-mold-paving-stone-mold\/\",\"url\":\"https:\/\/www.kblmachinery.com\/slab-mold-kerb-stone-mold-rain-gutter-stone-mold-paving-stone-mold\/\",\"name\":\"Slab & Kerb\u2011Stone Moulds | Concrete Paver Mold Supplier\",\"isPartOf\":{\"@id\":\"https:\/\/www.kblmachinery.com\/#website\"},\"primaryImageOfPage\":{\"@id\":\"https:\/\/www.kblmachinery.com\/slab-mold-kerb-stone-mold-rain-gutter-stone-mold-paving-stone-mold\/#primaryimage\"},\"image\":{\"@id\":\"https:\/\/www.kblmachinery.com\/slab-mold-kerb-stone-mold-rain-gutter-stone-mold-paving-stone-mold\/#primaryimage\"},\"thumbnailUrl\":\"https:\/\/www.kblmachinery.com\/wp-content\/uploads\/2025\/11\/Solid-Brick-Mould-Slab-Mold-Kerbstone-Rain-Gutter-Stone-Paving-Stone-Making.webp\",\"datePublished\":\"2024-08-17T04:20:00+00:00\",\"dateModified\":\"2025-11-28T07:57:48+00:00\",\"description\":\"Premium slab, kerb\u2011stone, rain\u2011gutter and paving\u2011stone molds for block machines. Durable, wear\u2011resistant concrete molds from leading Chinese manufacturer.\",\"breadcrumb\":{\"@id\":\"https:\/\/www.kblmachinery.com\/slab-mold-kerb-stone-mold-rain-gutter-stone-mold-paving-stone-mold\/#breadcrumb\"},\"inLanguage\":\"es\",\"potentialAction\":[{\"@type\":\"ReadAction\",\"target\":[\"https:\/\/www.kblmachinery.com\/slab-mold-kerb-stone-mold-rain-gutter-stone-mold-paving-stone-mold\/\"]}]},{\"@type\":\"ImageObject\",\"inLanguage\":\"es\",\"@id\":\"https:\/\/www.kblmachinery.com\/slab-mold-kerb-stone-mold-rain-gutter-stone-mold-paving-stone-mold\/#primaryimage\",\"url\":\"https:\/\/www.kblmachinery.com\/wp-content\/uploads\/2025\/11\/Solid-Brick-Mould-Slab-Mold-Kerbstone-Rain-Gutter-Stone-Paving-Stone-Making.webp\",\"contentUrl\":\"https:\/\/www.kblmachinery.com\/wp-content\/uploads\/2025\/11\/Solid-Brick-Mould-Slab-Mold-Kerbstone-Rain-Gutter-Stone-Paving-Stone-Making.webp\",\"width\":805,\"height\":805,\"caption\":\"Solid Brick Mould Slab Mold Kerbstone Rain Gutter Stone Paving Stone Making\"},{\"@type\":\"BreadcrumbList\",\"@id\":\"https:\/\/www.kblmachinery.com\/slab-mold-kerb-stone-mold-rain-gutter-stone-mold-paving-stone-mold\/#breadcrumb\",\"itemListElement\":[{\"@type\":\"ListItem\",\"position\":1,\"name\":\"Home\",\"item\":\"https:\/\/www.kblmachinery.com\/\"},{\"@type\":\"ListItem\",\"position\":2,\"name\":\"Solid Brick Mould Slab Mold Kerbstone Rain Gutter Stone Paving Stone Making\"}]},{\"@type\":\"WebSite\",\"@id\":\"https:\/\/www.kblmachinery.com\/#website\",\"url\":\"https:\/\/www.kblmachinery.com\/\",\"name\":\"Professional Brick\/Block Making Machine in China\",\"description\":\"Block Machine Manufacturer - Kimberly Machinery\",\"publisher\":{\"@id\":\"https:\/\/www.kblmachinery.com\/#organization\"},\"potentialAction\":[{\"@type\":\"SearchAction\",\"target\":{\"@type\":\"EntryPoint\",\"urlTemplate\":\"https:\/\/www.kblmachinery.com\/?s={search_term_string}\"},\"query-input\":{\"@type\":\"PropertyValueSpecification\",\"valueRequired\":true,\"valueName\":\"search_term_string\"}}],\"inLanguage\":\"es\"},{\"@type\":\"Organization\",\"@id\":\"https:\/\/www.kblmachinery.com\/#organization\",\"name\":\"Quanzhou Kimberly Machinery Manufacturing Co. Ltd\",\"url\":\"https:\/\/www.kblmachinery.com\/\",\"logo\":{\"@type\":\"ImageObject\",\"inLanguage\":\"es\",\"@id\":\"https:\/\/www.kblmachinery.com\/#\/schema\/logo\/image\/\",\"url\":\"https:\/\/www.kblmachinery.com\/wp-content\/uploads\/2025\/11\/cropped-logo-1-1.png\",\"contentUrl\":\"https:\/\/www.kblmachinery.com\/wp-content\/uploads\/2025\/11\/cropped-logo-1-1.png\",\"width\":123,\"height\":136,\"caption\":\"Quanzhou Kimberly Machinery Manufacturing Co. Ltd\"},\"image\":{\"@id\":\"https:\/\/www.kblmachinery.com\/#\/schema\/logo\/image\/\"},\"sameAs\":[\"https:\/\/www.facebook.com\/KimberlyMachinery\"]}]}<\/script>\n<!-- \/ Yoast SEO plugin. -->","yoast_head_json":{"title":"Slab & Kerb\u2011Stone Moulds | Concrete Paver Mold Supplier","description":"Premium slab, kerb\u2011stone, rain\u2011gutter and paving\u2011stone molds for block machines. Durable, wear\u2011resistant concrete molds from leading Chinese manufacturer.","robots":{"index":"index","follow":"follow","max-snippet":"max-snippet:-1","max-image-preview":"max-image-preview:large","max-video-preview":"max-video-preview:-1"},"canonical":"https:\/\/www.kblmachinery.com\/es\/slab-mold-kerb-stone-mold-rain-gutter-stone-mold-paving-stone-mold\/","og_locale":"es_ES","og_type":"article","og_title":"Slab & Kerb\u2011Stone Moulds | Concrete Paver Mold Supplier","og_description":"Premium slab, kerb\u2011stone, rain\u2011gutter and paving\u2011stone molds for block machines. Durable, wear\u2011resistant concrete molds from leading Chinese manufacturer.","og_url":"https:\/\/www.kblmachinery.com\/es\/slab-mold-kerb-stone-mold-rain-gutter-stone-mold-paving-stone-mold\/","og_site_name":"Kimberly Machinery","article_publisher":"https:\/\/www.facebook.com\/KimberlyMachinery","article_modified_time":"2025-11-28T07:57:48+00:00","og_image":[{"width":805,"height":805,"url":"https:\/\/www.kblmachinery.com\/wp-content\/uploads\/2025\/11\/Solid-Brick-Mould-Slab-Mold-Kerbstone-Rain-Gutter-Stone-Paving-Stone-Making.webp","type":"image\/webp"}],"twitter_card":"summary_large_image","twitter_misc":{"Tiempo de lectura":"2 minutos"},"schema":{"@context":"https:\/\/schema.org","@graph":[{"@type":"WebPage","@id":"https:\/\/www.kblmachinery.com\/slab-mold-kerb-stone-mold-rain-gutter-stone-mold-paving-stone-mold\/","url":"https:\/\/www.kblmachinery.com\/slab-mold-kerb-stone-mold-rain-gutter-stone-mold-paving-stone-mold\/","name":"Slab & Kerb\u2011Stone Moulds | Concrete Paver Mold Supplier","isPartOf":{"@id":"https:\/\/www.kblmachinery.com\/#website"},"primaryImageOfPage":{"@id":"https:\/\/www.kblmachinery.com\/slab-mold-kerb-stone-mold-rain-gutter-stone-mold-paving-stone-mold\/#primaryimage"},"image":{"@id":"https:\/\/www.kblmachinery.com\/slab-mold-kerb-stone-mold-rain-gutter-stone-mold-paving-stone-mold\/#primaryimage"},"thumbnailUrl":"https:\/\/www.kblmachinery.com\/wp-content\/uploads\/2025\/11\/Solid-Brick-Mould-Slab-Mold-Kerbstone-Rain-Gutter-Stone-Paving-Stone-Making.webp","datePublished":"2024-08-17T04:20:00+00:00","dateModified":"2025-11-28T07:57:48+00:00","description":"Premium slab, kerb\u2011stone, rain\u2011gutter and paving\u2011stone molds for block machines. Durable, wear\u2011resistant concrete molds from leading Chinese manufacturer.","breadcrumb":{"@id":"https:\/\/www.kblmachinery.com\/slab-mold-kerb-stone-mold-rain-gutter-stone-mold-paving-stone-mold\/#breadcrumb"},"inLanguage":"es","potentialAction":[{"@type":"ReadAction","target":["https:\/\/www.kblmachinery.com\/slab-mold-kerb-stone-mold-rain-gutter-stone-mold-paving-stone-mold\/"]}]},{"@type":"ImageObject","inLanguage":"es","@id":"https:\/\/www.kblmachinery.com\/slab-mold-kerb-stone-mold-rain-gutter-stone-mold-paving-stone-mold\/#primaryimage","url":"https:\/\/www.kblmachinery.com\/wp-content\/uploads\/2025\/11\/Solid-Brick-Mould-Slab-Mold-Kerbstone-Rain-Gutter-Stone-Paving-Stone-Making.webp","contentUrl":"https:\/\/www.kblmachinery.com\/wp-content\/uploads\/2025\/11\/Solid-Brick-Mould-Slab-Mold-Kerbstone-Rain-Gutter-Stone-Paving-Stone-Making.webp","width":805,"height":805,"caption":"Solid Brick Mould Slab Mold Kerbstone Rain Gutter Stone Paving Stone Making"},{"@type":"BreadcrumbList","@id":"https:\/\/www.kblmachinery.com\/slab-mold-kerb-stone-mold-rain-gutter-stone-mold-paving-stone-mold\/#breadcrumb","itemListElement":[{"@type":"ListItem","position":1,"name":"Home","item":"https:\/\/www.kblmachinery.com\/"},{"@type":"ListItem","position":2,"name":"Solid Brick Mould Slab Mold Kerbstone Rain Gutter Stone Paving Stone Making"}]},{"@type":"WebSite","@id":"https:\/\/www.kblmachinery.com\/#website","url":"https:\/\/www.kblmachinery.com\/","name":"Professional Brick\/Block Making Machine in China","description":"Block Machine Manufacturer - Kimberly Machinery","publisher":{"@id":"https:\/\/www.kblmachinery.com\/#organization"},"potentialAction":[{"@type":"SearchAction","target":{"@type":"EntryPoint","urlTemplate":"https:\/\/www.kblmachinery.com\/?s={search_term_string}"},"query-input":{"@type":"PropertyValueSpecification","valueRequired":true,"valueName":"search_term_string"}}],"inLanguage":"es"},{"@type":"Organization","@id":"https:\/\/www.kblmachinery.com\/#organization","name":"Quanzhou Kimberly Machinery Manufacturing Co. Ltd","url":"https:\/\/www.kblmachinery.com\/","logo":{"@type":"ImageObject","inLanguage":"es","@id":"https:\/\/www.kblmachinery.com\/#\/schema\/logo\/image\/","url":"https:\/\/www.kblmachinery.com\/wp-content\/uploads\/2025\/11\/cropped-logo-1-1.png","contentUrl":"https:\/\/www.kblmachinery.com\/wp-content\/uploads\/2025\/11\/cropped-logo-1-1.png","width":123,"height":136,"caption":"Quanzhou Kimberly Machinery Manufacturing Co. Ltd"},"image":{"@id":"https:\/\/www.kblmachinery.com\/#\/schema\/logo\/image\/"},"sameAs":["https:\/\/www.facebook.com\/KimberlyMachinery"]}]}},"_links":{"self":[{"href":"https:\/\/www.kblmachinery.com\/es\/wp-json\/wp\/v2\/product\/8286","targetHints":{"allow":["GET"]}}],"collection":[{"href":"https:\/\/www.kblmachinery.com\/es\/wp-json\/wp\/v2\/product"}],"about":[{"href":"https:\/\/www.kblmachinery.com\/es\/wp-json\/wp\/v2\/types\/product"}],"wp:featuredmedia":[{"embeddable":true,"href":"https:\/\/www.kblmachinery.com\/es\/wp-json\/wp\/v2\/media\/8287"}],"wp:attachment":[{"href":"https:\/\/www.kblmachinery.com\/es\/wp-json\/wp\/v2\/media?parent=8286"}],"wp:term":[{"taxonomy":"product_brand","embeddable":true,"href":"https:\/\/www.kblmachinery.com\/es\/wp-json\/wp\/v2\/product_brand?post=8286"},{"taxonomy":"product_cat","embeddable":true,"href":"https:\/\/www.kblmachinery.com\/es\/wp-json\/wp\/v2\/product_cat?post=8286"},{"taxonomy":"product_tag","embeddable":true,"href":"https:\/\/www.kblmachinery.com\/es\/wp-json\/wp\/v2\/product_tag?post=8286"}],"curies":[{"name":"wp","href":"https:\/\/api.w.org\/{rel}","templated":true}]}}