{"id":8288,"date":"2024-08-18T01:33:00","date_gmt":"2024-08-18T01:33:00","guid":{"rendered":"https:\/\/www.kblmachinery.com\/?post_type=product&#038;p=8288"},"modified":"2025-11-28T06:58:31","modified_gmt":"2025-11-28T06:58:31","slug":"low-level-block-palletzing-cuber","status":"publish","type":"product","link":"https:\/\/www.kblmachinery.com\/es\/low-level-block-palletzing-cuber\/","title":{"rendered":"Paletizador de bloques de bajo nivel"},"content":{"rendered":"<h2>Productos<\/h2>\n<table class=\"tg\" style=\"border-collapse: collapse; border-spacing: 0;\">\n<thead>\n<tr>\n<th style=\"font-family: Arial, sans-serif; font-size: 14px; font-weight: normal; overflow: hidden; padding: 10px 5px; text-align: left; vertical-align: top; word-break: normal; border: 1px solid black;\">Tipo de bloque<\/th>\n<th style=\"font-family: Arial, sans-serif; font-size: 14px; font-weight: normal; overflow: hidden; padding: 10px 5px; text-align: left; vertical-align: top; word-break: normal; border: 1px solid black;\">Tama\u00f1o del bloque<\/th>\n<th style=\"font-family: Arial, sans-serif; font-size: 14px; font-weight: normal; overflow: hidden; padding: 10px 5px; text-align: left; vertical-align: top; word-break: normal; border: 1px solid black;\">Tama\u00f1o del bloque y velocidad 1<\/th>\n<th style=\"font-family: Arial, sans-serif; font-size: 14px; font-weight: normal; overflow: hidden; padding: 10px 5px; text-align: left; vertical-align: top; word-break: normal; border: 1px solid black;\">Tama\u00f1o del bloque y velocidad 2<\/th>\n<\/tr>\n<\/thead>\n<tbody>\n<tr>\n<td style=\"font-family: Arial, sans-serif; font-size: 14px; overflow: hidden; padding: 10px 5px; text-align: left; vertical-align: top; word-break: normal; border: 1px solid black;\">Ladrillo macizo<\/td>\n<td style=\"font-family: Arial, sans-serif; font-size: 14px; overflow: hidden; padding: 10px 5px; text-align: left; vertical-align: top; word-break: normal; border: 1px solid black;\"><span style=\"font-weight: inherit; font-style: inherit;\">240*115*50mm<\/span><\/td>\n<td style=\"font-family: Arial, sans-serif; font-size: 14px; overflow: hidden; padding: 10px 5px; text-align: left; vertical-align: top; word-break: normal; border: 1px solid black;\">76 piezas\/capa (una capa mide 960*960 mm); 888 piezas\/pila (12 capas\/pila); 15960 piezas\/hora.<\/td>\n<td style=\"font-family: Arial, sans-serif; font-size: 14px; overflow: hidden; padding: 10px 5px; text-align: left; vertical-align: top; word-break: normal; border: 1px solid black;\">120 piezas\/capa (una capa es de 1200*1200mm);1416 piezas\/pila(12 capas\/pila);20160 piezas\/hora.<\/td>\n<\/tr>\n<tr>\n<td style=\"font-family: Arial, sans-serif; font-size: 14px; overflow: hidden; padding: 10px 5px; text-align: left; vertical-align: top; word-break: normal; border: 1px solid black;\">Ladrillo adoqu\u00edn<\/td>\n<td style=\"font-family: Arial, sans-serif; font-size: 14px; overflow: hidden; padding: 10px 5px; text-align: left; vertical-align: top; word-break: normal; border: 1px solid black;\"><span style=\"font-weight: inherit; font-style: inherit;\">200*100*60mm<\/span><\/td>\n<td style=\"font-family: Arial, sans-serif; font-size: 14px; overflow: hidden; padding: 10px 5px; text-align: left; vertical-align: top; word-break: normal; border: 1px solid black;\">32 piezas\/capa (una capa mide 800*800 mm); 692 piezas\/pila (22 capas\/pila); 6720 piezas\/hora.<\/td>\n<td style=\"font-family: Arial, sans-serif; font-size: 14px; overflow: hidden; padding: 10px 5px; text-align: left; vertical-align: top; word-break: normal; border: 1px solid black;\">50 piezas\/capa (una capa es de 1000*1000mm);1085 piezas\/pila(22 capas\/pila);10500 piezas\/hora.<\/td>\n<\/tr>\n<tr>\n<td style=\"font-family: Arial, sans-serif; font-size: 14px; overflow: hidden; padding: 10px 5px; text-align: left; vertical-align: top; word-break: normal; border: 1px solid black;\">Bloque hueco<\/td>\n<td style=\"font-family: Arial, sans-serif; font-size: 14px; overflow: hidden; padding: 10px 5px; text-align: left; vertical-align: top; word-break: normal; border: 1px solid black;\"><span style=\"font-weight: inherit; font-style: inherit;\">400*200*200mm<\/span><\/td>\n<td style=\"font-family: Arial, sans-serif; font-size: 14px; overflow: hidden; padding: 10px 5px; text-align: left; vertical-align: top; word-break: normal; border: 1px solid black;\">8 piezas\/capa (una capa mide 800*800 mm); 54 piezas\/pila (7 capas\/pila); 1680 piezas\/hora.<\/td>\n<td style=\"font-family: Arial, sans-serif; font-size: 14px; overflow: hidden; padding: 10px 5px; text-align: left; vertical-align: top; word-break: normal; border: 1px solid black;\">18 piezas\/capa (una capa es de 1200*1200mm);120 piezas\/pila(7 capas\/pila);3780 piezas\/hora.<\/td>\n<\/tr>\n<\/tbody>\n<\/table>\n<p>El sistema de embalaje de bloques secos con agujeros preformados XX-MD 1200 es adecuado para la paletizaci\u00f3n de bloques secos terminados de la l\u00ednea de producci\u00f3n de fabricaci\u00f3n de bloques simple, perteneciente a la l\u00ednea de producci\u00f3n de paletizaci\u00f3n semiautom\u00e1tica, que se establece de forma independiente cerca del patio de mantenimiento del producto, y tambi\u00e9n se puede conectar en serie en la l\u00ednea de producci\u00f3n de bloques para implementar la paletizaci\u00f3n en l\u00ednea.<\/p>\n<h2>Proceso de trabajo:<\/h2>\n<p>The automatic preformed-holes dry block packing system can separate the bricks of different types and specifications produced by different types of brick machines, reassemble the blocks, and finally form a square stack of about one meter. Cross palletizing is carried out, and the fork brick hole position can be generated automatically according to the need. The palletizing height can be up to 1450mm.<\/p>\n<p>After the palletizing is completed, it can be palletized and output through a heavy chain conveyor, which can be packed manually or equipped with an automatic baling machine. Each node on the whole production line has a pre-stored position to save the forklift running time.<\/p>\n<h2>Inspecci\u00f3n y mantenimiento:<\/h2>\n<p>Todo el sistema adopta PLC y control de pantalla t\u00e1ctil, cooperar con la inducci\u00f3n l\u00e1ser y sensor inteligente para realizar la operaci\u00f3n autom\u00e1tica sin tripulaci\u00f3n, y detener autom\u00e1ticamente la alarma y mostrar la ubicaci\u00f3n de la falla cuando se produce un fallo, que puede ser f\u00e1cilmente eliminado sin personal profesional y t\u00e9cnico. S\u00f3lo 2-4 trabajadores pueden cubrir todo el trabajo de recogida de ladrillos, ahorrando mucho coste de mano de obra. Equipado con sistemas de control remoto y los fabricantes de equipos de datos en la nube puede resolver todos los problemas en la oficina todo el tiempo.<\/p>\n<h2>Principio de funcionamiento:<\/h2>\n<p>El funcionamiento de los equipos est\u00e1 controlado por electricidad, gas y l\u00edquido respectivamente, que no interfieren entre s\u00ed y act\u00faan de forma coherente.<\/p>\n<h2>Vida \u00fatil:<\/h2>\n<p>M\u00e1s de 6~10 a\u00f1os, bajo coste de mantenimiento.<\/p>","protected":false},"excerpt":{"rendered":"<ul>\n<li>La duraci\u00f3n del ciclo: 15 s para bloques de una capa<\/li>\n<li>La capacidad de producci\u00f3n: 2000~2500 moldes\/8horas.<\/li>\n<\/ul>","protected":false},"featured_media":8289,"template":"","meta":[],"product_brand":[],"product_cat":[772],"product_tag":[],"class_list":{"0":"post-8288","1":"product","2":"type-product","3":"status-publish","4":"has-post-thumbnail","6":"product_cat-block-palletizer","8":"first","9":"instock","10":"shipping-taxable","11":"product-type-simple"},"yoast_head":"<!-- This site is optimized with the Yoast SEO plugin v24.4 - https:\/\/yoast.com\/wordpress\/plugins\/seo\/ -->\n<title>Low Level-Block Palletzing Cuber - Kimberly Machinery<\/title>\n<meta name=\"description\" content=\"china Low Level-Block Palletzing Cuber manufacturer provides auto concrete block machines, hydraulic press series block machines, concrete mixer, batching machine with wholesale price.\" \/>\n<meta name=\"robots\" content=\"index, follow, max-snippet:-1, max-image-preview:large, max-video-preview:-1\" \/>\n<link rel=\"canonical\" href=\"https:\/\/www.kblmachinery.com\/es\/low-level-block-palletzing-cuber\/\" \/>\n<meta property=\"og:locale\" content=\"es_ES\" \/>\n<meta property=\"og:type\" content=\"article\" \/>\n<meta property=\"og:title\" content=\"Low Level-Block Palletzing Cuber - Kimberly Machinery\" \/>\n<meta property=\"og:description\" content=\"china Low Level-Block Palletzing Cuber manufacturer provides auto concrete block machines, hydraulic press series block machines, concrete mixer, batching machine with wholesale price.\" \/>\n<meta property=\"og:url\" content=\"https:\/\/www.kblmachinery.com\/es\/low-level-block-palletzing-cuber\/\" \/>\n<meta property=\"og:site_name\" content=\"Kimberly Machinery\" \/>\n<meta property=\"article:publisher\" content=\"https:\/\/www.facebook.com\/KimberlyMachinery\" \/>\n<meta property=\"article:modified_time\" content=\"2025-11-28T06:58:31+00:00\" \/>\n<meta property=\"og:image\" content=\"https:\/\/www.kblmachinery.com\/wp-content\/uploads\/2025\/11\/Low-Level-Block-Palletzing-Cuber-1.webp\" \/>\n\t<meta property=\"og:image:width\" content=\"800\" \/>\n\t<meta property=\"og:image:height\" content=\"800\" \/>\n\t<meta property=\"og:image:type\" content=\"image\/webp\" \/>\n<meta name=\"twitter:card\" content=\"summary_large_image\" \/>\n<meta name=\"twitter:label1\" content=\"Tiempo de lectura\" \/>\n\t<meta name=\"twitter:data1\" content=\"2 minutos\" \/>\n<script type=\"application\/ld+json\" class=\"yoast-schema-graph\">{\"@context\":\"https:\/\/schema.org\",\"@graph\":[{\"@type\":\"WebPage\",\"@id\":\"https:\/\/www.kblmachinery.com\/low-level-block-palletzing-cuber\/\",\"url\":\"https:\/\/www.kblmachinery.com\/low-level-block-palletzing-cuber\/\",\"name\":\"Low Level-Block Palletzing Cuber - Kimberly Machinery\",\"isPartOf\":{\"@id\":\"https:\/\/www.kblmachinery.com\/#website\"},\"primaryImageOfPage\":{\"@id\":\"https:\/\/www.kblmachinery.com\/low-level-block-palletzing-cuber\/#primaryimage\"},\"image\":{\"@id\":\"https:\/\/www.kblmachinery.com\/low-level-block-palletzing-cuber\/#primaryimage\"},\"thumbnailUrl\":\"https:\/\/www.kblmachinery.com\/wp-content\/uploads\/2025\/11\/Low-Level-Block-Palletzing-Cuber-1.webp\",\"datePublished\":\"2024-08-18T01:33:00+00:00\",\"dateModified\":\"2025-11-28T06:58:31+00:00\",\"description\":\"china Low Level-Block Palletzing Cuber manufacturer provides auto concrete block machines, hydraulic press series block machines, concrete mixer, batching machine with wholesale price.\",\"breadcrumb\":{\"@id\":\"https:\/\/www.kblmachinery.com\/low-level-block-palletzing-cuber\/#breadcrumb\"},\"inLanguage\":\"es\",\"potentialAction\":[{\"@type\":\"ReadAction\",\"target\":[\"https:\/\/www.kblmachinery.com\/low-level-block-palletzing-cuber\/\"]}]},{\"@type\":\"ImageObject\",\"inLanguage\":\"es\",\"@id\":\"https:\/\/www.kblmachinery.com\/low-level-block-palletzing-cuber\/#primaryimage\",\"url\":\"https:\/\/www.kblmachinery.com\/wp-content\/uploads\/2025\/11\/Low-Level-Block-Palletzing-Cuber-1.webp\",\"contentUrl\":\"https:\/\/www.kblmachinery.com\/wp-content\/uploads\/2025\/11\/Low-Level-Block-Palletzing-Cuber-1.webp\",\"width\":800,\"height\":800,\"caption\":\"Low Level-Block Palletzing Cuber (1)\"},{\"@type\":\"BreadcrumbList\",\"@id\":\"https:\/\/www.kblmachinery.com\/low-level-block-palletzing-cuber\/#breadcrumb\",\"itemListElement\":[{\"@type\":\"ListItem\",\"position\":1,\"name\":\"Home\",\"item\":\"https:\/\/www.kblmachinery.com\/\"},{\"@type\":\"ListItem\",\"position\":2,\"name\":\"Low Level-Block Palletzing Cuber\"}]},{\"@type\":\"WebSite\",\"@id\":\"https:\/\/www.kblmachinery.com\/#website\",\"url\":\"https:\/\/www.kblmachinery.com\/\",\"name\":\"Professional Brick\/Block Making Machine in China\",\"description\":\"Block Machine Manufacturer - Kimberly Machinery\",\"publisher\":{\"@id\":\"https:\/\/www.kblmachinery.com\/#organization\"},\"potentialAction\":[{\"@type\":\"SearchAction\",\"target\":{\"@type\":\"EntryPoint\",\"urlTemplate\":\"https:\/\/www.kblmachinery.com\/?s={search_term_string}\"},\"query-input\":{\"@type\":\"PropertyValueSpecification\",\"valueRequired\":true,\"valueName\":\"search_term_string\"}}],\"inLanguage\":\"es\"},{\"@type\":\"Organization\",\"@id\":\"https:\/\/www.kblmachinery.com\/#organization\",\"name\":\"Quanzhou Kimberly Machinery Manufacturing Co. Ltd\",\"url\":\"https:\/\/www.kblmachinery.com\/\",\"logo\":{\"@type\":\"ImageObject\",\"inLanguage\":\"es\",\"@id\":\"https:\/\/www.kblmachinery.com\/#\/schema\/logo\/image\/\",\"url\":\"https:\/\/www.kblmachinery.com\/wp-content\/uploads\/2025\/11\/cropped-logo-1-1.png\",\"contentUrl\":\"https:\/\/www.kblmachinery.com\/wp-content\/uploads\/2025\/11\/cropped-logo-1-1.png\",\"width\":123,\"height\":136,\"caption\":\"Quanzhou Kimberly Machinery Manufacturing Co. Ltd\"},\"image\":{\"@id\":\"https:\/\/www.kblmachinery.com\/#\/schema\/logo\/image\/\"},\"sameAs\":[\"https:\/\/www.facebook.com\/KimberlyMachinery\"]}]}<\/script>\n<!-- \/ Yoast SEO plugin. -->","yoast_head_json":{"title":"Low Level-Block Palletzing Cuber - Kimberly Machinery","description":"china Low Level-Block Palletzing Cuber manufacturer provides auto concrete block machines, hydraulic press series block machines, concrete mixer, batching machine with wholesale price.","robots":{"index":"index","follow":"follow","max-snippet":"max-snippet:-1","max-image-preview":"max-image-preview:large","max-video-preview":"max-video-preview:-1"},"canonical":"https:\/\/www.kblmachinery.com\/es\/low-level-block-palletzing-cuber\/","og_locale":"es_ES","og_type":"article","og_title":"Low Level-Block Palletzing Cuber - Kimberly Machinery","og_description":"china Low Level-Block Palletzing Cuber manufacturer provides auto concrete block machines, hydraulic press series block machines, concrete mixer, batching machine with wholesale price.","og_url":"https:\/\/www.kblmachinery.com\/es\/low-level-block-palletzing-cuber\/","og_site_name":"Kimberly Machinery","article_publisher":"https:\/\/www.facebook.com\/KimberlyMachinery","article_modified_time":"2025-11-28T06:58:31+00:00","og_image":[{"width":800,"height":800,"url":"https:\/\/www.kblmachinery.com\/wp-content\/uploads\/2025\/11\/Low-Level-Block-Palletzing-Cuber-1.webp","type":"image\/webp"}],"twitter_card":"summary_large_image","twitter_misc":{"Tiempo de lectura":"2 minutos"},"schema":{"@context":"https:\/\/schema.org","@graph":[{"@type":"WebPage","@id":"https:\/\/www.kblmachinery.com\/low-level-block-palletzing-cuber\/","url":"https:\/\/www.kblmachinery.com\/low-level-block-palletzing-cuber\/","name":"Low Level-Block Palletzing Cuber - Kimberly Machinery","isPartOf":{"@id":"https:\/\/www.kblmachinery.com\/#website"},"primaryImageOfPage":{"@id":"https:\/\/www.kblmachinery.com\/low-level-block-palletzing-cuber\/#primaryimage"},"image":{"@id":"https:\/\/www.kblmachinery.com\/low-level-block-palletzing-cuber\/#primaryimage"},"thumbnailUrl":"https:\/\/www.kblmachinery.com\/wp-content\/uploads\/2025\/11\/Low-Level-Block-Palletzing-Cuber-1.webp","datePublished":"2024-08-18T01:33:00+00:00","dateModified":"2025-11-28T06:58:31+00:00","description":"china Low Level-Block Palletzing Cuber manufacturer provides auto concrete block machines, hydraulic press series block machines, concrete mixer, batching machine with wholesale price.","breadcrumb":{"@id":"https:\/\/www.kblmachinery.com\/low-level-block-palletzing-cuber\/#breadcrumb"},"inLanguage":"es","potentialAction":[{"@type":"ReadAction","target":["https:\/\/www.kblmachinery.com\/low-level-block-palletzing-cuber\/"]}]},{"@type":"ImageObject","inLanguage":"es","@id":"https:\/\/www.kblmachinery.com\/low-level-block-palletzing-cuber\/#primaryimage","url":"https:\/\/www.kblmachinery.com\/wp-content\/uploads\/2025\/11\/Low-Level-Block-Palletzing-Cuber-1.webp","contentUrl":"https:\/\/www.kblmachinery.com\/wp-content\/uploads\/2025\/11\/Low-Level-Block-Palletzing-Cuber-1.webp","width":800,"height":800,"caption":"Low Level-Block Palletzing Cuber (1)"},{"@type":"BreadcrumbList","@id":"https:\/\/www.kblmachinery.com\/low-level-block-palletzing-cuber\/#breadcrumb","itemListElement":[{"@type":"ListItem","position":1,"name":"Home","item":"https:\/\/www.kblmachinery.com\/"},{"@type":"ListItem","position":2,"name":"Low Level-Block Palletzing Cuber"}]},{"@type":"WebSite","@id":"https:\/\/www.kblmachinery.com\/#website","url":"https:\/\/www.kblmachinery.com\/","name":"Professional Brick\/Block Making Machine in China","description":"Block Machine Manufacturer - Kimberly Machinery","publisher":{"@id":"https:\/\/www.kblmachinery.com\/#organization"},"potentialAction":[{"@type":"SearchAction","target":{"@type":"EntryPoint","urlTemplate":"https:\/\/www.kblmachinery.com\/?s={search_term_string}"},"query-input":{"@type":"PropertyValueSpecification","valueRequired":true,"valueName":"search_term_string"}}],"inLanguage":"es"},{"@type":"Organization","@id":"https:\/\/www.kblmachinery.com\/#organization","name":"Quanzhou Kimberly Machinery Manufacturing Co. Ltd","url":"https:\/\/www.kblmachinery.com\/","logo":{"@type":"ImageObject","inLanguage":"es","@id":"https:\/\/www.kblmachinery.com\/#\/schema\/logo\/image\/","url":"https:\/\/www.kblmachinery.com\/wp-content\/uploads\/2025\/11\/cropped-logo-1-1.png","contentUrl":"https:\/\/www.kblmachinery.com\/wp-content\/uploads\/2025\/11\/cropped-logo-1-1.png","width":123,"height":136,"caption":"Quanzhou Kimberly Machinery Manufacturing Co. Ltd"},"image":{"@id":"https:\/\/www.kblmachinery.com\/#\/schema\/logo\/image\/"},"sameAs":["https:\/\/www.facebook.com\/KimberlyMachinery"]}]}},"_links":{"self":[{"href":"https:\/\/www.kblmachinery.com\/es\/wp-json\/wp\/v2\/product\/8288","targetHints":{"allow":["GET"]}}],"collection":[{"href":"https:\/\/www.kblmachinery.com\/es\/wp-json\/wp\/v2\/product"}],"about":[{"href":"https:\/\/www.kblmachinery.com\/es\/wp-json\/wp\/v2\/types\/product"}],"wp:featuredmedia":[{"embeddable":true,"href":"https:\/\/www.kblmachinery.com\/es\/wp-json\/wp\/v2\/media\/8289"}],"wp:attachment":[{"href":"https:\/\/www.kblmachinery.com\/es\/wp-json\/wp\/v2\/media?parent=8288"}],"wp:term":[{"taxonomy":"product_brand","embeddable":true,"href":"https:\/\/www.kblmachinery.com\/es\/wp-json\/wp\/v2\/product_brand?post=8288"},{"taxonomy":"product_cat","embeddable":true,"href":"https:\/\/www.kblmachinery.com\/es\/wp-json\/wp\/v2\/product_cat?post=8288"},{"taxonomy":"product_tag","embeddable":true,"href":"https:\/\/www.kblmachinery.com\/es\/wp-json\/wp\/v2\/product_tag?post=8288"}],"curies":[{"name":"wp","href":"https:\/\/api.w.org\/{rel}","templated":true}]}}