{"id":8294,"date":"2024-08-18T01:55:00","date_gmt":"2024-08-18T01:55:00","guid":{"rendered":"https:\/\/www.kblmachinery.com\/?post_type=product&#038;p=8294"},"modified":"2025-11-28T06:56:37","modified_gmt":"2025-11-28T06:56:37","slug":"high-level-block-palletzing-cuber","status":"publish","type":"product","link":"https:\/\/www.kblmachinery.com\/es\/high-level-block-palletzing-cuber\/","title":{"rendered":"Paletizadora de bloques de alto nivel"},"content":{"rendered":"<h2 data-start=\"106\" data-end=\"169\">Paletizador de bloques de alto nivel - Descripci\u00f3n general del producto<\/h2>\n<p data-start=\"171\" data-end=\"528\">La paletizadora de bloques de alto nivel de Kimberly Machinery est\u00e1 dise\u00f1ada para la paletizaci\u00f3n semiautom\u00e1tica de bloques acabados en seco en l\u00edneas de producci\u00f3n de bloques sencillas. Puede instalarse de forma independiente cerca de los patios de almacenamiento o conectarse en serie dentro de una <a class=\"decorated-link\" href=\"https:\/\/www.kblmachinery.com\/\" target=\"_new\" rel=\"noopener\" data-start=\"437\" data-end=\"500\">l\u00ednea de producci\u00f3n de bloques de hormig\u00f3n<\/a> para la paletizaci\u00f3n en l\u00ednea.<\/p>\n<p data-start=\"530\" data-end=\"1018\">Este avanzado sistema puede separar ladrillos de diferentes tipos y especificaciones, volver a montarlos y formar una pila cuadrada de hasta 1400 mm de altura. El paletizado cruzado garantiza una alineaci\u00f3n correcta, y los orificios para los ladrillos de horquilla se generan autom\u00e1ticamente en funci\u00f3n de los requisitos. Tras el paletizado, los bloques se transportan a trav\u00e9s de un pesado transportador de cadena para su enfardado manual o autom\u00e1tico. Cada nodo de la l\u00ednea de producci\u00f3n tiene una posici\u00f3n prealmacenada, lo que optimiza el tiempo de funcionamiento de la carretilla elevadora y la eficiencia general.<\/p>\n<p data-start=\"1020\" data-end=\"1465\">Equipada con control por PLC y pantalla t\u00e1ctil, inducci\u00f3n l\u00e1ser y sensores inteligentes, la cubadora permite un funcionamiento sin personal y totalmente automatizado. Tambi\u00e9n cuenta con visualizaci\u00f3n autom\u00e1tica de fallos y alarmas, control remoto y gesti\u00f3n de datos en la nube para la supervisi\u00f3n en tiempo real. El tiempo de ciclo es de aproximadamente 15 segundos por capa, produciendo unos 15.000 ladrillos est\u00e1ndar (200\u00d7100\u00d760 mm) por turno, maximizando la productividad con una mano de obra m\u00ednima.<\/p>\n<h2 data-start=\"1467\" data-end=\"1488\">Ventajas clave:<\/h2>\n<ul data-start=\"1489\" data-end=\"1752\">\n<li data-start=\"1489\" data-end=\"1544\">\n<p data-start=\"1491\" data-end=\"1544\">Funcionamiento en l\u00ednea semiautom\u00e1tico o totalmente integrado<\/p>\n<\/li>\n<li data-start=\"1545\" data-end=\"1601\">\n<p data-start=\"1547\" data-end=\"1601\">Alta precisi\u00f3n de paletizado y alineaci\u00f3n estable de los ladrillos<\/p>\n<\/li>\n<li data-start=\"1602\" data-end=\"1662\">\n<p data-start=\"1604\" data-end=\"1662\">Control por PLC y pantalla t\u00e1ctil con sensores inteligentes<\/p>\n<\/li>\n<li data-start=\"1663\" data-end=\"1707\">\n<p data-start=\"1665\" data-end=\"1707\">Supervisi\u00f3n remota y soporte de datos en la nube<\/p>\n<\/li>\n<li data-start=\"1708\" data-end=\"1752\">\n<p data-start=\"1710\" data-end=\"1752\">Ciclos r\u00e1pidos y gran capacidad de producci\u00f3n<\/p>\n<\/li>\n<\/ul>\n<h2>Especificaci\u00f3n<\/h2>\n<table class=\"tg\" style=\"border-collapse: collapse; border-spacing: 0; width: 1100px;\">\n<thead>\n<tr>\n<th style=\"font-family: Arial, sans-serif; font-size: 14px; font-weight: normal; overflow: hidden; padding: 10px 5px; text-align: left; vertical-align: top; word-break: normal; border: 1px solid black;\"><span style=\"font-weight: inherit; font-style: inherit;\">Altura de la m\u00e1quina<\/span><\/th>\n<th style=\"font-family: Arial, sans-serif; font-size: 14px; font-weight: normal; overflow: hidden; padding: 10px 5px; text-align: left; vertical-align: top; word-break: normal; border: 1px solid black;\"><span style=\"font-weight: inherit; font-style: inherit;\">5500 mm<\/span><\/th>\n<\/tr>\n<\/thead>\n<tbody>\n<tr>\n<td style=\"font-family: Arial, sans-serif; font-size: 14px; overflow: hidden; padding: 10px 5px; text-align: left; vertical-align: top; word-break: normal; border: 1px solid black;\"><span style=\"font-weight: inherit; font-style: inherit;\">Superficie de toda la m\u00e1quina<\/span><\/td>\n<td style=\"font-family: Arial, sans-serif; font-size: 14px; overflow: hidden; padding: 10px 5px; text-align: left; vertical-align: top; word-break: normal; border: 1px solid black;\"><span style=\"font-weight: inherit; font-style: inherit;\">19000*10000mm<\/span><\/td>\n<\/tr>\n<tr>\n<td style=\"font-family: Arial, sans-serif; font-size: 14px; overflow: hidden; padding: 10px 5px; text-align: left; vertical-align: top; word-break: normal; border: 1px solid black;\"><span style=\"font-weight: inherit; font-style: inherit;\">Peso<\/span><\/td>\n<td style=\"font-family: Arial, sans-serif; font-size: 14px; overflow: hidden; padding: 10px 5px; text-align: left; vertical-align: top; word-break: normal; border: 1px solid black;\"><span style=\"font-weight: inherit; font-style: inherit;\">20000KG<\/span><\/td>\n<\/tr>\n<tr>\n<td style=\"font-family: Arial, sans-serif; font-size: 14px; overflow: hidden; padding: 10px 5px; text-align: left; vertical-align: top; word-break: normal; border: 1px solid black;\"><span style=\"font-weight: inherit; font-style: inherit;\">Ajuste del tama\u00f1o del bloque<\/span><\/td>\n<td style=\"font-family: Arial, sans-serif; font-size: 14px; overflow: hidden; padding: 10px 5px; text-align: left; vertical-align: top; word-break: normal; border: 1px solid black;\"><span style=\"font-weight: inherit; font-style: inherit;\">1000*1000mm( 48 piezas\/capa, 936 piezas\/pila)<\/span><\/td>\n<\/tr>\n<tr>\n<td style=\"font-family: Arial, sans-serif; font-size: 14px; overflow: hidden; padding: 10px 5px; text-align: left; vertical-align: top; word-break: normal; border: 1px solid black;\"><span style=\"font-weight: inherit; font-style: inherit;\">Duraci\u00f3n del ciclo<\/span><\/td>\n<td style=\"font-family: Arial, sans-serif; font-size: 14px; overflow: hidden; padding: 10px 5px; text-align: left; vertical-align: top; word-break: normal; border: 1px solid black;\"><span style=\"font-weight: inherit; font-style: inherit;\">13-15s<\/span><\/td>\n<\/tr>\n<tr>\n<td style=\"font-family: Arial, sans-serif; font-size: 14px; overflow: hidden; padding: 10px 5px; text-align: left; vertical-align: top; word-break: normal; border: 1px solid black;\"><span style=\"font-weight: inherit; font-style: inherit;\">Altura m\u00e1xima de ajuste del bloque<\/span><\/td>\n<td style=\"font-family: Arial, sans-serif; font-size: 14px; overflow: hidden; padding: 10px 5px; text-align: left; vertical-align: top; word-break: normal; border: 1px solid black;\"><span style=\"font-weight: inherit; font-style: inherit;\">1400 mm<\/span><\/td>\n<\/tr>\n<\/tbody>\n<\/table>\n<h2 data-start=\"1759\" data-end=\"1793\">Acerca de Kimberly Machinery<\/h2>\n<p data-start=\"1795\" data-end=\"2429\">Kimberly Machinery es l\u00edder mundial en el suministro de\u00a0<a class=\"decorated-link\" href=\"https:\/\/www.kblmachinery.com\/concrete-block-making-machine\/?utm_source=chatgpt.com\" target=\"_new\" rel=\"noopener\" data-start=\"1924\" data-end=\"2016\">m\u00e1quina para fabricar bloques de hormig\u00f3n<\/a> soluciones. Con tecnolog\u00eda avanzada, estricto control de calidad y soporte post-venta profesional, Kimberly Machinery proporciona equipos duraderos, de alta eficiencia y automatizados para distribuidores, mayoristas y fabricantes de materiales de construcci\u00f3n en todo el mundo. Nuestros productos garantizan un rendimiento estable, alta productividad y operaciones que ahorran mano de obra para la producci\u00f3n moderna de bloques y procesos de paletizaci\u00f3n.<\/p>\n<p data-start=\"1795\" data-end=\"2429\"><iframe loading=\"lazy\" width=\"560\" height=\"315\" src=\"https:\/\/www.youtube.com\/embed\/UcLruNt_QUI?si=hSHIq3hlJoEpP0Sb\" title=\"Reproductor de v\u00eddeo YouTube\" frameborder=\"0\" allow=\"accelerometer; autoplay; clipboard-write; encrypted-media; gyroscope; picture-in-picture; web-share\" referrerpolicy=\"strict-origin-when-cross-origin\" allowfullscreen><\/iframe><\/p>","protected":false},"excerpt":{"rendered":"<ul>\n<li>Unidades de venta: Art\u00edculo individual<\/li>\n<li>Tama\u00f1o del envase individual:60X50X50 cm<\/li>\n<li>Peso bruto individual:68.000 kg<\/li>\n<\/ul>","protected":false},"featured_media":8295,"template":"","meta":[],"product_brand":[],"product_cat":[772],"product_tag":[],"class_list":{"0":"post-8294","1":"product","2":"type-product","3":"status-publish","4":"has-post-thumbnail","6":"product_cat-block-palletizer","8":"first","9":"instock","10":"shipping-taxable","11":"product-type-simple"},"yoast_head":"<!-- This site is optimized with the Yoast SEO plugin v24.4 - https:\/\/yoast.com\/wordpress\/plugins\/seo\/ -->\n<title>High Level-Block Palletizing Cuber Supplier | Kimberly Machinery<\/title>\n<meta name=\"description\" content=\"Semi-automatic high-level block palletizing cuber for fast, accurate stacking. Integrates with concrete block production lines, high output, PLC-controlled.\" \/>\n<meta name=\"robots\" content=\"index, follow, max-snippet:-1, max-image-preview:large, max-video-preview:-1\" \/>\n<link rel=\"canonical\" href=\"https:\/\/www.kblmachinery.com\/es\/high-level-block-palletzing-cuber\/\" \/>\n<meta property=\"og:locale\" content=\"es_ES\" \/>\n<meta property=\"og:type\" content=\"article\" \/>\n<meta property=\"og:title\" content=\"High Level-Block Palletizing Cuber Supplier | Kimberly Machinery\" \/>\n<meta property=\"og:description\" content=\"Semi-automatic high-level block palletizing cuber for fast, accurate stacking. Integrates with concrete block production lines, high output, PLC-controlled.\" \/>\n<meta property=\"og:url\" content=\"https:\/\/www.kblmachinery.com\/es\/high-level-block-palletzing-cuber\/\" \/>\n<meta property=\"og:site_name\" content=\"Kimberly Machinery\" \/>\n<meta property=\"article:publisher\" content=\"https:\/\/www.facebook.com\/KimberlyMachinery\" \/>\n<meta property=\"article:modified_time\" content=\"2025-11-28T06:56:37+00:00\" \/>\n<meta property=\"og:image\" content=\"https:\/\/www.kblmachinery.com\/wp-content\/uploads\/2025\/11\/High-Level-Block-Palletzing-Cuber-1.webp\" \/>\n\t<meta property=\"og:image:width\" content=\"800\" \/>\n\t<meta property=\"og:image:height\" content=\"800\" \/>\n\t<meta property=\"og:image:type\" content=\"image\/webp\" \/>\n<meta name=\"twitter:card\" content=\"summary_large_image\" \/>\n<meta name=\"twitter:label1\" content=\"Tiempo de lectura\" \/>\n\t<meta name=\"twitter:data1\" content=\"2 minutos\" \/>\n<script type=\"application\/ld+json\" class=\"yoast-schema-graph\">{\"@context\":\"https:\/\/schema.org\",\"@graph\":[{\"@type\":\"WebPage\",\"@id\":\"https:\/\/www.kblmachinery.com\/high-level-block-palletzing-cuber\/\",\"url\":\"https:\/\/www.kblmachinery.com\/high-level-block-palletzing-cuber\/\",\"name\":\"High Level-Block Palletizing Cuber Supplier | Kimberly Machinery\",\"isPartOf\":{\"@id\":\"https:\/\/www.kblmachinery.com\/#website\"},\"primaryImageOfPage\":{\"@id\":\"https:\/\/www.kblmachinery.com\/high-level-block-palletzing-cuber\/#primaryimage\"},\"image\":{\"@id\":\"https:\/\/www.kblmachinery.com\/high-level-block-palletzing-cuber\/#primaryimage\"},\"thumbnailUrl\":\"https:\/\/www.kblmachinery.com\/wp-content\/uploads\/2025\/11\/High-Level-Block-Palletzing-Cuber-1.webp\",\"datePublished\":\"2024-08-18T01:55:00+00:00\",\"dateModified\":\"2025-11-28T06:56:37+00:00\",\"description\":\"Semi-automatic high-level block palletizing cuber for fast, accurate stacking. Integrates with concrete block production lines, high output, PLC-controlled.\",\"breadcrumb\":{\"@id\":\"https:\/\/www.kblmachinery.com\/high-level-block-palletzing-cuber\/#breadcrumb\"},\"inLanguage\":\"es\",\"potentialAction\":[{\"@type\":\"ReadAction\",\"target\":[\"https:\/\/www.kblmachinery.com\/high-level-block-palletzing-cuber\/\"]}]},{\"@type\":\"ImageObject\",\"inLanguage\":\"es\",\"@id\":\"https:\/\/www.kblmachinery.com\/high-level-block-palletzing-cuber\/#primaryimage\",\"url\":\"https:\/\/www.kblmachinery.com\/wp-content\/uploads\/2025\/11\/High-Level-Block-Palletzing-Cuber-1.webp\",\"contentUrl\":\"https:\/\/www.kblmachinery.com\/wp-content\/uploads\/2025\/11\/High-Level-Block-Palletzing-Cuber-1.webp\",\"width\":800,\"height\":800,\"caption\":\"High Level-Block Palletzing Cuber\"},{\"@type\":\"BreadcrumbList\",\"@id\":\"https:\/\/www.kblmachinery.com\/high-level-block-palletzing-cuber\/#breadcrumb\",\"itemListElement\":[{\"@type\":\"ListItem\",\"position\":1,\"name\":\"Home\",\"item\":\"https:\/\/www.kblmachinery.com\/\"},{\"@type\":\"ListItem\",\"position\":2,\"name\":\"High Level-Block Palletzing Cuber\"}]},{\"@type\":\"WebSite\",\"@id\":\"https:\/\/www.kblmachinery.com\/#website\",\"url\":\"https:\/\/www.kblmachinery.com\/\",\"name\":\"Professional Brick\/Block Making Machine in China\",\"description\":\"Block Machine Manufacturer - Kimberly Machinery\",\"publisher\":{\"@id\":\"https:\/\/www.kblmachinery.com\/#organization\"},\"potentialAction\":[{\"@type\":\"SearchAction\",\"target\":{\"@type\":\"EntryPoint\",\"urlTemplate\":\"https:\/\/www.kblmachinery.com\/?s={search_term_string}\"},\"query-input\":{\"@type\":\"PropertyValueSpecification\",\"valueRequired\":true,\"valueName\":\"search_term_string\"}}],\"inLanguage\":\"es\"},{\"@type\":\"Organization\",\"@id\":\"https:\/\/www.kblmachinery.com\/#organization\",\"name\":\"Quanzhou Kimberly Machinery Manufacturing Co. Ltd\",\"url\":\"https:\/\/www.kblmachinery.com\/\",\"logo\":{\"@type\":\"ImageObject\",\"inLanguage\":\"es\",\"@id\":\"https:\/\/www.kblmachinery.com\/#\/schema\/logo\/image\/\",\"url\":\"https:\/\/www.kblmachinery.com\/wp-content\/uploads\/2025\/11\/cropped-logo-1-1.png\",\"contentUrl\":\"https:\/\/www.kblmachinery.com\/wp-content\/uploads\/2025\/11\/cropped-logo-1-1.png\",\"width\":123,\"height\":136,\"caption\":\"Quanzhou Kimberly Machinery Manufacturing Co. Ltd\"},\"image\":{\"@id\":\"https:\/\/www.kblmachinery.com\/#\/schema\/logo\/image\/\"},\"sameAs\":[\"https:\/\/www.facebook.com\/KimberlyMachinery\"]}]}<\/script>\n<!-- \/ Yoast SEO plugin. -->","yoast_head_json":{"title":"High Level-Block Palletizing Cuber Supplier | Kimberly Machinery","description":"Semi-automatic high-level block palletizing cuber for fast, accurate stacking. Integrates with concrete block production lines, high output, PLC-controlled.","robots":{"index":"index","follow":"follow","max-snippet":"max-snippet:-1","max-image-preview":"max-image-preview:large","max-video-preview":"max-video-preview:-1"},"canonical":"https:\/\/www.kblmachinery.com\/es\/high-level-block-palletzing-cuber\/","og_locale":"es_ES","og_type":"article","og_title":"High Level-Block Palletizing Cuber Supplier | Kimberly Machinery","og_description":"Semi-automatic high-level block palletizing cuber for fast, accurate stacking. Integrates with concrete block production lines, high output, PLC-controlled.","og_url":"https:\/\/www.kblmachinery.com\/es\/high-level-block-palletzing-cuber\/","og_site_name":"Kimberly Machinery","article_publisher":"https:\/\/www.facebook.com\/KimberlyMachinery","article_modified_time":"2025-11-28T06:56:37+00:00","og_image":[{"width":800,"height":800,"url":"https:\/\/www.kblmachinery.com\/wp-content\/uploads\/2025\/11\/High-Level-Block-Palletzing-Cuber-1.webp","type":"image\/webp"}],"twitter_card":"summary_large_image","twitter_misc":{"Tiempo de lectura":"2 minutos"},"schema":{"@context":"https:\/\/schema.org","@graph":[{"@type":"WebPage","@id":"https:\/\/www.kblmachinery.com\/high-level-block-palletzing-cuber\/","url":"https:\/\/www.kblmachinery.com\/high-level-block-palletzing-cuber\/","name":"High Level-Block Palletizing Cuber Supplier | Kimberly Machinery","isPartOf":{"@id":"https:\/\/www.kblmachinery.com\/#website"},"primaryImageOfPage":{"@id":"https:\/\/www.kblmachinery.com\/high-level-block-palletzing-cuber\/#primaryimage"},"image":{"@id":"https:\/\/www.kblmachinery.com\/high-level-block-palletzing-cuber\/#primaryimage"},"thumbnailUrl":"https:\/\/www.kblmachinery.com\/wp-content\/uploads\/2025\/11\/High-Level-Block-Palletzing-Cuber-1.webp","datePublished":"2024-08-18T01:55:00+00:00","dateModified":"2025-11-28T06:56:37+00:00","description":"Semi-automatic high-level block palletizing cuber for fast, accurate stacking. Integrates with concrete block production lines, high output, PLC-controlled.","breadcrumb":{"@id":"https:\/\/www.kblmachinery.com\/high-level-block-palletzing-cuber\/#breadcrumb"},"inLanguage":"es","potentialAction":[{"@type":"ReadAction","target":["https:\/\/www.kblmachinery.com\/high-level-block-palletzing-cuber\/"]}]},{"@type":"ImageObject","inLanguage":"es","@id":"https:\/\/www.kblmachinery.com\/high-level-block-palletzing-cuber\/#primaryimage","url":"https:\/\/www.kblmachinery.com\/wp-content\/uploads\/2025\/11\/High-Level-Block-Palletzing-Cuber-1.webp","contentUrl":"https:\/\/www.kblmachinery.com\/wp-content\/uploads\/2025\/11\/High-Level-Block-Palletzing-Cuber-1.webp","width":800,"height":800,"caption":"High Level-Block Palletzing Cuber"},{"@type":"BreadcrumbList","@id":"https:\/\/www.kblmachinery.com\/high-level-block-palletzing-cuber\/#breadcrumb","itemListElement":[{"@type":"ListItem","position":1,"name":"Home","item":"https:\/\/www.kblmachinery.com\/"},{"@type":"ListItem","position":2,"name":"High Level-Block Palletzing Cuber"}]},{"@type":"WebSite","@id":"https:\/\/www.kblmachinery.com\/#website","url":"https:\/\/www.kblmachinery.com\/","name":"Professional Brick\/Block Making Machine in China","description":"Block Machine Manufacturer - Kimberly Machinery","publisher":{"@id":"https:\/\/www.kblmachinery.com\/#organization"},"potentialAction":[{"@type":"SearchAction","target":{"@type":"EntryPoint","urlTemplate":"https:\/\/www.kblmachinery.com\/?s={search_term_string}"},"query-input":{"@type":"PropertyValueSpecification","valueRequired":true,"valueName":"search_term_string"}}],"inLanguage":"es"},{"@type":"Organization","@id":"https:\/\/www.kblmachinery.com\/#organization","name":"Quanzhou Kimberly Machinery Manufacturing Co. Ltd","url":"https:\/\/www.kblmachinery.com\/","logo":{"@type":"ImageObject","inLanguage":"es","@id":"https:\/\/www.kblmachinery.com\/#\/schema\/logo\/image\/","url":"https:\/\/www.kblmachinery.com\/wp-content\/uploads\/2025\/11\/cropped-logo-1-1.png","contentUrl":"https:\/\/www.kblmachinery.com\/wp-content\/uploads\/2025\/11\/cropped-logo-1-1.png","width":123,"height":136,"caption":"Quanzhou Kimberly Machinery Manufacturing Co. Ltd"},"image":{"@id":"https:\/\/www.kblmachinery.com\/#\/schema\/logo\/image\/"},"sameAs":["https:\/\/www.facebook.com\/KimberlyMachinery"]}]}},"_links":{"self":[{"href":"https:\/\/www.kblmachinery.com\/es\/wp-json\/wp\/v2\/product\/8294","targetHints":{"allow":["GET"]}}],"collection":[{"href":"https:\/\/www.kblmachinery.com\/es\/wp-json\/wp\/v2\/product"}],"about":[{"href":"https:\/\/www.kblmachinery.com\/es\/wp-json\/wp\/v2\/types\/product"}],"wp:featuredmedia":[{"embeddable":true,"href":"https:\/\/www.kblmachinery.com\/es\/wp-json\/wp\/v2\/media\/8295"}],"wp:attachment":[{"href":"https:\/\/www.kblmachinery.com\/es\/wp-json\/wp\/v2\/media?parent=8294"}],"wp:term":[{"taxonomy":"product_brand","embeddable":true,"href":"https:\/\/www.kblmachinery.com\/es\/wp-json\/wp\/v2\/product_brand?post=8294"},{"taxonomy":"product_cat","embeddable":true,"href":"https:\/\/www.kblmachinery.com\/es\/wp-json\/wp\/v2\/product_cat?post=8294"},{"taxonomy":"product_tag","embeddable":true,"href":"https:\/\/www.kblmachinery.com\/es\/wp-json\/wp\/v2\/product_tag?post=8294"}],"curies":[{"name":"wp","href":"https:\/\/api.w.org\/{rel}","templated":true}]}}