{"id":8299,"date":"2024-08-30T02:11:00","date_gmt":"2024-08-30T02:11:00","guid":{"rendered":"https:\/\/www.kblmachinery.com\/?post_type=product&#038;p=8299"},"modified":"2025-11-28T06:39:15","modified_gmt":"2025-11-28T06:39:15","slug":"xx200-hydralic-pressing-machine","status":"publish","type":"product","link":"https:\/\/www.kblmachinery.com\/es\/xx200-hydralic-pressing-machine\/","title":{"rendered":"Prensadora hidr\u00e1ulica XX200"},"content":{"rendered":"<h2>Hydraulic Pressing Machine Overview<\/h2>\n<table class=\"tg\" style=\"border-collapse: collapse; border-spacing: 0;\">\n<thead>\n<tr>\n<th style=\"font-family: Arial, sans-serif; font-size: 14px; font-weight: normal; overflow: hidden; padding: 10px 5px; text-align: left; vertical-align: top; word-break: normal; border: 1px solid black;\">Type<\/th>\n<th style=\"font-family: Arial, sans-serif; font-size: 14px; font-weight: normal; overflow: hidden; padding: 10px 5px; text-align: left; vertical-align: top; word-break: normal; border: 1px solid black;\">Hollow block making machine, paving block Making machine, interlock block making machine,curbstone block machine<\/th>\n<\/tr>\n<\/thead>\n<tbody>\n<tr>\n<td style=\"font-family: Arial, sans-serif; font-size: 14px; overflow: hidden; padding: 10px 5px; text-align: left; vertical-align: top; word-break: normal; border: 1px solid black;\">Brick raw material<\/td>\n<td style=\"font-family: Arial, sans-serif; font-size: 14px; overflow: hidden; padding: 10px 5px; text-align: left; vertical-align: top; word-break: normal; border: 1px solid black;\">Fly ash<\/td>\n<\/tr>\n<tr>\n<td style=\"font-family: Arial, sans-serif; font-size: 14px; overflow: hidden; padding: 10px 5px; text-align: left; vertical-align: top; word-break: normal; border: 1px solid black;\">Production capacity (Pieces\/8 hours)<\/td>\n<td style=\"font-family: Arial, sans-serif; font-size: 14px; overflow: hidden; padding: 10px 5px; text-align: left; vertical-align: top; word-break: normal; border: 1px solid black;\">36000pcs\/8hours for solid blocks 240*115*51mm<\/td>\n<\/tr>\n<tr>\n<td style=\"font-family: Arial, sans-serif; font-size: 14px; overflow: hidden; padding: 10px 5px; text-align: left; vertical-align: top; word-break: normal; border: 1px solid black;\">Brick size<\/td>\n<td style=\"font-family: Arial, sans-serif; font-size: 14px; overflow: hidden; padding: 10px 5px; text-align: left; vertical-align: top; word-break: normal; border: 1px solid black;\">400*100*200 mm, 400*120*200 mm, 200*100*60 mm, 300*150*100 mm, 400*150*200 mm, 240*115*90 mm, 200*200*60 mm, 150*150*100 mm, 400*200*200 mm, 230*220*115 mm<\/td>\n<\/tr>\n<\/tbody>\n<\/table>\n<p>This machine uses pure hydraulic pressure but not vibration to make bricks. So the bearing pressure of bricks made by it are higher than those made by vibration block machine. It means, the bricks made by it are more durable. If there are more fly ash and other powdery materials in the raw materials, this static hydraulic press block machine is more suitable.<\/p>\n<p><img loading=\"lazy\" decoding=\"async\" class=\"size-full wp-image-8306 aligncenter\" src=\"https:\/\/www.kblmachinery.com\/wp-content\/uploads\/2025\/11\/XX1000-Hydralic-Pressing-Machine.webp\" alt=\"M\u00e1quina de prensado hidr\u00e1ulico XX1000\" width=\"800\" height=\"800\" srcset=\"https:\/\/www.kblmachinery.com\/wp-content\/uploads\/2025\/11\/XX1000-Hydralic-Pressing-Machine.webp 800w, https:\/\/www.kblmachinery.com\/wp-content\/uploads\/2025\/11\/XX1000-Hydralic-Pressing-Machine-100x100.webp 100w, https:\/\/www.kblmachinery.com\/wp-content\/uploads\/2025\/11\/XX1000-Hydralic-Pressing-Machine-600x600.webp 600w\" sizes=\"auto, (max-width: 800px) 100vw, 800px\" \/> <img loading=\"lazy\" decoding=\"async\" class=\"size-full wp-image-8304 aligncenter\" src=\"https:\/\/www.kblmachinery.com\/wp-content\/uploads\/2025\/11\/XX600-Hydralic-Pressing-Machine.webp\" alt=\"XX600 M\u00e1quina de prensado hidr\u00e1ulico\" width=\"800\" height=\"800\" srcset=\"https:\/\/www.kblmachinery.com\/wp-content\/uploads\/2025\/11\/XX600-Hydralic-Pressing-Machine.webp 800w, https:\/\/www.kblmachinery.com\/wp-content\/uploads\/2025\/11\/XX600-Hydralic-Pressing-Machine-100x100.webp 100w, https:\/\/www.kblmachinery.com\/wp-content\/uploads\/2025\/11\/XX600-Hydralic-Pressing-Machine-600x600.webp 600w\" sizes=\"auto, (max-width: 800px) 100vw, 800px\" \/><\/p>\n<h2 data-start=\"98\" data-end=\"128\"><strong data-start=\"98\" data-end=\"126\">Acerca de Kimberly Machinery<\/strong><\/h2>\n<p data-start=\"130\" data-end=\"559\">Kimberly Machinery is a trusted global supplier of advanced block production equipment. As a leading manufacturer, we provide high-quality machines designed for durability, efficiency, and automation. Our solutions help clients build a complete <strong data-start=\"375\" data-end=\"442\"><a class=\"decorated-link\" href=\"https:\/\/www.kblmachinery.com\/\" target=\"_new\" rel=\"noopener\" data-start=\"377\" data-end=\"440\">l\u00ednea de producci\u00f3n de bloques de hormig\u00f3n<\/a><\/strong>, capable of producing hollow blocks, solid bricks, paving stones, and interlocking bricks with consistent quality.<\/p>\n<p data-start=\"561\" data-end=\"838\">With years of industry experience, Kimberly Machinery focuses on precision engineering, reliable performance, and professional after-sales support, ensuring every production line meets the needs of distributors, wholesalers, and construction material manufacturers worldwide.<\/p>\n<p data-start=\"561\" data-end=\"838\"><iframe loading=\"lazy\" title=\"Reproductor de v\u00eddeo YouTube\" src=\"https:\/\/www.youtube.com\/embed\/61XXHpz58Ns?si=PmA06EJmnNaS9Akz\" width=\"560\" height=\"315\" frameborder=\"0\" allowfullscreen=\"allowfullscreen\"><\/iframe><\/p>","protected":false},"excerpt":{"rendered":"<ul>\n<li>Processing:Brick Molding Machine<\/li>\n<li>Place of Origin:Fujian, China<\/li>\n<li>Warranty:1 Year<\/li>\n<\/ul>","protected":false},"featured_media":8300,"template":"","meta":[],"product_brand":[],"product_cat":[775,776],"product_tag":[],"class_list":{"0":"post-8299","1":"product","2":"type-product","3":"status-publish","4":"has-post-thumbnail","6":"product_cat-concrete-block-making-machine","7":"product_cat-muted-type-hydralic-pressing-machine","9":"first","10":"instock","11":"shipping-taxable","12":"product-type-simple"},"yoast_head":"<!-- This site is optimized with the Yoast SEO plugin v24.4 - https:\/\/yoast.com\/wordpress\/plugins\/seo\/ -->\n<title>Hydraulic Pressing Machine Supplier &amp; Manufacturer - Kimberly Machinery<\/title>\n<meta name=\"description\" content=\"High-efficiency hydraulic pressing machine for concrete block production, durable and energy-saving. Ideal for distributors, wholesalers, and construction projects.\" \/>\n<meta name=\"robots\" content=\"index, follow, max-snippet:-1, max-image-preview:large, max-video-preview:-1\" \/>\n<link rel=\"canonical\" href=\"https:\/\/www.kblmachinery.com\/es\/xx200-hydralic-pressing-machine\/\" \/>\n<meta property=\"og:locale\" content=\"es_ES\" \/>\n<meta property=\"og:type\" content=\"article\" \/>\n<meta property=\"og:title\" content=\"Hydraulic Pressing Machine Supplier &amp; Manufacturer - Kimberly Machinery\" \/>\n<meta property=\"og:description\" content=\"High-efficiency hydraulic pressing machine for concrete block production, durable and energy-saving. Ideal for distributors, wholesalers, and construction projects.\" \/>\n<meta property=\"og:url\" content=\"https:\/\/www.kblmachinery.com\/es\/xx200-hydralic-pressing-machine\/\" \/>\n<meta property=\"og:site_name\" content=\"Kimberly Machinery\" \/>\n<meta property=\"article:publisher\" content=\"https:\/\/www.facebook.com\/KimberlyMachinery\" \/>\n<meta property=\"article:modified_time\" content=\"2025-11-28T06:39:15+00:00\" \/>\n<meta property=\"og:image\" content=\"https:\/\/www.kblmachinery.com\/wp-content\/uploads\/2025\/11\/XX200-Hydralic-Pressing-Machine.webp\" \/>\n\t<meta property=\"og:image:width\" content=\"800\" \/>\n\t<meta property=\"og:image:height\" content=\"800\" \/>\n\t<meta property=\"og:image:type\" content=\"image\/webp\" \/>\n<meta name=\"twitter:card\" content=\"summary_large_image\" \/>\n<meta name=\"twitter:label1\" content=\"Tiempo de lectura\" \/>\n\t<meta name=\"twitter:data1\" content=\"2 minutos\" \/>\n<script type=\"application\/ld+json\" class=\"yoast-schema-graph\">{\"@context\":\"https:\/\/schema.org\",\"@graph\":[{\"@type\":\"WebPage\",\"@id\":\"https:\/\/www.kblmachinery.com\/xx200-hydralic-pressing-machine\/\",\"url\":\"https:\/\/www.kblmachinery.com\/xx200-hydralic-pressing-machine\/\",\"name\":\"Hydraulic Pressing Machine Supplier & Manufacturer - Kimberly Machinery\",\"isPartOf\":{\"@id\":\"https:\/\/www.kblmachinery.com\/#website\"},\"primaryImageOfPage\":{\"@id\":\"https:\/\/www.kblmachinery.com\/xx200-hydralic-pressing-machine\/#primaryimage\"},\"image\":{\"@id\":\"https:\/\/www.kblmachinery.com\/xx200-hydralic-pressing-machine\/#primaryimage\"},\"thumbnailUrl\":\"https:\/\/www.kblmachinery.com\/wp-content\/uploads\/2025\/11\/XX200-Hydralic-Pressing-Machine.webp\",\"datePublished\":\"2024-08-30T02:11:00+00:00\",\"dateModified\":\"2025-11-28T06:39:15+00:00\",\"description\":\"High-efficiency hydraulic pressing machine for concrete block production, durable and energy-saving. Ideal for distributors, wholesalers, and construction projects.\",\"breadcrumb\":{\"@id\":\"https:\/\/www.kblmachinery.com\/xx200-hydralic-pressing-machine\/#breadcrumb\"},\"inLanguage\":\"es\",\"potentialAction\":[{\"@type\":\"ReadAction\",\"target\":[\"https:\/\/www.kblmachinery.com\/xx200-hydralic-pressing-machine\/\"]}]},{\"@type\":\"ImageObject\",\"inLanguage\":\"es\",\"@id\":\"https:\/\/www.kblmachinery.com\/xx200-hydralic-pressing-machine\/#primaryimage\",\"url\":\"https:\/\/www.kblmachinery.com\/wp-content\/uploads\/2025\/11\/XX200-Hydralic-Pressing-Machine.webp\",\"contentUrl\":\"https:\/\/www.kblmachinery.com\/wp-content\/uploads\/2025\/11\/XX200-Hydralic-Pressing-Machine.webp\",\"width\":800,\"height\":800,\"caption\":\"Hydralic Pressing Machine\"},{\"@type\":\"BreadcrumbList\",\"@id\":\"https:\/\/www.kblmachinery.com\/xx200-hydralic-pressing-machine\/#breadcrumb\",\"itemListElement\":[{\"@type\":\"ListItem\",\"position\":1,\"name\":\"Home\",\"item\":\"https:\/\/www.kblmachinery.com\/\"},{\"@type\":\"ListItem\",\"position\":2,\"name\":\"XX200 Hydraulic Pressing Machine\"}]},{\"@type\":\"WebSite\",\"@id\":\"https:\/\/www.kblmachinery.com\/#website\",\"url\":\"https:\/\/www.kblmachinery.com\/\",\"name\":\"Professional Brick\/Block Making Machine in China\",\"description\":\"Block Machine Manufacturer - Kimberly Machinery\",\"publisher\":{\"@id\":\"https:\/\/www.kblmachinery.com\/#organization\"},\"potentialAction\":[{\"@type\":\"SearchAction\",\"target\":{\"@type\":\"EntryPoint\",\"urlTemplate\":\"https:\/\/www.kblmachinery.com\/?s={search_term_string}\"},\"query-input\":{\"@type\":\"PropertyValueSpecification\",\"valueRequired\":true,\"valueName\":\"search_term_string\"}}],\"inLanguage\":\"es\"},{\"@type\":\"Organization\",\"@id\":\"https:\/\/www.kblmachinery.com\/#organization\",\"name\":\"Quanzhou Kimberly Machinery Manufacturing Co. Ltd\",\"url\":\"https:\/\/www.kblmachinery.com\/\",\"logo\":{\"@type\":\"ImageObject\",\"inLanguage\":\"es\",\"@id\":\"https:\/\/www.kblmachinery.com\/#\/schema\/logo\/image\/\",\"url\":\"https:\/\/www.kblmachinery.com\/wp-content\/uploads\/2025\/11\/cropped-logo-1-1.png\",\"contentUrl\":\"https:\/\/www.kblmachinery.com\/wp-content\/uploads\/2025\/11\/cropped-logo-1-1.png\",\"width\":123,\"height\":136,\"caption\":\"Quanzhou Kimberly Machinery Manufacturing Co. Ltd\"},\"image\":{\"@id\":\"https:\/\/www.kblmachinery.com\/#\/schema\/logo\/image\/\"},\"sameAs\":[\"https:\/\/www.facebook.com\/KimberlyMachinery\"]}]}<\/script>\n<!-- \/ Yoast SEO plugin. -->","yoast_head_json":{"title":"Hydraulic Pressing Machine Supplier & Manufacturer - Kimberly Machinery","description":"High-efficiency hydraulic pressing machine for concrete block production, durable and energy-saving. Ideal for distributors, wholesalers, and construction projects.","robots":{"index":"index","follow":"follow","max-snippet":"max-snippet:-1","max-image-preview":"max-image-preview:large","max-video-preview":"max-video-preview:-1"},"canonical":"https:\/\/www.kblmachinery.com\/es\/xx200-hydralic-pressing-machine\/","og_locale":"es_ES","og_type":"article","og_title":"Hydraulic Pressing Machine Supplier & Manufacturer - Kimberly Machinery","og_description":"High-efficiency hydraulic pressing machine for concrete block production, durable and energy-saving. Ideal for distributors, wholesalers, and construction projects.","og_url":"https:\/\/www.kblmachinery.com\/es\/xx200-hydralic-pressing-machine\/","og_site_name":"Kimberly Machinery","article_publisher":"https:\/\/www.facebook.com\/KimberlyMachinery","article_modified_time":"2025-11-28T06:39:15+00:00","og_image":[{"width":800,"height":800,"url":"https:\/\/www.kblmachinery.com\/wp-content\/uploads\/2025\/11\/XX200-Hydralic-Pressing-Machine.webp","type":"image\/webp"}],"twitter_card":"summary_large_image","twitter_misc":{"Tiempo de lectura":"2 minutos"},"schema":{"@context":"https:\/\/schema.org","@graph":[{"@type":"WebPage","@id":"https:\/\/www.kblmachinery.com\/xx200-hydralic-pressing-machine\/","url":"https:\/\/www.kblmachinery.com\/xx200-hydralic-pressing-machine\/","name":"Hydraulic Pressing Machine Supplier & Manufacturer - Kimberly Machinery","isPartOf":{"@id":"https:\/\/www.kblmachinery.com\/#website"},"primaryImageOfPage":{"@id":"https:\/\/www.kblmachinery.com\/xx200-hydralic-pressing-machine\/#primaryimage"},"image":{"@id":"https:\/\/www.kblmachinery.com\/xx200-hydralic-pressing-machine\/#primaryimage"},"thumbnailUrl":"https:\/\/www.kblmachinery.com\/wp-content\/uploads\/2025\/11\/XX200-Hydralic-Pressing-Machine.webp","datePublished":"2024-08-30T02:11:00+00:00","dateModified":"2025-11-28T06:39:15+00:00","description":"High-efficiency hydraulic pressing machine for concrete block production, durable and energy-saving. Ideal for distributors, wholesalers, and construction projects.","breadcrumb":{"@id":"https:\/\/www.kblmachinery.com\/xx200-hydralic-pressing-machine\/#breadcrumb"},"inLanguage":"es","potentialAction":[{"@type":"ReadAction","target":["https:\/\/www.kblmachinery.com\/xx200-hydralic-pressing-machine\/"]}]},{"@type":"ImageObject","inLanguage":"es","@id":"https:\/\/www.kblmachinery.com\/xx200-hydralic-pressing-machine\/#primaryimage","url":"https:\/\/www.kblmachinery.com\/wp-content\/uploads\/2025\/11\/XX200-Hydralic-Pressing-Machine.webp","contentUrl":"https:\/\/www.kblmachinery.com\/wp-content\/uploads\/2025\/11\/XX200-Hydralic-Pressing-Machine.webp","width":800,"height":800,"caption":"Hydralic Pressing Machine"},{"@type":"BreadcrumbList","@id":"https:\/\/www.kblmachinery.com\/xx200-hydralic-pressing-machine\/#breadcrumb","itemListElement":[{"@type":"ListItem","position":1,"name":"Home","item":"https:\/\/www.kblmachinery.com\/"},{"@type":"ListItem","position":2,"name":"XX200 Hydraulic Pressing Machine"}]},{"@type":"WebSite","@id":"https:\/\/www.kblmachinery.com\/#website","url":"https:\/\/www.kblmachinery.com\/","name":"Professional Brick\/Block Making Machine in China","description":"Block Machine Manufacturer - Kimberly Machinery","publisher":{"@id":"https:\/\/www.kblmachinery.com\/#organization"},"potentialAction":[{"@type":"SearchAction","target":{"@type":"EntryPoint","urlTemplate":"https:\/\/www.kblmachinery.com\/?s={search_term_string}"},"query-input":{"@type":"PropertyValueSpecification","valueRequired":true,"valueName":"search_term_string"}}],"inLanguage":"es"},{"@type":"Organization","@id":"https:\/\/www.kblmachinery.com\/#organization","name":"Quanzhou Kimberly Machinery Manufacturing Co. Ltd","url":"https:\/\/www.kblmachinery.com\/","logo":{"@type":"ImageObject","inLanguage":"es","@id":"https:\/\/www.kblmachinery.com\/#\/schema\/logo\/image\/","url":"https:\/\/www.kblmachinery.com\/wp-content\/uploads\/2025\/11\/cropped-logo-1-1.png","contentUrl":"https:\/\/www.kblmachinery.com\/wp-content\/uploads\/2025\/11\/cropped-logo-1-1.png","width":123,"height":136,"caption":"Quanzhou Kimberly Machinery Manufacturing Co. Ltd"},"image":{"@id":"https:\/\/www.kblmachinery.com\/#\/schema\/logo\/image\/"},"sameAs":["https:\/\/www.facebook.com\/KimberlyMachinery"]}]}},"_links":{"self":[{"href":"https:\/\/www.kblmachinery.com\/es\/wp-json\/wp\/v2\/product\/8299","targetHints":{"allow":["GET"]}}],"collection":[{"href":"https:\/\/www.kblmachinery.com\/es\/wp-json\/wp\/v2\/product"}],"about":[{"href":"https:\/\/www.kblmachinery.com\/es\/wp-json\/wp\/v2\/types\/product"}],"wp:featuredmedia":[{"embeddable":true,"href":"https:\/\/www.kblmachinery.com\/es\/wp-json\/wp\/v2\/media\/8300"}],"wp:attachment":[{"href":"https:\/\/www.kblmachinery.com\/es\/wp-json\/wp\/v2\/media?parent=8299"}],"wp:term":[{"taxonomy":"product_brand","embeddable":true,"href":"https:\/\/www.kblmachinery.com\/es\/wp-json\/wp\/v2\/product_brand?post=8299"},{"taxonomy":"product_cat","embeddable":true,"href":"https:\/\/www.kblmachinery.com\/es\/wp-json\/wp\/v2\/product_cat?post=8299"},{"taxonomy":"product_tag","embeddable":true,"href":"https:\/\/www.kblmachinery.com\/es\/wp-json\/wp\/v2\/product_tag?post=8299"}],"curies":[{"name":"wp","href":"https:\/\/api.w.org\/{rel}","templated":true}]}}