{"id":8314,"date":"2024-09-06T03:15:00","date_gmt":"2024-09-06T03:15:00","guid":{"rendered":"https:\/\/www.kblmachinery.com\/?post_type=product&#038;p=8314"},"modified":"2025-11-28T06:29:25","modified_gmt":"2025-11-28T06:29:25","slug":"qt6-15-brick-block-making-machine","status":"publish","type":"product","link":"https:\/\/www.kblmachinery.com\/es\/qt6-15-brick-block-making-machine\/","title":{"rendered":"M\u00e1quina fabricadora de ladrillos y bloques QT6-15"},"content":{"rendered":"<h2 data-start=\"174\" data-end=\"239\"><strong data-start=\"178\" data-end=\"237\">QT6-15 M\u00e1quina para fabricar ladrillos y bloques - Descripci\u00f3n del producto<\/strong><\/h2>\n<p data-start=\"241\" data-end=\"752\">La m\u00e1quina de fabricaci\u00f3n de ladrillos\/bloques QT6-15 de Kimberly Machinery es una m\u00e1quina de alto rendimiento y con todas las funciones dise\u00f1ada para una producci\u00f3n de bloques estable, eficiente y de alta calidad. Reconocido como una soluci\u00f3n fiable en la industria, es ideal para la producci\u00f3n de bloques de hormig\u00f3n ordinario, bloques de cenizas volantes, bloques de residuos de residuos, y otras unidades de mamposter\u00eda. Los bloques producidos presentan una gran consistencia, resistencia a las heladas, resistencia a la permeabilidad, aislamiento ac\u00fastico, aislamiento t\u00e9rmico y excelente durabilidad.<\/p>\n<h2 data-start=\"754\" data-end=\"781\"><strong data-start=\"754\" data-end=\"779\">Aspectos t\u00e9cnicos destacados:<\/strong><\/h2>\n<ul>\n<li>Funci\u00f3n de arranque suave para reducir la corriente de arranque del motor y proteger los componentes.<\/li>\n<li>Funcionamiento sincronizado del conjunto de vibraci\u00f3n para una compactaci\u00f3n uniforme.<\/li>\n<li>Unidad de frenado con resistencia para disipar la energ\u00eda de forma segura y evitar problemas de inercia del motor.<\/li>\n<li>Dise\u00f1o de bajo consumo, que ahorra 20-30% de energ\u00eda por ciclo.<\/li>\n<li>Sistema de proporci\u00f3n hidr\u00e1ulica de alto rendimiento con componentes importados para un funcionamiento uniforme.<\/li>\n<li>Pantalla t\u00e1ctil PLC inteligente y aut\u00e9nticos componentes el\u00e9ctricos importados para una alta automatizaci\u00f3n y un funcionamiento sencillo.<\/li>\n<li>El dispositivo de alimentaci\u00f3n r\u00e1pida para romper arcos garantiza una alimentaci\u00f3n uniforme, especialmente para ladrillos porosos.<\/li>\n<li>Motor de frecuencia variable y sistema de vibraci\u00f3n s\u00edncrono multifuente para un conformado preciso.<\/li>\n<li>Tratamiento t\u00e9rmico especial de alta temperatura para moldes, que mejora la durabilidad y la rigidez.<\/li>\n<li>P\u00e9rtigas gu\u00eda de ultra alta resistencia con revestimiento de cromo duro para una mayor resistencia a la torsi\u00f3n y al desgaste.<\/li>\n<\/ul>\n<table class=\"tg\" style=\"border-collapse: collapse; border-spacing: 0; width: 1100px;\">\n<thead>\n<tr>\n<th style=\"font-family: Arial, sans-serif; font-size: 14px; font-weight: normal; overflow: hidden; padding: 10px 5px; vertical-align: top; word-break: normal; border: 1px solid black; text-align: center;\" colspan=\"2\"><strong>Par\u00e1metros t\u00e9cnicos<\/strong><\/th>\n<\/tr>\n<\/thead>\n<tbody>\n<tr>\n<td style=\"font-family: Arial, sans-serif; font-size: 14px; overflow: hidden; padding: 10px 5px; text-align: left; vertical-align: top; word-break: normal; border: 1px solid black;\"><span style=\"font-weight: inherit; font-style: inherit;\">Frecuencia de vibraci\u00f3n<\/span><\/td>\n<td style=\"font-family: Arial, sans-serif; font-size: 14px; overflow: hidden; padding: 10px 5px; text-align: left; vertical-align: top; word-break: normal; border: 1px solid black;\"><span style=\"font-weight: inherit; font-style: inherit;\">3800-4500r\/min<\/span><\/td>\n<\/tr>\n<tr>\n<td style=\"font-family: Arial, sans-serif; font-size: 14px; overflow: hidden; padding: 10px 5px; text-align: left; vertical-align: top; word-break: normal; border: 1px solid black;\"><span style=\"font-weight: inherit; font-style: inherit;\">Peso de la m\u00e1quina principal<\/span><\/td>\n<td style=\"font-family: Arial, sans-serif; font-size: 14px; overflow: hidden; padding: 10px 5px; text-align: left; vertical-align: top; word-break: normal; border: 1px solid black;\"><span style=\"font-weight: inherit; font-style: inherit;\">8500KG<\/span><\/td>\n<\/tr>\n<tr>\n<td style=\"font-family: Arial, sans-serif; font-size: 14px; overflow: hidden; padding: 10px 5px; text-align: left; vertical-align: top; word-break: normal; border: 1px solid black;\"><span style=\"font-weight: inherit; font-style: inherit;\">Dimensi\u00f3n<\/span><\/td>\n<td style=\"font-family: Arial, sans-serif; font-size: 14px; overflow: hidden; padding: 10px 5px; text-align: left; vertical-align: top; word-break: normal; border: 1px solid black;\"><span style=\"font-weight: inherit; font-style: inherit;\">9450*3300*2700mm<\/span><\/td>\n<\/tr>\n<tr>\n<td style=\"font-family: Arial, sans-serif; font-size: 14px; overflow: hidden; padding: 10px 5px; text-align: left; vertical-align: top; word-break: normal; border: 1px solid black;\"><span style=\"font-weight: inherit; font-style: inherit;\">Capacidad<\/span><\/td>\n<td style=\"font-family: Arial, sans-serif; font-size: 14px; overflow: hidden; padding: 10px 5px; text-align: left; vertical-align: top; word-break: normal; border: 1px solid black;\"><span style=\"font-weight: inherit; font-style: inherit;\">34,4 KW<\/span><\/td>\n<\/tr>\n<tr>\n<td style=\"font-family: Arial, sans-serif; font-size: 14px; overflow: hidden; padding: 10px 5px; text-align: left; vertical-align: top; word-break: normal; border: 1px solid black;\"><span style=\"font-weight: inherit; font-style: inherit;\">Duraci\u00f3n del ciclo<\/span><\/td>\n<td style=\"font-family: Arial, sans-serif; font-size: 14px; overflow: hidden; padding: 10px 5px; text-align: left; vertical-align: top; word-break: normal; border: 1px solid black;\"><span style=\"font-weight: inherit; font-style: inherit;\">15-23(S)<\/span><\/td>\n<\/tr>\n<tr>\n<td style=\"font-family: Arial, sans-serif; font-size: 14px; overflow: hidden; padding: 10px 5px; text-align: left; vertical-align: top; word-break: normal; border: 1px solid black;\"><span style=\"font-weight: inherit; font-style: inherit;\">Presi\u00f3n nominal<\/span><\/td>\n<td style=\"font-family: Arial, sans-serif; font-size: 14px; overflow: hidden; padding: 10px 5px; text-align: left; vertical-align: top; word-break: normal; border: 1px solid black;\"><span style=\"font-weight: inherit; font-style: inherit;\">25mpa<\/span><\/td>\n<\/tr>\n<tr>\n<td style=\"font-family: Arial, sans-serif; font-size: 14px; overflow: hidden; padding: 10px 5px; text-align: left; vertical-align: top; word-break: normal; border: 1px solid black;\"><span style=\"font-weight: inherit; font-style: inherit;\">Fuerza de vibraci\u00f3n<\/span><\/td>\n<td style=\"font-family: Arial, sans-serif; font-size: 14px; overflow: hidden; padding: 10px 5px; text-align: left; vertical-align: top; word-break: normal; border: 1px solid black;\"><span style=\"font-weight: inherit; font-style: inherit;\">68KN<\/span><\/td>\n<\/tr>\n<tr>\n<td style=\"font-family: Arial, sans-serif; font-size: 14px; overflow: hidden; padding: 10px 5px; text-align: left; vertical-align: top; word-break: normal; border: 1px solid black;\"><span style=\"font-weight: inherit; font-style: inherit;\">Tama\u00f1o de la paleta<\/span><\/td>\n<td style=\"font-family: Arial, sans-serif; font-size: 14px; overflow: hidden; padding: 10px 5px; text-align: left; vertical-align: top; word-break: normal; border: 1px solid black;\"><span style=\"font-weight: inherit; font-style: inherit;\">880*680 \/ 980*680mm<\/span><\/td>\n<\/tr>\n<\/tbody>\n<\/table>\n<h2 data-start=\"1715\" data-end=\"2211\"><strong data-start=\"1715\" data-end=\"1744\">Acerca de Kimberly Machinery:<\/strong><\/h2>\n<p data-start=\"1715\" data-end=\"2211\">Kimberly Machinery es un proveedor mundial de confianza de <a href=\"https:\/\/www.kblmachinery.com\/concrete-block-making-machine\/\">m\u00e1quina para fabricar bloques<\/a>ofreciendo soluciones duraderas, energ\u00e9ticamente eficientes y tecnol\u00f3gicamente avanzadas para la producci\u00f3n de bloques. Con un enfoque en la ingenier\u00eda de precisi\u00f3n, un estricto control de calidad y un servicio posventa fiable, Kimberly Machinery ofrece soluciones que maximizan la producci\u00f3n y garantizan un rendimiento a largo plazo para distribuidores, mayoristas y fabricantes de materiales de construcci\u00f3n de todo el mundo.<\/p>\n<p data-start=\"1715\" data-end=\"2211\"><iframe loading=\"lazy\" title=\"Reproductor de v\u00eddeo YouTube\" src=\"https:\/\/www.youtube.com\/embed\/4LvrmMzzeBc?si=vojeyyaqVeTD7kbU\" width=\"560\" height=\"315\" frameborder=\"0\" allowfullscreen=\"allowfullscreen\"><\/iframe><\/p>","protected":false},"excerpt":{"rendered":"<ul>\n<li>Condiciones de pago:30% como anticipo por T\/T. los 70% restantes se abonar\u00e1n antes de la entrega de todos los art\u00edculos.<\/li>\n<li>Plazo de entrega: 40 d\u00edas despu\u00e9s de recibir el anticipo 30%.<\/li>\n<li>Garant\u00eda:Un a\u00f1o a partir de la entrega.<\/li>\n<\/ul>","protected":false},"featured_media":8315,"template":"","meta":[],"product_brand":[],"product_cat":[775,777],"product_tag":[],"class_list":{"0":"post-8314","1":"product","2":"type-product","3":"status-publish","4":"has-post-thumbnail","6":"product_cat-concrete-block-making-machine","7":"product_cat-vibration-type-brick-block-making-machine","9":"first","10":"instock","11":"shipping-taxable","12":"product-type-simple"},"yoast_head":"<!-- This site is optimized with the Yoast SEO plugin v24.4 - https:\/\/yoast.com\/wordpress\/plugins\/seo\/ -->\n<title>QT6-15 Brick\/Block Making Machine Supplier &amp; Factory - Kimberly Machinery<\/title>\n<meta name=\"description\" content=\"High-efficiency QT6-15 brick\/block making machine from Kimberly Machinery, with PLC control, energy-saving design, and durable molds for reliable production.\" \/>\n<meta name=\"robots\" content=\"index, follow, max-snippet:-1, max-image-preview:large, max-video-preview:-1\" \/>\n<link rel=\"canonical\" href=\"https:\/\/www.kblmachinery.com\/es\/qt6-15-brick-block-making-machine\/\" \/>\n<meta property=\"og:locale\" content=\"es_ES\" \/>\n<meta property=\"og:type\" content=\"article\" \/>\n<meta property=\"og:title\" content=\"QT6-15 Brick\/Block Making Machine Supplier &amp; Factory - Kimberly Machinery\" \/>\n<meta property=\"og:description\" content=\"High-efficiency QT6-15 brick\/block making machine from Kimberly Machinery, with PLC control, energy-saving design, and durable molds for reliable production.\" \/>\n<meta property=\"og:url\" content=\"https:\/\/www.kblmachinery.com\/es\/qt6-15-brick-block-making-machine\/\" \/>\n<meta property=\"og:site_name\" content=\"Kimberly Machinery\" \/>\n<meta property=\"article:publisher\" content=\"https:\/\/www.facebook.com\/KimberlyMachinery\" \/>\n<meta property=\"article:modified_time\" content=\"2025-11-28T06:29:25+00:00\" \/>\n<meta property=\"og:image\" content=\"https:\/\/www.kblmachinery.com\/wp-content\/uploads\/2025\/11\/QT6-15-BrickBlock-Making-Machine-3.webp\" \/>\n\t<meta property=\"og:image:width\" content=\"800\" \/>\n\t<meta property=\"og:image:height\" content=\"800\" \/>\n\t<meta property=\"og:image:type\" content=\"image\/webp\" \/>\n<meta name=\"twitter:card\" content=\"summary_large_image\" \/>\n<meta name=\"twitter:label1\" content=\"Tiempo de lectura\" \/>\n\t<meta name=\"twitter:data1\" content=\"2 minutos\" \/>\n<script type=\"application\/ld+json\" class=\"yoast-schema-graph\">{\"@context\":\"https:\/\/schema.org\",\"@graph\":[{\"@type\":\"WebPage\",\"@id\":\"https:\/\/www.kblmachinery.com\/qt6-15-brick-block-making-machine\/\",\"url\":\"https:\/\/www.kblmachinery.com\/qt6-15-brick-block-making-machine\/\",\"name\":\"QT6-15 Brick\/Block Making Machine Supplier & Factory - Kimberly Machinery\",\"isPartOf\":{\"@id\":\"https:\/\/www.kblmachinery.com\/#website\"},\"primaryImageOfPage\":{\"@id\":\"https:\/\/www.kblmachinery.com\/qt6-15-brick-block-making-machine\/#primaryimage\"},\"image\":{\"@id\":\"https:\/\/www.kblmachinery.com\/qt6-15-brick-block-making-machine\/#primaryimage\"},\"thumbnailUrl\":\"https:\/\/www.kblmachinery.com\/wp-content\/uploads\/2025\/11\/QT6-15-BrickBlock-Making-Machine-3.webp\",\"datePublished\":\"2024-09-06T03:15:00+00:00\",\"dateModified\":\"2025-11-28T06:29:25+00:00\",\"description\":\"High-efficiency QT6-15 brick\/block making machine from Kimberly Machinery, with PLC control, energy-saving design, and durable molds for reliable production.\",\"breadcrumb\":{\"@id\":\"https:\/\/www.kblmachinery.com\/qt6-15-brick-block-making-machine\/#breadcrumb\"},\"inLanguage\":\"es\",\"potentialAction\":[{\"@type\":\"ReadAction\",\"target\":[\"https:\/\/www.kblmachinery.com\/qt6-15-brick-block-making-machine\/\"]}]},{\"@type\":\"ImageObject\",\"inLanguage\":\"es\",\"@id\":\"https:\/\/www.kblmachinery.com\/qt6-15-brick-block-making-machine\/#primaryimage\",\"url\":\"https:\/\/www.kblmachinery.com\/wp-content\/uploads\/2025\/11\/QT6-15-BrickBlock-Making-Machine-3.webp\",\"contentUrl\":\"https:\/\/www.kblmachinery.com\/wp-content\/uploads\/2025\/11\/QT6-15-BrickBlock-Making-Machine-3.webp\",\"width\":800,\"height\":800,\"caption\":\"QT6-15 Brick Block Making Machine\"},{\"@type\":\"BreadcrumbList\",\"@id\":\"https:\/\/www.kblmachinery.com\/qt6-15-brick-block-making-machine\/#breadcrumb\",\"itemListElement\":[{\"@type\":\"ListItem\",\"position\":1,\"name\":\"Home\",\"item\":\"https:\/\/www.kblmachinery.com\/\"},{\"@type\":\"ListItem\",\"position\":2,\"name\":\"QT6-15 Brick\/Block Making Machine\"}]},{\"@type\":\"WebSite\",\"@id\":\"https:\/\/www.kblmachinery.com\/#website\",\"url\":\"https:\/\/www.kblmachinery.com\/\",\"name\":\"Professional Brick\/Block Making Machine in China\",\"description\":\"Block Machine Manufacturer - Kimberly Machinery\",\"publisher\":{\"@id\":\"https:\/\/www.kblmachinery.com\/#organization\"},\"potentialAction\":[{\"@type\":\"SearchAction\",\"target\":{\"@type\":\"EntryPoint\",\"urlTemplate\":\"https:\/\/www.kblmachinery.com\/?s={search_term_string}\"},\"query-input\":{\"@type\":\"PropertyValueSpecification\",\"valueRequired\":true,\"valueName\":\"search_term_string\"}}],\"inLanguage\":\"es\"},{\"@type\":\"Organization\",\"@id\":\"https:\/\/www.kblmachinery.com\/#organization\",\"name\":\"Quanzhou Kimberly Machinery Manufacturing Co. Ltd\",\"url\":\"https:\/\/www.kblmachinery.com\/\",\"logo\":{\"@type\":\"ImageObject\",\"inLanguage\":\"es\",\"@id\":\"https:\/\/www.kblmachinery.com\/#\/schema\/logo\/image\/\",\"url\":\"https:\/\/www.kblmachinery.com\/wp-content\/uploads\/2025\/11\/cropped-logo-1-1.png\",\"contentUrl\":\"https:\/\/www.kblmachinery.com\/wp-content\/uploads\/2025\/11\/cropped-logo-1-1.png\",\"width\":123,\"height\":136,\"caption\":\"Quanzhou Kimberly Machinery Manufacturing Co. Ltd\"},\"image\":{\"@id\":\"https:\/\/www.kblmachinery.com\/#\/schema\/logo\/image\/\"},\"sameAs\":[\"https:\/\/www.facebook.com\/KimberlyMachinery\"]}]}<\/script>\n<!-- \/ Yoast SEO plugin. -->","yoast_head_json":{"title":"QT6-15 Brick\/Block Making Machine Supplier & Factory - Kimberly Machinery","description":"High-efficiency QT6-15 brick\/block making machine from Kimberly Machinery, with PLC control, energy-saving design, and durable molds for reliable production.","robots":{"index":"index","follow":"follow","max-snippet":"max-snippet:-1","max-image-preview":"max-image-preview:large","max-video-preview":"max-video-preview:-1"},"canonical":"https:\/\/www.kblmachinery.com\/es\/qt6-15-brick-block-making-machine\/","og_locale":"es_ES","og_type":"article","og_title":"QT6-15 Brick\/Block Making Machine Supplier & Factory - Kimberly Machinery","og_description":"High-efficiency QT6-15 brick\/block making machine from Kimberly Machinery, with PLC control, energy-saving design, and durable molds for reliable production.","og_url":"https:\/\/www.kblmachinery.com\/es\/qt6-15-brick-block-making-machine\/","og_site_name":"Kimberly Machinery","article_publisher":"https:\/\/www.facebook.com\/KimberlyMachinery","article_modified_time":"2025-11-28T06:29:25+00:00","og_image":[{"width":800,"height":800,"url":"https:\/\/www.kblmachinery.com\/wp-content\/uploads\/2025\/11\/QT6-15-BrickBlock-Making-Machine-3.webp","type":"image\/webp"}],"twitter_card":"summary_large_image","twitter_misc":{"Tiempo de lectura":"2 minutos"},"schema":{"@context":"https:\/\/schema.org","@graph":[{"@type":"WebPage","@id":"https:\/\/www.kblmachinery.com\/qt6-15-brick-block-making-machine\/","url":"https:\/\/www.kblmachinery.com\/qt6-15-brick-block-making-machine\/","name":"QT6-15 Brick\/Block Making Machine Supplier & Factory - Kimberly Machinery","isPartOf":{"@id":"https:\/\/www.kblmachinery.com\/#website"},"primaryImageOfPage":{"@id":"https:\/\/www.kblmachinery.com\/qt6-15-brick-block-making-machine\/#primaryimage"},"image":{"@id":"https:\/\/www.kblmachinery.com\/qt6-15-brick-block-making-machine\/#primaryimage"},"thumbnailUrl":"https:\/\/www.kblmachinery.com\/wp-content\/uploads\/2025\/11\/QT6-15-BrickBlock-Making-Machine-3.webp","datePublished":"2024-09-06T03:15:00+00:00","dateModified":"2025-11-28T06:29:25+00:00","description":"High-efficiency QT6-15 brick\/block making machine from Kimberly Machinery, with PLC control, energy-saving design, and durable molds for reliable production.","breadcrumb":{"@id":"https:\/\/www.kblmachinery.com\/qt6-15-brick-block-making-machine\/#breadcrumb"},"inLanguage":"es","potentialAction":[{"@type":"ReadAction","target":["https:\/\/www.kblmachinery.com\/qt6-15-brick-block-making-machine\/"]}]},{"@type":"ImageObject","inLanguage":"es","@id":"https:\/\/www.kblmachinery.com\/qt6-15-brick-block-making-machine\/#primaryimage","url":"https:\/\/www.kblmachinery.com\/wp-content\/uploads\/2025\/11\/QT6-15-BrickBlock-Making-Machine-3.webp","contentUrl":"https:\/\/www.kblmachinery.com\/wp-content\/uploads\/2025\/11\/QT6-15-BrickBlock-Making-Machine-3.webp","width":800,"height":800,"caption":"QT6-15 Brick Block Making Machine"},{"@type":"BreadcrumbList","@id":"https:\/\/www.kblmachinery.com\/qt6-15-brick-block-making-machine\/#breadcrumb","itemListElement":[{"@type":"ListItem","position":1,"name":"Home","item":"https:\/\/www.kblmachinery.com\/"},{"@type":"ListItem","position":2,"name":"QT6-15 Brick\/Block Making Machine"}]},{"@type":"WebSite","@id":"https:\/\/www.kblmachinery.com\/#website","url":"https:\/\/www.kblmachinery.com\/","name":"Professional Brick\/Block Making Machine in China","description":"Block Machine Manufacturer - Kimberly Machinery","publisher":{"@id":"https:\/\/www.kblmachinery.com\/#organization"},"potentialAction":[{"@type":"SearchAction","target":{"@type":"EntryPoint","urlTemplate":"https:\/\/www.kblmachinery.com\/?s={search_term_string}"},"query-input":{"@type":"PropertyValueSpecification","valueRequired":true,"valueName":"search_term_string"}}],"inLanguage":"es"},{"@type":"Organization","@id":"https:\/\/www.kblmachinery.com\/#organization","name":"Quanzhou Kimberly Machinery Manufacturing Co. Ltd","url":"https:\/\/www.kblmachinery.com\/","logo":{"@type":"ImageObject","inLanguage":"es","@id":"https:\/\/www.kblmachinery.com\/#\/schema\/logo\/image\/","url":"https:\/\/www.kblmachinery.com\/wp-content\/uploads\/2025\/11\/cropped-logo-1-1.png","contentUrl":"https:\/\/www.kblmachinery.com\/wp-content\/uploads\/2025\/11\/cropped-logo-1-1.png","width":123,"height":136,"caption":"Quanzhou Kimberly Machinery Manufacturing Co. Ltd"},"image":{"@id":"https:\/\/www.kblmachinery.com\/#\/schema\/logo\/image\/"},"sameAs":["https:\/\/www.facebook.com\/KimberlyMachinery"]}]}},"_links":{"self":[{"href":"https:\/\/www.kblmachinery.com\/es\/wp-json\/wp\/v2\/product\/8314","targetHints":{"allow":["GET"]}}],"collection":[{"href":"https:\/\/www.kblmachinery.com\/es\/wp-json\/wp\/v2\/product"}],"about":[{"href":"https:\/\/www.kblmachinery.com\/es\/wp-json\/wp\/v2\/types\/product"}],"wp:featuredmedia":[{"embeddable":true,"href":"https:\/\/www.kblmachinery.com\/es\/wp-json\/wp\/v2\/media\/8315"}],"wp:attachment":[{"href":"https:\/\/www.kblmachinery.com\/es\/wp-json\/wp\/v2\/media?parent=8314"}],"wp:term":[{"taxonomy":"product_brand","embeddable":true,"href":"https:\/\/www.kblmachinery.com\/es\/wp-json\/wp\/v2\/product_brand?post=8314"},{"taxonomy":"product_cat","embeddable":true,"href":"https:\/\/www.kblmachinery.com\/es\/wp-json\/wp\/v2\/product_cat?post=8314"},{"taxonomy":"product_tag","embeddable":true,"href":"https:\/\/www.kblmachinery.com\/es\/wp-json\/wp\/v2\/product_tag?post=8314"}],"curies":[{"name":"wp","href":"https:\/\/api.w.org\/{rel}","templated":true}]}}