{"id":8339,"date":"2024-09-11T06:22:00","date_gmt":"2024-09-11T06:22:00","guid":{"rendered":"https:\/\/www.kblmachinery.com\/?post_type=product&#038;p=8339"},"modified":"2025-11-28T06:22:44","modified_gmt":"2025-11-28T06:22:44","slug":"qt18-15-brickblock-making-machine","status":"publish","type":"product","link":"https:\/\/www.kblmachinery.com\/es\/qt18-15-brickblock-making-machine\/","title":{"rendered":"M\u00e1quina fabricadora de ladrillos y bloques QT18-15"},"content":{"rendered":"<h2>Ventajas de la m\u00e1quina de fabricaci\u00f3n de bloques de hormig\u00f3n de la serie QT de Kimberly Machinery:<\/h2>\n<ul>\n<li>Armario de control PLC<\/li>\n<\/ul>\n<p>Nuestro armario de control PLC cuenta con PLC y pulsadores SIEMENS, rel\u00e9s ABB y componentes el\u00e9ctricos Schneider, garantizando un funcionamiento estable e inteligente. Una resistencia adicional de disipaci\u00f3n de calor se instala en el lado derecho del PLC para mejorar la eficiencia de enfriamiento, acortando significativamente el tiempo de ciclo y mejorando el rendimiento general de la m\u00e1quina.<\/p>\n<ul>\n<li>Estaciones hidr\u00e1ulicas y electrov\u00e1lvulas<\/li>\n<\/ul>\n<p>El sistema hidr\u00e1ulico est\u00e1 equipado con bombas de la marca YUKEN y v\u00e1lvulas solenoides de Taiw\u00e1n. Toda la estaci\u00f3n hidr\u00e1ulica est\u00e1 completamente sellada, lo que evita fugas de aceite, y viene con una cubierta protectora para facilitar la limpieza y el mantenimiento.<\/p>\n<ul>\n<li>Sistema de vibraci\u00f3n y alimentaci\u00f3n de materias primas<\/li>\n<\/ul>\n<p>Nuestra m\u00e1quina adopta la avanzada tecnolog\u00eda alemana de control de conversi\u00f3n de frecuencia, asegurando una fuerza de vibraci\u00f3n estable y una compactaci\u00f3n \u00f3ptima. Esto garantiza una excelente densidad y uniformidad para varios tipos de bloques y adoquines.<\/p>\n<ul>\n<li>Estructura de caja de vibraci\u00f3n de alta resistencia<\/li>\n<\/ul>\n<p>La caja de vibraci\u00f3n se fabrica a partir de una placa de fundici\u00f3n de una sola pieza, no soldada a partir de m\u00faltiples placas de acero. Este dise\u00f1o mejora enormemente la resistencia estructural, la durabilidad y la vida \u00fatil.<\/p>\n<ul>\n<li>Certificaciones<\/li>\n<\/ul>\n<p>Nuestras m\u00e1quinas cumplen las normas internacionales y est\u00e1n certificadas con CE, ISO9001:2000 y SGS.<\/p>\n<ul>\n<li>Material y tecnolog\u00eda para moldes de bloques<\/li>\n<\/ul>\n<p>Los moldes de bloque se fabrican con acero Q345B (o personalizado seg\u00fan los requisitos del comprador). Utilizamos procesos de tratamiento t\u00e9rmico y tecnolog\u00eda avanzada de corte lineal CNC, especialmente para los moldes Unipaver, lo que garantiza la precisi\u00f3n y elimina las uniones soldadas d\u00e9biles.<\/p>\n<ul>\n<li>Alto rendimiento productivo<\/li>\n<\/ul>\n<p>El tiempo de ciclo m\u00e1s r\u00e1pido puede alcanzar los 12-13 segundos por palet para bloques macizos, lo que permite una producci\u00f3n diaria significativamente mayor. Dise\u00f1ada para durar, la m\u00e1quina puede funcionar 24 horas seguidas sin p\u00e9rdida de rendimiento.<\/p>\n<h2>Especificaciones:<\/h2>\n<table class=\"tg\" style=\"border-collapse: collapse; border-spacing: 0; width: 1100px;\">\n<thead>\n<tr>\n<th style=\"font-family: Arial, sans-serif; font-size: 14px; font-weight: normal; overflow: hidden; padding: 10px 5px; text-align: left; vertical-align: top; word-break: normal; border: 1px solid black;\">Peso total<\/th>\n<th style=\"font-family: Arial, sans-serif; font-size: 14px; font-weight: normal; overflow: hidden; padding: 10px 5px; text-align: left; vertical-align: top; word-break: normal; border: 1px solid black;\">34000(kg)<\/th>\n<\/tr>\n<\/thead>\n<tbody>\n<tr>\n<td style=\"font-family: Arial, sans-serif; font-size: 14px; overflow: hidden; padding: 10px 5px; text-align: left; vertical-align: top; word-break: normal; border: 1px solid black;\">Sobredimensionado<\/td>\n<td style=\"font-family: Arial, sans-serif; font-size: 14px; overflow: hidden; padding: 10px 5px; text-align: left; vertical-align: top; word-break: normal; border: 1px solid black;\">15500*5500*3200mm<\/td>\n<\/tr>\n<tr>\n<td style=\"font-family: Arial, sans-serif; font-size: 14px; overflow: hidden; padding: 10px 5px; text-align: left; vertical-align: top; word-break: normal; border: 1px solid black;\"><span style=\"font-style: inherit;\">Potencia total<\/span><\/td>\n<td style=\"font-family: Arial, sans-serif; font-size: 14px; overflow: hidden; padding: 10px 5px; text-align: left; vertical-align: top; word-break: normal; border: 1px solid black;\">104 kw<\/td>\n<\/tr>\n<tr>\n<td style=\"font-family: Arial, sans-serif; font-size: 14px; overflow: hidden; padding: 10px 5px; text-align: left; vertical-align: top; word-break: normal; border: 1px solid black;\">Ciclo de moldeo<\/td>\n<td style=\"font-family: Arial, sans-serif; font-size: 14px; overflow: hidden; padding: 10px 5px; text-align: left; vertical-align: top; word-break: normal; border: 1px solid black;\">15-23s<\/td>\n<\/tr>\n<tr>\n<td style=\"font-family: Arial, sans-serif; font-size: 14px; overflow: hidden; padding: 10px 5px; text-align: left; vertical-align: top; word-break: normal; border: 1px solid black;\">Presi\u00f3n<\/td>\n<td style=\"font-family: Arial, sans-serif; font-size: 14px; overflow: hidden; padding: 10px 5px; text-align: left; vertical-align: top; word-break: normal; border: 1px solid black;\">280KN<\/td>\n<\/tr>\n<tr>\n<td style=\"font-family: Arial, sans-serif; font-size: 14px; overflow: hidden; padding: 10px 5px; text-align: left; vertical-align: top; word-break: normal; border: 1px solid black;\">Peso de la m\u00e1quina anfitriona<\/td>\n<td style=\"font-family: Arial, sans-serif; font-size: 14px; overflow: hidden; padding: 10px 5px; text-align: left; vertical-align: top; word-break: normal; border: 1px solid black;\">20000 kg<\/td>\n<\/tr>\n<tr>\n<td style=\"font-family: Arial, sans-serif; font-size: 14px; overflow: hidden; padding: 10px 5px; text-align: left; vertical-align: top; word-break: normal; border: 1px solid black;\">Tama\u00f1o de la paleta<\/td>\n<td style=\"font-family: Arial, sans-serif; font-size: 14px; overflow: hidden; padding: 10px 5px; text-align: left; vertical-align: top; word-break: normal; border: 1px solid black;\">1350*1350*30mm o 1400*1400*30mm<\/td>\n<\/tr>\n<tr>\n<td style=\"font-family: Arial, sans-serif; font-size: 14px; overflow: hidden; padding: 10px 5px; text-align: left; vertical-align: top; word-break: normal; border: 1px solid black;\"><span style=\"font-style: inherit;\">M\u00e9todo de moldeo<\/span><\/td>\n<td style=\"font-family: Arial, sans-serif; font-size: 14px; overflow: hidden; padding: 10px 5px; text-align: left; vertical-align: top; word-break: normal; border: 1px solid black;\"><span style=\"font-style: inherit;\">Hidr\u00e1ulico con vibraci\u00f3n<\/span><\/td>\n<\/tr>\n<tr>\n<td style=\"font-family: Arial, sans-serif; font-size: 14px; overflow: hidden; padding: 10px 5px; text-align: left; vertical-align: top; word-break: normal; border: 1px solid black;\"><span style=\"font-style: inherit;\">Modelo <\/span><\/td>\n<td style=\"font-family: Arial, sans-serif; font-size: 14px; overflow: hidden; padding: 10px 5px; text-align: left; vertical-align: top; word-break: normal; border: 1px solid black;\">QT18-15<\/td>\n<\/tr>\n<\/tbody>\n<\/table>\n<h2>QT18-15 M\u00e1quina de bloques huecos Capacidad de producci\u00f3n de hormig\u00f3n:<\/h2>\n<table class=\"tg\" style=\"border-collapse: collapse; border-spacing: 0; width: 1100px;\">\n<thead>\n<tr>\n<th style=\"font-family: Arial, sans-serif; font-size: 14px; font-weight: normal; overflow: hidden; padding: 10px 5px; text-align: left; vertical-align: top; word-break: normal; border: 1px solid black;\"><span style=\"font-style: inherit;\">Nombre de la muestra en bloque<\/span><\/th>\n<th style=\"font-family: Arial, sans-serif; font-size: 14px; font-weight: normal; overflow: hidden; padding: 10px 5px; text-align: left; vertical-align: top; word-break: normal; border: 1px solid black;\"><span style=\"font-style: inherit;\">Especificaci\u00f3n<\/span><\/th>\n<th style=\"font-family: Arial, sans-serif; font-size: 14px; font-weight: normal; overflow: hidden; padding: 10px 5px; text-align: left; vertical-align: top; word-break: normal; border: 1px solid black;\"><span style=\"font-style: inherit;\">Piezas\/molde<\/span><\/th>\n<th style=\"font-family: Arial, sans-serif; font-size: 14px; font-weight: normal; overflow: hidden; padding: 10px 5px; text-align: left; vertical-align: top; word-break: normal; border: 1px solid black;\"><span style=\"font-style: inherit;\">Pcs\/8horas<\/span><\/th>\n<\/tr>\n<\/thead>\n<tbody>\n<tr>\n<td style=\"font-family: Arial, sans-serif; font-size: 14px; overflow: hidden; padding: 10px 5px; text-align: left; vertical-align: top; word-break: normal; border: 1px solid black;\"><span style=\"font-style: inherit;\">Bloque hueco <\/span><\/td>\n<td style=\"font-family: Arial, sans-serif; font-size: 14px; overflow: hidden; padding: 10px 5px; text-align: left; vertical-align: top; word-break: normal; border: 1px solid black;\">390*190*190mm<\/td>\n<td style=\"font-family: Arial, sans-serif; font-size: 14px; overflow: hidden; padding: 10px 5px; text-align: left; vertical-align: top; word-break: normal; border: 1px solid black;\">18 piezas\/molde<\/td>\n<td style=\"font-family: Arial, sans-serif; font-size: 14px; overflow: hidden; padding: 10px 5px; text-align: left; vertical-align: top; word-break: normal; border: 1px solid black;\">27000-36000pcs\/8 horas<\/td>\n<\/tr>\n<tr>\n<td style=\"font-family: Arial, sans-serif; font-size: 14px; overflow: hidden; padding: 10px 5px; text-align: left; vertical-align: top; word-break: normal; border: 1px solid black;\"><span style=\"font-style: inherit;\">Bloque poroso<\/span><\/td>\n<td style=\"font-family: Arial, sans-serif; font-size: 14px; overflow: hidden; padding: 10px 5px; text-align: left; vertical-align: top; word-break: normal; border: 1px solid black;\">240*115*90mm<\/td>\n<td style=\"font-family: Arial, sans-serif; font-size: 14px; overflow: hidden; padding: 10px 5px; text-align: left; vertical-align: top; word-break: normal; border: 1px solid black;\">54 piezas\/molde<\/td>\n<td style=\"font-family: Arial, sans-serif; font-size: 14px; overflow: hidden; padding: 10px 5px; text-align: left; vertical-align: top; word-break: normal; border: 1px solid black;\">65000-81000pcs\/8 horas<\/td>\n<\/tr>\n<tr>\n<td style=\"font-family: Arial, sans-serif; font-size: 14px; overflow: hidden; padding: 10px 5px; text-align: left; vertical-align: top; word-break: normal; border: 1px solid black;\">Adoqu\u00edn de color<\/td>\n<td style=\"font-family: Arial, sans-serif; font-size: 14px; overflow: hidden; padding: 10px 5px; text-align: left; vertical-align: top; word-break: normal; border: 1px solid black;\">200*100*60mm<\/td>\n<td style=\"font-family: Arial, sans-serif; font-size: 14px; overflow: hidden; padding: 10px 5px; text-align: left; vertical-align: top; word-break: normal; border: 1px solid black;\">66 piezas\/molde<\/td>\n<td style=\"font-family: Arial, sans-serif; font-size: 14px; overflow: hidden; padding: 10px 5px; text-align: left; vertical-align: top; word-break: normal; border: 1px solid black;\">66000-79200pcs\/8 horas<\/td>\n<\/tr>\n<tr>\n<td style=\"font-family: Arial, sans-serif; font-size: 14px; overflow: hidden; padding: 10px 5px; text-align: left; vertical-align: top; word-break: normal; border: 1px solid black;\">Ladrillo macizo<\/td>\n<td style=\"font-family: Arial, sans-serif; font-size: 14px; overflow: hidden; padding: 10px 5px; text-align: left; vertical-align: top; word-break: normal; border: 1px solid black;\">238*115*51mm<\/td>\n<td style=\"font-family: Arial, sans-serif; font-size: 14px; overflow: hidden; padding: 10px 5px; text-align: left; vertical-align: top; word-break: normal; border: 1px solid black;\">110 piezas\/molde<\/td>\n<td style=\"font-family: Arial, sans-serif; font-size: 14px; overflow: hidden; padding: 10px 5px; text-align: left; vertical-align: top; word-break: normal; border: 1px solid black;\">165000-198000pcs\/8 horas<\/td>\n<\/tr>\n<\/tbody>\n<\/table>\n<p><img loading=\"lazy\" decoding=\"async\" class=\"size-full wp-image-8342 aligncenter\" src=\"https:\/\/www.kblmachinery.com\/wp-content\/uploads\/2025\/11\/QT18-15-BrickBlock-Making-Machine-6.webp\" alt=\"M\u00e1quina fabricadora de bloques de ladrillo QT18-15\" width=\"800\" height=\"800\" srcset=\"https:\/\/www.kblmachinery.com\/wp-content\/uploads\/2025\/11\/QT18-15-BrickBlock-Making-Machine-6.webp 800w, https:\/\/www.kblmachinery.com\/wp-content\/uploads\/2025\/11\/QT18-15-BrickBlock-Making-Machine-6-100x100.webp 100w, https:\/\/www.kblmachinery.com\/wp-content\/uploads\/2025\/11\/QT18-15-BrickBlock-Making-Machine-6-600x600.webp 600w\" sizes=\"auto, (max-width: 800px) 100vw, 800px\" \/><\/p>\n<h2 data-start=\"105\" data-end=\"155\">Caracter\u00edsticas principales de nuestra m\u00e1quina bloquera QT18-15<\/h2>\n<ol>\n<li>High-Precision SERVO Motors<br \/>\nEquipped with advanced SERVO motor technology to ensure faster response, smoother operation, and consistent production stability.<\/li>\n<li>Up to 50% Noise Reduction<br \/>\nOptimized mechanical structure and servo-driven vibration system significantly reduce working noise, creating a safer and more comfortable operating environment.<\/li>\n<li>35% Lower Energy Consumption<br \/>\nThe efficient servo control system minimizes unnecessary power loss, delivering outstanding energy savings during continuous production.<\/li>\n<li>30% Higher Work Efficiency<br \/>\nFaster cycle times and improved vibration performance enhance overall productivity, allowing higher output with the same labor cost.<\/li>\n<li>Modern &amp; User-Friendly Appearance<br \/>\nThe QT18-15 comes with an upgraded exterior design\u2014clean, robust, and industrial-grade\u2014highlighting both quality and professionalism.<\/li>\n<li>Advanced Arm-Swing Technology for Mould Handling<br \/>\nOur machine adopts innovative arm-swing technology for precise block mould movement, improving alignment accuracy, mould lifespan, and production stability.<\/li>\n<\/ol>\n<h2 data-start=\"64\" data-end=\"92\">Acerca de Kimberly Machinery<\/h2>\n<p data-start=\"94\" data-end=\"529\">Kimberly Machinery es un fabricante de confianza de equipos de producci\u00f3n de bloques de hormig\u00f3n de alta calidad. Como l\u00edder <a class=\"decorated-link\" href=\"https:\/\/www.kblmachinery.com\/\" target=\"_new\" rel=\"noopener\" data-start=\"205\" data-end=\"271\">fabricante de m\u00e1quinas para fabricar bloques<\/a>En Kimberly Machinery, proporcionamos m\u00e1quinas duraderas, eficientes y rentables para proyectos de construcci\u00f3n globales. Con tecnolog\u00eda avanzada, un estricto control de calidad y un servicio fiable, Kimberly Machinery ofrece un rendimiento estable y un valor a largo plazo a clientes de todo el mundo.<\/p>\n<div><iframe loading=\"lazy\" title=\"Reproductor de v\u00eddeo YouTube\" src=\"https:\/\/www.youtube.com\/embed\/A42kvPc-zpE?si=TxMr25F1T8F4xsGw\" width=\"560\" height=\"315\" frameborder=\"0\" allowfullscreen=\"allowfullscreen\"><\/iframe><\/div>","protected":false},"excerpt":{"rendered":"<ul>\n<li>Unidades de venta: Art\u00edculo individual<\/li>\n<li>Tama\u00f1o del envase individual:98X68X50 cm<\/li>\n<li>Peso bruto individual:68.000 kg<\/li>\n<\/ul>","protected":false},"featured_media":8340,"template":"","meta":[],"product_brand":[],"product_cat":[775,777],"product_tag":[],"class_list":{"0":"post-8339","1":"product","2":"type-product","3":"status-publish","4":"has-post-thumbnail","6":"product_cat-concrete-block-making-machine","7":"product_cat-vibration-type-brick-block-making-machine","9":"first","10":"instock","11":"shipping-taxable","12":"product-type-simple"},"yoast_head":"<!-- This site is optimized with the Yoast SEO plugin v24.4 - https:\/\/yoast.com\/wordpress\/plugins\/seo\/ -->\n<title>QT18-15 Brick\/Block Making Machine Manufacturer | Kimberly Machinery<\/title>\n<meta name=\"description\" content=\"Kimberly Machinery is a reliable block making machine manufacturer offering durable, high-efficiency equipment for global buyers, distributors, and construction suppliers.\" \/>\n<meta name=\"robots\" content=\"index, follow, max-snippet:-1, max-image-preview:large, max-video-preview:-1\" \/>\n<link rel=\"canonical\" href=\"https:\/\/www.kblmachinery.com\/es\/qt18-15-brickblock-making-machine\/\" \/>\n<meta property=\"og:locale\" content=\"es_ES\" \/>\n<meta property=\"og:type\" content=\"article\" \/>\n<meta property=\"og:title\" content=\"QT18-15 Brick\/Block Making Machine Manufacturer | Kimberly Machinery\" \/>\n<meta property=\"og:description\" content=\"Kimberly Machinery is a reliable block making machine manufacturer offering durable, high-efficiency equipment for global buyers, distributors, and construction suppliers.\" \/>\n<meta property=\"og:url\" content=\"https:\/\/www.kblmachinery.com\/es\/qt18-15-brickblock-making-machine\/\" \/>\n<meta property=\"og:site_name\" content=\"Kimberly Machinery\" \/>\n<meta property=\"article:publisher\" content=\"https:\/\/www.facebook.com\/KimberlyMachinery\" \/>\n<meta property=\"article:modified_time\" content=\"2025-11-28T06:22:44+00:00\" \/>\n<meta property=\"og:image\" content=\"https:\/\/www.kblmachinery.com\/wp-content\/uploads\/2025\/11\/QT18-15-BrickBlock-Making-Machine-4.webp\" \/>\n\t<meta property=\"og:image:width\" content=\"800\" \/>\n\t<meta property=\"og:image:height\" content=\"800\" \/>\n\t<meta property=\"og:image:type\" content=\"image\/webp\" \/>\n<meta name=\"twitter:card\" content=\"summary_large_image\" \/>\n<meta name=\"twitter:label1\" content=\"Tiempo de lectura\" \/>\n\t<meta name=\"twitter:data1\" content=\"3 minutos\" \/>\n<script type=\"application\/ld+json\" class=\"yoast-schema-graph\">{\"@context\":\"https:\/\/schema.org\",\"@graph\":[{\"@type\":\"WebPage\",\"@id\":\"https:\/\/www.kblmachinery.com\/qt18-15-brickblock-making-machine\/\",\"url\":\"https:\/\/www.kblmachinery.com\/qt18-15-brickblock-making-machine\/\",\"name\":\"QT18-15 Brick\/Block Making Machine Manufacturer | Kimberly Machinery\",\"isPartOf\":{\"@id\":\"https:\/\/www.kblmachinery.com\/#website\"},\"primaryImageOfPage\":{\"@id\":\"https:\/\/www.kblmachinery.com\/qt18-15-brickblock-making-machine\/#primaryimage\"},\"image\":{\"@id\":\"https:\/\/www.kblmachinery.com\/qt18-15-brickblock-making-machine\/#primaryimage\"},\"thumbnailUrl\":\"https:\/\/www.kblmachinery.com\/wp-content\/uploads\/2025\/11\/QT18-15-BrickBlock-Making-Machine-4.webp\",\"datePublished\":\"2024-09-11T06:22:00+00:00\",\"dateModified\":\"2025-11-28T06:22:44+00:00\",\"description\":\"Kimberly Machinery is a reliable block making machine manufacturer offering durable, high-efficiency equipment for global buyers, distributors, and construction suppliers.\",\"breadcrumb\":{\"@id\":\"https:\/\/www.kblmachinery.com\/qt18-15-brickblock-making-machine\/#breadcrumb\"},\"inLanguage\":\"es\",\"potentialAction\":[{\"@type\":\"ReadAction\",\"target\":[\"https:\/\/www.kblmachinery.com\/qt18-15-brickblock-making-machine\/\"]}]},{\"@type\":\"ImageObject\",\"inLanguage\":\"es\",\"@id\":\"https:\/\/www.kblmachinery.com\/qt18-15-brickblock-making-machine\/#primaryimage\",\"url\":\"https:\/\/www.kblmachinery.com\/wp-content\/uploads\/2025\/11\/QT18-15-BrickBlock-Making-Machine-4.webp\",\"contentUrl\":\"https:\/\/www.kblmachinery.com\/wp-content\/uploads\/2025\/11\/QT18-15-BrickBlock-Making-Machine-4.webp\",\"width\":800,\"height\":800,\"caption\":\"QT18-15 Brick Block Making Machine\"},{\"@type\":\"BreadcrumbList\",\"@id\":\"https:\/\/www.kblmachinery.com\/qt18-15-brickblock-making-machine\/#breadcrumb\",\"itemListElement\":[{\"@type\":\"ListItem\",\"position\":1,\"name\":\"Home\",\"item\":\"https:\/\/www.kblmachinery.com\/\"},{\"@type\":\"ListItem\",\"position\":2,\"name\":\"QT18-15 Brick\/Block Making Machine\"}]},{\"@type\":\"WebSite\",\"@id\":\"https:\/\/www.kblmachinery.com\/#website\",\"url\":\"https:\/\/www.kblmachinery.com\/\",\"name\":\"Professional Brick\/Block Making Machine in China\",\"description\":\"Block Machine Manufacturer - Kimberly Machinery\",\"publisher\":{\"@id\":\"https:\/\/www.kblmachinery.com\/#organization\"},\"potentialAction\":[{\"@type\":\"SearchAction\",\"target\":{\"@type\":\"EntryPoint\",\"urlTemplate\":\"https:\/\/www.kblmachinery.com\/?s={search_term_string}\"},\"query-input\":{\"@type\":\"PropertyValueSpecification\",\"valueRequired\":true,\"valueName\":\"search_term_string\"}}],\"inLanguage\":\"es\"},{\"@type\":\"Organization\",\"@id\":\"https:\/\/www.kblmachinery.com\/#organization\",\"name\":\"Quanzhou Kimberly Machinery Manufacturing Co. Ltd\",\"url\":\"https:\/\/www.kblmachinery.com\/\",\"logo\":{\"@type\":\"ImageObject\",\"inLanguage\":\"es\",\"@id\":\"https:\/\/www.kblmachinery.com\/#\/schema\/logo\/image\/\",\"url\":\"https:\/\/www.kblmachinery.com\/wp-content\/uploads\/2025\/11\/cropped-logo-1-1.png\",\"contentUrl\":\"https:\/\/www.kblmachinery.com\/wp-content\/uploads\/2025\/11\/cropped-logo-1-1.png\",\"width\":123,\"height\":136,\"caption\":\"Quanzhou Kimberly Machinery Manufacturing Co. Ltd\"},\"image\":{\"@id\":\"https:\/\/www.kblmachinery.com\/#\/schema\/logo\/image\/\"},\"sameAs\":[\"https:\/\/www.facebook.com\/KimberlyMachinery\"]}]}<\/script>\n<!-- \/ Yoast SEO plugin. -->","yoast_head_json":{"title":"QT18-15 Brick\/Block Making Machine Manufacturer | Kimberly Machinery","description":"Kimberly Machinery is a reliable block making machine manufacturer offering durable, high-efficiency equipment for global buyers, distributors, and construction suppliers.","robots":{"index":"index","follow":"follow","max-snippet":"max-snippet:-1","max-image-preview":"max-image-preview:large","max-video-preview":"max-video-preview:-1"},"canonical":"https:\/\/www.kblmachinery.com\/es\/qt18-15-brickblock-making-machine\/","og_locale":"es_ES","og_type":"article","og_title":"QT18-15 Brick\/Block Making Machine Manufacturer | Kimberly Machinery","og_description":"Kimberly Machinery is a reliable block making machine manufacturer offering durable, high-efficiency equipment for global buyers, distributors, and construction suppliers.","og_url":"https:\/\/www.kblmachinery.com\/es\/qt18-15-brickblock-making-machine\/","og_site_name":"Kimberly Machinery","article_publisher":"https:\/\/www.facebook.com\/KimberlyMachinery","article_modified_time":"2025-11-28T06:22:44+00:00","og_image":[{"width":800,"height":800,"url":"https:\/\/www.kblmachinery.com\/wp-content\/uploads\/2025\/11\/QT18-15-BrickBlock-Making-Machine-4.webp","type":"image\/webp"}],"twitter_card":"summary_large_image","twitter_misc":{"Tiempo de lectura":"3 minutos"},"schema":{"@context":"https:\/\/schema.org","@graph":[{"@type":"WebPage","@id":"https:\/\/www.kblmachinery.com\/qt18-15-brickblock-making-machine\/","url":"https:\/\/www.kblmachinery.com\/qt18-15-brickblock-making-machine\/","name":"QT18-15 Brick\/Block Making Machine Manufacturer | Kimberly Machinery","isPartOf":{"@id":"https:\/\/www.kblmachinery.com\/#website"},"primaryImageOfPage":{"@id":"https:\/\/www.kblmachinery.com\/qt18-15-brickblock-making-machine\/#primaryimage"},"image":{"@id":"https:\/\/www.kblmachinery.com\/qt18-15-brickblock-making-machine\/#primaryimage"},"thumbnailUrl":"https:\/\/www.kblmachinery.com\/wp-content\/uploads\/2025\/11\/QT18-15-BrickBlock-Making-Machine-4.webp","datePublished":"2024-09-11T06:22:00+00:00","dateModified":"2025-11-28T06:22:44+00:00","description":"Kimberly Machinery is a reliable block making machine manufacturer offering durable, high-efficiency equipment for global buyers, distributors, and construction suppliers.","breadcrumb":{"@id":"https:\/\/www.kblmachinery.com\/qt18-15-brickblock-making-machine\/#breadcrumb"},"inLanguage":"es","potentialAction":[{"@type":"ReadAction","target":["https:\/\/www.kblmachinery.com\/qt18-15-brickblock-making-machine\/"]}]},{"@type":"ImageObject","inLanguage":"es","@id":"https:\/\/www.kblmachinery.com\/qt18-15-brickblock-making-machine\/#primaryimage","url":"https:\/\/www.kblmachinery.com\/wp-content\/uploads\/2025\/11\/QT18-15-BrickBlock-Making-Machine-4.webp","contentUrl":"https:\/\/www.kblmachinery.com\/wp-content\/uploads\/2025\/11\/QT18-15-BrickBlock-Making-Machine-4.webp","width":800,"height":800,"caption":"QT18-15 Brick Block Making Machine"},{"@type":"BreadcrumbList","@id":"https:\/\/www.kblmachinery.com\/qt18-15-brickblock-making-machine\/#breadcrumb","itemListElement":[{"@type":"ListItem","position":1,"name":"Home","item":"https:\/\/www.kblmachinery.com\/"},{"@type":"ListItem","position":2,"name":"QT18-15 Brick\/Block Making Machine"}]},{"@type":"WebSite","@id":"https:\/\/www.kblmachinery.com\/#website","url":"https:\/\/www.kblmachinery.com\/","name":"Professional Brick\/Block Making Machine in China","description":"Block Machine Manufacturer - Kimberly Machinery","publisher":{"@id":"https:\/\/www.kblmachinery.com\/#organization"},"potentialAction":[{"@type":"SearchAction","target":{"@type":"EntryPoint","urlTemplate":"https:\/\/www.kblmachinery.com\/?s={search_term_string}"},"query-input":{"@type":"PropertyValueSpecification","valueRequired":true,"valueName":"search_term_string"}}],"inLanguage":"es"},{"@type":"Organization","@id":"https:\/\/www.kblmachinery.com\/#organization","name":"Quanzhou Kimberly Machinery Manufacturing Co. Ltd","url":"https:\/\/www.kblmachinery.com\/","logo":{"@type":"ImageObject","inLanguage":"es","@id":"https:\/\/www.kblmachinery.com\/#\/schema\/logo\/image\/","url":"https:\/\/www.kblmachinery.com\/wp-content\/uploads\/2025\/11\/cropped-logo-1-1.png","contentUrl":"https:\/\/www.kblmachinery.com\/wp-content\/uploads\/2025\/11\/cropped-logo-1-1.png","width":123,"height":136,"caption":"Quanzhou Kimberly Machinery Manufacturing Co. Ltd"},"image":{"@id":"https:\/\/www.kblmachinery.com\/#\/schema\/logo\/image\/"},"sameAs":["https:\/\/www.facebook.com\/KimberlyMachinery"]}]}},"_links":{"self":[{"href":"https:\/\/www.kblmachinery.com\/es\/wp-json\/wp\/v2\/product\/8339","targetHints":{"allow":["GET"]}}],"collection":[{"href":"https:\/\/www.kblmachinery.com\/es\/wp-json\/wp\/v2\/product"}],"about":[{"href":"https:\/\/www.kblmachinery.com\/es\/wp-json\/wp\/v2\/types\/product"}],"wp:featuredmedia":[{"embeddable":true,"href":"https:\/\/www.kblmachinery.com\/es\/wp-json\/wp\/v2\/media\/8340"}],"wp:attachment":[{"href":"https:\/\/www.kblmachinery.com\/es\/wp-json\/wp\/v2\/media?parent=8339"}],"wp:term":[{"taxonomy":"product_brand","embeddable":true,"href":"https:\/\/www.kblmachinery.com\/es\/wp-json\/wp\/v2\/product_brand?post=8339"},{"taxonomy":"product_cat","embeddable":true,"href":"https:\/\/www.kblmachinery.com\/es\/wp-json\/wp\/v2\/product_cat?post=8339"},{"taxonomy":"product_tag","embeddable":true,"href":"https:\/\/www.kblmachinery.com\/es\/wp-json\/wp\/v2\/product_tag?post=8339"}],"curies":[{"name":"wp","href":"https:\/\/api.w.org\/{rel}","templated":true}]}}