{"id":8354,"date":"2024-08-18T07:33:00","date_gmt":"2024-08-18T07:33:00","guid":{"rendered":"https:\/\/www.kblmachinery.com\/?post_type=product&#038;p=8354"},"modified":"2025-11-28T06:46:01","modified_gmt":"2025-11-28T06:46:01","slug":"concrete-batching-machine","status":"publish","type":"product","link":"https:\/\/www.kblmachinery.com\/es\/concrete-batching-machine\/","title":{"rendered":"Hormigonera"},"content":{"rendered":"<h2 data-start=\"84\" data-end=\"138\">Dosificadora de hormig\u00f3n - Descripci\u00f3n general del producto<\/h2>\n<p data-start=\"140\" data-end=\"693\">La dosificadora de hormig\u00f3n de Kimberly Machinery est\u00e1 dise\u00f1ada para una dosificaci\u00f3n de \u00e1ridos precisa y eficaz en estaciones de mezcla de hormig\u00f3n. Puede manipular de 2 a 4 tipos de \u00e1ridos, como piedra triturada, arena y otros residuos industriales. La proporci\u00f3n de cada agregado se controla autom\u00e1ticamente mediante un microordenador, lo que garantiza un pesaje preciso y una calidad de hormig\u00f3n uniforme. Los clientes pueden elegir entre pesaje acumulativo en tolva, pesaje acumulativo en cinta o pesaje separado en tolva, en funci\u00f3n de sus requisitos de producci\u00f3n.<\/p>\n<h2 data-start=\"695\" data-end=\"750\">Tipos de pesaje y n\u00fameros de recipiente personalizables:<\/h2>\n<ul>\n<li>Pesaje acumulativo en tolva<\/li>\n<\/ul>\n<p>Los \u00e1ridos se descargan en una \u00fanica tolva para su pesaje. Este tipo ofrece una estructura simple, bajo coste y f\u00e1cil mantenimiento, adecuado para m\u00e1quinas de peque\u00f1a capacidad de dosificaci\u00f3n como PL800 (48m\u00b3\/h), PL1200 (60m\u00b3\/h) y PL1600 (80m\u00b3\/h) con 2-3 tolvas.<\/p>\n<ul>\n<li>Pesaje acumulativo de la cinta<\/li>\n<\/ul>\n<p>Los \u00e1ridos se descargan en una cinta de descarga con una tolva larga, lo que proporciona una gran capacidad y una entrega r\u00e1pida. Se utiliza habitualmente en m\u00e1quinas PL1600 (80 m\u00b3\/h) y PL2400 (120 m\u00b3\/h) con 3-4 tolvas.<\/p>\n<ul>\n<li>Pesaje de tolvas separadas<\/li>\n<\/ul>\n<p>Cada \u00e1rido se descarga en una tolva independiente equipada con un dispositivo de pesaje, que ofrece un pesaje de alta precisi\u00f3n. Este tipo, que suele aplicarse en las dosificadoras PL2400 (120 m\u00b3\/h), LP3200 (160 m\u00b3\/h) o de mayor tama\u00f1o, es m\u00e1s avanzado y costoso, pero garantiza la m\u00e1xima precisi\u00f3n.<\/p>\n<p><img loading=\"lazy\" decoding=\"async\" class=\"size-full wp-image-6485 aligncenter\" src=\"https:\/\/www.kblmachinery.com\/wp-content\/uploads\/2024\/08\/Concrete-Batching-Machine.webp\" alt=\"Hormigonera\" width=\"1694\" height=\"820\" srcset=\"https:\/\/www.kblmachinery.com\/wp-content\/uploads\/2024\/08\/Concrete-Batching-Machine.webp 1694w, https:\/\/www.kblmachinery.com\/wp-content\/uploads\/2024\/08\/Concrete-Batching-Machine-1000x484.webp 1000w, https:\/\/www.kblmachinery.com\/wp-content\/uploads\/2024\/08\/Concrete-Batching-Machine-600x290.webp 600w, https:\/\/www.kblmachinery.com\/wp-content\/uploads\/2024\/08\/Concrete-Batching-Machine-300x145.webp 300w, https:\/\/www.kblmachinery.com\/wp-content\/uploads\/2024\/08\/Concrete-Batching-Machine-1024x496.webp 1024w, https:\/\/www.kblmachinery.com\/wp-content\/uploads\/2024\/08\/Concrete-Batching-Machine-768x372.webp 768w, https:\/\/www.kblmachinery.com\/wp-content\/uploads\/2024\/08\/Concrete-Batching-Machine-1536x744.webp 1536w, https:\/\/www.kblmachinery.com\/wp-content\/uploads\/2024\/08\/Concrete-Batching-Machine-18x9.webp 18w\" sizes=\"auto, (max-width: 1694px) 100vw, 1694px\" \/><\/p>\n<h2 data-start=\"1617\" data-end=\"1651\">Acerca de Kimberly Machinery<\/h2>\n<p data-start=\"1653\" data-end=\"2250\">Kimberly Machinery es l\u00edder mundial en <a class=\"decorated-link\" href=\"https:\/\/www.kblmachinery.com\/\" target=\"_new\" rel=\"noopener\" data-start=\"1700\" data-end=\"1763\">l\u00ednea de producci\u00f3n de bloques de hormig\u00f3n<\/a> y <a class=\"decorated-link\" href=\"https:\/\/www.kblmachinery.com\/concrete-block-making-machine\/?utm_source=chatgpt.com\" target=\"_new\" rel=\"noopener\" data-start=\"1772\" data-end=\"1864\">m\u00e1quina para fabricar bloques de hormig\u00f3n<\/a> soluciones. Con tecnolog\u00eda avanzada, estricto control de calidad y soporte post-venta profesional, Kimberly Machinery ofrece equipos duraderos, de alta eficiencia y personalizables para distribuidores, mayoristas y fabricantes de materiales de construcci\u00f3n en todo el mundo. Nuestras m\u00e1quinas garantizan un rendimiento estable, una producci\u00f3n precisa y una fiabilidad a largo plazo para la producci\u00f3n de bloques a gran escala.<\/p>","protected":false},"excerpt":{"rendered":"<ul>\n<li>Unidades de venta: Art\u00edculo individual<\/li>\n<li>Tama\u00f1o del envase individual:70X60X40 cm<\/li>\n<li>Peso bruto individual:50.000 kg<\/li>\n<\/ul>","protected":false},"featured_media":8355,"template":"","meta":[],"product_brand":[],"product_cat":[778],"product_tag":[],"class_list":{"0":"post-8354","1":"product","2":"type-product","3":"status-publish","4":"has-post-thumbnail","6":"product_cat-concrete-mixing-system","8":"first","9":"instock","10":"shipping-taxable","11":"product-type-simple"},"yoast_head":"<!-- This site is optimized with the Yoast SEO plugin v24.4 - https:\/\/yoast.com\/wordpress\/plugins\/seo\/ -->\n<title>Concrete Batching Machine Supplier | Kimberly Machinery<\/title>\n<meta name=\"description\" content=\"High-efficiency concrete batching machine for accurate aggregates weighing. Suitable for concrete block production lines and block making machines.\" \/>\n<meta name=\"robots\" content=\"index, follow, max-snippet:-1, max-image-preview:large, max-video-preview:-1\" \/>\n<link rel=\"canonical\" href=\"https:\/\/www.kblmachinery.com\/es\/concrete-batching-machine\/\" \/>\n<meta property=\"og:locale\" content=\"es_ES\" \/>\n<meta property=\"og:type\" content=\"article\" \/>\n<meta property=\"og:title\" content=\"Concrete Batching Machine Supplier | Kimberly Machinery\" \/>\n<meta property=\"og:description\" content=\"High-efficiency concrete batching machine for accurate aggregates weighing. Suitable for concrete block production lines and block making machines.\" \/>\n<meta property=\"og:url\" content=\"https:\/\/www.kblmachinery.com\/es\/concrete-batching-machine\/\" \/>\n<meta property=\"og:site_name\" content=\"Kimberly Machinery\" \/>\n<meta property=\"article:publisher\" content=\"https:\/\/www.facebook.com\/KimberlyMachinery\" \/>\n<meta property=\"article:modified_time\" content=\"2025-11-28T06:46:01+00:00\" \/>\n<meta property=\"og:image\" content=\"https:\/\/www.kblmachinery.com\/wp-content\/uploads\/2025\/11\/Concrete-Batching-Machine-2.webp\" \/>\n\t<meta property=\"og:image:width\" content=\"800\" \/>\n\t<meta property=\"og:image:height\" content=\"800\" \/>\n\t<meta property=\"og:image:type\" content=\"image\/webp\" \/>\n<meta name=\"twitter:card\" content=\"summary_large_image\" \/>\n<meta name=\"twitter:label1\" content=\"Tiempo de lectura\" \/>\n\t<meta name=\"twitter:data1\" content=\"2 minutos\" \/>\n<script type=\"application\/ld+json\" class=\"yoast-schema-graph\">{\"@context\":\"https:\/\/schema.org\",\"@graph\":[{\"@type\":\"WebPage\",\"@id\":\"https:\/\/www.kblmachinery.com\/concrete-batching-machine\/\",\"url\":\"https:\/\/www.kblmachinery.com\/concrete-batching-machine\/\",\"name\":\"Concrete Batching Machine Supplier | Kimberly Machinery\",\"isPartOf\":{\"@id\":\"https:\/\/www.kblmachinery.com\/#website\"},\"primaryImageOfPage\":{\"@id\":\"https:\/\/www.kblmachinery.com\/concrete-batching-machine\/#primaryimage\"},\"image\":{\"@id\":\"https:\/\/www.kblmachinery.com\/concrete-batching-machine\/#primaryimage\"},\"thumbnailUrl\":\"https:\/\/www.kblmachinery.com\/wp-content\/uploads\/2025\/11\/Concrete-Batching-Machine-2.webp\",\"datePublished\":\"2024-08-18T07:33:00+00:00\",\"dateModified\":\"2025-11-28T06:46:01+00:00\",\"description\":\"High-efficiency concrete batching machine for accurate aggregates weighing. Suitable for concrete block production lines and block making machines.\",\"breadcrumb\":{\"@id\":\"https:\/\/www.kblmachinery.com\/concrete-batching-machine\/#breadcrumb\"},\"inLanguage\":\"es\",\"potentialAction\":[{\"@type\":\"ReadAction\",\"target\":[\"https:\/\/www.kblmachinery.com\/concrete-batching-machine\/\"]}]},{\"@type\":\"ImageObject\",\"inLanguage\":\"es\",\"@id\":\"https:\/\/www.kblmachinery.com\/concrete-batching-machine\/#primaryimage\",\"url\":\"https:\/\/www.kblmachinery.com\/wp-content\/uploads\/2025\/11\/Concrete-Batching-Machine-2.webp\",\"contentUrl\":\"https:\/\/www.kblmachinery.com\/wp-content\/uploads\/2025\/11\/Concrete-Batching-Machine-2.webp\",\"width\":800,\"height\":800,\"caption\":\"Concrete Batching Machine\"},{\"@type\":\"BreadcrumbList\",\"@id\":\"https:\/\/www.kblmachinery.com\/concrete-batching-machine\/#breadcrumb\",\"itemListElement\":[{\"@type\":\"ListItem\",\"position\":1,\"name\":\"Home\",\"item\":\"https:\/\/www.kblmachinery.com\/\"},{\"@type\":\"ListItem\",\"position\":2,\"name\":\"Concrete Batching Machine\"}]},{\"@type\":\"WebSite\",\"@id\":\"https:\/\/www.kblmachinery.com\/#website\",\"url\":\"https:\/\/www.kblmachinery.com\/\",\"name\":\"Professional Brick\/Block Making Machine in China\",\"description\":\"Block Machine Manufacturer - Kimberly Machinery\",\"publisher\":{\"@id\":\"https:\/\/www.kblmachinery.com\/#organization\"},\"potentialAction\":[{\"@type\":\"SearchAction\",\"target\":{\"@type\":\"EntryPoint\",\"urlTemplate\":\"https:\/\/www.kblmachinery.com\/?s={search_term_string}\"},\"query-input\":{\"@type\":\"PropertyValueSpecification\",\"valueRequired\":true,\"valueName\":\"search_term_string\"}}],\"inLanguage\":\"es\"},{\"@type\":\"Organization\",\"@id\":\"https:\/\/www.kblmachinery.com\/#organization\",\"name\":\"Quanzhou Kimberly Machinery Manufacturing Co. Ltd\",\"url\":\"https:\/\/www.kblmachinery.com\/\",\"logo\":{\"@type\":\"ImageObject\",\"inLanguage\":\"es\",\"@id\":\"https:\/\/www.kblmachinery.com\/#\/schema\/logo\/image\/\",\"url\":\"https:\/\/www.kblmachinery.com\/wp-content\/uploads\/2025\/11\/cropped-logo-1-1.png\",\"contentUrl\":\"https:\/\/www.kblmachinery.com\/wp-content\/uploads\/2025\/11\/cropped-logo-1-1.png\",\"width\":123,\"height\":136,\"caption\":\"Quanzhou Kimberly Machinery Manufacturing Co. Ltd\"},\"image\":{\"@id\":\"https:\/\/www.kblmachinery.com\/#\/schema\/logo\/image\/\"},\"sameAs\":[\"https:\/\/www.facebook.com\/KimberlyMachinery\"]}]}<\/script>\n<!-- \/ Yoast SEO plugin. -->","yoast_head_json":{"title":"Concrete Batching Machine Supplier | Kimberly Machinery","description":"High-efficiency concrete batching machine for accurate aggregates weighing. Suitable for concrete block production lines and block making machines.","robots":{"index":"index","follow":"follow","max-snippet":"max-snippet:-1","max-image-preview":"max-image-preview:large","max-video-preview":"max-video-preview:-1"},"canonical":"https:\/\/www.kblmachinery.com\/es\/concrete-batching-machine\/","og_locale":"es_ES","og_type":"article","og_title":"Concrete Batching Machine Supplier | Kimberly Machinery","og_description":"High-efficiency concrete batching machine for accurate aggregates weighing. Suitable for concrete block production lines and block making machines.","og_url":"https:\/\/www.kblmachinery.com\/es\/concrete-batching-machine\/","og_site_name":"Kimberly Machinery","article_publisher":"https:\/\/www.facebook.com\/KimberlyMachinery","article_modified_time":"2025-11-28T06:46:01+00:00","og_image":[{"width":800,"height":800,"url":"https:\/\/www.kblmachinery.com\/wp-content\/uploads\/2025\/11\/Concrete-Batching-Machine-2.webp","type":"image\/webp"}],"twitter_card":"summary_large_image","twitter_misc":{"Tiempo de lectura":"2 minutos"},"schema":{"@context":"https:\/\/schema.org","@graph":[{"@type":"WebPage","@id":"https:\/\/www.kblmachinery.com\/concrete-batching-machine\/","url":"https:\/\/www.kblmachinery.com\/concrete-batching-machine\/","name":"Concrete Batching Machine Supplier | Kimberly Machinery","isPartOf":{"@id":"https:\/\/www.kblmachinery.com\/#website"},"primaryImageOfPage":{"@id":"https:\/\/www.kblmachinery.com\/concrete-batching-machine\/#primaryimage"},"image":{"@id":"https:\/\/www.kblmachinery.com\/concrete-batching-machine\/#primaryimage"},"thumbnailUrl":"https:\/\/www.kblmachinery.com\/wp-content\/uploads\/2025\/11\/Concrete-Batching-Machine-2.webp","datePublished":"2024-08-18T07:33:00+00:00","dateModified":"2025-11-28T06:46:01+00:00","description":"High-efficiency concrete batching machine for accurate aggregates weighing. Suitable for concrete block production lines and block making machines.","breadcrumb":{"@id":"https:\/\/www.kblmachinery.com\/concrete-batching-machine\/#breadcrumb"},"inLanguage":"es","potentialAction":[{"@type":"ReadAction","target":["https:\/\/www.kblmachinery.com\/concrete-batching-machine\/"]}]},{"@type":"ImageObject","inLanguage":"es","@id":"https:\/\/www.kblmachinery.com\/concrete-batching-machine\/#primaryimage","url":"https:\/\/www.kblmachinery.com\/wp-content\/uploads\/2025\/11\/Concrete-Batching-Machine-2.webp","contentUrl":"https:\/\/www.kblmachinery.com\/wp-content\/uploads\/2025\/11\/Concrete-Batching-Machine-2.webp","width":800,"height":800,"caption":"Concrete Batching Machine"},{"@type":"BreadcrumbList","@id":"https:\/\/www.kblmachinery.com\/concrete-batching-machine\/#breadcrumb","itemListElement":[{"@type":"ListItem","position":1,"name":"Home","item":"https:\/\/www.kblmachinery.com\/"},{"@type":"ListItem","position":2,"name":"Concrete Batching Machine"}]},{"@type":"WebSite","@id":"https:\/\/www.kblmachinery.com\/#website","url":"https:\/\/www.kblmachinery.com\/","name":"Professional Brick\/Block Making Machine in China","description":"Block Machine Manufacturer - Kimberly Machinery","publisher":{"@id":"https:\/\/www.kblmachinery.com\/#organization"},"potentialAction":[{"@type":"SearchAction","target":{"@type":"EntryPoint","urlTemplate":"https:\/\/www.kblmachinery.com\/?s={search_term_string}"},"query-input":{"@type":"PropertyValueSpecification","valueRequired":true,"valueName":"search_term_string"}}],"inLanguage":"es"},{"@type":"Organization","@id":"https:\/\/www.kblmachinery.com\/#organization","name":"Quanzhou Kimberly Machinery Manufacturing Co. Ltd","url":"https:\/\/www.kblmachinery.com\/","logo":{"@type":"ImageObject","inLanguage":"es","@id":"https:\/\/www.kblmachinery.com\/#\/schema\/logo\/image\/","url":"https:\/\/www.kblmachinery.com\/wp-content\/uploads\/2025\/11\/cropped-logo-1-1.png","contentUrl":"https:\/\/www.kblmachinery.com\/wp-content\/uploads\/2025\/11\/cropped-logo-1-1.png","width":123,"height":136,"caption":"Quanzhou Kimberly Machinery Manufacturing Co. Ltd"},"image":{"@id":"https:\/\/www.kblmachinery.com\/#\/schema\/logo\/image\/"},"sameAs":["https:\/\/www.facebook.com\/KimberlyMachinery"]}]}},"_links":{"self":[{"href":"https:\/\/www.kblmachinery.com\/es\/wp-json\/wp\/v2\/product\/8354","targetHints":{"allow":["GET"]}}],"collection":[{"href":"https:\/\/www.kblmachinery.com\/es\/wp-json\/wp\/v2\/product"}],"about":[{"href":"https:\/\/www.kblmachinery.com\/es\/wp-json\/wp\/v2\/types\/product"}],"wp:featuredmedia":[{"embeddable":true,"href":"https:\/\/www.kblmachinery.com\/es\/wp-json\/wp\/v2\/media\/8355"}],"wp:attachment":[{"href":"https:\/\/www.kblmachinery.com\/es\/wp-json\/wp\/v2\/media?parent=8354"}],"wp:term":[{"taxonomy":"product_brand","embeddable":true,"href":"https:\/\/www.kblmachinery.com\/es\/wp-json\/wp\/v2\/product_brand?post=8354"},{"taxonomy":"product_cat","embeddable":true,"href":"https:\/\/www.kblmachinery.com\/es\/wp-json\/wp\/v2\/product_cat?post=8354"},{"taxonomy":"product_tag","embeddable":true,"href":"https:\/\/www.kblmachinery.com\/es\/wp-json\/wp\/v2\/product_tag?post=8354"}],"curies":[{"name":"wp","href":"https:\/\/api.w.org\/{rel}","templated":true}]}}