{"id":5988,"date":"2025-04-24T02:05:34","date_gmt":"2025-04-24T02:05:34","guid":{"rendered":"https:\/\/www.kblmachinery.com\/?page_id=5988"},"modified":"2025-11-17T07:08:15","modified_gmt":"2025-11-17T07:08:15","slug":"faq","status":"publish","type":"page","link":"https:\/\/www.kblmachinery.com\/fr\/faq\/","title":{"rendered":"FAQ"},"content":{"rendered":"<div class=\"path_bar\">\n        <div class=\"layout\">\n            <ul>\n                <li><a href=\"\/\">Accueil<\/a><\/li>\n                <!--\u9762\u5305\u5c51-->\n                    <li>\n                     <a href=\"\">FAQ<\/a><\/li>\n                <\/ul>\n        <\/div>\n    <\/div><h1 class=\"wp-block-heading has-text-align-center layout mt3 h20\" style=\"font-size:30px\">FAQ sur les machines \u00e0 blocs<\/h1><p class=\"has-text-align-center layout mb2 pa\">Trouvez des r\u00e9ponses claires et fiables aux questions les plus courantes concernant nos machines \u00e0 blocs, nos lignes de production de b\u00e9ton et notre service apr\u00e8s-vente.\u00a0<a href=\"https:\/\/www.kblmachinery.com\/contact-us\/\">Contactez nous<\/a>\u00a0pour obtenir plus d'informations.<\/p><div class=\"layout mb3\">\n     \n        <div class=\"accordion\">\n            <div class=\"accordion-item\">\n                <div class=\"accordion-header\">\n                    <h2>Q1 : Quels sont nos avantages ?<\/h2>\n                    <span class=\"accordion-icon\">&#8211;<\/span>\n                <\/div>\n                <div class=\"accordion-content open\">\n                    <p class=\"pa\">A : Professionnel\u00a0<a href=\"https:\/\/www.kblmachinery.com\/about-us\/\"><strong>fournisseur de machines \u00e0 blocs<\/strong><\/a>\u00a0Avec pr\u00e8s de 30 ans d'exp\u00e9rience dans la fabrication et 15 ans d'exp\u00e9rience dans le commerce, nos produits ont \u00e9t\u00e9 export\u00e9s dans plus de 50 pays. Nous pouvons fournir des suggestions plus professionnelles sur les points suivants\u00a0<a href=\"https:\/\/www.kblmachinery.com\/concrete-block-making-machine\/\"><strong>machine \u00e0 blocs<\/strong><\/a>\u00a0et l'installation, le service de formation pour vous.<\/p>\n                <\/div>\n            <\/div>\n            \n            <div class=\"accordion-item\">\n                <div class=\"accordion-header\">\n                    <h2>Q2 : Quels types de produits pouvons-nous fournir ?<\/h2>\n                    <span class=\"accordion-icon\">+<\/span>\n                <\/div>\n                <div class=\"accordion-content\">\n                    <p class=\"pa\">R : Tous les \u00e9quipements qui composent une ligne de production de briques en b\u00e9ton enti\u00e8rement automatique ou semi-automatique peuvent \u00eatre fournis, tels que\u00a0<a href=\"https:\/\/www.kblmachinery.com\/concrete-block-making-machine\/\">machine \u00e0 briques<\/a>,\u00a0<a href=\"https:\/\/www.kblmachinery.com\/concrete-mixing-plant\/\">b\u00e9tonni\u00e8re<\/a>,\u00a0<a href=\"https:\/\/www.kblmachinery.com\/concrete-batching-machine\/\">machine de dosage<\/a>,\u00a0<a href=\"https:\/\/www.kblmachinery.com\/block-palletizing-cuber\/\">bloc de palettisation cubeur<\/a>,\u00a0<a href=\"https:\/\/www.kblmachinery.com\/block-soaking-machine\/\">machine \u00e0 tremper les blocs<\/a>,\u00a0<a href=\"https:\/\/www.kblmachinery.com\/brick-packing-machine\/\">machine \u00e0 emballer les briques<\/a>Machine d'alimentation automatique des palettes,\u00a0<a href=\"https:\/\/www.kblmachinery.com\/gmt-fiber-pallets\/\">Palettes en fibre GMT<\/a>\u00a0et\u00a0<a href=\"https:\/\/www.kblmachinery.com\/pvc-pallets\/\">Palettes en PVC<\/a>\u00a0etc.<\/p>\n                <\/div>\n            <\/div>\n            \n            <div class=\"accordion-item\">\n                <div class=\"accordion-header\">\n                    <h2>Q3 : Comment fabriquer des briques de tailles et de formes diff\u00e9rentes avec une seule machine \u00e0 fabriquer des briques ?<\/h2>\n                    <span class=\"accordion-icon\">+<\/span>\n                <\/div>\n                <div class=\"accordion-content\">\n                    <p class=\"pa\">R : En changeant les moules \u00e0 blocs, il est possible de produire des briques pleines, des briques pour pav\u00e9s, des pierres de bordure, des briques creuses, des blocs d\u00e9coratifs, des blocs d'isolation et d'autres produits sp\u00e9ciaux non standard. Tous les moules \u00e0 blocs peuvent \u00eatre personnalis\u00e9s en fonction des types et des tailles de briques du march\u00e9 local de l'acheteur.<\/p>\n                <\/div>\n            <\/div>\n            \n            <div class=\"accordion-item\">\n                <div class=\"accordion-header\">\n                    <h2>Q4 : Qu'en est-il du service d'installation ?<\/h2>\n                    <span class=\"accordion-icon\">+<\/span>\n                <\/div>\n                <div class=\"accordion-content\">\n                    <p>R : Apr\u00e8s la livraison, les usines sont install\u00e9es et mises en service par nos propres ing\u00e9nieurs qualifi\u00e9s et exp\u00e9riment\u00e9s.<\/p>\n                <\/div>\n            <\/div>\n            \n            <div class=\"accordion-item\">\n                <div class=\"accordion-header\">\n                    <h2>Q5 : Qu'en est-il du service apr\u00e8s-vente ?<\/h2>\n                    <span class=\"accordion-icon\">+<\/span>\n                <\/div>\n                <div class=\"accordion-content\">\n                    <p>R : Au cours de la premi\u00e8re ann\u00e9e et demie, nous fournissons gratuitement les \u00e9l\u00e9ments suivants :<br>\n1. Pi\u00e8ces de rechange de machines et d'\u00e9quipements (\u00e0 l'exception des pi\u00e8ces d'usure rapide)<br>\n2. R\u00e9paration des \u00e9quipements en panne (conception, processus de travail et production)<\/p>\n                <\/div>\n            <\/div>\n        <\/div>\n    <\/div><style>\n  \n        .accordion {\n            width: 100%;\n        }\n\n        .accordion-item {\n            border-bottom: 1px solid #eaeaea;\n        }\n        \n        .accordion-header {\n            padding: 18px 20px;\n            background-color: #f8f9fa;\n            cursor: pointer;\n            display: flex;\n            justify-content: space-between;\n            align-items: center;\n            transition: background-color 0.3s ease;\n        }\n        \n        .accordion-header:hover {\n            background-color: #e9ecef;\n        }\n        \n        .accordion-header h2 {\n            font-size: 18px;\n            font-weight: 600;\n            color: #012f81;\n        }\n        \n        .accordion-icon {\n            font-size: 18px;\n            font-weight: bold;\n            color: #012f81;\n            width: 24px;\n            height: 24px;\n            display: flex;\n            justify-content: center;\n            align-items: center;\n            transition: transform 0.3s ease;\n        }\n        \n        .accordion-content {\n            max-height: 0;\n            overflow: hidden;\n            transition: max-height 0.4s ease;\n            background-color: white;\n        }\n           .accordion-content.open {\n            max-height: none; \/* \u79fb\u9664\u9ad8\u5ea6\u9650\u5236 *\/\n        }\n        .accordion-content p {\n            padding: 20px;\n            line-height: 1.6;\n            color: #555;\n        }\n        \n        \/* \u54cd\u5e94\u5f0f\u8bbe\u8ba1 *\/\n        @media (max-width: 600px) {\n           \n            .accordion-header {\n                padding: 15px;\n            }\n            \n            .accordion-header h3 {\n                font-size: 1rem;\n            }\n        }\n    <\/style><script>\n        document.addEventListener('DOMContentLoaded', function() {\n            const accordionHeaders = document.querySelectorAll('.accordion-header');\n            \n            accordionHeaders.forEach(header => {\n                header.addEventListener('click', function() {\n                    const accordionItem = this.parentElement;\n                    const accordionContent = this.nextElementSibling;\n                    const accordionIcon = this.querySelector('.accordion-icon');\n                    \n                    \/\/ \u68c0\u67e5\u5f53\u524d\u9879\u76ee\u662f\u5426\u5df2\u7ecf\u5c55\u5f00\n                    const isCurrentlyOpen = accordionContent.classList.contains('open');\n                    \n                    \/\/ \u5173\u95ed\u6240\u6709\u9879\u76ee\n                    document.querySelectorAll('.accordion-item').forEach(item => {\n                        const content = item.querySelector('.accordion-content');\n                        const icon = item.querySelector('.accordion-icon');\n                        content.classList.remove('open');\n                        content.style.maxHeight = null;\n                        icon.textContent = '+';\n                    });\n                    \n                    \/\/ \u5982\u679c\u70b9\u51fb\u7684\u9879\u76ee\u539f\u672c\u662f\u5173\u95ed\u7684\uff0c\u5c31\u5c55\u5f00\u5b83\n                    if (!isCurrentlyOpen) {\n                        accordionContent.classList.add('open');\n                        accordionContent.style.maxHeight = 'none';\n                        accordionIcon.textContent = '-';\n                    }\n                });\n            });\n        });\n    <\/script><style>\n.mt3{\nmargin-top:3%\n\n}\n.mb2{\nmargin-bottom:2%\n\n}\n.mb3{\nmargin-bottom:3%\n\n}\n\n<\/style><style>\n@media screen and (max-width:768px){\n .h20{\nfont-size:20px!important\n\n}\n\n\n\n}\n\n<\/style>","protected":false},"excerpt":{"rendered":"<p>Home FAQ FAQ about Block Machines Find clear, reliable answers to the most common questions about our block machines, concrete production lines, and after-sales support.\u00a0Contact us\u00a0to get more information. Q1: What are our advantages? &#8211; A: Professional\u00a0block machine supplier\u00a0with almost 30 vears manufacture experience, 15 vears trading experience, our products have been exporing to over [&hellip;]<\/p>","protected":false},"author":1,"featured_media":0,"parent":0,"menu_order":0,"comment_status":"closed","ping_status":"closed","template":"","meta":{"footnotes":""},"class_list":["post-5988","page","type-page","status-publish","hentry"],"yoast_head":"<!-- This site is optimized with the Yoast SEO plugin v24.4 - https:\/\/yoast.com\/wordpress\/plugins\/seo\/ -->\n<title>Kimberly Machinery FAQ \u2013 Block &amp; Brick Machine Answers<\/title>\n<meta name=\"description\" content=\"Get expert answers to common questions about Kimberly Machinery\u2019s block making machines, concrete brick production lines, and after\u2011sales support.\" \/>\n<meta name=\"robots\" content=\"index, follow, max-snippet:-1, max-image-preview:large, max-video-preview:-1\" \/>\n<link rel=\"canonical\" href=\"https:\/\/www.kblmachinery.com\/fr\/faq\/\" \/>\n<meta property=\"og:locale\" content=\"fr_FR\" \/>\n<meta property=\"og:type\" content=\"article\" \/>\n<meta property=\"og:title\" content=\"Kimberly Machinery FAQ \u2013 Block &amp; Brick Machine Answers\" \/>\n<meta property=\"og:description\" content=\"Get expert answers to common questions about Kimberly Machinery\u2019s block making machines, concrete brick production lines, and after\u2011sales support.\" \/>\n<meta property=\"og:url\" content=\"https:\/\/www.kblmachinery.com\/fr\/faq\/\" \/>\n<meta property=\"og:site_name\" content=\"Kimberly Machinery\" \/>\n<meta property=\"article:publisher\" content=\"https:\/\/www.facebook.com\/KimberlyMachinery\" \/>\n<meta property=\"article:modified_time\" content=\"2025-11-17T07:08:15+00:00\" \/>\n<meta name=\"twitter:card\" content=\"summary_large_image\" \/>\n<meta name=\"twitter:label1\" content=\"Dur\u00e9e de lecture estim\u00e9e\" \/>\n\t<meta name=\"twitter:data1\" content=\"2 minutes\" \/>\n<script type=\"application\/ld+json\" class=\"yoast-schema-graph\">{\"@context\":\"https:\/\/schema.org\",\"@graph\":[{\"@type\":\"WebPage\",\"@id\":\"https:\/\/www.kblmachinery.com\/faq\/\",\"url\":\"https:\/\/www.kblmachinery.com\/faq\/\",\"name\":\"Kimberly Machinery FAQ \u2013 Block & Brick Machine Answers\",\"isPartOf\":{\"@id\":\"https:\/\/www.kblmachinery.com\/#website\"},\"datePublished\":\"2025-04-24T02:05:34+00:00\",\"dateModified\":\"2025-11-17T07:08:15+00:00\",\"description\":\"Get expert answers to common questions about Kimberly Machinery\u2019s block making machines, concrete brick production lines, and after\u2011sales support.\",\"breadcrumb\":{\"@id\":\"https:\/\/www.kblmachinery.com\/faq\/#breadcrumb\"},\"inLanguage\":\"fr-FR\",\"potentialAction\":[{\"@type\":\"ReadAction\",\"target\":[\"https:\/\/www.kblmachinery.com\/faq\/\"]}]},{\"@type\":\"BreadcrumbList\",\"@id\":\"https:\/\/www.kblmachinery.com\/faq\/#breadcrumb\",\"itemListElement\":[{\"@type\":\"ListItem\",\"position\":1,\"name\":\"Home\",\"item\":\"https:\/\/www.kblmachinery.com\/\"},{\"@type\":\"ListItem\",\"position\":2,\"name\":\"FAQ\"}]},{\"@type\":\"WebSite\",\"@id\":\"https:\/\/www.kblmachinery.com\/#website\",\"url\":\"https:\/\/www.kblmachinery.com\/\",\"name\":\"Professional Brick\/Block Making Machine in China\",\"description\":\"Block Machine Manufacturer - Kimberly Machinery\",\"publisher\":{\"@id\":\"https:\/\/www.kblmachinery.com\/#organization\"},\"potentialAction\":[{\"@type\":\"SearchAction\",\"target\":{\"@type\":\"EntryPoint\",\"urlTemplate\":\"https:\/\/www.kblmachinery.com\/?s={search_term_string}\"},\"query-input\":{\"@type\":\"PropertyValueSpecification\",\"valueRequired\":true,\"valueName\":\"search_term_string\"}}],\"inLanguage\":\"fr-FR\"},{\"@type\":\"Organization\",\"@id\":\"https:\/\/www.kblmachinery.com\/#organization\",\"name\":\"Quanzhou Kimberly Machinery Manufacturing Co. Ltd\",\"url\":\"https:\/\/www.kblmachinery.com\/\",\"logo\":{\"@type\":\"ImageObject\",\"inLanguage\":\"fr-FR\",\"@id\":\"https:\/\/www.kblmachinery.com\/#\/schema\/logo\/image\/\",\"url\":\"https:\/\/www.kblmachinery.com\/wp-content\/uploads\/2025\/11\/cropped-logo-1-1.png\",\"contentUrl\":\"https:\/\/www.kblmachinery.com\/wp-content\/uploads\/2025\/11\/cropped-logo-1-1.png\",\"width\":123,\"height\":136,\"caption\":\"Quanzhou Kimberly Machinery Manufacturing Co. Ltd\"},\"image\":{\"@id\":\"https:\/\/www.kblmachinery.com\/#\/schema\/logo\/image\/\"},\"sameAs\":[\"https:\/\/www.facebook.com\/KimberlyMachinery\"]}]}<\/script>\n<!-- \/ Yoast SEO plugin. -->","yoast_head_json":{"title":"Kimberly Machinery FAQ \u2013 Block & Brick Machine Answers","description":"Get expert answers to common questions about Kimberly Machinery\u2019s block making machines, concrete brick production lines, and after\u2011sales support.","robots":{"index":"index","follow":"follow","max-snippet":"max-snippet:-1","max-image-preview":"max-image-preview:large","max-video-preview":"max-video-preview:-1"},"canonical":"https:\/\/www.kblmachinery.com\/fr\/faq\/","og_locale":"fr_FR","og_type":"article","og_title":"Kimberly Machinery FAQ \u2013 Block & Brick Machine Answers","og_description":"Get expert answers to common questions about Kimberly Machinery\u2019s block making machines, concrete brick production lines, and after\u2011sales support.","og_url":"https:\/\/www.kblmachinery.com\/fr\/faq\/","og_site_name":"Kimberly Machinery","article_publisher":"https:\/\/www.facebook.com\/KimberlyMachinery","article_modified_time":"2025-11-17T07:08:15+00:00","twitter_card":"summary_large_image","twitter_misc":{"Dur\u00e9e de lecture estim\u00e9e":"2 minutes"},"schema":{"@context":"https:\/\/schema.org","@graph":[{"@type":"WebPage","@id":"https:\/\/www.kblmachinery.com\/faq\/","url":"https:\/\/www.kblmachinery.com\/faq\/","name":"Kimberly Machinery FAQ \u2013 Block & Brick Machine Answers","isPartOf":{"@id":"https:\/\/www.kblmachinery.com\/#website"},"datePublished":"2025-04-24T02:05:34+00:00","dateModified":"2025-11-17T07:08:15+00:00","description":"Get expert answers to common questions about Kimberly Machinery\u2019s block making machines, concrete brick production lines, and after\u2011sales support.","breadcrumb":{"@id":"https:\/\/www.kblmachinery.com\/faq\/#breadcrumb"},"inLanguage":"fr-FR","potentialAction":[{"@type":"ReadAction","target":["https:\/\/www.kblmachinery.com\/faq\/"]}]},{"@type":"BreadcrumbList","@id":"https:\/\/www.kblmachinery.com\/faq\/#breadcrumb","itemListElement":[{"@type":"ListItem","position":1,"name":"Home","item":"https:\/\/www.kblmachinery.com\/"},{"@type":"ListItem","position":2,"name":"FAQ"}]},{"@type":"WebSite","@id":"https:\/\/www.kblmachinery.com\/#website","url":"https:\/\/www.kblmachinery.com\/","name":"Professional Brick\/Block Making Machine in China","description":"Block Machine Manufacturer - Kimberly Machinery","publisher":{"@id":"https:\/\/www.kblmachinery.com\/#organization"},"potentialAction":[{"@type":"SearchAction","target":{"@type":"EntryPoint","urlTemplate":"https:\/\/www.kblmachinery.com\/?s={search_term_string}"},"query-input":{"@type":"PropertyValueSpecification","valueRequired":true,"valueName":"search_term_string"}}],"inLanguage":"fr-FR"},{"@type":"Organization","@id":"https:\/\/www.kblmachinery.com\/#organization","name":"Quanzhou Kimberly Machinery Manufacturing Co. Ltd","url":"https:\/\/www.kblmachinery.com\/","logo":{"@type":"ImageObject","inLanguage":"fr-FR","@id":"https:\/\/www.kblmachinery.com\/#\/schema\/logo\/image\/","url":"https:\/\/www.kblmachinery.com\/wp-content\/uploads\/2025\/11\/cropped-logo-1-1.png","contentUrl":"https:\/\/www.kblmachinery.com\/wp-content\/uploads\/2025\/11\/cropped-logo-1-1.png","width":123,"height":136,"caption":"Quanzhou Kimberly Machinery Manufacturing Co. Ltd"},"image":{"@id":"https:\/\/www.kblmachinery.com\/#\/schema\/logo\/image\/"},"sameAs":["https:\/\/www.facebook.com\/KimberlyMachinery"]}]}},"_links":{"self":[{"href":"https:\/\/www.kblmachinery.com\/fr\/wp-json\/wp\/v2\/pages\/5988","targetHints":{"allow":["GET"]}}],"collection":[{"href":"https:\/\/www.kblmachinery.com\/fr\/wp-json\/wp\/v2\/pages"}],"about":[{"href":"https:\/\/www.kblmachinery.com\/fr\/wp-json\/wp\/v2\/types\/page"}],"author":[{"embeddable":true,"href":"https:\/\/www.kblmachinery.com\/fr\/wp-json\/wp\/v2\/users\/1"}],"replies":[{"embeddable":true,"href":"https:\/\/www.kblmachinery.com\/fr\/wp-json\/wp\/v2\/comments?post=5988"}],"version-history":[{"count":21,"href":"https:\/\/www.kblmachinery.com\/fr\/wp-json\/wp\/v2\/pages\/5988\/revisions"}],"predecessor-version":[{"id":11314,"href":"https:\/\/www.kblmachinery.com\/fr\/wp-json\/wp\/v2\/pages\/5988\/revisions\/11314"}],"wp:attachment":[{"href":"https:\/\/www.kblmachinery.com\/fr\/wp-json\/wp\/v2\/media?parent=5988"}],"curies":[{"name":"wp","href":"https:\/\/api.w.org\/{rel}","templated":true}]}}