{"id":8092,"date":"2024-08-17T05:25:00","date_gmt":"2024-08-17T05:25:00","guid":{"rendered":"https:\/\/www.kblmachinery.com\/?post_type=product&#038;p=8092"},"modified":"2025-11-28T07:50:14","modified_gmt":"2025-11-28T07:50:14","slug":"hollow-block-mold-die-casting-steel","status":"publish","type":"product","link":"https:\/\/www.kblmachinery.com\/fr\/hollow-block-mold-die-casting-steel\/","title":{"rendered":"Bloc de briques creuses haut de gamme Plafond Pav\u00e9 Interlock Dalle de goutti\u00e8re Et moules sp\u00e9ciaux pour MASS HESS TIGER ZENITH ETC"},"content":{"rendered":"<h2 data-start=\"72\" data-end=\"162\"><strong data-start=\"72\" data-end=\"160\">Fabricant leader en Chine de moules \u00e0 blocs de b\u00e9ton et \u00e0 briques pour les machines de fabrication de blocs<\/strong><\/h2>\n<h3 data-start=\"164\" data-end=\"474\">1.Types de blocs<\/h3>\n<p data-start=\"164\" data-end=\"474\">Nous concevons et fabriquons des moules en acier de haute qualit\u00e9 pour les pav\u00e9s autobloquants, les dalles, les pav\u00e9s perm\u00e9ables, les bordures, les murs de sout\u00e8nement, les blocs creux et les blocs sp\u00e9ciaux. Nos moules r\u00e9pondent aux sp\u00e9cifications des clients tout en offrant des solutions innovantes pour diverses formes et tailles de blocs.<\/p>\n<h3 data-start=\"476\" data-end=\"674\">2. les mati\u00e8res premi\u00e8res<\/h3>\n<p data-start=\"476\" data-end=\"674\">Nos moules sont fabriqu\u00e9s en acier tremp\u00e9 et revenu de premi\u00e8re qualit\u00e9 import\u00e9 d'Italie. Le traitement thermique renforce la solidit\u00e9 de l'acier et sa r\u00e9sistance \u00e0 l'usure, ce qui garantit des performances durables.<\/p>\n<h3 data-start=\"676\" data-end=\"945\">3.Exp\u00e9rience en mati\u00e8re de fabrication<\/h3>\n<p data-start=\"676\" data-end=\"945\">Avec pr\u00e8s de 30 ans d'exp\u00e9rience, nous servons des clients dans le monde entier. En associant notre expertise \u00e0 des mat\u00e9riaux de haute qualit\u00e9, nous fournissons des moules durables compatibles avec les principales marques de machines \u00e0 blocs telles que Masa, Hess, Zenith, Tiger, Besser et Ritu.<\/p>\n<h2 data-start=\"947\" data-end=\"967\"><strong data-start=\"947\" data-end=\"965\">Caract\u00e9ristiques des moules :<\/strong><\/h2>\n<ul data-start=\"968\" data-end=\"1635\">\n<li data-start=\"968\" data-end=\"1150\">\n<p data-start=\"970\" data-end=\"1150\">Processus d'assemblage avanc\u00e9 : Nous utilisons des soudures de pr\u00e9cision et des traitements de d\u00e9stressage pour \u00e9viter la d\u00e9formation des cavit\u00e9s et des noyaux, ce qui garantit la pr\u00e9cision des dimensions et un fonctionnement sans heurts.<\/p>\n<\/li>\n<li data-start=\"1151\" data-end=\"1226\">\n<p data-start=\"1153\" data-end=\"1226\">D\u00e9gagement du pied de presse : 0,3-0,8 mm pour une compatibilit\u00e9 optimale avec la machine.<\/p>\n<\/li>\n<li data-start=\"1227\" data-end=\"1389\">\n<p data-start=\"1229\" data-end=\"1389\">Construction durable : Boulons \u00e0 haute r\u00e9sistance avec traitement anti-desserrage, assemblage standardis\u00e9 pour un remplacement facile des pi\u00e8ces, et plaques d'acier r\u00e9sistantes \u00e0 l'usure.<\/p>\n<\/li>\n<li data-start=\"1390\" data-end=\"1516\">\n<p data-start=\"1392\" data-end=\"1516\">Des performances accrues : L'amortissement des moules r\u00e9duit les vibrations et la conception num\u00e9rique des surfaces libres permet une personnalisation pr\u00e9cise.<\/p>\n<\/li>\n<li data-start=\"1517\" data-end=\"1635\">\n<p data-start=\"1519\" data-end=\"1635\">Traitement thermique : Carbonitruration \u00e0 60-65 HRC avec une profondeur de trempe minimale de 1,2 mm pour une durabilit\u00e9 \u00e0 long terme.<\/p>\n<\/li>\n<\/ul>\n<p><iframe loading=\"lazy\" title=\"Vid\u00e9o sur le fonctionnement des blocs ICF\" src=\"https:\/\/www.youtube.com\/embed\/czhs2wYoLZg\" width=\"556\" height=\"310\" frameborder=\"0\" allowfullscreen=\"allowfullscreen\"><\/iframe><\/p>","protected":false},"excerpt":{"rendered":"<p>1. The primary building materials utilized in building construction are hollow blocks.<br \/>\n2. Types and sizes vary depending on the type of wall and the intended usage.<br \/>\n3. Every mold can be altered to meet the needs of the buyer&#8217;s local market.<\/p>\n<p>&nbsp;<\/p>\n<table class=\"tg\" style=\"border-collapse: collapse; border-spacing: 0;\">\n<tbody>\n<tr>\n<td style=\"font-family: Arial, sans-serif; font-size: 14px; overflow: hidden; padding: 10px 5px; text-align: left; vertical-align: top; word-break: normal; border: 1px solid black;\">Num\u00e9ro d'article :<\/td>\n<td style=\"font-family: Arial, sans-serif; font-size: 14px; overflow: hidden; padding: 10px 5px; text-align: left; vertical-align: top; word-break: normal; border: 1px solid black;\">moule \u00e0 bloc creux<\/td>\n<\/tr>\n<tr>\n<td style=\"font-family: Arial, sans-serif; font-size: 14px; overflow: hidden; padding: 10px 5px; text-align: left; vertical-align: top; word-break: normal; border: 1px solid black;\">Commande (MOQ) :<\/td>\n<td style=\"font-family: Arial, sans-serif; font-size: 14px; overflow: hidden; padding: 10px 5px; text-align: left; vertical-align: top; word-break: normal; border: 1px solid black;\">1 Ensemble<\/td>\n<\/tr>\n<tr>\n<td style=\"font-family: Arial, sans-serif; font-size: 14px; overflow: hidden; padding: 10px 5px; text-align: left; vertical-align: top; word-break: normal; border: 1px solid black;\">Paiement :<\/td>\n<td style=\"font-family: Arial, sans-serif; font-size: 14px; overflow: hidden; padding: 10px 5px; text-align: left; vertical-align: top; word-break: normal; border: 1px solid black;\">T\/T 50% comme d\u00e9p\u00f4t, le reste sera pay\u00e9 avant le chargement.<\/td>\n<\/tr>\n<tr>\n<td style=\"font-family: Arial, sans-serif; font-size: 14px; overflow: hidden; padding: 10px 5px; text-align: left; vertical-align: top; word-break: normal; border: 1px solid black;\">Origine du produit :<\/td>\n<td style=\"font-family: Arial, sans-serif; font-size: 14px; overflow: hidden; padding: 10px 5px; text-align: left; vertical-align: top; word-break: normal; border: 1px solid black;\">Quanzhou Fujian<\/td>\n<\/tr>\n<tr>\n<td style=\"font-family: Arial, sans-serif; font-size: 14px; overflow: hidden; padding: 10px 5px; text-align: left; vertical-align: top; word-break: normal; border: 1px solid black;\">Couleur :<\/td>\n<td style=\"font-family: Arial, sans-serif; font-size: 14px; overflow: hidden; padding: 10px 5px; text-align: left; vertical-align: top; word-break: normal; border: 1px solid black;\">as buyer&#8217;s need<\/td>\n<\/tr>\n<tr>\n<td style=\"font-family: Arial, sans-serif; font-size: 14px; overflow: hidden; padding: 10px 5px; text-align: left; vertical-align: top; word-break: normal; border: 1px solid black;\">Port d'embarquement :<\/td>\n<td style=\"font-family: Arial, sans-serif; font-size: 14px; overflow: hidden; padding: 10px 5px; text-align: left; vertical-align: top; word-break: normal; border: 1px solid black;\">Xiamen<\/td>\n<\/tr>\n<tr>\n<td style=\"font-family: Arial, sans-serif; font-size: 14px; overflow: hidden; padding: 10px 5px; text-align: left; vertical-align: top; word-break: normal; border: 1px solid black;\">D\u00e9lai d'ex\u00e9cution :<\/td>\n<td style=\"font-family: Arial, sans-serif; font-size: 14px; overflow: hidden; padding: 10px 5px; text-align: left; vertical-align: top; word-break: normal; border: 1px solid black;\">25-35 jours de travail<\/td>\n<\/tr>\n<tr>\n<td style=\"font-family: Arial, sans-serif; font-size: 14px; overflow: hidden; padding: 10px 5px; text-align: left; vertical-align: top; word-break: normal; border: 1px solid black;\">Poids :<\/td>\n<td style=\"font-family: Arial, sans-serif; font-size: 14px; overflow: hidden; padding: 10px 5px; text-align: left; vertical-align: top; word-break: normal; border: 1px solid black;\">500-2500 KGS<\/td>\n<\/tr>\n<\/tbody>\n<\/table>","protected":false},"featured_media":8093,"template":"","meta":[],"product_brand":[],"product_cat":[758,759],"product_tag":[],"class_list":{"0":"post-8092","1":"product","2":"type-product","3":"status-publish","4":"has-post-thumbnail","6":"product_cat-block-moulds","7":"product_cat-hollow-block-mould","9":"first","10":"instock","11":"shipping-taxable","12":"product-type-simple"},"yoast_head":"<!-- This site is optimized with the Yoast SEO plugin v24.4 - https:\/\/yoast.com\/wordpress\/plugins\/seo\/ -->\n<title>High-Quality Concrete Block &amp; Brick Molds Supplier \u2013 Kimberly Machinery<\/title>\n<meta name=\"description\" content=\"Durable steel molds for interlocking paving stones, hollow blocks, slabs, and curbstones. Heat-treated 60\u201365 HRC, compatible with Masa, Hess, Zenith.\" \/>\n<meta name=\"robots\" content=\"index, follow, max-snippet:-1, max-image-preview:large, max-video-preview:-1\" \/>\n<link rel=\"canonical\" href=\"https:\/\/www.kblmachinery.com\/fr\/hollow-block-mold-die-casting-steel\/\" \/>\n<meta property=\"og:locale\" content=\"fr_FR\" \/>\n<meta property=\"og:type\" content=\"article\" \/>\n<meta property=\"og:title\" content=\"High-Quality Concrete Block &amp; Brick Molds Supplier \u2013 Kimberly Machinery\" \/>\n<meta property=\"og:description\" content=\"Durable steel molds for interlocking paving stones, hollow blocks, slabs, and curbstones. Heat-treated 60\u201365 HRC, compatible with Masa, Hess, Zenith.\" \/>\n<meta property=\"og:url\" content=\"https:\/\/www.kblmachinery.com\/fr\/hollow-block-mold-die-casting-steel\/\" \/>\n<meta property=\"og:site_name\" content=\"Kimberly Machinery\" \/>\n<meta property=\"article:publisher\" content=\"https:\/\/www.facebook.com\/KimberlyMachinery\" \/>\n<meta property=\"article:modified_time\" content=\"2025-11-28T07:50:14+00:00\" \/>\n<meta property=\"og:image\" content=\"https:\/\/www.kblmachinery.com\/wp-content\/uploads\/2025\/11\/High-End-Hollow-Brick-Block-Ceiling-Paving-Stone-Interlock-Rain-Gutter-Slab-And-Special-Molds-for-MASS-HESS-TIGER-ZENITH-ETC.webp\" \/>\n\t<meta property=\"og:image:width\" content=\"805\" \/>\n\t<meta property=\"og:image:height\" content=\"805\" \/>\n\t<meta property=\"og:image:type\" content=\"image\/webp\" \/>\n<meta name=\"twitter:card\" content=\"summary_large_image\" \/>\n<meta name=\"twitter:label1\" content=\"Dur\u00e9e de lecture estim\u00e9e\" \/>\n\t<meta name=\"twitter:data1\" content=\"2 minutes\" \/>\n<script type=\"application\/ld+json\" class=\"yoast-schema-graph\">{\"@context\":\"https:\/\/schema.org\",\"@graph\":[{\"@type\":\"WebPage\",\"@id\":\"https:\/\/www.kblmachinery.com\/hollow-block-mold-die-casting-steel\/\",\"url\":\"https:\/\/www.kblmachinery.com\/hollow-block-mold-die-casting-steel\/\",\"name\":\"High-Quality Concrete Block & Brick Molds Supplier \u2013 Kimberly Machinery\",\"isPartOf\":{\"@id\":\"https:\/\/www.kblmachinery.com\/#website\"},\"primaryImageOfPage\":{\"@id\":\"https:\/\/www.kblmachinery.com\/hollow-block-mold-die-casting-steel\/#primaryimage\"},\"image\":{\"@id\":\"https:\/\/www.kblmachinery.com\/hollow-block-mold-die-casting-steel\/#primaryimage\"},\"thumbnailUrl\":\"https:\/\/www.kblmachinery.com\/wp-content\/uploads\/2025\/11\/High-End-Hollow-Brick-Block-Ceiling-Paving-Stone-Interlock-Rain-Gutter-Slab-And-Special-Molds-for-MASS-HESS-TIGER-ZENITH-ETC.webp\",\"datePublished\":\"2024-08-17T05:25:00+00:00\",\"dateModified\":\"2025-11-28T07:50:14+00:00\",\"description\":\"Durable steel molds for interlocking paving stones, hollow blocks, slabs, and curbstones. Heat-treated 60\u201365 HRC, compatible with Masa, Hess, Zenith.\",\"breadcrumb\":{\"@id\":\"https:\/\/www.kblmachinery.com\/hollow-block-mold-die-casting-steel\/#breadcrumb\"},\"inLanguage\":\"fr-FR\",\"potentialAction\":[{\"@type\":\"ReadAction\",\"target\":[\"https:\/\/www.kblmachinery.com\/hollow-block-mold-die-casting-steel\/\"]}]},{\"@type\":\"ImageObject\",\"inLanguage\":\"fr-FR\",\"@id\":\"https:\/\/www.kblmachinery.com\/hollow-block-mold-die-casting-steel\/#primaryimage\",\"url\":\"https:\/\/www.kblmachinery.com\/wp-content\/uploads\/2025\/11\/High-End-Hollow-Brick-Block-Ceiling-Paving-Stone-Interlock-Rain-Gutter-Slab-And-Special-Molds-for-MASS-HESS-TIGER-ZENITH-ETC.webp\",\"contentUrl\":\"https:\/\/www.kblmachinery.com\/wp-content\/uploads\/2025\/11\/High-End-Hollow-Brick-Block-Ceiling-Paving-Stone-Interlock-Rain-Gutter-Slab-And-Special-Molds-for-MASS-HESS-TIGER-ZENITH-ETC.webp\",\"width\":805,\"height\":805,\"caption\":\"hollow block mould design\"},{\"@type\":\"BreadcrumbList\",\"@id\":\"https:\/\/www.kblmachinery.com\/hollow-block-mold-die-casting-steel\/#breadcrumb\",\"itemListElement\":[{\"@type\":\"ListItem\",\"position\":1,\"name\":\"Home\",\"item\":\"https:\/\/www.kblmachinery.com\/\"},{\"@type\":\"ListItem\",\"position\":2,\"name\":\"High-End Hollow Brick Block Ceiling Paving Stone Interlock Rain-Gutter Slab And Special Molds for MASS HESS TIGER ZENITH ETC\"}]},{\"@type\":\"WebSite\",\"@id\":\"https:\/\/www.kblmachinery.com\/#website\",\"url\":\"https:\/\/www.kblmachinery.com\/\",\"name\":\"Professional Brick\/Block Making Machine in China\",\"description\":\"Block Machine Manufacturer - Kimberly Machinery\",\"publisher\":{\"@id\":\"https:\/\/www.kblmachinery.com\/#organization\"},\"potentialAction\":[{\"@type\":\"SearchAction\",\"target\":{\"@type\":\"EntryPoint\",\"urlTemplate\":\"https:\/\/www.kblmachinery.com\/?s={search_term_string}\"},\"query-input\":{\"@type\":\"PropertyValueSpecification\",\"valueRequired\":true,\"valueName\":\"search_term_string\"}}],\"inLanguage\":\"fr-FR\"},{\"@type\":\"Organization\",\"@id\":\"https:\/\/www.kblmachinery.com\/#organization\",\"name\":\"Quanzhou Kimberly Machinery Manufacturing Co. Ltd\",\"url\":\"https:\/\/www.kblmachinery.com\/\",\"logo\":{\"@type\":\"ImageObject\",\"inLanguage\":\"fr-FR\",\"@id\":\"https:\/\/www.kblmachinery.com\/#\/schema\/logo\/image\/\",\"url\":\"https:\/\/www.kblmachinery.com\/wp-content\/uploads\/2025\/11\/cropped-logo-1-1.png\",\"contentUrl\":\"https:\/\/www.kblmachinery.com\/wp-content\/uploads\/2025\/11\/cropped-logo-1-1.png\",\"width\":123,\"height\":136,\"caption\":\"Quanzhou Kimberly Machinery Manufacturing Co. Ltd\"},\"image\":{\"@id\":\"https:\/\/www.kblmachinery.com\/#\/schema\/logo\/image\/\"},\"sameAs\":[\"https:\/\/www.facebook.com\/KimberlyMachinery\"]}]}<\/script>\n<!-- \/ Yoast SEO plugin. -->","yoast_head_json":{"title":"High-Quality Concrete Block & Brick Molds Supplier \u2013 Kimberly Machinery","description":"Durable steel molds for interlocking paving stones, hollow blocks, slabs, and curbstones. Heat-treated 60\u201365 HRC, compatible with Masa, Hess, Zenith.","robots":{"index":"index","follow":"follow","max-snippet":"max-snippet:-1","max-image-preview":"max-image-preview:large","max-video-preview":"max-video-preview:-1"},"canonical":"https:\/\/www.kblmachinery.com\/fr\/hollow-block-mold-die-casting-steel\/","og_locale":"fr_FR","og_type":"article","og_title":"High-Quality Concrete Block & Brick Molds Supplier \u2013 Kimberly Machinery","og_description":"Durable steel molds for interlocking paving stones, hollow blocks, slabs, and curbstones. Heat-treated 60\u201365 HRC, compatible with Masa, Hess, Zenith.","og_url":"https:\/\/www.kblmachinery.com\/fr\/hollow-block-mold-die-casting-steel\/","og_site_name":"Kimberly Machinery","article_publisher":"https:\/\/www.facebook.com\/KimberlyMachinery","article_modified_time":"2025-11-28T07:50:14+00:00","og_image":[{"width":805,"height":805,"url":"https:\/\/www.kblmachinery.com\/wp-content\/uploads\/2025\/11\/High-End-Hollow-Brick-Block-Ceiling-Paving-Stone-Interlock-Rain-Gutter-Slab-And-Special-Molds-for-MASS-HESS-TIGER-ZENITH-ETC.webp","type":"image\/webp"}],"twitter_card":"summary_large_image","twitter_misc":{"Dur\u00e9e de lecture estim\u00e9e":"2 minutes"},"schema":{"@context":"https:\/\/schema.org","@graph":[{"@type":"WebPage","@id":"https:\/\/www.kblmachinery.com\/hollow-block-mold-die-casting-steel\/","url":"https:\/\/www.kblmachinery.com\/hollow-block-mold-die-casting-steel\/","name":"High-Quality Concrete Block & Brick Molds Supplier \u2013 Kimberly Machinery","isPartOf":{"@id":"https:\/\/www.kblmachinery.com\/#website"},"primaryImageOfPage":{"@id":"https:\/\/www.kblmachinery.com\/hollow-block-mold-die-casting-steel\/#primaryimage"},"image":{"@id":"https:\/\/www.kblmachinery.com\/hollow-block-mold-die-casting-steel\/#primaryimage"},"thumbnailUrl":"https:\/\/www.kblmachinery.com\/wp-content\/uploads\/2025\/11\/High-End-Hollow-Brick-Block-Ceiling-Paving-Stone-Interlock-Rain-Gutter-Slab-And-Special-Molds-for-MASS-HESS-TIGER-ZENITH-ETC.webp","datePublished":"2024-08-17T05:25:00+00:00","dateModified":"2025-11-28T07:50:14+00:00","description":"Durable steel molds for interlocking paving stones, hollow blocks, slabs, and curbstones. Heat-treated 60\u201365 HRC, compatible with Masa, Hess, Zenith.","breadcrumb":{"@id":"https:\/\/www.kblmachinery.com\/hollow-block-mold-die-casting-steel\/#breadcrumb"},"inLanguage":"fr-FR","potentialAction":[{"@type":"ReadAction","target":["https:\/\/www.kblmachinery.com\/hollow-block-mold-die-casting-steel\/"]}]},{"@type":"ImageObject","inLanguage":"fr-FR","@id":"https:\/\/www.kblmachinery.com\/hollow-block-mold-die-casting-steel\/#primaryimage","url":"https:\/\/www.kblmachinery.com\/wp-content\/uploads\/2025\/11\/High-End-Hollow-Brick-Block-Ceiling-Paving-Stone-Interlock-Rain-Gutter-Slab-And-Special-Molds-for-MASS-HESS-TIGER-ZENITH-ETC.webp","contentUrl":"https:\/\/www.kblmachinery.com\/wp-content\/uploads\/2025\/11\/High-End-Hollow-Brick-Block-Ceiling-Paving-Stone-Interlock-Rain-Gutter-Slab-And-Special-Molds-for-MASS-HESS-TIGER-ZENITH-ETC.webp","width":805,"height":805,"caption":"hollow block mould design"},{"@type":"BreadcrumbList","@id":"https:\/\/www.kblmachinery.com\/hollow-block-mold-die-casting-steel\/#breadcrumb","itemListElement":[{"@type":"ListItem","position":1,"name":"Home","item":"https:\/\/www.kblmachinery.com\/"},{"@type":"ListItem","position":2,"name":"High-End Hollow Brick Block Ceiling Paving Stone Interlock Rain-Gutter Slab And Special Molds for MASS HESS TIGER ZENITH ETC"}]},{"@type":"WebSite","@id":"https:\/\/www.kblmachinery.com\/#website","url":"https:\/\/www.kblmachinery.com\/","name":"Professional Brick\/Block Making Machine in China","description":"Block Machine Manufacturer - Kimberly Machinery","publisher":{"@id":"https:\/\/www.kblmachinery.com\/#organization"},"potentialAction":[{"@type":"SearchAction","target":{"@type":"EntryPoint","urlTemplate":"https:\/\/www.kblmachinery.com\/?s={search_term_string}"},"query-input":{"@type":"PropertyValueSpecification","valueRequired":true,"valueName":"search_term_string"}}],"inLanguage":"fr-FR"},{"@type":"Organization","@id":"https:\/\/www.kblmachinery.com\/#organization","name":"Quanzhou Kimberly Machinery Manufacturing Co. Ltd","url":"https:\/\/www.kblmachinery.com\/","logo":{"@type":"ImageObject","inLanguage":"fr-FR","@id":"https:\/\/www.kblmachinery.com\/#\/schema\/logo\/image\/","url":"https:\/\/www.kblmachinery.com\/wp-content\/uploads\/2025\/11\/cropped-logo-1-1.png","contentUrl":"https:\/\/www.kblmachinery.com\/wp-content\/uploads\/2025\/11\/cropped-logo-1-1.png","width":123,"height":136,"caption":"Quanzhou Kimberly Machinery Manufacturing Co. Ltd"},"image":{"@id":"https:\/\/www.kblmachinery.com\/#\/schema\/logo\/image\/"},"sameAs":["https:\/\/www.facebook.com\/KimberlyMachinery"]}]}},"_links":{"self":[{"href":"https:\/\/www.kblmachinery.com\/fr\/wp-json\/wp\/v2\/product\/8092","targetHints":{"allow":["GET"]}}],"collection":[{"href":"https:\/\/www.kblmachinery.com\/fr\/wp-json\/wp\/v2\/product"}],"about":[{"href":"https:\/\/www.kblmachinery.com\/fr\/wp-json\/wp\/v2\/types\/product"}],"wp:featuredmedia":[{"embeddable":true,"href":"https:\/\/www.kblmachinery.com\/fr\/wp-json\/wp\/v2\/media\/8093"}],"wp:attachment":[{"href":"https:\/\/www.kblmachinery.com\/fr\/wp-json\/wp\/v2\/media?parent=8092"}],"wp:term":[{"taxonomy":"product_brand","embeddable":true,"href":"https:\/\/www.kblmachinery.com\/fr\/wp-json\/wp\/v2\/product_brand?post=8092"},{"taxonomy":"product_cat","embeddable":true,"href":"https:\/\/www.kblmachinery.com\/fr\/wp-json\/wp\/v2\/product_cat?post=8092"},{"taxonomy":"product_tag","embeddable":true,"href":"https:\/\/www.kblmachinery.com\/fr\/wp-json\/wp\/v2\/product_tag?post=8092"}],"curies":[{"name":"wp","href":"https:\/\/api.w.org\/{rel}","templated":true}]}}