{"id":8102,"date":"2024-08-17T05:10:00","date_gmt":"2024-08-17T05:10:00","guid":{"rendered":"https:\/\/www.kblmachinery.com\/?post_type=product&#038;p=8102"},"modified":"2025-11-28T07:52:00","modified_gmt":"2025-11-28T07:52:00","slug":"solid-brick-mold-hollow-block-mould-for-brick-making-machine-like-masa-hess-tiger","status":"publish","type":"product","link":"https:\/\/www.kblmachinery.com\/fr\/solid-brick-mold-hollow-block-mould-for-brick-making-machine-like-masa-hess-tiger\/","title":{"rendered":"Moule \u00e0 briques creuses pour machine \u00e0 fabriquer des briques comme MASA HESS TIGER"},"content":{"rendered":"<h2>Moules pour blocs pleins et creux pour MASA HESS TIGER<\/h2>\n<table class=\"tg\" style=\"border-collapse: collapse; border-spacing: 0px; height: 170px;\" width=\"100%\">\n<tbody>\n<tr>\n<td style=\"font-family: Arial, sans-serif; font-size: 14px; overflow: hidden; padding: 10px 5px; text-align: left; vertical-align: top; word-break: normal; border: 1px solid black;\">Nom<\/td>\n<td style=\"font-family: Arial, sans-serif; font-size: 14px; overflow: hidden; padding: 10px 5px; text-align: left; vertical-align: top; word-break: normal; border: 1px solid black;\">moule pour blocs creux<\/td>\n<td style=\"font-family: Arial, sans-serif; font-size: 14px; overflow: hidden; padding: 10px 5px; text-align: left; vertical-align: top; word-break: normal; border: 1px solid black;\">Traitement thermique<\/td>\n<td style=\"font-family: Arial, sans-serif; font-size: 14px; overflow: hidden; padding: 10px 5px; text-align: left; vertical-align: top; word-break: normal; border: 1px solid black;\">Carbonitruration 900-950<span style=\"color: #555;\">\u00b0<\/span>C<\/td>\n<\/tr>\n<tr>\n<td style=\"font-family: Arial, sans-serif; font-size: 14px; overflow: hidden; padding: 10px 5px; text-align: left; vertical-align: top; word-break: normal; border: 1px solid black;\">mati\u00e8re premi\u00e8re<\/td>\n<td style=\"font-family: Arial, sans-serif; font-size: 14px; overflow: hidden; padding: 10px 5px; text-align: left; vertical-align: top; word-break: normal; border: 1px solid black;\">acier sp\u00e9cial r\u00e9sistant \u00e0 l'usure<\/td>\n<td style=\"font-family: Arial, sans-serif; font-size: 14px; overflow: hidden; padding: 10px 5px; text-align: left; vertical-align: top; word-break: normal; border: 1px solid black;\">Duret\u00e9<\/td>\n<td style=\"font-family: Arial, sans-serif; font-size: 14px; overflow: hidden; padding: 10px 5px; text-align: left; vertical-align: top; word-break: normal; border: 1px solid black;\">60-65HRC<\/td>\n<\/tr>\n<tr>\n<td style=\"font-family: Arial, sans-serif; font-size: 14px; overflow: hidden; padding: 10px 5px; text-align: left; vertical-align: top; word-break: normal; border: 1px solid black;\">Type de bloc<\/td>\n<td style=\"font-family: Arial, sans-serif; font-size: 14px; overflow: hidden; padding: 10px 5px; text-align: left; vertical-align: top; word-break: normal; border: 1px solid black;\">Les blocs creux, les blocs \u00e0 embo\u00eetement, les pav\u00e9s et les bordures peuvent \u00eatre personnalis\u00e9s.<\/td>\n<td style=\"font-family: Arial, sans-serif; font-size: 14px; overflow: hidden; padding: 10px 5px; text-align: left; vertical-align: top; word-break: normal; border: 1px solid black;\">Code HS<\/td>\n<td style=\"font-family: Arial, sans-serif; font-size: 14px; overflow: hidden; padding: 10px 5px; text-align: left; vertical-align: top; word-break: normal; border: 1px solid black;\">848060<\/td>\n<\/tr>\n<tr>\n<td style=\"font-family: Arial, sans-serif; font-size: 14px; overflow: hidden; padding: 10px 5px; text-align: left; vertical-align: top; word-break: normal; border: 1px solid black;\">dur\u00e9e de vie<\/td>\n<td style=\"font-family: Arial, sans-serif; font-size: 14px; overflow: hidden; padding: 10px 5px; text-align: left; vertical-align: top; word-break: normal; border: 1px solid black;\">100000-120000 fois<\/td>\n<td style=\"font-family: Arial, sans-serif; font-size: 14px; overflow: hidden; padding: 10px 5px; text-align: left; vertical-align: top; word-break: normal; border: 1px solid black;\">Emballage<\/td>\n<td style=\"font-family: Arial, sans-serif; font-size: 14px; overflow: hidden; padding: 10px 5px; text-align: left; vertical-align: top; word-break: normal; border: 1px solid black;\">Bois + film plastique<\/td>\n<\/tr>\n<\/tbody>\n<\/table>\n<h2><img loading=\"lazy\" decoding=\"async\" class=\"alignnone size-full wp-image-11251\" src=\"https:\/\/www.kblmachinery.com\/wp-content\/uploads\/2025\/11\/imh8.webp\" alt=\"\" width=\"800\" height=\"600\" srcset=\"https:\/\/www.kblmachinery.com\/wp-content\/uploads\/2025\/11\/imh8.webp 800w, https:\/\/www.kblmachinery.com\/wp-content\/uploads\/2025\/11\/imh8-300x225.webp 300w, https:\/\/www.kblmachinery.com\/wp-content\/uploads\/2025\/11\/imh8-768x576.webp 768w, https:\/\/www.kblmachinery.com\/wp-content\/uploads\/2025\/11\/imh8-16x12.webp 16w, https:\/\/www.kblmachinery.com\/wp-content\/uploads\/2025\/11\/imh8-600x450.webp 600w\" sizes=\"auto, (max-width: 800px) 100vw, 800px\" \/> <img loading=\"lazy\" decoding=\"async\" class=\"alignnone size-full wp-image-11256\" src=\"https:\/\/www.kblmachinery.com\/wp-content\/uploads\/2025\/11\/img3.webp\" alt=\"\" width=\"800\" height=\"600\" srcset=\"https:\/\/www.kblmachinery.com\/wp-content\/uploads\/2025\/11\/img3.webp 800w, https:\/\/www.kblmachinery.com\/wp-content\/uploads\/2025\/11\/img3-300x225.webp 300w, https:\/\/www.kblmachinery.com\/wp-content\/uploads\/2025\/11\/img3-768x576.webp 768w, https:\/\/www.kblmachinery.com\/wp-content\/uploads\/2025\/11\/img3-16x12.webp 16w, https:\/\/www.kblmachinery.com\/wp-content\/uploads\/2025\/11\/img3-600x450.webp 600w\" sizes=\"auto, (max-width: 800px) 100vw, 800px\" \/> <img loading=\"lazy\" decoding=\"async\" class=\"alignnone size-full wp-image-11249\" src=\"https:\/\/www.kblmachinery.com\/wp-content\/uploads\/2025\/11\/img9.webp\" alt=\"\" width=\"800\" height=\"600\" srcset=\"https:\/\/www.kblmachinery.com\/wp-content\/uploads\/2025\/11\/img9.webp 800w, https:\/\/www.kblmachinery.com\/wp-content\/uploads\/2025\/11\/img9-300x225.webp 300w, https:\/\/www.kblmachinery.com\/wp-content\/uploads\/2025\/11\/img9-768x576.webp 768w, https:\/\/www.kblmachinery.com\/wp-content\/uploads\/2025\/11\/img9-16x12.webp 16w, https:\/\/www.kblmachinery.com\/wp-content\/uploads\/2025\/11\/img9-600x450.webp 600w\" sizes=\"auto, (max-width: 800px) 100vw, 800px\" \/> <img loading=\"lazy\" decoding=\"async\" class=\"alignnone size-full wp-image-11253\" src=\"https:\/\/www.kblmachinery.com\/wp-content\/uploads\/2025\/11\/img7.webp\" alt=\"\" width=\"800\" height=\"600\" srcset=\"https:\/\/www.kblmachinery.com\/wp-content\/uploads\/2025\/11\/img7.webp 800w, https:\/\/www.kblmachinery.com\/wp-content\/uploads\/2025\/11\/img7-300x225.webp 300w, https:\/\/www.kblmachinery.com\/wp-content\/uploads\/2025\/11\/img7-768x576.webp 768w, https:\/\/www.kblmachinery.com\/wp-content\/uploads\/2025\/11\/img7-16x12.webp 16w, https:\/\/www.kblmachinery.com\/wp-content\/uploads\/2025\/11\/img7-600x450.webp 600w\" sizes=\"auto, (max-width: 800px) 100vw, 800px\" \/><\/h2>\n<h2>FAQ<\/h2>\n<h3>Comment obtenir un devis ?<\/h3>\n<ul>\n<li>Send us your detailed block drawings, and we&#8217;ll check them to provide a quote accordingly.<\/li>\n<li>Sans dessin, indiquez-nous le type de bloc dont vous avez besoin, creux ou plein. Envoyez-nous \u00e9galement une photo, en pr\u00e9cisant ses dimensions en longueur, largeur et \u00e9paisseur en mm.<\/li>\n<li>Quelles sont les dimensions de vos palettes ?<\/li>\n<li>Partagez la taille de votre t\u00eate de tamper et la hauteur de votre moule.<\/li>\n<li>Expliquez-nous comment votre moule est reli\u00e9 \u00e0 votre machine. Il serait utile de fournir des sch\u00e9mas de connexion.<\/li>\n<\/ul>\n<p>Once we have your details, we&#8217;ll prepare your quote quickly.<\/p>\n<h3>Qu'en est-il du d\u00e9lai de livraison ?<\/h3>\n<p>For standard molds, expect 20-25 workdays after receiving your deposit, and for high-end molds, it&#8217;s 30-40 workdays.<\/p>\n<h3>Comment se fait l'emballage de transport ?<\/h3>\n<p>Nous utilisons des caisses en bois recouvertes d'un film plastique, ou nous pouvons les personnaliser en fonction de vos besoins.<\/p>\n<h3>Le nouveau moule s'adaptera-t-il \u00e0 ma machine ?<\/h3>\n<p>We&#8217;ve made molds for various brands, possibly compatible with yours. You can either measure it yourself or let us do it through photos. This ensures a perfect fit without issues.<\/p>\n<h3>Quelles sont les conditions de paiement ?<\/h3>\n<p>Pour proc\u00e9der, nous demandons une avance de 50% par T\/T, et le solde doit \u00eatre pay\u00e9 avant l'exp\u00e9dition.<\/p>\n<h3>Comment puis-je vous contacter ?<\/h3>\n<p>Contactez-nous sur WeChat\/WhatsApp : +86-1330506196 ou +86-18960287187. Nous vous remercions !<\/p>\n<p><iframe loading=\"lazy\" title=\"Vid\u00e9o sur le fonctionnement des blocs ICF\" src=\"https:\/\/www.youtube.com\/embed\/czhs2wYoLZg\" width=\"556\" height=\"310\" frameborder=\"0\" allowfullscreen=\"allowfullscreen\"><\/iframe><\/p>","protected":false},"excerpt":{"rendered":"<p data-start=\"979\" data-end=\"1089\" data-is-last-node=\"\">We produce solid brick molds, concrete hollow blocks, porous bricks, solid bricks, paver blocks, river slope protection bricks, square bricks, wharf bricks, heat insulation bricks, grass planting bricks, and more. Additionally, we customize special-shaped brick molds to meet buyers&#8217; specific requirements.<\/p>\n<p>&nbsp;<\/p>\n<table class=\"tg\" style=\"border-collapse: collapse; border-spacing: 0px; height: 284px;\" width=\"100%\">\n<tbody>\n<tr>\n<td style=\"font-family: Arial, sans-serif; font-size: 14px; overflow: hidden; padding: 10px 5px; text-align: left; vertical-align: top; word-break: normal; border: 1px solid black;\">Commande (MOQ) :<\/td>\n<td style=\"font-family: Arial, sans-serif; font-size: 14px; overflow: hidden; padding: 10px 5px; text-align: left; vertical-align: top; word-break: normal; border: 1px solid black;\">1 Ensemble<\/td>\n<\/tr>\n<tr>\n<td style=\"font-family: Arial, sans-serif; font-size: 14px; overflow: hidden; padding: 10px 5px; text-align: left; vertical-align: top; word-break: normal; border: 1px solid black;\">Paiement :<\/td>\n<td style=\"font-family: Arial, sans-serif; font-size: 14px; overflow: hidden; padding: 10px 5px; text-align: left; vertical-align: top; word-break: normal; border: 1px solid black;\">Paiement T\/T 100% avant exp\u00e9dition ou 100% par L\/C confirm\u00e9e et irr\u00e9vocable \u00e0 vue.<\/td>\n<\/tr>\n<tr>\n<td style=\"font-family: Arial, sans-serif; font-size: 14px; overflow: hidden; padding: 10px 5px; text-align: left; vertical-align: top; word-break: normal; border: 1px solid black;\">Origine du produit :<\/td>\n<td style=\"font-family: Arial, sans-serif; font-size: 14px; overflow: hidden; padding: 10px 5px; text-align: left; vertical-align: top; word-break: normal; border: 1px solid black;\">Quanzhou Fujian<\/td>\n<\/tr>\n<tr>\n<td style=\"font-family: Arial, sans-serif; font-size: 14px; overflow: hidden; padding: 10px 5px; text-align: left; vertical-align: top; word-break: normal; border: 1px solid black;\">Couleur :<\/td>\n<td style=\"font-family: Arial, sans-serif; font-size: 14px; overflow: hidden; padding: 10px 5px; text-align: left; vertical-align: top; word-break: normal; border: 1px solid black;\">s'adapter \u00e0 la demande<\/td>\n<\/tr>\n<tr>\n<td style=\"font-family: Arial, sans-serif; font-size: 14px; overflow: hidden; padding: 10px 5px; text-align: left; vertical-align: top; word-break: normal; border: 1px solid black;\">Port d'embarquement :<\/td>\n<td style=\"font-family: Arial, sans-serif; font-size: 14px; overflow: hidden; padding: 10px 5px; text-align: left; vertical-align: top; word-break: normal; border: 1px solid black;\">Xiamen<\/td>\n<\/tr>\n<tr>\n<td style=\"font-family: Arial, sans-serif; font-size: 14px; overflow: hidden; padding: 10px 5px; text-align: left; vertical-align: top; word-break: normal; border: 1px solid black;\">D\u00e9lai d'ex\u00e9cution :<\/td>\n<td style=\"font-family: Arial, sans-serif; font-size: 14px; overflow: hidden; padding: 10px 5px; text-align: left; vertical-align: top; word-break: normal; border: 1px solid black;\">20-25 jours<\/td>\n<\/tr>\n<\/tbody>\n<\/table>","protected":false},"featured_media":8103,"template":"","meta":[],"product_brand":[],"product_cat":[758,759],"product_tag":[],"class_list":{"0":"post-8102","1":"product","2":"type-product","3":"status-publish","4":"has-post-thumbnail","6":"product_cat-block-moulds","7":"product_cat-hollow-block-mould","9":"first","10":"instock","11":"shipping-taxable","12":"product-type-simple"},"yoast_head":"<!-- This site is optimized with the Yoast SEO plugin v24.4 - https:\/\/yoast.com\/wordpress\/plugins\/seo\/ -->\n<title>Solid &amp; Hollow Block Moulds | MASA\u2011HESS\u2011Tiger Compatible<\/title>\n<meta name=\"description\" content=\"Durable solid and hollow brick molds for brick\u2011making machines like MASA, HESS, Tiger. High\u2011precision steel molds for reliable concrete block production.\" \/>\n<meta name=\"robots\" content=\"index, follow, max-snippet:-1, max-image-preview:large, max-video-preview:-1\" \/>\n<link rel=\"canonical\" href=\"https:\/\/www.kblmachinery.com\/fr\/solid-brick-mold-hollow-block-mould-for-brick-making-machine-like-masa-hess-tiger\/\" \/>\n<meta property=\"og:locale\" content=\"fr_FR\" \/>\n<meta property=\"og:type\" content=\"article\" \/>\n<meta property=\"og:title\" content=\"Solid &amp; Hollow Block Moulds | MASA\u2011HESS\u2011Tiger Compatible\" \/>\n<meta property=\"og:description\" content=\"Durable solid and hollow brick molds for brick\u2011making machines like MASA, HESS, Tiger. High\u2011precision steel molds for reliable concrete block production.\" \/>\n<meta property=\"og:url\" content=\"https:\/\/www.kblmachinery.com\/fr\/solid-brick-mold-hollow-block-mould-for-brick-making-machine-like-masa-hess-tiger\/\" \/>\n<meta property=\"og:site_name\" content=\"Kimberly Machinery\" \/>\n<meta property=\"article:publisher\" content=\"https:\/\/www.facebook.com\/KimberlyMachinery\" \/>\n<meta property=\"article:modified_time\" content=\"2025-11-28T07:52:00+00:00\" \/>\n<meta property=\"og:image\" content=\"https:\/\/www.kblmachinery.com\/wp-content\/uploads\/2025\/11\/Solid-Brick-Mold-Hollow-Block-Mould-for-Brick-Making-Machine-Like-MASA-HESS-TIGER.webp\" \/>\n\t<meta property=\"og:image:width\" content=\"805\" \/>\n\t<meta property=\"og:image:height\" content=\"805\" \/>\n\t<meta property=\"og:image:type\" content=\"image\/webp\" \/>\n<meta name=\"twitter:card\" content=\"summary_large_image\" \/>\n<meta name=\"twitter:label1\" content=\"Dur\u00e9e de lecture estim\u00e9e\" \/>\n\t<meta name=\"twitter:data1\" content=\"3 minutes\" \/>\n<script type=\"application\/ld+json\" class=\"yoast-schema-graph\">{\"@context\":\"https:\/\/schema.org\",\"@graph\":[{\"@type\":\"WebPage\",\"@id\":\"https:\/\/www.kblmachinery.com\/solid-brick-mold-hollow-block-mould-for-brick-making-machine-like-masa-hess-tiger\/\",\"url\":\"https:\/\/www.kblmachinery.com\/solid-brick-mold-hollow-block-mould-for-brick-making-machine-like-masa-hess-tiger\/\",\"name\":\"Solid & Hollow Block Moulds | MASA\u2011HESS\u2011Tiger Compatible\",\"isPartOf\":{\"@id\":\"https:\/\/www.kblmachinery.com\/#website\"},\"primaryImageOfPage\":{\"@id\":\"https:\/\/www.kblmachinery.com\/solid-brick-mold-hollow-block-mould-for-brick-making-machine-like-masa-hess-tiger\/#primaryimage\"},\"image\":{\"@id\":\"https:\/\/www.kblmachinery.com\/solid-brick-mold-hollow-block-mould-for-brick-making-machine-like-masa-hess-tiger\/#primaryimage\"},\"thumbnailUrl\":\"https:\/\/www.kblmachinery.com\/wp-content\/uploads\/2025\/11\/Solid-Brick-Mold-Hollow-Block-Mould-for-Brick-Making-Machine-Like-MASA-HESS-TIGER.webp\",\"datePublished\":\"2024-08-17T05:10:00+00:00\",\"dateModified\":\"2025-11-28T07:52:00+00:00\",\"description\":\"Durable solid and hollow brick molds for brick\u2011making machines like MASA, HESS, Tiger. High\u2011precision steel molds for reliable concrete block production.\",\"breadcrumb\":{\"@id\":\"https:\/\/www.kblmachinery.com\/solid-brick-mold-hollow-block-mould-for-brick-making-machine-like-masa-hess-tiger\/#breadcrumb\"},\"inLanguage\":\"fr-FR\",\"potentialAction\":[{\"@type\":\"ReadAction\",\"target\":[\"https:\/\/www.kblmachinery.com\/solid-brick-mold-hollow-block-mould-for-brick-making-machine-like-masa-hess-tiger\/\"]}]},{\"@type\":\"ImageObject\",\"inLanguage\":\"fr-FR\",\"@id\":\"https:\/\/www.kblmachinery.com\/solid-brick-mold-hollow-block-mould-for-brick-making-machine-like-masa-hess-tiger\/#primaryimage\",\"url\":\"https:\/\/www.kblmachinery.com\/wp-content\/uploads\/2025\/11\/Solid-Brick-Mold-Hollow-Block-Mould-for-Brick-Making-Machine-Like-MASA-HESS-TIGER.webp\",\"contentUrl\":\"https:\/\/www.kblmachinery.com\/wp-content\/uploads\/2025\/11\/Solid-Brick-Mold-Hollow-Block-Mould-for-Brick-Making-Machine-Like-MASA-HESS-TIGER.webp\",\"width\":805,\"height\":805,\"caption\":\"Hollow Block Mould\"},{\"@type\":\"BreadcrumbList\",\"@id\":\"https:\/\/www.kblmachinery.com\/solid-brick-mold-hollow-block-mould-for-brick-making-machine-like-masa-hess-tiger\/#breadcrumb\",\"itemListElement\":[{\"@type\":\"ListItem\",\"position\":1,\"name\":\"Home\",\"item\":\"https:\/\/www.kblmachinery.com\/\"},{\"@type\":\"ListItem\",\"position\":2,\"name\":\"Solid Brick Mold Hollow Block Mould for Brick Making Machine Like MASA HESS TIGER\"}]},{\"@type\":\"WebSite\",\"@id\":\"https:\/\/www.kblmachinery.com\/#website\",\"url\":\"https:\/\/www.kblmachinery.com\/\",\"name\":\"Professional Brick\/Block Making Machine in China\",\"description\":\"Block Machine Manufacturer - Kimberly Machinery\",\"publisher\":{\"@id\":\"https:\/\/www.kblmachinery.com\/#organization\"},\"potentialAction\":[{\"@type\":\"SearchAction\",\"target\":{\"@type\":\"EntryPoint\",\"urlTemplate\":\"https:\/\/www.kblmachinery.com\/?s={search_term_string}\"},\"query-input\":{\"@type\":\"PropertyValueSpecification\",\"valueRequired\":true,\"valueName\":\"search_term_string\"}}],\"inLanguage\":\"fr-FR\"},{\"@type\":\"Organization\",\"@id\":\"https:\/\/www.kblmachinery.com\/#organization\",\"name\":\"Quanzhou Kimberly Machinery Manufacturing Co. Ltd\",\"url\":\"https:\/\/www.kblmachinery.com\/\",\"logo\":{\"@type\":\"ImageObject\",\"inLanguage\":\"fr-FR\",\"@id\":\"https:\/\/www.kblmachinery.com\/#\/schema\/logo\/image\/\",\"url\":\"https:\/\/www.kblmachinery.com\/wp-content\/uploads\/2025\/11\/cropped-logo-1-1.png\",\"contentUrl\":\"https:\/\/www.kblmachinery.com\/wp-content\/uploads\/2025\/11\/cropped-logo-1-1.png\",\"width\":123,\"height\":136,\"caption\":\"Quanzhou Kimberly Machinery Manufacturing Co. Ltd\"},\"image\":{\"@id\":\"https:\/\/www.kblmachinery.com\/#\/schema\/logo\/image\/\"},\"sameAs\":[\"https:\/\/www.facebook.com\/KimberlyMachinery\"]}]}<\/script>\n<!-- \/ Yoast SEO plugin. -->","yoast_head_json":{"title":"Solid & Hollow Block Moulds | MASA\u2011HESS\u2011Tiger Compatible","description":"Durable solid and hollow brick molds for brick\u2011making machines like MASA, HESS, Tiger. High\u2011precision steel molds for reliable concrete block production.","robots":{"index":"index","follow":"follow","max-snippet":"max-snippet:-1","max-image-preview":"max-image-preview:large","max-video-preview":"max-video-preview:-1"},"canonical":"https:\/\/www.kblmachinery.com\/fr\/solid-brick-mold-hollow-block-mould-for-brick-making-machine-like-masa-hess-tiger\/","og_locale":"fr_FR","og_type":"article","og_title":"Solid & Hollow Block Moulds | MASA\u2011HESS\u2011Tiger Compatible","og_description":"Durable solid and hollow brick molds for brick\u2011making machines like MASA, HESS, Tiger. High\u2011precision steel molds for reliable concrete block production.","og_url":"https:\/\/www.kblmachinery.com\/fr\/solid-brick-mold-hollow-block-mould-for-brick-making-machine-like-masa-hess-tiger\/","og_site_name":"Kimberly Machinery","article_publisher":"https:\/\/www.facebook.com\/KimberlyMachinery","article_modified_time":"2025-11-28T07:52:00+00:00","og_image":[{"width":805,"height":805,"url":"https:\/\/www.kblmachinery.com\/wp-content\/uploads\/2025\/11\/Solid-Brick-Mold-Hollow-Block-Mould-for-Brick-Making-Machine-Like-MASA-HESS-TIGER.webp","type":"image\/webp"}],"twitter_card":"summary_large_image","twitter_misc":{"Dur\u00e9e de lecture estim\u00e9e":"3 minutes"},"schema":{"@context":"https:\/\/schema.org","@graph":[{"@type":"WebPage","@id":"https:\/\/www.kblmachinery.com\/solid-brick-mold-hollow-block-mould-for-brick-making-machine-like-masa-hess-tiger\/","url":"https:\/\/www.kblmachinery.com\/solid-brick-mold-hollow-block-mould-for-brick-making-machine-like-masa-hess-tiger\/","name":"Solid & Hollow Block Moulds | MASA\u2011HESS\u2011Tiger Compatible","isPartOf":{"@id":"https:\/\/www.kblmachinery.com\/#website"},"primaryImageOfPage":{"@id":"https:\/\/www.kblmachinery.com\/solid-brick-mold-hollow-block-mould-for-brick-making-machine-like-masa-hess-tiger\/#primaryimage"},"image":{"@id":"https:\/\/www.kblmachinery.com\/solid-brick-mold-hollow-block-mould-for-brick-making-machine-like-masa-hess-tiger\/#primaryimage"},"thumbnailUrl":"https:\/\/www.kblmachinery.com\/wp-content\/uploads\/2025\/11\/Solid-Brick-Mold-Hollow-Block-Mould-for-Brick-Making-Machine-Like-MASA-HESS-TIGER.webp","datePublished":"2024-08-17T05:10:00+00:00","dateModified":"2025-11-28T07:52:00+00:00","description":"Durable solid and hollow brick molds for brick\u2011making machines like MASA, HESS, Tiger. High\u2011precision steel molds for reliable concrete block production.","breadcrumb":{"@id":"https:\/\/www.kblmachinery.com\/solid-brick-mold-hollow-block-mould-for-brick-making-machine-like-masa-hess-tiger\/#breadcrumb"},"inLanguage":"fr-FR","potentialAction":[{"@type":"ReadAction","target":["https:\/\/www.kblmachinery.com\/solid-brick-mold-hollow-block-mould-for-brick-making-machine-like-masa-hess-tiger\/"]}]},{"@type":"ImageObject","inLanguage":"fr-FR","@id":"https:\/\/www.kblmachinery.com\/solid-brick-mold-hollow-block-mould-for-brick-making-machine-like-masa-hess-tiger\/#primaryimage","url":"https:\/\/www.kblmachinery.com\/wp-content\/uploads\/2025\/11\/Solid-Brick-Mold-Hollow-Block-Mould-for-Brick-Making-Machine-Like-MASA-HESS-TIGER.webp","contentUrl":"https:\/\/www.kblmachinery.com\/wp-content\/uploads\/2025\/11\/Solid-Brick-Mold-Hollow-Block-Mould-for-Brick-Making-Machine-Like-MASA-HESS-TIGER.webp","width":805,"height":805,"caption":"Hollow Block Mould"},{"@type":"BreadcrumbList","@id":"https:\/\/www.kblmachinery.com\/solid-brick-mold-hollow-block-mould-for-brick-making-machine-like-masa-hess-tiger\/#breadcrumb","itemListElement":[{"@type":"ListItem","position":1,"name":"Home","item":"https:\/\/www.kblmachinery.com\/"},{"@type":"ListItem","position":2,"name":"Solid Brick Mold Hollow Block Mould for Brick Making Machine Like MASA HESS TIGER"}]},{"@type":"WebSite","@id":"https:\/\/www.kblmachinery.com\/#website","url":"https:\/\/www.kblmachinery.com\/","name":"Professional Brick\/Block Making Machine in China","description":"Block Machine Manufacturer - Kimberly Machinery","publisher":{"@id":"https:\/\/www.kblmachinery.com\/#organization"},"potentialAction":[{"@type":"SearchAction","target":{"@type":"EntryPoint","urlTemplate":"https:\/\/www.kblmachinery.com\/?s={search_term_string}"},"query-input":{"@type":"PropertyValueSpecification","valueRequired":true,"valueName":"search_term_string"}}],"inLanguage":"fr-FR"},{"@type":"Organization","@id":"https:\/\/www.kblmachinery.com\/#organization","name":"Quanzhou Kimberly Machinery Manufacturing Co. Ltd","url":"https:\/\/www.kblmachinery.com\/","logo":{"@type":"ImageObject","inLanguage":"fr-FR","@id":"https:\/\/www.kblmachinery.com\/#\/schema\/logo\/image\/","url":"https:\/\/www.kblmachinery.com\/wp-content\/uploads\/2025\/11\/cropped-logo-1-1.png","contentUrl":"https:\/\/www.kblmachinery.com\/wp-content\/uploads\/2025\/11\/cropped-logo-1-1.png","width":123,"height":136,"caption":"Quanzhou Kimberly Machinery Manufacturing Co. Ltd"},"image":{"@id":"https:\/\/www.kblmachinery.com\/#\/schema\/logo\/image\/"},"sameAs":["https:\/\/www.facebook.com\/KimberlyMachinery"]}]}},"_links":{"self":[{"href":"https:\/\/www.kblmachinery.com\/fr\/wp-json\/wp\/v2\/product\/8102","targetHints":{"allow":["GET"]}}],"collection":[{"href":"https:\/\/www.kblmachinery.com\/fr\/wp-json\/wp\/v2\/product"}],"about":[{"href":"https:\/\/www.kblmachinery.com\/fr\/wp-json\/wp\/v2\/types\/product"}],"wp:featuredmedia":[{"embeddable":true,"href":"https:\/\/www.kblmachinery.com\/fr\/wp-json\/wp\/v2\/media\/8103"}],"wp:attachment":[{"href":"https:\/\/www.kblmachinery.com\/fr\/wp-json\/wp\/v2\/media?parent=8102"}],"wp:term":[{"taxonomy":"product_brand","embeddable":true,"href":"https:\/\/www.kblmachinery.com\/fr\/wp-json\/wp\/v2\/product_brand?post=8102"},{"taxonomy":"product_cat","embeddable":true,"href":"https:\/\/www.kblmachinery.com\/fr\/wp-json\/wp\/v2\/product_cat?post=8102"},{"taxonomy":"product_tag","embeddable":true,"href":"https:\/\/www.kblmachinery.com\/fr\/wp-json\/wp\/v2\/product_tag?post=8102"}],"curies":[{"name":"wp","href":"https:\/\/api.w.org\/{rel}","templated":true}]}}