{"id":8115,"date":"2024-08-17T05:04:00","date_gmt":"2024-08-17T05:04:00","guid":{"rendered":"https:\/\/www.kblmachinery.com\/?post_type=product&#038;p=8115"},"modified":"2025-11-28T07:53:43","modified_gmt":"2025-11-28T07:53:43","slug":"hourdi-moule-grass-stone-mold-eared-ceiling-block-for-concrete-brick-machine","status":"publish","type":"product","link":"https:\/\/www.kblmachinery.com\/fr\/hourdi-moule-grass-stone-mold-eared-ceiling-block-for-concrete-brick-machine\/","title":{"rendered":"Hourdi Moule Grass Stone Mold Eared Ceiling Block For Concrete Brick Machine"},"content":{"rendered":"<div class=\"flex max-w-full flex-col flex-grow\">\n<div class=\"min-h-8 text-message relative flex w-full flex-col items-end gap-2 whitespace-normal break-words text-start [.text-message+&amp;]:mt-5\" dir=\"auto\" data-message-author-role=\"assistant\" data-message-id=\"4e93b2a2-1e28-452a-9647-86f8aed4227d\" data-message-model-slug=\"gpt-4o\">\n<div class=\"flex w-full flex-col gap-1 empty:hidden first:pt-[3px]\">\n<div class=\"markdown prose w-full break-words dark:prose-invert light\">\n<h2 data-start=\"0\" data-end=\"50\">Moule en pierre de l'herbe Hourdi pour machine \u00e0 briques de b\u00e9ton<\/h2>\n<\/div>\n<\/div>\n<\/div>\n<\/div>\n<h3>1. Type de bloc :<\/h3>\n<p>We design and manufacture high-quality steel molds for producing interlocking paving stones, slabs, permeable paving stones, curbstones, retaining walls, hollow blocks, and other unique block types. We always adhere to our customers&#8217; specifications and offer new, innovative ideas to meet their needs.<\/p>\n<h3>2. Mati\u00e8re premi\u00e8re :<\/h3>\n<p>Nous utilisons de l'acier tremp\u00e9 et revenu de premi\u00e8re qualit\u00e9 import\u00e9 d'Italie pour fabriquer nos moules \u00e0 blocs de b\u00e9ton. Cet acier est ensuite trait\u00e9 pour am\u00e9liorer sa r\u00e9sistance \u00e0 l'abrasion, ce qui garantit sa durabilit\u00e9.<\/p>\n<h3>3. Exp\u00e9rience en mati\u00e8re de fabrication :<\/h3>\n<p>Avec pr\u00e8s de 30 ans d'exp\u00e9rience dans la fabrication, nous servons des clients dans le monde entier. En combinant notre expertise avec un acier de haute qualit\u00e9, nous assurons la livraison de produits de premier ordre \u00e0 des clients tels que Masa, Hess, Zenith, Tiger, Bessel, Ritu, et bien d'autres.<\/p>\n<h3>4. Application :<\/h3>\n<p>Nos moules sont compatibles avec la plupart des machines \u00e0 fabriquer des blocs dans le monde entier, y compris les marques Masa, Hess, Zenith, Tiger, Bessel, Ritu, etc.<\/p>\n<h2>Moule Technique Tata<\/h2>\n<table class=\"tg\" style=\"border-collapse: collapse; border-spacing: 0px; height: 202px;\" width=\"100%\">\n<tbody>\n<tr>\n<td style=\"font-family: Arial, sans-serif; font-size: 14px; overflow: hidden; padding: 10px 5px; text-align: left; vertical-align: top; word-break: normal; border: 1px solid black;\">Nom<\/td>\n<td style=\"font-family: Arial, sans-serif; font-size: 14px; overflow: hidden; padding: 10px 5px; text-align: left; vertical-align: top; word-break: normal; border: 1px solid black;\">moule pour pav\u00e9s<\/td>\n<td style=\"font-family: Arial, sans-serif; font-size: 14px; overflow: hidden; padding: 10px 5px; text-align: left; vertical-align: top; word-break: normal; border: 1px solid black;\">Traitement thermique<\/td>\n<td style=\"font-family: Arial, sans-serif; font-size: 14px; overflow: hidden; padding: 10px 5px; text-align: left; vertical-align: top; word-break: normal; border: 1px solid black;\">Carbonitruration 900-950<span style=\"color: #555;\">\u00b0<\/span>C<\/td>\n<\/tr>\n<tr>\n<td style=\"font-family: Arial, sans-serif; font-size: 14px; overflow: hidden; padding: 10px 5px; text-align: left; vertical-align: top; word-break: normal; border: 1px solid black;\">mati\u00e8re premi\u00e8re<\/td>\n<td style=\"font-family: Arial, sans-serif; font-size: 14px; overflow: hidden; padding: 10px 5px; text-align: left; vertical-align: top; word-break: normal; border: 1px solid black;\">acier sp\u00e9cial r\u00e9sistant \u00e0 l'usure<\/td>\n<td style=\"font-family: Arial, sans-serif; font-size: 14px; overflow: hidden; padding: 10px 5px; text-align: left; vertical-align: top; word-break: normal; border: 1px solid black;\">Duret\u00e9<\/td>\n<td style=\"font-family: Arial, sans-serif; font-size: 14px; overflow: hidden; padding: 10px 5px; text-align: left; vertical-align: top; word-break: normal; border: 1px solid black;\">60-65HRC<\/td>\n<\/tr>\n<tr>\n<td style=\"font-family: Arial, sans-serif; font-size: 14px; overflow: hidden; padding: 10px 5px; text-align: left; vertical-align: top; word-break: normal; border: 1px solid black;\">Type de bloc<\/td>\n<td style=\"font-family: Arial, sans-serif; font-size: 14px; overflow: hidden; padding: 10px 5px; text-align: left; vertical-align: top; word-break: normal; border: 1px solid black;\">Les blocs creux, les blocs \u00e0 embo\u00eetement, les pav\u00e9s et les pierres de bordure peuvent tous \u00eatre personnalis\u00e9s.<\/td>\n<td style=\"font-family: Arial, sans-serif; font-size: 14px; overflow: hidden; padding: 10px 5px; text-align: left; vertical-align: top; word-break: normal; border: 1px solid black;\">Code HS<\/td>\n<td style=\"font-family: Arial, sans-serif; font-size: 14px; overflow: hidden; padding: 10px 5px; text-align: left; vertical-align: top; word-break: normal; border: 1px solid black;\">848060<\/td>\n<\/tr>\n<tr>\n<td style=\"font-family: Arial, sans-serif; font-size: 14px; overflow: hidden; padding: 10px 5px; text-align: left; vertical-align: top; word-break: normal; border: 1px solid black;\">dur\u00e9e de vie<\/td>\n<td style=\"font-family: Arial, sans-serif; font-size: 14px; overflow: hidden; padding: 10px 5px; text-align: left; vertical-align: top; word-break: normal; border: 1px solid black;\">100000-120000 fois<\/td>\n<td style=\"font-family: Arial, sans-serif; font-size: 14px; overflow: hidden; padding: 10px 5px; text-align: left; vertical-align: top; word-break: normal; border: 1px solid black;\">Emballage<\/td>\n<td style=\"font-family: Arial, sans-serif; font-size: 14px; overflow: hidden; padding: 10px 5px; text-align: left; vertical-align: top; word-break: normal; border: 1px solid black;\">Bois + film plastique<\/td>\n<\/tr>\n<\/tbody>\n<\/table>\n<h2>FAQ<\/h2>\n<h3>1. Comment puis-je recevoir les offres ?<\/h3>\n<p>A. Send us your detailed block drawings, and we&#8217;ll check and quote accordingly. B. Need specific block types? Share pictures and dimensions in mm: length, width, thickness. C. What are your pallet&#8217;s dimensions? D. Tell us about your tamper head size and mold height. E. How does your mold connect to the machine? Provide connection drawings if you have them. We&#8217;ll prepare your quote after receiving this info.<\/p>\n<h3>2. What&#8217;s the delivery time?<\/h3>\n<p>Pour les moules courants, il faut compter 20 \u00e0 25 jours de travail apr\u00e8s r\u00e9ception du d\u00e9p\u00f4t ; pour les moules haut de gamme, il faut compter 30 \u00e0 40 jours de travail.<\/p>\n<h3>3. Comment l'emballage de transport est-il g\u00e9r\u00e9 ?<\/h3>\n<p>L'emballage comprend des caisses en bois avec un film plastique, ou selon vos sp\u00e9cifications !<\/p>\n<h3>4. Quelles sont les conditions de paiement ?<\/h3>\n<p>Pour ce faire, un acompte de 50% par T\/T est requis, et le solde doit \u00eatre r\u00e9gl\u00e9 avant l'exp\u00e9dition.<\/p>\n<h3>5. Comment puis-je vous contacter ?<\/h3>\n<p>Contactez-nous par WeChat\/WhatsApp : +86-1330506196 ou +86-18960287187. Merci d'avance !<\/p>\n<p><iframe loading=\"lazy\" title=\"Vid\u00e9o sur le fonctionnement des blocs ICF\" src=\"https:\/\/www.youtube.com\/embed\/czhs2wYoLZg\" width=\"556\" height=\"310\" frameborder=\"0\" allowfullscreen=\"allowfullscreen\"><\/iframe><\/p>","protected":false},"excerpt":{"rendered":"<ul>\n<li>Les blocs creux sont des mat\u00e9riaux de construction essentiels utilis\u00e9s dans la construction.<\/li>\n<li>Leurs tailles et leurs types varient en fonction des sp\u00e9cifications des murs et des lieux d'utilisation.<\/li>\n<li>Nous personnalisons tous les moules pour r\u00e9pondre aux besoins sp\u00e9cifiques du march\u00e9 local de l'acheteur.<\/li>\n<\/ul>\n<table class=\"tg\" style=\"border-collapse: collapse; border-spacing: 0px; height: 267px;\" width=\"100%\">\n<tbody>\n<tr>\n<td style=\"font-family: Arial, sans-serif; font-size: 14px; overflow: hidden; padding: 10px 5px; text-align: left; vertical-align: top; word-break: normal; border: 1px solid black;\">Commande (MOQ) :<\/td>\n<td style=\"font-family: Arial, sans-serif; font-size: 14px; overflow: hidden; padding: 10px 5px; text-align: left; vertical-align: top; word-break: normal; border: 1px solid black;\">1 Ensemble<\/td>\n<\/tr>\n<tr>\n<td style=\"font-family: Arial, sans-serif; font-size: 14px; overflow: hidden; padding: 10px 5px; text-align: left; vertical-align: top; word-break: normal; border: 1px solid black;\">Paiement :<\/td>\n<td style=\"font-family: Arial, sans-serif; font-size: 14px; overflow: hidden; padding: 10px 5px; text-align: left; vertical-align: top; word-break: normal; border: 1px solid black;\">Paiement T\/T 100% avant exp\u00e9dition ou 100% par L\/C confirm\u00e9e et irr\u00e9vocable \u00e0 vue.<\/td>\n<\/tr>\n<tr>\n<td style=\"font-family: Arial, sans-serif; font-size: 14px; overflow: hidden; padding: 10px 5px; text-align: left; vertical-align: top; word-break: normal; border: 1px solid black;\">Origine du produit :<\/td>\n<td style=\"font-family: Arial, sans-serif; font-size: 14px; overflow: hidden; padding: 10px 5px; text-align: left; vertical-align: top; word-break: normal; border: 1px solid black;\">Quanzhou Fujian<\/td>\n<\/tr>\n<tr>\n<td style=\"font-family: Arial, sans-serif; font-size: 14px; overflow: hidden; padding: 10px 5px; text-align: left; vertical-align: top; word-break: normal; border: 1px solid black;\">Couleur :<\/td>\n<td style=\"font-family: Arial, sans-serif; font-size: 14px; overflow: hidden; padding: 10px 5px; text-align: left; vertical-align: top; word-break: normal; border: 1px solid black;\">s'adapter \u00e0 la demande<\/td>\n<\/tr>\n<tr>\n<td style=\"font-family: Arial, sans-serif; font-size: 14px; overflow: hidden; padding: 10px 5px; text-align: left; vertical-align: top; word-break: normal; border: 1px solid black;\">Port d'embarquement :<\/td>\n<td style=\"font-family: Arial, sans-serif; font-size: 14px; overflow: hidden; padding: 10px 5px; text-align: left; vertical-align: top; word-break: normal; border: 1px solid black;\">Xiamen<\/td>\n<\/tr>\n<tr>\n<td style=\"font-family: Arial, sans-serif; font-size: 14px; overflow: hidden; padding: 10px 5px; text-align: left; vertical-align: top; word-break: normal; border: 1px solid black;\">D\u00e9lai d'ex\u00e9cution :<\/td>\n<td style=\"font-family: Arial, sans-serif; font-size: 14px; overflow: hidden; padding: 10px 5px; text-align: left; vertical-align: top; word-break: normal; border: 1px solid black;\">20-25 jours<\/td>\n<\/tr>\n<\/tbody>\n<\/table>\n<p>&nbsp;<\/p>","protected":false},"featured_media":8116,"template":"","meta":[],"product_brand":[],"product_cat":[758,759],"product_tag":[],"class_list":{"0":"post-8115","1":"product","2":"type-product","3":"status-publish","4":"has-post-thumbnail","6":"product_cat-block-moulds","7":"product_cat-hollow-block-mould","9":"first","10":"instock","11":"shipping-taxable","12":"product-type-simple"},"yoast_head":"<!-- This site is optimized with the Yoast SEO plugin v24.4 - https:\/\/yoast.com\/wordpress\/plugins\/seo\/ -->\n<title>Hourdi Grass\u2011Stone &amp; Ceiling Block Moulds | Kimberly Machinery<\/title>\n<meta name=\"description\" content=\"Premium moulds for grass stones, hollow blocks and ceiling blocks. Durable, wear\u2011resistant and compatible with MASA, HESS, Zenith block machines.\" \/>\n<meta name=\"robots\" content=\"index, follow, max-snippet:-1, max-image-preview:large, max-video-preview:-1\" \/>\n<link rel=\"canonical\" href=\"https:\/\/www.kblmachinery.com\/fr\/hourdi-moule-grass-stone-mold-eared-ceiling-block-for-concrete-brick-machine\/\" \/>\n<meta property=\"og:locale\" content=\"fr_FR\" \/>\n<meta property=\"og:type\" content=\"article\" \/>\n<meta property=\"og:title\" content=\"Hourdi Grass\u2011Stone &amp; Ceiling Block Moulds | Kimberly Machinery\" \/>\n<meta property=\"og:description\" content=\"Premium moulds for grass stones, hollow blocks and ceiling blocks. Durable, wear\u2011resistant and compatible with MASA, HESS, Zenith block machines.\" \/>\n<meta property=\"og:url\" content=\"https:\/\/www.kblmachinery.com\/fr\/hourdi-moule-grass-stone-mold-eared-ceiling-block-for-concrete-brick-machine\/\" \/>\n<meta property=\"og:site_name\" content=\"Kimberly Machinery\" \/>\n<meta property=\"article:publisher\" content=\"https:\/\/www.facebook.com\/KimberlyMachinery\" \/>\n<meta property=\"article:modified_time\" content=\"2025-11-28T07:53:43+00:00\" \/>\n<meta property=\"og:image\" content=\"https:\/\/www.kblmachinery.com\/wp-content\/uploads\/2025\/11\/Hourdi-Moule-Grass-Stone-Mold-Eared-Ceiling-Block-For-Concrete-Brick-Machine.webp\" \/>\n\t<meta property=\"og:image:width\" content=\"805\" \/>\n\t<meta property=\"og:image:height\" content=\"805\" \/>\n\t<meta property=\"og:image:type\" content=\"image\/webp\" \/>\n<meta name=\"twitter:card\" content=\"summary_large_image\" \/>\n<meta name=\"twitter:label1\" content=\"Dur\u00e9e de lecture estim\u00e9e\" \/>\n\t<meta name=\"twitter:data1\" content=\"2 minutes\" \/>\n<script type=\"application\/ld+json\" class=\"yoast-schema-graph\">{\"@context\":\"https:\/\/schema.org\",\"@graph\":[{\"@type\":\"WebPage\",\"@id\":\"https:\/\/www.kblmachinery.com\/hourdi-moule-grass-stone-mold-eared-ceiling-block-for-concrete-brick-machine\/\",\"url\":\"https:\/\/www.kblmachinery.com\/hourdi-moule-grass-stone-mold-eared-ceiling-block-for-concrete-brick-machine\/\",\"name\":\"Hourdi Grass\u2011Stone & Ceiling Block Moulds | Kimberly Machinery\",\"isPartOf\":{\"@id\":\"https:\/\/www.kblmachinery.com\/#website\"},\"primaryImageOfPage\":{\"@id\":\"https:\/\/www.kblmachinery.com\/hourdi-moule-grass-stone-mold-eared-ceiling-block-for-concrete-brick-machine\/#primaryimage\"},\"image\":{\"@id\":\"https:\/\/www.kblmachinery.com\/hourdi-moule-grass-stone-mold-eared-ceiling-block-for-concrete-brick-machine\/#primaryimage\"},\"thumbnailUrl\":\"https:\/\/www.kblmachinery.com\/wp-content\/uploads\/2025\/11\/Hourdi-Moule-Grass-Stone-Mold-Eared-Ceiling-Block-For-Concrete-Brick-Machine.webp\",\"datePublished\":\"2024-08-17T05:04:00+00:00\",\"dateModified\":\"2025-11-28T07:53:43+00:00\",\"description\":\"Premium moulds for grass stones, hollow blocks and ceiling blocks. Durable, wear\u2011resistant and compatible with MASA, HESS, Zenith block machines.\",\"breadcrumb\":{\"@id\":\"https:\/\/www.kblmachinery.com\/hourdi-moule-grass-stone-mold-eared-ceiling-block-for-concrete-brick-machine\/#breadcrumb\"},\"inLanguage\":\"fr-FR\",\"potentialAction\":[{\"@type\":\"ReadAction\",\"target\":[\"https:\/\/www.kblmachinery.com\/hourdi-moule-grass-stone-mold-eared-ceiling-block-for-concrete-brick-machine\/\"]}]},{\"@type\":\"ImageObject\",\"inLanguage\":\"fr-FR\",\"@id\":\"https:\/\/www.kblmachinery.com\/hourdi-moule-grass-stone-mold-eared-ceiling-block-for-concrete-brick-machine\/#primaryimage\",\"url\":\"https:\/\/www.kblmachinery.com\/wp-content\/uploads\/2025\/11\/Hourdi-Moule-Grass-Stone-Mold-Eared-Ceiling-Block-For-Concrete-Brick-Machine.webp\",\"contentUrl\":\"https:\/\/www.kblmachinery.com\/wp-content\/uploads\/2025\/11\/Hourdi-Moule-Grass-Stone-Mold-Eared-Ceiling-Block-For-Concrete-Brick-Machine.webp\",\"width\":805,\"height\":805,\"caption\":\"Grass Stone Mold\"},{\"@type\":\"BreadcrumbList\",\"@id\":\"https:\/\/www.kblmachinery.com\/hourdi-moule-grass-stone-mold-eared-ceiling-block-for-concrete-brick-machine\/#breadcrumb\",\"itemListElement\":[{\"@type\":\"ListItem\",\"position\":1,\"name\":\"Home\",\"item\":\"https:\/\/www.kblmachinery.com\/\"},{\"@type\":\"ListItem\",\"position\":2,\"name\":\"Hourdi Moule Grass Stone Mold Eared Ceiling Block For Concrete Brick Machine\"}]},{\"@type\":\"WebSite\",\"@id\":\"https:\/\/www.kblmachinery.com\/#website\",\"url\":\"https:\/\/www.kblmachinery.com\/\",\"name\":\"Professional Brick\/Block Making Machine in China\",\"description\":\"Block Machine Manufacturer - Kimberly Machinery\",\"publisher\":{\"@id\":\"https:\/\/www.kblmachinery.com\/#organization\"},\"potentialAction\":[{\"@type\":\"SearchAction\",\"target\":{\"@type\":\"EntryPoint\",\"urlTemplate\":\"https:\/\/www.kblmachinery.com\/?s={search_term_string}\"},\"query-input\":{\"@type\":\"PropertyValueSpecification\",\"valueRequired\":true,\"valueName\":\"search_term_string\"}}],\"inLanguage\":\"fr-FR\"},{\"@type\":\"Organization\",\"@id\":\"https:\/\/www.kblmachinery.com\/#organization\",\"name\":\"Quanzhou Kimberly Machinery Manufacturing Co. Ltd\",\"url\":\"https:\/\/www.kblmachinery.com\/\",\"logo\":{\"@type\":\"ImageObject\",\"inLanguage\":\"fr-FR\",\"@id\":\"https:\/\/www.kblmachinery.com\/#\/schema\/logo\/image\/\",\"url\":\"https:\/\/www.kblmachinery.com\/wp-content\/uploads\/2025\/11\/cropped-logo-1-1.png\",\"contentUrl\":\"https:\/\/www.kblmachinery.com\/wp-content\/uploads\/2025\/11\/cropped-logo-1-1.png\",\"width\":123,\"height\":136,\"caption\":\"Quanzhou Kimberly Machinery Manufacturing Co. Ltd\"},\"image\":{\"@id\":\"https:\/\/www.kblmachinery.com\/#\/schema\/logo\/image\/\"},\"sameAs\":[\"https:\/\/www.facebook.com\/KimberlyMachinery\"]}]}<\/script>\n<!-- \/ Yoast SEO plugin. -->","yoast_head_json":{"title":"Hourdi Grass\u2011Stone & Ceiling Block Moulds | Kimberly Machinery","description":"Premium moulds for grass stones, hollow blocks and ceiling blocks. Durable, wear\u2011resistant and compatible with MASA, HESS, Zenith block machines.","robots":{"index":"index","follow":"follow","max-snippet":"max-snippet:-1","max-image-preview":"max-image-preview:large","max-video-preview":"max-video-preview:-1"},"canonical":"https:\/\/www.kblmachinery.com\/fr\/hourdi-moule-grass-stone-mold-eared-ceiling-block-for-concrete-brick-machine\/","og_locale":"fr_FR","og_type":"article","og_title":"Hourdi Grass\u2011Stone & Ceiling Block Moulds | Kimberly Machinery","og_description":"Premium moulds for grass stones, hollow blocks and ceiling blocks. Durable, wear\u2011resistant and compatible with MASA, HESS, Zenith block machines.","og_url":"https:\/\/www.kblmachinery.com\/fr\/hourdi-moule-grass-stone-mold-eared-ceiling-block-for-concrete-brick-machine\/","og_site_name":"Kimberly Machinery","article_publisher":"https:\/\/www.facebook.com\/KimberlyMachinery","article_modified_time":"2025-11-28T07:53:43+00:00","og_image":[{"width":805,"height":805,"url":"https:\/\/www.kblmachinery.com\/wp-content\/uploads\/2025\/11\/Hourdi-Moule-Grass-Stone-Mold-Eared-Ceiling-Block-For-Concrete-Brick-Machine.webp","type":"image\/webp"}],"twitter_card":"summary_large_image","twitter_misc":{"Dur\u00e9e de lecture estim\u00e9e":"2 minutes"},"schema":{"@context":"https:\/\/schema.org","@graph":[{"@type":"WebPage","@id":"https:\/\/www.kblmachinery.com\/hourdi-moule-grass-stone-mold-eared-ceiling-block-for-concrete-brick-machine\/","url":"https:\/\/www.kblmachinery.com\/hourdi-moule-grass-stone-mold-eared-ceiling-block-for-concrete-brick-machine\/","name":"Hourdi Grass\u2011Stone & Ceiling Block Moulds | Kimberly Machinery","isPartOf":{"@id":"https:\/\/www.kblmachinery.com\/#website"},"primaryImageOfPage":{"@id":"https:\/\/www.kblmachinery.com\/hourdi-moule-grass-stone-mold-eared-ceiling-block-for-concrete-brick-machine\/#primaryimage"},"image":{"@id":"https:\/\/www.kblmachinery.com\/hourdi-moule-grass-stone-mold-eared-ceiling-block-for-concrete-brick-machine\/#primaryimage"},"thumbnailUrl":"https:\/\/www.kblmachinery.com\/wp-content\/uploads\/2025\/11\/Hourdi-Moule-Grass-Stone-Mold-Eared-Ceiling-Block-For-Concrete-Brick-Machine.webp","datePublished":"2024-08-17T05:04:00+00:00","dateModified":"2025-11-28T07:53:43+00:00","description":"Premium moulds for grass stones, hollow blocks and ceiling blocks. Durable, wear\u2011resistant and compatible with MASA, HESS, Zenith block machines.","breadcrumb":{"@id":"https:\/\/www.kblmachinery.com\/hourdi-moule-grass-stone-mold-eared-ceiling-block-for-concrete-brick-machine\/#breadcrumb"},"inLanguage":"fr-FR","potentialAction":[{"@type":"ReadAction","target":["https:\/\/www.kblmachinery.com\/hourdi-moule-grass-stone-mold-eared-ceiling-block-for-concrete-brick-machine\/"]}]},{"@type":"ImageObject","inLanguage":"fr-FR","@id":"https:\/\/www.kblmachinery.com\/hourdi-moule-grass-stone-mold-eared-ceiling-block-for-concrete-brick-machine\/#primaryimage","url":"https:\/\/www.kblmachinery.com\/wp-content\/uploads\/2025\/11\/Hourdi-Moule-Grass-Stone-Mold-Eared-Ceiling-Block-For-Concrete-Brick-Machine.webp","contentUrl":"https:\/\/www.kblmachinery.com\/wp-content\/uploads\/2025\/11\/Hourdi-Moule-Grass-Stone-Mold-Eared-Ceiling-Block-For-Concrete-Brick-Machine.webp","width":805,"height":805,"caption":"Grass Stone Mold"},{"@type":"BreadcrumbList","@id":"https:\/\/www.kblmachinery.com\/hourdi-moule-grass-stone-mold-eared-ceiling-block-for-concrete-brick-machine\/#breadcrumb","itemListElement":[{"@type":"ListItem","position":1,"name":"Home","item":"https:\/\/www.kblmachinery.com\/"},{"@type":"ListItem","position":2,"name":"Hourdi Moule Grass Stone Mold Eared Ceiling Block For Concrete Brick Machine"}]},{"@type":"WebSite","@id":"https:\/\/www.kblmachinery.com\/#website","url":"https:\/\/www.kblmachinery.com\/","name":"Professional Brick\/Block Making Machine in China","description":"Block Machine Manufacturer - Kimberly Machinery","publisher":{"@id":"https:\/\/www.kblmachinery.com\/#organization"},"potentialAction":[{"@type":"SearchAction","target":{"@type":"EntryPoint","urlTemplate":"https:\/\/www.kblmachinery.com\/?s={search_term_string}"},"query-input":{"@type":"PropertyValueSpecification","valueRequired":true,"valueName":"search_term_string"}}],"inLanguage":"fr-FR"},{"@type":"Organization","@id":"https:\/\/www.kblmachinery.com\/#organization","name":"Quanzhou Kimberly Machinery Manufacturing Co. Ltd","url":"https:\/\/www.kblmachinery.com\/","logo":{"@type":"ImageObject","inLanguage":"fr-FR","@id":"https:\/\/www.kblmachinery.com\/#\/schema\/logo\/image\/","url":"https:\/\/www.kblmachinery.com\/wp-content\/uploads\/2025\/11\/cropped-logo-1-1.png","contentUrl":"https:\/\/www.kblmachinery.com\/wp-content\/uploads\/2025\/11\/cropped-logo-1-1.png","width":123,"height":136,"caption":"Quanzhou Kimberly Machinery Manufacturing Co. Ltd"},"image":{"@id":"https:\/\/www.kblmachinery.com\/#\/schema\/logo\/image\/"},"sameAs":["https:\/\/www.facebook.com\/KimberlyMachinery"]}]}},"_links":{"self":[{"href":"https:\/\/www.kblmachinery.com\/fr\/wp-json\/wp\/v2\/product\/8115","targetHints":{"allow":["GET"]}}],"collection":[{"href":"https:\/\/www.kblmachinery.com\/fr\/wp-json\/wp\/v2\/product"}],"about":[{"href":"https:\/\/www.kblmachinery.com\/fr\/wp-json\/wp\/v2\/types\/product"}],"wp:featuredmedia":[{"embeddable":true,"href":"https:\/\/www.kblmachinery.com\/fr\/wp-json\/wp\/v2\/media\/8116"}],"wp:attachment":[{"href":"https:\/\/www.kblmachinery.com\/fr\/wp-json\/wp\/v2\/media?parent=8115"}],"wp:term":[{"taxonomy":"product_brand","embeddable":true,"href":"https:\/\/www.kblmachinery.com\/fr\/wp-json\/wp\/v2\/product_brand?post=8115"},{"taxonomy":"product_cat","embeddable":true,"href":"https:\/\/www.kblmachinery.com\/fr\/wp-json\/wp\/v2\/product_cat?post=8115"},{"taxonomy":"product_tag","embeddable":true,"href":"https:\/\/www.kblmachinery.com\/fr\/wp-json\/wp\/v2\/product_tag?post=8115"}],"curies":[{"name":"wp","href":"https:\/\/api.w.org\/{rel}","templated":true}]}}