{"id":8138,"date":"2024-08-17T05:59:00","date_gmt":"2024-08-17T05:59:00","guid":{"rendered":"https:\/\/www.kblmachinery.com\/?post_type=product&#038;p=8138"},"modified":"2025-11-28T07:33:44","modified_gmt":"2025-11-28T07:33:44","slug":"masonry-building-block-mold-for-concrete-brick-making-machinery-like-masa-hess","status":"publish","type":"product","link":"https:\/\/www.kblmachinery.com\/fr\/masonry-building-block-mold-for-concrete-brick-making-machinery-like-masa-hess\/","title":{"rendered":"Moule pour la fabrication de blocs de ma\u00e7onnerie pour la machine de fabrication de briques en b\u00e9ton comme MASA HESS"},"content":{"rendered":"<h2>Moule pour blocs de ma\u00e7onnerie pour les machines \u00e0 briques de b\u00e9ton telles que MASA HESS<\/h2>\n<table class=\"tg\" style=\"border-collapse: collapse; border-spacing: 0;\">\n<tbody>\n<tr>\n<td style=\"font-family: Arial, sans-serif; font-size: 14px; overflow: hidden; padding: 10px 5px; text-align: left; vertical-align: top; word-break: normal; border: 1px solid black;\">Nom<\/td>\n<td style=\"font-family: Arial, sans-serif; font-size: 14px; overflow: hidden; padding: 10px 5px; text-align: left; vertical-align: top; word-break: normal; border: 1px solid black;\">Moule pour blocs de construction en ma\u00e7onnerie<\/td>\n<td style=\"font-family: Arial, sans-serif; font-size: 14px; overflow: hidden; padding: 10px 5px; text-align: left; vertical-align: top; word-break: normal; border: 1px solid black;\">Traitement thermique<\/td>\n<td style=\"font-family: Arial, sans-serif; font-size: 14px; overflow: hidden; padding: 10px 5px; text-align: left; vertical-align: top; word-break: normal; border: 1px solid black;\">Carbonitruration 900-950<span style=\"color: #555;\">\u00b0<\/span>C<\/td>\n<\/tr>\n<tr>\n<td style=\"font-family: Arial, sans-serif; font-size: 14px; overflow: hidden; padding: 10px 5px; text-align: left; vertical-align: top; word-break: normal; border: 1px solid black;\">mati\u00e8re premi\u00e8re<\/td>\n<td style=\"font-family: Arial, sans-serif; font-size: 14px; overflow: hidden; padding: 10px 5px; text-align: left; vertical-align: top; word-break: normal; border: 1px solid black;\">acier sp\u00e9cial r\u00e9sistant \u00e0 l'usure<\/td>\n<td style=\"font-family: Arial, sans-serif; font-size: 14px; overflow: hidden; padding: 10px 5px; text-align: left; vertical-align: top; word-break: normal; border: 1px solid black;\">Duret\u00e9<\/td>\n<td style=\"font-family: Arial, sans-serif; font-size: 14px; overflow: hidden; padding: 10px 5px; text-align: left; vertical-align: top; word-break: normal; border: 1px solid black;\">60-65HRC<\/td>\n<\/tr>\n<tr>\n<td style=\"font-family: Arial, sans-serif; font-size: 14px; overflow: hidden; padding: 10px 5px; text-align: left; vertical-align: top; word-break: normal; border: 1px solid black;\">Type de bloc<\/td>\n<td style=\"font-family: Arial, sans-serif; font-size: 14px; overflow: hidden; padding: 10px 5px; text-align: left; vertical-align: top; word-break: normal; border: 1px solid black;\">Les blocs creux, les blocs \u00e0 embo\u00eetement, les pav\u00e9s et les bordures peuvent \u00eatre personnalis\u00e9s.<\/td>\n<td style=\"font-family: Arial, sans-serif; font-size: 14px; overflow: hidden; padding: 10px 5px; text-align: left; vertical-align: top; word-break: normal; border: 1px solid black;\">Code HS<\/td>\n<td style=\"font-family: Arial, sans-serif; font-size: 14px; overflow: hidden; padding: 10px 5px; text-align: left; vertical-align: top; word-break: normal; border: 1px solid black;\">848060<\/td>\n<\/tr>\n<tr>\n<td style=\"font-family: Arial, sans-serif; font-size: 14px; overflow: hidden; padding: 10px 5px; text-align: left; vertical-align: top; word-break: normal; border: 1px solid black;\">dur\u00e9e de vie<\/td>\n<td style=\"font-family: Arial, sans-serif; font-size: 14px; overflow: hidden; padding: 10px 5px; text-align: left; vertical-align: top; word-break: normal; border: 1px solid black;\">100000-120000 fois<\/td>\n<td style=\"font-family: Arial, sans-serif; font-size: 14px; overflow: hidden; padding: 10px 5px; text-align: left; vertical-align: top; word-break: normal; border: 1px solid black;\">Emballage<\/td>\n<td style=\"font-family: Arial, sans-serif; font-size: 14px; overflow: hidden; padding: 10px 5px; text-align: left; vertical-align: top; word-break: normal; border: 1px solid black;\">Bois + film plastique<\/td>\n<\/tr>\n<\/tbody>\n<\/table>\n<h2>Caract\u00e9ristiques des moules<\/h2>\n<h3 data-start=\"131\" data-end=\"162\">Processus d'assemblage avanc\u00e9<\/h3>\n<ul data-start=\"163\" data-end=\"986\">\n<li data-start=\"163\" data-end=\"434\">\n<p data-start=\"165\" data-end=\"434\">Soudage de pr\u00e9cision et traitement de d\u00e9stressage : Nous utilisons une technologie de soudage de pointe et des traitements de d\u00e9stressage pour emp\u00eacher la d\u00e9formation de la cavit\u00e9 et du noyau du moule. Cela garantit des dimensions, des formes et des tol\u00e9rances pr\u00e9cises tout en \u00e9vitant le blocage des composants ou la d\u00e9faillance du moule.<\/p>\n<\/li>\n<li data-start=\"435\" data-end=\"530\">\n<p data-start=\"437\" data-end=\"530\">D\u00e9gagement du pied de presse : Maintenu \u00e0 0,3-0,8 mm pour une compatibilit\u00e9 totale avec votre machine.<\/p>\n<\/li>\n<li data-start=\"531\" data-end=\"650\">\n<p data-start=\"533\" data-end=\"650\">Connexions \u00e0 haute r\u00e9sistance : Les pi\u00e8ces standard sont dot\u00e9es d'un traitement anti-desserrage sur tous les boulons de connexion pour une plus grande durabilit\u00e9.<\/p>\n<\/li>\n<li data-start=\"651\" data-end=\"727\">\n<p data-start=\"653\" data-end=\"727\">Assemblage standardis\u00e9 : Permet de remplacer facilement les pi\u00e8ces individuelles.<\/p>\n<\/li>\n<li data-start=\"728\" data-end=\"817\">\n<p data-start=\"730\" data-end=\"817\">Plaques r\u00e9sistantes \u00e0 l'usure : Les plaques d'acier de haute qualit\u00e9 garantissent des performances durables.<\/p>\n<\/li>\n<li data-start=\"818\" data-end=\"893\">\n<p data-start=\"820\" data-end=\"893\">Fonction d'amortissement : R\u00e9duit les vibrations et assure un fonctionnement plus souple.<\/p>\n<\/li>\n<li data-start=\"894\" data-end=\"986\">\n<p data-start=\"896\" data-end=\"986\">Conception personnalisable : La conception num\u00e9rique de la surface libre est disponible pour les moules sp\u00e9cialis\u00e9s.<\/p>\n<\/li>\n<\/ul>\n<h3 data-start=\"988\" data-end=\"1021\">Durabilit\u00e9 et traitement thermique<\/h3>\n<ul data-start=\"1022\" data-end=\"1211\">\n<li data-start=\"1022\" data-end=\"1117\">\n<p data-start=\"1024\" data-end=\"1117\">Carbonitruration (60-65 HRC) : Le cadre de la matrice et le pied de la presse sont tremp\u00e9s pour une r\u00e9sistance maximale.<\/p>\n<\/li>\n<li data-start=\"1118\" data-end=\"1211\">\n<p data-start=\"1120\" data-end=\"1211\">Profondeur de trempe : Minimum 1,2 mm pour une durabilit\u00e9 accrue et une r\u00e9sistance \u00e0 l'usure \u00e0 long terme.<\/p>\n<\/li>\n<\/ul>\n<p><iframe loading=\"lazy\" title=\"Vid\u00e9o sur le fonctionnement des blocs ICF\" src=\"https:\/\/www.youtube.com\/embed\/czhs2wYoLZg\" width=\"556\" height=\"310\" frameborder=\"0\" allowfullscreen=\"allowfullscreen\"><\/iframe><\/p>","protected":false},"excerpt":{"rendered":"<p>Avec pr\u00e8s de 30 ans d'exp\u00e9rience dans la fabrication de divers moules \u00e0 blocs de b\u00e9ton, nous vous offrons le choix entre des temps de cycle de 80 000 ou 120 000, et nos moules trait\u00e9s thermiquement atteignent une duret\u00e9 de 62 degr\u00e9s.<\/p>\n<table class=\"tg\" style=\"border-collapse: collapse; border-spacing: 0px; height: 215px;\" width=\"100%\">\n<tbody>\n<tr>\n<td style=\"font-family: Arial, sans-serif; font-size: 14px; overflow: hidden; padding: 10px 5px; text-align: left; vertical-align: top; word-break: normal; border: 1px solid black;\">Commande (MOQ) :<\/td>\n<td style=\"font-family: Arial, sans-serif; font-size: 14px; overflow: hidden; padding: 10px 5px; text-align: left; vertical-align: top; word-break: normal; border: 1px solid black;\">1 Ensemble<\/td>\n<\/tr>\n<tr>\n<td style=\"font-family: Arial, sans-serif; font-size: 14px; overflow: hidden; padding: 10px 5px; text-align: left; vertical-align: top; word-break: normal; border: 1px solid black;\">Paiement :<\/td>\n<td style=\"font-family: Arial, sans-serif; font-size: 14px; overflow: hidden; padding: 10px 5px; text-align: left; vertical-align: top; word-break: normal; border: 1px solid black;\">Paiement T\/T 100% avant exp\u00e9dition ou 100% par L\/C confirm\u00e9e et irr\u00e9vocable \u00e0 vue.<\/td>\n<\/tr>\n<tr>\n<td style=\"font-family: Arial, sans-serif; font-size: 14px; overflow: hidden; padding: 10px 5px; text-align: left; vertical-align: top; word-break: normal; border: 1px solid black;\">Origine du produit :<\/td>\n<td style=\"font-family: Arial, sans-serif; font-size: 14px; overflow: hidden; padding: 10px 5px; text-align: left; vertical-align: top; word-break: normal; border: 1px solid black;\">Quanzhou Fujian<\/td>\n<\/tr>\n<tr>\n<td style=\"font-family: Arial, sans-serif; font-size: 14px; overflow: hidden; padding: 10px 5px; text-align: left; vertical-align: top; word-break: normal; border: 1px solid black;\">Couleur :<\/td>\n<td style=\"font-family: Arial, sans-serif; font-size: 14px; overflow: hidden; padding: 10px 5px; text-align: left; vertical-align: top; word-break: normal; border: 1px solid black;\">s'adapter \u00e0 la demande<\/td>\n<\/tr>\n<tr>\n<td style=\"font-family: Arial, sans-serif; font-size: 14px; overflow: hidden; padding: 10px 5px; text-align: left; vertical-align: top; word-break: normal; border: 1px solid black;\">Port d'embarquement :<\/td>\n<td style=\"font-family: Arial, sans-serif; font-size: 14px; overflow: hidden; padding: 10px 5px; text-align: left; vertical-align: top; word-break: normal; border: 1px solid black;\">Xiamen<\/td>\n<\/tr>\n<tr>\n<td style=\"font-family: Arial, sans-serif; font-size: 14px; overflow: hidden; padding: 10px 5px; text-align: left; vertical-align: top; word-break: normal; border: 1px solid black;\">D\u00e9lai d'ex\u00e9cution :<\/td>\n<td style=\"font-family: Arial, sans-serif; font-size: 14px; overflow: hidden; padding: 10px 5px; text-align: left; vertical-align: top; word-break: normal; border: 1px solid black;\">20-25 jours<\/td>\n<\/tr>\n<\/tbody>\n<\/table>\n<p>&nbsp;<\/p>","protected":false},"featured_media":8139,"template":"","meta":[],"product_brand":[],"product_cat":[758,761],"product_tag":[],"class_list":{"0":"post-8138","1":"product","2":"type-product","3":"status-publish","4":"has-post-thumbnail","6":"product_cat-block-moulds","7":"product_cat-kerbstone-block-mold","9":"first","10":"instock","11":"shipping-taxable","12":"product-type-simple"},"yoast_head":"<!-- This site is optimized with the Yoast SEO plugin v24.4 - https:\/\/yoast.com\/wordpress\/plugins\/seo\/ -->\n<title>Masonry Block Moulds Supplier | Concrete Brick Making Machines<\/title>\n<meta name=\"description\" content=\"Durable masonry building block molds compatible with MASA, HESS block machines. High\u2011precision concrete brick molds for global block production.\" \/>\n<meta name=\"robots\" content=\"index, follow, max-snippet:-1, max-image-preview:large, max-video-preview:-1\" \/>\n<link rel=\"canonical\" href=\"https:\/\/www.kblmachinery.com\/fr\/masonry-building-block-mold-for-concrete-brick-making-machinery-like-masa-hess\/\" \/>\n<meta property=\"og:locale\" content=\"fr_FR\" \/>\n<meta property=\"og:type\" content=\"article\" \/>\n<meta property=\"og:title\" content=\"Masonry Block Moulds Supplier | Concrete Brick Making Machines\" \/>\n<meta property=\"og:description\" content=\"Durable masonry building block molds compatible with MASA, HESS block machines. High\u2011precision concrete brick molds for global block production.\" \/>\n<meta property=\"og:url\" content=\"https:\/\/www.kblmachinery.com\/fr\/masonry-building-block-mold-for-concrete-brick-making-machinery-like-masa-hess\/\" \/>\n<meta property=\"og:site_name\" content=\"Kimberly Machinery\" \/>\n<meta property=\"article:publisher\" content=\"https:\/\/www.facebook.com\/KimberlyMachinery\" \/>\n<meta property=\"article:modified_time\" content=\"2025-11-28T07:33:44+00:00\" \/>\n<meta property=\"og:image\" content=\"https:\/\/www.kblmachinery.com\/wp-content\/uploads\/2025\/11\/Masonry-Building-Block-Mold-for-Concrete-Brick-Making-Machinery-Like-MASA-HESS.webp\" \/>\n\t<meta property=\"og:image:width\" content=\"805\" \/>\n\t<meta property=\"og:image:height\" content=\"805\" \/>\n\t<meta property=\"og:image:type\" content=\"image\/webp\" \/>\n<meta name=\"twitter:card\" content=\"summary_large_image\" \/>\n<meta name=\"twitter:label1\" content=\"Dur\u00e9e de lecture estim\u00e9e\" \/>\n\t<meta name=\"twitter:data1\" content=\"1 minute\" \/>\n<script type=\"application\/ld+json\" class=\"yoast-schema-graph\">{\"@context\":\"https:\/\/schema.org\",\"@graph\":[{\"@type\":\"WebPage\",\"@id\":\"https:\/\/www.kblmachinery.com\/masonry-building-block-mold-for-concrete-brick-making-machinery-like-masa-hess\/\",\"url\":\"https:\/\/www.kblmachinery.com\/masonry-building-block-mold-for-concrete-brick-making-machinery-like-masa-hess\/\",\"name\":\"Masonry Block Moulds Supplier | Concrete Brick Making Machines\",\"isPartOf\":{\"@id\":\"https:\/\/www.kblmachinery.com\/#website\"},\"primaryImageOfPage\":{\"@id\":\"https:\/\/www.kblmachinery.com\/masonry-building-block-mold-for-concrete-brick-making-machinery-like-masa-hess\/#primaryimage\"},\"image\":{\"@id\":\"https:\/\/www.kblmachinery.com\/masonry-building-block-mold-for-concrete-brick-making-machinery-like-masa-hess\/#primaryimage\"},\"thumbnailUrl\":\"https:\/\/www.kblmachinery.com\/wp-content\/uploads\/2025\/11\/Masonry-Building-Block-Mold-for-Concrete-Brick-Making-Machinery-Like-MASA-HESS.webp\",\"datePublished\":\"2024-08-17T05:59:00+00:00\",\"dateModified\":\"2025-11-28T07:33:44+00:00\",\"description\":\"Durable masonry building block molds compatible with MASA, HESS block machines. High\u2011precision concrete brick molds for global block production.\",\"breadcrumb\":{\"@id\":\"https:\/\/www.kblmachinery.com\/masonry-building-block-mold-for-concrete-brick-making-machinery-like-masa-hess\/#breadcrumb\"},\"inLanguage\":\"fr-FR\",\"potentialAction\":[{\"@type\":\"ReadAction\",\"target\":[\"https:\/\/www.kblmachinery.com\/masonry-building-block-mold-for-concrete-brick-making-machinery-like-masa-hess\/\"]}]},{\"@type\":\"ImageObject\",\"inLanguage\":\"fr-FR\",\"@id\":\"https:\/\/www.kblmachinery.com\/masonry-building-block-mold-for-concrete-brick-making-machinery-like-masa-hess\/#primaryimage\",\"url\":\"https:\/\/www.kblmachinery.com\/wp-content\/uploads\/2025\/11\/Masonry-Building-Block-Mold-for-Concrete-Brick-Making-Machinery-Like-MASA-HESS.webp\",\"contentUrl\":\"https:\/\/www.kblmachinery.com\/wp-content\/uploads\/2025\/11\/Masonry-Building-Block-Mold-for-Concrete-Brick-Making-Machinery-Like-MASA-HESS.webp\",\"width\":805,\"height\":805,\"caption\":\"concrete mold\"},{\"@type\":\"BreadcrumbList\",\"@id\":\"https:\/\/www.kblmachinery.com\/masonry-building-block-mold-for-concrete-brick-making-machinery-like-masa-hess\/#breadcrumb\",\"itemListElement\":[{\"@type\":\"ListItem\",\"position\":1,\"name\":\"Home\",\"item\":\"https:\/\/www.kblmachinery.com\/\"},{\"@type\":\"ListItem\",\"position\":2,\"name\":\"Masonry Building Block Mold for Concrete Brick Making Machinery Like MASA HESS\"}]},{\"@type\":\"WebSite\",\"@id\":\"https:\/\/www.kblmachinery.com\/#website\",\"url\":\"https:\/\/www.kblmachinery.com\/\",\"name\":\"Professional Brick\/Block Making Machine in China\",\"description\":\"Block Machine Manufacturer - Kimberly Machinery\",\"publisher\":{\"@id\":\"https:\/\/www.kblmachinery.com\/#organization\"},\"potentialAction\":[{\"@type\":\"SearchAction\",\"target\":{\"@type\":\"EntryPoint\",\"urlTemplate\":\"https:\/\/www.kblmachinery.com\/?s={search_term_string}\"},\"query-input\":{\"@type\":\"PropertyValueSpecification\",\"valueRequired\":true,\"valueName\":\"search_term_string\"}}],\"inLanguage\":\"fr-FR\"},{\"@type\":\"Organization\",\"@id\":\"https:\/\/www.kblmachinery.com\/#organization\",\"name\":\"Quanzhou Kimberly Machinery Manufacturing Co. Ltd\",\"url\":\"https:\/\/www.kblmachinery.com\/\",\"logo\":{\"@type\":\"ImageObject\",\"inLanguage\":\"fr-FR\",\"@id\":\"https:\/\/www.kblmachinery.com\/#\/schema\/logo\/image\/\",\"url\":\"https:\/\/www.kblmachinery.com\/wp-content\/uploads\/2025\/11\/cropped-logo-1-1.png\",\"contentUrl\":\"https:\/\/www.kblmachinery.com\/wp-content\/uploads\/2025\/11\/cropped-logo-1-1.png\",\"width\":123,\"height\":136,\"caption\":\"Quanzhou Kimberly Machinery Manufacturing Co. Ltd\"},\"image\":{\"@id\":\"https:\/\/www.kblmachinery.com\/#\/schema\/logo\/image\/\"},\"sameAs\":[\"https:\/\/www.facebook.com\/KimberlyMachinery\"]}]}<\/script>\n<!-- \/ Yoast SEO plugin. -->","yoast_head_json":{"title":"Masonry Block Moulds Supplier | Concrete Brick Making Machines","description":"Durable masonry building block molds compatible with MASA, HESS block machines. High\u2011precision concrete brick molds for global block production.","robots":{"index":"index","follow":"follow","max-snippet":"max-snippet:-1","max-image-preview":"max-image-preview:large","max-video-preview":"max-video-preview:-1"},"canonical":"https:\/\/www.kblmachinery.com\/fr\/masonry-building-block-mold-for-concrete-brick-making-machinery-like-masa-hess\/","og_locale":"fr_FR","og_type":"article","og_title":"Masonry Block Moulds Supplier | Concrete Brick Making Machines","og_description":"Durable masonry building block molds compatible with MASA, HESS block machines. High\u2011precision concrete brick molds for global block production.","og_url":"https:\/\/www.kblmachinery.com\/fr\/masonry-building-block-mold-for-concrete-brick-making-machinery-like-masa-hess\/","og_site_name":"Kimberly Machinery","article_publisher":"https:\/\/www.facebook.com\/KimberlyMachinery","article_modified_time":"2025-11-28T07:33:44+00:00","og_image":[{"width":805,"height":805,"url":"https:\/\/www.kblmachinery.com\/wp-content\/uploads\/2025\/11\/Masonry-Building-Block-Mold-for-Concrete-Brick-Making-Machinery-Like-MASA-HESS.webp","type":"image\/webp"}],"twitter_card":"summary_large_image","twitter_misc":{"Dur\u00e9e de lecture estim\u00e9e":"1 minute"},"schema":{"@context":"https:\/\/schema.org","@graph":[{"@type":"WebPage","@id":"https:\/\/www.kblmachinery.com\/masonry-building-block-mold-for-concrete-brick-making-machinery-like-masa-hess\/","url":"https:\/\/www.kblmachinery.com\/masonry-building-block-mold-for-concrete-brick-making-machinery-like-masa-hess\/","name":"Masonry Block Moulds Supplier | Concrete Brick Making Machines","isPartOf":{"@id":"https:\/\/www.kblmachinery.com\/#website"},"primaryImageOfPage":{"@id":"https:\/\/www.kblmachinery.com\/masonry-building-block-mold-for-concrete-brick-making-machinery-like-masa-hess\/#primaryimage"},"image":{"@id":"https:\/\/www.kblmachinery.com\/masonry-building-block-mold-for-concrete-brick-making-machinery-like-masa-hess\/#primaryimage"},"thumbnailUrl":"https:\/\/www.kblmachinery.com\/wp-content\/uploads\/2025\/11\/Masonry-Building-Block-Mold-for-Concrete-Brick-Making-Machinery-Like-MASA-HESS.webp","datePublished":"2024-08-17T05:59:00+00:00","dateModified":"2025-11-28T07:33:44+00:00","description":"Durable masonry building block molds compatible with MASA, HESS block machines. High\u2011precision concrete brick molds for global block production.","breadcrumb":{"@id":"https:\/\/www.kblmachinery.com\/masonry-building-block-mold-for-concrete-brick-making-machinery-like-masa-hess\/#breadcrumb"},"inLanguage":"fr-FR","potentialAction":[{"@type":"ReadAction","target":["https:\/\/www.kblmachinery.com\/masonry-building-block-mold-for-concrete-brick-making-machinery-like-masa-hess\/"]}]},{"@type":"ImageObject","inLanguage":"fr-FR","@id":"https:\/\/www.kblmachinery.com\/masonry-building-block-mold-for-concrete-brick-making-machinery-like-masa-hess\/#primaryimage","url":"https:\/\/www.kblmachinery.com\/wp-content\/uploads\/2025\/11\/Masonry-Building-Block-Mold-for-Concrete-Brick-Making-Machinery-Like-MASA-HESS.webp","contentUrl":"https:\/\/www.kblmachinery.com\/wp-content\/uploads\/2025\/11\/Masonry-Building-Block-Mold-for-Concrete-Brick-Making-Machinery-Like-MASA-HESS.webp","width":805,"height":805,"caption":"concrete mold"},{"@type":"BreadcrumbList","@id":"https:\/\/www.kblmachinery.com\/masonry-building-block-mold-for-concrete-brick-making-machinery-like-masa-hess\/#breadcrumb","itemListElement":[{"@type":"ListItem","position":1,"name":"Home","item":"https:\/\/www.kblmachinery.com\/"},{"@type":"ListItem","position":2,"name":"Masonry Building Block Mold for Concrete Brick Making Machinery Like MASA HESS"}]},{"@type":"WebSite","@id":"https:\/\/www.kblmachinery.com\/#website","url":"https:\/\/www.kblmachinery.com\/","name":"Professional Brick\/Block Making Machine in China","description":"Block Machine Manufacturer - Kimberly Machinery","publisher":{"@id":"https:\/\/www.kblmachinery.com\/#organization"},"potentialAction":[{"@type":"SearchAction","target":{"@type":"EntryPoint","urlTemplate":"https:\/\/www.kblmachinery.com\/?s={search_term_string}"},"query-input":{"@type":"PropertyValueSpecification","valueRequired":true,"valueName":"search_term_string"}}],"inLanguage":"fr-FR"},{"@type":"Organization","@id":"https:\/\/www.kblmachinery.com\/#organization","name":"Quanzhou Kimberly Machinery Manufacturing Co. Ltd","url":"https:\/\/www.kblmachinery.com\/","logo":{"@type":"ImageObject","inLanguage":"fr-FR","@id":"https:\/\/www.kblmachinery.com\/#\/schema\/logo\/image\/","url":"https:\/\/www.kblmachinery.com\/wp-content\/uploads\/2025\/11\/cropped-logo-1-1.png","contentUrl":"https:\/\/www.kblmachinery.com\/wp-content\/uploads\/2025\/11\/cropped-logo-1-1.png","width":123,"height":136,"caption":"Quanzhou Kimberly Machinery Manufacturing Co. Ltd"},"image":{"@id":"https:\/\/www.kblmachinery.com\/#\/schema\/logo\/image\/"},"sameAs":["https:\/\/www.facebook.com\/KimberlyMachinery"]}]}},"_links":{"self":[{"href":"https:\/\/www.kblmachinery.com\/fr\/wp-json\/wp\/v2\/product\/8138","targetHints":{"allow":["GET"]}}],"collection":[{"href":"https:\/\/www.kblmachinery.com\/fr\/wp-json\/wp\/v2\/product"}],"about":[{"href":"https:\/\/www.kblmachinery.com\/fr\/wp-json\/wp\/v2\/types\/product"}],"wp:featuredmedia":[{"embeddable":true,"href":"https:\/\/www.kblmachinery.com\/fr\/wp-json\/wp\/v2\/media\/8139"}],"wp:attachment":[{"href":"https:\/\/www.kblmachinery.com\/fr\/wp-json\/wp\/v2\/media?parent=8138"}],"wp:term":[{"taxonomy":"product_brand","embeddable":true,"href":"https:\/\/www.kblmachinery.com\/fr\/wp-json\/wp\/v2\/product_brand?post=8138"},{"taxonomy":"product_cat","embeddable":true,"href":"https:\/\/www.kblmachinery.com\/fr\/wp-json\/wp\/v2\/product_cat?post=8138"},{"taxonomy":"product_tag","embeddable":true,"href":"https:\/\/www.kblmachinery.com\/fr\/wp-json\/wp\/v2\/product_tag?post=8138"}],"curies":[{"name":"wp","href":"https:\/\/api.w.org\/{rel}","templated":true}]}}