{"id":8145,"date":"2024-08-17T05:02:00","date_gmt":"2024-08-17T05:02:00","guid":{"rendered":"https:\/\/www.kblmachinery.com\/?post_type=product&#038;p=8145"},"modified":"2025-11-28T07:55:48","modified_gmt":"2025-11-28T07:55:48","slug":"masa-hess-hollow-concrete-block-moulds-china-supplier","status":"publish","type":"product","link":"https:\/\/www.kblmachinery.com\/fr\/masa-hess-hollow-concrete-block-moulds-china-supplier\/","title":{"rendered":"MASA HESS Molding Moules pour blocs creux Fournisseur chinois"},"content":{"rendered":"<h2>MASA HESS Moules pour blocs creux Fournisseur de la Chine<\/h2>\n<table class=\"tg\" style=\"border-collapse: collapse; border-spacing: 0px; height: 191px;\" width=\"100%\">\n<tbody>\n<tr>\n<td style=\"font-family: Arial, sans-serif; font-size: 14px; overflow: hidden; padding: 10px 5px; text-align: left; vertical-align: top; word-break: normal; border: 1px solid black;\">Nom<\/td>\n<td style=\"font-family: Arial, sans-serif; font-size: 14px; overflow: hidden; padding: 10px 5px; text-align: left; vertical-align: top; word-break: normal; border: 1px solid black;\">moules pour blocs de b\u00e9ton creux<\/td>\n<td style=\"font-family: Arial, sans-serif; font-size: 14px; overflow: hidden; padding: 10px 5px; text-align: left; vertical-align: top; word-break: normal; border: 1px solid black;\">Traitement thermique<\/td>\n<td style=\"font-family: Arial, sans-serif; font-size: 14px; overflow: hidden; padding: 10px 5px; text-align: left; vertical-align: top; word-break: normal; border: 1px solid black;\">Carbonitruration 900-950<span style=\"color: #555;\">\u00b0<\/span>C<\/td>\n<\/tr>\n<tr>\n<td style=\"font-family: Arial, sans-serif; font-size: 14px; overflow: hidden; padding: 10px 5px; text-align: left; vertical-align: top; word-break: normal; border: 1px solid black;\">mati\u00e8re premi\u00e8re<\/td>\n<td style=\"font-family: Arial, sans-serif; font-size: 14px; overflow: hidden; padding: 10px 5px; text-align: left; vertical-align: top; word-break: normal; border: 1px solid black;\">acier sp\u00e9cial r\u00e9sistant \u00e0 l'usure<\/td>\n<td style=\"font-family: Arial, sans-serif; font-size: 14px; overflow: hidden; padding: 10px 5px; text-align: left; vertical-align: top; word-break: normal; border: 1px solid black;\">Duret\u00e9<\/td>\n<td style=\"font-family: Arial, sans-serif; font-size: 14px; overflow: hidden; padding: 10px 5px; text-align: left; vertical-align: top; word-break: normal; border: 1px solid black;\">60-65HRC<\/td>\n<\/tr>\n<tr>\n<td style=\"font-family: Arial, sans-serif; font-size: 14px; overflow: hidden; padding: 10px 5px; text-align: left; vertical-align: top; word-break: normal; border: 1px solid black;\">Type de bloc<\/td>\n<td style=\"font-family: Arial, sans-serif; font-size: 14px; overflow: hidden; padding: 10px 5px; text-align: left; vertical-align: top; word-break: normal; border: 1px solid black;\">Les blocs creux, les blocs \u00e0 embo\u00eetement, les pav\u00e9s et les bordures peuvent \u00eatre personnalis\u00e9s.<\/td>\n<td style=\"font-family: Arial, sans-serif; font-size: 14px; overflow: hidden; padding: 10px 5px; text-align: left; vertical-align: top; word-break: normal; border: 1px solid black;\">Code HS<\/td>\n<td style=\"font-family: Arial, sans-serif; font-size: 14px; overflow: hidden; padding: 10px 5px; text-align: left; vertical-align: top; word-break: normal; border: 1px solid black;\">848060<\/td>\n<\/tr>\n<tr>\n<td style=\"font-family: Arial, sans-serif; font-size: 14px; overflow: hidden; padding: 10px 5px; text-align: left; vertical-align: top; word-break: normal; border: 1px solid black;\">dur\u00e9e de vie<\/td>\n<td style=\"font-family: Arial, sans-serif; font-size: 14px; overflow: hidden; padding: 10px 5px; text-align: left; vertical-align: top; word-break: normal; border: 1px solid black;\">100000-120000 fois<\/td>\n<td style=\"font-family: Arial, sans-serif; font-size: 14px; overflow: hidden; padding: 10px 5px; text-align: left; vertical-align: top; word-break: normal; border: 1px solid black;\">Emballage<\/td>\n<td style=\"font-family: Arial, sans-serif; font-size: 14px; overflow: hidden; padding: 10px 5px; text-align: left; vertical-align: top; word-break: normal; border: 1px solid black;\">Bois + film plastique<\/td>\n<\/tr>\n<\/tbody>\n<\/table>\n<h2 data-start=\"145\" data-end=\"162\"><img loading=\"lazy\" decoding=\"async\" class=\"alignnone size-full wp-image-8166\" src=\"https:\/\/www.kblmachinery.com\/wp-content\/uploads\/2025\/11\/High-End-Insulating-Hollow-Block-Mold-for-MASA-HESS-Brich-Machines.webp\" alt=\"conception de moules pour blocs creux\" width=\"805\" height=\"805\" srcset=\"https:\/\/www.kblmachinery.com\/wp-content\/uploads\/2025\/11\/High-End-Insulating-Hollow-Block-Mold-for-MASA-HESS-Brich-Machines.webp 805w, https:\/\/www.kblmachinery.com\/wp-content\/uploads\/2025\/11\/High-End-Insulating-Hollow-Block-Mold-for-MASA-HESS-Brich-Machines-100x100.webp 100w, https:\/\/www.kblmachinery.com\/wp-content\/uploads\/2025\/11\/High-End-Insulating-Hollow-Block-Mold-for-MASA-HESS-Brich-Machines-600x600.webp 600w\" sizes=\"auto, (max-width: 805px) 100vw, 805px\" \/> <img loading=\"lazy\" decoding=\"async\" class=\"alignnone wp-image-8113\" src=\"https:\/\/www.kblmachinery.com\/wp-content\/uploads\/2025\/11\/ceiling-block-mould-hollow-block-molder-5.webp\" alt=\"moule pour bloc de plafond moule pour bloc creux\" width=\"800\" height=\"800\" srcset=\"https:\/\/www.kblmachinery.com\/wp-content\/uploads\/2025\/11\/ceiling-block-mould-hollow-block-molder-5.webp 1000w, https:\/\/www.kblmachinery.com\/wp-content\/uploads\/2025\/11\/ceiling-block-mould-hollow-block-molder-5-100x100.webp 100w, https:\/\/www.kblmachinery.com\/wp-content\/uploads\/2025\/11\/ceiling-block-mould-hollow-block-molder-5-600x600.webp 600w\" sizes=\"auto, (max-width: 800px) 100vw, 800px\" \/><\/h2>\n<h2 data-start=\"145\" data-end=\"162\">Caract\u00e9ristiques des moules<\/h2>\n<h3 data-start=\"164\" data-end=\"195\">Processus d'assemblage avanc\u00e9<\/h3>\n<ul data-start=\"196\" data-end=\"1099\">\n<li data-start=\"196\" data-end=\"617\">\n<p data-start=\"198\" data-end=\"617\">Soudage de pr\u00e9cision et traitement anti-stress : Nous utilisons une technologie de soudage avanc\u00e9e et des traitements de d\u00e9stressage pour garantir la pr\u00e9cision. Les contraintes r\u00e9siduelles dans les mat\u00e9riaux des moules peuvent d\u00e9former les cavit\u00e9s et les noyaux en cours d'utilisation, entra\u00eenant des erreurs dimensionnelles, des tol\u00e9rances mal align\u00e9es ou des composants coinc\u00e9s. Nous minimisons la d\u00e9formation pendant le traitement thermique et effectuons un revenu apr\u00e8s la trempe pour \u00e9liminer les contraintes internes et garantir le bon fonctionnement du moule.<\/p>\n<\/li>\n<li data-start=\"618\" data-end=\"702\">\n<p data-start=\"620\" data-end=\"702\">D\u00e9gagement du pied de presse : Maintenu \u00e0 0,3-0,8 mm pour r\u00e9pondre aux exigences de la machine.<\/p>\n<\/li>\n<li data-start=\"703\" data-end=\"804\">\n<p data-start=\"705\" data-end=\"804\">Boulons d'assemblage \u00e0 haute r\u00e9sistance : pi\u00e8ces standard avec traitement anti-desserrage pour une meilleure durabilit\u00e9.<\/p>\n<\/li>\n<li data-start=\"805\" data-end=\"869\">\n<p data-start=\"807\" data-end=\"869\">Assemblage standardis\u00e9 : Permet de remplacer facilement les pi\u00e8ces.<\/p>\n<\/li>\n<li data-start=\"870\" data-end=\"944\">\n<p data-start=\"872\" data-end=\"944\">Plaques d'acier r\u00e9sistant \u00e0 l'usure : Les plaques de haute qualit\u00e9 prolongent la dur\u00e9e de vie des moules.<\/p>\n<\/li>\n<li data-start=\"945\" data-end=\"1006\">\n<p data-start=\"947\" data-end=\"1006\">Fonction d'amortissement : R\u00e9duit les vibrations pendant le fonctionnement.<\/p>\n<\/li>\n<li data-start=\"1007\" data-end=\"1099\">\n<p data-start=\"1009\" data-end=\"1099\">Conception num\u00e9rique de surfaces libres : Assure la pr\u00e9cision et la flexibilit\u00e9 des moules personnalis\u00e9s.<\/p>\n<\/li>\n<\/ul>\n<h3 data-start=\"1101\" data-end=\"1127\">Traitement de durabilit\u00e9<\/h3>\n<ul data-start=\"1128\" data-end=\"1304\">\n<li data-start=\"1128\" data-end=\"1230\">\n<p data-start=\"1130\" data-end=\"1230\">Traitement thermique par carbonitruration (60-65 HRC) : Le cadre de la matrice et le pied de la presse sont tremp\u00e9s \u00e0 60-65 HRC.<\/p>\n<\/li>\n<li data-start=\"1231\" data-end=\"1304\">\n<p data-start=\"1233\" data-end=\"1304\">Profondeur minimale de durcissement : 1,2 mm, assurant une performance durable.<\/p>\n<\/li>\n<\/ul>\n<h2 data-start=\"1311\" data-end=\"1318\">FAQ<\/h2>\n<h3 data-start=\"1320\" data-end=\"1348\">Comment obtenir un devis ?<\/h3>\n<ol data-start=\"1349\" data-end=\"1723\">\n<li data-start=\"1349\" data-end=\"1429\">\n<p data-start=\"1352\" data-end=\"1429\">Avec dessins : Envoyez des plans d\u00e9taill\u00e9s ; nous \u00e9tablirons un devis en cons\u00e9quence.<\/p>\n<\/li>\n<li data-start=\"1430\" data-end=\"1554\">\n<p data-start=\"1433\" data-end=\"1554\">Sans dessins : Indiquer le type de bloc (creux ou plein), une photo et les dimensions (longueur \u00d7 largeur \u00d7 \u00e9paisseur en mm).<\/p>\n<\/li>\n<li data-start=\"1555\" data-end=\"1583\">\n<p data-start=\"1558\" data-end=\"1583\">Partagez la taille de vos palettes.<\/p>\n<\/li>\n<li data-start=\"1584\" data-end=\"1635\">\n<p data-start=\"1587\" data-end=\"1635\">Indiquer la taille de la t\u00eate de tamper et la hauteur du moule de descente.<\/p>\n<\/li>\n<li data-start=\"1636\" data-end=\"1723\">\n<p data-start=\"1639\" data-end=\"1723\">Expliquez la connexion du moule \u00e0 votre machine ; fournissez les plans de connexion si vous en disposez.<\/p>\n<\/li>\n<\/ol>\n<p data-start=\"1725\" data-end=\"1790\">D\u00e8s que nous aurons re\u00e7u vos coordonn\u00e9es, nous vous ferons parvenir un devis dans les plus brefs d\u00e9lais.<\/p>\n<h3 data-start=\"1792\" data-end=\"1812\">D\u00e9lai de livraison :<\/h3>\n<ul data-start=\"1813\" data-end=\"1906\">\n<li data-start=\"1813\" data-end=\"1866\">\n<p data-start=\"1815\" data-end=\"1866\">Moules standard : 20-25 jours ouvrables apr\u00e8s le d\u00e9p\u00f4t.<\/p>\n<\/li>\n<li data-start=\"1867\" data-end=\"1906\">\n<p data-start=\"1869\" data-end=\"1906\">Moules haut de gamme : 30-40 jours ouvrables.<\/p>\n<\/li>\n<\/ul>\n<h3 data-start=\"1908\" data-end=\"2013\">Emballage de transport :<\/h3>\n<p data-start=\"1908\" data-end=\"2013\">Caisses en bois avec film plastique, ou emballage personnalis\u00e9 selon les exigences de l'acheteur.<\/p>\n<h3 data-start=\"2015\" data-end=\"2281\">Compatibilit\u00e9 avec les machines :<\/h3>\n<p data-start=\"2015\" data-end=\"2281\">Nous avons des moules pour de nombreuses marques de machines \u00e0 blocs avec des enregistrements d\u00e9taill\u00e9s. Certains moules peuvent d\u00e9j\u00e0 convenir \u00e0 votre machine. Vous pouvez demander \u00e0 un ing\u00e9nieur de mesurer votre machine ou nous envoyer des photos et des mesures. Apr\u00e8s v\u00e9rification, nous garantissons un ajustement correct.<\/p>\n<h3 data-start=\"2283\" data-end=\"2361\">Conditions de paiement :<\/h3>\n<p data-start=\"2283\" data-end=\"2361\">50% d'avance par T\/T ; le solde avant l'exp\u00e9dition.<\/p>\n<h3 data-start=\"2363\" data-end=\"2430\">Contact :<\/h3>\n<p data-start=\"2363\" data-end=\"2430\">WeChat\/WhatsApp : +86-1330506196 ou +86-18960287187<\/p>\n<p><iframe loading=\"lazy\" title=\"Vid\u00e9o sur le fonctionnement des blocs ICF\" src=\"https:\/\/www.youtube.com\/embed\/czhs2wYoLZg\" width=\"556\" height=\"310\" frameborder=\"0\" allowfullscreen=\"allowfullscreen\"><\/iframe><\/p>","protected":false},"excerpt":{"rendered":"<ul>\n<li>Pr\u00e8s de 30 ans d'expertise dans la fabrication de divers moules pour blocs de b\u00e9ton ;<\/li>\n<li>Des temps de cycle de 80000 ou 120000 sont disponibles ; le traitement thermique permet d'obtenir une duret\u00e9 de 62 degr\u00e9s.<\/li>\n<\/ul>\n<table class=\"tg\" style=\"border-collapse: collapse; border-spacing: 0;\">\n<tbody>\n<tr>\n<td style=\"font-family: Arial, sans-serif; font-size: 14px; overflow: hidden; padding: 10px 5px; text-align: left; vertical-align: top; word-break: normal; border: 1px solid black;\">Commande (MOQ) :<\/td>\n<td style=\"font-family: Arial, sans-serif; font-size: 14px; overflow: hidden; padding: 10px 5px; text-align: left; vertical-align: top; word-break: normal; border: 1px solid black;\">1 Ensemble<\/td>\n<\/tr>\n<tr>\n<td style=\"font-family: Arial, sans-serif; font-size: 14px; overflow: hidden; padding: 10px 5px; text-align: left; vertical-align: top; word-break: normal; border: 1px solid black;\">Paiement :<\/td>\n<td style=\"font-family: Arial, sans-serif; font-size: 14px; overflow: hidden; padding: 10px 5px; text-align: left; vertical-align: top; word-break: normal; border: 1px solid black;\">Paiement T\/T 100% avant exp\u00e9dition ou 100% par L\/C confirm\u00e9e et irr\u00e9vocable \u00e0 vue.<\/td>\n<\/tr>\n<tr>\n<td style=\"font-family: Arial, sans-serif; font-size: 14px; overflow: hidden; padding: 10px 5px; text-align: left; vertical-align: top; word-break: normal; border: 1px solid black;\">Origine du produit :<\/td>\n<td style=\"font-family: Arial, sans-serif; font-size: 14px; overflow: hidden; padding: 10px 5px; text-align: left; vertical-align: top; word-break: normal; border: 1px solid black;\">Quanzhou Fujian<\/td>\n<\/tr>\n<tr>\n<td style=\"font-family: Arial, sans-serif; font-size: 14px; overflow: hidden; padding: 10px 5px; text-align: left; vertical-align: top; word-break: normal; border: 1px solid black;\">Couleur :<\/td>\n<td style=\"font-family: Arial, sans-serif; font-size: 14px; overflow: hidden; padding: 10px 5px; text-align: left; vertical-align: top; word-break: normal; border: 1px solid black;\">s'adapter \u00e0 la demande<\/td>\n<\/tr>\n<tr>\n<td style=\"font-family: Arial, sans-serif; font-size: 14px; overflow: hidden; padding: 10px 5px; text-align: left; vertical-align: top; word-break: normal; border: 1px solid black;\">Port d'embarquement :<\/td>\n<td style=\"font-family: Arial, sans-serif; font-size: 14px; overflow: hidden; padding: 10px 5px; text-align: left; vertical-align: top; word-break: normal; border: 1px solid black;\">Xiamen<\/td>\n<\/tr>\n<tr>\n<td style=\"font-family: Arial, sans-serif; font-size: 14px; overflow: hidden; padding: 10px 5px; text-align: left; vertical-align: top; word-break: normal; border: 1px solid black;\">D\u00e9lai d'ex\u00e9cution :<\/td>\n<td style=\"font-family: Arial, sans-serif; font-size: 14px; overflow: hidden; padding: 10px 5px; text-align: left; vertical-align: top; word-break: normal; border: 1px solid black;\">20-25 jours<\/td>\n<\/tr>\n<\/tbody>\n<\/table>\n<p>&nbsp;<\/p>","protected":false},"featured_media":8146,"template":"","meta":[],"product_brand":[],"product_cat":[758,759],"product_tag":[],"class_list":{"0":"post-8145","1":"product","2":"type-product","3":"status-publish","4":"has-post-thumbnail","6":"product_cat-block-moulds","7":"product_cat-hollow-block-mould","9":"first","10":"instock","11":"shipping-taxable","12":"product-type-simple"},"yoast_head":"<!-- This site is optimized with the Yoast SEO plugin v24.4 - https:\/\/yoast.com\/wordpress\/plugins\/seo\/ -->\n<title>MASA HESS Hollow Block Moulds | Concrete Block Moulds Supplier<\/title>\n<meta name=\"description\" content=\"Premium hollow concrete block moulds from China, compatible with MASA and HESS machines. Durable, wear-resistant molds for large-scale block production.\" \/>\n<meta name=\"robots\" content=\"index, follow, max-snippet:-1, max-image-preview:large, max-video-preview:-1\" \/>\n<link rel=\"canonical\" href=\"https:\/\/www.kblmachinery.com\/fr\/masa-hess-hollow-concrete-block-moulds-china-supplier\/\" \/>\n<meta property=\"og:locale\" content=\"fr_FR\" \/>\n<meta property=\"og:type\" content=\"article\" \/>\n<meta property=\"og:title\" content=\"MASA HESS Hollow Block Moulds | Concrete Block Moulds Supplier\" \/>\n<meta property=\"og:description\" content=\"Premium hollow concrete block moulds from China, compatible with MASA and HESS machines. Durable, wear-resistant molds for large-scale block production.\" \/>\n<meta property=\"og:url\" content=\"https:\/\/www.kblmachinery.com\/fr\/masa-hess-hollow-concrete-block-moulds-china-supplier\/\" \/>\n<meta property=\"og:site_name\" content=\"Kimberly Machinery\" \/>\n<meta property=\"article:publisher\" content=\"https:\/\/www.facebook.com\/KimberlyMachinery\" \/>\n<meta property=\"article:modified_time\" content=\"2025-11-28T07:55:48+00:00\" \/>\n<meta property=\"og:image\" content=\"https:\/\/www.kblmachinery.com\/wp-content\/uploads\/2025\/11\/MASA-HESS-Molding-Hollow-Blocks-Molds-China-Supplier.webp\" \/>\n\t<meta property=\"og:image:width\" content=\"805\" \/>\n\t<meta property=\"og:image:height\" content=\"805\" \/>\n\t<meta property=\"og:image:type\" content=\"image\/webp\" \/>\n<meta name=\"twitter:card\" content=\"summary_large_image\" \/>\n<meta name=\"twitter:label1\" content=\"Dur\u00e9e de lecture estim\u00e9e\" \/>\n\t<meta name=\"twitter:data1\" content=\"3 minutes\" \/>\n<script type=\"application\/ld+json\" class=\"yoast-schema-graph\">{\"@context\":\"https:\/\/schema.org\",\"@graph\":[{\"@type\":\"WebPage\",\"@id\":\"https:\/\/www.kblmachinery.com\/masa-hess-hollow-concrete-block-moulds-china-supplier\/\",\"url\":\"https:\/\/www.kblmachinery.com\/masa-hess-hollow-concrete-block-moulds-china-supplier\/\",\"name\":\"MASA HESS Hollow Block Moulds | Concrete Block Moulds Supplier\",\"isPartOf\":{\"@id\":\"https:\/\/www.kblmachinery.com\/#website\"},\"primaryImageOfPage\":{\"@id\":\"https:\/\/www.kblmachinery.com\/masa-hess-hollow-concrete-block-moulds-china-supplier\/#primaryimage\"},\"image\":{\"@id\":\"https:\/\/www.kblmachinery.com\/masa-hess-hollow-concrete-block-moulds-china-supplier\/#primaryimage\"},\"thumbnailUrl\":\"https:\/\/www.kblmachinery.com\/wp-content\/uploads\/2025\/11\/MASA-HESS-Molding-Hollow-Blocks-Molds-China-Supplier.webp\",\"datePublished\":\"2024-08-17T05:02:00+00:00\",\"dateModified\":\"2025-11-28T07:55:48+00:00\",\"description\":\"Premium hollow concrete block moulds from China, compatible with MASA and HESS machines. Durable, wear-resistant molds for large-scale block production.\",\"breadcrumb\":{\"@id\":\"https:\/\/www.kblmachinery.com\/masa-hess-hollow-concrete-block-moulds-china-supplier\/#breadcrumb\"},\"inLanguage\":\"fr-FR\",\"potentialAction\":[{\"@type\":\"ReadAction\",\"target\":[\"https:\/\/www.kblmachinery.com\/masa-hess-hollow-concrete-block-moulds-china-supplier\/\"]}]},{\"@type\":\"ImageObject\",\"inLanguage\":\"fr-FR\",\"@id\":\"https:\/\/www.kblmachinery.com\/masa-hess-hollow-concrete-block-moulds-china-supplier\/#primaryimage\",\"url\":\"https:\/\/www.kblmachinery.com\/wp-content\/uploads\/2025\/11\/MASA-HESS-Molding-Hollow-Blocks-Molds-China-Supplier.webp\",\"contentUrl\":\"https:\/\/www.kblmachinery.com\/wp-content\/uploads\/2025\/11\/MASA-HESS-Molding-Hollow-Blocks-Molds-China-Supplier.webp\",\"width\":805,\"height\":805,\"caption\":\"MASA HESS Molding Hollow Blocks Molds China Supplier\"},{\"@type\":\"BreadcrumbList\",\"@id\":\"https:\/\/www.kblmachinery.com\/masa-hess-hollow-concrete-block-moulds-china-supplier\/#breadcrumb\",\"itemListElement\":[{\"@type\":\"ListItem\",\"position\":1,\"name\":\"Home\",\"item\":\"https:\/\/www.kblmachinery.com\/\"},{\"@type\":\"ListItem\",\"position\":2,\"name\":\"MASA HESS Molding Hollow Blocks Molds China Supplier\"}]},{\"@type\":\"WebSite\",\"@id\":\"https:\/\/www.kblmachinery.com\/#website\",\"url\":\"https:\/\/www.kblmachinery.com\/\",\"name\":\"Professional Brick\/Block Making Machine in China\",\"description\":\"Block Machine Manufacturer - Kimberly Machinery\",\"publisher\":{\"@id\":\"https:\/\/www.kblmachinery.com\/#organization\"},\"potentialAction\":[{\"@type\":\"SearchAction\",\"target\":{\"@type\":\"EntryPoint\",\"urlTemplate\":\"https:\/\/www.kblmachinery.com\/?s={search_term_string}\"},\"query-input\":{\"@type\":\"PropertyValueSpecification\",\"valueRequired\":true,\"valueName\":\"search_term_string\"}}],\"inLanguage\":\"fr-FR\"},{\"@type\":\"Organization\",\"@id\":\"https:\/\/www.kblmachinery.com\/#organization\",\"name\":\"Quanzhou Kimberly Machinery Manufacturing Co. Ltd\",\"url\":\"https:\/\/www.kblmachinery.com\/\",\"logo\":{\"@type\":\"ImageObject\",\"inLanguage\":\"fr-FR\",\"@id\":\"https:\/\/www.kblmachinery.com\/#\/schema\/logo\/image\/\",\"url\":\"https:\/\/www.kblmachinery.com\/wp-content\/uploads\/2025\/11\/cropped-logo-1-1.png\",\"contentUrl\":\"https:\/\/www.kblmachinery.com\/wp-content\/uploads\/2025\/11\/cropped-logo-1-1.png\",\"width\":123,\"height\":136,\"caption\":\"Quanzhou Kimberly Machinery Manufacturing Co. Ltd\"},\"image\":{\"@id\":\"https:\/\/www.kblmachinery.com\/#\/schema\/logo\/image\/\"},\"sameAs\":[\"https:\/\/www.facebook.com\/KimberlyMachinery\"]}]}<\/script>\n<!-- \/ Yoast SEO plugin. -->","yoast_head_json":{"title":"MASA HESS Hollow Block Moulds | Concrete Block Moulds Supplier","description":"Premium hollow concrete block moulds from China, compatible with MASA and HESS machines. Durable, wear-resistant molds for large-scale block production.","robots":{"index":"index","follow":"follow","max-snippet":"max-snippet:-1","max-image-preview":"max-image-preview:large","max-video-preview":"max-video-preview:-1"},"canonical":"https:\/\/www.kblmachinery.com\/fr\/masa-hess-hollow-concrete-block-moulds-china-supplier\/","og_locale":"fr_FR","og_type":"article","og_title":"MASA HESS Hollow Block Moulds | Concrete Block Moulds Supplier","og_description":"Premium hollow concrete block moulds from China, compatible with MASA and HESS machines. Durable, wear-resistant molds for large-scale block production.","og_url":"https:\/\/www.kblmachinery.com\/fr\/masa-hess-hollow-concrete-block-moulds-china-supplier\/","og_site_name":"Kimberly Machinery","article_publisher":"https:\/\/www.facebook.com\/KimberlyMachinery","article_modified_time":"2025-11-28T07:55:48+00:00","og_image":[{"width":805,"height":805,"url":"https:\/\/www.kblmachinery.com\/wp-content\/uploads\/2025\/11\/MASA-HESS-Molding-Hollow-Blocks-Molds-China-Supplier.webp","type":"image\/webp"}],"twitter_card":"summary_large_image","twitter_misc":{"Dur\u00e9e de lecture estim\u00e9e":"3 minutes"},"schema":{"@context":"https:\/\/schema.org","@graph":[{"@type":"WebPage","@id":"https:\/\/www.kblmachinery.com\/masa-hess-hollow-concrete-block-moulds-china-supplier\/","url":"https:\/\/www.kblmachinery.com\/masa-hess-hollow-concrete-block-moulds-china-supplier\/","name":"MASA HESS Hollow Block Moulds | Concrete Block Moulds Supplier","isPartOf":{"@id":"https:\/\/www.kblmachinery.com\/#website"},"primaryImageOfPage":{"@id":"https:\/\/www.kblmachinery.com\/masa-hess-hollow-concrete-block-moulds-china-supplier\/#primaryimage"},"image":{"@id":"https:\/\/www.kblmachinery.com\/masa-hess-hollow-concrete-block-moulds-china-supplier\/#primaryimage"},"thumbnailUrl":"https:\/\/www.kblmachinery.com\/wp-content\/uploads\/2025\/11\/MASA-HESS-Molding-Hollow-Blocks-Molds-China-Supplier.webp","datePublished":"2024-08-17T05:02:00+00:00","dateModified":"2025-11-28T07:55:48+00:00","description":"Premium hollow concrete block moulds from China, compatible with MASA and HESS machines. Durable, wear-resistant molds for large-scale block production.","breadcrumb":{"@id":"https:\/\/www.kblmachinery.com\/masa-hess-hollow-concrete-block-moulds-china-supplier\/#breadcrumb"},"inLanguage":"fr-FR","potentialAction":[{"@type":"ReadAction","target":["https:\/\/www.kblmachinery.com\/masa-hess-hollow-concrete-block-moulds-china-supplier\/"]}]},{"@type":"ImageObject","inLanguage":"fr-FR","@id":"https:\/\/www.kblmachinery.com\/masa-hess-hollow-concrete-block-moulds-china-supplier\/#primaryimage","url":"https:\/\/www.kblmachinery.com\/wp-content\/uploads\/2025\/11\/MASA-HESS-Molding-Hollow-Blocks-Molds-China-Supplier.webp","contentUrl":"https:\/\/www.kblmachinery.com\/wp-content\/uploads\/2025\/11\/MASA-HESS-Molding-Hollow-Blocks-Molds-China-Supplier.webp","width":805,"height":805,"caption":"MASA HESS Molding Hollow Blocks Molds China Supplier"},{"@type":"BreadcrumbList","@id":"https:\/\/www.kblmachinery.com\/masa-hess-hollow-concrete-block-moulds-china-supplier\/#breadcrumb","itemListElement":[{"@type":"ListItem","position":1,"name":"Home","item":"https:\/\/www.kblmachinery.com\/"},{"@type":"ListItem","position":2,"name":"MASA HESS Molding Hollow Blocks Molds China Supplier"}]},{"@type":"WebSite","@id":"https:\/\/www.kblmachinery.com\/#website","url":"https:\/\/www.kblmachinery.com\/","name":"Professional Brick\/Block Making Machine in China","description":"Block Machine Manufacturer - Kimberly Machinery","publisher":{"@id":"https:\/\/www.kblmachinery.com\/#organization"},"potentialAction":[{"@type":"SearchAction","target":{"@type":"EntryPoint","urlTemplate":"https:\/\/www.kblmachinery.com\/?s={search_term_string}"},"query-input":{"@type":"PropertyValueSpecification","valueRequired":true,"valueName":"search_term_string"}}],"inLanguage":"fr-FR"},{"@type":"Organization","@id":"https:\/\/www.kblmachinery.com\/#organization","name":"Quanzhou Kimberly Machinery Manufacturing Co. Ltd","url":"https:\/\/www.kblmachinery.com\/","logo":{"@type":"ImageObject","inLanguage":"fr-FR","@id":"https:\/\/www.kblmachinery.com\/#\/schema\/logo\/image\/","url":"https:\/\/www.kblmachinery.com\/wp-content\/uploads\/2025\/11\/cropped-logo-1-1.png","contentUrl":"https:\/\/www.kblmachinery.com\/wp-content\/uploads\/2025\/11\/cropped-logo-1-1.png","width":123,"height":136,"caption":"Quanzhou Kimberly Machinery Manufacturing Co. Ltd"},"image":{"@id":"https:\/\/www.kblmachinery.com\/#\/schema\/logo\/image\/"},"sameAs":["https:\/\/www.facebook.com\/KimberlyMachinery"]}]}},"_links":{"self":[{"href":"https:\/\/www.kblmachinery.com\/fr\/wp-json\/wp\/v2\/product\/8145","targetHints":{"allow":["GET"]}}],"collection":[{"href":"https:\/\/www.kblmachinery.com\/fr\/wp-json\/wp\/v2\/product"}],"about":[{"href":"https:\/\/www.kblmachinery.com\/fr\/wp-json\/wp\/v2\/types\/product"}],"wp:featuredmedia":[{"embeddable":true,"href":"https:\/\/www.kblmachinery.com\/fr\/wp-json\/wp\/v2\/media\/8146"}],"wp:attachment":[{"href":"https:\/\/www.kblmachinery.com\/fr\/wp-json\/wp\/v2\/media?parent=8145"}],"wp:term":[{"taxonomy":"product_brand","embeddable":true,"href":"https:\/\/www.kblmachinery.com\/fr\/wp-json\/wp\/v2\/product_brand?post=8145"},{"taxonomy":"product_cat","embeddable":true,"href":"https:\/\/www.kblmachinery.com\/fr\/wp-json\/wp\/v2\/product_cat?post=8145"},{"taxonomy":"product_tag","embeddable":true,"href":"https:\/\/www.kblmachinery.com\/fr\/wp-json\/wp\/v2\/product_tag?post=8145"}],"curies":[{"name":"wp","href":"https:\/\/api.w.org\/{rel}","templated":true}]}}