{"id":8160,"date":"2024-08-17T06:40:00","date_gmt":"2024-08-17T06:40:00","guid":{"rendered":"https:\/\/www.kblmachinery.com\/?post_type=product&#038;p=8160"},"modified":"2025-11-28T07:17:38","modified_gmt":"2025-11-28T07:17:38","slug":"customizable-concrete-pavement-brick-mould","status":"publish","type":"product","link":"https:\/\/www.kblmachinery.com\/fr\/customizable-concrete-pavement-brick-mould\/","title":{"rendered":"Fabricant chinois de moules pour briques creuses en b\u00e9ton Moules pour blocs de pav\u00e9s de taille variable pour machine de fabrication de blocs"},"content":{"rendered":"<div class=\"containerWrap--lFLVsVCe\">\n<div class=\"content--BiTVEwIO\">\n<div class=\"stream--brXJQIKe\">\n<div class=\"contentBox--WIsVhFWg\">\n<div class=\"tongyi-markdown\">\n<h2 data-spm-anchor-id=\"5176.28103460.0.i50.297c5d270UmYMJ\">China&#8217;s Leading Manufacturer of Concrete Hollow Brick Molds and Mixed-Size Paver Block Molds for Block Making Machines<\/h2>\n<\/div>\n<\/div>\n<\/div>\n<\/div>\n<\/div>\n<p data-start=\"0\" data-end=\"18\"><strong data-start=\"0\" data-end=\"18\">1. Type de bloc :<\/strong><\/p>\n<p data-start=\"20\" data-end=\"278\">Nous concevons et fabriquons des moules en acier de haute qualit\u00e9 pour la production de pav\u00e9s autobloquants, de dalles, de pav\u00e9s perm\u00e9ables, de bordures, de murs de sout\u00e8nement, de blocs creux et de blocs sp\u00e9ciaux. Nous r\u00e9pondons toujours aux exigences de nos clients et proposons des id\u00e9es nouvelles et innovantes.<\/p>\n<p data-start=\"280\" data-end=\"300\"><strong data-start=\"280\" data-end=\"300\">2. Mati\u00e8re premi\u00e8re :<\/strong><\/p>\n<p data-start=\"302\" data-end=\"498\">Nous utilisons de l'acier haut de gamme, sp\u00e9cialement tremp\u00e9 et revenu, import\u00e9 d'Italie pour fabriquer des moules \u00e0 blocs de b\u00e9ton. Ces aciers sont encore am\u00e9lior\u00e9s pour r\u00e9sister \u00e0 l'abrasion gr\u00e2ce \u00e0 un traitement thermique.<\/p>\n<p data-start=\"500\" data-end=\"532\"><strong data-start=\"500\" data-end=\"532\">3. Exp\u00e9rience en mati\u00e8re de fabrication :<\/strong><\/p>\n<p data-start=\"534\" data-end=\"729\" data-is-last-node=\"\" data-is-only-node=\"\">Avec pr\u00e8s de 30 ans d'exp\u00e9rience dans la fabrication, nous servons des clients de nombreux pays. Nous combinons notre expertise avec un acier de qualit\u00e9 pour garantir la livraison de produits de haute qualit\u00e9 \u00e0 tous nos acheteurs.<\/p>\n<div id=\"message-352065523477\" class=\"ChatMessage_chatMessage__xkgHx\" data-complete=\"true\">\n<div class=\"ChatMessage_messageRow__DHlnq\">\n<div class=\"ChatMessage_messageWrapper__4Ugd6\">\n<div class=\"Message_rowWithFooter__FShU6\">\n<div class=\"Message_row__ug_UU\">\n<div class=\"Message_messageBubbleWrapper__sEq8z\">\n<div class=\"Message_leftSideMessageBubble__VPdk6\">\n<div class=\"Message_messageTextContainer__w64Sc\">\n<div>\n<div class=\"Markdown_markdownContainer__Tz3HQ\">\n<h2>Sp\u00e9cifications des moules<\/h2>\n<\/div>\n<\/div>\n<\/div>\n<\/div>\n<\/div>\n<\/div>\n<\/div>\n<\/div>\n<\/div>\n<\/div>\n<table class=\"tg\" style=\"border-collapse: collapse; border-spacing: 0px; height: 167px;\" width=\"100%\">\n<tbody>\n<tr>\n<td style=\"font-family: Arial, sans-serif; font-size: 14px; overflow: hidden; padding: 10px 5px; text-align: left; vertical-align: top; word-break: normal; border: 1px solid black;\"><span style=\"color: #555;\">Nom<\/span><\/td>\n<td style=\"font-family: Arial, sans-serif; font-size: 14px; overflow: hidden; padding: 10px 5px; text-align: left; vertical-align: top; word-break: normal; border: 1px solid black;\">moule pour blocs creux moule pour pav\u00e9s<\/td>\n<td style=\"font-family: Arial, sans-serif; font-size: 14px; overflow: hidden; padding: 10px 5px; text-align: left; vertical-align: top; word-break: normal; border: 1px solid black;\"><span style=\"color: #555;\">Traitement thermique<\/span><\/td>\n<td style=\"font-family: Arial, sans-serif; font-size: 14px; overflow: hidden; padding: 10px 5px; text-align: left; vertical-align: top; word-break: normal; border: 1px solid black;\"><span style=\"color: #555;\">Carbonitruration 900-950\u00b0C<\/span><\/td>\n<\/tr>\n<tr>\n<td style=\"font-family: Arial, sans-serif; font-size: 14px; overflow: hidden; padding: 10px 5px; text-align: left; vertical-align: top; word-break: normal; border: 1px solid black;\">mati\u00e8re premi\u00e8re<\/td>\n<td style=\"font-family: Arial, sans-serif; font-size: 14px; overflow: hidden; padding: 10px 5px; text-align: left; vertical-align: top; word-break: normal; border: 1px solid black;\"><span style=\"color: #555;\">acier sp\u00e9cial r\u00e9sistant \u00e0 l'usure<\/span><\/td>\n<td style=\"font-family: Arial, sans-serif; font-size: 14px; overflow: hidden; padding: 10px 5px; text-align: left; vertical-align: top; word-break: normal; border: 1px solid black;\"><span style=\"color: #555;\">Duret\u00e9<\/span><\/td>\n<td style=\"font-family: Arial, sans-serif; font-size: 14px; overflow: hidden; padding: 10px 5px; text-align: left; vertical-align: top; word-break: normal; border: 1px solid black;\"><span style=\"color: #555;\">60-65HRC<\/span><\/td>\n<\/tr>\n<tr>\n<td style=\"font-family: Arial, sans-serif; font-size: 14px; overflow: hidden; padding: 10px 5px; text-align: left; vertical-align: top; word-break: normal; border: 1px solid black;\"><span style=\"color: #555;\">Type de bloc<\/span><\/td>\n<td style=\"font-family: Arial, sans-serif; font-size: 14px; overflow: hidden; padding: 10px 5px; text-align: left; vertical-align: top; word-break: normal; border: 1px solid black;\"><span style=\"color: #555;\">Les blocs creux, les blocs \u00e0 embo\u00eetement, les pav\u00e9s et les bordures peuvent \u00eatre personnalis\u00e9s.<\/span><\/td>\n<td style=\"font-family: Arial, sans-serif; font-size: 14px; overflow: hidden; padding: 10px 5px; text-align: left; vertical-align: top; word-break: normal; border: 1px solid black;\"><span style=\"color: #555;\">Code HS<\/span><\/td>\n<td style=\"font-family: Arial, sans-serif; font-size: 14px; overflow: hidden; padding: 10px 5px; text-align: left; vertical-align: top; word-break: normal; border: 1px solid black;\"><span style=\"color: #555;\">848060<\/span><\/td>\n<\/tr>\n<tr>\n<td style=\"font-family: Arial, sans-serif; font-size: 14px; overflow: hidden; padding: 10px 5px; text-align: left; vertical-align: top; word-break: normal; border: 1px solid black;\"><span style=\"color: #555;\">dur\u00e9e de vie<\/span><\/td>\n<td style=\"font-family: Arial, sans-serif; font-size: 14px; overflow: hidden; padding: 10px 5px; text-align: left; vertical-align: top; word-break: normal; border: 1px solid black;\"><span style=\"color: #555;\">100000-120000 fois<\/span><\/td>\n<td style=\"font-family: Arial, sans-serif; font-size: 14px; overflow: hidden; padding: 10px 5px; text-align: left; vertical-align: top; word-break: normal; border: 1px solid black;\"><span style=\"color: #555;\">Emballage<\/span><\/td>\n<td style=\"font-family: Arial, sans-serif; font-size: 14px; overflow: hidden; padding: 10px 5px; text-align: left; vertical-align: top; word-break: normal; border: 1px solid black;\"><span style=\"color: #555;\">Bois + film plastique<\/span><\/td>\n<\/tr>\n<\/tbody>\n<\/table>\n<h2>FAQ<\/h2>\n<p data-start=\"9\" data-end=\"42\"><strong data-start=\"9\" data-end=\"42\">1. Comment puis-je obtenir un devis ?<\/strong><\/p>\n<p data-start=\"44\" data-end=\"168\">A. Si vous avez des dessins d\u00e9taill\u00e9s du bloc, veuillez nous les envoyer pour examen, et nous vous fournirons un devis sur la base de ces dessins.<\/p>\n<p data-start=\"170\" data-end=\"388\">B. If you don&#8217;t have detailed drawings, let us know the type of block you need, such as hollow block or solid block. You can also send a picture of the block and provide the dimensions (length, width, thickness in mm).<\/p>\n<p data-start=\"390\" data-end=\"418\">C. Quelle est la taille de votre palette ?<\/p>\n<p data-start=\"420\" data-end=\"493\">D. Quelle est la taille de votre t\u00eate de tamper et la hauteur de votre moule de descente ?<\/p>\n<p data-start=\"495\" data-end=\"602\">E. Comment votre moule sera-t-il reli\u00e9 \u00e0 votre machine ? Si vous disposez d'un sch\u00e9ma de connexion, n'h\u00e9sitez pas \u00e0 le partager.<\/p>\n<p data-start=\"604\" data-end=\"682\">Une fois que nous aurons re\u00e7u vos informations, nous vous fournirons un devis dans les plus brefs d\u00e9lais.<\/p>\n<p data-start=\"684\" data-end=\"717\"><strong data-start=\"684\" data-end=\"717\">2. Quel est le d\u00e9lai de livraison ?<\/strong><\/p>\n<p data-start=\"719\" data-end=\"878\">Pour les moules \u00e0 blocs courants, le d\u00e9lai de livraison est de 20 \u00e0 25 jours ouvrables apr\u00e8s r\u00e9ception de l'acompte. Pour les moules \u00e0 blocs haut de gamme, le d\u00e9lai de livraison est de 30 \u00e0 40 jours ouvrables.<\/p>\n<p data-start=\"880\" data-end=\"916\"><strong data-start=\"880\" data-end=\"916\">3. Comment se d\u00e9roule l'emballage de transport ?<\/strong><\/p>\n<p data-start=\"918\" data-end=\"993\">We use wooden packing with plastic film or as per the buyer&#8217;s requirements.<\/p>\n<p data-start=\"995\" data-end=\"1055\"><strong data-start=\"995\" data-end=\"1055\">4. Le moule entrant sera-t-il compatible avec ma machine ?<\/strong><\/p>\n<p data-start=\"1057\" data-end=\"1199\">Nous avons fabriqu\u00e9 des moules pour de nombreuses marques de machines \u00e0 blocs et nous conservons les archives correspondantes. Certains moules peuvent d\u00e9j\u00e0 \u00eatre compatibles avec votre machine.<\/p>\n<p data-start=\"1201\" data-end=\"1458\">Si n\u00e9cessaire, vous pouvez inviter un ing\u00e9nieur dans votre entreprise pour prendre des mesures. Nous pouvons \u00e9galement envoyer une image num\u00e9rique et des mesures, comme le font beaucoup de nos clients. Apr\u00e8s confirmation du dimensionnement, nous garantissons que le moule s'adaptera sans probl\u00e8me \u00e0 votre machine.<\/p>\n<p data-start=\"1460\" data-end=\"1494\"><strong data-start=\"1460\" data-end=\"1494\">5. Quelles sont les conditions de paiement ?<\/strong><\/p>\n<p data-start=\"1496\" data-end=\"1612\">Pour finaliser votre commande, un acompte de 50% par T\/T est requis. Le solde doit \u00eatre pay\u00e9 avant le chargement.<\/p>\n<p data-start=\"1614\" data-end=\"1643\"><strong data-start=\"1614\" data-end=\"1643\">6. Comment puis-je vous contacter ?<\/strong><\/p>\n<p data-start=\"1645\" data-end=\"1732\" data-is-last-node=\"\" data-is-only-node=\"\">Vous pouvez nous contacter via WeChat\/WhatsApp \u00e0 +86-1330506196 ou +86-18960287187. Nous vous remercions de votre attention.<\/p>","protected":false},"excerpt":{"rendered":"<ul>\n<li>Pr\u00e8s de 30 ans d'exp\u00e9rience dans la production de moules pour blocs de b\u00e9ton de toutes sortes ;<\/li>\n<li>80000 ou 120000 cycles au choix ; duret\u00e9 de 62 degr\u00e9s apr\u00e8s traitement thermique.<\/li>\n<\/ul>\n<table class=\"tg\" style=\"border-collapse: collapse; border-spacing: 0px; height: 273px;\" width=\"100%\">\n<tbody>\n<tr>\n<td style=\"font-family: Arial, sans-serif; font-size: 14px; overflow: hidden; padding: 10px 5px; text-align: left; vertical-align: top; word-break: normal; border: 1px solid black;\">Commande (MOQ) :<\/td>\n<td style=\"font-family: Arial, sans-serif; font-size: 14px; overflow: hidden; padding: 10px 5px; text-align: left; vertical-align: top; word-break: normal; border: 1px solid black;\">1 Ensemble<\/td>\n<\/tr>\n<tr>\n<td style=\"font-family: Arial, sans-serif; font-size: 14px; overflow: hidden; padding: 10px 5px; text-align: left; vertical-align: top; word-break: normal; border: 1px solid black;\">Paiement :<\/td>\n<td style=\"font-family: Arial, sans-serif; font-size: 14px; overflow: hidden; padding: 10px 5px; text-align: left; vertical-align: top; word-break: normal; border: 1px solid black;\">Paiement T\/T 100% avant exp\u00e9dition ou 100% par L\/C confirm\u00e9e et irr\u00e9vocable \u00e0 vue.<\/td>\n<\/tr>\n<tr>\n<td style=\"font-family: Arial, sans-serif; font-size: 14px; overflow: hidden; padding: 10px 5px; text-align: left; vertical-align: top; word-break: normal; border: 1px solid black;\">Origine du produit :<\/td>\n<td style=\"font-family: Arial, sans-serif; font-size: 14px; overflow: hidden; padding: 10px 5px; text-align: left; vertical-align: top; word-break: normal; border: 1px solid black;\">Quanzhou Fujian<\/td>\n<\/tr>\n<tr>\n<td style=\"font-family: Arial, sans-serif; font-size: 14px; overflow: hidden; padding: 10px 5px; text-align: left; vertical-align: top; word-break: normal; border: 1px solid black;\">Couleur :<\/td>\n<td style=\"font-family: Arial, sans-serif; font-size: 14px; overflow: hidden; padding: 10px 5px; text-align: left; vertical-align: top; word-break: normal; border: 1px solid black;\">s'adapter \u00e0 la demande<\/td>\n<\/tr>\n<tr>\n<td style=\"font-family: Arial, sans-serif; font-size: 14px; overflow: hidden; padding: 10px 5px; text-align: left; vertical-align: top; word-break: normal; border: 1px solid black;\">Port d'embarquement :<\/td>\n<td style=\"font-family: Arial, sans-serif; font-size: 14px; overflow: hidden; padding: 10px 5px; text-align: left; vertical-align: top; word-break: normal; border: 1px solid black;\">Xiamen<\/td>\n<\/tr>\n<tr>\n<td style=\"font-family: Arial, sans-serif; font-size: 14px; overflow: hidden; padding: 10px 5px; text-align: left; vertical-align: top; word-break: normal; border: 1px solid black;\">D\u00e9lai d'ex\u00e9cution :<\/td>\n<td style=\"font-family: Arial, sans-serif; font-size: 14px; overflow: hidden; padding: 10px 5px; text-align: left; vertical-align: top; word-break: normal; border: 1px solid black;\">20-25 jours<\/td>\n<\/tr>\n<\/tbody>\n<\/table>\n<p>&nbsp;<\/p>","protected":false},"featured_media":8161,"template":"","meta":[],"product_brand":[],"product_cat":[758,763],"product_tag":[],"class_list":{"0":"post-8160","1":"product","2":"type-product","3":"status-publish","4":"has-post-thumbnail","6":"product_cat-block-moulds","7":"product_cat-paving-stone-mould","9":"first","10":"instock","11":"shipping-taxable","12":"product-type-simple"},"yoast_head":"<!-- This site is optimized with the Yoast SEO plugin v24.4 - https:\/\/yoast.com\/wordpress\/plugins\/seo\/ -->\n<title>Custom Concrete Pavement Brick Moulds Supplier | Kimberly Machinery<\/title>\n<meta name=\"description\" content=\"Durable, customizable concrete pavement brick moulds for pavers, curbstones, and block production lines. High precision, long lifespan.\" \/>\n<meta name=\"robots\" content=\"index, follow, max-snippet:-1, max-image-preview:large, max-video-preview:-1\" \/>\n<link rel=\"canonical\" href=\"https:\/\/www.kblmachinery.com\/fr\/customizable-concrete-pavement-brick-mould\/\" \/>\n<meta property=\"og:locale\" content=\"fr_FR\" \/>\n<meta property=\"og:type\" content=\"article\" \/>\n<meta property=\"og:title\" content=\"Custom Concrete Pavement Brick Moulds Supplier | Kimberly Machinery\" \/>\n<meta property=\"og:description\" content=\"Durable, customizable concrete pavement brick moulds for pavers, curbstones, and block production lines. High precision, long lifespan.\" \/>\n<meta property=\"og:url\" content=\"https:\/\/www.kblmachinery.com\/fr\/customizable-concrete-pavement-brick-mould\/\" \/>\n<meta property=\"og:site_name\" content=\"Kimberly Machinery\" \/>\n<meta property=\"article:publisher\" content=\"https:\/\/www.facebook.com\/KimberlyMachinery\" \/>\n<meta property=\"article:modified_time\" content=\"2025-11-28T07:17:38+00:00\" \/>\n<meta property=\"og:image\" content=\"https:\/\/www.kblmachinery.com\/wp-content\/uploads\/2025\/11\/China-Leading-Manufacturer-Concrete-Hollow-Brick-Mould-Mixed-Size-Paver-Block-Mould-for-Block-Making-Machine.webp\" \/>\n\t<meta property=\"og:image:width\" content=\"805\" \/>\n\t<meta property=\"og:image:height\" content=\"805\" \/>\n\t<meta property=\"og:image:type\" content=\"image\/webp\" \/>\n<meta name=\"twitter:card\" content=\"summary_large_image\" \/>\n<meta name=\"twitter:label1\" content=\"Dur\u00e9e de lecture estim\u00e9e\" \/>\n\t<meta name=\"twitter:data1\" content=\"3 minutes\" \/>\n<script type=\"application\/ld+json\" class=\"yoast-schema-graph\">{\"@context\":\"https:\/\/schema.org\",\"@graph\":[{\"@type\":\"WebPage\",\"@id\":\"https:\/\/www.kblmachinery.com\/customizable-concrete-pavement-brick-mould\/\",\"url\":\"https:\/\/www.kblmachinery.com\/customizable-concrete-pavement-brick-mould\/\",\"name\":\"Custom Concrete Pavement Brick Moulds Supplier | Kimberly Machinery\",\"isPartOf\":{\"@id\":\"https:\/\/www.kblmachinery.com\/#website\"},\"primaryImageOfPage\":{\"@id\":\"https:\/\/www.kblmachinery.com\/customizable-concrete-pavement-brick-mould\/#primaryimage\"},\"image\":{\"@id\":\"https:\/\/www.kblmachinery.com\/customizable-concrete-pavement-brick-mould\/#primaryimage\"},\"thumbnailUrl\":\"https:\/\/www.kblmachinery.com\/wp-content\/uploads\/2025\/11\/China-Leading-Manufacturer-Concrete-Hollow-Brick-Mould-Mixed-Size-Paver-Block-Mould-for-Block-Making-Machine.webp\",\"datePublished\":\"2024-08-17T06:40:00+00:00\",\"dateModified\":\"2025-11-28T07:17:38+00:00\",\"description\":\"Durable, customizable concrete pavement brick moulds for pavers, curbstones, and block production lines. High precision, long lifespan.\",\"breadcrumb\":{\"@id\":\"https:\/\/www.kblmachinery.com\/customizable-concrete-pavement-brick-mould\/#breadcrumb\"},\"inLanguage\":\"fr-FR\",\"potentialAction\":[{\"@type\":\"ReadAction\",\"target\":[\"https:\/\/www.kblmachinery.com\/customizable-concrete-pavement-brick-mould\/\"]}]},{\"@type\":\"ImageObject\",\"inLanguage\":\"fr-FR\",\"@id\":\"https:\/\/www.kblmachinery.com\/customizable-concrete-pavement-brick-mould\/#primaryimage\",\"url\":\"https:\/\/www.kblmachinery.com\/wp-content\/uploads\/2025\/11\/China-Leading-Manufacturer-Concrete-Hollow-Brick-Mould-Mixed-Size-Paver-Block-Mould-for-Block-Making-Machine.webp\",\"contentUrl\":\"https:\/\/www.kblmachinery.com\/wp-content\/uploads\/2025\/11\/China-Leading-Manufacturer-Concrete-Hollow-Brick-Mould-Mixed-Size-Paver-Block-Mould-for-Block-Making-Machine.webp\",\"width\":805,\"height\":805,\"caption\":\"concrete block mold\"},{\"@type\":\"BreadcrumbList\",\"@id\":\"https:\/\/www.kblmachinery.com\/customizable-concrete-pavement-brick-mould\/#breadcrumb\",\"itemListElement\":[{\"@type\":\"ListItem\",\"position\":1,\"name\":\"Home\",\"item\":\"https:\/\/www.kblmachinery.com\/\"},{\"@type\":\"ListItem\",\"position\":2,\"name\":\"China Leading Manufacturer Concrete Hollow Brick Mould Mixed-Size Paver Block Mould for Block Making Machine\"}]},{\"@type\":\"WebSite\",\"@id\":\"https:\/\/www.kblmachinery.com\/#website\",\"url\":\"https:\/\/www.kblmachinery.com\/\",\"name\":\"Professional Brick\/Block Making Machine in China\",\"description\":\"Block Machine Manufacturer - Kimberly Machinery\",\"publisher\":{\"@id\":\"https:\/\/www.kblmachinery.com\/#organization\"},\"potentialAction\":[{\"@type\":\"SearchAction\",\"target\":{\"@type\":\"EntryPoint\",\"urlTemplate\":\"https:\/\/www.kblmachinery.com\/?s={search_term_string}\"},\"query-input\":{\"@type\":\"PropertyValueSpecification\",\"valueRequired\":true,\"valueName\":\"search_term_string\"}}],\"inLanguage\":\"fr-FR\"},{\"@type\":\"Organization\",\"@id\":\"https:\/\/www.kblmachinery.com\/#organization\",\"name\":\"Quanzhou Kimberly Machinery Manufacturing Co. Ltd\",\"url\":\"https:\/\/www.kblmachinery.com\/\",\"logo\":{\"@type\":\"ImageObject\",\"inLanguage\":\"fr-FR\",\"@id\":\"https:\/\/www.kblmachinery.com\/#\/schema\/logo\/image\/\",\"url\":\"https:\/\/www.kblmachinery.com\/wp-content\/uploads\/2025\/11\/cropped-logo-1-1.png\",\"contentUrl\":\"https:\/\/www.kblmachinery.com\/wp-content\/uploads\/2025\/11\/cropped-logo-1-1.png\",\"width\":123,\"height\":136,\"caption\":\"Quanzhou Kimberly Machinery Manufacturing Co. Ltd\"},\"image\":{\"@id\":\"https:\/\/www.kblmachinery.com\/#\/schema\/logo\/image\/\"},\"sameAs\":[\"https:\/\/www.facebook.com\/KimberlyMachinery\"]}]}<\/script>\n<!-- \/ Yoast SEO plugin. -->","yoast_head_json":{"title":"Custom Concrete Pavement Brick Moulds Supplier | Kimberly Machinery","description":"Durable, customizable concrete pavement brick moulds for pavers, curbstones, and block production lines. High precision, long lifespan.","robots":{"index":"index","follow":"follow","max-snippet":"max-snippet:-1","max-image-preview":"max-image-preview:large","max-video-preview":"max-video-preview:-1"},"canonical":"https:\/\/www.kblmachinery.com\/fr\/customizable-concrete-pavement-brick-mould\/","og_locale":"fr_FR","og_type":"article","og_title":"Custom Concrete Pavement Brick Moulds Supplier | Kimberly Machinery","og_description":"Durable, customizable concrete pavement brick moulds for pavers, curbstones, and block production lines. High precision, long lifespan.","og_url":"https:\/\/www.kblmachinery.com\/fr\/customizable-concrete-pavement-brick-mould\/","og_site_name":"Kimberly Machinery","article_publisher":"https:\/\/www.facebook.com\/KimberlyMachinery","article_modified_time":"2025-11-28T07:17:38+00:00","og_image":[{"width":805,"height":805,"url":"https:\/\/www.kblmachinery.com\/wp-content\/uploads\/2025\/11\/China-Leading-Manufacturer-Concrete-Hollow-Brick-Mould-Mixed-Size-Paver-Block-Mould-for-Block-Making-Machine.webp","type":"image\/webp"}],"twitter_card":"summary_large_image","twitter_misc":{"Dur\u00e9e de lecture estim\u00e9e":"3 minutes"},"schema":{"@context":"https:\/\/schema.org","@graph":[{"@type":"WebPage","@id":"https:\/\/www.kblmachinery.com\/customizable-concrete-pavement-brick-mould\/","url":"https:\/\/www.kblmachinery.com\/customizable-concrete-pavement-brick-mould\/","name":"Custom Concrete Pavement Brick Moulds Supplier | Kimberly Machinery","isPartOf":{"@id":"https:\/\/www.kblmachinery.com\/#website"},"primaryImageOfPage":{"@id":"https:\/\/www.kblmachinery.com\/customizable-concrete-pavement-brick-mould\/#primaryimage"},"image":{"@id":"https:\/\/www.kblmachinery.com\/customizable-concrete-pavement-brick-mould\/#primaryimage"},"thumbnailUrl":"https:\/\/www.kblmachinery.com\/wp-content\/uploads\/2025\/11\/China-Leading-Manufacturer-Concrete-Hollow-Brick-Mould-Mixed-Size-Paver-Block-Mould-for-Block-Making-Machine.webp","datePublished":"2024-08-17T06:40:00+00:00","dateModified":"2025-11-28T07:17:38+00:00","description":"Durable, customizable concrete pavement brick moulds for pavers, curbstones, and block production lines. High precision, long lifespan.","breadcrumb":{"@id":"https:\/\/www.kblmachinery.com\/customizable-concrete-pavement-brick-mould\/#breadcrumb"},"inLanguage":"fr-FR","potentialAction":[{"@type":"ReadAction","target":["https:\/\/www.kblmachinery.com\/customizable-concrete-pavement-brick-mould\/"]}]},{"@type":"ImageObject","inLanguage":"fr-FR","@id":"https:\/\/www.kblmachinery.com\/customizable-concrete-pavement-brick-mould\/#primaryimage","url":"https:\/\/www.kblmachinery.com\/wp-content\/uploads\/2025\/11\/China-Leading-Manufacturer-Concrete-Hollow-Brick-Mould-Mixed-Size-Paver-Block-Mould-for-Block-Making-Machine.webp","contentUrl":"https:\/\/www.kblmachinery.com\/wp-content\/uploads\/2025\/11\/China-Leading-Manufacturer-Concrete-Hollow-Brick-Mould-Mixed-Size-Paver-Block-Mould-for-Block-Making-Machine.webp","width":805,"height":805,"caption":"concrete block mold"},{"@type":"BreadcrumbList","@id":"https:\/\/www.kblmachinery.com\/customizable-concrete-pavement-brick-mould\/#breadcrumb","itemListElement":[{"@type":"ListItem","position":1,"name":"Home","item":"https:\/\/www.kblmachinery.com\/"},{"@type":"ListItem","position":2,"name":"China Leading Manufacturer Concrete Hollow Brick Mould Mixed-Size Paver Block Mould for Block Making Machine"}]},{"@type":"WebSite","@id":"https:\/\/www.kblmachinery.com\/#website","url":"https:\/\/www.kblmachinery.com\/","name":"Professional Brick\/Block Making Machine in China","description":"Block Machine Manufacturer - Kimberly Machinery","publisher":{"@id":"https:\/\/www.kblmachinery.com\/#organization"},"potentialAction":[{"@type":"SearchAction","target":{"@type":"EntryPoint","urlTemplate":"https:\/\/www.kblmachinery.com\/?s={search_term_string}"},"query-input":{"@type":"PropertyValueSpecification","valueRequired":true,"valueName":"search_term_string"}}],"inLanguage":"fr-FR"},{"@type":"Organization","@id":"https:\/\/www.kblmachinery.com\/#organization","name":"Quanzhou Kimberly Machinery Manufacturing Co. Ltd","url":"https:\/\/www.kblmachinery.com\/","logo":{"@type":"ImageObject","inLanguage":"fr-FR","@id":"https:\/\/www.kblmachinery.com\/#\/schema\/logo\/image\/","url":"https:\/\/www.kblmachinery.com\/wp-content\/uploads\/2025\/11\/cropped-logo-1-1.png","contentUrl":"https:\/\/www.kblmachinery.com\/wp-content\/uploads\/2025\/11\/cropped-logo-1-1.png","width":123,"height":136,"caption":"Quanzhou Kimberly Machinery Manufacturing Co. Ltd"},"image":{"@id":"https:\/\/www.kblmachinery.com\/#\/schema\/logo\/image\/"},"sameAs":["https:\/\/www.facebook.com\/KimberlyMachinery"]}]}},"_links":{"self":[{"href":"https:\/\/www.kblmachinery.com\/fr\/wp-json\/wp\/v2\/product\/8160","targetHints":{"allow":["GET"]}}],"collection":[{"href":"https:\/\/www.kblmachinery.com\/fr\/wp-json\/wp\/v2\/product"}],"about":[{"href":"https:\/\/www.kblmachinery.com\/fr\/wp-json\/wp\/v2\/types\/product"}],"wp:featuredmedia":[{"embeddable":true,"href":"https:\/\/www.kblmachinery.com\/fr\/wp-json\/wp\/v2\/media\/8161"}],"wp:attachment":[{"href":"https:\/\/www.kblmachinery.com\/fr\/wp-json\/wp\/v2\/media?parent=8160"}],"wp:term":[{"taxonomy":"product_brand","embeddable":true,"href":"https:\/\/www.kblmachinery.com\/fr\/wp-json\/wp\/v2\/product_brand?post=8160"},{"taxonomy":"product_cat","embeddable":true,"href":"https:\/\/www.kblmachinery.com\/fr\/wp-json\/wp\/v2\/product_cat?post=8160"},{"taxonomy":"product_tag","embeddable":true,"href":"https:\/\/www.kblmachinery.com\/fr\/wp-json\/wp\/v2\/product_tag?post=8160"}],"curies":[{"name":"wp","href":"https:\/\/api.w.org\/{rel}","templated":true}]}}