{"id":8165,"date":"2024-08-17T05:37:00","date_gmt":"2024-08-17T05:37:00","guid":{"rendered":"https:\/\/www.kblmachinery.com\/?post_type=product&#038;p=8165"},"modified":"2025-11-28T07:47:41","modified_gmt":"2025-11-28T07:47:41","slug":"high-end-insulating-hollow-block-mold-for-masa-hess-brich-machines","status":"publish","type":"product","link":"https:\/\/www.kblmachinery.com\/fr\/high-end-insulating-hollow-block-mold-for-masa-hess-brich-machines\/","title":{"rendered":"Moule pour blocs creux isolants haut de gamme pour les machines MASA HESS Brich"},"content":{"rendered":"<h2>High-End Insulating Hollow Block Mold for MASA HESS Machines<\/h2>\n<h3>1.Type de bloc :<\/h3>\n<p data-start=\"20\" data-end=\"281\">We design and manufacture high-quality steel molds for interlocking paving stones, slabs, permeable paving stones, curbstones, retaining walls, hollow blocks, and special blocks. We meet customers\u2019 requirements and offer new, innovative ideas.<\/p>\n<h3>2. mati\u00e8res premi\u00e8res :<\/h3>\n<p data-start=\"286\" data-end=\"468\">We use premium quenched and tempered steel imported from Italy to manufacture concrete block molds. This steel is heat-treated to enhance its abrasion resistance.<\/p>\n<h3>3.Fabrication Exp\u00e9rience :<\/h3>\n<p data-start=\"473\" data-end=\"690\" data-is-last-node=\"\">With nearly 30 years of manufacturing experience, we serve customers from many countries. We combine our expertise with quality steel to deliver high-quality products to all our buyers.<\/p>\n<h2>Sp\u00e9cifications des moules<\/h2>\n<table class=\"tg\" style=\"border-collapse: collapse; border-spacing: 0px; height: 185px;\" width=\"100%\">\n<tbody>\n<tr>\n<td style=\"font-family: Arial, sans-serif; font-size: 14px; overflow: hidden; padding: 10px 5px; text-align: left; vertical-align: top; word-break: normal; border: 1px solid black;\">Nom<\/td>\n<td style=\"font-family: Arial, sans-serif; font-size: 14px; overflow: hidden; padding: 10px 5px; text-align: left; vertical-align: top; word-break: normal; border: 1px solid black;\">moule \u00e0 bloc creux<\/td>\n<td style=\"font-family: Arial, sans-serif; font-size: 14px; overflow: hidden; padding: 10px 5px; text-align: left; vertical-align: top; word-break: normal; border: 1px solid black;\">Traitement thermique<\/td>\n<td style=\"font-family: Arial, sans-serif; font-size: 14px; overflow: hidden; padding: 10px 5px; text-align: left; vertical-align: top; word-break: normal; border: 1px solid black;\">Carbonitruration 900-950<span style=\"color: #555;\">\u00b0<\/span>C<\/td>\n<\/tr>\n<tr>\n<td style=\"font-family: Arial, sans-serif; font-size: 14px; overflow: hidden; padding: 10px 5px; text-align: left; vertical-align: top; word-break: normal; border: 1px solid black;\">mati\u00e8re premi\u00e8re<\/td>\n<td style=\"font-family: Arial, sans-serif; font-size: 14px; overflow: hidden; padding: 10px 5px; text-align: left; vertical-align: top; word-break: normal; border: 1px solid black;\">acier sp\u00e9cial r\u00e9sistant \u00e0 l'usure<\/td>\n<td style=\"font-family: Arial, sans-serif; font-size: 14px; overflow: hidden; padding: 10px 5px; text-align: left; vertical-align: top; word-break: normal; border: 1px solid black;\">Duret\u00e9<\/td>\n<td style=\"font-family: Arial, sans-serif; font-size: 14px; overflow: hidden; padding: 10px 5px; text-align: left; vertical-align: top; word-break: normal; border: 1px solid black;\">60-65HRC<\/td>\n<\/tr>\n<tr>\n<td style=\"font-family: Arial, sans-serif; font-size: 14px; overflow: hidden; padding: 10px 5px; text-align: left; vertical-align: top; word-break: normal; border: 1px solid black;\">Type de bloc<\/td>\n<td style=\"font-family: Arial, sans-serif; font-size: 14px; overflow: hidden; padding: 10px 5px; text-align: left; vertical-align: top; word-break: normal; border: 1px solid black;\">Les blocs creux, les blocs \u00e0 embo\u00eetement, les pav\u00e9s et les bordures peuvent \u00eatre personnalis\u00e9s.<\/td>\n<td style=\"font-family: Arial, sans-serif; font-size: 14px; overflow: hidden; padding: 10px 5px; text-align: left; vertical-align: top; word-break: normal; border: 1px solid black;\">Code HS<\/td>\n<td style=\"font-family: Arial, sans-serif; font-size: 14px; overflow: hidden; padding: 10px 5px; text-align: left; vertical-align: top; word-break: normal; border: 1px solid black;\">848060<\/td>\n<\/tr>\n<tr>\n<td style=\"font-family: Arial, sans-serif; font-size: 14px; overflow: hidden; padding: 10px 5px; text-align: left; vertical-align: top; word-break: normal; border: 1px solid black;\">dur\u00e9e de vie<\/td>\n<td style=\"font-family: Arial, sans-serif; font-size: 14px; overflow: hidden; padding: 10px 5px; text-align: left; vertical-align: top; word-break: normal; border: 1px solid black;\">100000-120000 fois<\/td>\n<td style=\"font-family: Arial, sans-serif; font-size: 14px; overflow: hidden; padding: 10px 5px; text-align: left; vertical-align: top; word-break: normal; border: 1px solid black;\">Emballage<\/td>\n<td style=\"font-family: Arial, sans-serif; font-size: 14px; overflow: hidden; padding: 10px 5px; text-align: left; vertical-align: top; word-break: normal; border: 1px solid black;\">Bois + film plastique<\/td>\n<\/tr>\n<\/tbody>\n<\/table>\n<h2>FAQ<\/h2>\n<div class=\"flex max-w-full flex-col flex-grow\">\n<div class=\"min-h-8 text-message relative flex w-full flex-col items-end gap-2 whitespace-normal break-words text-start [.text-message+&amp;]:mt-5\" dir=\"auto\" data-message-author-role=\"assistant\" data-message-id=\"8c459505-96a0-4364-a3c9-5615d21a0f6f\" data-message-model-slug=\"gpt-4o\">\n<div class=\"flex w-full flex-col gap-1 empty:hidden first:pt-[3px]\">\n<div class=\"markdown prose w-full break-words dark:prose-invert light\">\n<h3 data-start=\"0\" data-end=\"36\">1. Comment puis-je obtenir les devis ?<\/h3>\n<ul>\n<li data-start=\"38\" data-end=\"620\">If you have detailed drawings of the block, please send them to us, and we will provide a quote based on those.<\/li>\n<li data-start=\"38\" data-end=\"620\">If you don\u2019t have detailed drawings, tell us the block type (e.g., hollow, solid), send a picture of the block, and provide the sizes (length x width x thickness in mm).<\/li>\n<li data-start=\"38\" data-end=\"620\">What is the size of your pallet?<\/li>\n<li data-start=\"38\" data-end=\"620\">What is the size of your tamper head and the height of your down mold?<\/li>\n<li data-start=\"38\" data-end=\"620\">How will your mold connect to your machine? If you have a connection drawing, please share it.<\/li>\n<\/ul>\n<p data-start=\"38\" data-end=\"620\">Once we have this information, we will send you a quote as soon as possible.<\/p>\n<h3 data-start=\"622\" data-end=\"792\">2. What about the delivery time?<\/h3>\n<p data-start=\"622\" data-end=\"792\">For common block molds, it\u2019s 20-25 working days after receiving the deposit. For high-end block molds, it takes 30-40 working days.<\/p>\n<h3 data-start=\"794\" data-end=\"913\">3. What about the transport packing?<\/h3>\n<p data-start=\"794\" data-end=\"913\">We use wooden packing with plastic film, or as per the buyer\u2019s requirements.<\/p>\n<h3 data-start=\"915\" data-end=\"1338\">4. Le moule entrant sera-t-il compatible avec ma machine ?<\/h3>\n<p data-start=\"915\" data-end=\"1338\">We have made molds for many block machine brands and have their related records. Some may be compatible with your machine.<br data-start=\"1100\" data-end=\"1103\" \/>If needed, you can invite an engineer to measure your machine, or we can send photos and take measurements as many customers do.<br data-start=\"1231\" data-end=\"1234\" \/>Once we confirm the sizing, the mold we send will fit your machine without any issues. You can trust us!<\/p>\n<h3 data-start=\"1340\" data-end=\"1493\">5. Quelles sont les conditions de paiement ?<\/h3>\n<p data-start=\"1340\" data-end=\"1493\">Pour finaliser votre commande, un acompte de 50% par T\/T est requis. Le solde doit \u00eatre pay\u00e9 avant le chargement.<\/p>\n<h3 data-start=\"1495\" data-end=\"1614\">6. Comment puis-je vous contacter ?<\/h3>\n<p data-start=\"1495\" data-end=\"1614\" data-is-last-node=\"\" data-is-only-node=\"\">Vous pouvez nous contacter via WeChat\/WhatsApp \u00e0 +86-1330506196 ou +86-18960287187. Nous vous remercions de votre attention.<\/p>\n<\/div>\n<\/div>\n<\/div>\n<\/div>\n<p><iframe loading=\"lazy\" title=\"Vid\u00e9o sur le fonctionnement des blocs ICF\" src=\"https:\/\/www.youtube.com\/embed\/czhs2wYoLZg\" width=\"556\" height=\"310\" frameborder=\"0\" allowfullscreen=\"allowfullscreen\"><\/iframe><\/p>","protected":false},"excerpt":{"rendered":"<p>With nearly 30 years of experience in manufacturing all types of concrete block molds, we offer molds with cycle times of 80,000 or 120,000 for your choice. After heat treatment, our molds achieve a hardness of 62 degrees, ensuring durability and performance.<\/p>\n<table class=\"tg\" style=\"border-collapse: collapse; border-spacing: 0px; height: 266px;\" width=\"100%\">\n<tbody>\n<tr>\n<td style=\"font-family: Arial, sans-serif; font-size: 14px; overflow: hidden; padding: 10px 5px; text-align: left; vertical-align: top; word-break: normal; border: 1px solid black;\">Commande (MOQ) :<\/td>\n<td style=\"font-family: Arial, sans-serif; font-size: 14px; overflow: hidden; padding: 10px 5px; text-align: left; vertical-align: top; word-break: normal; border: 1px solid black;\">1 Ensemble<\/td>\n<\/tr>\n<tr>\n<td style=\"font-family: Arial, sans-serif; font-size: 14px; overflow: hidden; padding: 10px 5px; text-align: left; vertical-align: top; word-break: normal; border: 1px solid black;\">Paiement :<\/td>\n<td style=\"font-family: Arial, sans-serif; font-size: 14px; overflow: hidden; padding: 10px 5px; text-align: left; vertical-align: top; word-break: normal; border: 1px solid black;\">Paiement T\/T 100% avant exp\u00e9dition ou 100% par L\/C confirm\u00e9e et irr\u00e9vocable \u00e0 vue.<\/td>\n<\/tr>\n<tr>\n<td style=\"font-family: Arial, sans-serif; font-size: 14px; overflow: hidden; padding: 10px 5px; text-align: left; vertical-align: top; word-break: normal; border: 1px solid black;\">Origine du produit :<\/td>\n<td style=\"font-family: Arial, sans-serif; font-size: 14px; overflow: hidden; padding: 10px 5px; text-align: left; vertical-align: top; word-break: normal; border: 1px solid black;\">Quanzhou Fujian<\/td>\n<\/tr>\n<tr>\n<td style=\"font-family: Arial, sans-serif; font-size: 14px; overflow: hidden; padding: 10px 5px; text-align: left; vertical-align: top; word-break: normal; border: 1px solid black;\">Couleur :<\/td>\n<td style=\"font-family: Arial, sans-serif; font-size: 14px; overflow: hidden; padding: 10px 5px; text-align: left; vertical-align: top; word-break: normal; border: 1px solid black;\">s'adapter \u00e0 la demande<\/td>\n<\/tr>\n<tr>\n<td style=\"font-family: Arial, sans-serif; font-size: 14px; overflow: hidden; padding: 10px 5px; text-align: left; vertical-align: top; word-break: normal; border: 1px solid black;\">Port d'embarquement :<\/td>\n<td style=\"font-family: Arial, sans-serif; font-size: 14px; overflow: hidden; padding: 10px 5px; text-align: left; vertical-align: top; word-break: normal; border: 1px solid black;\">Xiamen<\/td>\n<\/tr>\n<tr>\n<td style=\"font-family: Arial, sans-serif; font-size: 14px; overflow: hidden; padding: 10px 5px; text-align: left; vertical-align: top; word-break: normal; border: 1px solid black;\">D\u00e9lai d'ex\u00e9cution :<\/td>\n<td style=\"font-family: Arial, sans-serif; font-size: 14px; overflow: hidden; padding: 10px 5px; text-align: left; vertical-align: top; word-break: normal; border: 1px solid black;\">20-25 jours<\/td>\n<\/tr>\n<\/tbody>\n<\/table>\n<p>&nbsp;<\/p>","protected":false},"featured_media":8166,"template":"","meta":[],"product_brand":[],"product_cat":[758,760],"product_tag":[],"class_list":{"0":"post-8165","1":"product","2":"type-product","3":"status-publish","4":"has-post-thumbnail","6":"product_cat-block-moulds","7":"product_cat-insulated-block-mold","9":"first","10":"instock","11":"shipping-taxable","12":"product-type-simple"},"yoast_head":"<!-- This site is optimized with the Yoast SEO plugin v24.4 - https:\/\/yoast.com\/wordpress\/plugins\/seo\/ -->\n<title>Insulating Hollow Block Moulds Supplier | Kimberly Machinery<\/title>\n<meta name=\"description\" content=\"Premium insulating hollow block molds \u2014 wear\u2011resistant, high\u2011precision, and heat\u2011treated. Compatible with global block machines.\" \/>\n<meta name=\"robots\" content=\"index, follow, max-snippet:-1, max-image-preview:large, max-video-preview:-1\" \/>\n<link rel=\"canonical\" href=\"https:\/\/www.kblmachinery.com\/fr\/high-end-insulating-hollow-block-mold-for-masa-hess-brich-machines\/\" \/>\n<meta property=\"og:locale\" content=\"fr_FR\" \/>\n<meta property=\"og:type\" content=\"article\" \/>\n<meta property=\"og:title\" content=\"Insulating Hollow Block Moulds Supplier | Kimberly Machinery\" \/>\n<meta property=\"og:description\" content=\"Premium insulating hollow block molds \u2014 wear\u2011resistant, high\u2011precision, and heat\u2011treated. Compatible with global block machines.\" \/>\n<meta property=\"og:url\" content=\"https:\/\/www.kblmachinery.com\/fr\/high-end-insulating-hollow-block-mold-for-masa-hess-brich-machines\/\" \/>\n<meta property=\"og:site_name\" content=\"Kimberly Machinery\" \/>\n<meta property=\"article:publisher\" content=\"https:\/\/www.facebook.com\/KimberlyMachinery\" \/>\n<meta property=\"article:modified_time\" content=\"2025-11-28T07:47:41+00:00\" \/>\n<meta property=\"og:image\" content=\"https:\/\/www.kblmachinery.com\/wp-content\/uploads\/2025\/11\/High-End-Insulating-Hollow-Block-Mold-for-MASA-HESS-Brich-Machines.webp\" \/>\n\t<meta property=\"og:image:width\" content=\"805\" \/>\n\t<meta property=\"og:image:height\" content=\"805\" \/>\n\t<meta property=\"og:image:type\" content=\"image\/webp\" \/>\n<meta name=\"twitter:card\" content=\"summary_large_image\" \/>\n<meta name=\"twitter:label1\" content=\"Dur\u00e9e de lecture estim\u00e9e\" \/>\n\t<meta name=\"twitter:data1\" content=\"3 minutes\" \/>\n<script type=\"application\/ld+json\" class=\"yoast-schema-graph\">{\"@context\":\"https:\/\/schema.org\",\"@graph\":[{\"@type\":\"WebPage\",\"@id\":\"https:\/\/www.kblmachinery.com\/high-end-insulating-hollow-block-mold-for-masa-hess-brich-machines\/\",\"url\":\"https:\/\/www.kblmachinery.com\/high-end-insulating-hollow-block-mold-for-masa-hess-brich-machines\/\",\"name\":\"Insulating Hollow Block Moulds Supplier | Kimberly Machinery\",\"isPartOf\":{\"@id\":\"https:\/\/www.kblmachinery.com\/#website\"},\"primaryImageOfPage\":{\"@id\":\"https:\/\/www.kblmachinery.com\/high-end-insulating-hollow-block-mold-for-masa-hess-brich-machines\/#primaryimage\"},\"image\":{\"@id\":\"https:\/\/www.kblmachinery.com\/high-end-insulating-hollow-block-mold-for-masa-hess-brich-machines\/#primaryimage\"},\"thumbnailUrl\":\"https:\/\/www.kblmachinery.com\/wp-content\/uploads\/2025\/11\/High-End-Insulating-Hollow-Block-Mold-for-MASA-HESS-Brich-Machines.webp\",\"datePublished\":\"2024-08-17T05:37:00+00:00\",\"dateModified\":\"2025-11-28T07:47:41+00:00\",\"description\":\"Premium insulating hollow block molds \u2014 wear\u2011resistant, high\u2011precision, and heat\u2011treated. Compatible with global block machines.\",\"breadcrumb\":{\"@id\":\"https:\/\/www.kblmachinery.com\/high-end-insulating-hollow-block-mold-for-masa-hess-brich-machines\/#breadcrumb\"},\"inLanguage\":\"fr-FR\",\"potentialAction\":[{\"@type\":\"ReadAction\",\"target\":[\"https:\/\/www.kblmachinery.com\/high-end-insulating-hollow-block-mold-for-masa-hess-brich-machines\/\"]}]},{\"@type\":\"ImageObject\",\"inLanguage\":\"fr-FR\",\"@id\":\"https:\/\/www.kblmachinery.com\/high-end-insulating-hollow-block-mold-for-masa-hess-brich-machines\/#primaryimage\",\"url\":\"https:\/\/www.kblmachinery.com\/wp-content\/uploads\/2025\/11\/High-End-Insulating-Hollow-Block-Mold-for-MASA-HESS-Brich-Machines.webp\",\"contentUrl\":\"https:\/\/www.kblmachinery.com\/wp-content\/uploads\/2025\/11\/High-End-Insulating-Hollow-Block-Mold-for-MASA-HESS-Brich-Machines.webp\",\"width\":805,\"height\":805,\"caption\":\"hollow block mould design\"},{\"@type\":\"BreadcrumbList\",\"@id\":\"https:\/\/www.kblmachinery.com\/high-end-insulating-hollow-block-mold-for-masa-hess-brich-machines\/#breadcrumb\",\"itemListElement\":[{\"@type\":\"ListItem\",\"position\":1,\"name\":\"Home\",\"item\":\"https:\/\/www.kblmachinery.com\/\"},{\"@type\":\"ListItem\",\"position\":2,\"name\":\"High-End Insulating Hollow Block Mold for MASA HESS Brich Machines\"}]},{\"@type\":\"WebSite\",\"@id\":\"https:\/\/www.kblmachinery.com\/#website\",\"url\":\"https:\/\/www.kblmachinery.com\/\",\"name\":\"Professional Brick\/Block Making Machine in China\",\"description\":\"Block Machine Manufacturer - Kimberly Machinery\",\"publisher\":{\"@id\":\"https:\/\/www.kblmachinery.com\/#organization\"},\"potentialAction\":[{\"@type\":\"SearchAction\",\"target\":{\"@type\":\"EntryPoint\",\"urlTemplate\":\"https:\/\/www.kblmachinery.com\/?s={search_term_string}\"},\"query-input\":{\"@type\":\"PropertyValueSpecification\",\"valueRequired\":true,\"valueName\":\"search_term_string\"}}],\"inLanguage\":\"fr-FR\"},{\"@type\":\"Organization\",\"@id\":\"https:\/\/www.kblmachinery.com\/#organization\",\"name\":\"Quanzhou Kimberly Machinery Manufacturing Co. Ltd\",\"url\":\"https:\/\/www.kblmachinery.com\/\",\"logo\":{\"@type\":\"ImageObject\",\"inLanguage\":\"fr-FR\",\"@id\":\"https:\/\/www.kblmachinery.com\/#\/schema\/logo\/image\/\",\"url\":\"https:\/\/www.kblmachinery.com\/wp-content\/uploads\/2025\/11\/cropped-logo-1-1.png\",\"contentUrl\":\"https:\/\/www.kblmachinery.com\/wp-content\/uploads\/2025\/11\/cropped-logo-1-1.png\",\"width\":123,\"height\":136,\"caption\":\"Quanzhou Kimberly Machinery Manufacturing Co. Ltd\"},\"image\":{\"@id\":\"https:\/\/www.kblmachinery.com\/#\/schema\/logo\/image\/\"},\"sameAs\":[\"https:\/\/www.facebook.com\/KimberlyMachinery\"]}]}<\/script>\n<!-- \/ Yoast SEO plugin. -->","yoast_head_json":{"title":"Insulating Hollow Block Moulds Supplier | Kimberly Machinery","description":"Premium insulating hollow block molds \u2014 wear\u2011resistant, high\u2011precision, and heat\u2011treated. Compatible with global block machines.","robots":{"index":"index","follow":"follow","max-snippet":"max-snippet:-1","max-image-preview":"max-image-preview:large","max-video-preview":"max-video-preview:-1"},"canonical":"https:\/\/www.kblmachinery.com\/fr\/high-end-insulating-hollow-block-mold-for-masa-hess-brich-machines\/","og_locale":"fr_FR","og_type":"article","og_title":"Insulating Hollow Block Moulds Supplier | Kimberly Machinery","og_description":"Premium insulating hollow block molds \u2014 wear\u2011resistant, high\u2011precision, and heat\u2011treated. Compatible with global block machines.","og_url":"https:\/\/www.kblmachinery.com\/fr\/high-end-insulating-hollow-block-mold-for-masa-hess-brich-machines\/","og_site_name":"Kimberly Machinery","article_publisher":"https:\/\/www.facebook.com\/KimberlyMachinery","article_modified_time":"2025-11-28T07:47:41+00:00","og_image":[{"width":805,"height":805,"url":"https:\/\/www.kblmachinery.com\/wp-content\/uploads\/2025\/11\/High-End-Insulating-Hollow-Block-Mold-for-MASA-HESS-Brich-Machines.webp","type":"image\/webp"}],"twitter_card":"summary_large_image","twitter_misc":{"Dur\u00e9e de lecture estim\u00e9e":"3 minutes"},"schema":{"@context":"https:\/\/schema.org","@graph":[{"@type":"WebPage","@id":"https:\/\/www.kblmachinery.com\/high-end-insulating-hollow-block-mold-for-masa-hess-brich-machines\/","url":"https:\/\/www.kblmachinery.com\/high-end-insulating-hollow-block-mold-for-masa-hess-brich-machines\/","name":"Insulating Hollow Block Moulds Supplier | Kimberly Machinery","isPartOf":{"@id":"https:\/\/www.kblmachinery.com\/#website"},"primaryImageOfPage":{"@id":"https:\/\/www.kblmachinery.com\/high-end-insulating-hollow-block-mold-for-masa-hess-brich-machines\/#primaryimage"},"image":{"@id":"https:\/\/www.kblmachinery.com\/high-end-insulating-hollow-block-mold-for-masa-hess-brich-machines\/#primaryimage"},"thumbnailUrl":"https:\/\/www.kblmachinery.com\/wp-content\/uploads\/2025\/11\/High-End-Insulating-Hollow-Block-Mold-for-MASA-HESS-Brich-Machines.webp","datePublished":"2024-08-17T05:37:00+00:00","dateModified":"2025-11-28T07:47:41+00:00","description":"Premium insulating hollow block molds \u2014 wear\u2011resistant, high\u2011precision, and heat\u2011treated. Compatible with global block machines.","breadcrumb":{"@id":"https:\/\/www.kblmachinery.com\/high-end-insulating-hollow-block-mold-for-masa-hess-brich-machines\/#breadcrumb"},"inLanguage":"fr-FR","potentialAction":[{"@type":"ReadAction","target":["https:\/\/www.kblmachinery.com\/high-end-insulating-hollow-block-mold-for-masa-hess-brich-machines\/"]}]},{"@type":"ImageObject","inLanguage":"fr-FR","@id":"https:\/\/www.kblmachinery.com\/high-end-insulating-hollow-block-mold-for-masa-hess-brich-machines\/#primaryimage","url":"https:\/\/www.kblmachinery.com\/wp-content\/uploads\/2025\/11\/High-End-Insulating-Hollow-Block-Mold-for-MASA-HESS-Brich-Machines.webp","contentUrl":"https:\/\/www.kblmachinery.com\/wp-content\/uploads\/2025\/11\/High-End-Insulating-Hollow-Block-Mold-for-MASA-HESS-Brich-Machines.webp","width":805,"height":805,"caption":"hollow block mould design"},{"@type":"BreadcrumbList","@id":"https:\/\/www.kblmachinery.com\/high-end-insulating-hollow-block-mold-for-masa-hess-brich-machines\/#breadcrumb","itemListElement":[{"@type":"ListItem","position":1,"name":"Home","item":"https:\/\/www.kblmachinery.com\/"},{"@type":"ListItem","position":2,"name":"High-End Insulating Hollow Block Mold for MASA HESS Brich Machines"}]},{"@type":"WebSite","@id":"https:\/\/www.kblmachinery.com\/#website","url":"https:\/\/www.kblmachinery.com\/","name":"Professional Brick\/Block Making Machine in China","description":"Block Machine Manufacturer - Kimberly Machinery","publisher":{"@id":"https:\/\/www.kblmachinery.com\/#organization"},"potentialAction":[{"@type":"SearchAction","target":{"@type":"EntryPoint","urlTemplate":"https:\/\/www.kblmachinery.com\/?s={search_term_string}"},"query-input":{"@type":"PropertyValueSpecification","valueRequired":true,"valueName":"search_term_string"}}],"inLanguage":"fr-FR"},{"@type":"Organization","@id":"https:\/\/www.kblmachinery.com\/#organization","name":"Quanzhou Kimberly Machinery Manufacturing Co. Ltd","url":"https:\/\/www.kblmachinery.com\/","logo":{"@type":"ImageObject","inLanguage":"fr-FR","@id":"https:\/\/www.kblmachinery.com\/#\/schema\/logo\/image\/","url":"https:\/\/www.kblmachinery.com\/wp-content\/uploads\/2025\/11\/cropped-logo-1-1.png","contentUrl":"https:\/\/www.kblmachinery.com\/wp-content\/uploads\/2025\/11\/cropped-logo-1-1.png","width":123,"height":136,"caption":"Quanzhou Kimberly Machinery Manufacturing Co. Ltd"},"image":{"@id":"https:\/\/www.kblmachinery.com\/#\/schema\/logo\/image\/"},"sameAs":["https:\/\/www.facebook.com\/KimberlyMachinery"]}]}},"_links":{"self":[{"href":"https:\/\/www.kblmachinery.com\/fr\/wp-json\/wp\/v2\/product\/8165","targetHints":{"allow":["GET"]}}],"collection":[{"href":"https:\/\/www.kblmachinery.com\/fr\/wp-json\/wp\/v2\/product"}],"about":[{"href":"https:\/\/www.kblmachinery.com\/fr\/wp-json\/wp\/v2\/types\/product"}],"wp:featuredmedia":[{"embeddable":true,"href":"https:\/\/www.kblmachinery.com\/fr\/wp-json\/wp\/v2\/media\/8166"}],"wp:attachment":[{"href":"https:\/\/www.kblmachinery.com\/fr\/wp-json\/wp\/v2\/media?parent=8165"}],"wp:term":[{"taxonomy":"product_brand","embeddable":true,"href":"https:\/\/www.kblmachinery.com\/fr\/wp-json\/wp\/v2\/product_brand?post=8165"},{"taxonomy":"product_cat","embeddable":true,"href":"https:\/\/www.kblmachinery.com\/fr\/wp-json\/wp\/v2\/product_cat?post=8165"},{"taxonomy":"product_tag","embeddable":true,"href":"https:\/\/www.kblmachinery.com\/fr\/wp-json\/wp\/v2\/product_tag?post=8165"}],"curies":[{"name":"wp","href":"https:\/\/api.w.org\/{rel}","templated":true}]}}