{"id":8176,"date":"2024-08-17T06:30:00","date_gmt":"2024-08-17T06:30:00","guid":{"rendered":"https:\/\/www.kblmachinery.com\/?post_type=product&#038;p=8176"},"modified":"2025-11-27T06:02:19","modified_gmt":"2025-11-27T06:02:19","slug":"pavingstone-mold-ceiling-block-mould-many-types-of-blocks-can-be-customized","status":"publish","type":"product","link":"https:\/\/www.kblmachinery.com\/fr\/pavingstone-mold-ceiling-block-mould-many-types-of-blocks-can-be-customized\/","title":{"rendered":"Moule pour pav\u00e9s Moule pour blocs de plafond De nombreux types de blocs peuvent \u00eatre personnalis\u00e9s"},"content":{"rendered":"<h2>Paving Stone Mold, Ceiling Block Molds &#8211; Customizable for Various Block Types<\/h2>\n<p>High-quality, customizable steel molds for paving stones and ceiling blocks, suitable for various concrete block types with precision and durability.<\/p>\n<h2>Caract\u00e9ristiques techniques de nos moules<\/h2>\n<table class=\"tg\" style=\"border-collapse: collapse; border-spacing: 0px; height: 184px;\" width=\"100%\">\n<tbody>\n<tr>\n<td style=\"font-family: Arial, sans-serif; font-size: 14px; overflow: hidden; padding: 10px 5px; text-align: left; vertical-align: top; word-break: normal; border: 1px solid black;\">Nom<\/td>\n<td style=\"font-family: Arial, sans-serif; font-size: 14px; overflow: hidden; padding: 10px 5px; text-align: left; vertical-align: top; word-break: normal; border: 1px solid black;\">moule pour pav\u00e9s<\/td>\n<td style=\"font-family: Arial, sans-serif; font-size: 14px; overflow: hidden; padding: 10px 5px; text-align: left; vertical-align: top; word-break: normal; border: 1px solid black;\">Traitement thermique<\/td>\n<td style=\"font-family: Arial, sans-serif; font-size: 14px; overflow: hidden; padding: 10px 5px; text-align: left; vertical-align: top; word-break: normal; border: 1px solid black;\">Carbonitruration 900-950<span style=\"color: #555;\">\u00b0<\/span>C<\/td>\n<\/tr>\n<tr>\n<td style=\"font-family: Arial, sans-serif; font-size: 14px; overflow: hidden; padding: 10px 5px; text-align: left; vertical-align: top; word-break: normal; border: 1px solid black;\">mati\u00e8re premi\u00e8re<\/td>\n<td style=\"font-family: Arial, sans-serif; font-size: 14px; overflow: hidden; padding: 10px 5px; text-align: left; vertical-align: top; word-break: normal; border: 1px solid black;\">acier sp\u00e9cial r\u00e9sistant \u00e0 l'usure<\/td>\n<td style=\"font-family: Arial, sans-serif; font-size: 14px; overflow: hidden; padding: 10px 5px; text-align: left; vertical-align: top; word-break: normal; border: 1px solid black;\">Duret\u00e9<\/td>\n<td style=\"font-family: Arial, sans-serif; font-size: 14px; overflow: hidden; padding: 10px 5px; text-align: left; vertical-align: top; word-break: normal; border: 1px solid black;\">60-65HRC<\/td>\n<\/tr>\n<tr>\n<td style=\"font-family: Arial, sans-serif; font-size: 14px; overflow: hidden; padding: 10px 5px; text-align: left; vertical-align: top; word-break: normal; border: 1px solid black;\">Type de bloc<\/td>\n<td style=\"font-family: Arial, sans-serif; font-size: 14px; overflow: hidden; padding: 10px 5px; text-align: left; vertical-align: top; word-break: normal; border: 1px solid black;\">Les blocs creux, les blocs \u00e0 embo\u00eetement, les pav\u00e9s et les pierres de bordure peuvent tous \u00eatre personnalis\u00e9s.<\/td>\n<td style=\"font-family: Arial, sans-serif; font-size: 14px; overflow: hidden; padding: 10px 5px; text-align: left; vertical-align: top; word-break: normal; border: 1px solid black;\">Code HS<\/td>\n<td style=\"font-family: Arial, sans-serif; font-size: 14px; overflow: hidden; padding: 10px 5px; text-align: left; vertical-align: top; word-break: normal; border: 1px solid black;\">848060<\/td>\n<\/tr>\n<tr>\n<td style=\"font-family: Arial, sans-serif; font-size: 14px; overflow: hidden; padding: 10px 5px; text-align: left; vertical-align: top; word-break: normal; border: 1px solid black;\">dur\u00e9e de vie<\/td>\n<td style=\"font-family: Arial, sans-serif; font-size: 14px; overflow: hidden; padding: 10px 5px; text-align: left; vertical-align: top; word-break: normal; border: 1px solid black;\">100000-120000 fois<\/td>\n<td style=\"font-family: Arial, sans-serif; font-size: 14px; overflow: hidden; padding: 10px 5px; text-align: left; vertical-align: top; word-break: normal; border: 1px solid black;\">Emballage<\/td>\n<td style=\"font-family: Arial, sans-serif; font-size: 14px; overflow: hidden; padding: 10px 5px; text-align: left; vertical-align: top; word-break: normal; border: 1px solid black;\">Bois + film plastique<\/td>\n<\/tr>\n<\/tbody>\n<\/table>\n<h2><img loading=\"lazy\" decoding=\"async\" class=\"alignnone  wp-image-8235\" src=\"https:\/\/www.kblmachinery.com\/wp-content\/uploads\/2025\/11\/All-kinds-of-concrete-block-molding-paving-mould-block-mold-for-sale-3.webp\" alt=\"All kinds of concrete block molding paving mould block mold for sale (2)\" width=\"528\" height=\"528\" srcset=\"https:\/\/www.kblmachinery.com\/wp-content\/uploads\/2025\/11\/All-kinds-of-concrete-block-molding-paving-mould-block-mold-for-sale-3.webp 800w, https:\/\/www.kblmachinery.com\/wp-content\/uploads\/2025\/11\/All-kinds-of-concrete-block-molding-paving-mould-block-mold-for-sale-3-100x100.webp 100w, https:\/\/www.kblmachinery.com\/wp-content\/uploads\/2025\/11\/All-kinds-of-concrete-block-molding-paving-mould-block-mold-for-sale-3-600x600.webp 600w\" sizes=\"auto, (max-width: 528px) 100vw, 528px\" \/> <img loading=\"lazy\" decoding=\"async\" class=\"alignnone  wp-image-8234\" src=\"https:\/\/www.kblmachinery.com\/wp-content\/uploads\/2025\/11\/All-kinds-of-concrete-block-molding-paving-mould-block-mold-for-sale-2.webp\" alt=\"All kinds of concrete block molding paving mould block mold for sale (2)\" width=\"529\" height=\"529\" srcset=\"https:\/\/www.kblmachinery.com\/wp-content\/uploads\/2025\/11\/All-kinds-of-concrete-block-molding-paving-mould-block-mold-for-sale-2.webp 800w, https:\/\/www.kblmachinery.com\/wp-content\/uploads\/2025\/11\/All-kinds-of-concrete-block-molding-paving-mould-block-mold-for-sale-2-100x100.webp 100w, https:\/\/www.kblmachinery.com\/wp-content\/uploads\/2025\/11\/All-kinds-of-concrete-block-molding-paving-mould-block-mold-for-sale-2-600x600.webp 600w\" sizes=\"auto, (max-width: 529px) 100vw, 529px\" \/><\/h2>\n<h2><\/h2>\n<h2>FAQ :<\/h2>\n<h3 data-start=\"45\" data-end=\"81\">How Can I Get a Quotation?<\/h3>\n<ol data-start=\"82\" data-end=\"512\">\n<li data-start=\"82\" data-end=\"186\">\n<p data-start=\"85\" data-end=\"186\">With Detailed Drawings: Send us your block drawings, and we will provide a quote based on them.<\/p>\n<\/li>\n<li data-start=\"187\" data-end=\"326\">\n<p data-start=\"190\" data-end=\"326\">Without Drawings: Tell us the block type (hollow or solid) and provide a photo with dimensions (length \u00d7 width \u00d7 thickness in mm).<\/p>\n<\/li>\n<li data-start=\"327\" data-end=\"512\">\n<p data-start=\"330\" data-end=\"512\">Additional Information: Share your pallet size, tamper head size, mold height, and explain how your mold connects to your machine. Connection drawings are helpful if available.<\/p>\n<\/li>\n<\/ol>\n<p data-start=\"514\" data-end=\"602\">Une fois que nous aurons re\u00e7u vos informations, nous pr\u00e9parerons un devis dans les plus brefs d\u00e9lais.<\/p>\n<h3 data-start=\"609\" data-end=\"645\">What Is the Delivery Time?<\/h3>\n<ul data-start=\"646\" data-end=\"759\">\n<li data-start=\"646\" data-end=\"702\">\n<p data-start=\"648\" data-end=\"702\">Moules standard : 20-25 jours ouvrables apr\u00e8s le d\u00e9p\u00f4t.<\/p>\n<\/li>\n<li data-start=\"703\" data-end=\"759\">\n<p data-start=\"705\" data-end=\"759\">Moules haut de gamme : 30-40 jours ouvrables apr\u00e8s le d\u00e9p\u00f4t<\/p>\n<\/li>\n<\/ul>\n<h3 data-start=\"766\" data-end=\"813\">How Is the Transport Packing Handled?<\/h3>\n<p data-start=\"814\" data-end=\"929\">We use wooden crates with plastic film by default, or can customize packaging according to your requirements.<\/p>\n<h3 data-start=\"936\" data-end=\"990\">Will the Mold Be Compatible with My Machine?<\/h3>\n<p data-start=\"991\" data-end=\"1122\">We manufacture molds for various block machine brands and maintain detailed records, so some molds may already suit your machine.<\/p>\n<ul data-start=\"1124\" data-end=\"1333\">\n<li data-start=\"1124\" data-end=\"1250\">\n<p data-start=\"1126\" data-end=\"1250\">If needed, you can invite an engineer to take measurements, or we can guide you to send photos and measurements digitally.<\/p>\n<\/li>\n<li data-start=\"1251\" data-end=\"1333\">\n<p data-start=\"1253\" data-end=\"1333\">After confirming sizing, the mold we send will fit your machine perfectly.<\/p>\n<\/li>\n<\/ul>\n<h3 data-start=\"1340\" data-end=\"1372\">How Can I Contact You?<\/h3>\n<p data-start=\"1373\" data-end=\"1444\">Reach us via WeChat or WhatsApp: +86-1330506196 | +86-18960287187<\/p>\n<p data-start=\"1446\" data-end=\"1481\">Nous nous r\u00e9jouissons de pouvoir vous aider !<\/p>\n<p><iframe loading=\"lazy\" title=\"Vid\u00e9o sur le fonctionnement des blocs ICF\" src=\"https:\/\/www.youtube.com\/embed\/czhs2wYoLZg\" width=\"556\" height=\"310\" frameborder=\"0\" allowfullscreen=\"allowfullscreen\"><\/iframe><\/p>\n<h2>\u00c0 propos de Kimberly Machinery<\/h2>\n<p>Notre usine a \u00e9t\u00e9 cr\u00e9\u00e9e dans les ann\u00e9es 1990 et poss\u00e8de pr\u00e8s de 30 ans d'exp\u00e9rience en mati\u00e8re de fabrication. Nous exportons depuis 2008, non seulement pour le march\u00e9 int\u00e9rieur, mais aussi pour l'\u00e9tranger.<\/p>\n<p>Ces derni\u00e8res ann\u00e9es, nous avons fourni un grand nombre de moules pour diff\u00e9rentes marques de machines \u00e0 blocs sur les march\u00e9s nationaux et \u00e9trangers, y compris MASA, HESS, ZENITH etc. marques haut de gamme avec une capacit\u00e9 de production moyenne d'environ 1 000 ensembles par an. Il existe des blocs creux, des briques poreuses, des briques pleines, des tuiles routi\u00e8res, des briques de protection des berges, des briques carr\u00e9es, des briques de quai, des briques d'isolation thermique, des briques de plantation d'herbe, etc. Les moules \u00e0 briques de forme sp\u00e9ciale peuvent \u00eatre personnalis\u00e9s en fonction des besoins de l'acheteur.<\/p>\n<p>Notre soci\u00e9t\u00e9 est une entreprise qui int\u00e8gre la recherche et le d\u00e9veloppement, la fabrication, la production et la vente. Le mat\u00e9riau du moule peut \u00eatre Q345 ou un mat\u00e9riau haut de gamme import\u00e9 d'Italie. Le temps de cycle peut \u00eatre de 80000 fois ou de 120000 fois au choix. Notre technologie de d\u00e9coupe CNC des chemises peut r\u00e9pondre efficacement aux exigences de pr\u00e9cision des moules. Apr\u00e8s la c\u00e9mentation sous vide, la duret\u00e9 peut atteindre 62 degr\u00e9s, ce qui am\u00e9liore consid\u00e9rablement la r\u00e9sistance \u00e0 l'usure du moule.<\/p>\n<p>S'appuyant sur une technologie de production avanc\u00e9e, un savoir-faire exceptionnel, une qualit\u00e9 fiable et un prix raisonnable, nos moules ont \u00e9t\u00e9 soutenus et appr\u00e9ci\u00e9s par les clients nationaux et \u00e9trangers au cours de ces derni\u00e8res ann\u00e9es.<\/p>","protected":false},"excerpt":{"rendered":"<p>Pavers are fully customizable in format, surface texture, installation pattern, and coloring. They also meet the highest standards for loading capacity, slip resistance, noise mitigation, and water infiltration.<\/p>\n<table class=\"tg\" style=\"border-collapse: collapse; border-spacing: 0;\">\n<tbody>\n<tr>\n<td style=\"font-family: Arial, sans-serif; font-size: 14px; overflow: hidden; padding: 10px 5px; text-align: left; vertical-align: top; word-break: normal; border: 1px solid black;\">Commande (MOQ) :<\/td>\n<td style=\"font-family: Arial, sans-serif; font-size: 14px; overflow: hidden; padding: 10px 5px; text-align: left; vertical-align: top; word-break: normal; border: 1px solid black;\">1 Ensemble<\/td>\n<\/tr>\n<tr>\n<td style=\"font-family: Arial, sans-serif; font-size: 14px; overflow: hidden; padding: 10px 5px; text-align: left; vertical-align: top; word-break: normal; border: 1px solid black;\">Paiement :<\/td>\n<td style=\"font-family: Arial, sans-serif; font-size: 14px; overflow: hidden; padding: 10px 5px; text-align: left; vertical-align: top; word-break: normal; border: 1px solid black;\">Paiement T\/T 100% avant exp\u00e9dition ou 100% par L\/C confirm\u00e9e et irr\u00e9vocable \u00e0 vue.<\/td>\n<\/tr>\n<tr>\n<td style=\"font-family: Arial, sans-serif; font-size: 14px; overflow: hidden; padding: 10px 5px; text-align: left; vertical-align: top; word-break: normal; border: 1px solid black;\">Origine du produit :<\/td>\n<td style=\"font-family: Arial, sans-serif; font-size: 14px; overflow: hidden; padding: 10px 5px; text-align: left; vertical-align: top; word-break: normal; border: 1px solid black;\">Quanzhou Fujian<\/td>\n<\/tr>\n<tr>\n<td style=\"font-family: Arial, sans-serif; font-size: 14px; overflow: hidden; padding: 10px 5px; text-align: left; vertical-align: top; word-break: normal; border: 1px solid black;\">Couleur :<\/td>\n<td style=\"font-family: Arial, sans-serif; font-size: 14px; overflow: hidden; padding: 10px 5px; text-align: left; vertical-align: top; word-break: normal; border: 1px solid black;\">s'adapter \u00e0 la demande<\/td>\n<\/tr>\n<tr>\n<td style=\"font-family: Arial, sans-serif; font-size: 14px; overflow: hidden; padding: 10px 5px; text-align: left; vertical-align: top; word-break: normal; border: 1px solid black;\">Port d'embarquement :<\/td>\n<td style=\"font-family: Arial, sans-serif; font-size: 14px; overflow: hidden; padding: 10px 5px; text-align: left; vertical-align: top; word-break: normal; border: 1px solid black;\">Xiamen<\/td>\n<\/tr>\n<tr>\n<td style=\"font-family: Arial, sans-serif; font-size: 14px; overflow: hidden; padding: 10px 5px; text-align: left; vertical-align: top; word-break: normal; border: 1px solid black;\">D\u00e9lai d'ex\u00e9cution :<\/td>\n<td style=\"font-family: Arial, sans-serif; font-size: 14px; overflow: hidden; padding: 10px 5px; text-align: left; vertical-align: top; word-break: normal; border: 1px solid black;\">20-25 jours<\/td>\n<\/tr>\n<\/tbody>\n<\/table>\n<p>&nbsp;<\/p>","protected":false},"featured_media":8177,"template":"","meta":[],"product_brand":[],"product_cat":[758,763],"product_tag":[],"class_list":{"0":"post-8176","1":"product","2":"type-product","3":"status-publish","4":"has-post-thumbnail","6":"product_cat-block-moulds","7":"product_cat-paving-stone-mould","9":"first","10":"instock","11":"shipping-taxable","12":"product-type-simple"},"yoast_head":"<!-- This site is optimized with the Yoast SEO plugin v24.4 - https:\/\/yoast.com\/wordpress\/plugins\/seo\/ -->\n<title>Paving Stone Mold Ceiling Block Mould Many Types of Blocks can be Customized - Kimberly Machinery<\/title>\n<meta name=\"description\" content=\"china Paving Stone Mold Ceiling Block Mould Many Types of Blocks can be Customized manufacturer provides auto concrete block machines, hydraulic press series block machines, concrete mixer, batching machine with wholesale price.\" \/>\n<meta name=\"robots\" content=\"index, follow, max-snippet:-1, max-image-preview:large, max-video-preview:-1\" \/>\n<link rel=\"canonical\" href=\"https:\/\/www.kblmachinery.com\/fr\/pavingstone-mold-ceiling-block-mould-many-types-of-blocks-can-be-customized\/\" \/>\n<meta property=\"og:locale\" content=\"fr_FR\" \/>\n<meta property=\"og:type\" content=\"article\" \/>\n<meta property=\"og:title\" content=\"Paving Stone Mold Ceiling Block Mould Many Types of Blocks can be Customized - Kimberly Machinery\" \/>\n<meta property=\"og:description\" content=\"china Paving Stone Mold Ceiling Block Mould Many Types of Blocks can be Customized manufacturer provides auto concrete block machines, hydraulic press series block machines, concrete mixer, batching machine with wholesale price.\" \/>\n<meta property=\"og:url\" content=\"https:\/\/www.kblmachinery.com\/fr\/pavingstone-mold-ceiling-block-mould-many-types-of-blocks-can-be-customized\/\" \/>\n<meta property=\"og:site_name\" content=\"Kimberly Machinery\" \/>\n<meta property=\"article:publisher\" content=\"https:\/\/www.facebook.com\/KimberlyMachinery\" \/>\n<meta property=\"article:modified_time\" content=\"2025-11-27T06:02:19+00:00\" \/>\n<meta property=\"og:image\" content=\"https:\/\/www.kblmachinery.com\/wp-content\/uploads\/2025\/11\/Pavingstone-Mold-Ceiling-Block-Mould-Many-Types-of-Blocks-can-be-Customized-1.webp\" \/>\n\t<meta property=\"og:image:width\" content=\"805\" \/>\n\t<meta property=\"og:image:height\" content=\"805\" \/>\n\t<meta property=\"og:image:type\" content=\"image\/webp\" \/>\n<meta name=\"twitter:card\" content=\"summary_large_image\" \/>\n<meta name=\"twitter:label1\" content=\"Dur\u00e9e de lecture estim\u00e9e\" \/>\n\t<meta name=\"twitter:data1\" content=\"3 minutes\" \/>\n<script type=\"application\/ld+json\" class=\"yoast-schema-graph\">{\"@context\":\"https:\/\/schema.org\",\"@graph\":[{\"@type\":\"WebPage\",\"@id\":\"https:\/\/www.kblmachinery.com\/pavingstone-mold-ceiling-block-mould-many-types-of-blocks-can-be-customized\/\",\"url\":\"https:\/\/www.kblmachinery.com\/pavingstone-mold-ceiling-block-mould-many-types-of-blocks-can-be-customized\/\",\"name\":\"Paving Stone Mold Ceiling Block Mould Many Types of Blocks can be Customized - Kimberly Machinery\",\"isPartOf\":{\"@id\":\"https:\/\/www.kblmachinery.com\/#website\"},\"primaryImageOfPage\":{\"@id\":\"https:\/\/www.kblmachinery.com\/pavingstone-mold-ceiling-block-mould-many-types-of-blocks-can-be-customized\/#primaryimage\"},\"image\":{\"@id\":\"https:\/\/www.kblmachinery.com\/pavingstone-mold-ceiling-block-mould-many-types-of-blocks-can-be-customized\/#primaryimage\"},\"thumbnailUrl\":\"https:\/\/www.kblmachinery.com\/wp-content\/uploads\/2025\/11\/Pavingstone-Mold-Ceiling-Block-Mould-Many-Types-of-Blocks-can-be-Customized-1.webp\",\"datePublished\":\"2024-08-17T06:30:00+00:00\",\"dateModified\":\"2025-11-27T06:02:19+00:00\",\"description\":\"china Paving Stone Mold Ceiling Block Mould Many Types of Blocks can be Customized manufacturer provides auto concrete block machines, hydraulic press series block machines, concrete mixer, batching machine with wholesale price.\",\"breadcrumb\":{\"@id\":\"https:\/\/www.kblmachinery.com\/pavingstone-mold-ceiling-block-mould-many-types-of-blocks-can-be-customized\/#breadcrumb\"},\"inLanguage\":\"fr-FR\",\"potentialAction\":[{\"@type\":\"ReadAction\",\"target\":[\"https:\/\/www.kblmachinery.com\/pavingstone-mold-ceiling-block-mould-many-types-of-blocks-can-be-customized\/\"]}]},{\"@type\":\"ImageObject\",\"inLanguage\":\"fr-FR\",\"@id\":\"https:\/\/www.kblmachinery.com\/pavingstone-mold-ceiling-block-mould-many-types-of-blocks-can-be-customized\/#primaryimage\",\"url\":\"https:\/\/www.kblmachinery.com\/wp-content\/uploads\/2025\/11\/Pavingstone-Mold-Ceiling-Block-Mould-Many-Types-of-Blocks-can-be-Customized-1.webp\",\"contentUrl\":\"https:\/\/www.kblmachinery.com\/wp-content\/uploads\/2025\/11\/Pavingstone-Mold-Ceiling-Block-Mould-Many-Types-of-Blocks-can-be-Customized-1.webp\",\"width\":805,\"height\":805,\"caption\":\"Pavingstone Mold Ceiling Block Mould Many Types of Blocks can be Customized\"},{\"@type\":\"BreadcrumbList\",\"@id\":\"https:\/\/www.kblmachinery.com\/pavingstone-mold-ceiling-block-mould-many-types-of-blocks-can-be-customized\/#breadcrumb\",\"itemListElement\":[{\"@type\":\"ListItem\",\"position\":1,\"name\":\"Home\",\"item\":\"https:\/\/www.kblmachinery.com\/\"},{\"@type\":\"ListItem\",\"position\":2,\"name\":\"Paving Stone Mold Ceiling Block Mould Many Types of Blocks can be Customized\"}]},{\"@type\":\"WebSite\",\"@id\":\"https:\/\/www.kblmachinery.com\/#website\",\"url\":\"https:\/\/www.kblmachinery.com\/\",\"name\":\"Professional Brick\/Block Making Machine in China\",\"description\":\"Block Machine Manufacturer - Kimberly Machinery\",\"publisher\":{\"@id\":\"https:\/\/www.kblmachinery.com\/#organization\"},\"potentialAction\":[{\"@type\":\"SearchAction\",\"target\":{\"@type\":\"EntryPoint\",\"urlTemplate\":\"https:\/\/www.kblmachinery.com\/?s={search_term_string}\"},\"query-input\":{\"@type\":\"PropertyValueSpecification\",\"valueRequired\":true,\"valueName\":\"search_term_string\"}}],\"inLanguage\":\"fr-FR\"},{\"@type\":\"Organization\",\"@id\":\"https:\/\/www.kblmachinery.com\/#organization\",\"name\":\"Quanzhou Kimberly Machinery Manufacturing Co. Ltd\",\"url\":\"https:\/\/www.kblmachinery.com\/\",\"logo\":{\"@type\":\"ImageObject\",\"inLanguage\":\"fr-FR\",\"@id\":\"https:\/\/www.kblmachinery.com\/#\/schema\/logo\/image\/\",\"url\":\"https:\/\/www.kblmachinery.com\/wp-content\/uploads\/2025\/11\/cropped-logo-1-1.png\",\"contentUrl\":\"https:\/\/www.kblmachinery.com\/wp-content\/uploads\/2025\/11\/cropped-logo-1-1.png\",\"width\":123,\"height\":136,\"caption\":\"Quanzhou Kimberly Machinery Manufacturing Co. Ltd\"},\"image\":{\"@id\":\"https:\/\/www.kblmachinery.com\/#\/schema\/logo\/image\/\"},\"sameAs\":[\"https:\/\/www.facebook.com\/KimberlyMachinery\"]}]}<\/script>\n<!-- \/ Yoast SEO plugin. -->","yoast_head_json":{"title":"Paving Stone Mold Ceiling Block Mould Many Types of Blocks can be Customized - Kimberly Machinery","description":"china Paving Stone Mold Ceiling Block Mould Many Types of Blocks can be Customized manufacturer provides auto concrete block machines, hydraulic press series block machines, concrete mixer, batching machine with wholesale price.","robots":{"index":"index","follow":"follow","max-snippet":"max-snippet:-1","max-image-preview":"max-image-preview:large","max-video-preview":"max-video-preview:-1"},"canonical":"https:\/\/www.kblmachinery.com\/fr\/pavingstone-mold-ceiling-block-mould-many-types-of-blocks-can-be-customized\/","og_locale":"fr_FR","og_type":"article","og_title":"Paving Stone Mold Ceiling Block Mould Many Types of Blocks can be Customized - Kimberly Machinery","og_description":"china Paving Stone Mold Ceiling Block Mould Many Types of Blocks can be Customized manufacturer provides auto concrete block machines, hydraulic press series block machines, concrete mixer, batching machine with wholesale price.","og_url":"https:\/\/www.kblmachinery.com\/fr\/pavingstone-mold-ceiling-block-mould-many-types-of-blocks-can-be-customized\/","og_site_name":"Kimberly Machinery","article_publisher":"https:\/\/www.facebook.com\/KimberlyMachinery","article_modified_time":"2025-11-27T06:02:19+00:00","og_image":[{"width":805,"height":805,"url":"https:\/\/www.kblmachinery.com\/wp-content\/uploads\/2025\/11\/Pavingstone-Mold-Ceiling-Block-Mould-Many-Types-of-Blocks-can-be-Customized-1.webp","type":"image\/webp"}],"twitter_card":"summary_large_image","twitter_misc":{"Dur\u00e9e de lecture estim\u00e9e":"3 minutes"},"schema":{"@context":"https:\/\/schema.org","@graph":[{"@type":"WebPage","@id":"https:\/\/www.kblmachinery.com\/pavingstone-mold-ceiling-block-mould-many-types-of-blocks-can-be-customized\/","url":"https:\/\/www.kblmachinery.com\/pavingstone-mold-ceiling-block-mould-many-types-of-blocks-can-be-customized\/","name":"Paving Stone Mold Ceiling Block Mould Many Types of Blocks can be Customized - Kimberly Machinery","isPartOf":{"@id":"https:\/\/www.kblmachinery.com\/#website"},"primaryImageOfPage":{"@id":"https:\/\/www.kblmachinery.com\/pavingstone-mold-ceiling-block-mould-many-types-of-blocks-can-be-customized\/#primaryimage"},"image":{"@id":"https:\/\/www.kblmachinery.com\/pavingstone-mold-ceiling-block-mould-many-types-of-blocks-can-be-customized\/#primaryimage"},"thumbnailUrl":"https:\/\/www.kblmachinery.com\/wp-content\/uploads\/2025\/11\/Pavingstone-Mold-Ceiling-Block-Mould-Many-Types-of-Blocks-can-be-Customized-1.webp","datePublished":"2024-08-17T06:30:00+00:00","dateModified":"2025-11-27T06:02:19+00:00","description":"china Paving Stone Mold Ceiling Block Mould Many Types of Blocks can be Customized manufacturer provides auto concrete block machines, hydraulic press series block machines, concrete mixer, batching machine with wholesale price.","breadcrumb":{"@id":"https:\/\/www.kblmachinery.com\/pavingstone-mold-ceiling-block-mould-many-types-of-blocks-can-be-customized\/#breadcrumb"},"inLanguage":"fr-FR","potentialAction":[{"@type":"ReadAction","target":["https:\/\/www.kblmachinery.com\/pavingstone-mold-ceiling-block-mould-many-types-of-blocks-can-be-customized\/"]}]},{"@type":"ImageObject","inLanguage":"fr-FR","@id":"https:\/\/www.kblmachinery.com\/pavingstone-mold-ceiling-block-mould-many-types-of-blocks-can-be-customized\/#primaryimage","url":"https:\/\/www.kblmachinery.com\/wp-content\/uploads\/2025\/11\/Pavingstone-Mold-Ceiling-Block-Mould-Many-Types-of-Blocks-can-be-Customized-1.webp","contentUrl":"https:\/\/www.kblmachinery.com\/wp-content\/uploads\/2025\/11\/Pavingstone-Mold-Ceiling-Block-Mould-Many-Types-of-Blocks-can-be-Customized-1.webp","width":805,"height":805,"caption":"Pavingstone Mold Ceiling Block Mould Many Types of Blocks can be Customized"},{"@type":"BreadcrumbList","@id":"https:\/\/www.kblmachinery.com\/pavingstone-mold-ceiling-block-mould-many-types-of-blocks-can-be-customized\/#breadcrumb","itemListElement":[{"@type":"ListItem","position":1,"name":"Home","item":"https:\/\/www.kblmachinery.com\/"},{"@type":"ListItem","position":2,"name":"Paving Stone Mold Ceiling Block Mould Many Types of Blocks can be Customized"}]},{"@type":"WebSite","@id":"https:\/\/www.kblmachinery.com\/#website","url":"https:\/\/www.kblmachinery.com\/","name":"Professional Brick\/Block Making Machine in China","description":"Block Machine Manufacturer - Kimberly Machinery","publisher":{"@id":"https:\/\/www.kblmachinery.com\/#organization"},"potentialAction":[{"@type":"SearchAction","target":{"@type":"EntryPoint","urlTemplate":"https:\/\/www.kblmachinery.com\/?s={search_term_string}"},"query-input":{"@type":"PropertyValueSpecification","valueRequired":true,"valueName":"search_term_string"}}],"inLanguage":"fr-FR"},{"@type":"Organization","@id":"https:\/\/www.kblmachinery.com\/#organization","name":"Quanzhou Kimberly Machinery Manufacturing Co. Ltd","url":"https:\/\/www.kblmachinery.com\/","logo":{"@type":"ImageObject","inLanguage":"fr-FR","@id":"https:\/\/www.kblmachinery.com\/#\/schema\/logo\/image\/","url":"https:\/\/www.kblmachinery.com\/wp-content\/uploads\/2025\/11\/cropped-logo-1-1.png","contentUrl":"https:\/\/www.kblmachinery.com\/wp-content\/uploads\/2025\/11\/cropped-logo-1-1.png","width":123,"height":136,"caption":"Quanzhou Kimberly Machinery Manufacturing Co. Ltd"},"image":{"@id":"https:\/\/www.kblmachinery.com\/#\/schema\/logo\/image\/"},"sameAs":["https:\/\/www.facebook.com\/KimberlyMachinery"]}]}},"_links":{"self":[{"href":"https:\/\/www.kblmachinery.com\/fr\/wp-json\/wp\/v2\/product\/8176","targetHints":{"allow":["GET"]}}],"collection":[{"href":"https:\/\/www.kblmachinery.com\/fr\/wp-json\/wp\/v2\/product"}],"about":[{"href":"https:\/\/www.kblmachinery.com\/fr\/wp-json\/wp\/v2\/types\/product"}],"wp:featuredmedia":[{"embeddable":true,"href":"https:\/\/www.kblmachinery.com\/fr\/wp-json\/wp\/v2\/media\/8177"}],"wp:attachment":[{"href":"https:\/\/www.kblmachinery.com\/fr\/wp-json\/wp\/v2\/media?parent=8176"}],"wp:term":[{"taxonomy":"product_brand","embeddable":true,"href":"https:\/\/www.kblmachinery.com\/fr\/wp-json\/wp\/v2\/product_brand?post=8176"},{"taxonomy":"product_cat","embeddable":true,"href":"https:\/\/www.kblmachinery.com\/fr\/wp-json\/wp\/v2\/product_cat?post=8176"},{"taxonomy":"product_tag","embeddable":true,"href":"https:\/\/www.kblmachinery.com\/fr\/wp-json\/wp\/v2\/product_tag?post=8176"}],"curies":[{"name":"wp","href":"https:\/\/api.w.org\/{rel}","templated":true}]}}